{"id":107253,"date":"2026-03-03T13:45:53","date_gmt":"2026-03-03T12:45:53","guid":{"rendered":"https:\/\/truusk.store\/product\/utomhus-soffbord-rektangulart-metall-sidobord-med-tralook-topp-100-x-55-cm-brun\/"},"modified":"2026-03-12T08:53:25","modified_gmt":"2026-03-12T07:53:25","slug":"truusk-utomhus-soffbord-rektangulart-metall-sidobord-tralook-topp-100-x-55-cm-brun","status":"publish","type":"product","link":"https:\/\/truusk.store\/sv\/produkt\/truusk-utomhus-soffbord-rektangulart-metall-sidobord-tralook-topp-100-x-55-cm-brun\/","title":{"rendered":"TRUUSK Utomhus Soffbord &#8211; Rektangul\u00e4rt &#8211; Metall Sidobord &#8211; Tr\u00e4look Topp &#8211; 100 x 55 cm &#8211; Brun"},"content":{"rendered":"<p>F\u00f6rvandla ditt utomhusomr\u00e5de med [BRAND NAME] utomhusbord, d\u00e4r funktionalitet m\u00f6ter naturlig sk\u00f6nhet. Med en gener\u00f6s 100 x 55 cm bordsskiva i tr\u00e4look, tillf\u00f6r den en touch av naturen till ditt utrymme. Den pulverlackerade st\u00e5lramen p\u00e5 soffbordet \u00e4r v\u00e4derbest\u00e4ndig och ger l\u00e5ngvarig gl\u00e4dje, medan fotdynorna skyddar dina golv fr\u00e5n repor. Ett stilfullt tillskott f\u00f6r o\u00e4ndliga sommarkv\u00e4llar!<\/p>\n<p>Beskrivning:<\/p>\n<ul>\n<li> 100 cm x 55 cm: ett rymligt f\u00f6rvaringsutrymme f\u00f6r f\u00f6rem\u00e5l i din n\u00e4rhet<\/li>\n<li> Tr\u00e4kornseffekten f\u00f6rst\u00e4rker den estetiska dragningskraften utomhus<\/li>\n<li> Pulverlackerad ram p\u00e5 tr\u00e4dg\u00e5rdsbordet motst\u00e5r v\u00e4derp\u00e5verkan och ger l\u00e5ng livsl\u00e4ngd<\/li>\n<li> Fotdynor p\u00e5 balkongbordet f\u00f6r mjukt skydd av golvet mot repor<\/li>\n<li> Maximalt 50 kg, montering kr\u00e4vs<\/li>\n<\/ul>\n<p> Tekniska data:<\/p>\n<ul>\n<li> F\u00e4rg: Brun+Svart<\/li>\n<li> Material: Metall+St\u00e5l<\/li>\n<li> Totala dimensioner: 100B x 55T x 45H cm<\/li>\n<li> B\u00e4rkapacitet: 50 kg<\/li>\n<li> Artikelnummer: 84G-987V00BN<\/li>\n<\/ul>\n<p>Ing\u00e5r i leveransen:<\/p>\n<ul>\n<li> 1 x Utomhus soffbord<\/li>\n<li> 1 x Bruksanvisning<\/li>\n<\/ul>\n","protected":false},"excerpt":{"rendered":"<p>F\u00f6rvandla ditt utomhusomr\u00e5de med [BRAND NAME] utomhusbord, d\u00e4r funktionalitet m\u00f6ter naturlig sk\u00f6nhet. Med en gener\u00f6s 100 x 55 cm bordsskiva&#8230;<\/p>\n","protected":false},"featured_media":107241,"template":"","meta":[],"product_brand":[],"product_cat":[858,457,450],"product_tag":[],"class_list":{"0":"post-107253","1":"product","2":"type-product","3":"status-publish","4":"has-post-thumbnail","6":"product_cat-tradgard-terrass","7":"product_cat-tradgardsbord","8":"product_cat-tradgardsmobler","10":"first","11":"instock","12":"sale","13":"taxable","14":"shipping-taxable","15":"purchasable","16":"product-type-simple"},"yoast_head":"<!-- This site is optimized with the Yoast SEO plugin v25.4 - https:\/\/yoast.com\/wordpress\/plugins\/seo\/ -->\n<title>TRUUSK Utomhus Soffbord - Rektangul\u00e4rt - Metall Sidobord - Tr\u00e4look Topp - 100 x 55 cm - Brun - TRUUSK - Hem, Tr\u00e4dg\u00e5rd &amp; Fritid<\/title>\n<meta name=\"robots\" content=\"index, follow, max-snippet:-1, max-image-preview:large, max-video-preview:-1\" \/>\n<link rel=\"canonical\" href=\"https:\/\/truusk.store\/sv\/produkt\/truusk-utomhus-soffbord-rektangulart-metall-sidobord-tralook-topp-100-x-55-cm-brun\/\" \/>\n<meta property=\"og:locale\" content=\"sv_SE\" \/>\n<meta property=\"og:type\" content=\"article\" \/>\n<meta property=\"og:title\" content=\"TRUUSK Utomhus Soffbord - Rektangul\u00e4rt - Metall Sidobord - Tr\u00e4look Topp - 100 x 55 cm - Brun - TRUUSK - Hem, Tr\u00e4dg\u00e5rd &amp; Fritid\" \/>\n<meta property=\"og:description\" content=\"F\u00f6rvandla ditt utomhusomr\u00e5de med [BRAND NAME] utomhusbord, d\u00e4r funktionalitet m\u00f6ter naturlig sk\u00f6nhet. Med en gener\u00f6s 100 x 55 cm bordsskiva...\" \/>\n<meta property=\"og:url\" content=\"https:\/\/truusk.store\/sv\/produkt\/truusk-utomhus-soffbord-rektangulart-metall-sidobord-tralook-topp-100-x-55-cm-brun\/\" \/>\n<meta property=\"og:site_name\" content=\"TRUUSK - Hem, Tr\u00e4dg\u00e5rd &amp; Fritid\" \/>\n<meta property=\"article:modified_time\" content=\"2026-03-12T07:53:25+00:00\" \/>\n<meta property=\"og:image\" content=\"https:\/\/i0.wp.com\/truusk.se\/wp-content\/uploads\/2026\/03\/utomhus-soffbord-rektangulart-metall-sidobord-med-tralook-topp-100-x-55-cm-brun-1.webp?fit=2000%2C2000&ssl=1\" \/>\n\t<meta property=\"og:image:width\" content=\"2000\" \/>\n\t<meta property=\"og:image:height\" content=\"2000\" \/>\n\t<meta property=\"og:image:type\" content=\"image\/webp\" \/>\n<meta name=\"twitter:card\" content=\"summary_large_image\" \/>\n<meta name=\"twitter:label1\" content=\"Ber\u00e4knad l\u00e4stid\" \/>\n\t<meta name=\"twitter:data1\" content=\"1 minut\" \/>\n<!-- \/ Yoast SEO plugin. -->","yoast_head_json":{"title":"TRUUSK Utomhus Soffbord - Rektangul\u00e4rt - Metall Sidobord - Tr\u00e4look Topp - 100 x 55 cm - Brun - TRUUSK - Hem, Tr\u00e4dg\u00e5rd &amp; Fritid","robots":{"index":"index","follow":"follow","max-snippet":"max-snippet:-1","max-image-preview":"max-image-preview:large","max-video-preview":"max-video-preview:-1"},"canonical":"https:\/\/truusk.store\/sv\/produkt\/truusk-utomhus-soffbord-rektangulart-metall-sidobord-tralook-topp-100-x-55-cm-brun\/","og_locale":"sv_SE","og_type":"article","og_title":"TRUUSK Utomhus Soffbord - Rektangul\u00e4rt - Metall Sidobord - Tr\u00e4look Topp - 100 x 55 cm - Brun - TRUUSK - Hem, Tr\u00e4dg\u00e5rd &amp; Fritid","og_description":"F\u00f6rvandla ditt utomhusomr\u00e5de med [BRAND NAME] utomhusbord, d\u00e4r funktionalitet m\u00f6ter naturlig sk\u00f6nhet. Med en gener\u00f6s 100 x 55 cm bordsskiva...","og_url":"https:\/\/truusk.store\/sv\/produkt\/truusk-utomhus-soffbord-rektangulart-metall-sidobord-tralook-topp-100-x-55-cm-brun\/","og_site_name":"TRUUSK - Hem, Tr\u00e4dg\u00e5rd &amp; Fritid","article_modified_time":"2026-03-12T07:53:25+00:00","og_image":[{"width":2000,"height":2000,"url":"https:\/\/i0.wp.com\/truusk.se\/wp-content\/uploads\/2026\/03\/utomhus-soffbord-rektangulart-metall-sidobord-med-tralook-topp-100-x-55-cm-brun-1.webp?fit=2000%2C2000&ssl=1","type":"image\/webp"}],"twitter_card":"summary_large_image","twitter_misc":{"Ber\u00e4knad l\u00e4stid":"1 minut"},"schema":{"@context":"https:\/\/schema.org","@graph":[{"@type":"WebPage","@id":"https:\/\/truusk.store\/sv\/produkt\/truusk-utomhus-soffbord-rektangulart-metall-sidobord-tralook-topp-100-x-55-cm-brun\/","url":"https:\/\/truusk.store\/sv\/produkt\/truusk-utomhus-soffbord-rektangulart-metall-sidobord-tralook-topp-100-x-55-cm-brun\/","name":"TRUUSK Utomhus Soffbord - Rektangul\u00e4rt - Metall Sidobord - Tr\u00e4look Topp - 100 x 55 cm - Brun - TRUUSK - Hem, Tr\u00e4dg\u00e5rd &amp; Fritid","isPartOf":{"@id":"https:\/\/truusk.store\/sv\/#website"},"primaryImageOfPage":{"@id":"https:\/\/truusk.store\/sv\/produkt\/truusk-utomhus-soffbord-rektangulart-metall-sidobord-tralook-topp-100-x-55-cm-brun\/#primaryimage"},"image":{"@id":"https:\/\/truusk.store\/sv\/produkt\/truusk-utomhus-soffbord-rektangulart-metall-sidobord-tralook-topp-100-x-55-cm-brun\/#primaryimage"},"thumbnailUrl":"https:\/\/i0.wp.com\/truusk.store\/wp-content\/uploads\/2026\/03\/utomhus-soffbord-rektangulart-metall-sidobord-med-tralook-topp-100-x-55-cm-brun-1.webp?fit=2000%2C2000&ssl=1","datePublished":"2026-03-03T12:45:53+00:00","dateModified":"2026-03-12T07:53:25+00:00","breadcrumb":{"@id":"https:\/\/truusk.store\/sv\/produkt\/truusk-utomhus-soffbord-rektangulart-metall-sidobord-tralook-topp-100-x-55-cm-brun\/#breadcrumb"},"inLanguage":"sv-SE","potentialAction":[{"@type":"ReadAction","target":["https:\/\/truusk.store\/sv\/produkt\/truusk-utomhus-soffbord-rektangulart-metall-sidobord-tralook-topp-100-x-55-cm-brun\/"]}]},{"@type":"ImageObject","inLanguage":"sv-SE","@id":"https:\/\/truusk.store\/sv\/produkt\/truusk-utomhus-soffbord-rektangulart-metall-sidobord-tralook-topp-100-x-55-cm-brun\/#primaryimage","url":"https:\/\/i0.wp.com\/truusk.store\/wp-content\/uploads\/2026\/03\/utomhus-soffbord-rektangulart-metall-sidobord-med-tralook-topp-100-x-55-cm-brun-1.webp?fit=2000%2C2000&ssl=1","contentUrl":"https:\/\/i0.wp.com\/truusk.store\/wp-content\/uploads\/2026\/03\/utomhus-soffbord-rektangulart-metall-sidobord-med-tralook-topp-100-x-55-cm-brun-1.webp?fit=2000%2C2000&ssl=1","width":2000,"height":2000},{"@type":"BreadcrumbList","@id":"https:\/\/truusk.store\/sv\/produkt\/truusk-utomhus-soffbord-rektangulart-metall-sidobord-tralook-topp-100-x-55-cm-brun\/#breadcrumb","itemListElement":[{"@type":"ListItem","position":1,"name":"Home","item":"https:\/\/truusk.store\/sv\/"},{"@type":"ListItem","position":2,"name":"Shop","item":"https:\/\/truusk.store\/shop\/"},{"@type":"ListItem","position":3,"name":"TRUUSK Utomhus Soffbord &#8211; Rektangul\u00e4rt &#8211; Metall Sidobord &#8211; Tr\u00e4look Topp &#8211; 100 x 55 cm &#8211; Brun"}]},{"@type":"WebSite","@id":"https:\/\/truusk.store\/sv\/#website","url":"https:\/\/truusk.store\/sv\/","name":"TRUUSK - Hem, Tr\u00e4dg\u00e5rd & Fritid","description":"","publisher":{"@id":"https:\/\/truusk.store\/sv\/#organization"},"potentialAction":[{"@type":"SearchAction","target":{"@type":"EntryPoint","urlTemplate":"https:\/\/truusk.store\/sv\/?s={search_term_string}"},"query-input":{"@type":"PropertyValueSpecification","valueRequired":true,"valueName":"search_term_string"}}],"inLanguage":"sv-SE"},{"@type":"Organization","@id":"https:\/\/truusk.store\/sv\/#organization","name":"TRUUSK - Hem, Tr\u00e4dg\u00e5rd & Fritid","url":"https:\/\/truusk.store\/sv\/","logo":{"@type":"ImageObject","inLanguage":"sv-SE","@id":"https:\/\/truusk.store\/sv\/#\/schema\/logo\/image\/","url":"https:\/\/i0.wp.com\/truusk.store\/wp-content\/uploads\/2026\/03\/cropped-TRUUSK.png?fit=2032%2C917&ssl=1","contentUrl":"https:\/\/i0.wp.com\/truusk.store\/wp-content\/uploads\/2026\/03\/cropped-TRUUSK.png?fit=2032%2C917&ssl=1","width":2032,"height":917,"caption":"TRUUSK - Hem, Tr\u00e4dg\u00e5rd & Fritid"},"image":{"@id":"https:\/\/truusk.store\/sv\/#\/schema\/logo\/image\/"}}]}},"jetpack_sharing_enabled":true,"_links":{"self":[{"href":"https:\/\/truusk.store\/sv\/wp-json\/wp\/v2\/product\/107253","targetHints":{"allow":["GET"]}}],"collection":[{"href":"https:\/\/truusk.store\/sv\/wp-json\/wp\/v2\/product"}],"about":[{"href":"https:\/\/truusk.store\/sv\/wp-json\/wp\/v2\/types\/product"}],"wp:featuredmedia":[{"embeddable":true,"href":"https:\/\/truusk.store\/sv\/wp-json\/wp\/v2\/media\/107241"}],"wp:attachment":[{"href":"https:\/\/truusk.store\/sv\/wp-json\/wp\/v2\/media?parent=107253"}],"wp:term":[{"taxonomy":"product_brand","embeddable":true,"href":"https:\/\/truusk.store\/sv\/wp-json\/wp\/v2\/product_brand?post=107253"},{"taxonomy":"product_cat","embeddable":true,"href":"https:\/\/truusk.store\/sv\/wp-json\/wp\/v2\/product_cat?post=107253"},{"taxonomy":"product_tag","embeddable":true,"href":"https:\/\/truusk.store\/sv\/wp-json\/wp\/v2\/product_tag?post=107253"}],"curies":[{"name":"wp","href":"https:\/\/api.w.org\/{rel}","templated":true}]}}