{"id":107275,"date":"2026-03-03T13:47:57","date_gmt":"2026-03-03T12:47:57","guid":{"rendered":"https:\/\/truusk.store\/product\/140-cm-skobank-i-massivt-tra-modern-hallbank-med-stoppad-sittplats-for-tva-personer-naturtra-och-kramvit\/"},"modified":"2026-03-12T08:53:28","modified_gmt":"2026-03-12T07:53:28","slug":"truusk-skobank-140-cm-i-massivt-tra-modern-hallbank-med-stoppad-sittplats-naturtra-och-kramvit-for-tva-personer","status":"publish","type":"product","link":"https:\/\/truusk.store\/sv\/produkt\/truusk-skobank-140-cm-i-massivt-tra-modern-hallbank-med-stoppad-sittplats-naturtra-och-kramvit-for-tva-personer\/","title":{"rendered":"TRUUSK Skob\u00e4nk 140 cm i massivt tr\u00e4 &#8211; Modern hallb\u00e4nk med stoppad sittplats &#8211; Naturtr\u00e4 och kr\u00e4mvit &#8211; F\u00f6r tv\u00e5 personer"},"content":{"rendered":"<p>Har du f\u00e5tt nog av kaos och ostadiga sittplatser? Den robusta skob\u00e4nken i gummitr\u00e4 fr\u00e5n [BRAND NAME] b\u00e4r 220 kg, erbjuder stabilitet och komfort tack vare tjockt skumstoppning. Den \u00f6ppna hyllan organiserar skor snyggt. Denna sittb\u00e4nk f\u00f6rvandlar hemkomsten till ett \u00f6gonblick av bekv\u00e4mlighet och ordning, skapar en harmonisk \u00f6verg\u00e5ng fr\u00e5n ytterv\u00e4rlden.<\/p>\n<p>Beskrivning:<\/p>\n<ul>\n<li> Har en \u00f6ppen hylla f\u00f6r enkel och organiserad skof\u00f6rvaring<\/li>\n<li> Tjockt 6 cm skumdyna p\u00e5 hallb\u00e4nken erbjuder \u00f6verl\u00e4gsen komfort och lindrar daglig tr\u00f6tthet<\/li>\n<li> Robust ram i gummitr\u00e4 b\u00e4r upp till 220 kg och s\u00e4kerst\u00e4ller en stabil, ostadig konstruktion<\/li>\n<li> Gener\u00f6s bredd p\u00e5 140 cm g\u00f6r att tv\u00e5 personer kan sitta bekv\u00e4mt bredvid varandra<\/li>\n<li> Skandinavisk design p\u00e5 garderobsb\u00e4nken med linne och tr\u00e4ram f\u00f6rh\u00f6jer omedelbart din heminredning<\/li>\n<li> Har filt-fotdynor p\u00e5 benen f\u00f6r att undvika repor p\u00e5 dina golv<\/li>\n<li> Montering kr\u00e4vs<\/li>\n<\/ul>\n<p> Tekniska specifikationer:<\/p>\n<ul>\n<li> F\u00e4rg: Kr\u00e4mvit+Natur<\/li>\n<li> Material: Gummitr\u00e4, linne tyg (100 % polyester), skum<\/li>\n<li> Totala dimensioner: 140B x 44T x 48H cm<\/li>\n<li> Sittstorlek: 140B x 44T x 48H cm<\/li>\n<li> M\u00e5tt p\u00e5 f\u00f6rvaringsutrymme: 130B x 34T cm<\/li>\n<li> H\u00f6jd fr\u00e5n golvet: 8 cm<\/li>\n<li> B\u00e4rkapacitet: 220 kg<\/li>\n<\/ul>\n<p>Leveransinneh\u00e5ll:<\/p>\n<ul>\n<li> 1 x Skob\u00e4nk med sittplats<\/li>\n<li> 1 x Instruktioner<\/li>\n<\/ul>\n","protected":false},"excerpt":{"rendered":"<p>Har du f\u00e5tt nog av kaos och ostadiga sittplatser? Den robusta skob\u00e4nken i gummitr\u00e4 fr\u00e5n [BRAND NAME] b\u00e4r 220 kg,&#8230;<\/p>\n","protected":false},"featured_media":107262,"template":"","meta":[],"product_brand":[],"product_cat":[893,871,539],"product_tag":[],"class_list":{"0":"post-107275","1":"product","2":"type-product","3":"status-publish","4":"has-post-thumbnail","6":"product_cat-garderob-hall","7":"product_cat-hus-hem","8":"product_cat-skobankar","10":"first","11":"instock","12":"sale","13":"taxable","14":"shipping-taxable","15":"purchasable","16":"product-type-simple"},"yoast_head":"<!-- This site is optimized with the Yoast SEO plugin v25.4 - https:\/\/yoast.com\/wordpress\/plugins\/seo\/ -->\n<title>TRUUSK Skob\u00e4nk 140 cm i massivt tr\u00e4 - Modern hallb\u00e4nk med stoppad sittplats - Naturtr\u00e4 och kr\u00e4mvit - F\u00f6r tv\u00e5 personer - TRUUSK - Hem, Tr\u00e4dg\u00e5rd &amp; Fritid<\/title>\n<meta name=\"robots\" content=\"index, follow, max-snippet:-1, max-image-preview:large, max-video-preview:-1\" \/>\n<link rel=\"canonical\" href=\"https:\/\/truusk.store\/sv\/produkt\/truusk-skobank-140-cm-i-massivt-tra-modern-hallbank-med-stoppad-sittplats-naturtra-och-kramvit-for-tva-personer\/\" \/>\n<meta property=\"og:locale\" content=\"sv_SE\" \/>\n<meta property=\"og:type\" content=\"article\" \/>\n<meta property=\"og:title\" content=\"TRUUSK Skob\u00e4nk 140 cm i massivt tr\u00e4 - Modern hallb\u00e4nk med stoppad sittplats - Naturtr\u00e4 och kr\u00e4mvit - F\u00f6r tv\u00e5 personer - TRUUSK - Hem, Tr\u00e4dg\u00e5rd &amp; Fritid\" \/>\n<meta property=\"og:description\" content=\"Har du f\u00e5tt nog av kaos och ostadiga sittplatser? Den robusta skob\u00e4nken i gummitr\u00e4 fr\u00e5n [BRAND NAME] b\u00e4r 220 kg,...\" \/>\n<meta property=\"og:url\" content=\"https:\/\/truusk.store\/sv\/produkt\/truusk-skobank-140-cm-i-massivt-tra-modern-hallbank-med-stoppad-sittplats-naturtra-och-kramvit-for-tva-personer\/\" \/>\n<meta property=\"og:site_name\" content=\"TRUUSK - Hem, Tr\u00e4dg\u00e5rd &amp; Fritid\" \/>\n<meta property=\"article:modified_time\" content=\"2026-03-12T07:53:28+00:00\" \/>\n<meta property=\"og:image\" content=\"https:\/\/i0.wp.com\/truusk.se\/wp-content\/uploads\/2026\/03\/140-cm-skobank-i-massivt-tra-modern-hallbank-med-stoppad-sittplats-for-tva-personer-naturtra-och-kramvit-1.webp?fit=2000%2C2000&ssl=1\" \/>\n\t<meta property=\"og:image:width\" content=\"2000\" \/>\n\t<meta property=\"og:image:height\" content=\"2000\" \/>\n\t<meta property=\"og:image:type\" content=\"image\/webp\" \/>\n<meta name=\"twitter:card\" content=\"summary_large_image\" \/>\n<meta name=\"twitter:label1\" content=\"Ber\u00e4knad l\u00e4stid\" \/>\n\t<meta name=\"twitter:data1\" content=\"1 minut\" \/>\n<!-- \/ Yoast SEO plugin. -->","yoast_head_json":{"title":"TRUUSK Skob\u00e4nk 140 cm i massivt tr\u00e4 - Modern hallb\u00e4nk med stoppad sittplats - Naturtr\u00e4 och kr\u00e4mvit - F\u00f6r tv\u00e5 personer - TRUUSK - Hem, Tr\u00e4dg\u00e5rd &amp; Fritid","robots":{"index":"index","follow":"follow","max-snippet":"max-snippet:-1","max-image-preview":"max-image-preview:large","max-video-preview":"max-video-preview:-1"},"canonical":"https:\/\/truusk.store\/sv\/produkt\/truusk-skobank-140-cm-i-massivt-tra-modern-hallbank-med-stoppad-sittplats-naturtra-och-kramvit-for-tva-personer\/","og_locale":"sv_SE","og_type":"article","og_title":"TRUUSK Skob\u00e4nk 140 cm i massivt tr\u00e4 - Modern hallb\u00e4nk med stoppad sittplats - Naturtr\u00e4 och kr\u00e4mvit - F\u00f6r tv\u00e5 personer - TRUUSK - Hem, Tr\u00e4dg\u00e5rd &amp; Fritid","og_description":"Har du f\u00e5tt nog av kaos och ostadiga sittplatser? Den robusta skob\u00e4nken i gummitr\u00e4 fr\u00e5n [BRAND NAME] b\u00e4r 220 kg,...","og_url":"https:\/\/truusk.store\/sv\/produkt\/truusk-skobank-140-cm-i-massivt-tra-modern-hallbank-med-stoppad-sittplats-naturtra-och-kramvit-for-tva-personer\/","og_site_name":"TRUUSK - Hem, Tr\u00e4dg\u00e5rd &amp; Fritid","article_modified_time":"2026-03-12T07:53:28+00:00","og_image":[{"width":2000,"height":2000,"url":"https:\/\/i0.wp.com\/truusk.se\/wp-content\/uploads\/2026\/03\/140-cm-skobank-i-massivt-tra-modern-hallbank-med-stoppad-sittplats-for-tva-personer-naturtra-och-kramvit-1.webp?fit=2000%2C2000&ssl=1","type":"image\/webp"}],"twitter_card":"summary_large_image","twitter_misc":{"Ber\u00e4knad l\u00e4stid":"1 minut"},"schema":{"@context":"https:\/\/schema.org","@graph":[{"@type":"WebPage","@id":"https:\/\/truusk.store\/sv\/produkt\/truusk-skobank-140-cm-i-massivt-tra-modern-hallbank-med-stoppad-sittplats-naturtra-och-kramvit-for-tva-personer\/","url":"https:\/\/truusk.store\/sv\/produkt\/truusk-skobank-140-cm-i-massivt-tra-modern-hallbank-med-stoppad-sittplats-naturtra-och-kramvit-for-tva-personer\/","name":"TRUUSK Skob\u00e4nk 140 cm i massivt tr\u00e4 - Modern hallb\u00e4nk med stoppad sittplats - Naturtr\u00e4 och kr\u00e4mvit - F\u00f6r tv\u00e5 personer - TRUUSK - Hem, Tr\u00e4dg\u00e5rd &amp; Fritid","isPartOf":{"@id":"https:\/\/truusk.store\/sv\/#website"},"primaryImageOfPage":{"@id":"https:\/\/truusk.store\/sv\/produkt\/truusk-skobank-140-cm-i-massivt-tra-modern-hallbank-med-stoppad-sittplats-naturtra-och-kramvit-for-tva-personer\/#primaryimage"},"image":{"@id":"https:\/\/truusk.store\/sv\/produkt\/truusk-skobank-140-cm-i-massivt-tra-modern-hallbank-med-stoppad-sittplats-naturtra-och-kramvit-for-tva-personer\/#primaryimage"},"thumbnailUrl":"https:\/\/i0.wp.com\/truusk.store\/wp-content\/uploads\/2026\/03\/140-cm-skobank-i-massivt-tra-modern-hallbank-med-stoppad-sittplats-for-tva-personer-naturtra-och-kramvit-1.webp?fit=2000%2C2000&ssl=1","datePublished":"2026-03-03T12:47:57+00:00","dateModified":"2026-03-12T07:53:28+00:00","breadcrumb":{"@id":"https:\/\/truusk.store\/sv\/produkt\/truusk-skobank-140-cm-i-massivt-tra-modern-hallbank-med-stoppad-sittplats-naturtra-och-kramvit-for-tva-personer\/#breadcrumb"},"inLanguage":"sv-SE","potentialAction":[{"@type":"ReadAction","target":["https:\/\/truusk.store\/sv\/produkt\/truusk-skobank-140-cm-i-massivt-tra-modern-hallbank-med-stoppad-sittplats-naturtra-och-kramvit-for-tva-personer\/"]}]},{"@type":"ImageObject","inLanguage":"sv-SE","@id":"https:\/\/truusk.store\/sv\/produkt\/truusk-skobank-140-cm-i-massivt-tra-modern-hallbank-med-stoppad-sittplats-naturtra-och-kramvit-for-tva-personer\/#primaryimage","url":"https:\/\/i0.wp.com\/truusk.store\/wp-content\/uploads\/2026\/03\/140-cm-skobank-i-massivt-tra-modern-hallbank-med-stoppad-sittplats-for-tva-personer-naturtra-och-kramvit-1.webp?fit=2000%2C2000&ssl=1","contentUrl":"https:\/\/i0.wp.com\/truusk.store\/wp-content\/uploads\/2026\/03\/140-cm-skobank-i-massivt-tra-modern-hallbank-med-stoppad-sittplats-for-tva-personer-naturtra-och-kramvit-1.webp?fit=2000%2C2000&ssl=1","width":2000,"height":2000},{"@type":"BreadcrumbList","@id":"https:\/\/truusk.store\/sv\/produkt\/truusk-skobank-140-cm-i-massivt-tra-modern-hallbank-med-stoppad-sittplats-naturtra-och-kramvit-for-tva-personer\/#breadcrumb","itemListElement":[{"@type":"ListItem","position":1,"name":"Home","item":"https:\/\/truusk.store\/sv\/"},{"@type":"ListItem","position":2,"name":"Shop","item":"https:\/\/truusk.store\/shop\/"},{"@type":"ListItem","position":3,"name":"TRUUSK Skob\u00e4nk 140 cm i massivt tr\u00e4 &#8211; Modern hallb\u00e4nk med stoppad sittplats &#8211; Naturtr\u00e4 och kr\u00e4mvit &#8211; F\u00f6r tv\u00e5 personer"}]},{"@type":"WebSite","@id":"https:\/\/truusk.store\/sv\/#website","url":"https:\/\/truusk.store\/sv\/","name":"TRUUSK - Hem, Tr\u00e4dg\u00e5rd & Fritid","description":"","publisher":{"@id":"https:\/\/truusk.store\/sv\/#organization"},"potentialAction":[{"@type":"SearchAction","target":{"@type":"EntryPoint","urlTemplate":"https:\/\/truusk.store\/sv\/?s={search_term_string}"},"query-input":{"@type":"PropertyValueSpecification","valueRequired":true,"valueName":"search_term_string"}}],"inLanguage":"sv-SE"},{"@type":"Organization","@id":"https:\/\/truusk.store\/sv\/#organization","name":"TRUUSK - Hem, Tr\u00e4dg\u00e5rd & Fritid","url":"https:\/\/truusk.store\/sv\/","logo":{"@type":"ImageObject","inLanguage":"sv-SE","@id":"https:\/\/truusk.store\/sv\/#\/schema\/logo\/image\/","url":"https:\/\/i0.wp.com\/truusk.store\/wp-content\/uploads\/2026\/03\/cropped-TRUUSK.png?fit=2032%2C917&ssl=1","contentUrl":"https:\/\/i0.wp.com\/truusk.store\/wp-content\/uploads\/2026\/03\/cropped-TRUUSK.png?fit=2032%2C917&ssl=1","width":2032,"height":917,"caption":"TRUUSK - Hem, Tr\u00e4dg\u00e5rd & Fritid"},"image":{"@id":"https:\/\/truusk.store\/sv\/#\/schema\/logo\/image\/"}}]}},"jetpack_sharing_enabled":true,"_links":{"self":[{"href":"https:\/\/truusk.store\/sv\/wp-json\/wp\/v2\/product\/107275","targetHints":{"allow":["GET"]}}],"collection":[{"href":"https:\/\/truusk.store\/sv\/wp-json\/wp\/v2\/product"}],"about":[{"href":"https:\/\/truusk.store\/sv\/wp-json\/wp\/v2\/types\/product"}],"wp:featuredmedia":[{"embeddable":true,"href":"https:\/\/truusk.store\/sv\/wp-json\/wp\/v2\/media\/107262"}],"wp:attachment":[{"href":"https:\/\/truusk.store\/sv\/wp-json\/wp\/v2\/media?parent=107275"}],"wp:term":[{"taxonomy":"product_brand","embeddable":true,"href":"https:\/\/truusk.store\/sv\/wp-json\/wp\/v2\/product_brand?post=107275"},{"taxonomy":"product_cat","embeddable":true,"href":"https:\/\/truusk.store\/sv\/wp-json\/wp\/v2\/product_cat?post=107275"},{"taxonomy":"product_tag","embeddable":true,"href":"https:\/\/truusk.store\/sv\/wp-json\/wp\/v2\/product_tag?post=107275"}],"curies":[{"name":"wp","href":"https:\/\/api.w.org\/{rel}","templated":true}]}}