{"id":107293,"date":"2026-03-03T13:49:46","date_gmt":"2026-03-03T12:49:46","guid":{"rendered":"https:\/\/truusk.store\/product\/tradgardsbank-3-sits-vadertalig-trabank-med-ryggstod-armstod-tra-sittbank-360-kg-belastningsbar-teak\/"},"modified":"2026-03-12T08:53:29","modified_gmt":"2026-03-12T07:53:29","slug":"truusk-tradgardsbank-3-sits-vadertalig-med-ryggstod-och-armstod-360-kg-belastningsbar-teak","status":"publish","type":"product","link":"https:\/\/truusk.store\/sv\/produkt\/truusk-tradgardsbank-3-sits-vadertalig-med-ryggstod-och-armstod-360-kg-belastningsbar-teak\/","title":{"rendered":"TRUUSK Tr\u00e4dg\u00e5rdsb\u00e4nk 3-sits &#8211; V\u00e4dert\u00e5lig &#8211; Med Ryggst\u00f6d och Armst\u00f6d &#8211; 360 Kg Belastningsbar &#8211; Teak"},"content":{"rendered":"<p>Att hitta en stabil och personlig plats i tr\u00e4dg\u00e5rden kan ofta vara sv\u00e5rt. M\u00e5nga b\u00e4nkar verkar os\u00e4kra eller ol\u00e4mpliga. [BRAND NAME] tr\u00e4dg\u00e5rdsb\u00e4nk i robust grantr\u00e4 b\u00e4r upp till 360 kg, rymmer tre personer och har en yta som kan lackeras. Sittb\u00e4nken skapar en s\u00e4ker tillflyktsort och blir en mysig mittpunkt i din utomhusmilj\u00f6.<\/p>\n<p>Beskrivning:<\/p>\n<ul>\n<li> Tillverkad av en stabil grantr\u00e4konstruktion med en b\u00e4rkapacitet p\u00e5 360 kg<\/li>\n<li> Den rymliga 158 cm breda s\u00e4tet erbjuder tillr\u00e4ckligt med utrymme f\u00f6r tre personer att bekv\u00e4mt koppla av<\/li>\n<li> Med en ytbehandlad yta som \u00e4r redo att bli individuellt m\u00e5lad och personifierad av dig<\/li>\n<li> Tillverkad av FSC-certifierat grantr\u00e4 f\u00f6r ett h\u00e5llbart val<\/li>\n<li> Denna tr\u00e4dg\u00e5rdsb\u00e4nk \u00e4r lackerad i teakf\u00e4rg f\u00f6r ett klassiskt utseende<\/li>\n<li> Med sin m\u00e5ngsidiga design passar den f\u00f6r din uteplats, parken eller framsidan av huset<\/li>\n<li> Montering kr\u00e4vs<\/li>\n<\/ul>\n<p> Tekniska specifikationer:<\/p>\n<ul>\n<li> F\u00e4rg: Teak<\/li>\n<li> Material: Grantr\u00e4<\/li>\n<li> B\u00e4nkdimensioner: 167B x 57D x 93H cm<\/li>\n<li> Sitsstorlek: 158B x 40D cm<\/li>\n<li> Sitth\u00f6jd: 44H cm<\/li>\n<li> Ryggst\u00f6d: 167B x 48H cm<\/li>\n<li> Armst\u00f6dsh\u00f6jd till sits: 27 cm<\/li>\n<li> B\u00e4rkapacitet: 360 kg<\/li>\n<\/ul>\n<p>Leverans inneh\u00e5ller:<\/p>\n<ul>\n<li> 1 x Tr\u00e4dg\u00e5rdsb\u00e4nk<\/li>\n<li> 1 x Instruktioner<\/li>\n<\/ul>\n","protected":false},"excerpt":{"rendered":"<p>Att hitta en stabil och personlig plats i tr\u00e4dg\u00e5rden kan ofta vara sv\u00e5rt. M\u00e5nga b\u00e4nkar verkar os\u00e4kra eller ol\u00e4mpliga. [BRAND&#8230;<\/p>\n","protected":false},"featured_media":107281,"template":"","meta":[],"product_brand":[],"product_cat":[858,454,450],"product_tag":[],"class_list":{"0":"post-107293","1":"product","2":"type-product","3":"status-publish","4":"has-post-thumbnail","6":"product_cat-tradgard-terrass","7":"product_cat-tradgardsbankar","8":"product_cat-tradgardsmobler","10":"first","11":"instock","12":"sale","13":"taxable","14":"shipping-taxable","15":"purchasable","16":"product-type-simple"},"yoast_head":"<!-- This site is optimized with the Yoast SEO plugin v25.4 - https:\/\/yoast.com\/wordpress\/plugins\/seo\/ -->\n<title>TRUUSK Tr\u00e4dg\u00e5rdsb\u00e4nk 3-sits - V\u00e4dert\u00e5lig - Med Ryggst\u00f6d och Armst\u00f6d - 360 Kg Belastningsbar - Teak - TRUUSK - Hem, Tr\u00e4dg\u00e5rd &amp; Fritid<\/title>\n<meta name=\"robots\" content=\"index, follow, max-snippet:-1, max-image-preview:large, max-video-preview:-1\" \/>\n<link rel=\"canonical\" href=\"https:\/\/truusk.store\/sv\/produkt\/truusk-tradgardsbank-3-sits-vadertalig-med-ryggstod-och-armstod-360-kg-belastningsbar-teak\/\" \/>\n<meta property=\"og:locale\" content=\"sv_SE\" \/>\n<meta property=\"og:type\" content=\"article\" \/>\n<meta property=\"og:title\" content=\"TRUUSK Tr\u00e4dg\u00e5rdsb\u00e4nk 3-sits - V\u00e4dert\u00e5lig - Med Ryggst\u00f6d och Armst\u00f6d - 360 Kg Belastningsbar - Teak - TRUUSK - Hem, Tr\u00e4dg\u00e5rd &amp; Fritid\" \/>\n<meta property=\"og:description\" content=\"Att hitta en stabil och personlig plats i tr\u00e4dg\u00e5rden kan ofta vara sv\u00e5rt. M\u00e5nga b\u00e4nkar verkar os\u00e4kra eller ol\u00e4mpliga. [BRAND...\" \/>\n<meta property=\"og:url\" content=\"https:\/\/truusk.store\/sv\/produkt\/truusk-tradgardsbank-3-sits-vadertalig-med-ryggstod-och-armstod-360-kg-belastningsbar-teak\/\" \/>\n<meta property=\"og:site_name\" content=\"TRUUSK - Hem, Tr\u00e4dg\u00e5rd &amp; Fritid\" \/>\n<meta property=\"article:modified_time\" content=\"2026-03-12T07:53:29+00:00\" \/>\n<meta property=\"og:image\" content=\"https:\/\/i0.wp.com\/truusk.se\/wp-content\/uploads\/2026\/03\/tradgardsbank-3-sits-vadertalig-trabank-med-ryggstod-armstod-tra-sittbank-360-kg-belastningsbar-teak-1.webp?fit=2000%2C2000&ssl=1\" \/>\n\t<meta property=\"og:image:width\" content=\"2000\" \/>\n\t<meta property=\"og:image:height\" content=\"2000\" \/>\n\t<meta property=\"og:image:type\" content=\"image\/webp\" \/>\n<meta name=\"twitter:card\" content=\"summary_large_image\" \/>\n<meta name=\"twitter:label1\" content=\"Ber\u00e4knad l\u00e4stid\" \/>\n\t<meta name=\"twitter:data1\" content=\"1 minut\" \/>\n<!-- \/ Yoast SEO plugin. -->","yoast_head_json":{"title":"TRUUSK Tr\u00e4dg\u00e5rdsb\u00e4nk 3-sits - V\u00e4dert\u00e5lig - Med Ryggst\u00f6d och Armst\u00f6d - 360 Kg Belastningsbar - Teak - TRUUSK - Hem, Tr\u00e4dg\u00e5rd &amp; Fritid","robots":{"index":"index","follow":"follow","max-snippet":"max-snippet:-1","max-image-preview":"max-image-preview:large","max-video-preview":"max-video-preview:-1"},"canonical":"https:\/\/truusk.store\/sv\/produkt\/truusk-tradgardsbank-3-sits-vadertalig-med-ryggstod-och-armstod-360-kg-belastningsbar-teak\/","og_locale":"sv_SE","og_type":"article","og_title":"TRUUSK Tr\u00e4dg\u00e5rdsb\u00e4nk 3-sits - V\u00e4dert\u00e5lig - Med Ryggst\u00f6d och Armst\u00f6d - 360 Kg Belastningsbar - Teak - TRUUSK - Hem, Tr\u00e4dg\u00e5rd &amp; Fritid","og_description":"Att hitta en stabil och personlig plats i tr\u00e4dg\u00e5rden kan ofta vara sv\u00e5rt. M\u00e5nga b\u00e4nkar verkar os\u00e4kra eller ol\u00e4mpliga. [BRAND...","og_url":"https:\/\/truusk.store\/sv\/produkt\/truusk-tradgardsbank-3-sits-vadertalig-med-ryggstod-och-armstod-360-kg-belastningsbar-teak\/","og_site_name":"TRUUSK - Hem, Tr\u00e4dg\u00e5rd &amp; Fritid","article_modified_time":"2026-03-12T07:53:29+00:00","og_image":[{"width":2000,"height":2000,"url":"https:\/\/i0.wp.com\/truusk.se\/wp-content\/uploads\/2026\/03\/tradgardsbank-3-sits-vadertalig-trabank-med-ryggstod-armstod-tra-sittbank-360-kg-belastningsbar-teak-1.webp?fit=2000%2C2000&ssl=1","type":"image\/webp"}],"twitter_card":"summary_large_image","twitter_misc":{"Ber\u00e4knad l\u00e4stid":"1 minut"},"schema":{"@context":"https:\/\/schema.org","@graph":[{"@type":"WebPage","@id":"https:\/\/truusk.store\/sv\/produkt\/truusk-tradgardsbank-3-sits-vadertalig-med-ryggstod-och-armstod-360-kg-belastningsbar-teak\/","url":"https:\/\/truusk.store\/sv\/produkt\/truusk-tradgardsbank-3-sits-vadertalig-med-ryggstod-och-armstod-360-kg-belastningsbar-teak\/","name":"TRUUSK Tr\u00e4dg\u00e5rdsb\u00e4nk 3-sits - V\u00e4dert\u00e5lig - Med Ryggst\u00f6d och Armst\u00f6d - 360 Kg Belastningsbar - Teak - TRUUSK - Hem, Tr\u00e4dg\u00e5rd &amp; Fritid","isPartOf":{"@id":"https:\/\/truusk.store\/sv\/#website"},"primaryImageOfPage":{"@id":"https:\/\/truusk.store\/sv\/produkt\/truusk-tradgardsbank-3-sits-vadertalig-med-ryggstod-och-armstod-360-kg-belastningsbar-teak\/#primaryimage"},"image":{"@id":"https:\/\/truusk.store\/sv\/produkt\/truusk-tradgardsbank-3-sits-vadertalig-med-ryggstod-och-armstod-360-kg-belastningsbar-teak\/#primaryimage"},"thumbnailUrl":"https:\/\/i0.wp.com\/truusk.store\/wp-content\/uploads\/2026\/03\/tradgardsbank-3-sits-vadertalig-trabank-med-ryggstod-armstod-tra-sittbank-360-kg-belastningsbar-teak-1.webp?fit=2000%2C2000&ssl=1","datePublished":"2026-03-03T12:49:46+00:00","dateModified":"2026-03-12T07:53:29+00:00","breadcrumb":{"@id":"https:\/\/truusk.store\/sv\/produkt\/truusk-tradgardsbank-3-sits-vadertalig-med-ryggstod-och-armstod-360-kg-belastningsbar-teak\/#breadcrumb"},"inLanguage":"sv-SE","potentialAction":[{"@type":"ReadAction","target":["https:\/\/truusk.store\/sv\/produkt\/truusk-tradgardsbank-3-sits-vadertalig-med-ryggstod-och-armstod-360-kg-belastningsbar-teak\/"]}]},{"@type":"ImageObject","inLanguage":"sv-SE","@id":"https:\/\/truusk.store\/sv\/produkt\/truusk-tradgardsbank-3-sits-vadertalig-med-ryggstod-och-armstod-360-kg-belastningsbar-teak\/#primaryimage","url":"https:\/\/i0.wp.com\/truusk.store\/wp-content\/uploads\/2026\/03\/tradgardsbank-3-sits-vadertalig-trabank-med-ryggstod-armstod-tra-sittbank-360-kg-belastningsbar-teak-1.webp?fit=2000%2C2000&ssl=1","contentUrl":"https:\/\/i0.wp.com\/truusk.store\/wp-content\/uploads\/2026\/03\/tradgardsbank-3-sits-vadertalig-trabank-med-ryggstod-armstod-tra-sittbank-360-kg-belastningsbar-teak-1.webp?fit=2000%2C2000&ssl=1","width":2000,"height":2000},{"@type":"BreadcrumbList","@id":"https:\/\/truusk.store\/sv\/produkt\/truusk-tradgardsbank-3-sits-vadertalig-med-ryggstod-och-armstod-360-kg-belastningsbar-teak\/#breadcrumb","itemListElement":[{"@type":"ListItem","position":1,"name":"Home","item":"https:\/\/truusk.store\/sv\/"},{"@type":"ListItem","position":2,"name":"Shop","item":"https:\/\/truusk.store\/shop\/"},{"@type":"ListItem","position":3,"name":"TRUUSK Tr\u00e4dg\u00e5rdsb\u00e4nk 3-sits &#8211; V\u00e4dert\u00e5lig &#8211; Med Ryggst\u00f6d och Armst\u00f6d &#8211; 360 Kg Belastningsbar &#8211; Teak"}]},{"@type":"WebSite","@id":"https:\/\/truusk.store\/sv\/#website","url":"https:\/\/truusk.store\/sv\/","name":"TRUUSK - Hem, Tr\u00e4dg\u00e5rd & Fritid","description":"","publisher":{"@id":"https:\/\/truusk.store\/sv\/#organization"},"potentialAction":[{"@type":"SearchAction","target":{"@type":"EntryPoint","urlTemplate":"https:\/\/truusk.store\/sv\/?s={search_term_string}"},"query-input":{"@type":"PropertyValueSpecification","valueRequired":true,"valueName":"search_term_string"}}],"inLanguage":"sv-SE"},{"@type":"Organization","@id":"https:\/\/truusk.store\/sv\/#organization","name":"TRUUSK - Hem, Tr\u00e4dg\u00e5rd & Fritid","url":"https:\/\/truusk.store\/sv\/","logo":{"@type":"ImageObject","inLanguage":"sv-SE","@id":"https:\/\/truusk.store\/sv\/#\/schema\/logo\/image\/","url":"https:\/\/i0.wp.com\/truusk.store\/wp-content\/uploads\/2026\/03\/cropped-TRUUSK.png?fit=2032%2C917&ssl=1","contentUrl":"https:\/\/i0.wp.com\/truusk.store\/wp-content\/uploads\/2026\/03\/cropped-TRUUSK.png?fit=2032%2C917&ssl=1","width":2032,"height":917,"caption":"TRUUSK - Hem, Tr\u00e4dg\u00e5rd & Fritid"},"image":{"@id":"https:\/\/truusk.store\/sv\/#\/schema\/logo\/image\/"}}]}},"jetpack_sharing_enabled":true,"_links":{"self":[{"href":"https:\/\/truusk.store\/sv\/wp-json\/wp\/v2\/product\/107293","targetHints":{"allow":["GET"]}}],"collection":[{"href":"https:\/\/truusk.store\/sv\/wp-json\/wp\/v2\/product"}],"about":[{"href":"https:\/\/truusk.store\/sv\/wp-json\/wp\/v2\/types\/product"}],"wp:featuredmedia":[{"embeddable":true,"href":"https:\/\/truusk.store\/sv\/wp-json\/wp\/v2\/media\/107281"}],"wp:attachment":[{"href":"https:\/\/truusk.store\/sv\/wp-json\/wp\/v2\/media?parent=107293"}],"wp:term":[{"taxonomy":"product_brand","embeddable":true,"href":"https:\/\/truusk.store\/sv\/wp-json\/wp\/v2\/product_brand?post=107293"},{"taxonomy":"product_cat","embeddable":true,"href":"https:\/\/truusk.store\/sv\/wp-json\/wp\/v2\/product_cat?post=107293"},{"taxonomy":"product_tag","embeddable":true,"href":"https:\/\/truusk.store\/sv\/wp-json\/wp\/v2\/product_tag?post=107293"}],"curies":[{"name":"wp","href":"https:\/\/api.w.org\/{rel}","templated":true}]}}