{"id":107303,"date":"2026-03-03T13:50:51","date_gmt":"2026-03-03T12:50:51","guid":{"rendered":"https:\/\/truusk.store\/product\/2-sits-vaderbestandig-tradgardsbank-i-tra-parkbank-med-x-bas-240kg-belastningskapacitet-114-x-40-x-46-cm-kolbrand\/"},"modified":"2026-03-12T08:53:31","modified_gmt":"2026-03-12T07:53:31","slug":"truusk-2-sits-tradgardsbank-i-tra-vaderbestandig-x-bas-240kg-belastningskapacitet-114-x-40-x-46-cm-kolbrand","status":"publish","type":"product","link":"https:\/\/truusk.store\/sv\/produkt\/truusk-2-sits-tradgardsbank-i-tra-vaderbestandig-x-bas-240kg-belastningskapacitet-114-x-40-x-46-cm-kolbrand\/","title":{"rendered":"TRUUSK 2-sits Tr\u00e4dg\u00e5rdsb\u00e4nk I Tr\u00e4 &#8211; V\u00e4derbest\u00e4ndig &#8211; X-bas &#8211; 240kg Belastningskapacitet &#8211; 114 x 40 x 46 cm &#8211; Kolbr\u00e4nd"},"content":{"rendered":"<p>St\u00f6rd av ostabila utem\u00f6bler som varken erbjuder stil eller komfort? En vacklande tr\u00e4dg\u00e5rdsb\u00e4nk som knappt har plats f\u00f6r en person \u00e4r knappast inbjudande. [BRAND NAME] utomhus tr\u00e4b\u00e4nk \u00e4r l\u00f6sningen: Stabilt, rymligt design i massivt grantr\u00e4 med karbonisering och lackering. Denna rustika m\u00f6bel f\u00f6rvandlar terrass, veranda eller tr\u00e4dg\u00e5rd till en mysig m\u00f6tesplats f\u00f6r avkopplande timmar.<\/p>\n<p>Beskrivning:<\/p>\n<ul>\n<li> Tr\u00e4dg\u00e5rdsb\u00e4nk i 100 % massivt grantr\u00e4 ger din tr\u00e4dg\u00e5rd naturlig elegans<\/li>\n<li> Karboniserad och lackerad yta erbjuder b\u00e4ttre skydd mot fukt och korrosion<\/li>\n<li> Tv\u00e5sitsig utomhus tr\u00e4b\u00e4nk utan armst\u00f6d, gott om sittplats<\/li>\n<li> H\u00f6g b\u00e4rkapacitet p\u00e5 240 kg f\u00f6r s\u00e4ker gemensam avkoppling<\/li>\n<li> M\u00e5ngsidig design utan ryggst\u00f6d, kan anv\u00e4ndas som tr\u00e4dg\u00e5rdsb\u00e4nk, skob\u00e4nk eller v\u00e4xtst\u00e4ll<\/li>\n<li> Rustik X-formad bas kompletterar din bondg\u00e5rds- eller lantlig dekoration<\/li>\n<li> Montering kr\u00e4vs<\/li>\n<\/ul>\n<p> Tekniska data:<\/p>\n<ul>\n<li> F\u00e4rg: F\u00f6rkolnad<\/li>\n<li> Material: Grantr\u00e4<\/li>\n<li> Totala dimensioner: 114B x 40D x 46H cm<\/li>\n<li> Sitsstorlek: 114B x 40D x 46H cm<\/li>\n<li> Maximal belastning: 240 kg<\/li>\n<\/ul>\n<p>Ing\u00e5r i leveransen:<\/p>\n<ul>\n<li>1 x Tr\u00e4tr\u00e4dg\u00e5rdsb\u00e4nk<\/li>\n<li>1 x Bruksanvisning<\/li>\n<\/ul>\n","protected":false},"excerpt":{"rendered":"<p>St\u00f6rd av ostabila utem\u00f6bler som varken erbjuder stil eller komfort? En vacklande tr\u00e4dg\u00e5rdsb\u00e4nk som knappt har plats f\u00f6r en person&#8230;<\/p>\n","protected":false},"featured_media":107294,"template":"","meta":[],"product_brand":[],"product_cat":[858,454,450],"product_tag":[],"class_list":{"0":"post-107303","1":"product","2":"type-product","3":"status-publish","4":"has-post-thumbnail","6":"product_cat-tradgard-terrass","7":"product_cat-tradgardsbankar","8":"product_cat-tradgardsmobler","10":"first","11":"instock","12":"sale","13":"taxable","14":"shipping-taxable","15":"purchasable","16":"product-type-simple"},"yoast_head":"<!-- This site is optimized with the Yoast SEO plugin v25.4 - https:\/\/yoast.com\/wordpress\/plugins\/seo\/ -->\n<title>TRUUSK 2-sits Tr\u00e4dg\u00e5rdsb\u00e4nk I Tr\u00e4 - V\u00e4derbest\u00e4ndig - X-bas - 240kg Belastningskapacitet - 114 x 40 x 46 cm - Kolbr\u00e4nd - TRUUSK - Hem, Tr\u00e4dg\u00e5rd &amp; Fritid<\/title>\n<meta name=\"robots\" content=\"index, follow, max-snippet:-1, max-image-preview:large, max-video-preview:-1\" \/>\n<link rel=\"canonical\" href=\"https:\/\/truusk.store\/sv\/produkt\/truusk-2-sits-tradgardsbank-i-tra-vaderbestandig-x-bas-240kg-belastningskapacitet-114-x-40-x-46-cm-kolbrand\/\" \/>\n<meta property=\"og:locale\" content=\"sv_SE\" \/>\n<meta property=\"og:type\" content=\"article\" \/>\n<meta property=\"og:title\" content=\"TRUUSK 2-sits Tr\u00e4dg\u00e5rdsb\u00e4nk I Tr\u00e4 - V\u00e4derbest\u00e4ndig - X-bas - 240kg Belastningskapacitet - 114 x 40 x 46 cm - Kolbr\u00e4nd - TRUUSK - Hem, Tr\u00e4dg\u00e5rd &amp; Fritid\" \/>\n<meta property=\"og:description\" content=\"St\u00f6rd av ostabila utem\u00f6bler som varken erbjuder stil eller komfort? En vacklande tr\u00e4dg\u00e5rdsb\u00e4nk som knappt har plats f\u00f6r en person...\" \/>\n<meta property=\"og:url\" content=\"https:\/\/truusk.store\/sv\/produkt\/truusk-2-sits-tradgardsbank-i-tra-vaderbestandig-x-bas-240kg-belastningskapacitet-114-x-40-x-46-cm-kolbrand\/\" \/>\n<meta property=\"og:site_name\" content=\"TRUUSK - Hem, Tr\u00e4dg\u00e5rd &amp; Fritid\" \/>\n<meta property=\"article:modified_time\" content=\"2026-03-12T07:53:31+00:00\" \/>\n<meta property=\"og:image\" content=\"https:\/\/i0.wp.com\/truusk.se\/wp-content\/uploads\/2026\/03\/2-sits-vaderbestandig-tradgardsbank-i-tra-parkbank-med-x-bas-240kg-belastningskapacitet-114-x-40-x-46-cm-kolbrand-1.webp?fit=2000%2C2000&ssl=1\" \/>\n\t<meta property=\"og:image:width\" content=\"2000\" \/>\n\t<meta property=\"og:image:height\" content=\"2000\" \/>\n\t<meta property=\"og:image:type\" content=\"image\/webp\" \/>\n<meta name=\"twitter:card\" content=\"summary_large_image\" \/>\n<meta name=\"twitter:label1\" content=\"Ber\u00e4knad l\u00e4stid\" \/>\n\t<meta name=\"twitter:data1\" content=\"1 minut\" \/>\n<!-- \/ Yoast SEO plugin. -->","yoast_head_json":{"title":"TRUUSK 2-sits Tr\u00e4dg\u00e5rdsb\u00e4nk I Tr\u00e4 - V\u00e4derbest\u00e4ndig - X-bas - 240kg Belastningskapacitet - 114 x 40 x 46 cm - Kolbr\u00e4nd - TRUUSK - Hem, Tr\u00e4dg\u00e5rd &amp; Fritid","robots":{"index":"index","follow":"follow","max-snippet":"max-snippet:-1","max-image-preview":"max-image-preview:large","max-video-preview":"max-video-preview:-1"},"canonical":"https:\/\/truusk.store\/sv\/produkt\/truusk-2-sits-tradgardsbank-i-tra-vaderbestandig-x-bas-240kg-belastningskapacitet-114-x-40-x-46-cm-kolbrand\/","og_locale":"sv_SE","og_type":"article","og_title":"TRUUSK 2-sits Tr\u00e4dg\u00e5rdsb\u00e4nk I Tr\u00e4 - V\u00e4derbest\u00e4ndig - X-bas - 240kg Belastningskapacitet - 114 x 40 x 46 cm - Kolbr\u00e4nd - TRUUSK - Hem, Tr\u00e4dg\u00e5rd &amp; Fritid","og_description":"St\u00f6rd av ostabila utem\u00f6bler som varken erbjuder stil eller komfort? En vacklande tr\u00e4dg\u00e5rdsb\u00e4nk som knappt har plats f\u00f6r en person...","og_url":"https:\/\/truusk.store\/sv\/produkt\/truusk-2-sits-tradgardsbank-i-tra-vaderbestandig-x-bas-240kg-belastningskapacitet-114-x-40-x-46-cm-kolbrand\/","og_site_name":"TRUUSK - Hem, Tr\u00e4dg\u00e5rd &amp; Fritid","article_modified_time":"2026-03-12T07:53:31+00:00","og_image":[{"width":2000,"height":2000,"url":"https:\/\/i0.wp.com\/truusk.se\/wp-content\/uploads\/2026\/03\/2-sits-vaderbestandig-tradgardsbank-i-tra-parkbank-med-x-bas-240kg-belastningskapacitet-114-x-40-x-46-cm-kolbrand-1.webp?fit=2000%2C2000&ssl=1","type":"image\/webp"}],"twitter_card":"summary_large_image","twitter_misc":{"Ber\u00e4knad l\u00e4stid":"1 minut"},"schema":{"@context":"https:\/\/schema.org","@graph":[{"@type":"WebPage","@id":"https:\/\/truusk.store\/sv\/produkt\/truusk-2-sits-tradgardsbank-i-tra-vaderbestandig-x-bas-240kg-belastningskapacitet-114-x-40-x-46-cm-kolbrand\/","url":"https:\/\/truusk.store\/sv\/produkt\/truusk-2-sits-tradgardsbank-i-tra-vaderbestandig-x-bas-240kg-belastningskapacitet-114-x-40-x-46-cm-kolbrand\/","name":"TRUUSK 2-sits Tr\u00e4dg\u00e5rdsb\u00e4nk I Tr\u00e4 - V\u00e4derbest\u00e4ndig - X-bas - 240kg Belastningskapacitet - 114 x 40 x 46 cm - Kolbr\u00e4nd - TRUUSK - Hem, Tr\u00e4dg\u00e5rd &amp; Fritid","isPartOf":{"@id":"https:\/\/truusk.store\/sv\/#website"},"primaryImageOfPage":{"@id":"https:\/\/truusk.store\/sv\/produkt\/truusk-2-sits-tradgardsbank-i-tra-vaderbestandig-x-bas-240kg-belastningskapacitet-114-x-40-x-46-cm-kolbrand\/#primaryimage"},"image":{"@id":"https:\/\/truusk.store\/sv\/produkt\/truusk-2-sits-tradgardsbank-i-tra-vaderbestandig-x-bas-240kg-belastningskapacitet-114-x-40-x-46-cm-kolbrand\/#primaryimage"},"thumbnailUrl":"https:\/\/i0.wp.com\/truusk.store\/wp-content\/uploads\/2026\/03\/2-sits-vaderbestandig-tradgardsbank-i-tra-parkbank-med-x-bas-240kg-belastningskapacitet-114-x-40-x-46-cm-kolbrand-1.webp?fit=2000%2C2000&ssl=1","datePublished":"2026-03-03T12:50:51+00:00","dateModified":"2026-03-12T07:53:31+00:00","breadcrumb":{"@id":"https:\/\/truusk.store\/sv\/produkt\/truusk-2-sits-tradgardsbank-i-tra-vaderbestandig-x-bas-240kg-belastningskapacitet-114-x-40-x-46-cm-kolbrand\/#breadcrumb"},"inLanguage":"sv-SE","potentialAction":[{"@type":"ReadAction","target":["https:\/\/truusk.store\/sv\/produkt\/truusk-2-sits-tradgardsbank-i-tra-vaderbestandig-x-bas-240kg-belastningskapacitet-114-x-40-x-46-cm-kolbrand\/"]}]},{"@type":"ImageObject","inLanguage":"sv-SE","@id":"https:\/\/truusk.store\/sv\/produkt\/truusk-2-sits-tradgardsbank-i-tra-vaderbestandig-x-bas-240kg-belastningskapacitet-114-x-40-x-46-cm-kolbrand\/#primaryimage","url":"https:\/\/i0.wp.com\/truusk.store\/wp-content\/uploads\/2026\/03\/2-sits-vaderbestandig-tradgardsbank-i-tra-parkbank-med-x-bas-240kg-belastningskapacitet-114-x-40-x-46-cm-kolbrand-1.webp?fit=2000%2C2000&ssl=1","contentUrl":"https:\/\/i0.wp.com\/truusk.store\/wp-content\/uploads\/2026\/03\/2-sits-vaderbestandig-tradgardsbank-i-tra-parkbank-med-x-bas-240kg-belastningskapacitet-114-x-40-x-46-cm-kolbrand-1.webp?fit=2000%2C2000&ssl=1","width":2000,"height":2000},{"@type":"BreadcrumbList","@id":"https:\/\/truusk.store\/sv\/produkt\/truusk-2-sits-tradgardsbank-i-tra-vaderbestandig-x-bas-240kg-belastningskapacitet-114-x-40-x-46-cm-kolbrand\/#breadcrumb","itemListElement":[{"@type":"ListItem","position":1,"name":"Home","item":"https:\/\/truusk.store\/sv\/"},{"@type":"ListItem","position":2,"name":"Shop","item":"https:\/\/truusk.store\/shop\/"},{"@type":"ListItem","position":3,"name":"TRUUSK 2-sits Tr\u00e4dg\u00e5rdsb\u00e4nk I Tr\u00e4 &#8211; V\u00e4derbest\u00e4ndig &#8211; X-bas &#8211; 240kg Belastningskapacitet &#8211; 114 x 40 x 46 cm &#8211; Kolbr\u00e4nd"}]},{"@type":"WebSite","@id":"https:\/\/truusk.store\/sv\/#website","url":"https:\/\/truusk.store\/sv\/","name":"TRUUSK - Hem, Tr\u00e4dg\u00e5rd & Fritid","description":"","publisher":{"@id":"https:\/\/truusk.store\/sv\/#organization"},"potentialAction":[{"@type":"SearchAction","target":{"@type":"EntryPoint","urlTemplate":"https:\/\/truusk.store\/sv\/?s={search_term_string}"},"query-input":{"@type":"PropertyValueSpecification","valueRequired":true,"valueName":"search_term_string"}}],"inLanguage":"sv-SE"},{"@type":"Organization","@id":"https:\/\/truusk.store\/sv\/#organization","name":"TRUUSK - Hem, Tr\u00e4dg\u00e5rd & Fritid","url":"https:\/\/truusk.store\/sv\/","logo":{"@type":"ImageObject","inLanguage":"sv-SE","@id":"https:\/\/truusk.store\/sv\/#\/schema\/logo\/image\/","url":"https:\/\/i0.wp.com\/truusk.store\/wp-content\/uploads\/2026\/03\/cropped-TRUUSK.png?fit=2032%2C917&ssl=1","contentUrl":"https:\/\/i0.wp.com\/truusk.store\/wp-content\/uploads\/2026\/03\/cropped-TRUUSK.png?fit=2032%2C917&ssl=1","width":2032,"height":917,"caption":"TRUUSK - Hem, Tr\u00e4dg\u00e5rd & Fritid"},"image":{"@id":"https:\/\/truusk.store\/sv\/#\/schema\/logo\/image\/"}}]}},"jetpack_sharing_enabled":true,"_links":{"self":[{"href":"https:\/\/truusk.store\/sv\/wp-json\/wp\/v2\/product\/107303","targetHints":{"allow":["GET"]}}],"collection":[{"href":"https:\/\/truusk.store\/sv\/wp-json\/wp\/v2\/product"}],"about":[{"href":"https:\/\/truusk.store\/sv\/wp-json\/wp\/v2\/types\/product"}],"wp:featuredmedia":[{"embeddable":true,"href":"https:\/\/truusk.store\/sv\/wp-json\/wp\/v2\/media\/107294"}],"wp:attachment":[{"href":"https:\/\/truusk.store\/sv\/wp-json\/wp\/v2\/media?parent=107303"}],"wp:term":[{"taxonomy":"product_brand","embeddable":true,"href":"https:\/\/truusk.store\/sv\/wp-json\/wp\/v2\/product_brand?post=107303"},{"taxonomy":"product_cat","embeddable":true,"href":"https:\/\/truusk.store\/sv\/wp-json\/wp\/v2\/product_cat?post=107303"},{"taxonomy":"product_tag","embeddable":true,"href":"https:\/\/truusk.store\/sv\/wp-json\/wp\/v2\/product_tag?post=107303"}],"curies":[{"name":"wp","href":"https:\/\/api.w.org\/{rel}","templated":true}]}}