{"id":107313,"date":"2026-03-03T13:51:50","date_gmt":"2026-03-03T12:51:50","guid":{"rendered":"https:\/\/truusk.store\/product\/alu-parasoll-o244cm-solparaply-med-vevstativ-vattenavvisande-360-roterbar-morkgra\/"},"modified":"2026-03-12T08:53:36","modified_gmt":"2026-03-12T07:53:36","slug":"truusk-alu-parasoll-o244cm-solparaply-med-vevstativ-vattenavvisande-360-roterbar-morkgra","status":"publish","type":"product","link":"https:\/\/truusk.store\/sv\/produkt\/truusk-alu-parasoll-o244cm-solparaply-med-vevstativ-vattenavvisande-360-roterbar-morkgra\/","title":{"rendered":"TRUUSK Alu Parasoll \u00d8244cm &#8211; Solparaply Med Vevstativ &#8211; Vattenavvisande &#8211; 360\u00b0 Roterbar &#8211; M\u00f6rkgr\u00e5"},"content":{"rendered":"<p>Njut av skugga med [BRAND NAME] parasoll inkl. basvikter. Den ljus\u00e4kta 200 g\/m\u00b2 polyester\u00f6verdraget med UPF50+ blockerar UV-str\u00e5lar. Med 360\u00b0 rotation och fem lutningspositioner skapar du flexibel skugga. De fyllbara basvikterna ing\u00e5r, inget extra k\u00f6p beh\u00f6vs &#8211; st\u00e4ll upp s\u00e4kert och slappna av!<\/p>\n<p>Beskrivning:<\/p>\n<ul>\n<li> Vikter som kan fyllas med sand eller vatten f\u00f6r p\u00e5litlig stabilitet ing\u00e5r<\/li>\n<li> UPF50+ 200 g\/m\u00b2 PU-belagd polyesterv\u00e4v motst\u00e5r UV-str\u00e5lar och beh\u00e5ller sin f\u00e4rgbriljans<\/li>\n<li> L\u00e4tt aluminiumram f\u00f6r balkongparasoll f\u00f6r rostbest\u00e4ndighet utomhus<\/li>\n<li> Enkel rotation av soltaket med fotpedalen f\u00f6r fullst\u00e4ndig skuggt\u00e4ckning<\/li>\n<li> 5-stegs justerbart soltak ger den \u00f6nskade skuggvinkeln<\/li>\n<li> \u00d6vre luft\u00f6ppning f\u00f6rb\u00e4ttrar luftfl\u00f6det och minskar vindbelastningen<\/li>\n<li> Montering kr\u00e4vs<\/li>\n<\/ul>\n<p> Tekniska data:<\/p>\n<ul>\n<li> F\u00e4rg: M\u00f6rkgr\u00e5<\/li>\n<li> Material: Polyester, Aluminium, St\u00e5l<\/li>\n<li> Totala dimensioner: 310L x 244B x 257H cm<\/li>\n<li> Baldakindimensioner: 244L x 244B cm<\/li>\n<li> St\u00e4ngda dimensioner: 100L x 100B x 257H cm<\/li>\n<li> Korsfotsdimensioner: 100L x 100B x 6H cm<\/li>\n<li> Vikt totala dimensioner: 100L x 100B x 10H cm<\/li>\n<li> Enskilda pl\u00e5tdimensioner: 49,5L x 49,5B x 10H cm<\/li>\n<li> Vikt efter fyllning: 80 kg (vatten), 100 kg (sand)<\/li>\n<li> Artikelnummer: 84D-475V00CG<\/li>\n<li> OBS: Anv\u00e4nd inte parasollet vid extremt v\u00e4der (stark vind, kraftigt regn, sn\u00f6).<\/li>\n<\/ul>\n<p>Leveransinneh\u00e5ll:<\/p>\n<ul>\n<li> 1 x Parasoll<\/li>\n<li> 4 x Viktplatta<\/li>\n<li> 1 x Instruktion<\/li>\n<\/ul>\n","protected":false},"excerpt":{"rendered":"<p>Njut av skugga med [BRAND NAME] parasoll inkl. basvikter. Den ljus\u00e4kta 200 g\/m\u00b2 polyester\u00f6verdraget med UPF50+ blockerar UV-str\u00e5lar. Med 360\u00b0&#8230;<\/p>\n","protected":false},"featured_media":107304,"template":"","meta":[],"product_brand":[],"product_cat":[472,862,858],"product_tag":[],"class_list":{"0":"post-107313","1":"product","2":"type-product","3":"status-publish","4":"has-post-thumbnail","6":"product_cat-parasoller","7":"product_cat-sol-insynsskydd","8":"product_cat-tradgard-terrass","10":"first","11":"instock","12":"sale","13":"taxable","14":"shipping-taxable","15":"purchasable","16":"product-type-simple"},"yoast_head":"<!-- This site is optimized with the Yoast SEO plugin v25.4 - https:\/\/yoast.com\/wordpress\/plugins\/seo\/ -->\n<title>TRUUSK Alu Parasoll \u00d8244cm - Solparaply Med Vevstativ - Vattenavvisande - 360\u00b0 Roterbar - M\u00f6rkgr\u00e5 - TRUUSK - Hem, Tr\u00e4dg\u00e5rd &amp; Fritid<\/title>\n<meta name=\"robots\" content=\"index, follow, max-snippet:-1, max-image-preview:large, max-video-preview:-1\" \/>\n<link rel=\"canonical\" href=\"https:\/\/truusk.store\/sv\/produkt\/truusk-alu-parasoll-o244cm-solparaply-med-vevstativ-vattenavvisande-360-roterbar-morkgra\/\" \/>\n<meta property=\"og:locale\" content=\"sv_SE\" \/>\n<meta property=\"og:type\" content=\"article\" \/>\n<meta property=\"og:title\" content=\"TRUUSK Alu Parasoll \u00d8244cm - Solparaply Med Vevstativ - Vattenavvisande - 360\u00b0 Roterbar - M\u00f6rkgr\u00e5 - TRUUSK - Hem, Tr\u00e4dg\u00e5rd &amp; Fritid\" \/>\n<meta property=\"og:description\" content=\"Njut av skugga med [BRAND NAME] parasoll inkl. basvikter. Den ljus\u00e4kta 200 g\/m\u00b2 polyester\u00f6verdraget med UPF50+ blockerar UV-str\u00e5lar. Med 360\u00b0...\" \/>\n<meta property=\"og:url\" content=\"https:\/\/truusk.store\/sv\/produkt\/truusk-alu-parasoll-o244cm-solparaply-med-vevstativ-vattenavvisande-360-roterbar-morkgra\/\" \/>\n<meta property=\"og:site_name\" content=\"TRUUSK - Hem, Tr\u00e4dg\u00e5rd &amp; Fritid\" \/>\n<meta property=\"article:modified_time\" content=\"2026-03-12T07:53:36+00:00\" \/>\n<meta property=\"og:image\" content=\"https:\/\/i0.wp.com\/truusk.se\/wp-content\/uploads\/2026\/03\/alu-parasoll-o244cm-solparaply-med-vevstativ-vattenavvisande-360-roterbar-morkgra-1.webp?fit=2000%2C2000&ssl=1\" \/>\n\t<meta property=\"og:image:width\" content=\"2000\" \/>\n\t<meta property=\"og:image:height\" content=\"2000\" \/>\n\t<meta property=\"og:image:type\" content=\"image\/webp\" \/>\n<meta name=\"twitter:card\" content=\"summary_large_image\" \/>\n<meta name=\"twitter:label1\" content=\"Ber\u00e4knad l\u00e4stid\" \/>\n\t<meta name=\"twitter:data1\" content=\"1 minut\" \/>\n<!-- \/ Yoast SEO plugin. -->","yoast_head_json":{"title":"TRUUSK Alu Parasoll \u00d8244cm - Solparaply Med Vevstativ - Vattenavvisande - 360\u00b0 Roterbar - M\u00f6rkgr\u00e5 - TRUUSK - Hem, Tr\u00e4dg\u00e5rd &amp; Fritid","robots":{"index":"index","follow":"follow","max-snippet":"max-snippet:-1","max-image-preview":"max-image-preview:large","max-video-preview":"max-video-preview:-1"},"canonical":"https:\/\/truusk.store\/sv\/produkt\/truusk-alu-parasoll-o244cm-solparaply-med-vevstativ-vattenavvisande-360-roterbar-morkgra\/","og_locale":"sv_SE","og_type":"article","og_title":"TRUUSK Alu Parasoll \u00d8244cm - Solparaply Med Vevstativ - Vattenavvisande - 360\u00b0 Roterbar - M\u00f6rkgr\u00e5 - TRUUSK - Hem, Tr\u00e4dg\u00e5rd &amp; Fritid","og_description":"Njut av skugga med [BRAND NAME] parasoll inkl. basvikter. Den ljus\u00e4kta 200 g\/m\u00b2 polyester\u00f6verdraget med UPF50+ blockerar UV-str\u00e5lar. Med 360\u00b0...","og_url":"https:\/\/truusk.store\/sv\/produkt\/truusk-alu-parasoll-o244cm-solparaply-med-vevstativ-vattenavvisande-360-roterbar-morkgra\/","og_site_name":"TRUUSK - Hem, Tr\u00e4dg\u00e5rd &amp; Fritid","article_modified_time":"2026-03-12T07:53:36+00:00","og_image":[{"width":2000,"height":2000,"url":"https:\/\/i0.wp.com\/truusk.se\/wp-content\/uploads\/2026\/03\/alu-parasoll-o244cm-solparaply-med-vevstativ-vattenavvisande-360-roterbar-morkgra-1.webp?fit=2000%2C2000&ssl=1","type":"image\/webp"}],"twitter_card":"summary_large_image","twitter_misc":{"Ber\u00e4knad l\u00e4stid":"1 minut"},"schema":{"@context":"https:\/\/schema.org","@graph":[{"@type":"WebPage","@id":"https:\/\/truusk.store\/sv\/produkt\/truusk-alu-parasoll-o244cm-solparaply-med-vevstativ-vattenavvisande-360-roterbar-morkgra\/","url":"https:\/\/truusk.store\/sv\/produkt\/truusk-alu-parasoll-o244cm-solparaply-med-vevstativ-vattenavvisande-360-roterbar-morkgra\/","name":"TRUUSK Alu Parasoll \u00d8244cm - Solparaply Med Vevstativ - Vattenavvisande - 360\u00b0 Roterbar - M\u00f6rkgr\u00e5 - TRUUSK - Hem, Tr\u00e4dg\u00e5rd &amp; Fritid","isPartOf":{"@id":"https:\/\/truusk.store\/sv\/#website"},"primaryImageOfPage":{"@id":"https:\/\/truusk.store\/sv\/produkt\/truusk-alu-parasoll-o244cm-solparaply-med-vevstativ-vattenavvisande-360-roterbar-morkgra\/#primaryimage"},"image":{"@id":"https:\/\/truusk.store\/sv\/produkt\/truusk-alu-parasoll-o244cm-solparaply-med-vevstativ-vattenavvisande-360-roterbar-morkgra\/#primaryimage"},"thumbnailUrl":"https:\/\/i0.wp.com\/truusk.store\/wp-content\/uploads\/2026\/03\/alu-parasoll-o244cm-solparaply-med-vevstativ-vattenavvisande-360-roterbar-morkgra-1.webp?fit=2000%2C2000&ssl=1","datePublished":"2026-03-03T12:51:50+00:00","dateModified":"2026-03-12T07:53:36+00:00","breadcrumb":{"@id":"https:\/\/truusk.store\/sv\/produkt\/truusk-alu-parasoll-o244cm-solparaply-med-vevstativ-vattenavvisande-360-roterbar-morkgra\/#breadcrumb"},"inLanguage":"sv-SE","potentialAction":[{"@type":"ReadAction","target":["https:\/\/truusk.store\/sv\/produkt\/truusk-alu-parasoll-o244cm-solparaply-med-vevstativ-vattenavvisande-360-roterbar-morkgra\/"]}]},{"@type":"ImageObject","inLanguage":"sv-SE","@id":"https:\/\/truusk.store\/sv\/produkt\/truusk-alu-parasoll-o244cm-solparaply-med-vevstativ-vattenavvisande-360-roterbar-morkgra\/#primaryimage","url":"https:\/\/i0.wp.com\/truusk.store\/wp-content\/uploads\/2026\/03\/alu-parasoll-o244cm-solparaply-med-vevstativ-vattenavvisande-360-roterbar-morkgra-1.webp?fit=2000%2C2000&ssl=1","contentUrl":"https:\/\/i0.wp.com\/truusk.store\/wp-content\/uploads\/2026\/03\/alu-parasoll-o244cm-solparaply-med-vevstativ-vattenavvisande-360-roterbar-morkgra-1.webp?fit=2000%2C2000&ssl=1","width":2000,"height":2000},{"@type":"BreadcrumbList","@id":"https:\/\/truusk.store\/sv\/produkt\/truusk-alu-parasoll-o244cm-solparaply-med-vevstativ-vattenavvisande-360-roterbar-morkgra\/#breadcrumb","itemListElement":[{"@type":"ListItem","position":1,"name":"Home","item":"https:\/\/truusk.store\/sv\/"},{"@type":"ListItem","position":2,"name":"Shop","item":"https:\/\/truusk.store\/shop\/"},{"@type":"ListItem","position":3,"name":"TRUUSK Alu Parasoll \u00d8244cm &#8211; Solparaply Med Vevstativ &#8211; Vattenavvisande &#8211; 360\u00b0 Roterbar &#8211; M\u00f6rkgr\u00e5"}]},{"@type":"WebSite","@id":"https:\/\/truusk.store\/sv\/#website","url":"https:\/\/truusk.store\/sv\/","name":"TRUUSK - Hem, Tr\u00e4dg\u00e5rd & Fritid","description":"","publisher":{"@id":"https:\/\/truusk.store\/sv\/#organization"},"potentialAction":[{"@type":"SearchAction","target":{"@type":"EntryPoint","urlTemplate":"https:\/\/truusk.store\/sv\/?s={search_term_string}"},"query-input":{"@type":"PropertyValueSpecification","valueRequired":true,"valueName":"search_term_string"}}],"inLanguage":"sv-SE"},{"@type":"Organization","@id":"https:\/\/truusk.store\/sv\/#organization","name":"TRUUSK - Hem, Tr\u00e4dg\u00e5rd & Fritid","url":"https:\/\/truusk.store\/sv\/","logo":{"@type":"ImageObject","inLanguage":"sv-SE","@id":"https:\/\/truusk.store\/sv\/#\/schema\/logo\/image\/","url":"https:\/\/i0.wp.com\/truusk.store\/wp-content\/uploads\/2026\/03\/cropped-TRUUSK.png?fit=2032%2C917&ssl=1","contentUrl":"https:\/\/i0.wp.com\/truusk.store\/wp-content\/uploads\/2026\/03\/cropped-TRUUSK.png?fit=2032%2C917&ssl=1","width":2032,"height":917,"caption":"TRUUSK - Hem, Tr\u00e4dg\u00e5rd & Fritid"},"image":{"@id":"https:\/\/truusk.store\/sv\/#\/schema\/logo\/image\/"}}]}},"jetpack_sharing_enabled":true,"_links":{"self":[{"href":"https:\/\/truusk.store\/sv\/wp-json\/wp\/v2\/product\/107313","targetHints":{"allow":["GET"]}}],"collection":[{"href":"https:\/\/truusk.store\/sv\/wp-json\/wp\/v2\/product"}],"about":[{"href":"https:\/\/truusk.store\/sv\/wp-json\/wp\/v2\/types\/product"}],"wp:featuredmedia":[{"embeddable":true,"href":"https:\/\/truusk.store\/sv\/wp-json\/wp\/v2\/media\/107304"}],"wp:attachment":[{"href":"https:\/\/truusk.store\/sv\/wp-json\/wp\/v2\/media?parent=107313"}],"wp:term":[{"taxonomy":"product_brand","embeddable":true,"href":"https:\/\/truusk.store\/sv\/wp-json\/wp\/v2\/product_brand?post=107313"},{"taxonomy":"product_cat","embeddable":true,"href":"https:\/\/truusk.store\/sv\/wp-json\/wp\/v2\/product_cat?post=107313"},{"taxonomy":"product_tag","embeddable":true,"href":"https:\/\/truusk.store\/sv\/wp-json\/wp\/v2\/product_tag?post=107313"}],"curies":[{"name":"wp","href":"https:\/\/api.w.org\/{rel}","templated":true}]}}