{"id":107345,"date":"2026-03-03T13:55:08","date_gmt":"2026-03-03T12:55:08","guid":{"rendered":"https:\/\/truusk.store\/product\/gungstallning-mangsidig-tunga-gungstallning-for-tva-tresits-eller-hangkorg-svart\/"},"modified":"2026-03-12T08:53:43","modified_gmt":"2026-03-12T07:53:43","slug":"truusk-mangsidig-gungstallning-for-tva-tresits-eller-hangkorg-svart-robust-design-enkel-montering-hog-kvalitet","status":"publish","type":"product","link":"https:\/\/truusk.store\/sv\/produkt\/truusk-mangsidig-gungstallning-for-tva-tresits-eller-hangkorg-svart-robust-design-enkel-montering-hog-kvalitet\/","title":{"rendered":"TRUUSK M\u00e5ngsidig Gungst\u00e4llning f\u00f6r Tv\u00e5-\/Tresits eller H\u00e4ngkorg &#8211; Svart &#8211; Robust Design &#8211; Enkel Montering &#8211; H\u00f6g Kvalitet"},"content":{"rendered":"<p>En helgutflykt blir stressig om ramen vacklar och s\u00e4tet inte passar. [BRAND NAME] gungst\u00e4llning med en b\u00e4rkapacitet p\u00e5 360 kg, m\u00e5ngsidig anv\u00e4ndning f\u00f6r tv\u00e5-\/tresits eller korgstilar och markerade krokavst\u00e5nd (126 cm, 156 cm) ger stabilitet. Bara att s\u00e4tta upp och njuta av avkopplande stunder.<\/p>\n<p>Beskrivning:<\/p>\n<ul>\n<li> St\u00e5lramen b\u00e4r upp till 360 kg f\u00f6r stabil anv\u00e4ndning<\/li>\n<li> Dubbelkrokavst\u00e5nd passar f\u00f6r tv\u00e5- eller tresitsgungor<\/li>\n<li> M\u00e5ngsidig upph\u00e4ngning m\u00f6jligg\u00f6r enkel f\u00e4stning av gungor eller h\u00e4ngande korgar<\/li>\n<li> A-ramdesignen p\u00e5 h\u00e4ngb\u00e4nksramen ger stabilitet och f\u00f6rhindrar risk f\u00f6r tippning<\/li>\n<li> Pulverlackerat st\u00e5l \u00e4r rostbest\u00e4ndigt och h\u00e5llbart utomhus<\/li>\n<li> Snabb montering sparar tid tack vare tillhandah\u00e5llen enkel instruktion<\/li>\n<li> Den kompakta strukturen p\u00e5 Hollywoodgungst\u00e4llningen passar s\u00f6ml\u00f6st p\u00e5 terrasser, i tr\u00e4dg\u00e5rdar eller p\u00e5 verandor<\/li>\n<li> M\u00e5ngsidig design \u00f6kar avkopplingen f\u00f6r familjer eller enskilda personer.<\/li>\n<\/ul>\n<p> Tekniska data:<\/p>\n<ul>\n<li> F\u00e4rg: Svart<\/li>\n<li> Material: St\u00e5l<\/li>\n<li> Totala dimensioner: 210L x 117B x 175H cm<\/li>\n<li> B\u00e4rkapacitet: 360 kg<\/li>\n<\/ul>\n<p>Ing\u00e5r:<\/p>\n<ul>\n<li> 1 x Gungst\u00e4llning<\/li>\n<li> 1 x Instruktion<\/li>\n<\/ul>\n","protected":false},"excerpt":{"rendered":"<p>En helgutflykt blir stressig om ramen vacklar och s\u00e4tet inte passar. [BRAND NAME] gungst\u00e4llning med en b\u00e4rkapacitet p\u00e5 360 kg,&#8230;<\/p>\n","protected":false},"featured_media":107330,"template":"","meta":[],"product_brand":[],"product_cat":[460,858,450],"product_tag":[],"class_list":{"0":"post-107345","1":"product","2":"type-product","3":"status-publish","4":"has-post-thumbnail","6":"product_cat-hangmattor-hangstolar","7":"product_cat-tradgard-terrass","8":"product_cat-tradgardsmobler","10":"first","11":"instock","12":"sale","13":"taxable","14":"shipping-taxable","15":"purchasable","16":"product-type-simple"},"yoast_head":"<!-- This site is optimized with the Yoast SEO plugin v25.4 - https:\/\/yoast.com\/wordpress\/plugins\/seo\/ -->\n<title>TRUUSK M\u00e5ngsidig Gungst\u00e4llning f\u00f6r Tv\u00e5-\/Tresits eller H\u00e4ngkorg - Svart - Robust Design - Enkel Montering - H\u00f6g Kvalitet - TRUUSK - Hem, Tr\u00e4dg\u00e5rd &amp; Fritid<\/title>\n<meta name=\"robots\" content=\"index, follow, max-snippet:-1, max-image-preview:large, max-video-preview:-1\" \/>\n<link rel=\"canonical\" href=\"https:\/\/truusk.store\/sv\/produkt\/truusk-mangsidig-gungstallning-for-tva-tresits-eller-hangkorg-svart-robust-design-enkel-montering-hog-kvalitet\/\" \/>\n<meta property=\"og:locale\" content=\"sv_SE\" \/>\n<meta property=\"og:type\" content=\"article\" \/>\n<meta property=\"og:title\" content=\"TRUUSK M\u00e5ngsidig Gungst\u00e4llning f\u00f6r Tv\u00e5-\/Tresits eller H\u00e4ngkorg - Svart - Robust Design - Enkel Montering - H\u00f6g Kvalitet - TRUUSK - Hem, Tr\u00e4dg\u00e5rd &amp; Fritid\" \/>\n<meta property=\"og:description\" content=\"En helgutflykt blir stressig om ramen vacklar och s\u00e4tet inte passar. [BRAND NAME] gungst\u00e4llning med en b\u00e4rkapacitet p\u00e5 360 kg,...\" \/>\n<meta property=\"og:url\" content=\"https:\/\/truusk.store\/sv\/produkt\/truusk-mangsidig-gungstallning-for-tva-tresits-eller-hangkorg-svart-robust-design-enkel-montering-hog-kvalitet\/\" \/>\n<meta property=\"og:site_name\" content=\"TRUUSK - Hem, Tr\u00e4dg\u00e5rd &amp; Fritid\" \/>\n<meta property=\"article:modified_time\" content=\"2026-03-12T07:53:43+00:00\" \/>\n<meta property=\"og:image\" content=\"https:\/\/i0.wp.com\/truusk.se\/wp-content\/uploads\/2026\/03\/gungstallning-mangsidig-tunga-gungstallning-for-tva-tresits-eller-hangkorg-svart-1.webp?fit=2000%2C2000&ssl=1\" \/>\n\t<meta property=\"og:image:width\" content=\"2000\" \/>\n\t<meta property=\"og:image:height\" content=\"2000\" \/>\n\t<meta property=\"og:image:type\" content=\"image\/webp\" \/>\n<meta name=\"twitter:card\" content=\"summary_large_image\" \/>\n<meta name=\"twitter:label1\" content=\"Ber\u00e4knad l\u00e4stid\" \/>\n\t<meta name=\"twitter:data1\" content=\"1 minut\" \/>\n<!-- \/ Yoast SEO plugin. -->","yoast_head_json":{"title":"TRUUSK M\u00e5ngsidig Gungst\u00e4llning f\u00f6r Tv\u00e5-\/Tresits eller H\u00e4ngkorg - Svart - Robust Design - Enkel Montering - H\u00f6g Kvalitet - TRUUSK - Hem, Tr\u00e4dg\u00e5rd &amp; Fritid","robots":{"index":"index","follow":"follow","max-snippet":"max-snippet:-1","max-image-preview":"max-image-preview:large","max-video-preview":"max-video-preview:-1"},"canonical":"https:\/\/truusk.store\/sv\/produkt\/truusk-mangsidig-gungstallning-for-tva-tresits-eller-hangkorg-svart-robust-design-enkel-montering-hog-kvalitet\/","og_locale":"sv_SE","og_type":"article","og_title":"TRUUSK M\u00e5ngsidig Gungst\u00e4llning f\u00f6r Tv\u00e5-\/Tresits eller H\u00e4ngkorg - Svart - Robust Design - Enkel Montering - H\u00f6g Kvalitet - TRUUSK - Hem, Tr\u00e4dg\u00e5rd &amp; Fritid","og_description":"En helgutflykt blir stressig om ramen vacklar och s\u00e4tet inte passar. [BRAND NAME] gungst\u00e4llning med en b\u00e4rkapacitet p\u00e5 360 kg,...","og_url":"https:\/\/truusk.store\/sv\/produkt\/truusk-mangsidig-gungstallning-for-tva-tresits-eller-hangkorg-svart-robust-design-enkel-montering-hog-kvalitet\/","og_site_name":"TRUUSK - Hem, Tr\u00e4dg\u00e5rd &amp; Fritid","article_modified_time":"2026-03-12T07:53:43+00:00","og_image":[{"width":2000,"height":2000,"url":"https:\/\/i0.wp.com\/truusk.se\/wp-content\/uploads\/2026\/03\/gungstallning-mangsidig-tunga-gungstallning-for-tva-tresits-eller-hangkorg-svart-1.webp?fit=2000%2C2000&ssl=1","type":"image\/webp"}],"twitter_card":"summary_large_image","twitter_misc":{"Ber\u00e4knad l\u00e4stid":"1 minut"},"schema":{"@context":"https:\/\/schema.org","@graph":[{"@type":"WebPage","@id":"https:\/\/truusk.store\/sv\/produkt\/truusk-mangsidig-gungstallning-for-tva-tresits-eller-hangkorg-svart-robust-design-enkel-montering-hog-kvalitet\/","url":"https:\/\/truusk.store\/sv\/produkt\/truusk-mangsidig-gungstallning-for-tva-tresits-eller-hangkorg-svart-robust-design-enkel-montering-hog-kvalitet\/","name":"TRUUSK M\u00e5ngsidig Gungst\u00e4llning f\u00f6r Tv\u00e5-\/Tresits eller H\u00e4ngkorg - Svart - Robust Design - Enkel Montering - H\u00f6g Kvalitet - TRUUSK - Hem, Tr\u00e4dg\u00e5rd &amp; Fritid","isPartOf":{"@id":"https:\/\/truusk.store\/sv\/#website"},"primaryImageOfPage":{"@id":"https:\/\/truusk.store\/sv\/produkt\/truusk-mangsidig-gungstallning-for-tva-tresits-eller-hangkorg-svart-robust-design-enkel-montering-hog-kvalitet\/#primaryimage"},"image":{"@id":"https:\/\/truusk.store\/sv\/produkt\/truusk-mangsidig-gungstallning-for-tva-tresits-eller-hangkorg-svart-robust-design-enkel-montering-hog-kvalitet\/#primaryimage"},"thumbnailUrl":"https:\/\/i0.wp.com\/truusk.store\/wp-content\/uploads\/2026\/03\/gungstallning-mangsidig-tunga-gungstallning-for-tva-tresits-eller-hangkorg-svart-1.webp?fit=2000%2C2000&ssl=1","datePublished":"2026-03-03T12:55:08+00:00","dateModified":"2026-03-12T07:53:43+00:00","breadcrumb":{"@id":"https:\/\/truusk.store\/sv\/produkt\/truusk-mangsidig-gungstallning-for-tva-tresits-eller-hangkorg-svart-robust-design-enkel-montering-hog-kvalitet\/#breadcrumb"},"inLanguage":"sv-SE","potentialAction":[{"@type":"ReadAction","target":["https:\/\/truusk.store\/sv\/produkt\/truusk-mangsidig-gungstallning-for-tva-tresits-eller-hangkorg-svart-robust-design-enkel-montering-hog-kvalitet\/"]}]},{"@type":"ImageObject","inLanguage":"sv-SE","@id":"https:\/\/truusk.store\/sv\/produkt\/truusk-mangsidig-gungstallning-for-tva-tresits-eller-hangkorg-svart-robust-design-enkel-montering-hog-kvalitet\/#primaryimage","url":"https:\/\/i0.wp.com\/truusk.store\/wp-content\/uploads\/2026\/03\/gungstallning-mangsidig-tunga-gungstallning-for-tva-tresits-eller-hangkorg-svart-1.webp?fit=2000%2C2000&ssl=1","contentUrl":"https:\/\/i0.wp.com\/truusk.store\/wp-content\/uploads\/2026\/03\/gungstallning-mangsidig-tunga-gungstallning-for-tva-tresits-eller-hangkorg-svart-1.webp?fit=2000%2C2000&ssl=1","width":2000,"height":2000},{"@type":"BreadcrumbList","@id":"https:\/\/truusk.store\/sv\/produkt\/truusk-mangsidig-gungstallning-for-tva-tresits-eller-hangkorg-svart-robust-design-enkel-montering-hog-kvalitet\/#breadcrumb","itemListElement":[{"@type":"ListItem","position":1,"name":"Home","item":"https:\/\/truusk.store\/sv\/"},{"@type":"ListItem","position":2,"name":"Shop","item":"https:\/\/truusk.store\/shop\/"},{"@type":"ListItem","position":3,"name":"TRUUSK M\u00e5ngsidig Gungst\u00e4llning f\u00f6r Tv\u00e5-\/Tresits eller H\u00e4ngkorg &#8211; Svart &#8211; Robust Design &#8211; Enkel Montering &#8211; H\u00f6g Kvalitet"}]},{"@type":"WebSite","@id":"https:\/\/truusk.store\/sv\/#website","url":"https:\/\/truusk.store\/sv\/","name":"TRUUSK - Hem, Tr\u00e4dg\u00e5rd & Fritid","description":"","publisher":{"@id":"https:\/\/truusk.store\/sv\/#organization"},"potentialAction":[{"@type":"SearchAction","target":{"@type":"EntryPoint","urlTemplate":"https:\/\/truusk.store\/sv\/?s={search_term_string}"},"query-input":{"@type":"PropertyValueSpecification","valueRequired":true,"valueName":"search_term_string"}}],"inLanguage":"sv-SE"},{"@type":"Organization","@id":"https:\/\/truusk.store\/sv\/#organization","name":"TRUUSK - Hem, Tr\u00e4dg\u00e5rd & Fritid","url":"https:\/\/truusk.store\/sv\/","logo":{"@type":"ImageObject","inLanguage":"sv-SE","@id":"https:\/\/truusk.store\/sv\/#\/schema\/logo\/image\/","url":"https:\/\/i0.wp.com\/truusk.store\/wp-content\/uploads\/2026\/03\/cropped-TRUUSK.png?fit=2032%2C917&ssl=1","contentUrl":"https:\/\/i0.wp.com\/truusk.store\/wp-content\/uploads\/2026\/03\/cropped-TRUUSK.png?fit=2032%2C917&ssl=1","width":2032,"height":917,"caption":"TRUUSK - Hem, Tr\u00e4dg\u00e5rd & Fritid"},"image":{"@id":"https:\/\/truusk.store\/sv\/#\/schema\/logo\/image\/"}}]}},"jetpack_sharing_enabled":true,"_links":{"self":[{"href":"https:\/\/truusk.store\/sv\/wp-json\/wp\/v2\/product\/107345","targetHints":{"allow":["GET"]}}],"collection":[{"href":"https:\/\/truusk.store\/sv\/wp-json\/wp\/v2\/product"}],"about":[{"href":"https:\/\/truusk.store\/sv\/wp-json\/wp\/v2\/types\/product"}],"wp:featuredmedia":[{"embeddable":true,"href":"https:\/\/truusk.store\/sv\/wp-json\/wp\/v2\/media\/107330"}],"wp:attachment":[{"href":"https:\/\/truusk.store\/sv\/wp-json\/wp\/v2\/media?parent=107345"}],"wp:term":[{"taxonomy":"product_brand","embeddable":true,"href":"https:\/\/truusk.store\/sv\/wp-json\/wp\/v2\/product_brand?post=107345"},{"taxonomy":"product_cat","embeddable":true,"href":"https:\/\/truusk.store\/sv\/wp-json\/wp\/v2\/product_cat?post=107345"},{"taxonomy":"product_tag","embeddable":true,"href":"https:\/\/truusk.store\/sv\/wp-json\/wp\/v2\/product_tag?post=107345"}],"curies":[{"name":"wp","href":"https:\/\/api.w.org\/{rel}","templated":true}]}}