{"id":107367,"date":"2026-03-03T13:57:08","date_gmt":"2026-03-03T12:57:08","guid":{"rendered":"https:\/\/truusk.store\/product\/tradgardsmobelset-sittgrupp-for-4-personer-tradgardslounge-med-2-sits-soffa-2-fatoljer-sidobord-i-lamell-design-svart\/"},"modified":"2026-03-12T08:53:46","modified_gmt":"2026-03-12T07:53:46","slug":"truusk-tradgardsmobelset-4-personer-2-sits-soffa-2-fatoljer-sidobord-i-lamell-design-svart","status":"publish","type":"product","link":"https:\/\/truusk.store\/sv\/produkt\/truusk-tradgardsmobelset-4-personer-2-sits-soffa-2-fatoljer-sidobord-i-lamell-design-svart\/","title":{"rendered":"TRUUSK Tr\u00e4dg\u00e5rdsm\u00f6belset 4 Personer &#8211; 2-sits Soffa &#8211; 2 F\u00e5t\u00f6ljer &#8211; Sidobord i Lamell Design &#8211; Svart"},"content":{"rendered":"<p>Tr\u00f6tt p\u00e5 tr\u00e4dg\u00e5rdsm\u00f6bler som bleknar? Detta v\u00e4derbest\u00e4ndiga [BRAND NAME] balkongm\u00f6belset inkluderar en tv\u00e5sitssoffa, tv\u00e5 f\u00e5t\u00f6ljer och ett soffbord. HDPE-konstruktionen motst\u00e5r vatten, sprickor och f\u00f6rruttnelse. Lamelldesignen p\u00e5 tr\u00e4dg\u00e5rdssetet l\u00e5ter vatten rinna av, det rymliga bordet ger plats f\u00f6r snacks. L\u00e4tt att montera, tr\u00e4utseendesetet skapar en inbjudande h\u00f6rna f\u00f6r att koppla av med familj och v\u00e4nner.<\/p>\n<p>Beskrivning:<\/p>\n<ul>\n<li> 4-delat tr\u00e4dg\u00e5rdsm\u00f6belset best\u00e5ende av en tv\u00e5sitsb\u00e4nk, tv\u00e5 f\u00e5t\u00f6ljer och ett soffbord<\/li>\n<li> V\u00e4derbest\u00e4ndiga, sl\u00e4ta HDPE-ytor som motst\u00e5r vatten, sprickor och f\u00f6rruttnelse och underl\u00e4ttar utelivet<\/li>\n<li> 95,3 x 50,5\u202fcm bordsskiva ger mer utrymme och s\u00e4kerhet f\u00f6r sammankomster<\/li>\n<li> Lamelldesign f\u00f6rb\u00e4ttrar luftcirkulationen och torkar snabbt efter regn<\/li>\n<li> Tr\u00e4utseendets textur sm\u00e4lter in i tr\u00e4dg\u00e5rden, balkongen eller vintertr\u00e4dg\u00e5rden utan anstr\u00e4ngning<\/li>\n<li> Modul\u00e4rt tr\u00e4dg\u00e5rdsm\u00f6belset skapar en inbjudande m\u00f6tesplats utomhus med olika layouter<\/li>\n<li> Pulverlackerade metallramar f\u00f6r en stark k\u00e4rna, med skyddande fotdynor<\/li>\n<li> Montering kr\u00e4vs<\/li>\n<\/ul>\n<p> Tekniska specifikationer:<\/p>\n<ul>\n<li> F\u00e4rg: Svart<\/li>\n<li> Material: HDPE, Metall<\/li>\n<li> Tv\u00e5sitsdimensioner: 104B x 71D x 76,5H cm<\/li>\n<li> F\u00e5t\u00f6ljdimensioner: 55,5B x 71D x 76,5H cm<\/li>\n<li> Soffbordsdimensioner: 95,3B x 50,5D x 42H cm<\/li>\n<li> Sitsstorlek: 96,5B x 46,7D cm (tv\u00e5sits), 47B x 46,7D cm (f\u00e5t\u00f6lj)<\/li>\n<li> Sitth\u00f6jd: 37 cm<\/li>\n<li> Belastningskapacitet: 250 kg (tv\u00e5sits), 120 kg (f\u00e5t\u00f6lj), 50 kg (bord)<\/li>\n<\/ul>\n<p>Leveransinneh\u00e5ll:<\/p>\n<ul>\n<li> 1 x Tv\u00e5sits<\/li>\n<li> 2 x F\u00e5t\u00f6ljer<\/li>\n<li> 1 x Soffbord<\/li>\n<li> 1 x Bruksanvisning<\/li>\n<\/ul>\n","protected":false},"excerpt":{"rendered":"<p>Tr\u00f6tt p\u00e5 tr\u00e4dg\u00e5rdsm\u00f6bler som bleknar? Detta v\u00e4derbest\u00e4ndiga [BRAND NAME] balkongm\u00f6belset inkluderar en tv\u00e5sitssoffa, tv\u00e5 f\u00e5t\u00f6ljer och ett soffbord. HDPE-konstruktionen motst\u00e5r&#8230;<\/p>\n","protected":false},"featured_media":107354,"template":"","meta":[],"product_brand":[],"product_cat":[858,450,456],"product_tag":[],"class_list":{"0":"post-107367","1":"product","2":"type-product","3":"status-publish","4":"has-post-thumbnail","6":"product_cat-tradgard-terrass","7":"product_cat-tradgardsmobler","8":"product_cat-tradgardsmobler-set","10":"first","11":"instock","12":"sale","13":"taxable","14":"shipping-taxable","15":"purchasable","16":"product-type-simple"},"yoast_head":"<!-- This site is optimized with the Yoast SEO plugin v25.4 - https:\/\/yoast.com\/wordpress\/plugins\/seo\/ -->\n<title>TRUUSK Tr\u00e4dg\u00e5rdsm\u00f6belset 4 Personer - 2-sits Soffa - 2 F\u00e5t\u00f6ljer - Sidobord i Lamell Design - Svart - TRUUSK - Hem, Tr\u00e4dg\u00e5rd &amp; Fritid<\/title>\n<meta name=\"robots\" content=\"index, follow, max-snippet:-1, max-image-preview:large, max-video-preview:-1\" \/>\n<link rel=\"canonical\" href=\"https:\/\/truusk.store\/sv\/produkt\/truusk-tradgardsmobelset-4-personer-2-sits-soffa-2-fatoljer-sidobord-i-lamell-design-svart\/\" \/>\n<meta property=\"og:locale\" content=\"sv_SE\" \/>\n<meta property=\"og:type\" content=\"article\" \/>\n<meta property=\"og:title\" content=\"TRUUSK Tr\u00e4dg\u00e5rdsm\u00f6belset 4 Personer - 2-sits Soffa - 2 F\u00e5t\u00f6ljer - Sidobord i Lamell Design - Svart - TRUUSK - Hem, Tr\u00e4dg\u00e5rd &amp; Fritid\" \/>\n<meta property=\"og:description\" content=\"Tr\u00f6tt p\u00e5 tr\u00e4dg\u00e5rdsm\u00f6bler som bleknar? Detta v\u00e4derbest\u00e4ndiga [BRAND NAME] balkongm\u00f6belset inkluderar en tv\u00e5sitssoffa, tv\u00e5 f\u00e5t\u00f6ljer och ett soffbord. HDPE-konstruktionen motst\u00e5r...\" \/>\n<meta property=\"og:url\" content=\"https:\/\/truusk.store\/sv\/produkt\/truusk-tradgardsmobelset-4-personer-2-sits-soffa-2-fatoljer-sidobord-i-lamell-design-svart\/\" \/>\n<meta property=\"og:site_name\" content=\"TRUUSK - Hem, Tr\u00e4dg\u00e5rd &amp; Fritid\" \/>\n<meta property=\"article:modified_time\" content=\"2026-03-12T07:53:46+00:00\" \/>\n<meta property=\"og:image\" content=\"https:\/\/i0.wp.com\/truusk.se\/wp-content\/uploads\/2026\/03\/tradgardsmobelset-sittgrupp-for-4-personer-tradgardslounge-med-2-sits-soffa-2-fatoljer-sidobord-i-lamell-design-svart-1.webp?fit=2000%2C2000&ssl=1\" \/>\n\t<meta property=\"og:image:width\" content=\"2000\" \/>\n\t<meta property=\"og:image:height\" content=\"2000\" \/>\n\t<meta property=\"og:image:type\" content=\"image\/webp\" \/>\n<meta name=\"twitter:card\" content=\"summary_large_image\" \/>\n<meta name=\"twitter:label1\" content=\"Ber\u00e4knad l\u00e4stid\" \/>\n\t<meta name=\"twitter:data1\" content=\"1 minut\" \/>\n<!-- \/ Yoast SEO plugin. -->","yoast_head_json":{"title":"TRUUSK Tr\u00e4dg\u00e5rdsm\u00f6belset 4 Personer - 2-sits Soffa - 2 F\u00e5t\u00f6ljer - Sidobord i Lamell Design - Svart - TRUUSK - Hem, Tr\u00e4dg\u00e5rd &amp; Fritid","robots":{"index":"index","follow":"follow","max-snippet":"max-snippet:-1","max-image-preview":"max-image-preview:large","max-video-preview":"max-video-preview:-1"},"canonical":"https:\/\/truusk.store\/sv\/produkt\/truusk-tradgardsmobelset-4-personer-2-sits-soffa-2-fatoljer-sidobord-i-lamell-design-svart\/","og_locale":"sv_SE","og_type":"article","og_title":"TRUUSK Tr\u00e4dg\u00e5rdsm\u00f6belset 4 Personer - 2-sits Soffa - 2 F\u00e5t\u00f6ljer - Sidobord i Lamell Design - Svart - TRUUSK - Hem, Tr\u00e4dg\u00e5rd &amp; Fritid","og_description":"Tr\u00f6tt p\u00e5 tr\u00e4dg\u00e5rdsm\u00f6bler som bleknar? Detta v\u00e4derbest\u00e4ndiga [BRAND NAME] balkongm\u00f6belset inkluderar en tv\u00e5sitssoffa, tv\u00e5 f\u00e5t\u00f6ljer och ett soffbord. HDPE-konstruktionen motst\u00e5r...","og_url":"https:\/\/truusk.store\/sv\/produkt\/truusk-tradgardsmobelset-4-personer-2-sits-soffa-2-fatoljer-sidobord-i-lamell-design-svart\/","og_site_name":"TRUUSK - Hem, Tr\u00e4dg\u00e5rd &amp; Fritid","article_modified_time":"2026-03-12T07:53:46+00:00","og_image":[{"width":2000,"height":2000,"url":"https:\/\/i0.wp.com\/truusk.se\/wp-content\/uploads\/2026\/03\/tradgardsmobelset-sittgrupp-for-4-personer-tradgardslounge-med-2-sits-soffa-2-fatoljer-sidobord-i-lamell-design-svart-1.webp?fit=2000%2C2000&ssl=1","type":"image\/webp"}],"twitter_card":"summary_large_image","twitter_misc":{"Ber\u00e4knad l\u00e4stid":"1 minut"},"schema":{"@context":"https:\/\/schema.org","@graph":[{"@type":"WebPage","@id":"https:\/\/truusk.store\/sv\/produkt\/truusk-tradgardsmobelset-4-personer-2-sits-soffa-2-fatoljer-sidobord-i-lamell-design-svart\/","url":"https:\/\/truusk.store\/sv\/produkt\/truusk-tradgardsmobelset-4-personer-2-sits-soffa-2-fatoljer-sidobord-i-lamell-design-svart\/","name":"TRUUSK Tr\u00e4dg\u00e5rdsm\u00f6belset 4 Personer - 2-sits Soffa - 2 F\u00e5t\u00f6ljer - Sidobord i Lamell Design - Svart - TRUUSK - Hem, Tr\u00e4dg\u00e5rd &amp; Fritid","isPartOf":{"@id":"https:\/\/truusk.store\/sv\/#website"},"primaryImageOfPage":{"@id":"https:\/\/truusk.store\/sv\/produkt\/truusk-tradgardsmobelset-4-personer-2-sits-soffa-2-fatoljer-sidobord-i-lamell-design-svart\/#primaryimage"},"image":{"@id":"https:\/\/truusk.store\/sv\/produkt\/truusk-tradgardsmobelset-4-personer-2-sits-soffa-2-fatoljer-sidobord-i-lamell-design-svart\/#primaryimage"},"thumbnailUrl":"https:\/\/i0.wp.com\/truusk.store\/wp-content\/uploads\/2026\/03\/tradgardsmobelset-sittgrupp-for-4-personer-tradgardslounge-med-2-sits-soffa-2-fatoljer-sidobord-i-lamell-design-svart-1.webp?fit=2000%2C2000&ssl=1","datePublished":"2026-03-03T12:57:08+00:00","dateModified":"2026-03-12T07:53:46+00:00","breadcrumb":{"@id":"https:\/\/truusk.store\/sv\/produkt\/truusk-tradgardsmobelset-4-personer-2-sits-soffa-2-fatoljer-sidobord-i-lamell-design-svart\/#breadcrumb"},"inLanguage":"sv-SE","potentialAction":[{"@type":"ReadAction","target":["https:\/\/truusk.store\/sv\/produkt\/truusk-tradgardsmobelset-4-personer-2-sits-soffa-2-fatoljer-sidobord-i-lamell-design-svart\/"]}]},{"@type":"ImageObject","inLanguage":"sv-SE","@id":"https:\/\/truusk.store\/sv\/produkt\/truusk-tradgardsmobelset-4-personer-2-sits-soffa-2-fatoljer-sidobord-i-lamell-design-svart\/#primaryimage","url":"https:\/\/i0.wp.com\/truusk.store\/wp-content\/uploads\/2026\/03\/tradgardsmobelset-sittgrupp-for-4-personer-tradgardslounge-med-2-sits-soffa-2-fatoljer-sidobord-i-lamell-design-svart-1.webp?fit=2000%2C2000&ssl=1","contentUrl":"https:\/\/i0.wp.com\/truusk.store\/wp-content\/uploads\/2026\/03\/tradgardsmobelset-sittgrupp-for-4-personer-tradgardslounge-med-2-sits-soffa-2-fatoljer-sidobord-i-lamell-design-svart-1.webp?fit=2000%2C2000&ssl=1","width":2000,"height":2000},{"@type":"BreadcrumbList","@id":"https:\/\/truusk.store\/sv\/produkt\/truusk-tradgardsmobelset-4-personer-2-sits-soffa-2-fatoljer-sidobord-i-lamell-design-svart\/#breadcrumb","itemListElement":[{"@type":"ListItem","position":1,"name":"Home","item":"https:\/\/truusk.store\/sv\/"},{"@type":"ListItem","position":2,"name":"Shop","item":"https:\/\/truusk.store\/shop\/"},{"@type":"ListItem","position":3,"name":"TRUUSK Tr\u00e4dg\u00e5rdsm\u00f6belset 4 Personer &#8211; 2-sits Soffa &#8211; 2 F\u00e5t\u00f6ljer &#8211; Sidobord i Lamell Design &#8211; Svart"}]},{"@type":"WebSite","@id":"https:\/\/truusk.store\/sv\/#website","url":"https:\/\/truusk.store\/sv\/","name":"TRUUSK - Hem, Tr\u00e4dg\u00e5rd & Fritid","description":"","publisher":{"@id":"https:\/\/truusk.store\/sv\/#organization"},"potentialAction":[{"@type":"SearchAction","target":{"@type":"EntryPoint","urlTemplate":"https:\/\/truusk.store\/sv\/?s={search_term_string}"},"query-input":{"@type":"PropertyValueSpecification","valueRequired":true,"valueName":"search_term_string"}}],"inLanguage":"sv-SE"},{"@type":"Organization","@id":"https:\/\/truusk.store\/sv\/#organization","name":"TRUUSK - Hem, Tr\u00e4dg\u00e5rd & Fritid","url":"https:\/\/truusk.store\/sv\/","logo":{"@type":"ImageObject","inLanguage":"sv-SE","@id":"https:\/\/truusk.store\/sv\/#\/schema\/logo\/image\/","url":"https:\/\/i0.wp.com\/truusk.store\/wp-content\/uploads\/2026\/03\/cropped-TRUUSK.png?fit=2032%2C917&ssl=1","contentUrl":"https:\/\/i0.wp.com\/truusk.store\/wp-content\/uploads\/2026\/03\/cropped-TRUUSK.png?fit=2032%2C917&ssl=1","width":2032,"height":917,"caption":"TRUUSK - Hem, Tr\u00e4dg\u00e5rd & Fritid"},"image":{"@id":"https:\/\/truusk.store\/sv\/#\/schema\/logo\/image\/"}}]}},"jetpack_sharing_enabled":true,"_links":{"self":[{"href":"https:\/\/truusk.store\/sv\/wp-json\/wp\/v2\/product\/107367","targetHints":{"allow":["GET"]}}],"collection":[{"href":"https:\/\/truusk.store\/sv\/wp-json\/wp\/v2\/product"}],"about":[{"href":"https:\/\/truusk.store\/sv\/wp-json\/wp\/v2\/types\/product"}],"wp:featuredmedia":[{"embeddable":true,"href":"https:\/\/truusk.store\/sv\/wp-json\/wp\/v2\/media\/107354"}],"wp:attachment":[{"href":"https:\/\/truusk.store\/sv\/wp-json\/wp\/v2\/media?parent=107367"}],"wp:term":[{"taxonomy":"product_brand","embeddable":true,"href":"https:\/\/truusk.store\/sv\/wp-json\/wp\/v2\/product_brand?post=107367"},{"taxonomy":"product_cat","embeddable":true,"href":"https:\/\/truusk.store\/sv\/wp-json\/wp\/v2\/product_cat?post=107367"},{"taxonomy":"product_tag","embeddable":true,"href":"https:\/\/truusk.store\/sv\/wp-json\/wp\/v2\/product_tag?post=107367"}],"curies":[{"name":"wp","href":"https:\/\/api.w.org\/{rel}","templated":true}]}}