{"id":107393,"date":"2026-03-03T13:59:48","date_gmt":"2026-03-03T12:59:48","guid":{"rendered":"https:\/\/truusk.store\/product\/reservtyg-for-markis-solskyddstak-upf-50-for-35-x-25-m-ram-morkgra\/"},"modified":"2026-03-12T08:53:47","modified_gmt":"2026-03-12T07:53:47","slug":"truusk-reservtyg-for-markis-solskyddstak-upf-50-morkgra-for-35-x-25-m-ram","status":"publish","type":"product","link":"https:\/\/truusk.store\/sv\/produkt\/truusk-reservtyg-for-markis-solskyddstak-upf-50-morkgra-for-35-x-25-m-ram\/","title":{"rendered":"TRUUSK Reservtyg F\u00f6r Markis &#8211; Solskyddstak UPF 50+ &#8211; M\u00f6rkgr\u00e5 &#8211; F\u00f6r 3,5 x 2,5 m Ram"},"content":{"rendered":"<p> Ett blekt, trasigt solskydd kan f\u00f6rst\u00f6ra din terrassdag. Detta ers\u00e4ttningssolskydd fr\u00e5n [BRAND NAME] av 280 g\/m\u00b2 polyester med UPF 50+ skydd erbjuder en enkel l\u00f6sning. Den passar p\u00e5 3,5 x 2,5 m ram och ger komfort i din tr\u00e4dg\u00e5rd. <\/p>\n<p> Beskrivning: <\/p>\n<ul>\n<li> Byt ut din gamla t\u00e4ckning med denna slitstarka 280g\/m\u00b2 rivbest\u00e4ndiga polyesterv\u00e4v <\/li>\n<li> Njut av utm\u00e4rkt UPF 50+ solskydd och tillf\u00f6rlitligt 800 mm vattent\u00e5lig <\/li>\n<li> Den beige markisv\u00e4ven m\u00e4ter 337&#215;250 cm och passar perfekt p\u00e5 standardramar av 3,5&#215;2,5 m <\/li>\n<li> Detta kompletta markisv\u00e4v ers\u00e4ttningsset inkluderar en huvudduk och en volang <\/li>\n<li> L\u00e4mplig f\u00f6r att fr\u00e4scha upp din terrass, din tr\u00e4dg\u00e5rd eller utomhusomr\u00e5den <\/li>\n<li> Kan enkelt f\u00e4stas p\u00e5 din befintliga struktur via de integrerade st\u00e5ngsp\u00e5ren <\/li>\n<li> Montering kr\u00e4vs <\/li>\n<\/ul>\n<p> Tekniska specifikationer: <\/p>\n<ul>\n<li> F\u00e4rg: M\u00f6rkgr\u00e5 <\/li>\n<li> Material: Polyester <\/li>\n<li> Totala dimensioner: 337L x 250B cm <\/li>\n<li> Volangm\u00e5tt: 25H cm <\/li>\n<li> L\u00e4mpliga markism\u00e5tt: 3,5L x 2,5B m <\/li>\n<\/ul>\n<p> Leveransinneh\u00e5ll: <\/p>\n<ul>\n<li> 1 x Markisv\u00e4v ers\u00e4ttning; <\/li>\n<\/ul>\n","protected":false},"excerpt":{"rendered":"<p>Ett blekt, trasigt solskydd kan f\u00f6rst\u00f6ra din terrassdag. Detta ers\u00e4ttningssolskydd fr\u00e5n [BRAND NAME] av 280 g\/m\u00b2 polyester med UPF 50+&#8230;<\/p>\n","protected":false},"featured_media":107384,"template":"","meta":[],"product_brand":[],"product_cat":[862,474,858],"product_tag":[],"class_list":{"0":"post-107393","1":"product","2":"type-product","3":"status-publish","4":"has-post-thumbnail","6":"product_cat-sol-insynsskydd","7":"product_cat-solsegel","8":"product_cat-tradgard-terrass","10":"first","11":"instock","12":"sale","13":"taxable","14":"shipping-taxable","15":"purchasable","16":"product-type-simple"},"yoast_head":"<!-- This site is optimized with the Yoast SEO plugin v25.4 - https:\/\/yoast.com\/wordpress\/plugins\/seo\/ -->\n<title>TRUUSK Reservtyg F\u00f6r Markis - Solskyddstak UPF 50+ - M\u00f6rkgr\u00e5 - F\u00f6r 3,5 x 2,5 m Ram - TRUUSK - Hem, Tr\u00e4dg\u00e5rd &amp; Fritid<\/title>\n<meta name=\"robots\" content=\"index, follow, max-snippet:-1, max-image-preview:large, max-video-preview:-1\" \/>\n<link rel=\"canonical\" href=\"https:\/\/truusk.store\/sv\/produkt\/truusk-reservtyg-for-markis-solskyddstak-upf-50-morkgra-for-35-x-25-m-ram\/\" \/>\n<meta property=\"og:locale\" content=\"sv_SE\" \/>\n<meta property=\"og:type\" content=\"article\" \/>\n<meta property=\"og:title\" content=\"TRUUSK Reservtyg F\u00f6r Markis - Solskyddstak UPF 50+ - M\u00f6rkgr\u00e5 - F\u00f6r 3,5 x 2,5 m Ram - TRUUSK - Hem, Tr\u00e4dg\u00e5rd &amp; Fritid\" \/>\n<meta property=\"og:description\" content=\"Ett blekt, trasigt solskydd kan f\u00f6rst\u00f6ra din terrassdag. Detta ers\u00e4ttningssolskydd fr\u00e5n [BRAND NAME] av 280 g\/m\u00b2 polyester med UPF 50+...\" \/>\n<meta property=\"og:url\" content=\"https:\/\/truusk.store\/sv\/produkt\/truusk-reservtyg-for-markis-solskyddstak-upf-50-morkgra-for-35-x-25-m-ram\/\" \/>\n<meta property=\"og:site_name\" content=\"TRUUSK - Hem, Tr\u00e4dg\u00e5rd &amp; Fritid\" \/>\n<meta property=\"article:modified_time\" content=\"2026-03-12T07:53:47+00:00\" \/>\n<meta property=\"og:image\" content=\"https:\/\/i0.wp.com\/truusk.se\/wp-content\/uploads\/2026\/03\/reservtyg-for-markis-solskyddstak-upf-50-for-35-x-25-m-ram-morkgra-1.webp?fit=2000%2C2000&ssl=1\" \/>\n\t<meta property=\"og:image:width\" content=\"2000\" \/>\n\t<meta property=\"og:image:height\" content=\"2000\" \/>\n\t<meta property=\"og:image:type\" content=\"image\/webp\" \/>\n<meta name=\"twitter:card\" content=\"summary_large_image\" \/>\n<meta name=\"twitter:label1\" content=\"Ber\u00e4knad l\u00e4stid\" \/>\n\t<meta name=\"twitter:data1\" content=\"1 minut\" \/>\n<!-- \/ Yoast SEO plugin. -->","yoast_head_json":{"title":"TRUUSK Reservtyg F\u00f6r Markis - Solskyddstak UPF 50+ - M\u00f6rkgr\u00e5 - F\u00f6r 3,5 x 2,5 m Ram - TRUUSK - Hem, Tr\u00e4dg\u00e5rd &amp; Fritid","robots":{"index":"index","follow":"follow","max-snippet":"max-snippet:-1","max-image-preview":"max-image-preview:large","max-video-preview":"max-video-preview:-1"},"canonical":"https:\/\/truusk.store\/sv\/produkt\/truusk-reservtyg-for-markis-solskyddstak-upf-50-morkgra-for-35-x-25-m-ram\/","og_locale":"sv_SE","og_type":"article","og_title":"TRUUSK Reservtyg F\u00f6r Markis - Solskyddstak UPF 50+ - M\u00f6rkgr\u00e5 - F\u00f6r 3,5 x 2,5 m Ram - TRUUSK - Hem, Tr\u00e4dg\u00e5rd &amp; Fritid","og_description":"Ett blekt, trasigt solskydd kan f\u00f6rst\u00f6ra din terrassdag. Detta ers\u00e4ttningssolskydd fr\u00e5n [BRAND NAME] av 280 g\/m\u00b2 polyester med UPF 50+...","og_url":"https:\/\/truusk.store\/sv\/produkt\/truusk-reservtyg-for-markis-solskyddstak-upf-50-morkgra-for-35-x-25-m-ram\/","og_site_name":"TRUUSK - Hem, Tr\u00e4dg\u00e5rd &amp; Fritid","article_modified_time":"2026-03-12T07:53:47+00:00","og_image":[{"width":2000,"height":2000,"url":"https:\/\/i0.wp.com\/truusk.se\/wp-content\/uploads\/2026\/03\/reservtyg-for-markis-solskyddstak-upf-50-for-35-x-25-m-ram-morkgra-1.webp?fit=2000%2C2000&ssl=1","type":"image\/webp"}],"twitter_card":"summary_large_image","twitter_misc":{"Ber\u00e4knad l\u00e4stid":"1 minut"},"schema":{"@context":"https:\/\/schema.org","@graph":[{"@type":"WebPage","@id":"https:\/\/truusk.store\/sv\/produkt\/truusk-reservtyg-for-markis-solskyddstak-upf-50-morkgra-for-35-x-25-m-ram\/","url":"https:\/\/truusk.store\/sv\/produkt\/truusk-reservtyg-for-markis-solskyddstak-upf-50-morkgra-for-35-x-25-m-ram\/","name":"TRUUSK Reservtyg F\u00f6r Markis - Solskyddstak UPF 50+ - M\u00f6rkgr\u00e5 - F\u00f6r 3,5 x 2,5 m Ram - TRUUSK - Hem, Tr\u00e4dg\u00e5rd &amp; Fritid","isPartOf":{"@id":"https:\/\/truusk.store\/sv\/#website"},"primaryImageOfPage":{"@id":"https:\/\/truusk.store\/sv\/produkt\/truusk-reservtyg-for-markis-solskyddstak-upf-50-morkgra-for-35-x-25-m-ram\/#primaryimage"},"image":{"@id":"https:\/\/truusk.store\/sv\/produkt\/truusk-reservtyg-for-markis-solskyddstak-upf-50-morkgra-for-35-x-25-m-ram\/#primaryimage"},"thumbnailUrl":"https:\/\/i0.wp.com\/truusk.store\/wp-content\/uploads\/2026\/03\/reservtyg-for-markis-solskyddstak-upf-50-for-35-x-25-m-ram-morkgra-1.webp?fit=2000%2C2000&ssl=1","datePublished":"2026-03-03T12:59:48+00:00","dateModified":"2026-03-12T07:53:47+00:00","breadcrumb":{"@id":"https:\/\/truusk.store\/sv\/produkt\/truusk-reservtyg-for-markis-solskyddstak-upf-50-morkgra-for-35-x-25-m-ram\/#breadcrumb"},"inLanguage":"sv-SE","potentialAction":[{"@type":"ReadAction","target":["https:\/\/truusk.store\/sv\/produkt\/truusk-reservtyg-for-markis-solskyddstak-upf-50-morkgra-for-35-x-25-m-ram\/"]}]},{"@type":"ImageObject","inLanguage":"sv-SE","@id":"https:\/\/truusk.store\/sv\/produkt\/truusk-reservtyg-for-markis-solskyddstak-upf-50-morkgra-for-35-x-25-m-ram\/#primaryimage","url":"https:\/\/i0.wp.com\/truusk.store\/wp-content\/uploads\/2026\/03\/reservtyg-for-markis-solskyddstak-upf-50-for-35-x-25-m-ram-morkgra-1.webp?fit=2000%2C2000&ssl=1","contentUrl":"https:\/\/i0.wp.com\/truusk.store\/wp-content\/uploads\/2026\/03\/reservtyg-for-markis-solskyddstak-upf-50-for-35-x-25-m-ram-morkgra-1.webp?fit=2000%2C2000&ssl=1","width":2000,"height":2000},{"@type":"BreadcrumbList","@id":"https:\/\/truusk.store\/sv\/produkt\/truusk-reservtyg-for-markis-solskyddstak-upf-50-morkgra-for-35-x-25-m-ram\/#breadcrumb","itemListElement":[{"@type":"ListItem","position":1,"name":"Home","item":"https:\/\/truusk.store\/sv\/"},{"@type":"ListItem","position":2,"name":"Shop","item":"https:\/\/truusk.store\/shop\/"},{"@type":"ListItem","position":3,"name":"TRUUSK Reservtyg F\u00f6r Markis &#8211; Solskyddstak UPF 50+ &#8211; M\u00f6rkgr\u00e5 &#8211; F\u00f6r 3,5 x 2,5 m Ram"}]},{"@type":"WebSite","@id":"https:\/\/truusk.store\/sv\/#website","url":"https:\/\/truusk.store\/sv\/","name":"TRUUSK - Hem, Tr\u00e4dg\u00e5rd & Fritid","description":"","publisher":{"@id":"https:\/\/truusk.store\/sv\/#organization"},"potentialAction":[{"@type":"SearchAction","target":{"@type":"EntryPoint","urlTemplate":"https:\/\/truusk.store\/sv\/?s={search_term_string}"},"query-input":{"@type":"PropertyValueSpecification","valueRequired":true,"valueName":"search_term_string"}}],"inLanguage":"sv-SE"},{"@type":"Organization","@id":"https:\/\/truusk.store\/sv\/#organization","name":"TRUUSK - Hem, Tr\u00e4dg\u00e5rd & Fritid","url":"https:\/\/truusk.store\/sv\/","logo":{"@type":"ImageObject","inLanguage":"sv-SE","@id":"https:\/\/truusk.store\/sv\/#\/schema\/logo\/image\/","url":"https:\/\/i0.wp.com\/truusk.store\/wp-content\/uploads\/2026\/03\/cropped-TRUUSK.png?fit=2032%2C917&ssl=1","contentUrl":"https:\/\/i0.wp.com\/truusk.store\/wp-content\/uploads\/2026\/03\/cropped-TRUUSK.png?fit=2032%2C917&ssl=1","width":2032,"height":917,"caption":"TRUUSK - Hem, Tr\u00e4dg\u00e5rd & Fritid"},"image":{"@id":"https:\/\/truusk.store\/sv\/#\/schema\/logo\/image\/"}}]}},"jetpack_sharing_enabled":true,"_links":{"self":[{"href":"https:\/\/truusk.store\/sv\/wp-json\/wp\/v2\/product\/107393","targetHints":{"allow":["GET"]}}],"collection":[{"href":"https:\/\/truusk.store\/sv\/wp-json\/wp\/v2\/product"}],"about":[{"href":"https:\/\/truusk.store\/sv\/wp-json\/wp\/v2\/types\/product"}],"wp:featuredmedia":[{"embeddable":true,"href":"https:\/\/truusk.store\/sv\/wp-json\/wp\/v2\/media\/107384"}],"wp:attachment":[{"href":"https:\/\/truusk.store\/sv\/wp-json\/wp\/v2\/media?parent=107393"}],"wp:term":[{"taxonomy":"product_brand","embeddable":true,"href":"https:\/\/truusk.store\/sv\/wp-json\/wp\/v2\/product_brand?post=107393"},{"taxonomy":"product_cat","embeddable":true,"href":"https:\/\/truusk.store\/sv\/wp-json\/wp\/v2\/product_cat?post=107393"},{"taxonomy":"product_tag","embeddable":true,"href":"https:\/\/truusk.store\/sv\/wp-json\/wp\/v2\/product_tag?post=107393"}],"curies":[{"name":"wp","href":"https:\/\/api.w.org\/{rel}","templated":true}]}}