{"id":107403,"date":"2026-03-03T14:01:02","date_gmt":"2026-03-03T13:01:02","guid":{"rendered":"https:\/\/truusk.store\/product\/kaninbur-i-tva-vaningar-av-tra-med-vaderbestandigt-oppningsbart-tak-frigangshagn-ramp-98x95x1025-cm-gra\/"},"modified":"2026-03-12T08:53:47","modified_gmt":"2026-03-12T07:53:47","slug":"truusk-kaninbur-i-tva-vaningar-av-tra-vaderbestandigt-oppningsbart-tak-frigangshagn-ramp-98x95x1025-cm-gra","status":"publish","type":"product","link":"https:\/\/truusk.store\/sv\/produkt\/truusk-kaninbur-i-tva-vaningar-av-tra-vaderbestandigt-oppningsbart-tak-frigangshagn-ramp-98x95x1025-cm-gra\/","title":{"rendered":"TRUUSK Kaninbur i Tv\u00e5 V\u00e5ningar av Tr\u00e4 &#8211; V\u00e4derbest\u00e4ndigt \u00f6ppningsbart Tak &#8211; Frig\u00e5ngsh\u00e4gn &#8211; Ramp &#8211; 98x95x102,5 cm &#8211; Gr\u00e5"},"content":{"rendered":"<p>Tr\u00f6tt p\u00e5 vacklande burar och m\u00f6dosamma reng\u00f6ringar? Den st\u00e4ndiga oron f\u00f6r dina husdjurs s\u00e4kerhet vid of\u00f6ruts\u00e4gbart v\u00e4der och det besv\u00e4rliga reng\u00f6randet av deras hem kan vara anstr\u00e4ngande. Denna utomhuskaninbur fr\u00e5n [BRAND NAME] ger dig lugnande s\u00e4kerhet. Dess rymliga, tv\u00e5v\u00e5ningsdesign erbjuder gott om utrymme f\u00f6r utforskning, medan det v\u00e4derbest\u00e4ndiga taket h\u00e5ller dem torra. En utdragbar l\u00e5da underl\u00e4ttar reng\u00f6ring och skapar ett glatt, h\u00e4lsosamt hem.<\/p>\n<p>Beskrivning:<\/p>\n<ul>\n<li> Tv\u00e5v\u00e5nings kaninbur med 3 zoner f\u00f6r vila och lek, l\u00e4mplig f\u00f6r 2\u20134 kaniner<\/li>\n<li> Reng\u00f6ring \u00e4r enkel tack vare helt \u00f6ppningsbara tak och en utdragbar l\u00e5da<\/li>\n<li> V\u00e4derbest\u00e4ndigt PET-tak och ram av grantr\u00e4 erbjuder s\u00e4kert utomhusskydd<\/li>\n<li> Flera l\u00e5sbara d\u00f6rrar m\u00f6jligg\u00f6r enkel \u00e5tkomst och s\u00e4kerhet<\/li>\n<li> Tr\u00e5dn\u00e4tsv\u00e4ggar ger utm\u00e4rkt ventilation och en fantastisk utsikt \u00f6ver dina husdjur<\/li>\n<li> L\u00e4mplig f\u00f6r kaniner, h\u00f6ns, marsvin, chinchillas, illrar och andra sm\u00e5 djur<\/li>\n<li> En intern ramp och d\u00f6rr fr\u00e4mjar utforskning och h\u00e4lsosam fysisk aktivitet<\/li>\n<li> Montering kr\u00e4vs<\/li>\n<\/ul>\n<p> Tekniska specifikationer:<\/p>\n<ul>\n<li> F\u00e4rg: Gr\u00e5+Vit+Svart<\/li>\n<li> Material: Grantr\u00e4, PET, ABS<\/li>\n<li> Totala dimensioner: 98L x 95B x 102,5H cm<\/li>\n<li> Huvudhusets dimensioner: 90B x 45T x 51H cm (Fram), 90B x 45T x 41H cm (Bak)<\/li>\n<li> Huvudhusets inre: 86B x 43T x 49H cm (Fram), 86B x 41,5T x 40H cm (Bak)<\/li>\n<li> L\u00f6pboxens dimensioner: 90B x 90,5T x 50H cm<\/li>\n<li> Huvudhusets d\u00f6rr: 29B x 39,5H cm<\/li>\n<li> L\u00f6pboxens d\u00f6rr: 29,5B x 43,2H cm<\/li>\n<li> Rampstorlek: 75L x 20B cm<\/li>\n<li> L\u00e5dstorlek: 86B x 44T x 3H cm<\/li>\n<\/ul>\n<p>Leveransinneh\u00e5ll:<\/p>\n<ul>\n<li> 1 x Kaninbur<\/li>\n<li> 1 x Utdragbar bricka<\/li>\n<li> 1 x Instruktioner<\/li>\n<\/ul>\n","protected":false},"excerpt":{"rendered":"<p>Tr\u00f6tt p\u00e5 vacklande burar och m\u00f6dosamma reng\u00f6ringar? Den st\u00e4ndiga oron f\u00f6r dina husdjurs s\u00e4kerhet vid of\u00f6ruts\u00e4gbart v\u00e4der och det besv\u00e4rliga&#8230;<\/p>\n","protected":false},"featured_media":107394,"template":"","meta":[],"product_brand":[],"product_cat":[878,598,597],"product_tag":[],"class_list":{"0":"post-107403","1":"product","2":"type-product","3":"status-publish","4":"has-post-thumbnail","6":"product_cat-djurbehov","7":"product_cat-sma-djurstallar","8":"product_cat-sma-djurtillbehor","10":"first","11":"instock","12":"sale","13":"taxable","14":"shipping-taxable","15":"purchasable","16":"product-type-simple"},"yoast_head":"<!-- This site is optimized with the Yoast SEO plugin v25.4 - https:\/\/yoast.com\/wordpress\/plugins\/seo\/ -->\n<title>TRUUSK Kaninbur i Tv\u00e5 V\u00e5ningar av Tr\u00e4 - V\u00e4derbest\u00e4ndigt \u00f6ppningsbart Tak - Frig\u00e5ngsh\u00e4gn - Ramp - 98x95x102,5 cm - Gr\u00e5 - TRUUSK - Hem, Tr\u00e4dg\u00e5rd &amp; Fritid<\/title>\n<meta name=\"robots\" content=\"index, follow, max-snippet:-1, max-image-preview:large, max-video-preview:-1\" \/>\n<link rel=\"canonical\" href=\"https:\/\/truusk.store\/sv\/produkt\/truusk-kaninbur-i-tva-vaningar-av-tra-vaderbestandigt-oppningsbart-tak-frigangshagn-ramp-98x95x1025-cm-gra\/\" \/>\n<meta property=\"og:locale\" content=\"sv_SE\" \/>\n<meta property=\"og:type\" content=\"article\" \/>\n<meta property=\"og:title\" content=\"TRUUSK Kaninbur i Tv\u00e5 V\u00e5ningar av Tr\u00e4 - V\u00e4derbest\u00e4ndigt \u00f6ppningsbart Tak - Frig\u00e5ngsh\u00e4gn - Ramp - 98x95x102,5 cm - Gr\u00e5 - TRUUSK - Hem, Tr\u00e4dg\u00e5rd &amp; Fritid\" \/>\n<meta property=\"og:description\" content=\"Tr\u00f6tt p\u00e5 vacklande burar och m\u00f6dosamma reng\u00f6ringar? Den st\u00e4ndiga oron f\u00f6r dina husdjurs s\u00e4kerhet vid of\u00f6ruts\u00e4gbart v\u00e4der och det besv\u00e4rliga...\" \/>\n<meta property=\"og:url\" content=\"https:\/\/truusk.store\/sv\/produkt\/truusk-kaninbur-i-tva-vaningar-av-tra-vaderbestandigt-oppningsbart-tak-frigangshagn-ramp-98x95x1025-cm-gra\/\" \/>\n<meta property=\"og:site_name\" content=\"TRUUSK - Hem, Tr\u00e4dg\u00e5rd &amp; Fritid\" \/>\n<meta property=\"article:modified_time\" content=\"2026-03-12T07:53:47+00:00\" \/>\n<meta property=\"og:image\" content=\"https:\/\/i0.wp.com\/truusk.se\/wp-content\/uploads\/2026\/03\/kaninbur-i-tva-vaningar-av-tra-med-vaderbestandigt-oppningsbart-tak-frigangshagn-ramp-98x95x1025-cm-gra-1.webp?fit=2000%2C2000&ssl=1\" \/>\n\t<meta property=\"og:image:width\" content=\"2000\" \/>\n\t<meta property=\"og:image:height\" content=\"2000\" \/>\n\t<meta property=\"og:image:type\" content=\"image\/webp\" \/>\n<meta name=\"twitter:card\" content=\"summary_large_image\" \/>\n<meta name=\"twitter:label1\" content=\"Ber\u00e4knad l\u00e4stid\" \/>\n\t<meta name=\"twitter:data1\" content=\"1 minut\" \/>\n<!-- \/ Yoast SEO plugin. -->","yoast_head_json":{"title":"TRUUSK Kaninbur i Tv\u00e5 V\u00e5ningar av Tr\u00e4 - V\u00e4derbest\u00e4ndigt \u00f6ppningsbart Tak - Frig\u00e5ngsh\u00e4gn - Ramp - 98x95x102,5 cm - Gr\u00e5 - TRUUSK - Hem, Tr\u00e4dg\u00e5rd &amp; Fritid","robots":{"index":"index","follow":"follow","max-snippet":"max-snippet:-1","max-image-preview":"max-image-preview:large","max-video-preview":"max-video-preview:-1"},"canonical":"https:\/\/truusk.store\/sv\/produkt\/truusk-kaninbur-i-tva-vaningar-av-tra-vaderbestandigt-oppningsbart-tak-frigangshagn-ramp-98x95x1025-cm-gra\/","og_locale":"sv_SE","og_type":"article","og_title":"TRUUSK Kaninbur i Tv\u00e5 V\u00e5ningar av Tr\u00e4 - V\u00e4derbest\u00e4ndigt \u00f6ppningsbart Tak - Frig\u00e5ngsh\u00e4gn - Ramp - 98x95x102,5 cm - Gr\u00e5 - TRUUSK - Hem, Tr\u00e4dg\u00e5rd &amp; Fritid","og_description":"Tr\u00f6tt p\u00e5 vacklande burar och m\u00f6dosamma reng\u00f6ringar? Den st\u00e4ndiga oron f\u00f6r dina husdjurs s\u00e4kerhet vid of\u00f6ruts\u00e4gbart v\u00e4der och det besv\u00e4rliga...","og_url":"https:\/\/truusk.store\/sv\/produkt\/truusk-kaninbur-i-tva-vaningar-av-tra-vaderbestandigt-oppningsbart-tak-frigangshagn-ramp-98x95x1025-cm-gra\/","og_site_name":"TRUUSK - Hem, Tr\u00e4dg\u00e5rd &amp; Fritid","article_modified_time":"2026-03-12T07:53:47+00:00","og_image":[{"width":2000,"height":2000,"url":"https:\/\/i0.wp.com\/truusk.se\/wp-content\/uploads\/2026\/03\/kaninbur-i-tva-vaningar-av-tra-med-vaderbestandigt-oppningsbart-tak-frigangshagn-ramp-98x95x1025-cm-gra-1.webp?fit=2000%2C2000&ssl=1","type":"image\/webp"}],"twitter_card":"summary_large_image","twitter_misc":{"Ber\u00e4knad l\u00e4stid":"1 minut"},"schema":{"@context":"https:\/\/schema.org","@graph":[{"@type":"WebPage","@id":"https:\/\/truusk.store\/sv\/produkt\/truusk-kaninbur-i-tva-vaningar-av-tra-vaderbestandigt-oppningsbart-tak-frigangshagn-ramp-98x95x1025-cm-gra\/","url":"https:\/\/truusk.store\/sv\/produkt\/truusk-kaninbur-i-tva-vaningar-av-tra-vaderbestandigt-oppningsbart-tak-frigangshagn-ramp-98x95x1025-cm-gra\/","name":"TRUUSK Kaninbur i Tv\u00e5 V\u00e5ningar av Tr\u00e4 - V\u00e4derbest\u00e4ndigt \u00f6ppningsbart Tak - Frig\u00e5ngsh\u00e4gn - Ramp - 98x95x102,5 cm - Gr\u00e5 - TRUUSK - Hem, Tr\u00e4dg\u00e5rd &amp; Fritid","isPartOf":{"@id":"https:\/\/truusk.store\/sv\/#website"},"primaryImageOfPage":{"@id":"https:\/\/truusk.store\/sv\/produkt\/truusk-kaninbur-i-tva-vaningar-av-tra-vaderbestandigt-oppningsbart-tak-frigangshagn-ramp-98x95x1025-cm-gra\/#primaryimage"},"image":{"@id":"https:\/\/truusk.store\/sv\/produkt\/truusk-kaninbur-i-tva-vaningar-av-tra-vaderbestandigt-oppningsbart-tak-frigangshagn-ramp-98x95x1025-cm-gra\/#primaryimage"},"thumbnailUrl":"https:\/\/i0.wp.com\/truusk.store\/wp-content\/uploads\/2026\/03\/kaninbur-i-tva-vaningar-av-tra-med-vaderbestandigt-oppningsbart-tak-frigangshagn-ramp-98x95x1025-cm-gra-1.webp?fit=2000%2C2000&ssl=1","datePublished":"2026-03-03T13:01:02+00:00","dateModified":"2026-03-12T07:53:47+00:00","breadcrumb":{"@id":"https:\/\/truusk.store\/sv\/produkt\/truusk-kaninbur-i-tva-vaningar-av-tra-vaderbestandigt-oppningsbart-tak-frigangshagn-ramp-98x95x1025-cm-gra\/#breadcrumb"},"inLanguage":"sv-SE","potentialAction":[{"@type":"ReadAction","target":["https:\/\/truusk.store\/sv\/produkt\/truusk-kaninbur-i-tva-vaningar-av-tra-vaderbestandigt-oppningsbart-tak-frigangshagn-ramp-98x95x1025-cm-gra\/"]}]},{"@type":"ImageObject","inLanguage":"sv-SE","@id":"https:\/\/truusk.store\/sv\/produkt\/truusk-kaninbur-i-tva-vaningar-av-tra-vaderbestandigt-oppningsbart-tak-frigangshagn-ramp-98x95x1025-cm-gra\/#primaryimage","url":"https:\/\/i0.wp.com\/truusk.store\/wp-content\/uploads\/2026\/03\/kaninbur-i-tva-vaningar-av-tra-med-vaderbestandigt-oppningsbart-tak-frigangshagn-ramp-98x95x1025-cm-gra-1.webp?fit=2000%2C2000&ssl=1","contentUrl":"https:\/\/i0.wp.com\/truusk.store\/wp-content\/uploads\/2026\/03\/kaninbur-i-tva-vaningar-av-tra-med-vaderbestandigt-oppningsbart-tak-frigangshagn-ramp-98x95x1025-cm-gra-1.webp?fit=2000%2C2000&ssl=1","width":2000,"height":2000},{"@type":"BreadcrumbList","@id":"https:\/\/truusk.store\/sv\/produkt\/truusk-kaninbur-i-tva-vaningar-av-tra-vaderbestandigt-oppningsbart-tak-frigangshagn-ramp-98x95x1025-cm-gra\/#breadcrumb","itemListElement":[{"@type":"ListItem","position":1,"name":"Home","item":"https:\/\/truusk.store\/sv\/"},{"@type":"ListItem","position":2,"name":"Shop","item":"https:\/\/truusk.store\/shop\/"},{"@type":"ListItem","position":3,"name":"TRUUSK Kaninbur i Tv\u00e5 V\u00e5ningar av Tr\u00e4 &#8211; V\u00e4derbest\u00e4ndigt \u00f6ppningsbart Tak &#8211; Frig\u00e5ngsh\u00e4gn &#8211; Ramp &#8211; 98x95x102,5 cm &#8211; Gr\u00e5"}]},{"@type":"WebSite","@id":"https:\/\/truusk.store\/sv\/#website","url":"https:\/\/truusk.store\/sv\/","name":"TRUUSK - Hem, Tr\u00e4dg\u00e5rd & Fritid","description":"","publisher":{"@id":"https:\/\/truusk.store\/sv\/#organization"},"potentialAction":[{"@type":"SearchAction","target":{"@type":"EntryPoint","urlTemplate":"https:\/\/truusk.store\/sv\/?s={search_term_string}"},"query-input":{"@type":"PropertyValueSpecification","valueRequired":true,"valueName":"search_term_string"}}],"inLanguage":"sv-SE"},{"@type":"Organization","@id":"https:\/\/truusk.store\/sv\/#organization","name":"TRUUSK - Hem, Tr\u00e4dg\u00e5rd & Fritid","url":"https:\/\/truusk.store\/sv\/","logo":{"@type":"ImageObject","inLanguage":"sv-SE","@id":"https:\/\/truusk.store\/sv\/#\/schema\/logo\/image\/","url":"https:\/\/i0.wp.com\/truusk.store\/wp-content\/uploads\/2026\/03\/cropped-TRUUSK.png?fit=2032%2C917&ssl=1","contentUrl":"https:\/\/i0.wp.com\/truusk.store\/wp-content\/uploads\/2026\/03\/cropped-TRUUSK.png?fit=2032%2C917&ssl=1","width":2032,"height":917,"caption":"TRUUSK - Hem, Tr\u00e4dg\u00e5rd & Fritid"},"image":{"@id":"https:\/\/truusk.store\/sv\/#\/schema\/logo\/image\/"}}]}},"jetpack_sharing_enabled":true,"_links":{"self":[{"href":"https:\/\/truusk.store\/sv\/wp-json\/wp\/v2\/product\/107403","targetHints":{"allow":["GET"]}}],"collection":[{"href":"https:\/\/truusk.store\/sv\/wp-json\/wp\/v2\/product"}],"about":[{"href":"https:\/\/truusk.store\/sv\/wp-json\/wp\/v2\/types\/product"}],"wp:featuredmedia":[{"embeddable":true,"href":"https:\/\/truusk.store\/sv\/wp-json\/wp\/v2\/media\/107394"}],"wp:attachment":[{"href":"https:\/\/truusk.store\/sv\/wp-json\/wp\/v2\/media?parent=107403"}],"wp:term":[{"taxonomy":"product_brand","embeddable":true,"href":"https:\/\/truusk.store\/sv\/wp-json\/wp\/v2\/product_brand?post=107403"},{"taxonomy":"product_cat","embeddable":true,"href":"https:\/\/truusk.store\/sv\/wp-json\/wp\/v2\/product_cat?post=107403"},{"taxonomy":"product_tag","embeddable":true,"href":"https:\/\/truusk.store\/sv\/wp-json\/wp\/v2\/product_tag?post=107403"}],"curies":[{"name":"wp","href":"https:\/\/api.w.org\/{rel}","templated":true}]}}