{"id":107415,"date":"2026-03-03T14:02:03","date_gmt":"2026-03-03T13:02:03","guid":{"rendered":"https:\/\/truusk.store\/product\/ledarmmarkis-350-x-300cm-inklusive-vev-och-vaggfaste-justerbar-vinkel\/"},"modified":"2026-03-12T08:53:47","modified_gmt":"2026-03-12T07:53:47","slug":"truusk-led-markis-350x300cm-inkl-vev-och-vaggfaste-justerbar-vinkel-uv-skydd-vattentat","status":"publish","type":"product","link":"https:\/\/truusk.store\/sv\/produkt\/truusk-led-markis-350x300cm-inkl-vev-och-vaggfaste-justerbar-vinkel-uv-skydd-vattentat\/","title":{"rendered":"TRUUSK LED Markis 350x300cm &#8211; Inkl. Vev och V\u00e4ggf\u00e4ste &#8211; Justerbar Vinkel &#8211; UV-skydd &#8211; Vattent\u00e4t"},"content":{"rendered":"<p>Njut av din tid utomhus utan oro f\u00f6r sol eller regn. Med [BRAND NAME] markisen skapar du omedelbart skugga med en handvev och f\u00f6rvandlar din terrass till ett bekv\u00e4mt utrymme f\u00f6r att \u00e4ta, koppla av eller tr\u00e4ffas. Enkel att montera, stilfull och rymlig, g\u00f6r markisen varje solig dag till en fantastisk utomhusupplevelse.<\/p>\n<p>Beskrivning:<\/p>\n<ul>\n<li> Erbjuder en gener\u00f6s t\u00e4ckningsyta p\u00e5 10 m\u00b2, idealisk f\u00f6r utomhusmatsgrupper<\/li>\n<li> Enkel in- eller utrullning av markisen med den 150 cm l\u00e5nga manuella vev<\/li>\n<li> Justera lutningsvinkeln p\u00e5 solskyddet fr\u00e5n 0-30\u00b0 f\u00f6r optimal skugga hela dagen<\/li>\n<li> Tjockt PA-belagt tak erbjuder UPF50+ solskydd och skyddar mot regn<\/li>\n<li> Robust metallram med st\u00e5lvajrar erbjuder exceptionell stabilitet mot vind<\/li>\n<li> Inkluderar all monteringsmaterial f\u00f6r s\u00e4ker fasts\u00e4ttning p\u00e5 tr\u00e4- och betongv\u00e4ggar<\/li>\n<li> Ljusbest\u00e4ndigt och rivfast polyestertyg garanterar l\u00e5ngvarig f\u00e4rg och anv\u00e4ndning.<\/li>\n<\/ul>\n<p> Tekniska data:<\/p>\n<ul>\n<li> F\u00e4rg: M\u00f6rkgr\u00e5<\/li>\n<li> Material: Metall, Polyester<\/li>\n<li> Totala dimensioner: 350L x 300B cm<\/li>\n<li> Storlek p\u00e5 baldakintyget: 337L x 302B cm<\/li>\n<li> Volant-h\u00f6jd: 23 cm<\/li>\n<li> L\u00e4ngd p\u00e5 vev: 150 cm<\/li>\n<li> Storlek p\u00e5 stora armen: 58,5L x 28,5B mm<\/li>\n<li> Storlek p\u00e5 lilla armen: 49L x 21B mm<\/li>\n<li> Storlek p\u00e5 st\u00e5lvajern: \u00d83 mm<\/li>\n<li> Rullstorlek: \u00d870 mm<\/li>\n<li> Storlek p\u00e5 frontlisten: 47B x 35H mm<\/li>\n<\/ul>\n<p>Leveransinneh\u00e5ll:<\/p>\n<ul>\n<li> 1 x Markis<\/li>\n<li> 1 x Instruktioner<\/li>\n<\/ul>\n","protected":false},"excerpt":{"rendered":"<p>Njut av din tid utomhus utan oro f\u00f6r sol eller regn. Med [BRAND NAME] markisen skapar du omedelbart skugga med&#8230;<\/p>\n","protected":false},"featured_media":107404,"template":"","meta":[],"product_brand":[],"product_cat":[473,862,858],"product_tag":[],"class_list":{"0":"post-107415","1":"product","2":"type-product","3":"status-publish","4":"has-post-thumbnail","6":"product_cat-markiser","7":"product_cat-sol-insynsskydd","8":"product_cat-tradgard-terrass","10":"first","11":"instock","12":"sale","13":"taxable","14":"shipping-taxable","15":"purchasable","16":"product-type-simple"},"yoast_head":"<!-- This site is optimized with the Yoast SEO plugin v25.4 - https:\/\/yoast.com\/wordpress\/plugins\/seo\/ -->\n<title>TRUUSK LED Markis 350x300cm - Inkl. Vev och V\u00e4ggf\u00e4ste - Justerbar Vinkel - UV-skydd - Vattent\u00e4t - TRUUSK - Hem, Tr\u00e4dg\u00e5rd &amp; Fritid<\/title>\n<meta name=\"robots\" content=\"index, follow, max-snippet:-1, max-image-preview:large, max-video-preview:-1\" \/>\n<link rel=\"canonical\" href=\"https:\/\/truusk.store\/sv\/produkt\/truusk-led-markis-350x300cm-inkl-vev-och-vaggfaste-justerbar-vinkel-uv-skydd-vattentat\/\" \/>\n<meta property=\"og:locale\" content=\"sv_SE\" \/>\n<meta property=\"og:type\" content=\"article\" \/>\n<meta property=\"og:title\" content=\"TRUUSK LED Markis 350x300cm - Inkl. Vev och V\u00e4ggf\u00e4ste - Justerbar Vinkel - UV-skydd - Vattent\u00e4t - TRUUSK - Hem, Tr\u00e4dg\u00e5rd &amp; Fritid\" \/>\n<meta property=\"og:description\" content=\"Njut av din tid utomhus utan oro f\u00f6r sol eller regn. Med [BRAND NAME] markisen skapar du omedelbart skugga med...\" \/>\n<meta property=\"og:url\" content=\"https:\/\/truusk.store\/sv\/produkt\/truusk-led-markis-350x300cm-inkl-vev-och-vaggfaste-justerbar-vinkel-uv-skydd-vattentat\/\" \/>\n<meta property=\"og:site_name\" content=\"TRUUSK - Hem, Tr\u00e4dg\u00e5rd &amp; Fritid\" \/>\n<meta property=\"article:modified_time\" content=\"2026-03-12T07:53:47+00:00\" \/>\n<meta property=\"og:image\" content=\"https:\/\/i0.wp.com\/truusk.se\/wp-content\/uploads\/2026\/03\/ledarmmarkis-350-x-300cm-inklusive-vev-och-vaggfaste-justerbar-vinkel-1.webp?fit=2000%2C2000&ssl=1\" \/>\n\t<meta property=\"og:image:width\" content=\"2000\" \/>\n\t<meta property=\"og:image:height\" content=\"2000\" \/>\n\t<meta property=\"og:image:type\" content=\"image\/webp\" \/>\n<meta name=\"twitter:card\" content=\"summary_large_image\" \/>\n<meta name=\"twitter:label1\" content=\"Ber\u00e4knad l\u00e4stid\" \/>\n\t<meta name=\"twitter:data1\" content=\"1 minut\" \/>\n<!-- \/ Yoast SEO plugin. -->","yoast_head_json":{"title":"TRUUSK LED Markis 350x300cm - Inkl. Vev och V\u00e4ggf\u00e4ste - Justerbar Vinkel - UV-skydd - Vattent\u00e4t - TRUUSK - Hem, Tr\u00e4dg\u00e5rd &amp; Fritid","robots":{"index":"index","follow":"follow","max-snippet":"max-snippet:-1","max-image-preview":"max-image-preview:large","max-video-preview":"max-video-preview:-1"},"canonical":"https:\/\/truusk.store\/sv\/produkt\/truusk-led-markis-350x300cm-inkl-vev-och-vaggfaste-justerbar-vinkel-uv-skydd-vattentat\/","og_locale":"sv_SE","og_type":"article","og_title":"TRUUSK LED Markis 350x300cm - Inkl. Vev och V\u00e4ggf\u00e4ste - Justerbar Vinkel - UV-skydd - Vattent\u00e4t - TRUUSK - Hem, Tr\u00e4dg\u00e5rd &amp; Fritid","og_description":"Njut av din tid utomhus utan oro f\u00f6r sol eller regn. Med [BRAND NAME] markisen skapar du omedelbart skugga med...","og_url":"https:\/\/truusk.store\/sv\/produkt\/truusk-led-markis-350x300cm-inkl-vev-och-vaggfaste-justerbar-vinkel-uv-skydd-vattentat\/","og_site_name":"TRUUSK - Hem, Tr\u00e4dg\u00e5rd &amp; Fritid","article_modified_time":"2026-03-12T07:53:47+00:00","og_image":[{"width":2000,"height":2000,"url":"https:\/\/i0.wp.com\/truusk.se\/wp-content\/uploads\/2026\/03\/ledarmmarkis-350-x-300cm-inklusive-vev-och-vaggfaste-justerbar-vinkel-1.webp?fit=2000%2C2000&ssl=1","type":"image\/webp"}],"twitter_card":"summary_large_image","twitter_misc":{"Ber\u00e4knad l\u00e4stid":"1 minut"},"schema":{"@context":"https:\/\/schema.org","@graph":[{"@type":"WebPage","@id":"https:\/\/truusk.store\/sv\/produkt\/truusk-led-markis-350x300cm-inkl-vev-och-vaggfaste-justerbar-vinkel-uv-skydd-vattentat\/","url":"https:\/\/truusk.store\/sv\/produkt\/truusk-led-markis-350x300cm-inkl-vev-och-vaggfaste-justerbar-vinkel-uv-skydd-vattentat\/","name":"TRUUSK LED Markis 350x300cm - Inkl. Vev och V\u00e4ggf\u00e4ste - Justerbar Vinkel - UV-skydd - Vattent\u00e4t - TRUUSK - Hem, Tr\u00e4dg\u00e5rd &amp; Fritid","isPartOf":{"@id":"https:\/\/truusk.store\/sv\/#website"},"primaryImageOfPage":{"@id":"https:\/\/truusk.store\/sv\/produkt\/truusk-led-markis-350x300cm-inkl-vev-och-vaggfaste-justerbar-vinkel-uv-skydd-vattentat\/#primaryimage"},"image":{"@id":"https:\/\/truusk.store\/sv\/produkt\/truusk-led-markis-350x300cm-inkl-vev-och-vaggfaste-justerbar-vinkel-uv-skydd-vattentat\/#primaryimage"},"thumbnailUrl":"https:\/\/i0.wp.com\/truusk.store\/wp-content\/uploads\/2026\/03\/ledarmmarkis-350-x-300cm-inklusive-vev-och-vaggfaste-justerbar-vinkel-1.webp?fit=2000%2C2000&ssl=1","datePublished":"2026-03-03T13:02:03+00:00","dateModified":"2026-03-12T07:53:47+00:00","breadcrumb":{"@id":"https:\/\/truusk.store\/sv\/produkt\/truusk-led-markis-350x300cm-inkl-vev-och-vaggfaste-justerbar-vinkel-uv-skydd-vattentat\/#breadcrumb"},"inLanguage":"sv-SE","potentialAction":[{"@type":"ReadAction","target":["https:\/\/truusk.store\/sv\/produkt\/truusk-led-markis-350x300cm-inkl-vev-och-vaggfaste-justerbar-vinkel-uv-skydd-vattentat\/"]}]},{"@type":"ImageObject","inLanguage":"sv-SE","@id":"https:\/\/truusk.store\/sv\/produkt\/truusk-led-markis-350x300cm-inkl-vev-och-vaggfaste-justerbar-vinkel-uv-skydd-vattentat\/#primaryimage","url":"https:\/\/i0.wp.com\/truusk.store\/wp-content\/uploads\/2026\/03\/ledarmmarkis-350-x-300cm-inklusive-vev-och-vaggfaste-justerbar-vinkel-1.webp?fit=2000%2C2000&ssl=1","contentUrl":"https:\/\/i0.wp.com\/truusk.store\/wp-content\/uploads\/2026\/03\/ledarmmarkis-350-x-300cm-inklusive-vev-och-vaggfaste-justerbar-vinkel-1.webp?fit=2000%2C2000&ssl=1","width":2000,"height":2000},{"@type":"BreadcrumbList","@id":"https:\/\/truusk.store\/sv\/produkt\/truusk-led-markis-350x300cm-inkl-vev-och-vaggfaste-justerbar-vinkel-uv-skydd-vattentat\/#breadcrumb","itemListElement":[{"@type":"ListItem","position":1,"name":"Home","item":"https:\/\/truusk.store\/sv\/"},{"@type":"ListItem","position":2,"name":"Shop","item":"https:\/\/truusk.store\/shop\/"},{"@type":"ListItem","position":3,"name":"TRUUSK LED Markis 350x300cm &#8211; Inkl. Vev och V\u00e4ggf\u00e4ste &#8211; Justerbar Vinkel &#8211; UV-skydd &#8211; Vattent\u00e4t"}]},{"@type":"WebSite","@id":"https:\/\/truusk.store\/sv\/#website","url":"https:\/\/truusk.store\/sv\/","name":"TRUUSK - Hem, Tr\u00e4dg\u00e5rd & Fritid","description":"","publisher":{"@id":"https:\/\/truusk.store\/sv\/#organization"},"potentialAction":[{"@type":"SearchAction","target":{"@type":"EntryPoint","urlTemplate":"https:\/\/truusk.store\/sv\/?s={search_term_string}"},"query-input":{"@type":"PropertyValueSpecification","valueRequired":true,"valueName":"search_term_string"}}],"inLanguage":"sv-SE"},{"@type":"Organization","@id":"https:\/\/truusk.store\/sv\/#organization","name":"TRUUSK - Hem, Tr\u00e4dg\u00e5rd & Fritid","url":"https:\/\/truusk.store\/sv\/","logo":{"@type":"ImageObject","inLanguage":"sv-SE","@id":"https:\/\/truusk.store\/sv\/#\/schema\/logo\/image\/","url":"https:\/\/i0.wp.com\/truusk.store\/wp-content\/uploads\/2026\/03\/cropped-TRUUSK.png?fit=2032%2C917&ssl=1","contentUrl":"https:\/\/i0.wp.com\/truusk.store\/wp-content\/uploads\/2026\/03\/cropped-TRUUSK.png?fit=2032%2C917&ssl=1","width":2032,"height":917,"caption":"TRUUSK - Hem, Tr\u00e4dg\u00e5rd & Fritid"},"image":{"@id":"https:\/\/truusk.store\/sv\/#\/schema\/logo\/image\/"}}]}},"jetpack_sharing_enabled":true,"_links":{"self":[{"href":"https:\/\/truusk.store\/sv\/wp-json\/wp\/v2\/product\/107415","targetHints":{"allow":["GET"]}}],"collection":[{"href":"https:\/\/truusk.store\/sv\/wp-json\/wp\/v2\/product"}],"about":[{"href":"https:\/\/truusk.store\/sv\/wp-json\/wp\/v2\/types\/product"}],"wp:featuredmedia":[{"embeddable":true,"href":"https:\/\/truusk.store\/sv\/wp-json\/wp\/v2\/media\/107404"}],"wp:attachment":[{"href":"https:\/\/truusk.store\/sv\/wp-json\/wp\/v2\/media?parent=107415"}],"wp:term":[{"taxonomy":"product_brand","embeddable":true,"href":"https:\/\/truusk.store\/sv\/wp-json\/wp\/v2\/product_brand?post=107415"},{"taxonomy":"product_cat","embeddable":true,"href":"https:\/\/truusk.store\/sv\/wp-json\/wp\/v2\/product_cat?post=107415"},{"taxonomy":"product_tag","embeddable":true,"href":"https:\/\/truusk.store\/sv\/wp-json\/wp\/v2\/product_tag?post=107415"}],"curies":[{"name":"wp","href":"https:\/\/api.w.org\/{rel}","templated":true}]}}