{"id":107435,"date":"2026-03-03T14:04:11","date_gmt":"2026-03-03T13:04:11","guid":{"rendered":"https:\/\/truusk.store\/product\/kolgrill-med-lock-bbq-rokgrill-med-2-sidobord-stor-grillomrade-grillgaller-termometer-hjul\/"},"modified":"2026-03-12T08:53:49","modified_gmt":"2026-03-12T07:53:49","slug":"truusk-kolgrill-med-lock-bbq-rokgrill-med-2-sidobord-stor-grillomrade-grillgaller-termometer-hjul","status":"publish","type":"product","link":"https:\/\/truusk.store\/sv\/produkt\/truusk-kolgrill-med-lock-bbq-rokgrill-med-2-sidobord-stor-grillomrade-grillgaller-termometer-hjul\/","title":{"rendered":"TRUUSK Kolgrill Med Lock &#8211; BBQ-r\u00f6kgrill Med 2 Sidobord &#8211; Stor Grillomr\u00e5de &#8211; Grillgaller &#8211; Termometer &#8211; Hjul"},"content":{"rendered":"<p>\u00c4r du tr\u00f6tt p\u00e5 att jonglera med porslin n\u00e4r du grillar och k\u00e4mpa med oj\u00e4mn v\u00e4rme? Familjefester kan bli stressiga n\u00e4r maten blir kall medan tillagningen fortfarande p\u00e5g\u00e5r. Med [BRAND NAME] kolgrillvagn blir det annorlunda: Tv\u00e5-zoners design, exakt temperaturkontroll och sidobord g\u00f6r grillningen enkel &#8211; f\u00f6r en avslappnad och l\u00e4cker utomhus matlagningsupplevelse!<\/p>\n<p>Beskrivning:<\/p>\n<ul>\n<li> Rymliga emaljerade grillgaller med v\u00e4rmehylla<\/li>\n<li> Beh\u00e4rska v\u00e4rme och r\u00f6k med den inbyggda termometern och skorstenventilen<\/li>\n<li> Sidobord och en nedre hylla p\u00e5 kolgrillen h\u00e5ller alla dina grillredskap snyggt organiserade<\/li>\n<li> Tv\u00e5 hjul g\u00f6r det helt enkelt att flytta runt i tr\u00e4dg\u00e5rden<\/li>\n<li> Uttagbar askl\u00e5da med handtag f\u00f6renklar reng\u00f6ringsprocessen efter grillning<\/li>\n<li> Designad med kalla handtag och emaljerade galler f\u00f6r en s\u00e4krare, b\u00e4ttre upplevelse<\/li>\n<li> Montering kr\u00e4vs<\/li>\n<\/ul>\n<p> Tekniska specifikationer:<\/p>\n<ul>\n<li> F\u00e4rg: Svart<\/li>\n<li> Material: Metall, rostfritt st\u00e5l, emalj<\/li>\n<li> Totala dimensioner: 110B x 46,5T x 101H cm<\/li>\n<li> Grillkroppsdimensioner: 51L x 33B x 12H cm<\/li>\n<li> Matlagningsyta: 0,15 m\u00b2<\/li>\n<li> V\u00e4rmehyllans storlek: 44L x 17B cm<\/li>\n<li> Grillgallrets storlek: 46L x 31B cm<\/li>\n<li> Sidobordets storlek: 34L x 29B cm<\/li>\n<li> Storlek p\u00e5 nedre hylla: 43L x 33B cm<\/li>\n<li> Hjulstorlek: \u00d814 cm<\/li>\n<li> Belastningskapacitet: 15 kg (nedre hylla), 5 kg (grillgaller)<\/li>\n<\/ul>\n<p>Leverans inneh\u00e5ller:<\/p>\n<ul>\n<li> 1 x R\u00f6kgenerator<\/li>\n<li> 1 x Grillgaller<\/li>\n<li> 1 x V\u00e4rmehylla<\/li>\n<li> 1 x Kolgaller<\/li>\n<li> 1 x Askl\u00e5da<\/li>\n<li> 1 x Bruksanvisning<\/li>\n<\/ul>\n","protected":false},"excerpt":{"rendered":"<p>\u00c4r du tr\u00f6tt p\u00e5 att jonglera med porslin n\u00e4r du grillar och k\u00e4mpa med oj\u00e4mn v\u00e4rme? Familjefester kan bli stressiga&#8230;<\/p>\n","protected":false},"featured_media":107422,"template":"","meta":[],"product_brand":[],"product_cat":[440,439,858],"product_tag":[],"class_list":{"0":"post-107435","1":"product","2":"type-product","3":"status-publish","4":"has-post-thumbnail","6":"product_cat-grillar","7":"product_cat-grillning-uppvarmning","8":"product_cat-tradgard-terrass","10":"first","11":"instock","12":"sale","13":"taxable","14":"shipping-taxable","15":"purchasable","16":"product-type-simple"},"yoast_head":"<!-- This site is optimized with the Yoast SEO plugin v25.4 - https:\/\/yoast.com\/wordpress\/plugins\/seo\/ -->\n<title>TRUUSK Kolgrill Med Lock - BBQ-r\u00f6kgrill Med 2 Sidobord - Stor Grillomr\u00e5de - Grillgaller - Termometer - Hjul - TRUUSK - Hem, Tr\u00e4dg\u00e5rd &amp; Fritid<\/title>\n<meta name=\"robots\" content=\"index, follow, max-snippet:-1, max-image-preview:large, max-video-preview:-1\" \/>\n<link rel=\"canonical\" href=\"https:\/\/truusk.store\/sv\/produkt\/truusk-kolgrill-med-lock-bbq-rokgrill-med-2-sidobord-stor-grillomrade-grillgaller-termometer-hjul\/\" \/>\n<meta property=\"og:locale\" content=\"sv_SE\" \/>\n<meta property=\"og:type\" content=\"article\" \/>\n<meta property=\"og:title\" content=\"TRUUSK Kolgrill Med Lock - BBQ-r\u00f6kgrill Med 2 Sidobord - Stor Grillomr\u00e5de - Grillgaller - Termometer - Hjul - TRUUSK - Hem, Tr\u00e4dg\u00e5rd &amp; Fritid\" \/>\n<meta property=\"og:description\" content=\"\u00c4r du tr\u00f6tt p\u00e5 att jonglera med porslin n\u00e4r du grillar och k\u00e4mpa med oj\u00e4mn v\u00e4rme? Familjefester kan bli stressiga...\" \/>\n<meta property=\"og:url\" content=\"https:\/\/truusk.store\/sv\/produkt\/truusk-kolgrill-med-lock-bbq-rokgrill-med-2-sidobord-stor-grillomrade-grillgaller-termometer-hjul\/\" \/>\n<meta property=\"og:site_name\" content=\"TRUUSK - Hem, Tr\u00e4dg\u00e5rd &amp; Fritid\" \/>\n<meta property=\"article:modified_time\" content=\"2026-03-12T07:53:49+00:00\" \/>\n<meta property=\"og:image\" content=\"https:\/\/i0.wp.com\/truusk.se\/wp-content\/uploads\/2026\/03\/kolgrill-med-lock-bbq-rokgrill-med-2-sidobord-stor-grillomrade-grillgaller-termometer-hjul-1.webp?fit=2000%2C2000&ssl=1\" \/>\n\t<meta property=\"og:image:width\" content=\"2000\" \/>\n\t<meta property=\"og:image:height\" content=\"2000\" \/>\n\t<meta property=\"og:image:type\" content=\"image\/webp\" \/>\n<meta name=\"twitter:card\" content=\"summary_large_image\" \/>\n<meta name=\"twitter:label1\" content=\"Ber\u00e4knad l\u00e4stid\" \/>\n\t<meta name=\"twitter:data1\" content=\"1 minut\" \/>\n<!-- \/ Yoast SEO plugin. -->","yoast_head_json":{"title":"TRUUSK Kolgrill Med Lock - BBQ-r\u00f6kgrill Med 2 Sidobord - Stor Grillomr\u00e5de - Grillgaller - Termometer - Hjul - TRUUSK - Hem, Tr\u00e4dg\u00e5rd &amp; Fritid","robots":{"index":"index","follow":"follow","max-snippet":"max-snippet:-1","max-image-preview":"max-image-preview:large","max-video-preview":"max-video-preview:-1"},"canonical":"https:\/\/truusk.store\/sv\/produkt\/truusk-kolgrill-med-lock-bbq-rokgrill-med-2-sidobord-stor-grillomrade-grillgaller-termometer-hjul\/","og_locale":"sv_SE","og_type":"article","og_title":"TRUUSK Kolgrill Med Lock - BBQ-r\u00f6kgrill Med 2 Sidobord - Stor Grillomr\u00e5de - Grillgaller - Termometer - Hjul - TRUUSK - Hem, Tr\u00e4dg\u00e5rd &amp; Fritid","og_description":"\u00c4r du tr\u00f6tt p\u00e5 att jonglera med porslin n\u00e4r du grillar och k\u00e4mpa med oj\u00e4mn v\u00e4rme? Familjefester kan bli stressiga...","og_url":"https:\/\/truusk.store\/sv\/produkt\/truusk-kolgrill-med-lock-bbq-rokgrill-med-2-sidobord-stor-grillomrade-grillgaller-termometer-hjul\/","og_site_name":"TRUUSK - Hem, Tr\u00e4dg\u00e5rd &amp; Fritid","article_modified_time":"2026-03-12T07:53:49+00:00","og_image":[{"width":2000,"height":2000,"url":"https:\/\/i0.wp.com\/truusk.se\/wp-content\/uploads\/2026\/03\/kolgrill-med-lock-bbq-rokgrill-med-2-sidobord-stor-grillomrade-grillgaller-termometer-hjul-1.webp?fit=2000%2C2000&ssl=1","type":"image\/webp"}],"twitter_card":"summary_large_image","twitter_misc":{"Ber\u00e4knad l\u00e4stid":"1 minut"},"schema":{"@context":"https:\/\/schema.org","@graph":[{"@type":"WebPage","@id":"https:\/\/truusk.store\/sv\/produkt\/truusk-kolgrill-med-lock-bbq-rokgrill-med-2-sidobord-stor-grillomrade-grillgaller-termometer-hjul\/","url":"https:\/\/truusk.store\/sv\/produkt\/truusk-kolgrill-med-lock-bbq-rokgrill-med-2-sidobord-stor-grillomrade-grillgaller-termometer-hjul\/","name":"TRUUSK Kolgrill Med Lock - BBQ-r\u00f6kgrill Med 2 Sidobord - Stor Grillomr\u00e5de - Grillgaller - Termometer - Hjul - TRUUSK - Hem, Tr\u00e4dg\u00e5rd &amp; Fritid","isPartOf":{"@id":"https:\/\/truusk.store\/sv\/#website"},"primaryImageOfPage":{"@id":"https:\/\/truusk.store\/sv\/produkt\/truusk-kolgrill-med-lock-bbq-rokgrill-med-2-sidobord-stor-grillomrade-grillgaller-termometer-hjul\/#primaryimage"},"image":{"@id":"https:\/\/truusk.store\/sv\/produkt\/truusk-kolgrill-med-lock-bbq-rokgrill-med-2-sidobord-stor-grillomrade-grillgaller-termometer-hjul\/#primaryimage"},"thumbnailUrl":"https:\/\/i0.wp.com\/truusk.store\/wp-content\/uploads\/2026\/03\/kolgrill-med-lock-bbq-rokgrill-med-2-sidobord-stor-grillomrade-grillgaller-termometer-hjul-1.webp?fit=2000%2C2000&ssl=1","datePublished":"2026-03-03T13:04:11+00:00","dateModified":"2026-03-12T07:53:49+00:00","breadcrumb":{"@id":"https:\/\/truusk.store\/sv\/produkt\/truusk-kolgrill-med-lock-bbq-rokgrill-med-2-sidobord-stor-grillomrade-grillgaller-termometer-hjul\/#breadcrumb"},"inLanguage":"sv-SE","potentialAction":[{"@type":"ReadAction","target":["https:\/\/truusk.store\/sv\/produkt\/truusk-kolgrill-med-lock-bbq-rokgrill-med-2-sidobord-stor-grillomrade-grillgaller-termometer-hjul\/"]}]},{"@type":"ImageObject","inLanguage":"sv-SE","@id":"https:\/\/truusk.store\/sv\/produkt\/truusk-kolgrill-med-lock-bbq-rokgrill-med-2-sidobord-stor-grillomrade-grillgaller-termometer-hjul\/#primaryimage","url":"https:\/\/i0.wp.com\/truusk.store\/wp-content\/uploads\/2026\/03\/kolgrill-med-lock-bbq-rokgrill-med-2-sidobord-stor-grillomrade-grillgaller-termometer-hjul-1.webp?fit=2000%2C2000&ssl=1","contentUrl":"https:\/\/i0.wp.com\/truusk.store\/wp-content\/uploads\/2026\/03\/kolgrill-med-lock-bbq-rokgrill-med-2-sidobord-stor-grillomrade-grillgaller-termometer-hjul-1.webp?fit=2000%2C2000&ssl=1","width":2000,"height":2000},{"@type":"BreadcrumbList","@id":"https:\/\/truusk.store\/sv\/produkt\/truusk-kolgrill-med-lock-bbq-rokgrill-med-2-sidobord-stor-grillomrade-grillgaller-termometer-hjul\/#breadcrumb","itemListElement":[{"@type":"ListItem","position":1,"name":"Home","item":"https:\/\/truusk.store\/sv\/"},{"@type":"ListItem","position":2,"name":"Shop","item":"https:\/\/truusk.store\/shop\/"},{"@type":"ListItem","position":3,"name":"TRUUSK Kolgrill Med Lock &#8211; BBQ-r\u00f6kgrill Med 2 Sidobord &#8211; Stor Grillomr\u00e5de &#8211; Grillgaller &#8211; Termometer &#8211; Hjul"}]},{"@type":"WebSite","@id":"https:\/\/truusk.store\/sv\/#website","url":"https:\/\/truusk.store\/sv\/","name":"TRUUSK - Hem, Tr\u00e4dg\u00e5rd & Fritid","description":"","publisher":{"@id":"https:\/\/truusk.store\/sv\/#organization"},"potentialAction":[{"@type":"SearchAction","target":{"@type":"EntryPoint","urlTemplate":"https:\/\/truusk.store\/sv\/?s={search_term_string}"},"query-input":{"@type":"PropertyValueSpecification","valueRequired":true,"valueName":"search_term_string"}}],"inLanguage":"sv-SE"},{"@type":"Organization","@id":"https:\/\/truusk.store\/sv\/#organization","name":"TRUUSK - Hem, Tr\u00e4dg\u00e5rd & Fritid","url":"https:\/\/truusk.store\/sv\/","logo":{"@type":"ImageObject","inLanguage":"sv-SE","@id":"https:\/\/truusk.store\/sv\/#\/schema\/logo\/image\/","url":"https:\/\/i0.wp.com\/truusk.store\/wp-content\/uploads\/2026\/03\/cropped-TRUUSK.png?fit=2032%2C917&ssl=1","contentUrl":"https:\/\/i0.wp.com\/truusk.store\/wp-content\/uploads\/2026\/03\/cropped-TRUUSK.png?fit=2032%2C917&ssl=1","width":2032,"height":917,"caption":"TRUUSK - Hem, Tr\u00e4dg\u00e5rd & Fritid"},"image":{"@id":"https:\/\/truusk.store\/sv\/#\/schema\/logo\/image\/"}}]}},"jetpack_sharing_enabled":true,"_links":{"self":[{"href":"https:\/\/truusk.store\/sv\/wp-json\/wp\/v2\/product\/107435","targetHints":{"allow":["GET"]}}],"collection":[{"href":"https:\/\/truusk.store\/sv\/wp-json\/wp\/v2\/product"}],"about":[{"href":"https:\/\/truusk.store\/sv\/wp-json\/wp\/v2\/types\/product"}],"wp:featuredmedia":[{"embeddable":true,"href":"https:\/\/truusk.store\/sv\/wp-json\/wp\/v2\/media\/107422"}],"wp:attachment":[{"href":"https:\/\/truusk.store\/sv\/wp-json\/wp\/v2\/media?parent=107435"}],"wp:term":[{"taxonomy":"product_brand","embeddable":true,"href":"https:\/\/truusk.store\/sv\/wp-json\/wp\/v2\/product_brand?post=107435"},{"taxonomy":"product_cat","embeddable":true,"href":"https:\/\/truusk.store\/sv\/wp-json\/wp\/v2\/product_cat?post=107435"},{"taxonomy":"product_tag","embeddable":true,"href":"https:\/\/truusk.store\/sv\/wp-json\/wp\/v2\/product_tag?post=107435"}],"curies":[{"name":"wp","href":"https:\/\/api.w.org\/{rel}","templated":true}]}}