{"id":107456,"date":"2026-03-03T14:06:14","date_gmt":"2026-03-03T13:06:14","guid":{"rendered":"https:\/\/truusk.store\/product\/solparaply-300-x-200-cm-lutande-balkongparaply-med-vevskyddsholje-morkgra\/"},"modified":"2026-03-12T08:53:49","modified_gmt":"2026-03-12T07:53:49","slug":"truusk-solparaply-300-x-200-cm-lutande-design-vevskyddsholje-morkgra","status":"publish","type":"product","link":"https:\/\/truusk.store\/sv\/produkt\/truusk-solparaply-300-x-200-cm-lutande-design-vevskyddsholje-morkgra\/","title":{"rendered":"TRUUSK Solparaply 300 x 200 cm &#8211; Lutande Design &#8211; Vevskyddsh\u00f6lje &#8211; M\u00f6rkgr\u00e5"},"content":{"rendered":"<p>Njut av sval komfort med [BRAND NAME] tr\u00e4dg\u00e5rdsparasoll! Tack vare justerbar lutningsvinkel kan du alltid h\u00e5lla solen i sikte och njuta av skugga hela dagen. Det ljusbest\u00e4ndiga 180g polyestertyget skyddar mot starkt solljus och ger en behaglig friskhet. Den stabila metallramen och den praktiska vevan g\u00f6r det enkelt att s\u00e4tta upp balkongparasollet. Idealiskt f\u00f6r att koppla av, \u00e4ta eller stilfulla fester &#8211; solsken omdefinierat!<\/p>\n<p>Beskrivning:<\/p>\n<ul>\n<li> Justerbar lutningsfunktion ger optimal skugga hela dagen<\/li>\n<li> 180 g polyestertyg ger h\u00e5llbar h\u00e5llbarhet och tillf\u00f6rlitligt solskydd med UPF 30+<\/li>\n<li> Metallram med sex ribbor och robust metallstolpe ger starkt st\u00f6d och stabilitet utomhus<\/li>\n<li> Manuell vev f\u00f6r balkongparasollet g\u00f6r det enkelt att \u00f6ppna och st\u00e4nga<\/li>\n<li> L\u00e4mplig f\u00f6r tr\u00e4dg\u00e5rd, terrass eller utomhus matplatser<\/li>\n<li> Montering kr\u00e4vs<\/li>\n<\/ul>\n<p> Tekniska data:<\/p>\n<ul>\n<li> F\u00e4rg: M\u00f6rkgr\u00e5+Svart<\/li>\n<li> Material: Polyester, Metall, Plast<\/li>\n<li> Parasollstorlek: 300B x 200T x 235H cm<\/li>\n<li> Parasolltakstorlek: 200L x 292B cm<\/li>\n<li> Undre h\u00f6jd p\u00e5 parasolltaket: 195 cm<\/li>\n<li> St\u00e5ngdiameter: 38 mm<\/li>\n<li> St\u00e4ngd storlek: \u00d816 x 246H cm<\/li>\n<li> Parasollfodral: 196L x 23B x 28H cm<\/li>\n<li> Obs: 1, Kr\u00e4vt vikt p\u00e5 30 kg ing\u00e5r inte.2, Anv\u00e4nd inte parasollet under extrema v\u00e4derf\u00f6rh\u00e5llanden (stark vind, kraftigt regn, sn\u00f6)<\/li>\n<\/ul>\n<p>Leveransinneh\u00e5ll:<\/p>\n<ul>\n<li> 1 x Tr\u00e4dg\u00e5rdsparasoll<\/li>\n<li> 1 x Bruksanvisning<\/li>\n<\/ul>\n","protected":false},"excerpt":{"rendered":"<p>Njut av sval komfort med [BRAND NAME] tr\u00e4dg\u00e5rdsparasoll! Tack vare justerbar lutningsvinkel kan du alltid h\u00e5lla solen i sikte och&#8230;<\/p>\n","protected":false},"featured_media":107442,"template":"","meta":[],"product_brand":[],"product_cat":[472,862,858],"product_tag":[],"class_list":{"0":"post-107456","1":"product","2":"type-product","3":"status-publish","4":"has-post-thumbnail","6":"product_cat-parasoller","7":"product_cat-sol-insynsskydd","8":"product_cat-tradgard-terrass","10":"first","11":"instock","12":"sale","13":"taxable","14":"shipping-taxable","15":"purchasable","16":"product-type-simple"},"yoast_head":"<!-- This site is optimized with the Yoast SEO plugin v25.4 - https:\/\/yoast.com\/wordpress\/plugins\/seo\/ -->\n<title>TRUUSK Solparaply 300 x 200 cm - Lutande Design - Vevskyddsh\u00f6lje - M\u00f6rkgr\u00e5 - TRUUSK - Hem, Tr\u00e4dg\u00e5rd &amp; Fritid<\/title>\n<meta name=\"robots\" content=\"index, follow, max-snippet:-1, max-image-preview:large, max-video-preview:-1\" \/>\n<link rel=\"canonical\" href=\"https:\/\/truusk.store\/sv\/produkt\/truusk-solparaply-300-x-200-cm-lutande-design-vevskyddsholje-morkgra\/\" \/>\n<meta property=\"og:locale\" content=\"sv_SE\" \/>\n<meta property=\"og:type\" content=\"article\" \/>\n<meta property=\"og:title\" content=\"TRUUSK Solparaply 300 x 200 cm - Lutande Design - Vevskyddsh\u00f6lje - M\u00f6rkgr\u00e5 - TRUUSK - Hem, Tr\u00e4dg\u00e5rd &amp; Fritid\" \/>\n<meta property=\"og:description\" content=\"Njut av sval komfort med [BRAND NAME] tr\u00e4dg\u00e5rdsparasoll! Tack vare justerbar lutningsvinkel kan du alltid h\u00e5lla solen i sikte och...\" \/>\n<meta property=\"og:url\" content=\"https:\/\/truusk.store\/sv\/produkt\/truusk-solparaply-300-x-200-cm-lutande-design-vevskyddsholje-morkgra\/\" \/>\n<meta property=\"og:site_name\" content=\"TRUUSK - Hem, Tr\u00e4dg\u00e5rd &amp; Fritid\" \/>\n<meta property=\"article:modified_time\" content=\"2026-03-12T07:53:49+00:00\" \/>\n<meta property=\"og:image\" content=\"https:\/\/i0.wp.com\/truusk.se\/wp-content\/uploads\/2026\/03\/solparaply-300-x-200-cm-lutande-balkongparaply-med-vevskyddsholje-morkgra-1.webp?fit=2000%2C2000&ssl=1\" \/>\n\t<meta property=\"og:image:width\" content=\"2000\" \/>\n\t<meta property=\"og:image:height\" content=\"2000\" \/>\n\t<meta property=\"og:image:type\" content=\"image\/webp\" \/>\n<meta name=\"twitter:card\" content=\"summary_large_image\" \/>\n<meta name=\"twitter:label1\" content=\"Ber\u00e4knad l\u00e4stid\" \/>\n\t<meta name=\"twitter:data1\" content=\"1 minut\" \/>\n<!-- \/ Yoast SEO plugin. -->","yoast_head_json":{"title":"TRUUSK Solparaply 300 x 200 cm - Lutande Design - Vevskyddsh\u00f6lje - M\u00f6rkgr\u00e5 - TRUUSK - Hem, Tr\u00e4dg\u00e5rd &amp; Fritid","robots":{"index":"index","follow":"follow","max-snippet":"max-snippet:-1","max-image-preview":"max-image-preview:large","max-video-preview":"max-video-preview:-1"},"canonical":"https:\/\/truusk.store\/sv\/produkt\/truusk-solparaply-300-x-200-cm-lutande-design-vevskyddsholje-morkgra\/","og_locale":"sv_SE","og_type":"article","og_title":"TRUUSK Solparaply 300 x 200 cm - Lutande Design - Vevskyddsh\u00f6lje - M\u00f6rkgr\u00e5 - TRUUSK - Hem, Tr\u00e4dg\u00e5rd &amp; Fritid","og_description":"Njut av sval komfort med [BRAND NAME] tr\u00e4dg\u00e5rdsparasoll! Tack vare justerbar lutningsvinkel kan du alltid h\u00e5lla solen i sikte och...","og_url":"https:\/\/truusk.store\/sv\/produkt\/truusk-solparaply-300-x-200-cm-lutande-design-vevskyddsholje-morkgra\/","og_site_name":"TRUUSK - Hem, Tr\u00e4dg\u00e5rd &amp; Fritid","article_modified_time":"2026-03-12T07:53:49+00:00","og_image":[{"width":2000,"height":2000,"url":"https:\/\/i0.wp.com\/truusk.se\/wp-content\/uploads\/2026\/03\/solparaply-300-x-200-cm-lutande-balkongparaply-med-vevskyddsholje-morkgra-1.webp?fit=2000%2C2000&ssl=1","type":"image\/webp"}],"twitter_card":"summary_large_image","twitter_misc":{"Ber\u00e4knad l\u00e4stid":"1 minut"},"schema":{"@context":"https:\/\/schema.org","@graph":[{"@type":"WebPage","@id":"https:\/\/truusk.store\/sv\/produkt\/truusk-solparaply-300-x-200-cm-lutande-design-vevskyddsholje-morkgra\/","url":"https:\/\/truusk.store\/sv\/produkt\/truusk-solparaply-300-x-200-cm-lutande-design-vevskyddsholje-morkgra\/","name":"TRUUSK Solparaply 300 x 200 cm - Lutande Design - Vevskyddsh\u00f6lje - M\u00f6rkgr\u00e5 - TRUUSK - Hem, Tr\u00e4dg\u00e5rd &amp; Fritid","isPartOf":{"@id":"https:\/\/truusk.store\/sv\/#website"},"primaryImageOfPage":{"@id":"https:\/\/truusk.store\/sv\/produkt\/truusk-solparaply-300-x-200-cm-lutande-design-vevskyddsholje-morkgra\/#primaryimage"},"image":{"@id":"https:\/\/truusk.store\/sv\/produkt\/truusk-solparaply-300-x-200-cm-lutande-design-vevskyddsholje-morkgra\/#primaryimage"},"thumbnailUrl":"https:\/\/i0.wp.com\/truusk.store\/wp-content\/uploads\/2026\/03\/solparaply-300-x-200-cm-lutande-balkongparaply-med-vevskyddsholje-morkgra-1.webp?fit=2000%2C2000&ssl=1","datePublished":"2026-03-03T13:06:14+00:00","dateModified":"2026-03-12T07:53:49+00:00","breadcrumb":{"@id":"https:\/\/truusk.store\/sv\/produkt\/truusk-solparaply-300-x-200-cm-lutande-design-vevskyddsholje-morkgra\/#breadcrumb"},"inLanguage":"sv-SE","potentialAction":[{"@type":"ReadAction","target":["https:\/\/truusk.store\/sv\/produkt\/truusk-solparaply-300-x-200-cm-lutande-design-vevskyddsholje-morkgra\/"]}]},{"@type":"ImageObject","inLanguage":"sv-SE","@id":"https:\/\/truusk.store\/sv\/produkt\/truusk-solparaply-300-x-200-cm-lutande-design-vevskyddsholje-morkgra\/#primaryimage","url":"https:\/\/i0.wp.com\/truusk.store\/wp-content\/uploads\/2026\/03\/solparaply-300-x-200-cm-lutande-balkongparaply-med-vevskyddsholje-morkgra-1.webp?fit=2000%2C2000&ssl=1","contentUrl":"https:\/\/i0.wp.com\/truusk.store\/wp-content\/uploads\/2026\/03\/solparaply-300-x-200-cm-lutande-balkongparaply-med-vevskyddsholje-morkgra-1.webp?fit=2000%2C2000&ssl=1","width":2000,"height":2000},{"@type":"BreadcrumbList","@id":"https:\/\/truusk.store\/sv\/produkt\/truusk-solparaply-300-x-200-cm-lutande-design-vevskyddsholje-morkgra\/#breadcrumb","itemListElement":[{"@type":"ListItem","position":1,"name":"Home","item":"https:\/\/truusk.store\/sv\/"},{"@type":"ListItem","position":2,"name":"Shop","item":"https:\/\/truusk.store\/shop\/"},{"@type":"ListItem","position":3,"name":"TRUUSK Solparaply 300 x 200 cm &#8211; Lutande Design &#8211; Vevskyddsh\u00f6lje &#8211; M\u00f6rkgr\u00e5"}]},{"@type":"WebSite","@id":"https:\/\/truusk.store\/sv\/#website","url":"https:\/\/truusk.store\/sv\/","name":"TRUUSK - Hem, Tr\u00e4dg\u00e5rd & Fritid","description":"","publisher":{"@id":"https:\/\/truusk.store\/sv\/#organization"},"potentialAction":[{"@type":"SearchAction","target":{"@type":"EntryPoint","urlTemplate":"https:\/\/truusk.store\/sv\/?s={search_term_string}"},"query-input":{"@type":"PropertyValueSpecification","valueRequired":true,"valueName":"search_term_string"}}],"inLanguage":"sv-SE"},{"@type":"Organization","@id":"https:\/\/truusk.store\/sv\/#organization","name":"TRUUSK - Hem, Tr\u00e4dg\u00e5rd & Fritid","url":"https:\/\/truusk.store\/sv\/","logo":{"@type":"ImageObject","inLanguage":"sv-SE","@id":"https:\/\/truusk.store\/sv\/#\/schema\/logo\/image\/","url":"https:\/\/i0.wp.com\/truusk.store\/wp-content\/uploads\/2026\/03\/cropped-TRUUSK.png?fit=2032%2C917&ssl=1","contentUrl":"https:\/\/i0.wp.com\/truusk.store\/wp-content\/uploads\/2026\/03\/cropped-TRUUSK.png?fit=2032%2C917&ssl=1","width":2032,"height":917,"caption":"TRUUSK - Hem, Tr\u00e4dg\u00e5rd & Fritid"},"image":{"@id":"https:\/\/truusk.store\/sv\/#\/schema\/logo\/image\/"}}]}},"jetpack_sharing_enabled":true,"_links":{"self":[{"href":"https:\/\/truusk.store\/sv\/wp-json\/wp\/v2\/product\/107456","targetHints":{"allow":["GET"]}}],"collection":[{"href":"https:\/\/truusk.store\/sv\/wp-json\/wp\/v2\/product"}],"about":[{"href":"https:\/\/truusk.store\/sv\/wp-json\/wp\/v2\/types\/product"}],"wp:featuredmedia":[{"embeddable":true,"href":"https:\/\/truusk.store\/sv\/wp-json\/wp\/v2\/media\/107442"}],"wp:attachment":[{"href":"https:\/\/truusk.store\/sv\/wp-json\/wp\/v2\/media?parent=107456"}],"wp:term":[{"taxonomy":"product_brand","embeddable":true,"href":"https:\/\/truusk.store\/sv\/wp-json\/wp\/v2\/product_brand?post=107456"},{"taxonomy":"product_cat","embeddable":true,"href":"https:\/\/truusk.store\/sv\/wp-json\/wp\/v2\/product_cat?post=107456"},{"taxonomy":"product_tag","embeddable":true,"href":"https:\/\/truusk.store\/sv\/wp-json\/wp\/v2\/product_tag?post=107456"}],"curies":[{"name":"wp","href":"https:\/\/api.w.org\/{rel}","templated":true}]}}