{"id":107474,"date":"2026-03-03T14:08:16","date_gmt":"2026-03-03T13:08:16","guid":{"rendered":"https:\/\/truusk.store\/product\/hog-ryggstodsmassagekontorsstol-med-vibration-varmefunktion-justerbar-ryggstod-fotstod-fjarrkontroll-gra\/"},"modified":"2026-03-12T08:53:50","modified_gmt":"2026-03-12T07:53:50","slug":"truusk-hog-ryggstodsmassagekontorsstol-vibration-varmefunktion-justerbar-ryggstod-fotstod-fjarrkontroll-gra","status":"publish","type":"product","link":"https:\/\/truusk.store\/sv\/produkt\/truusk-hog-ryggstodsmassagekontorsstol-vibration-varmefunktion-justerbar-ryggstod-fotstod-fjarrkontroll-gra\/","title":{"rendered":"TRUUSK H\u00f6g Ryggst\u00f6dsmassagekontorsstol &#8211; Vibration &amp; V\u00e4rmefunktion &#8211; Justerbar Ryggst\u00f6d &#8211; Fotst\u00f6d &#8211; Fj\u00e4rrkontroll &#8211; Gr\u00e5"},"content":{"rendered":"<p>Sm\u00e4rtan efter en l\u00e5ng dag vid skrivbordet sprider sig fr\u00e5n den nedre ryggen till de sp\u00e4nda axlarna. Denna ih\u00e5llande obehag g\u00f6r det sv\u00e5rt att slappna av, \u00e4ven efter arbetsdagen. [BRAND NAME] ergonomiska kontorsstol erbjuder en l\u00f6sning. Upplev en sexpunkts vibrationsmassage och lugnande v\u00e4rme i l\u00e4ndryggen. Luta dig tillbaka upp till 135 grader, dra ut fotst\u00f6det och f\u00f6rvandla denna kontorsstol till din personliga oas.<\/p>\n<p>Beskrivning:<\/p>\n<ul>\n<li> Slappna av med en sexpunkts vibrationsmassage p\u00e5 axlar, midja och l\u00e5r, som erbjuder tre niv\u00e5er f\u00f6r total kroppslig avslappning<\/li>\n<li> Lindra ryggsm\u00e4rtor med riktad l\u00e4ndryggsuppv\u00e4rmning, som har tre temperaturer och erbjuder en praktisk auto-off-timer, allt fj\u00e4rrstyrt<\/li>\n<li> Luta denna chefsstol upp till 135\u00b0 och l\u00e5s den i vilken vinkel som helst, vilket g\u00f6r den perfekt f\u00f6r \u00f6verg\u00e5ngen fr\u00e5n arbete till vila<\/li>\n<li> Ett utdragbart fotst\u00f6d och en justerbar ryggst\u00f6d f\u00f6rvandlar datorstolen till en bekv\u00e4m liggstol, perfekt f\u00f6r korta tupplurer p\u00e5 kontoret<\/li>\n<li> Den gener\u00f6sa 72 cm h\u00f6ga ryggst\u00f6det och den 57 cm breda s\u00e4tet passar f\u00f6r anv\u00e4ndare upp till 200 cm och b\u00e4r upp till 120 kg<\/li>\n<li> Montering kr\u00e4vs<\/li>\n<\/ul>\n<p> Tekniska data:<\/p>\n<ul>\n<li> F\u00e4rg: Gr\u00e5+Svart<\/li>\n<li> Material: Flerlagersplatta, Tryckt sammet (100 % polyester), Skum, St\u00e5l, Skum<\/li>\n<li> Totala dimensioner: 69,5B x 77,5D x 118-126H cm<\/li>\n<li> Liggande dimensioner: 69,5B x 166D x 81H cm<\/li>\n<li> Sitsstorlek: 57B x 52D cm<\/li>\n<li> Sitth\u00f6jd: 51-58 cm<\/li>\n<li> Ryggstorlek: 66B x 72H cm<\/li>\n<li> Tjocklek p\u00e5 sits och rygg: 16T cm (sits), 13T cm (rygg)<\/li>\n<li> Armst\u00f6dsh\u00f6jd till sits: 17-18 cm<\/li>\n<li> Belastningskapacitet: 120 kg<\/li>\n<\/ul>\n<p>Leveransinneh\u00e5ll:<\/p>\n<ul>\n<li> 1 x Massagekontorsstol<\/li>\n<li> 1 x Handbok<\/li>\n<\/ul>\n","protected":false},"excerpt":{"rendered":"<p>Sm\u00e4rtan efter en l\u00e5ng dag vid skrivbordet sprider sig fr\u00e5n den nedre ryggen till de sp\u00e4nda axlarna. Denna ih\u00e5llande obehag&#8230;<\/p>\n","protected":false},"featured_media":107464,"template":"","meta":[],"product_brand":[],"product_cat":[871,498,933,1074],"product_tag":[],"class_list":{"0":"post-107474","1":"product","2":"type-product","3":"status-publish","4":"has-post-thumbnail","6":"product_cat-hus-hem","7":"product_cat-hushallsapparater","8":"product_cat-koksapparater","9":"product_cat-wasserkocher-toaster-sets","11":"first","12":"instock","13":"sale","14":"taxable","15":"shipping-taxable","16":"purchasable","17":"product-type-simple"},"yoast_head":"<!-- This site is optimized with the Yoast SEO plugin v25.4 - https:\/\/yoast.com\/wordpress\/plugins\/seo\/ -->\n<title>TRUUSK H\u00f6g Ryggst\u00f6dsmassagekontorsstol - Vibration &amp; V\u00e4rmefunktion - Justerbar Ryggst\u00f6d - Fotst\u00f6d - Fj\u00e4rrkontroll - Gr\u00e5 - TRUUSK - Hem, Tr\u00e4dg\u00e5rd &amp; Fritid<\/title>\n<meta name=\"robots\" content=\"index, follow, max-snippet:-1, max-image-preview:large, max-video-preview:-1\" \/>\n<link rel=\"canonical\" href=\"https:\/\/truusk.store\/sv\/produkt\/truusk-hog-ryggstodsmassagekontorsstol-vibration-varmefunktion-justerbar-ryggstod-fotstod-fjarrkontroll-gra\/\" \/>\n<meta property=\"og:locale\" content=\"sv_SE\" \/>\n<meta property=\"og:type\" content=\"article\" \/>\n<meta property=\"og:title\" content=\"TRUUSK H\u00f6g Ryggst\u00f6dsmassagekontorsstol - Vibration &amp; V\u00e4rmefunktion - Justerbar Ryggst\u00f6d - Fotst\u00f6d - Fj\u00e4rrkontroll - Gr\u00e5 - TRUUSK - Hem, Tr\u00e4dg\u00e5rd &amp; Fritid\" \/>\n<meta property=\"og:description\" content=\"Sm\u00e4rtan efter en l\u00e5ng dag vid skrivbordet sprider sig fr\u00e5n den nedre ryggen till de sp\u00e4nda axlarna. Denna ih\u00e5llande obehag...\" \/>\n<meta property=\"og:url\" content=\"https:\/\/truusk.store\/sv\/produkt\/truusk-hog-ryggstodsmassagekontorsstol-vibration-varmefunktion-justerbar-ryggstod-fotstod-fjarrkontroll-gra\/\" \/>\n<meta property=\"og:site_name\" content=\"TRUUSK - Hem, Tr\u00e4dg\u00e5rd &amp; Fritid\" \/>\n<meta property=\"article:modified_time\" content=\"2026-03-12T07:53:50+00:00\" \/>\n<meta property=\"og:image\" content=\"https:\/\/i0.wp.com\/truusk.se\/wp-content\/uploads\/2026\/03\/hog-ryggstodsmassagekontorsstol-med-vibration-varmefunktion-justerbar-ryggstod-fotstod-fjarrkontroll-gra-1.webp?fit=2000%2C2000&ssl=1\" \/>\n\t<meta property=\"og:image:width\" content=\"2000\" \/>\n\t<meta property=\"og:image:height\" content=\"2000\" \/>\n\t<meta property=\"og:image:type\" content=\"image\/webp\" \/>\n<meta name=\"twitter:card\" content=\"summary_large_image\" \/>\n<meta name=\"twitter:label1\" content=\"Ber\u00e4knad l\u00e4stid\" \/>\n\t<meta name=\"twitter:data1\" content=\"1 minut\" \/>\n<!-- \/ Yoast SEO plugin. -->","yoast_head_json":{"title":"TRUUSK H\u00f6g Ryggst\u00f6dsmassagekontorsstol - Vibration &amp; V\u00e4rmefunktion - Justerbar Ryggst\u00f6d - Fotst\u00f6d - Fj\u00e4rrkontroll - Gr\u00e5 - TRUUSK - Hem, Tr\u00e4dg\u00e5rd &amp; Fritid","robots":{"index":"index","follow":"follow","max-snippet":"max-snippet:-1","max-image-preview":"max-image-preview:large","max-video-preview":"max-video-preview:-1"},"canonical":"https:\/\/truusk.store\/sv\/produkt\/truusk-hog-ryggstodsmassagekontorsstol-vibration-varmefunktion-justerbar-ryggstod-fotstod-fjarrkontroll-gra\/","og_locale":"sv_SE","og_type":"article","og_title":"TRUUSK H\u00f6g Ryggst\u00f6dsmassagekontorsstol - Vibration &amp; V\u00e4rmefunktion - Justerbar Ryggst\u00f6d - Fotst\u00f6d - Fj\u00e4rrkontroll - Gr\u00e5 - TRUUSK - Hem, Tr\u00e4dg\u00e5rd &amp; Fritid","og_description":"Sm\u00e4rtan efter en l\u00e5ng dag vid skrivbordet sprider sig fr\u00e5n den nedre ryggen till de sp\u00e4nda axlarna. Denna ih\u00e5llande obehag...","og_url":"https:\/\/truusk.store\/sv\/produkt\/truusk-hog-ryggstodsmassagekontorsstol-vibration-varmefunktion-justerbar-ryggstod-fotstod-fjarrkontroll-gra\/","og_site_name":"TRUUSK - Hem, Tr\u00e4dg\u00e5rd &amp; Fritid","article_modified_time":"2026-03-12T07:53:50+00:00","og_image":[{"width":2000,"height":2000,"url":"https:\/\/i0.wp.com\/truusk.se\/wp-content\/uploads\/2026\/03\/hog-ryggstodsmassagekontorsstol-med-vibration-varmefunktion-justerbar-ryggstod-fotstod-fjarrkontroll-gra-1.webp?fit=2000%2C2000&ssl=1","type":"image\/webp"}],"twitter_card":"summary_large_image","twitter_misc":{"Ber\u00e4knad l\u00e4stid":"1 minut"},"schema":{"@context":"https:\/\/schema.org","@graph":[{"@type":"WebPage","@id":"https:\/\/truusk.store\/sv\/produkt\/truusk-hog-ryggstodsmassagekontorsstol-vibration-varmefunktion-justerbar-ryggstod-fotstod-fjarrkontroll-gra\/","url":"https:\/\/truusk.store\/sv\/produkt\/truusk-hog-ryggstodsmassagekontorsstol-vibration-varmefunktion-justerbar-ryggstod-fotstod-fjarrkontroll-gra\/","name":"TRUUSK H\u00f6g Ryggst\u00f6dsmassagekontorsstol - Vibration &amp; V\u00e4rmefunktion - Justerbar Ryggst\u00f6d - Fotst\u00f6d - Fj\u00e4rrkontroll - Gr\u00e5 - TRUUSK - Hem, Tr\u00e4dg\u00e5rd &amp; Fritid","isPartOf":{"@id":"https:\/\/truusk.store\/sv\/#website"},"primaryImageOfPage":{"@id":"https:\/\/truusk.store\/sv\/produkt\/truusk-hog-ryggstodsmassagekontorsstol-vibration-varmefunktion-justerbar-ryggstod-fotstod-fjarrkontroll-gra\/#primaryimage"},"image":{"@id":"https:\/\/truusk.store\/sv\/produkt\/truusk-hog-ryggstodsmassagekontorsstol-vibration-varmefunktion-justerbar-ryggstod-fotstod-fjarrkontroll-gra\/#primaryimage"},"thumbnailUrl":"https:\/\/i0.wp.com\/truusk.store\/wp-content\/uploads\/2026\/03\/hog-ryggstodsmassagekontorsstol-med-vibration-varmefunktion-justerbar-ryggstod-fotstod-fjarrkontroll-gra-1.webp?fit=2000%2C2000&ssl=1","datePublished":"2026-03-03T13:08:16+00:00","dateModified":"2026-03-12T07:53:50+00:00","breadcrumb":{"@id":"https:\/\/truusk.store\/sv\/produkt\/truusk-hog-ryggstodsmassagekontorsstol-vibration-varmefunktion-justerbar-ryggstod-fotstod-fjarrkontroll-gra\/#breadcrumb"},"inLanguage":"sv-SE","potentialAction":[{"@type":"ReadAction","target":["https:\/\/truusk.store\/sv\/produkt\/truusk-hog-ryggstodsmassagekontorsstol-vibration-varmefunktion-justerbar-ryggstod-fotstod-fjarrkontroll-gra\/"]}]},{"@type":"ImageObject","inLanguage":"sv-SE","@id":"https:\/\/truusk.store\/sv\/produkt\/truusk-hog-ryggstodsmassagekontorsstol-vibration-varmefunktion-justerbar-ryggstod-fotstod-fjarrkontroll-gra\/#primaryimage","url":"https:\/\/i0.wp.com\/truusk.store\/wp-content\/uploads\/2026\/03\/hog-ryggstodsmassagekontorsstol-med-vibration-varmefunktion-justerbar-ryggstod-fotstod-fjarrkontroll-gra-1.webp?fit=2000%2C2000&ssl=1","contentUrl":"https:\/\/i0.wp.com\/truusk.store\/wp-content\/uploads\/2026\/03\/hog-ryggstodsmassagekontorsstol-med-vibration-varmefunktion-justerbar-ryggstod-fotstod-fjarrkontroll-gra-1.webp?fit=2000%2C2000&ssl=1","width":2000,"height":2000},{"@type":"BreadcrumbList","@id":"https:\/\/truusk.store\/sv\/produkt\/truusk-hog-ryggstodsmassagekontorsstol-vibration-varmefunktion-justerbar-ryggstod-fotstod-fjarrkontroll-gra\/#breadcrumb","itemListElement":[{"@type":"ListItem","position":1,"name":"Home","item":"https:\/\/truusk.store\/sv\/"},{"@type":"ListItem","position":2,"name":"Shop","item":"https:\/\/truusk.store\/shop\/"},{"@type":"ListItem","position":3,"name":"TRUUSK H\u00f6g Ryggst\u00f6dsmassagekontorsstol &#8211; Vibration &amp; V\u00e4rmefunktion &#8211; Justerbar Ryggst\u00f6d &#8211; Fotst\u00f6d &#8211; Fj\u00e4rrkontroll &#8211; Gr\u00e5"}]},{"@type":"WebSite","@id":"https:\/\/truusk.store\/sv\/#website","url":"https:\/\/truusk.store\/sv\/","name":"TRUUSK - Hem, Tr\u00e4dg\u00e5rd & Fritid","description":"","publisher":{"@id":"https:\/\/truusk.store\/sv\/#organization"},"potentialAction":[{"@type":"SearchAction","target":{"@type":"EntryPoint","urlTemplate":"https:\/\/truusk.store\/sv\/?s={search_term_string}"},"query-input":{"@type":"PropertyValueSpecification","valueRequired":true,"valueName":"search_term_string"}}],"inLanguage":"sv-SE"},{"@type":"Organization","@id":"https:\/\/truusk.store\/sv\/#organization","name":"TRUUSK - Hem, Tr\u00e4dg\u00e5rd & Fritid","url":"https:\/\/truusk.store\/sv\/","logo":{"@type":"ImageObject","inLanguage":"sv-SE","@id":"https:\/\/truusk.store\/sv\/#\/schema\/logo\/image\/","url":"https:\/\/i0.wp.com\/truusk.store\/wp-content\/uploads\/2026\/03\/cropped-TRUUSK.png?fit=2032%2C917&ssl=1","contentUrl":"https:\/\/i0.wp.com\/truusk.store\/wp-content\/uploads\/2026\/03\/cropped-TRUUSK.png?fit=2032%2C917&ssl=1","width":2032,"height":917,"caption":"TRUUSK - Hem, Tr\u00e4dg\u00e5rd & Fritid"},"image":{"@id":"https:\/\/truusk.store\/sv\/#\/schema\/logo\/image\/"}}]}},"jetpack_sharing_enabled":true,"_links":{"self":[{"href":"https:\/\/truusk.store\/sv\/wp-json\/wp\/v2\/product\/107474","targetHints":{"allow":["GET"]}}],"collection":[{"href":"https:\/\/truusk.store\/sv\/wp-json\/wp\/v2\/product"}],"about":[{"href":"https:\/\/truusk.store\/sv\/wp-json\/wp\/v2\/types\/product"}],"wp:featuredmedia":[{"embeddable":true,"href":"https:\/\/truusk.store\/sv\/wp-json\/wp\/v2\/media\/107464"}],"wp:attachment":[{"href":"https:\/\/truusk.store\/sv\/wp-json\/wp\/v2\/media?parent=107474"}],"wp:term":[{"taxonomy":"product_brand","embeddable":true,"href":"https:\/\/truusk.store\/sv\/wp-json\/wp\/v2\/product_brand?post=107474"},{"taxonomy":"product_cat","embeddable":true,"href":"https:\/\/truusk.store\/sv\/wp-json\/wp\/v2\/product_cat?post=107474"},{"taxonomy":"product_tag","embeddable":true,"href":"https:\/\/truusk.store\/sv\/wp-json\/wp\/v2\/product_tag?post=107474"}],"curies":[{"name":"wp","href":"https:\/\/api.w.org\/{rel}","templated":true}]}}