{"id":107483,"date":"2026-03-03T14:09:45","date_gmt":"2026-03-03T13:09:45","guid":{"rendered":"https:\/\/truusk.store\/product\/hoghojd-kontorsstol-med-vibrationsmassage-och-varme-ergonomisk-lutbar-med-fotstod-kramvit\/"},"modified":"2026-03-12T08:53:52","modified_gmt":"2026-03-12T07:53:52","slug":"truusk-hoghojd-kontorsstol-med-vibrationsmassage-och-varme-ergonomisk-design-lutbar-med-fotstod-kramvit","status":"publish","type":"product","link":"https:\/\/truusk.store\/sv\/produkt\/truusk-hoghojd-kontorsstol-med-vibrationsmassage-och-varme-ergonomisk-design-lutbar-med-fotstod-kramvit\/","title":{"rendered":"TRUUSK H\u00f6gh\u00f6jd Kontorsstol Med Vibrationsmassage och V\u00e4rme &#8211; Ergonomisk Design &#8211; Lutbar &#8211; Med Fotst\u00f6d &#8211; Kr\u00e4mvit"},"content":{"rendered":"<p>Belastningen av en l\u00e5ng arbetsdag p\u00e5 kontoret leder ofta till ih\u00e5llande rygg- och nacksp\u00e4nningar, vilket st\u00f6r koncentration och avkoppling. [BRAND NAME] massagekontorsstol erbjuder riktad \u00e5terh\u00e4mtning med ett 6-punkts massagesystem och l\u00e4ndv\u00e4rme. Med upp till 135\u00b0 lutning, utdragbar fotst\u00f6d och justerbart huvudst\u00f6d blir din arbetsplats en oas av komfort.<\/p>\n<p>Beskrivning:<\/p>\n<ul>\n<li> Lindra tr\u00f6tthet med sex vibrationspunkter, tre l\u00e4gen med tre intensitetsniv\u00e5er och lugnande l\u00e4ndv\u00e4rme, allt i denna kontorsstol med massagefunktion<\/li>\n<li> Luta dig tillbaka upp till 135\u00b0 och l\u00e5s i vilken vinkel som helst, med en utdragbar fotst\u00f6d f\u00f6r en tupplur<\/li>\n<li> Anpassa din sittst\u00e4llning p\u00e5 denna ergonomiska skrivbordsstol individuellt med ett justerbart huvudst\u00f6d och anslutna armst\u00f6d som r\u00f6r sig n\u00e4r du lutar dig tillbaka<\/li>\n<li> Ergonomisk design i l\u00e4ndryggen st\u00f6der korrekt kroppsh\u00e5llning och ger naturlig komfort<\/li>\n<li> Njut av den hudv\u00e4nliga och h\u00e5llbara tyget p\u00e5 denna massagekontorsstol, fylld med h\u00f6gdensitetsskum<\/li>\n<li> Den 70 cm h\u00f6ga ryggst\u00f6det p\u00e5 chefsstolen ger fullt st\u00f6d f\u00f6r anv\u00e4ndare upp till en kroppsl\u00e4ngd p\u00e5 185 cm<\/li>\n<li> St\u00e4ll in datorstolens timer p\u00e5 15\/30\/60 minuter f\u00f6r en djup avkopplingssession i kontorsstolen<\/li>\n<li> Montering kr\u00e4vs<\/li>\n<\/ul>\n<p> Tekniska data:<\/p>\n<ul>\n<li> F\u00e4rg: Kr\u00e4mvit+Vit<\/li>\n<li> Material: Flerskiktsplatta, konstl\u00e4der (100 % polyester), skum, plast, st\u00e5l<\/li>\n<li> Totala dimensioner: 70B x 75,5T x 114,5-122,5H cm<\/li>\n<li> Liggande position dimensioner: 70B x 147T x 101H cm<\/li>\n<li> Sitsstorlek: 55B x 49,5T cm<\/li>\n<li> Sitth\u00f6jd: 48-56 cm<\/li>\n<li> Ryggst\u00f6dsstorlek: 61B x 70H cm<\/li>\n<li> Sits- och ryggst\u00f6dstjocklek: 13 cm (sits), 14 cm (rygg)<\/li>\n<li> Armst\u00f6dsh\u00f6jd till sits: 17 cm<\/li>\n<li> B\u00e4rkapacitet: 120 kg<\/li>\n<\/ul>\n<p>Leveransinneh\u00e5ll:<\/p>\n<ul>\n<li> 1 x Massagekontorsstol<\/li>\n<li> 1 x Handbok<\/li>\n<\/ul>\n","protected":false},"excerpt":{"rendered":"<p>Belastningen av en l\u00e5ng arbetsdag p\u00e5 kontoret leder ofta till ih\u00e5llande rygg- och nacksp\u00e4nningar, vilket st\u00f6r koncentration och avkoppling. [BRAND&#8230;<\/p>\n","protected":false},"featured_media":107473,"template":"","meta":[],"product_brand":[],"product_cat":[872,871,516],"product_tag":[],"class_list":{"0":"post-107483","1":"product","2":"type-product","3":"status-publish","4":"has-post-thumbnail","6":"product_cat-hemmakontor-arbetsplats","7":"product_cat-hus-hem","8":"product_cat-kontorsstolar","10":"first","11":"instock","12":"sale","13":"taxable","14":"shipping-taxable","15":"purchasable","16":"product-type-simple"},"yoast_head":"<!-- This site is optimized with the Yoast SEO plugin v25.4 - https:\/\/yoast.com\/wordpress\/plugins\/seo\/ -->\n<title>TRUUSK H\u00f6gh\u00f6jd Kontorsstol Med Vibrationsmassage och V\u00e4rme - Ergonomisk Design - Lutbar - Med Fotst\u00f6d - Kr\u00e4mvit - TRUUSK - Hem, Tr\u00e4dg\u00e5rd &amp; Fritid<\/title>\n<meta name=\"robots\" content=\"index, follow, max-snippet:-1, max-image-preview:large, max-video-preview:-1\" \/>\n<link rel=\"canonical\" href=\"https:\/\/truusk.store\/sv\/produkt\/truusk-hoghojd-kontorsstol-med-vibrationsmassage-och-varme-ergonomisk-design-lutbar-med-fotstod-kramvit\/\" \/>\n<meta property=\"og:locale\" content=\"sv_SE\" \/>\n<meta property=\"og:type\" content=\"article\" \/>\n<meta property=\"og:title\" content=\"TRUUSK H\u00f6gh\u00f6jd Kontorsstol Med Vibrationsmassage och V\u00e4rme - Ergonomisk Design - Lutbar - Med Fotst\u00f6d - Kr\u00e4mvit - TRUUSK - Hem, Tr\u00e4dg\u00e5rd &amp; Fritid\" \/>\n<meta property=\"og:description\" content=\"Belastningen av en l\u00e5ng arbetsdag p\u00e5 kontoret leder ofta till ih\u00e5llande rygg- och nacksp\u00e4nningar, vilket st\u00f6r koncentration och avkoppling. [BRAND...\" \/>\n<meta property=\"og:url\" content=\"https:\/\/truusk.store\/sv\/produkt\/truusk-hoghojd-kontorsstol-med-vibrationsmassage-och-varme-ergonomisk-design-lutbar-med-fotstod-kramvit\/\" \/>\n<meta property=\"og:site_name\" content=\"TRUUSK - Hem, Tr\u00e4dg\u00e5rd &amp; Fritid\" \/>\n<meta property=\"article:modified_time\" content=\"2026-03-12T07:53:52+00:00\" \/>\n<meta property=\"og:image\" content=\"https:\/\/i0.wp.com\/truusk.se\/wp-content\/uploads\/2026\/03\/hoghojd-kontorsstol-med-vibrationsmassage-och-varme-ergonomisk-lutbar-med-fotstod-kramvit-1.webp?fit=2000%2C2000&ssl=1\" \/>\n\t<meta property=\"og:image:width\" content=\"2000\" \/>\n\t<meta property=\"og:image:height\" content=\"2000\" \/>\n\t<meta property=\"og:image:type\" content=\"image\/webp\" \/>\n<meta name=\"twitter:card\" content=\"summary_large_image\" \/>\n<meta name=\"twitter:label1\" content=\"Ber\u00e4knad l\u00e4stid\" \/>\n\t<meta name=\"twitter:data1\" content=\"1 minut\" \/>\n<!-- \/ Yoast SEO plugin. -->","yoast_head_json":{"title":"TRUUSK H\u00f6gh\u00f6jd Kontorsstol Med Vibrationsmassage och V\u00e4rme - Ergonomisk Design - Lutbar - Med Fotst\u00f6d - Kr\u00e4mvit - TRUUSK - Hem, Tr\u00e4dg\u00e5rd &amp; Fritid","robots":{"index":"index","follow":"follow","max-snippet":"max-snippet:-1","max-image-preview":"max-image-preview:large","max-video-preview":"max-video-preview:-1"},"canonical":"https:\/\/truusk.store\/sv\/produkt\/truusk-hoghojd-kontorsstol-med-vibrationsmassage-och-varme-ergonomisk-design-lutbar-med-fotstod-kramvit\/","og_locale":"sv_SE","og_type":"article","og_title":"TRUUSK H\u00f6gh\u00f6jd Kontorsstol Med Vibrationsmassage och V\u00e4rme - Ergonomisk Design - Lutbar - Med Fotst\u00f6d - Kr\u00e4mvit - TRUUSK - Hem, Tr\u00e4dg\u00e5rd &amp; Fritid","og_description":"Belastningen av en l\u00e5ng arbetsdag p\u00e5 kontoret leder ofta till ih\u00e5llande rygg- och nacksp\u00e4nningar, vilket st\u00f6r koncentration och avkoppling. [BRAND...","og_url":"https:\/\/truusk.store\/sv\/produkt\/truusk-hoghojd-kontorsstol-med-vibrationsmassage-och-varme-ergonomisk-design-lutbar-med-fotstod-kramvit\/","og_site_name":"TRUUSK - Hem, Tr\u00e4dg\u00e5rd &amp; Fritid","article_modified_time":"2026-03-12T07:53:52+00:00","og_image":[{"width":2000,"height":2000,"url":"https:\/\/i0.wp.com\/truusk.se\/wp-content\/uploads\/2026\/03\/hoghojd-kontorsstol-med-vibrationsmassage-och-varme-ergonomisk-lutbar-med-fotstod-kramvit-1.webp?fit=2000%2C2000&ssl=1","type":"image\/webp"}],"twitter_card":"summary_large_image","twitter_misc":{"Ber\u00e4knad l\u00e4stid":"1 minut"},"schema":{"@context":"https:\/\/schema.org","@graph":[{"@type":"WebPage","@id":"https:\/\/truusk.store\/sv\/produkt\/truusk-hoghojd-kontorsstol-med-vibrationsmassage-och-varme-ergonomisk-design-lutbar-med-fotstod-kramvit\/","url":"https:\/\/truusk.store\/sv\/produkt\/truusk-hoghojd-kontorsstol-med-vibrationsmassage-och-varme-ergonomisk-design-lutbar-med-fotstod-kramvit\/","name":"TRUUSK H\u00f6gh\u00f6jd Kontorsstol Med Vibrationsmassage och V\u00e4rme - Ergonomisk Design - Lutbar - Med Fotst\u00f6d - Kr\u00e4mvit - TRUUSK - Hem, Tr\u00e4dg\u00e5rd &amp; Fritid","isPartOf":{"@id":"https:\/\/truusk.store\/sv\/#website"},"primaryImageOfPage":{"@id":"https:\/\/truusk.store\/sv\/produkt\/truusk-hoghojd-kontorsstol-med-vibrationsmassage-och-varme-ergonomisk-design-lutbar-med-fotstod-kramvit\/#primaryimage"},"image":{"@id":"https:\/\/truusk.store\/sv\/produkt\/truusk-hoghojd-kontorsstol-med-vibrationsmassage-och-varme-ergonomisk-design-lutbar-med-fotstod-kramvit\/#primaryimage"},"thumbnailUrl":"https:\/\/i0.wp.com\/truusk.store\/wp-content\/uploads\/2026\/03\/hoghojd-kontorsstol-med-vibrationsmassage-och-varme-ergonomisk-lutbar-med-fotstod-kramvit-1.webp?fit=2000%2C2000&ssl=1","datePublished":"2026-03-03T13:09:45+00:00","dateModified":"2026-03-12T07:53:52+00:00","breadcrumb":{"@id":"https:\/\/truusk.store\/sv\/produkt\/truusk-hoghojd-kontorsstol-med-vibrationsmassage-och-varme-ergonomisk-design-lutbar-med-fotstod-kramvit\/#breadcrumb"},"inLanguage":"sv-SE","potentialAction":[{"@type":"ReadAction","target":["https:\/\/truusk.store\/sv\/produkt\/truusk-hoghojd-kontorsstol-med-vibrationsmassage-och-varme-ergonomisk-design-lutbar-med-fotstod-kramvit\/"]}]},{"@type":"ImageObject","inLanguage":"sv-SE","@id":"https:\/\/truusk.store\/sv\/produkt\/truusk-hoghojd-kontorsstol-med-vibrationsmassage-och-varme-ergonomisk-design-lutbar-med-fotstod-kramvit\/#primaryimage","url":"https:\/\/i0.wp.com\/truusk.store\/wp-content\/uploads\/2026\/03\/hoghojd-kontorsstol-med-vibrationsmassage-och-varme-ergonomisk-lutbar-med-fotstod-kramvit-1.webp?fit=2000%2C2000&ssl=1","contentUrl":"https:\/\/i0.wp.com\/truusk.store\/wp-content\/uploads\/2026\/03\/hoghojd-kontorsstol-med-vibrationsmassage-och-varme-ergonomisk-lutbar-med-fotstod-kramvit-1.webp?fit=2000%2C2000&ssl=1","width":2000,"height":2000},{"@type":"BreadcrumbList","@id":"https:\/\/truusk.store\/sv\/produkt\/truusk-hoghojd-kontorsstol-med-vibrationsmassage-och-varme-ergonomisk-design-lutbar-med-fotstod-kramvit\/#breadcrumb","itemListElement":[{"@type":"ListItem","position":1,"name":"Home","item":"https:\/\/truusk.store\/sv\/"},{"@type":"ListItem","position":2,"name":"Shop","item":"https:\/\/truusk.store\/shop\/"},{"@type":"ListItem","position":3,"name":"TRUUSK H\u00f6gh\u00f6jd Kontorsstol Med Vibrationsmassage och V\u00e4rme &#8211; Ergonomisk Design &#8211; Lutbar &#8211; Med Fotst\u00f6d &#8211; Kr\u00e4mvit"}]},{"@type":"WebSite","@id":"https:\/\/truusk.store\/sv\/#website","url":"https:\/\/truusk.store\/sv\/","name":"TRUUSK - Hem, Tr\u00e4dg\u00e5rd & Fritid","description":"","publisher":{"@id":"https:\/\/truusk.store\/sv\/#organization"},"potentialAction":[{"@type":"SearchAction","target":{"@type":"EntryPoint","urlTemplate":"https:\/\/truusk.store\/sv\/?s={search_term_string}"},"query-input":{"@type":"PropertyValueSpecification","valueRequired":true,"valueName":"search_term_string"}}],"inLanguage":"sv-SE"},{"@type":"Organization","@id":"https:\/\/truusk.store\/sv\/#organization","name":"TRUUSK - Hem, Tr\u00e4dg\u00e5rd & Fritid","url":"https:\/\/truusk.store\/sv\/","logo":{"@type":"ImageObject","inLanguage":"sv-SE","@id":"https:\/\/truusk.store\/sv\/#\/schema\/logo\/image\/","url":"https:\/\/i0.wp.com\/truusk.store\/wp-content\/uploads\/2026\/03\/cropped-TRUUSK.png?fit=2032%2C917&ssl=1","contentUrl":"https:\/\/i0.wp.com\/truusk.store\/wp-content\/uploads\/2026\/03\/cropped-TRUUSK.png?fit=2032%2C917&ssl=1","width":2032,"height":917,"caption":"TRUUSK - Hem, Tr\u00e4dg\u00e5rd & Fritid"},"image":{"@id":"https:\/\/truusk.store\/sv\/#\/schema\/logo\/image\/"}}]}},"jetpack_sharing_enabled":true,"_links":{"self":[{"href":"https:\/\/truusk.store\/sv\/wp-json\/wp\/v2\/product\/107483","targetHints":{"allow":["GET"]}}],"collection":[{"href":"https:\/\/truusk.store\/sv\/wp-json\/wp\/v2\/product"}],"about":[{"href":"https:\/\/truusk.store\/sv\/wp-json\/wp\/v2\/types\/product"}],"wp:featuredmedia":[{"embeddable":true,"href":"https:\/\/truusk.store\/sv\/wp-json\/wp\/v2\/media\/107473"}],"wp:attachment":[{"href":"https:\/\/truusk.store\/sv\/wp-json\/wp\/v2\/media?parent=107483"}],"wp:term":[{"taxonomy":"product_brand","embeddable":true,"href":"https:\/\/truusk.store\/sv\/wp-json\/wp\/v2\/product_brand?post=107483"},{"taxonomy":"product_cat","embeddable":true,"href":"https:\/\/truusk.store\/sv\/wp-json\/wp\/v2\/product_cat?post=107483"},{"taxonomy":"product_tag","embeddable":true,"href":"https:\/\/truusk.store\/sv\/wp-json\/wp\/v2\/product_tag?post=107483"}],"curies":[{"name":"wp","href":"https:\/\/api.w.org\/{rel}","templated":true}]}}