{"id":107493,"date":"2026-03-06T19:58:16","date_gmt":"2026-03-06T18:58:16","guid":{"rendered":"https:\/\/truusk.store\/product\/pelarflakt-luftkonditionering-i-pelarform-kan-rotera-52-grader-tyst-drift-3-driftlagen-3-hastigheter\/"},"modified":"2026-03-12T09:10:36","modified_gmt":"2026-03-12T08:10:36","slug":"truusk-pelarflakt-luftkonditionering-i-pelarform-rotera-52-grader-tyst-drift-3-driftlagen-3-hastigheter","status":"publish","type":"product","link":"https:\/\/truusk.store\/sv\/produkt\/truusk-pelarflakt-luftkonditionering-i-pelarform-rotera-52-grader-tyst-drift-3-driftlagen-3-hastigheter\/","title":{"rendered":"TRUUSK Pelarfl\u00e4kt &#8211; Luftkonditionering i Pelarform &#8211; Rotera 52 grader &#8211; Tyst drift &#8211; 3 Driftl\u00e4gen &#8211; 3 Hastigheter"},"content":{"rendered":"<p>Upplev en sval sommar med [BRAND NAME] pelarfl\u00e4kt med luftfuktare och fj\u00e4rrkontroll. Med tre hastigheter och driftl\u00e4gen anpassar den sig till dina behov och har en timer f\u00f6r automatisk avst\u00e4ngning efter upp till 12 timmar. Hantera den bekv\u00e4mt via LED-displayen eller fj\u00e4rrkontrollen. Den smala designen p\u00e5 luftkylaren passar perfekt i ditt hem eller p\u00e5 kontoret. Njut av en uppfriskande bris \u00e4ven p\u00e5 de varmaste sommardagarna.<\/p>\n<p>Beskrivning:<\/p>\n<ul>\n<li> Kompakt design p\u00e5 tornfl\u00e4kten, idealisk f\u00f6r anv\u00e4ndning hemma och p\u00e5 kontoret<\/li>\n<li> Med fl\u00e4kt, kylare och luftfuktare<\/li>\n<li> Anv\u00e4nder en exklusiv kylmetod med isboxar<\/li>\n<li> Tornet roterar 52 grader f\u00f6r att snabbt och effektivt kyla rummet<\/li>\n<li> Har 3 driftl\u00e4gen (Normal, Naturlig och Natt) och 3 hastigheter (h\u00f6g, medel, l\u00e5g)<\/li>\n<li> Automatisk avst\u00e4ngningstimerfunktion upp till 12 timmar efter att den har slagits p\u00e5, fungerar i 1-timmarsintervaller<\/li>\n<li> LED-displayen visar hastighetsinst\u00e4llningen, l\u00e4get, timern och inomhustemperaturen etc.<\/li>\n<li> Fl\u00e4ktl\u00f6s design p\u00e5 tornfl\u00e4kten f\u00f6r tyst drift<\/li>\n<li> Inbyggd fj\u00e4rrkontroll, kr\u00e4ver CR2025 knappbatteri (ing\u00e5r ej)<\/li>\n<li> Montering kr\u00e4vs<\/li>\n<\/ul>\n<p> Tekniska data:<\/p>\n<ul>\n<li> F\u00e4rg: Svart+Vit<\/li>\n<li> Material: Plast<\/li>\n<li> Totala m\u00e5tt: 33L x 26B x 105H cm<\/li>\n<li> Vattentank: 3 L<\/li>\n<li> Kabell\u00e4ngd: 150 cm<\/li>\n<li> T\u00e4ckningsomr\u00e5de: 20 m\u00b2<\/li>\n<li> Effekt: 60W<\/li>\n<li> Sp\u00e4nning: 220-240V\/50HZ<\/li>\n<\/ul>\n<p>Leveransinneh\u00e5ll:<\/p>\n<ul>\n<li> 1 x Golvfl\u00e4kt<\/li>\n<li> 1 x Fj\u00e4rrkontroll<\/li>\n<li> 2 x Isbox<\/li>\n<li> 1 x Bruksanvisning<\/li>\n<\/ul>\n","protected":false},"excerpt":{"rendered":"<p>Upplev en sval sommar med [BRAND NAME] pelarfl\u00e4kt med luftfuktare och fj\u00e4rrkontroll. Med tre hastigheter och driftl\u00e4gen anpassar den sig&#8230;<\/p>\n","protected":false},"featured_media":107484,"template":"","meta":[],"product_brand":[],"product_cat":[867,906,905],"product_tag":[],"class_list":{"0":"post-107493","1":"product","2":"type-product","3":"status-publish","4":"has-post-thumbnail","6":"product_cat-byggmarknad","7":"product_cat-flaktar-luftkonditionering","8":"product_cat-klimatkontroll-flaktar","10":"first","11":"instock","12":"sale","13":"taxable","14":"shipping-taxable","15":"purchasable","16":"product-type-simple"},"yoast_head":"<!-- This site is optimized with the Yoast SEO plugin v25.4 - https:\/\/yoast.com\/wordpress\/plugins\/seo\/ -->\n<title>TRUUSK Pelarfl\u00e4kt - Luftkonditionering i Pelarform - Rotera 52 grader - Tyst drift - 3 Driftl\u00e4gen - 3 Hastigheter - TRUUSK - Hem, Tr\u00e4dg\u00e5rd &amp; Fritid<\/title>\n<meta name=\"robots\" content=\"index, follow, max-snippet:-1, max-image-preview:large, max-video-preview:-1\" \/>\n<link rel=\"canonical\" href=\"https:\/\/truusk.store\/sv\/produkt\/truusk-pelarflakt-luftkonditionering-i-pelarform-rotera-52-grader-tyst-drift-3-driftlagen-3-hastigheter\/\" \/>\n<meta property=\"og:locale\" content=\"sv_SE\" \/>\n<meta property=\"og:type\" content=\"article\" \/>\n<meta property=\"og:title\" content=\"TRUUSK Pelarfl\u00e4kt - Luftkonditionering i Pelarform - Rotera 52 grader - Tyst drift - 3 Driftl\u00e4gen - 3 Hastigheter - TRUUSK - Hem, Tr\u00e4dg\u00e5rd &amp; Fritid\" \/>\n<meta property=\"og:description\" content=\"Upplev en sval sommar med [BRAND NAME] pelarfl\u00e4kt med luftfuktare och fj\u00e4rrkontroll. Med tre hastigheter och driftl\u00e4gen anpassar den sig...\" \/>\n<meta property=\"og:url\" content=\"https:\/\/truusk.store\/sv\/produkt\/truusk-pelarflakt-luftkonditionering-i-pelarform-rotera-52-grader-tyst-drift-3-driftlagen-3-hastigheter\/\" \/>\n<meta property=\"og:site_name\" content=\"TRUUSK - Hem, Tr\u00e4dg\u00e5rd &amp; Fritid\" \/>\n<meta property=\"article:modified_time\" content=\"2026-03-12T08:10:36+00:00\" \/>\n<meta property=\"og:image\" content=\"https:\/\/i0.wp.com\/truusk.se\/wp-content\/uploads\/2026\/03\/pelarflakt-luftkonditionering-i-pelarform-kan-rotera-52-grader-tyst-drift-3-driftlagen-3-hastigheter-1.webp?fit=2000%2C2000&ssl=1\" \/>\n\t<meta property=\"og:image:width\" content=\"2000\" \/>\n\t<meta property=\"og:image:height\" content=\"2000\" \/>\n\t<meta property=\"og:image:type\" content=\"image\/webp\" \/>\n<meta name=\"twitter:card\" content=\"summary_large_image\" \/>\n<meta name=\"twitter:label1\" content=\"Ber\u00e4knad l\u00e4stid\" \/>\n\t<meta name=\"twitter:data1\" content=\"1 minut\" \/>\n<!-- \/ Yoast SEO plugin. -->","yoast_head_json":{"title":"TRUUSK Pelarfl\u00e4kt - Luftkonditionering i Pelarform - Rotera 52 grader - Tyst drift - 3 Driftl\u00e4gen - 3 Hastigheter - TRUUSK - Hem, Tr\u00e4dg\u00e5rd &amp; Fritid","robots":{"index":"index","follow":"follow","max-snippet":"max-snippet:-1","max-image-preview":"max-image-preview:large","max-video-preview":"max-video-preview:-1"},"canonical":"https:\/\/truusk.store\/sv\/produkt\/truusk-pelarflakt-luftkonditionering-i-pelarform-rotera-52-grader-tyst-drift-3-driftlagen-3-hastigheter\/","og_locale":"sv_SE","og_type":"article","og_title":"TRUUSK Pelarfl\u00e4kt - Luftkonditionering i Pelarform - Rotera 52 grader - Tyst drift - 3 Driftl\u00e4gen - 3 Hastigheter - TRUUSK - Hem, Tr\u00e4dg\u00e5rd &amp; Fritid","og_description":"Upplev en sval sommar med [BRAND NAME] pelarfl\u00e4kt med luftfuktare och fj\u00e4rrkontroll. Med tre hastigheter och driftl\u00e4gen anpassar den sig...","og_url":"https:\/\/truusk.store\/sv\/produkt\/truusk-pelarflakt-luftkonditionering-i-pelarform-rotera-52-grader-tyst-drift-3-driftlagen-3-hastigheter\/","og_site_name":"TRUUSK - Hem, Tr\u00e4dg\u00e5rd &amp; Fritid","article_modified_time":"2026-03-12T08:10:36+00:00","og_image":[{"width":2000,"height":2000,"url":"https:\/\/i0.wp.com\/truusk.se\/wp-content\/uploads\/2026\/03\/pelarflakt-luftkonditionering-i-pelarform-kan-rotera-52-grader-tyst-drift-3-driftlagen-3-hastigheter-1.webp?fit=2000%2C2000&ssl=1","type":"image\/webp"}],"twitter_card":"summary_large_image","twitter_misc":{"Ber\u00e4knad l\u00e4stid":"1 minut"},"schema":{"@context":"https:\/\/schema.org","@graph":[{"@type":"WebPage","@id":"https:\/\/truusk.store\/sv\/produkt\/truusk-pelarflakt-luftkonditionering-i-pelarform-rotera-52-grader-tyst-drift-3-driftlagen-3-hastigheter\/","url":"https:\/\/truusk.store\/sv\/produkt\/truusk-pelarflakt-luftkonditionering-i-pelarform-rotera-52-grader-tyst-drift-3-driftlagen-3-hastigheter\/","name":"TRUUSK Pelarfl\u00e4kt - Luftkonditionering i Pelarform - Rotera 52 grader - Tyst drift - 3 Driftl\u00e4gen - 3 Hastigheter - TRUUSK - Hem, Tr\u00e4dg\u00e5rd &amp; Fritid","isPartOf":{"@id":"https:\/\/truusk.store\/sv\/#website"},"primaryImageOfPage":{"@id":"https:\/\/truusk.store\/sv\/produkt\/truusk-pelarflakt-luftkonditionering-i-pelarform-rotera-52-grader-tyst-drift-3-driftlagen-3-hastigheter\/#primaryimage"},"image":{"@id":"https:\/\/truusk.store\/sv\/produkt\/truusk-pelarflakt-luftkonditionering-i-pelarform-rotera-52-grader-tyst-drift-3-driftlagen-3-hastigheter\/#primaryimage"},"thumbnailUrl":"https:\/\/i0.wp.com\/truusk.store\/wp-content\/uploads\/2026\/03\/pelarflakt-luftkonditionering-i-pelarform-kan-rotera-52-grader-tyst-drift-3-driftlagen-3-hastigheter-1.webp?fit=2000%2C2000&ssl=1","datePublished":"2026-03-06T18:58:16+00:00","dateModified":"2026-03-12T08:10:36+00:00","breadcrumb":{"@id":"https:\/\/truusk.store\/sv\/produkt\/truusk-pelarflakt-luftkonditionering-i-pelarform-rotera-52-grader-tyst-drift-3-driftlagen-3-hastigheter\/#breadcrumb"},"inLanguage":"sv-SE","potentialAction":[{"@type":"ReadAction","target":["https:\/\/truusk.store\/sv\/produkt\/truusk-pelarflakt-luftkonditionering-i-pelarform-rotera-52-grader-tyst-drift-3-driftlagen-3-hastigheter\/"]}]},{"@type":"ImageObject","inLanguage":"sv-SE","@id":"https:\/\/truusk.store\/sv\/produkt\/truusk-pelarflakt-luftkonditionering-i-pelarform-rotera-52-grader-tyst-drift-3-driftlagen-3-hastigheter\/#primaryimage","url":"https:\/\/i0.wp.com\/truusk.store\/wp-content\/uploads\/2026\/03\/pelarflakt-luftkonditionering-i-pelarform-kan-rotera-52-grader-tyst-drift-3-driftlagen-3-hastigheter-1.webp?fit=2000%2C2000&ssl=1","contentUrl":"https:\/\/i0.wp.com\/truusk.store\/wp-content\/uploads\/2026\/03\/pelarflakt-luftkonditionering-i-pelarform-kan-rotera-52-grader-tyst-drift-3-driftlagen-3-hastigheter-1.webp?fit=2000%2C2000&ssl=1","width":2000,"height":2000},{"@type":"BreadcrumbList","@id":"https:\/\/truusk.store\/sv\/produkt\/truusk-pelarflakt-luftkonditionering-i-pelarform-rotera-52-grader-tyst-drift-3-driftlagen-3-hastigheter\/#breadcrumb","itemListElement":[{"@type":"ListItem","position":1,"name":"Home","item":"https:\/\/truusk.store\/sv\/"},{"@type":"ListItem","position":2,"name":"Shop","item":"https:\/\/truusk.store\/shop\/"},{"@type":"ListItem","position":3,"name":"TRUUSK Pelarfl\u00e4kt &#8211; Luftkonditionering i Pelarform &#8211; Rotera 52 grader &#8211; Tyst drift &#8211; 3 Driftl\u00e4gen &#8211; 3 Hastigheter"}]},{"@type":"WebSite","@id":"https:\/\/truusk.store\/sv\/#website","url":"https:\/\/truusk.store\/sv\/","name":"TRUUSK - Hem, Tr\u00e4dg\u00e5rd & Fritid","description":"","publisher":{"@id":"https:\/\/truusk.store\/sv\/#organization"},"potentialAction":[{"@type":"SearchAction","target":{"@type":"EntryPoint","urlTemplate":"https:\/\/truusk.store\/sv\/?s={search_term_string}"},"query-input":{"@type":"PropertyValueSpecification","valueRequired":true,"valueName":"search_term_string"}}],"inLanguage":"sv-SE"},{"@type":"Organization","@id":"https:\/\/truusk.store\/sv\/#organization","name":"TRUUSK - Hem, Tr\u00e4dg\u00e5rd & Fritid","url":"https:\/\/truusk.store\/sv\/","logo":{"@type":"ImageObject","inLanguage":"sv-SE","@id":"https:\/\/truusk.store\/sv\/#\/schema\/logo\/image\/","url":"https:\/\/i0.wp.com\/truusk.store\/wp-content\/uploads\/2026\/03\/cropped-TRUUSK.png?fit=2032%2C917&ssl=1","contentUrl":"https:\/\/i0.wp.com\/truusk.store\/wp-content\/uploads\/2026\/03\/cropped-TRUUSK.png?fit=2032%2C917&ssl=1","width":2032,"height":917,"caption":"TRUUSK - Hem, Tr\u00e4dg\u00e5rd & Fritid"},"image":{"@id":"https:\/\/truusk.store\/sv\/#\/schema\/logo\/image\/"}}]}},"jetpack_sharing_enabled":true,"_links":{"self":[{"href":"https:\/\/truusk.store\/sv\/wp-json\/wp\/v2\/product\/107493","targetHints":{"allow":["GET"]}}],"collection":[{"href":"https:\/\/truusk.store\/sv\/wp-json\/wp\/v2\/product"}],"about":[{"href":"https:\/\/truusk.store\/sv\/wp-json\/wp\/v2\/types\/product"}],"wp:featuredmedia":[{"embeddable":true,"href":"https:\/\/truusk.store\/sv\/wp-json\/wp\/v2\/media\/107484"}],"wp:attachment":[{"href":"https:\/\/truusk.store\/sv\/wp-json\/wp\/v2\/media?parent=107493"}],"wp:term":[{"taxonomy":"product_brand","embeddable":true,"href":"https:\/\/truusk.store\/sv\/wp-json\/wp\/v2\/product_brand?post=107493"},{"taxonomy":"product_cat","embeddable":true,"href":"https:\/\/truusk.store\/sv\/wp-json\/wp\/v2\/product_cat?post=107493"},{"taxonomy":"product_tag","embeddable":true,"href":"https:\/\/truusk.store\/sv\/wp-json\/wp\/v2\/product_tag?post=107493"}],"curies":[{"name":"wp","href":"https:\/\/api.w.org\/{rel}","templated":true}]}}