{"id":107503,"date":"2026-03-06T20:19:31","date_gmt":"2026-03-06T19:19:31","guid":{"rendered":"https:\/\/truusk.store\/product\/barnspelhus-av-naturligt-tra-med-brevlada-och-blomlada-natur\/"},"modified":"2026-03-12T08:42:22","modified_gmt":"2026-03-12T07:42:22","slug":"truusk-barnspelhus-av-naturligt-tra-med-brevlada-och-blomlada-hallbar-konstruktion-perfekt-for-utelek-svensk-design","status":"publish","type":"product","link":"https:\/\/truusk.store\/sv\/produkt\/truusk-barnspelhus-av-naturligt-tra-med-brevlada-och-blomlada-hallbar-konstruktion-perfekt-for-utelek-svensk-design\/","title":{"rendered":"TRUUSK Barnspelhus av Naturligt Tr\u00e4 &#8211; Med Brevl\u00e5da och Bloml\u00e5da &#8211; H\u00e5llbar Konstruktion &#8211; Perfekt f\u00f6r Utelek &#8211; Svensk Design"},"content":{"rendered":"<p>Barn kommer att vilja leka i timmar med detta [BRAND NAME] tr\u00e4leksakshus. L\u00e5t dina barn leka lugnt i detta lekhus och ha massor av kul. Med ett lutande tak och en vattenavvisande bel\u00e4ggning f\u00f6r utomhusbruk. En brevl\u00e5da, en tavla, en b\u00e4nk och en blomkrukh\u00e5llare g\u00f6r leken till en riktig upplevelse f\u00f6r barnen. Ta med detta lekhus f\u00f6r barn hem f\u00f6r att njuta av en trevlig familjetid.<\/p>\n<p>Beskrivning:<\/p>\n<ul>\n<li> En brevl\u00e5da, en tavla, en b\u00e4nk, ett skrivbord, en servicestation och en blomkrukh\u00e5llare ing\u00e5r och ger en riktig spelupplevelse<\/li>\n<li> En halvh\u00f6g d\u00f6rr f\u00f6r enkel in- och utg\u00e5ng<\/li>\n<li> 3 f\u00f6nster ger god ventilation och utsikt<\/li>\n<li> Ramen av naturligt grantr\u00e4 med vattenavvisande bel\u00e4ggning g\u00f6r detta tr\u00e4leksakshus robust f\u00f6r utomhusbruk<\/li>\n<li> Du kan m\u00e5la och dekorera barnens lekhus med mycket kul<\/li>\n<li> En perfekt present f\u00f6r barn i \u00e5ldern 3 till 8 \u00e5r f\u00f6r att stimulera deras fantasi<\/li>\n<li> Montering kr\u00e4vs<\/li>\n<\/ul>\n<p> Tekniska data:<\/p>\n<ul>\n<li> F\u00e4rg: Natur<\/li>\n<li> Material: Grantr\u00e4<\/li>\n<li> Totala m\u00e5tt: 122L x 108B x 135,5H cm (med tak)<\/li>\n<li> Takfotsh\u00f6jd: 111 cm<\/li>\n<li> D\u00f6rrstorlek: 38B x 48H cm<\/li>\n<li> F\u00f6nsterstorlek: 55B x 50H cm(bak), 38B x 36H cm(v\u00e4nster), \u00d828 cm(h\u00f6ger)<\/li>\n<li> Brevl\u00e5dans storlek: 14,5B x 9T x 21H cm<\/li>\n<li> Tavlans storlek: 41L x 28B x 1H cm<\/li>\n<li> Blomkrukh\u00e5llarens storlek: 62B x 15,5T x 12H cm<\/li>\n<li> B\u00e4nkens storlek: 58,5L x 20B x 28H cm<\/li>\n<li> Viktkapacitet: (Stol\/Skrivbord) 60 kg<\/li>\n<li> Obs: L\u00e4mplig f\u00f6r barn fr\u00e5n 3 till 8 \u00e5r<\/li>\n<\/ul>\n<p>Leveransinneh\u00e5ll:<\/p>\n<ul>\n<li> 1 x Barns lekhus<\/li>\n<li> 1 x Instruktioner<\/li>\n<\/ul>\n","protected":false},"excerpt":{"rendered":"<p>Barn kommer att vilja leka i timmar med detta [BRAND NAME] tr\u00e4leksakshus. L\u00e5t dina barn leka lugnt i detta lekhus&#8230;<\/p>\n","protected":false},"featured_media":107494,"template":"","meta":[],"product_brand":[],"product_cat":[880,1044,616],"product_tag":[],"class_list":{"0":"post-107503","1":"product","2":"type-product","3":"status-publish","4":"has-post-thumbnail","6":"product_cat-baby-barn-2","7":"product_cat-lekhus-talt","8":"product_cat-utomhusleksaker","10":"first","11":"instock","12":"sale","13":"taxable","14":"shipping-taxable","15":"purchasable","16":"product-type-simple"},"yoast_head":"<!-- This site is optimized with the Yoast SEO plugin v25.4 - https:\/\/yoast.com\/wordpress\/plugins\/seo\/ -->\n<title>TRUUSK Barnspelhus av Naturligt Tr\u00e4 - Med Brevl\u00e5da och Bloml\u00e5da - H\u00e5llbar Konstruktion - Perfekt f\u00f6r Utelek - Svensk Design - TRUUSK - Hem, Tr\u00e4dg\u00e5rd &amp; Fritid<\/title>\n<meta name=\"robots\" content=\"index, follow, max-snippet:-1, max-image-preview:large, max-video-preview:-1\" \/>\n<link rel=\"canonical\" href=\"https:\/\/truusk.store\/sv\/produkt\/truusk-barnspelhus-av-naturligt-tra-med-brevlada-och-blomlada-hallbar-konstruktion-perfekt-for-utelek-svensk-design\/\" \/>\n<meta property=\"og:locale\" content=\"sv_SE\" \/>\n<meta property=\"og:type\" content=\"article\" \/>\n<meta property=\"og:title\" content=\"TRUUSK Barnspelhus av Naturligt Tr\u00e4 - Med Brevl\u00e5da och Bloml\u00e5da - H\u00e5llbar Konstruktion - Perfekt f\u00f6r Utelek - Svensk Design - TRUUSK - Hem, Tr\u00e4dg\u00e5rd &amp; Fritid\" \/>\n<meta property=\"og:description\" content=\"Barn kommer att vilja leka i timmar med detta [BRAND NAME] tr\u00e4leksakshus. L\u00e5t dina barn leka lugnt i detta lekhus...\" \/>\n<meta property=\"og:url\" content=\"https:\/\/truusk.store\/sv\/produkt\/truusk-barnspelhus-av-naturligt-tra-med-brevlada-och-blomlada-hallbar-konstruktion-perfekt-for-utelek-svensk-design\/\" \/>\n<meta property=\"og:site_name\" content=\"TRUUSK - Hem, Tr\u00e4dg\u00e5rd &amp; Fritid\" \/>\n<meta property=\"article:modified_time\" content=\"2026-03-12T07:42:22+00:00\" \/>\n<meta property=\"og:image\" content=\"https:\/\/i0.wp.com\/truusk.se\/wp-content\/uploads\/2026\/03\/barnspelhus-av-naturligt-tra-med-brevlada-och-blomlada-natur-1.webp?fit=2000%2C2000&ssl=1\" \/>\n\t<meta property=\"og:image:width\" content=\"2000\" \/>\n\t<meta property=\"og:image:height\" content=\"2000\" \/>\n\t<meta property=\"og:image:type\" content=\"image\/webp\" \/>\n<meta name=\"twitter:card\" content=\"summary_large_image\" \/>\n<meta name=\"twitter:label1\" content=\"Ber\u00e4knad l\u00e4stid\" \/>\n\t<meta name=\"twitter:data1\" content=\"1 minut\" \/>\n<!-- \/ Yoast SEO plugin. -->","yoast_head_json":{"title":"TRUUSK Barnspelhus av Naturligt Tr\u00e4 - Med Brevl\u00e5da och Bloml\u00e5da - H\u00e5llbar Konstruktion - Perfekt f\u00f6r Utelek - Svensk Design - TRUUSK - Hem, Tr\u00e4dg\u00e5rd &amp; Fritid","robots":{"index":"index","follow":"follow","max-snippet":"max-snippet:-1","max-image-preview":"max-image-preview:large","max-video-preview":"max-video-preview:-1"},"canonical":"https:\/\/truusk.store\/sv\/produkt\/truusk-barnspelhus-av-naturligt-tra-med-brevlada-och-blomlada-hallbar-konstruktion-perfekt-for-utelek-svensk-design\/","og_locale":"sv_SE","og_type":"article","og_title":"TRUUSK Barnspelhus av Naturligt Tr\u00e4 - Med Brevl\u00e5da och Bloml\u00e5da - H\u00e5llbar Konstruktion - Perfekt f\u00f6r Utelek - Svensk Design - TRUUSK - Hem, Tr\u00e4dg\u00e5rd &amp; Fritid","og_description":"Barn kommer att vilja leka i timmar med detta [BRAND NAME] tr\u00e4leksakshus. L\u00e5t dina barn leka lugnt i detta lekhus...","og_url":"https:\/\/truusk.store\/sv\/produkt\/truusk-barnspelhus-av-naturligt-tra-med-brevlada-och-blomlada-hallbar-konstruktion-perfekt-for-utelek-svensk-design\/","og_site_name":"TRUUSK - Hem, Tr\u00e4dg\u00e5rd &amp; Fritid","article_modified_time":"2026-03-12T07:42:22+00:00","og_image":[{"width":2000,"height":2000,"url":"https:\/\/i0.wp.com\/truusk.se\/wp-content\/uploads\/2026\/03\/barnspelhus-av-naturligt-tra-med-brevlada-och-blomlada-natur-1.webp?fit=2000%2C2000&ssl=1","type":"image\/webp"}],"twitter_card":"summary_large_image","twitter_misc":{"Ber\u00e4knad l\u00e4stid":"1 minut"},"schema":{"@context":"https:\/\/schema.org","@graph":[{"@type":"WebPage","@id":"https:\/\/truusk.store\/sv\/produkt\/truusk-barnspelhus-av-naturligt-tra-med-brevlada-och-blomlada-hallbar-konstruktion-perfekt-for-utelek-svensk-design\/","url":"https:\/\/truusk.store\/sv\/produkt\/truusk-barnspelhus-av-naturligt-tra-med-brevlada-och-blomlada-hallbar-konstruktion-perfekt-for-utelek-svensk-design\/","name":"TRUUSK Barnspelhus av Naturligt Tr\u00e4 - Med Brevl\u00e5da och Bloml\u00e5da - H\u00e5llbar Konstruktion - Perfekt f\u00f6r Utelek - Svensk Design - TRUUSK - Hem, Tr\u00e4dg\u00e5rd &amp; Fritid","isPartOf":{"@id":"https:\/\/truusk.store\/sv\/#website"},"primaryImageOfPage":{"@id":"https:\/\/truusk.store\/sv\/produkt\/truusk-barnspelhus-av-naturligt-tra-med-brevlada-och-blomlada-hallbar-konstruktion-perfekt-for-utelek-svensk-design\/#primaryimage"},"image":{"@id":"https:\/\/truusk.store\/sv\/produkt\/truusk-barnspelhus-av-naturligt-tra-med-brevlada-och-blomlada-hallbar-konstruktion-perfekt-for-utelek-svensk-design\/#primaryimage"},"thumbnailUrl":"https:\/\/i0.wp.com\/truusk.store\/wp-content\/uploads\/2026\/03\/barnspelhus-av-naturligt-tra-med-brevlada-och-blomlada-natur-1.webp?fit=2000%2C2000&ssl=1","datePublished":"2026-03-06T19:19:31+00:00","dateModified":"2026-03-12T07:42:22+00:00","breadcrumb":{"@id":"https:\/\/truusk.store\/sv\/produkt\/truusk-barnspelhus-av-naturligt-tra-med-brevlada-och-blomlada-hallbar-konstruktion-perfekt-for-utelek-svensk-design\/#breadcrumb"},"inLanguage":"sv-SE","potentialAction":[{"@type":"ReadAction","target":["https:\/\/truusk.store\/sv\/produkt\/truusk-barnspelhus-av-naturligt-tra-med-brevlada-och-blomlada-hallbar-konstruktion-perfekt-for-utelek-svensk-design\/"]}]},{"@type":"ImageObject","inLanguage":"sv-SE","@id":"https:\/\/truusk.store\/sv\/produkt\/truusk-barnspelhus-av-naturligt-tra-med-brevlada-och-blomlada-hallbar-konstruktion-perfekt-for-utelek-svensk-design\/#primaryimage","url":"https:\/\/i0.wp.com\/truusk.store\/wp-content\/uploads\/2026\/03\/barnspelhus-av-naturligt-tra-med-brevlada-och-blomlada-natur-1.webp?fit=2000%2C2000&ssl=1","contentUrl":"https:\/\/i0.wp.com\/truusk.store\/wp-content\/uploads\/2026\/03\/barnspelhus-av-naturligt-tra-med-brevlada-och-blomlada-natur-1.webp?fit=2000%2C2000&ssl=1","width":2000,"height":2000},{"@type":"BreadcrumbList","@id":"https:\/\/truusk.store\/sv\/produkt\/truusk-barnspelhus-av-naturligt-tra-med-brevlada-och-blomlada-hallbar-konstruktion-perfekt-for-utelek-svensk-design\/#breadcrumb","itemListElement":[{"@type":"ListItem","position":1,"name":"Home","item":"https:\/\/truusk.store\/sv\/"},{"@type":"ListItem","position":2,"name":"Shop","item":"https:\/\/truusk.store\/shop\/"},{"@type":"ListItem","position":3,"name":"TRUUSK Barnspelhus av Naturligt Tr\u00e4 &#8211; Med Brevl\u00e5da och Bloml\u00e5da &#8211; H\u00e5llbar Konstruktion &#8211; Perfekt f\u00f6r Utelek &#8211; Svensk Design"}]},{"@type":"WebSite","@id":"https:\/\/truusk.store\/sv\/#website","url":"https:\/\/truusk.store\/sv\/","name":"TRUUSK - Hem, Tr\u00e4dg\u00e5rd & Fritid","description":"","publisher":{"@id":"https:\/\/truusk.store\/sv\/#organization"},"potentialAction":[{"@type":"SearchAction","target":{"@type":"EntryPoint","urlTemplate":"https:\/\/truusk.store\/sv\/?s={search_term_string}"},"query-input":{"@type":"PropertyValueSpecification","valueRequired":true,"valueName":"search_term_string"}}],"inLanguage":"sv-SE"},{"@type":"Organization","@id":"https:\/\/truusk.store\/sv\/#organization","name":"TRUUSK - Hem, Tr\u00e4dg\u00e5rd & Fritid","url":"https:\/\/truusk.store\/sv\/","logo":{"@type":"ImageObject","inLanguage":"sv-SE","@id":"https:\/\/truusk.store\/sv\/#\/schema\/logo\/image\/","url":"https:\/\/i0.wp.com\/truusk.store\/wp-content\/uploads\/2026\/03\/cropped-TRUUSK.png?fit=2032%2C917&ssl=1","contentUrl":"https:\/\/i0.wp.com\/truusk.store\/wp-content\/uploads\/2026\/03\/cropped-TRUUSK.png?fit=2032%2C917&ssl=1","width":2032,"height":917,"caption":"TRUUSK - Hem, Tr\u00e4dg\u00e5rd & Fritid"},"image":{"@id":"https:\/\/truusk.store\/sv\/#\/schema\/logo\/image\/"}}]}},"jetpack_sharing_enabled":true,"_links":{"self":[{"href":"https:\/\/truusk.store\/sv\/wp-json\/wp\/v2\/product\/107503","targetHints":{"allow":["GET"]}}],"collection":[{"href":"https:\/\/truusk.store\/sv\/wp-json\/wp\/v2\/product"}],"about":[{"href":"https:\/\/truusk.store\/sv\/wp-json\/wp\/v2\/types\/product"}],"wp:featuredmedia":[{"embeddable":true,"href":"https:\/\/truusk.store\/sv\/wp-json\/wp\/v2\/media\/107494"}],"wp:attachment":[{"href":"https:\/\/truusk.store\/sv\/wp-json\/wp\/v2\/media?parent=107503"}],"wp:term":[{"taxonomy":"product_brand","embeddable":true,"href":"https:\/\/truusk.store\/sv\/wp-json\/wp\/v2\/product_brand?post=107503"},{"taxonomy":"product_cat","embeddable":true,"href":"https:\/\/truusk.store\/sv\/wp-json\/wp\/v2\/product_cat?post=107503"},{"taxonomy":"product_tag","embeddable":true,"href":"https:\/\/truusk.store\/sv\/wp-json\/wp\/v2\/product_tag?post=107503"}],"curies":[{"name":"wp","href":"https:\/\/api.w.org\/{rel}","templated":true}]}}