{"id":107513,"date":"2026-03-09T11:53:29","date_gmt":"2026-03-09T10:53:29","guid":{"rendered":"https:\/\/truusk.store\/product\/paviljong-med-dubbel-tak-3x2-m-vattentat-stabil-vinterfast-tradgardspaviljong-med-myggnat-sidopaneler-tradgardspaviljong-av-metall-for-tradgard-terrass-ljusgra\/"},"modified":"2026-03-12T08:59:45","modified_gmt":"2026-03-12T07:59:45","slug":"truusk-paviljong-med-dubbel-tak-vattentat-3x2-m-stabil-vinterfast-tradgardspaviljong-med-myggnat-sidopaneler-metall","status":"publish","type":"product","link":"https:\/\/truusk.store\/sv\/produkt\/truusk-paviljong-med-dubbel-tak-vattentat-3x2-m-stabil-vinterfast-tradgardspaviljong-med-myggnat-sidopaneler-metall\/","title":{"rendered":"TRUUSK Paviljong Med Dubbel Tak &#8211; Vattent\u00e4t 3&#215;2 M &#8211; Stabil &amp; Vinterfast &#8211; Tr\u00e4dg\u00e5rdspaviljong Med Myggn\u00e4t &#8211; Sidopaneler &#8211; Metall &#8211;"},"content":{"rendered":"<p>Den h\u00e4r eleganta paviljongen fr\u00e5n [BRAND NAME] f\u00f6rvandlar ditt utomhusomr\u00e5de till en praktisk och stilfull m\u00f6tesplats med sin eleganta och genomt\u00e4nkta design. Det vattenavvisande taket skyddar dig mot UV-str\u00e5lning och stark solinstr\u00e5lning och \u00e4r \u00e4nd\u00e5 ljus\u00e4kta. Den pulverlackerade st\u00e5lramen och taket av belagd polyester kommer att tj\u00e4na dig v\u00e4l i m\u00e5nga \u00e5r. Planera redan nu din n\u00e4sta tr\u00e4dg\u00e5rdsfest med din nya paviljong och njut av den varma s\u00e4songen till fullo!<\/p>\n<p>Beskrivning:<\/p>\n<ul>\n<li> Dubbeltakdesign<\/li>\n<li> Robust polyestertyg med PA-bel\u00e4ggning f\u00f6r skydd mot UV och stark solinstr\u00e5lning<\/li>\n<li> Praktiskt dubbeltak med myggn\u00e4t f\u00f6r b\u00e4ttre luftcirkulation och insektsskydd<\/li>\n<li> Robust pulverlackerad metallram<\/li>\n<li>Reglerat vattenavlopp genom 8 \u00f6ljetter<\/li>\n<li> 8 t\u00e4ltspikar f\u00f6r f\u00f6rankring i marken och 4 f\u00f6rankringslinor ger extra stabilitet<\/li>\n<li>Observera: L\u00e5t inte paviljongen st\u00e5 upp i stark vind eller ov\u00e4der, eftersom det kan leda till skador.<\/li>\n<\/ul>\n<p>Tekniska data:<\/p>\n<ul>\n<li> Material: Polyester, Metall<\/li>\n<li> F\u00e4rg: Ljusgr\u00e5<\/li>\n<li> Vikt: 12 kg<\/li>\n<li> Totala m\u00e5tt: 294L x 294B x 265H cm<\/li>\n<li> Genomg\u00e5ngsh\u00f6jd: 195 cm<\/li>\n<\/ul>\n<p>Leveransinneh\u00e5ll:<\/p>\n<ul>\n<li> 1 x Paviljong<\/li>\n<li> 8 x T\u00e4ltspik, 4 x F\u00f6rankringslina<\/li>\n<li> 1 x Monteringsanvisning<\/li>\n<\/ul>\n","protected":false},"excerpt":{"rendered":"<p>Den h\u00e4r eleganta paviljongen fr\u00e5n [BRAND NAME] f\u00f6rvandlar ditt utomhusomr\u00e5de till en praktisk och stilfull m\u00f6tesplats med sin eleganta och&#8230;<\/p>\n","protected":false},"featured_media":107504,"template":"","meta":[],"product_brand":[],"product_cat":[477,858,476],"product_tag":[],"class_list":{"0":"post-107513","1":"product","2":"type-product","3":"status-publish","4":"has-post-thumbnail","6":"product_cat-paviljonger-partytalt","7":"product_cat-tradgard-terrass","8":"product_cat-tradgardspaviljonger","10":"first","11":"instock","12":"sale","13":"taxable","14":"shipping-taxable","15":"purchasable","16":"product-type-simple"},"yoast_head":"<!-- This site is optimized with the Yoast SEO plugin v25.4 - https:\/\/yoast.com\/wordpress\/plugins\/seo\/ -->\n<title>TRUUSK Paviljong Med Dubbel Tak - Vattent\u00e4t 3x2 M - Stabil &amp; Vinterfast - Tr\u00e4dg\u00e5rdspaviljong Med Myggn\u00e4t - Sidopaneler - Metall - TRUUSK - Hem, Tr\u00e4dg\u00e5rd &amp; Fritid<\/title>\n<meta name=\"robots\" content=\"index, follow, max-snippet:-1, max-image-preview:large, max-video-preview:-1\" \/>\n<link rel=\"canonical\" href=\"https:\/\/truusk.store\/sv\/produkt\/truusk-paviljong-med-dubbel-tak-vattentat-3x2-m-stabil-vinterfast-tradgardspaviljong-med-myggnat-sidopaneler-metall\/\" \/>\n<meta property=\"og:locale\" content=\"sv_SE\" \/>\n<meta property=\"og:type\" content=\"article\" \/>\n<meta property=\"og:title\" content=\"TRUUSK Paviljong Med Dubbel Tak - Vattent\u00e4t 3x2 M - Stabil &amp; Vinterfast - Tr\u00e4dg\u00e5rdspaviljong Med Myggn\u00e4t - Sidopaneler - Metall - TRUUSK - Hem, Tr\u00e4dg\u00e5rd &amp; Fritid\" \/>\n<meta property=\"og:description\" content=\"Den h\u00e4r eleganta paviljongen fr\u00e5n [BRAND NAME] f\u00f6rvandlar ditt utomhusomr\u00e5de till en praktisk och stilfull m\u00f6tesplats med sin eleganta och...\" \/>\n<meta property=\"og:url\" content=\"https:\/\/truusk.store\/sv\/produkt\/truusk-paviljong-med-dubbel-tak-vattentat-3x2-m-stabil-vinterfast-tradgardspaviljong-med-myggnat-sidopaneler-metall\/\" \/>\n<meta property=\"og:site_name\" content=\"TRUUSK - Hem, Tr\u00e4dg\u00e5rd &amp; Fritid\" \/>\n<meta property=\"article:modified_time\" content=\"2026-03-12T07:59:45+00:00\" \/>\n<meta property=\"og:image\" content=\"https:\/\/i0.wp.com\/truusk.se\/wp-content\/uploads\/2026\/03\/paviljong-med-dubbel-tak-3x2-m-vattentat-stabil-vinterfast-tradgardspaviljong-med-myggnat-sidopaneler-tradgardspaviljong-av-metall-for-tradgard-terrass-ljusgra-1.webp?fit=2000%2C2000&ssl=1\" \/>\n\t<meta property=\"og:image:width\" content=\"2000\" \/>\n\t<meta property=\"og:image:height\" content=\"2000\" \/>\n\t<meta property=\"og:image:type\" content=\"image\/webp\" \/>\n<meta name=\"twitter:card\" content=\"summary_large_image\" \/>\n<meta name=\"twitter:label1\" content=\"Ber\u00e4knad l\u00e4stid\" \/>\n\t<meta name=\"twitter:data1\" content=\"1 minut\" \/>\n<!-- \/ Yoast SEO plugin. -->","yoast_head_json":{"title":"TRUUSK Paviljong Med Dubbel Tak - Vattent\u00e4t 3x2 M - Stabil &amp; Vinterfast - Tr\u00e4dg\u00e5rdspaviljong Med Myggn\u00e4t - Sidopaneler - Metall - TRUUSK - Hem, Tr\u00e4dg\u00e5rd &amp; Fritid","robots":{"index":"index","follow":"follow","max-snippet":"max-snippet:-1","max-image-preview":"max-image-preview:large","max-video-preview":"max-video-preview:-1"},"canonical":"https:\/\/truusk.store\/sv\/produkt\/truusk-paviljong-med-dubbel-tak-vattentat-3x2-m-stabil-vinterfast-tradgardspaviljong-med-myggnat-sidopaneler-metall\/","og_locale":"sv_SE","og_type":"article","og_title":"TRUUSK Paviljong Med Dubbel Tak - Vattent\u00e4t 3x2 M - Stabil &amp; Vinterfast - Tr\u00e4dg\u00e5rdspaviljong Med Myggn\u00e4t - Sidopaneler - Metall - TRUUSK - Hem, Tr\u00e4dg\u00e5rd &amp; Fritid","og_description":"Den h\u00e4r eleganta paviljongen fr\u00e5n [BRAND NAME] f\u00f6rvandlar ditt utomhusomr\u00e5de till en praktisk och stilfull m\u00f6tesplats med sin eleganta och...","og_url":"https:\/\/truusk.store\/sv\/produkt\/truusk-paviljong-med-dubbel-tak-vattentat-3x2-m-stabil-vinterfast-tradgardspaviljong-med-myggnat-sidopaneler-metall\/","og_site_name":"TRUUSK - Hem, Tr\u00e4dg\u00e5rd &amp; Fritid","article_modified_time":"2026-03-12T07:59:45+00:00","og_image":[{"width":2000,"height":2000,"url":"https:\/\/i0.wp.com\/truusk.se\/wp-content\/uploads\/2026\/03\/paviljong-med-dubbel-tak-3x2-m-vattentat-stabil-vinterfast-tradgardspaviljong-med-myggnat-sidopaneler-tradgardspaviljong-av-metall-for-tradgard-terrass-ljusgra-1.webp?fit=2000%2C2000&ssl=1","type":"image\/webp"}],"twitter_card":"summary_large_image","twitter_misc":{"Ber\u00e4knad l\u00e4stid":"1 minut"},"schema":{"@context":"https:\/\/schema.org","@graph":[{"@type":"WebPage","@id":"https:\/\/truusk.store\/sv\/produkt\/truusk-paviljong-med-dubbel-tak-vattentat-3x2-m-stabil-vinterfast-tradgardspaviljong-med-myggnat-sidopaneler-metall\/","url":"https:\/\/truusk.store\/sv\/produkt\/truusk-paviljong-med-dubbel-tak-vattentat-3x2-m-stabil-vinterfast-tradgardspaviljong-med-myggnat-sidopaneler-metall\/","name":"TRUUSK Paviljong Med Dubbel Tak - Vattent\u00e4t 3x2 M - Stabil &amp; Vinterfast - Tr\u00e4dg\u00e5rdspaviljong Med Myggn\u00e4t - Sidopaneler - Metall - TRUUSK - Hem, Tr\u00e4dg\u00e5rd &amp; Fritid","isPartOf":{"@id":"https:\/\/truusk.store\/sv\/#website"},"primaryImageOfPage":{"@id":"https:\/\/truusk.store\/sv\/produkt\/truusk-paviljong-med-dubbel-tak-vattentat-3x2-m-stabil-vinterfast-tradgardspaviljong-med-myggnat-sidopaneler-metall\/#primaryimage"},"image":{"@id":"https:\/\/truusk.store\/sv\/produkt\/truusk-paviljong-med-dubbel-tak-vattentat-3x2-m-stabil-vinterfast-tradgardspaviljong-med-myggnat-sidopaneler-metall\/#primaryimage"},"thumbnailUrl":"https:\/\/i0.wp.com\/truusk.store\/wp-content\/uploads\/2026\/03\/paviljong-med-dubbel-tak-3x2-m-vattentat-stabil-vinterfast-tradgardspaviljong-med-myggnat-sidopaneler-tradgardspaviljong-av-metall-for-tradgard-terrass-ljusgra-1.webp?fit=2000%2C2000&ssl=1","datePublished":"2026-03-09T10:53:29+00:00","dateModified":"2026-03-12T07:59:45+00:00","breadcrumb":{"@id":"https:\/\/truusk.store\/sv\/produkt\/truusk-paviljong-med-dubbel-tak-vattentat-3x2-m-stabil-vinterfast-tradgardspaviljong-med-myggnat-sidopaneler-metall\/#breadcrumb"},"inLanguage":"sv-SE","potentialAction":[{"@type":"ReadAction","target":["https:\/\/truusk.store\/sv\/produkt\/truusk-paviljong-med-dubbel-tak-vattentat-3x2-m-stabil-vinterfast-tradgardspaviljong-med-myggnat-sidopaneler-metall\/"]}]},{"@type":"ImageObject","inLanguage":"sv-SE","@id":"https:\/\/truusk.store\/sv\/produkt\/truusk-paviljong-med-dubbel-tak-vattentat-3x2-m-stabil-vinterfast-tradgardspaviljong-med-myggnat-sidopaneler-metall\/#primaryimage","url":"https:\/\/i0.wp.com\/truusk.store\/wp-content\/uploads\/2026\/03\/paviljong-med-dubbel-tak-3x2-m-vattentat-stabil-vinterfast-tradgardspaviljong-med-myggnat-sidopaneler-tradgardspaviljong-av-metall-for-tradgard-terrass-ljusgra-1.webp?fit=2000%2C2000&ssl=1","contentUrl":"https:\/\/i0.wp.com\/truusk.store\/wp-content\/uploads\/2026\/03\/paviljong-med-dubbel-tak-3x2-m-vattentat-stabil-vinterfast-tradgardspaviljong-med-myggnat-sidopaneler-tradgardspaviljong-av-metall-for-tradgard-terrass-ljusgra-1.webp?fit=2000%2C2000&ssl=1","width":2000,"height":2000},{"@type":"BreadcrumbList","@id":"https:\/\/truusk.store\/sv\/produkt\/truusk-paviljong-med-dubbel-tak-vattentat-3x2-m-stabil-vinterfast-tradgardspaviljong-med-myggnat-sidopaneler-metall\/#breadcrumb","itemListElement":[{"@type":"ListItem","position":1,"name":"Home","item":"https:\/\/truusk.store\/sv\/"},{"@type":"ListItem","position":2,"name":"Shop","item":"https:\/\/truusk.store\/shop\/"},{"@type":"ListItem","position":3,"name":"TRUUSK Paviljong Med Dubbel Tak &#8211; Vattent\u00e4t 3&#215;2 M &#8211; Stabil &amp; Vinterfast &#8211; Tr\u00e4dg\u00e5rdspaviljong Med Myggn\u00e4t &#8211; Sidopaneler &#8211; Metall &#8211;"}]},{"@type":"WebSite","@id":"https:\/\/truusk.store\/sv\/#website","url":"https:\/\/truusk.store\/sv\/","name":"TRUUSK - Hem, Tr\u00e4dg\u00e5rd & Fritid","description":"","publisher":{"@id":"https:\/\/truusk.store\/sv\/#organization"},"potentialAction":[{"@type":"SearchAction","target":{"@type":"EntryPoint","urlTemplate":"https:\/\/truusk.store\/sv\/?s={search_term_string}"},"query-input":{"@type":"PropertyValueSpecification","valueRequired":true,"valueName":"search_term_string"}}],"inLanguage":"sv-SE"},{"@type":"Organization","@id":"https:\/\/truusk.store\/sv\/#organization","name":"TRUUSK - Hem, Tr\u00e4dg\u00e5rd & Fritid","url":"https:\/\/truusk.store\/sv\/","logo":{"@type":"ImageObject","inLanguage":"sv-SE","@id":"https:\/\/truusk.store\/sv\/#\/schema\/logo\/image\/","url":"https:\/\/i0.wp.com\/truusk.store\/wp-content\/uploads\/2026\/03\/cropped-TRUUSK.png?fit=2032%2C917&ssl=1","contentUrl":"https:\/\/i0.wp.com\/truusk.store\/wp-content\/uploads\/2026\/03\/cropped-TRUUSK.png?fit=2032%2C917&ssl=1","width":2032,"height":917,"caption":"TRUUSK - Hem, Tr\u00e4dg\u00e5rd & Fritid"},"image":{"@id":"https:\/\/truusk.store\/sv\/#\/schema\/logo\/image\/"}}]}},"jetpack_sharing_enabled":true,"_links":{"self":[{"href":"https:\/\/truusk.store\/sv\/wp-json\/wp\/v2\/product\/107513","targetHints":{"allow":["GET"]}}],"collection":[{"href":"https:\/\/truusk.store\/sv\/wp-json\/wp\/v2\/product"}],"about":[{"href":"https:\/\/truusk.store\/sv\/wp-json\/wp\/v2\/types\/product"}],"wp:featuredmedia":[{"embeddable":true,"href":"https:\/\/truusk.store\/sv\/wp-json\/wp\/v2\/media\/107504"}],"wp:attachment":[{"href":"https:\/\/truusk.store\/sv\/wp-json\/wp\/v2\/media?parent=107513"}],"wp:term":[{"taxonomy":"product_brand","embeddable":true,"href":"https:\/\/truusk.store\/sv\/wp-json\/wp\/v2\/product_brand?post=107513"},{"taxonomy":"product_cat","embeddable":true,"href":"https:\/\/truusk.store\/sv\/wp-json\/wp\/v2\/product_cat?post=107513"},{"taxonomy":"product_tag","embeddable":true,"href":"https:\/\/truusk.store\/sv\/wp-json\/wp\/v2\/product_tag?post=107513"}],"curies":[{"name":"wp","href":"https:\/\/api.w.org\/{rel}","templated":true}]}}