{"id":107543,"date":"2026-03-09T12:09:24","date_gmt":"2026-03-09T11:09:24","guid":{"rendered":"https:\/\/truusk.store\/product\/hogbadd-med-spalje-och-tak-planteringslada-blomsterbadd-vaderbestandig-tra-90-x-45-x-183-cm-brun\/"},"modified":"2026-03-12T09:16:28","modified_gmt":"2026-03-12T08:16:28","slug":"truusk-tradgardsbadd-med-spalje-och-tak-vaderbestandig-planteringslada-blomsterbadd-tra-90-x-45-x-183-cm-brun","status":"publish","type":"product","link":"https:\/\/truusk.store\/sv\/produkt\/truusk-tradgardsbadd-med-spalje-och-tak-vaderbestandig-planteringslada-blomsterbadd-tra-90-x-45-x-183-cm-brun\/","title":{"rendered":"TRUUSK Tr\u00e4dg\u00e5rdsb\u00e4dd med Spalj\u00e9 och Tak &#8211; V\u00e4derbest\u00e4ndig &#8211; Planteringsl\u00e5da &#8211; Blomsterb\u00e4dd &#8211; Tr\u00e4 &#8211; 90 x 45 x 183 cm &#8211; Brun"},"content":{"rendered":"<p>Uppt\u00e4ck [BRAND NAME] h\u00f6g s\u00e4ng med kl\u00e4tterst\u00f6d och tak &#8211; den perfekta l\u00f6sningen f\u00f6r din tr\u00e4dg\u00e5rd! Tillverkad av robust grantr\u00e4 och m\u00e5lad med vattenavvisande f\u00e4rg, erbjuder denna h\u00f6ga s\u00e4ng f\u00f6r tr\u00e4dg\u00e5rden inte bara h\u00e5llbarhet, utan ocks\u00e5 optimalt skydd f\u00f6r dina v\u00e4xter. De praktiska dr\u00e4neringsh\u00e5len i bloml\u00e5dan f\u00f6rhindrar vattenstagnation och skyddar tr\u00e4et mot skador. Anv\u00e4nd den extra vertikala ytan f\u00f6r kl\u00e4tterv\u00e4xter och f\u00f6rvandla din tr\u00e4dg\u00e5rd till ett blomstrande paradis.<\/p>\n<p>Beskrivning:<\/p>\n<ul>\n<li> Gott om plats f\u00f6r att plantera gr\u00f6nsaker, blommor, \u00f6rter och mer<\/li>\n<li> Bloml\u00e5dans spalj\u00e9 g\u00f6r det m\u00f6jligt f\u00f6r kl\u00e4tterv\u00e4xter att v\u00e4xa upp\u00e5t och runt<\/li>\n<li> Liten tak p\u00e5 bloml\u00e5dan f\u00f6r att h\u00e4nga korgar och v\u00e4xter<\/li>\n<li> Strukturen p\u00e5 den h\u00f6ga s\u00e4ngen av grantr\u00e4 \u00e4r stabil, med ett skyddande lackskikt<\/li>\n<li> Vattenavloppsh\u00e5l f\u00f6rhindrar vattenansamlingar vid r\u00f6tterna<\/li>\n<li> Maximal belastning 50 kg, montering kr\u00e4vs<\/li>\n<\/ul>\n<p> Tekniska data:<\/p>\n<ul>\n<li> F\u00e4rg: Kaffe<\/li>\n<li> Material: Grantr\u00e4<\/li>\n<li> Totala dimensioner: 90L x 45B x 183H cm<\/li>\n<li> Intern planteringsyta: 83,5L x 38B x 25H cm<\/li>\n<li> Spalj\u00e9dimensioner: 90B x 90H cm, 90B x 57,5H cm<\/li>\n<li> \u00d6vre hyllans storlek: 90B x 24T cm<\/li>\n<li> Fotens h\u00f6jd: 6 cm<\/li>\n<li> B\u00e4rkapacitet: 50 kg (blomkruka), 5 kg (\u00f6vre hylla)<\/li>\n<li> Rymmer upp till 79L jord<\/li>\n<\/ul>\n<p>Leveransinneh\u00e5ll:<\/p>\n<ul>\n<li> 1 x h\u00f6g s\u00e4ng med spalj\u00e9<\/li>\n<li> 1 x bruksanvisning<\/li>\n<\/ul>\n","protected":false},"excerpt":{"rendered":"<p>Uppt\u00e4ck [BRAND NAME] h\u00f6g s\u00e4ng med kl\u00e4tterst\u00f6d och tak &#8211; den perfekta l\u00f6sningen f\u00f6r din tr\u00e4dg\u00e5rd! Tillverkad av robust grantr\u00e4&#8230;<\/p>\n","protected":false},"featured_media":107531,"template":"","meta":[],"product_brand":[],"product_cat":[922,858,443],"product_tag":[],"class_list":{"0":"post-107543","1":"product","2":"type-product","3":"status-publish","4":"has-post-thumbnail","6":"product_cat-planteringskarl","7":"product_cat-tradgard-terrass","8":"product_cat-vaxthus-tradgardsskotsel","10":"first","11":"instock","12":"sale","13":"taxable","14":"shipping-taxable","15":"purchasable","16":"product-type-simple"},"yoast_head":"<!-- This site is optimized with the Yoast SEO plugin v25.4 - https:\/\/yoast.com\/wordpress\/plugins\/seo\/ -->\n<title>TRUUSK Tr\u00e4dg\u00e5rdsb\u00e4dd med Spalj\u00e9 och Tak - V\u00e4derbest\u00e4ndig - Planteringsl\u00e5da - Blomsterb\u00e4dd - Tr\u00e4 - 90 x 45 x 183 cm - Brun - TRUUSK - Hem, Tr\u00e4dg\u00e5rd &amp; Fritid<\/title>\n<meta name=\"robots\" content=\"index, follow, max-snippet:-1, max-image-preview:large, max-video-preview:-1\" \/>\n<link rel=\"canonical\" href=\"https:\/\/truusk.store\/sv\/produkt\/truusk-tradgardsbadd-med-spalje-och-tak-vaderbestandig-planteringslada-blomsterbadd-tra-90-x-45-x-183-cm-brun\/\" \/>\n<meta property=\"og:locale\" content=\"sv_SE\" \/>\n<meta property=\"og:type\" content=\"article\" \/>\n<meta property=\"og:title\" content=\"TRUUSK Tr\u00e4dg\u00e5rdsb\u00e4dd med Spalj\u00e9 och Tak - V\u00e4derbest\u00e4ndig - Planteringsl\u00e5da - Blomsterb\u00e4dd - Tr\u00e4 - 90 x 45 x 183 cm - Brun - TRUUSK - Hem, Tr\u00e4dg\u00e5rd &amp; Fritid\" \/>\n<meta property=\"og:description\" content=\"Uppt\u00e4ck [BRAND NAME] h\u00f6g s\u00e4ng med kl\u00e4tterst\u00f6d och tak &#8211; den perfekta l\u00f6sningen f\u00f6r din tr\u00e4dg\u00e5rd! Tillverkad av robust grantr\u00e4...\" \/>\n<meta property=\"og:url\" content=\"https:\/\/truusk.store\/sv\/produkt\/truusk-tradgardsbadd-med-spalje-och-tak-vaderbestandig-planteringslada-blomsterbadd-tra-90-x-45-x-183-cm-brun\/\" \/>\n<meta property=\"og:site_name\" content=\"TRUUSK - Hem, Tr\u00e4dg\u00e5rd &amp; Fritid\" \/>\n<meta property=\"article:modified_time\" content=\"2026-03-12T08:16:28+00:00\" \/>\n<meta property=\"og:image\" content=\"https:\/\/i0.wp.com\/truusk.se\/wp-content\/uploads\/2026\/03\/hogbadd-med-spalje-och-tak-planteringslada-blomsterbadd-vaderbestandig-tra-90-x-45-x-183-cm-brun-1.webp?fit=2000%2C2000&ssl=1\" \/>\n\t<meta property=\"og:image:width\" content=\"2000\" \/>\n\t<meta property=\"og:image:height\" content=\"2000\" \/>\n\t<meta property=\"og:image:type\" content=\"image\/webp\" \/>\n<meta name=\"twitter:card\" content=\"summary_large_image\" \/>\n<meta name=\"twitter:label1\" content=\"Ber\u00e4knad l\u00e4stid\" \/>\n\t<meta name=\"twitter:data1\" content=\"1 minut\" \/>\n<!-- \/ Yoast SEO plugin. -->","yoast_head_json":{"title":"TRUUSK Tr\u00e4dg\u00e5rdsb\u00e4dd med Spalj\u00e9 och Tak - V\u00e4derbest\u00e4ndig - Planteringsl\u00e5da - Blomsterb\u00e4dd - Tr\u00e4 - 90 x 45 x 183 cm - Brun - TRUUSK - Hem, Tr\u00e4dg\u00e5rd &amp; Fritid","robots":{"index":"index","follow":"follow","max-snippet":"max-snippet:-1","max-image-preview":"max-image-preview:large","max-video-preview":"max-video-preview:-1"},"canonical":"https:\/\/truusk.store\/sv\/produkt\/truusk-tradgardsbadd-med-spalje-och-tak-vaderbestandig-planteringslada-blomsterbadd-tra-90-x-45-x-183-cm-brun\/","og_locale":"sv_SE","og_type":"article","og_title":"TRUUSK Tr\u00e4dg\u00e5rdsb\u00e4dd med Spalj\u00e9 och Tak - V\u00e4derbest\u00e4ndig - Planteringsl\u00e5da - Blomsterb\u00e4dd - Tr\u00e4 - 90 x 45 x 183 cm - Brun - TRUUSK - Hem, Tr\u00e4dg\u00e5rd &amp; Fritid","og_description":"Uppt\u00e4ck [BRAND NAME] h\u00f6g s\u00e4ng med kl\u00e4tterst\u00f6d och tak &#8211; den perfekta l\u00f6sningen f\u00f6r din tr\u00e4dg\u00e5rd! Tillverkad av robust grantr\u00e4...","og_url":"https:\/\/truusk.store\/sv\/produkt\/truusk-tradgardsbadd-med-spalje-och-tak-vaderbestandig-planteringslada-blomsterbadd-tra-90-x-45-x-183-cm-brun\/","og_site_name":"TRUUSK - Hem, Tr\u00e4dg\u00e5rd &amp; Fritid","article_modified_time":"2026-03-12T08:16:28+00:00","og_image":[{"width":2000,"height":2000,"url":"https:\/\/i0.wp.com\/truusk.se\/wp-content\/uploads\/2026\/03\/hogbadd-med-spalje-och-tak-planteringslada-blomsterbadd-vaderbestandig-tra-90-x-45-x-183-cm-brun-1.webp?fit=2000%2C2000&ssl=1","type":"image\/webp"}],"twitter_card":"summary_large_image","twitter_misc":{"Ber\u00e4knad l\u00e4stid":"1 minut"},"schema":{"@context":"https:\/\/schema.org","@graph":[{"@type":"WebPage","@id":"https:\/\/truusk.store\/sv\/produkt\/truusk-tradgardsbadd-med-spalje-och-tak-vaderbestandig-planteringslada-blomsterbadd-tra-90-x-45-x-183-cm-brun\/","url":"https:\/\/truusk.store\/sv\/produkt\/truusk-tradgardsbadd-med-spalje-och-tak-vaderbestandig-planteringslada-blomsterbadd-tra-90-x-45-x-183-cm-brun\/","name":"TRUUSK Tr\u00e4dg\u00e5rdsb\u00e4dd med Spalj\u00e9 och Tak - V\u00e4derbest\u00e4ndig - Planteringsl\u00e5da - Blomsterb\u00e4dd - Tr\u00e4 - 90 x 45 x 183 cm - Brun - TRUUSK - Hem, Tr\u00e4dg\u00e5rd &amp; Fritid","isPartOf":{"@id":"https:\/\/truusk.store\/sv\/#website"},"primaryImageOfPage":{"@id":"https:\/\/truusk.store\/sv\/produkt\/truusk-tradgardsbadd-med-spalje-och-tak-vaderbestandig-planteringslada-blomsterbadd-tra-90-x-45-x-183-cm-brun\/#primaryimage"},"image":{"@id":"https:\/\/truusk.store\/sv\/produkt\/truusk-tradgardsbadd-med-spalje-och-tak-vaderbestandig-planteringslada-blomsterbadd-tra-90-x-45-x-183-cm-brun\/#primaryimage"},"thumbnailUrl":"https:\/\/i0.wp.com\/truusk.store\/wp-content\/uploads\/2026\/03\/hogbadd-med-spalje-och-tak-planteringslada-blomsterbadd-vaderbestandig-tra-90-x-45-x-183-cm-brun-1.webp?fit=2000%2C2000&ssl=1","datePublished":"2026-03-09T11:09:24+00:00","dateModified":"2026-03-12T08:16:28+00:00","breadcrumb":{"@id":"https:\/\/truusk.store\/sv\/produkt\/truusk-tradgardsbadd-med-spalje-och-tak-vaderbestandig-planteringslada-blomsterbadd-tra-90-x-45-x-183-cm-brun\/#breadcrumb"},"inLanguage":"sv-SE","potentialAction":[{"@type":"ReadAction","target":["https:\/\/truusk.store\/sv\/produkt\/truusk-tradgardsbadd-med-spalje-och-tak-vaderbestandig-planteringslada-blomsterbadd-tra-90-x-45-x-183-cm-brun\/"]}]},{"@type":"ImageObject","inLanguage":"sv-SE","@id":"https:\/\/truusk.store\/sv\/produkt\/truusk-tradgardsbadd-med-spalje-och-tak-vaderbestandig-planteringslada-blomsterbadd-tra-90-x-45-x-183-cm-brun\/#primaryimage","url":"https:\/\/i0.wp.com\/truusk.store\/wp-content\/uploads\/2026\/03\/hogbadd-med-spalje-och-tak-planteringslada-blomsterbadd-vaderbestandig-tra-90-x-45-x-183-cm-brun-1.webp?fit=2000%2C2000&ssl=1","contentUrl":"https:\/\/i0.wp.com\/truusk.store\/wp-content\/uploads\/2026\/03\/hogbadd-med-spalje-och-tak-planteringslada-blomsterbadd-vaderbestandig-tra-90-x-45-x-183-cm-brun-1.webp?fit=2000%2C2000&ssl=1","width":2000,"height":2000},{"@type":"BreadcrumbList","@id":"https:\/\/truusk.store\/sv\/produkt\/truusk-tradgardsbadd-med-spalje-och-tak-vaderbestandig-planteringslada-blomsterbadd-tra-90-x-45-x-183-cm-brun\/#breadcrumb","itemListElement":[{"@type":"ListItem","position":1,"name":"Home","item":"https:\/\/truusk.store\/sv\/"},{"@type":"ListItem","position":2,"name":"Shop","item":"https:\/\/truusk.store\/shop\/"},{"@type":"ListItem","position":3,"name":"TRUUSK Tr\u00e4dg\u00e5rdsb\u00e4dd med Spalj\u00e9 och Tak &#8211; V\u00e4derbest\u00e4ndig &#8211; Planteringsl\u00e5da &#8211; Blomsterb\u00e4dd &#8211; Tr\u00e4 &#8211; 90 x 45 x 183 cm &#8211; Brun"}]},{"@type":"WebSite","@id":"https:\/\/truusk.store\/sv\/#website","url":"https:\/\/truusk.store\/sv\/","name":"TRUUSK - Hem, Tr\u00e4dg\u00e5rd & Fritid","description":"","publisher":{"@id":"https:\/\/truusk.store\/sv\/#organization"},"potentialAction":[{"@type":"SearchAction","target":{"@type":"EntryPoint","urlTemplate":"https:\/\/truusk.store\/sv\/?s={search_term_string}"},"query-input":{"@type":"PropertyValueSpecification","valueRequired":true,"valueName":"search_term_string"}}],"inLanguage":"sv-SE"},{"@type":"Organization","@id":"https:\/\/truusk.store\/sv\/#organization","name":"TRUUSK - Hem, Tr\u00e4dg\u00e5rd & Fritid","url":"https:\/\/truusk.store\/sv\/","logo":{"@type":"ImageObject","inLanguage":"sv-SE","@id":"https:\/\/truusk.store\/sv\/#\/schema\/logo\/image\/","url":"https:\/\/i0.wp.com\/truusk.store\/wp-content\/uploads\/2026\/03\/cropped-TRUUSK.png?fit=2032%2C917&ssl=1","contentUrl":"https:\/\/i0.wp.com\/truusk.store\/wp-content\/uploads\/2026\/03\/cropped-TRUUSK.png?fit=2032%2C917&ssl=1","width":2032,"height":917,"caption":"TRUUSK - Hem, Tr\u00e4dg\u00e5rd & Fritid"},"image":{"@id":"https:\/\/truusk.store\/sv\/#\/schema\/logo\/image\/"}}]}},"jetpack_sharing_enabled":true,"_links":{"self":[{"href":"https:\/\/truusk.store\/sv\/wp-json\/wp\/v2\/product\/107543","targetHints":{"allow":["GET"]}}],"collection":[{"href":"https:\/\/truusk.store\/sv\/wp-json\/wp\/v2\/product"}],"about":[{"href":"https:\/\/truusk.store\/sv\/wp-json\/wp\/v2\/types\/product"}],"wp:featuredmedia":[{"embeddable":true,"href":"https:\/\/truusk.store\/sv\/wp-json\/wp\/v2\/media\/107531"}],"wp:attachment":[{"href":"https:\/\/truusk.store\/sv\/wp-json\/wp\/v2\/media?parent=107543"}],"wp:term":[{"taxonomy":"product_brand","embeddable":true,"href":"https:\/\/truusk.store\/sv\/wp-json\/wp\/v2\/product_brand?post=107543"},{"taxonomy":"product_cat","embeddable":true,"href":"https:\/\/truusk.store\/sv\/wp-json\/wp\/v2\/product_cat?post=107543"},{"taxonomy":"product_tag","embeddable":true,"href":"https:\/\/truusk.store\/sv\/wp-json\/wp\/v2\/product_tag?post=107543"}],"curies":[{"name":"wp","href":"https:\/\/api.w.org\/{rel}","templated":true}]}}