{"id":107596,"date":"2026-03-09T12:27:57","date_gmt":"2026-03-09T11:27:57","guid":{"rendered":"https:\/\/truusk.store\/product\/gungstol-3-sits-hollywoodgunga-tradgardsgunga-med-dryckeshallare-stal-200-x-120-x-164-cm-brun\/"},"modified":"2026-03-12T09:38:34","modified_gmt":"2026-03-12T08:38:34","slug":"truusk-gungstol-3-sits-hollywoodgunga-tradgardsgunga-med-dryckeshallare-stal-200-x-120-x-164-cm-brun","status":"publish","type":"product","link":"https:\/\/truusk.store\/sv\/produkt\/truusk-gungstol-3-sits-hollywoodgunga-tradgardsgunga-med-dryckeshallare-stal-200-x-120-x-164-cm-brun\/","title":{"rendered":"TRUUSK Gungstol, 3-sits Hollywoodgunga &#8211; Tr\u00e4dg\u00e5rdsgunga Med Dryckesh\u00e5llare &#8211; St\u00e5l &#8211; 200 X 120 X 164 Cm &#8211; Brun"},"content":{"rendered":"<p>Tack vare den h\u00e5llbara metallramen och de bekv\u00e4ma kuddarna erbjuder denna 3-sits Hollywood-sv\u00e4ng en fantastisk plats att koppla av. Den justerbara \u00f6verdraget p\u00e5 tr\u00e4dg\u00e5rdssv\u00e4ngen ger skydd mot solen och kopph\u00e5llarna p\u00e5 varje sida ger \u00e4nnu mer komfort. Tr\u00e4dg\u00e5rdssv\u00e4ngen f\u00f6r vuxna \u00e4r sj\u00e4lv hopf\u00e4llbar, s\u00e5 att den kan st\u00e4llas in i en uppr\u00e4tt sittande position. Du kan ocks\u00e5 l\u00e5sa den p\u00e5 st\u00f6dst\u00e5ngen och f\u00f6rvandla den till en sv\u00e4ngs\u00e4ng.<\/p>\n<p>Beskrivning:<\/p>\n<ul>\n<li> Idealisk f\u00f6r tr\u00e4dg\u00e5rd, park, terrass, g\u00e5rd, bakg\u00e5rd och andra utomhusomr\u00e5den<\/li>\n<li> 3-sits Hollywood-sv\u00e4ng f\u00f6rvandlas p\u00e5 n\u00e5gra sekunder till en bekv\u00e4m s\u00e4ng med justerbar ryggst\u00f6d<\/li>\n<li> St\u00e5lr\u00f6rsst\u00f6dram och polyestertyg i utm\u00e4rkt utf\u00f6rande<\/li>\n<li> Sits- och ryggst\u00f6d p\u00e5 tr\u00e4dg\u00e5rdssv\u00e4ngen \u00e4r fyllda med 900 g\/\u33a1 bomull f\u00f6r h\u00f6gsta komfort<\/li>\n<li> Tyg\u00f6verdrag som UV-skydd<\/li>\n<li> 160 g\/\u33a1 polyesterv\u00e4v av sv\u00e4ngs\u00e4ngen anv\u00e4nds b\u00e5de f\u00f6r soltaket och f\u00f6r kudden<\/li>\n<li> Vinkeln p\u00e5 soltaket \u00e4r justerbar f\u00f6r att ge l\u00e4mpligt solskydd<\/li>\n<li> Inkluderar 2 kopph\u00e5llare<\/li>\n<li> Levereras med 2 kuddar f\u00f6r att ge \u00e4nnu mer komfort<\/li>\n<li> Montering kr\u00e4vs<\/li>\n<\/ul>\n<p> Tekniska data:<\/p>\n<ul>\n<li> F\u00e4rg: Brun<\/li>\n<li> Material: St\u00e5l, Polyester<\/li>\n<li> Totala m\u00e5tt: 200L x 120B x 164H cm<\/li>\n<li> Sitsstorlek: 160B x 50T cm<\/li>\n<li> Sitth\u00f6jd (med kudde): 45,6 cm<\/li>\n<li> S\u00e4ngstorlek: 160B x 98T cm<\/li>\n<li> Kuddstorlek: 36B x 36T cm<\/li>\n<li> Max. belastningskapacitet: 340 kg<\/li>\n<\/ul>\n<p>Leveransinneh\u00e5ll:<\/p>\n<ul>\n<li> 1 x Hollywood-sv\u00e4ng<\/li>\n<li> 2 x Kuddar<\/li>\n<\/ul>\n","protected":false},"excerpt":{"rendered":"<p>Tack vare den h\u00e5llbara metallramen och de bekv\u00e4ma kuddarna erbjuder denna 3-sits Hollywood-sv\u00e4ng en fantastisk plats att koppla av. Den&#8230;<\/p>\n","protected":false},"featured_media":107584,"template":"","meta":[],"product_brand":[],"product_cat":[453,858,450],"product_tag":[],"class_list":{"0":"post-107596","1":"product","2":"type-product","3":"status-publish","4":"has-post-thumbnail","6":"product_cat-hollywood-gungor","7":"product_cat-tradgard-terrass","8":"product_cat-tradgardsmobler","10":"first","11":"instock","12":"sale","13":"taxable","14":"shipping-taxable","15":"purchasable","16":"product-type-simple"},"yoast_head":"<!-- This site is optimized with the Yoast SEO plugin v25.4 - https:\/\/yoast.com\/wordpress\/plugins\/seo\/ -->\n<title>TRUUSK Gungstol, 3-sits Hollywoodgunga - Tr\u00e4dg\u00e5rdsgunga Med Dryckesh\u00e5llare - St\u00e5l - 200 X 120 X 164 Cm - Brun - TRUUSK - Hem, Tr\u00e4dg\u00e5rd &amp; Fritid<\/title>\n<meta name=\"robots\" content=\"index, follow, max-snippet:-1, max-image-preview:large, max-video-preview:-1\" \/>\n<link rel=\"canonical\" href=\"https:\/\/truusk.store\/sv\/produkt\/truusk-gungstol-3-sits-hollywoodgunga-tradgardsgunga-med-dryckeshallare-stal-200-x-120-x-164-cm-brun\/\" \/>\n<meta property=\"og:locale\" content=\"sv_SE\" \/>\n<meta property=\"og:type\" content=\"article\" \/>\n<meta property=\"og:title\" content=\"TRUUSK Gungstol, 3-sits Hollywoodgunga - Tr\u00e4dg\u00e5rdsgunga Med Dryckesh\u00e5llare - St\u00e5l - 200 X 120 X 164 Cm - Brun - TRUUSK - Hem, Tr\u00e4dg\u00e5rd &amp; Fritid\" \/>\n<meta property=\"og:description\" content=\"Tack vare den h\u00e5llbara metallramen och de bekv\u00e4ma kuddarna erbjuder denna 3-sits Hollywood-sv\u00e4ng en fantastisk plats att koppla av. Den...\" \/>\n<meta property=\"og:url\" content=\"https:\/\/truusk.store\/sv\/produkt\/truusk-gungstol-3-sits-hollywoodgunga-tradgardsgunga-med-dryckeshallare-stal-200-x-120-x-164-cm-brun\/\" \/>\n<meta property=\"og:site_name\" content=\"TRUUSK - Hem, Tr\u00e4dg\u00e5rd &amp; Fritid\" \/>\n<meta property=\"article:modified_time\" content=\"2026-03-12T08:38:34+00:00\" \/>\n<meta property=\"og:image\" content=\"https:\/\/i0.wp.com\/truusk.se\/wp-content\/uploads\/2026\/03\/gungstol-3-sits-hollywoodgunga-tradgardsgunga-med-dryckeshallare-stal-200-x-120-x-164-cm-brun-1.webp?fit=2000%2C2000&ssl=1\" \/>\n\t<meta property=\"og:image:width\" content=\"2000\" \/>\n\t<meta property=\"og:image:height\" content=\"2000\" \/>\n\t<meta property=\"og:image:type\" content=\"image\/webp\" \/>\n<meta name=\"twitter:card\" content=\"summary_large_image\" \/>\n<meta name=\"twitter:label1\" content=\"Ber\u00e4knad l\u00e4stid\" \/>\n\t<meta name=\"twitter:data1\" content=\"1 minut\" \/>\n<!-- \/ Yoast SEO plugin. -->","yoast_head_json":{"title":"TRUUSK Gungstol, 3-sits Hollywoodgunga - Tr\u00e4dg\u00e5rdsgunga Med Dryckesh\u00e5llare - St\u00e5l - 200 X 120 X 164 Cm - Brun - TRUUSK - Hem, Tr\u00e4dg\u00e5rd &amp; Fritid","robots":{"index":"index","follow":"follow","max-snippet":"max-snippet:-1","max-image-preview":"max-image-preview:large","max-video-preview":"max-video-preview:-1"},"canonical":"https:\/\/truusk.store\/sv\/produkt\/truusk-gungstol-3-sits-hollywoodgunga-tradgardsgunga-med-dryckeshallare-stal-200-x-120-x-164-cm-brun\/","og_locale":"sv_SE","og_type":"article","og_title":"TRUUSK Gungstol, 3-sits Hollywoodgunga - Tr\u00e4dg\u00e5rdsgunga Med Dryckesh\u00e5llare - St\u00e5l - 200 X 120 X 164 Cm - Brun - TRUUSK - Hem, Tr\u00e4dg\u00e5rd &amp; Fritid","og_description":"Tack vare den h\u00e5llbara metallramen och de bekv\u00e4ma kuddarna erbjuder denna 3-sits Hollywood-sv\u00e4ng en fantastisk plats att koppla av. Den...","og_url":"https:\/\/truusk.store\/sv\/produkt\/truusk-gungstol-3-sits-hollywoodgunga-tradgardsgunga-med-dryckeshallare-stal-200-x-120-x-164-cm-brun\/","og_site_name":"TRUUSK - Hem, Tr\u00e4dg\u00e5rd &amp; Fritid","article_modified_time":"2026-03-12T08:38:34+00:00","og_image":[{"width":2000,"height":2000,"url":"https:\/\/i0.wp.com\/truusk.se\/wp-content\/uploads\/2026\/03\/gungstol-3-sits-hollywoodgunga-tradgardsgunga-med-dryckeshallare-stal-200-x-120-x-164-cm-brun-1.webp?fit=2000%2C2000&ssl=1","type":"image\/webp"}],"twitter_card":"summary_large_image","twitter_misc":{"Ber\u00e4knad l\u00e4stid":"1 minut"},"schema":{"@context":"https:\/\/schema.org","@graph":[{"@type":"WebPage","@id":"https:\/\/truusk.store\/sv\/produkt\/truusk-gungstol-3-sits-hollywoodgunga-tradgardsgunga-med-dryckeshallare-stal-200-x-120-x-164-cm-brun\/","url":"https:\/\/truusk.store\/sv\/produkt\/truusk-gungstol-3-sits-hollywoodgunga-tradgardsgunga-med-dryckeshallare-stal-200-x-120-x-164-cm-brun\/","name":"TRUUSK Gungstol, 3-sits Hollywoodgunga - Tr\u00e4dg\u00e5rdsgunga Med Dryckesh\u00e5llare - St\u00e5l - 200 X 120 X 164 Cm - Brun - TRUUSK - Hem, Tr\u00e4dg\u00e5rd &amp; Fritid","isPartOf":{"@id":"https:\/\/truusk.store\/sv\/#website"},"primaryImageOfPage":{"@id":"https:\/\/truusk.store\/sv\/produkt\/truusk-gungstol-3-sits-hollywoodgunga-tradgardsgunga-med-dryckeshallare-stal-200-x-120-x-164-cm-brun\/#primaryimage"},"image":{"@id":"https:\/\/truusk.store\/sv\/produkt\/truusk-gungstol-3-sits-hollywoodgunga-tradgardsgunga-med-dryckeshallare-stal-200-x-120-x-164-cm-brun\/#primaryimage"},"thumbnailUrl":"https:\/\/i0.wp.com\/truusk.store\/wp-content\/uploads\/2026\/03\/gungstol-3-sits-hollywoodgunga-tradgardsgunga-med-dryckeshallare-stal-200-x-120-x-164-cm-brun-1.webp?fit=2000%2C2000&ssl=1","datePublished":"2026-03-09T11:27:57+00:00","dateModified":"2026-03-12T08:38:34+00:00","breadcrumb":{"@id":"https:\/\/truusk.store\/sv\/produkt\/truusk-gungstol-3-sits-hollywoodgunga-tradgardsgunga-med-dryckeshallare-stal-200-x-120-x-164-cm-brun\/#breadcrumb"},"inLanguage":"sv-SE","potentialAction":[{"@type":"ReadAction","target":["https:\/\/truusk.store\/sv\/produkt\/truusk-gungstol-3-sits-hollywoodgunga-tradgardsgunga-med-dryckeshallare-stal-200-x-120-x-164-cm-brun\/"]}]},{"@type":"ImageObject","inLanguage":"sv-SE","@id":"https:\/\/truusk.store\/sv\/produkt\/truusk-gungstol-3-sits-hollywoodgunga-tradgardsgunga-med-dryckeshallare-stal-200-x-120-x-164-cm-brun\/#primaryimage","url":"https:\/\/i0.wp.com\/truusk.store\/wp-content\/uploads\/2026\/03\/gungstol-3-sits-hollywoodgunga-tradgardsgunga-med-dryckeshallare-stal-200-x-120-x-164-cm-brun-1.webp?fit=2000%2C2000&ssl=1","contentUrl":"https:\/\/i0.wp.com\/truusk.store\/wp-content\/uploads\/2026\/03\/gungstol-3-sits-hollywoodgunga-tradgardsgunga-med-dryckeshallare-stal-200-x-120-x-164-cm-brun-1.webp?fit=2000%2C2000&ssl=1","width":2000,"height":2000},{"@type":"BreadcrumbList","@id":"https:\/\/truusk.store\/sv\/produkt\/truusk-gungstol-3-sits-hollywoodgunga-tradgardsgunga-med-dryckeshallare-stal-200-x-120-x-164-cm-brun\/#breadcrumb","itemListElement":[{"@type":"ListItem","position":1,"name":"Home","item":"https:\/\/truusk.store\/sv\/"},{"@type":"ListItem","position":2,"name":"Shop","item":"https:\/\/truusk.store\/shop\/"},{"@type":"ListItem","position":3,"name":"TRUUSK Gungstol, 3-sits Hollywoodgunga &#8211; Tr\u00e4dg\u00e5rdsgunga Med Dryckesh\u00e5llare &#8211; St\u00e5l &#8211; 200 X 120 X 164 Cm &#8211; Brun"}]},{"@type":"WebSite","@id":"https:\/\/truusk.store\/sv\/#website","url":"https:\/\/truusk.store\/sv\/","name":"TRUUSK - Hem, Tr\u00e4dg\u00e5rd & Fritid","description":"","publisher":{"@id":"https:\/\/truusk.store\/sv\/#organization"},"potentialAction":[{"@type":"SearchAction","target":{"@type":"EntryPoint","urlTemplate":"https:\/\/truusk.store\/sv\/?s={search_term_string}"},"query-input":{"@type":"PropertyValueSpecification","valueRequired":true,"valueName":"search_term_string"}}],"inLanguage":"sv-SE"},{"@type":"Organization","@id":"https:\/\/truusk.store\/sv\/#organization","name":"TRUUSK - Hem, Tr\u00e4dg\u00e5rd & Fritid","url":"https:\/\/truusk.store\/sv\/","logo":{"@type":"ImageObject","inLanguage":"sv-SE","@id":"https:\/\/truusk.store\/sv\/#\/schema\/logo\/image\/","url":"https:\/\/i0.wp.com\/truusk.store\/wp-content\/uploads\/2026\/03\/cropped-TRUUSK.png?fit=2032%2C917&ssl=1","contentUrl":"https:\/\/i0.wp.com\/truusk.store\/wp-content\/uploads\/2026\/03\/cropped-TRUUSK.png?fit=2032%2C917&ssl=1","width":2032,"height":917,"caption":"TRUUSK - Hem, Tr\u00e4dg\u00e5rd & Fritid"},"image":{"@id":"https:\/\/truusk.store\/sv\/#\/schema\/logo\/image\/"}}]}},"jetpack_sharing_enabled":true,"_links":{"self":[{"href":"https:\/\/truusk.store\/sv\/wp-json\/wp\/v2\/product\/107596","targetHints":{"allow":["GET"]}}],"collection":[{"href":"https:\/\/truusk.store\/sv\/wp-json\/wp\/v2\/product"}],"about":[{"href":"https:\/\/truusk.store\/sv\/wp-json\/wp\/v2\/types\/product"}],"wp:featuredmedia":[{"embeddable":true,"href":"https:\/\/truusk.store\/sv\/wp-json\/wp\/v2\/media\/107584"}],"wp:attachment":[{"href":"https:\/\/truusk.store\/sv\/wp-json\/wp\/v2\/media?parent=107596"}],"wp:term":[{"taxonomy":"product_brand","embeddable":true,"href":"https:\/\/truusk.store\/sv\/wp-json\/wp\/v2\/product_brand?post=107596"},{"taxonomy":"product_cat","embeddable":true,"href":"https:\/\/truusk.store\/sv\/wp-json\/wp\/v2\/product_cat?post=107596"},{"taxonomy":"product_tag","embeddable":true,"href":"https:\/\/truusk.store\/sv\/wp-json\/wp\/v2\/product_tag?post=107596"}],"curies":[{"name":"wp","href":"https:\/\/api.w.org\/{rel}","templated":true}]}}