{"id":107613,"date":"2026-03-09T12:33:15","date_gmt":"2026-03-09T11:33:15","guid":{"rendered":"https:\/\/truusk.store\/product\/koksbord-for-2-personer-runt-pulverlackerad-stalram-o78-cm-rustikt-brunt\/"},"modified":"2026-03-12T09:43:16","modified_gmt":"2026-03-12T08:43:16","slug":"truusk-runt-koksbord-for-2-personer-pulverlackerad-stalram-rustikt-brunt-o78-cm","status":"publish","type":"product","link":"https:\/\/truusk.store\/sv\/produkt\/truusk-runt-koksbord-for-2-personer-pulverlackerad-stalram-rustikt-brunt-o78-cm\/","title":{"rendered":"TRUUSK Runt k\u00f6ksbord f\u00f6r 2 personer &#8211; Pulverlackerad st\u00e5lram &#8211; Rustikt brunt &#8211; \u00d878 cm"},"content":{"rendered":"<p>Den h\u00e4r matbordet fr\u00e5n [BRAND NAME] g\u00f6r middagen s\u00e5 avslappnad och elegant som du \u00f6nskar. F\u00f6r en klassisk look kombineras en slank, rund form med sv\u00e4ngda ben. Benen \u00e4r gjorda av pulverlackerat st\u00e5l f\u00f6r att s\u00e4kerst\u00e4lla en stark och stabil bas, med justerbara golvskydd f\u00f6r extra st\u00f6d. Ta plats och njut av s\u00e4llskapet &#8211; var du \u00e4n \u00e4r.<\/p>\n<p>Beskrivning:<\/p>\n<ul>\n<li> Modern design som passar de flesta inredningsstilar<\/li>\n<li> F\u00f6r tv\u00e5 personer, idealisk f\u00f6r mindre k\u00f6k och matplatser<\/li>\n<li> Med rymlig rund bordsskiva f\u00f6r mat och dryck<\/li>\n<li> Fyra sv\u00e4ngda ben av pulverlackerat st\u00e5l f\u00f6r stabilitet<\/li>\n<li> Lackad MDF-bordsskiva f\u00f6r skydd<\/li>\n<li> Justerbara fotdynor ger stabilitet och skyddar golvet mot repor<\/li>\n<li> Montering kr\u00e4vs<\/li>\n<\/ul>\n<p> Tekniska specifikationer:<\/p>\n<ul>\n<li> F\u00e4rg: Rustikt brunt<\/li>\n<li> Material: MDF, st\u00e5l<\/li>\n<li> Totala dimensioner: \u00d878 x 75H cm<\/li>\n<li> Minsta l\u00e4mpliga yta: 160 x 160 cm<\/li>\n<li> Viktkapacitet: 15 kg<\/li>\n<\/ul>\n<p> Leverans inneh\u00e5ller:<\/p>\n<ul>\n<li> 1 x matbord<\/li>\n<li> 1 x handbok<\/li>\n<\/ul>\n","protected":false},"excerpt":{"rendered":"<p>Den h\u00e4r matbordet fr\u00e5n [BRAND NAME] g\u00f6r middagen s\u00e5 avslappnad och elegant som du \u00f6nskar. F\u00f6r en klassisk look kombineras&#8230;<\/p>\n","protected":false},"featured_media":107604,"template":"","meta":[],"product_brand":[],"product_cat":[871,889,509],"product_tag":[],"class_list":{"0":"post-107613","1":"product","2":"type-product","3":"status-publish","4":"has-post-thumbnail","6":"product_cat-hus-hem","7":"product_cat-kok-matsal","8":"product_cat-matbord","10":"first","11":"instock","12":"sale","13":"taxable","14":"shipping-taxable","15":"purchasable","16":"product-type-simple"},"yoast_head":"<!-- This site is optimized with the Yoast SEO plugin v25.4 - https:\/\/yoast.com\/wordpress\/plugins\/seo\/ -->\n<title>TRUUSK Runt k\u00f6ksbord f\u00f6r 2 personer - Pulverlackerad st\u00e5lram - Rustikt brunt - \u00d878 cm - TRUUSK - Hem, Tr\u00e4dg\u00e5rd &amp; Fritid<\/title>\n<meta name=\"robots\" content=\"index, follow, max-snippet:-1, max-image-preview:large, max-video-preview:-1\" \/>\n<link rel=\"canonical\" href=\"https:\/\/truusk.store\/sv\/produkt\/truusk-runt-koksbord-for-2-personer-pulverlackerad-stalram-rustikt-brunt-o78-cm\/\" \/>\n<meta property=\"og:locale\" content=\"sv_SE\" \/>\n<meta property=\"og:type\" content=\"article\" \/>\n<meta property=\"og:title\" content=\"TRUUSK Runt k\u00f6ksbord f\u00f6r 2 personer - Pulverlackerad st\u00e5lram - Rustikt brunt - \u00d878 cm - TRUUSK - Hem, Tr\u00e4dg\u00e5rd &amp; Fritid\" \/>\n<meta property=\"og:description\" content=\"Den h\u00e4r matbordet fr\u00e5n [BRAND NAME] g\u00f6r middagen s\u00e5 avslappnad och elegant som du \u00f6nskar. F\u00f6r en klassisk look kombineras...\" \/>\n<meta property=\"og:url\" content=\"https:\/\/truusk.store\/sv\/produkt\/truusk-runt-koksbord-for-2-personer-pulverlackerad-stalram-rustikt-brunt-o78-cm\/\" \/>\n<meta property=\"og:site_name\" content=\"TRUUSK - Hem, Tr\u00e4dg\u00e5rd &amp; Fritid\" \/>\n<meta property=\"article:modified_time\" content=\"2026-03-12T08:43:16+00:00\" \/>\n<meta property=\"og:image\" content=\"https:\/\/i0.wp.com\/truusk.se\/wp-content\/uploads\/2026\/03\/koksbord-for-2-personer-runt-pulverlackerad-stalram-o78-cm-rustikt-brunt-1.webp?fit=2000%2C2000&ssl=1\" \/>\n\t<meta property=\"og:image:width\" content=\"2000\" \/>\n\t<meta property=\"og:image:height\" content=\"2000\" \/>\n\t<meta property=\"og:image:type\" content=\"image\/webp\" \/>\n<meta name=\"twitter:card\" content=\"summary_large_image\" \/>\n<meta name=\"twitter:label1\" content=\"Ber\u00e4knad l\u00e4stid\" \/>\n\t<meta name=\"twitter:data1\" content=\"1 minut\" \/>\n<!-- \/ Yoast SEO plugin. -->","yoast_head_json":{"title":"TRUUSK Runt k\u00f6ksbord f\u00f6r 2 personer - Pulverlackerad st\u00e5lram - Rustikt brunt - \u00d878 cm - TRUUSK - Hem, Tr\u00e4dg\u00e5rd &amp; Fritid","robots":{"index":"index","follow":"follow","max-snippet":"max-snippet:-1","max-image-preview":"max-image-preview:large","max-video-preview":"max-video-preview:-1"},"canonical":"https:\/\/truusk.store\/sv\/produkt\/truusk-runt-koksbord-for-2-personer-pulverlackerad-stalram-rustikt-brunt-o78-cm\/","og_locale":"sv_SE","og_type":"article","og_title":"TRUUSK Runt k\u00f6ksbord f\u00f6r 2 personer - Pulverlackerad st\u00e5lram - Rustikt brunt - \u00d878 cm - TRUUSK - Hem, Tr\u00e4dg\u00e5rd &amp; Fritid","og_description":"Den h\u00e4r matbordet fr\u00e5n [BRAND NAME] g\u00f6r middagen s\u00e5 avslappnad och elegant som du \u00f6nskar. F\u00f6r en klassisk look kombineras...","og_url":"https:\/\/truusk.store\/sv\/produkt\/truusk-runt-koksbord-for-2-personer-pulverlackerad-stalram-rustikt-brunt-o78-cm\/","og_site_name":"TRUUSK - Hem, Tr\u00e4dg\u00e5rd &amp; Fritid","article_modified_time":"2026-03-12T08:43:16+00:00","og_image":[{"width":2000,"height":2000,"url":"https:\/\/i0.wp.com\/truusk.se\/wp-content\/uploads\/2026\/03\/koksbord-for-2-personer-runt-pulverlackerad-stalram-o78-cm-rustikt-brunt-1.webp?fit=2000%2C2000&ssl=1","type":"image\/webp"}],"twitter_card":"summary_large_image","twitter_misc":{"Ber\u00e4knad l\u00e4stid":"1 minut"},"schema":{"@context":"https:\/\/schema.org","@graph":[{"@type":"WebPage","@id":"https:\/\/truusk.store\/sv\/produkt\/truusk-runt-koksbord-for-2-personer-pulverlackerad-stalram-rustikt-brunt-o78-cm\/","url":"https:\/\/truusk.store\/sv\/produkt\/truusk-runt-koksbord-for-2-personer-pulverlackerad-stalram-rustikt-brunt-o78-cm\/","name":"TRUUSK Runt k\u00f6ksbord f\u00f6r 2 personer - Pulverlackerad st\u00e5lram - Rustikt brunt - \u00d878 cm - TRUUSK - Hem, Tr\u00e4dg\u00e5rd &amp; Fritid","isPartOf":{"@id":"https:\/\/truusk.store\/sv\/#website"},"primaryImageOfPage":{"@id":"https:\/\/truusk.store\/sv\/produkt\/truusk-runt-koksbord-for-2-personer-pulverlackerad-stalram-rustikt-brunt-o78-cm\/#primaryimage"},"image":{"@id":"https:\/\/truusk.store\/sv\/produkt\/truusk-runt-koksbord-for-2-personer-pulverlackerad-stalram-rustikt-brunt-o78-cm\/#primaryimage"},"thumbnailUrl":"https:\/\/i0.wp.com\/truusk.store\/wp-content\/uploads\/2026\/03\/koksbord-for-2-personer-runt-pulverlackerad-stalram-o78-cm-rustikt-brunt-1.webp?fit=2000%2C2000&ssl=1","datePublished":"2026-03-09T11:33:15+00:00","dateModified":"2026-03-12T08:43:16+00:00","breadcrumb":{"@id":"https:\/\/truusk.store\/sv\/produkt\/truusk-runt-koksbord-for-2-personer-pulverlackerad-stalram-rustikt-brunt-o78-cm\/#breadcrumb"},"inLanguage":"sv-SE","potentialAction":[{"@type":"ReadAction","target":["https:\/\/truusk.store\/sv\/produkt\/truusk-runt-koksbord-for-2-personer-pulverlackerad-stalram-rustikt-brunt-o78-cm\/"]}]},{"@type":"ImageObject","inLanguage":"sv-SE","@id":"https:\/\/truusk.store\/sv\/produkt\/truusk-runt-koksbord-for-2-personer-pulverlackerad-stalram-rustikt-brunt-o78-cm\/#primaryimage","url":"https:\/\/i0.wp.com\/truusk.store\/wp-content\/uploads\/2026\/03\/koksbord-for-2-personer-runt-pulverlackerad-stalram-o78-cm-rustikt-brunt-1.webp?fit=2000%2C2000&ssl=1","contentUrl":"https:\/\/i0.wp.com\/truusk.store\/wp-content\/uploads\/2026\/03\/koksbord-for-2-personer-runt-pulverlackerad-stalram-o78-cm-rustikt-brunt-1.webp?fit=2000%2C2000&ssl=1","width":2000,"height":2000},{"@type":"BreadcrumbList","@id":"https:\/\/truusk.store\/sv\/produkt\/truusk-runt-koksbord-for-2-personer-pulverlackerad-stalram-rustikt-brunt-o78-cm\/#breadcrumb","itemListElement":[{"@type":"ListItem","position":1,"name":"Home","item":"https:\/\/truusk.store\/sv\/"},{"@type":"ListItem","position":2,"name":"Shop","item":"https:\/\/truusk.store\/shop\/"},{"@type":"ListItem","position":3,"name":"TRUUSK Runt k\u00f6ksbord f\u00f6r 2 personer &#8211; Pulverlackerad st\u00e5lram &#8211; Rustikt brunt &#8211; \u00d878 cm"}]},{"@type":"WebSite","@id":"https:\/\/truusk.store\/sv\/#website","url":"https:\/\/truusk.store\/sv\/","name":"TRUUSK - Hem, Tr\u00e4dg\u00e5rd & Fritid","description":"","publisher":{"@id":"https:\/\/truusk.store\/sv\/#organization"},"potentialAction":[{"@type":"SearchAction","target":{"@type":"EntryPoint","urlTemplate":"https:\/\/truusk.store\/sv\/?s={search_term_string}"},"query-input":{"@type":"PropertyValueSpecification","valueRequired":true,"valueName":"search_term_string"}}],"inLanguage":"sv-SE"},{"@type":"Organization","@id":"https:\/\/truusk.store\/sv\/#organization","name":"TRUUSK - Hem, Tr\u00e4dg\u00e5rd & Fritid","url":"https:\/\/truusk.store\/sv\/","logo":{"@type":"ImageObject","inLanguage":"sv-SE","@id":"https:\/\/truusk.store\/sv\/#\/schema\/logo\/image\/","url":"https:\/\/i0.wp.com\/truusk.store\/wp-content\/uploads\/2026\/03\/cropped-TRUUSK.png?fit=2032%2C917&ssl=1","contentUrl":"https:\/\/i0.wp.com\/truusk.store\/wp-content\/uploads\/2026\/03\/cropped-TRUUSK.png?fit=2032%2C917&ssl=1","width":2032,"height":917,"caption":"TRUUSK - Hem, Tr\u00e4dg\u00e5rd & Fritid"},"image":{"@id":"https:\/\/truusk.store\/sv\/#\/schema\/logo\/image\/"}}]}},"jetpack_sharing_enabled":true,"_links":{"self":[{"href":"https:\/\/truusk.store\/sv\/wp-json\/wp\/v2\/product\/107613","targetHints":{"allow":["GET"]}}],"collection":[{"href":"https:\/\/truusk.store\/sv\/wp-json\/wp\/v2\/product"}],"about":[{"href":"https:\/\/truusk.store\/sv\/wp-json\/wp\/v2\/types\/product"}],"wp:featuredmedia":[{"embeddable":true,"href":"https:\/\/truusk.store\/sv\/wp-json\/wp\/v2\/media\/107604"}],"wp:attachment":[{"href":"https:\/\/truusk.store\/sv\/wp-json\/wp\/v2\/media?parent=107613"}],"wp:term":[{"taxonomy":"product_brand","embeddable":true,"href":"https:\/\/truusk.store\/sv\/wp-json\/wp\/v2\/product_brand?post=107613"},{"taxonomy":"product_cat","embeddable":true,"href":"https:\/\/truusk.store\/sv\/wp-json\/wp\/v2\/product_cat?post=107613"},{"taxonomy":"product_tag","embeddable":true,"href":"https:\/\/truusk.store\/sv\/wp-json\/wp\/v2\/product_tag?post=107613"}],"curies":[{"name":"wp","href":"https:\/\/api.w.org\/{rel}","templated":true}]}}