{"id":107630,"date":"2026-03-09T12:42:56","date_gmt":"2026-03-09T11:42:56","guid":{"rendered":"https:\/\/truusk.store\/product\/avkopplingsstol-med-fotstod-liggstol-roterbar-upp-till-150-kg-stalram-88x96x108cm-morkbla\/"},"modified":"2026-03-09T12:43:13","modified_gmt":"2026-03-09T11:43:13","slug":"truusk-avkopplingsstol-med-fotstod-liggstol-roterbar-upp-till-150-kg-stalram-morkbla-88x96x108cm","status":"publish","type":"product","link":"https:\/\/truusk.store\/sv\/produkt\/truusk-avkopplingsstol-med-fotstod-liggstol-roterbar-upp-till-150-kg-stalram-morkbla-88x96x108cm\/","title":{"rendered":"TRUUSK Avkopplingsstol med Fotst\u00f6d &#8211; Liggstol &#8211; Roterbar &#8211; Upp till 150 kg &#8211; St\u00e5lram &#8211; M\u00f6rkbl\u00e5 &#8211; 88x96x108cm"},"content":{"rendered":"<p>Luta dig tillbaka i [BRAND NAME] avkopplingsstol, d\u00e4r komfort m\u00f6ter funktionalitet. Med en ryggst\u00f6d som kan lutas upp till 135\u00b0, som enkelt kan justeras till din idealiska lutningsvinkel med hj\u00e4lp av en sp\u00e4nne, och en fotst\u00f6d som kan f\u00e4llas ut med fottryck, inbjuder denna TV-stol till stilfull avkoppling. Njut av maximal r\u00f6relsefrihet tack vare sv\u00e4ngfunktionen och en underbar gungfunktion som mjukt d\u00e4mpar vardagens stress.<\/p>\n<p>Beskrivning:<\/p>\n<ul>\n<li> Ryggst\u00f6det p\u00e5 avkopplingsstolen kan lutas upp till 135\u00b0, enkelt justerbar med en sp\u00e4nne f\u00f6r optimal avkoppling<\/li>\n<li> Fotst\u00f6det kan f\u00e4llas in med fottryck<\/li>\n<li> Sv\u00e4ng- och gungfunktion, idealisk f\u00f6r personer med s\u00f6mnproblem eller ammande m\u00f6drar<\/li>\n<li> Vaddering med fickfj\u00e4drar f\u00f6r \u00f6verl\u00e4gsen elasticitet<\/li>\n<li> Tjock stoppning och tygkl\u00e4dsel p\u00e5 TV-stolen i linneutseende garanterar maximal komfort och andningsf\u00f6rm\u00e5ga<\/li>\n<li> Monteras p\u00e5 bara 10 minuter, inga verktyg beh\u00f6vs<\/li>\n<li> Utrustad med tv\u00e5 muggh\u00e5llare f\u00f6r bekv\u00e4m \u00e5tkomst till drycker<\/li>\n<li> St\u00e5lramkonstruktion ger utm\u00e4rkt st\u00f6d<\/li>\n<li> Obs: Anv\u00e4nd inte gungfunktionen n\u00e4r du ligger ner<\/li>\n<\/ul>\n<p> Tekniska data:<\/p>\n<ul>\n<li> F\u00e4rg: M\u00f6rkbl\u00e5<\/li>\n<li> Material: Linneimitation (100% polyester), skum, st\u00e5l<\/li>\n<li> Totala dimensioner: (uppr\u00e4tt) 88B x 96D x 108H cm<\/li>\n<li> Totala dimensioner: (lutad) 88B x 165D x 85H cm<\/li>\n<li> Sitsstorlek: 48B x 56D cm<\/li>\n<li> Sitth\u00f6jd: 50 cm<\/li>\n<li> Ryggstorlek: 68B x 83D cm<\/li>\n<li> Kuddtjocklek: (sits) 12 cm, (rygg) 23 cm<\/li>\n<li> B\u00e4rkapacitet: 150 kg<\/li>\n<li> L\u00e4mplig f\u00f6r kroppsl\u00e4ngd: \u2264 185 cm<\/li>\n<\/ul>\n<p>Leveransinneh\u00e5ll:<\/p>\n<ul>\n<li> 1 x liggstol<\/li>\n<li> 1 x handbok<\/li>\n<\/ul>\n","protected":false},"excerpt":{"rendered":"<p>Luta dig tillbaka i [BRAND NAME] avkopplingsstol, d\u00e4r komfort m\u00f6ter funktionalitet. Med en ryggst\u00f6d som kan lutas upp till 135\u00b0,&#8230;<\/p>\n","protected":false},"featured_media":107614,"template":"","meta":[],"product_brand":[],"product_cat":[521,946,871,910],"product_tag":[],"class_list":{"0":"post-107630","1":"product","2":"type-product","3":"status-publish","4":"has-post-thumbnail","6":"product_cat-fatolj","7":"product_cat-fernsehsessel","8":"product_cat-hus-hem","9":"product_cat-vardagsrum","11":"first","12":"instock","13":"sale","14":"taxable","15":"shipping-taxable","16":"purchasable","17":"product-type-simple"},"yoast_head":"<!-- This site is optimized with the Yoast SEO plugin v25.4 - https:\/\/yoast.com\/wordpress\/plugins\/seo\/ -->\n<title>TRUUSK Avkopplingsstol med Fotst\u00f6d - Liggstol - Roterbar - Upp till 150 kg - St\u00e5lram - M\u00f6rkbl\u00e5 - 88x96x108cm - TRUUSK - Hem, Tr\u00e4dg\u00e5rd &amp; Fritid<\/title>\n<meta name=\"robots\" content=\"index, follow, max-snippet:-1, max-image-preview:large, max-video-preview:-1\" \/>\n<link rel=\"canonical\" href=\"https:\/\/truusk.store\/sv\/produkt\/truusk-avkopplingsstol-med-fotstod-liggstol-roterbar-upp-till-150-kg-stalram-morkbla-88x96x108cm\/\" \/>\n<meta property=\"og:locale\" content=\"sv_SE\" \/>\n<meta property=\"og:type\" content=\"article\" \/>\n<meta property=\"og:title\" content=\"TRUUSK Avkopplingsstol med Fotst\u00f6d - Liggstol - Roterbar - Upp till 150 kg - St\u00e5lram - M\u00f6rkbl\u00e5 - 88x96x108cm - TRUUSK - Hem, Tr\u00e4dg\u00e5rd &amp; Fritid\" \/>\n<meta property=\"og:description\" content=\"Luta dig tillbaka i [BRAND NAME] avkopplingsstol, d\u00e4r komfort m\u00f6ter funktionalitet. Med en ryggst\u00f6d som kan lutas upp till 135\u00b0,...\" \/>\n<meta property=\"og:url\" content=\"https:\/\/truusk.store\/sv\/produkt\/truusk-avkopplingsstol-med-fotstod-liggstol-roterbar-upp-till-150-kg-stalram-morkbla-88x96x108cm\/\" \/>\n<meta property=\"og:site_name\" content=\"TRUUSK - Hem, Tr\u00e4dg\u00e5rd &amp; Fritid\" \/>\n<meta property=\"article:modified_time\" content=\"2026-03-09T11:43:13+00:00\" \/>\n<meta property=\"og:image\" content=\"https:\/\/i0.wp.com\/truusk.se\/wp-content\/uploads\/2026\/03\/avkopplingsstol-med-fotstod-liggstol-roterbar-upp-till-150-kg-stalram-88x96x108cm-morkbla-1.webp?fit=2000%2C2000&ssl=1\" \/>\n\t<meta property=\"og:image:width\" content=\"2000\" \/>\n\t<meta property=\"og:image:height\" content=\"2000\" \/>\n\t<meta property=\"og:image:type\" content=\"image\/webp\" \/>\n<meta name=\"twitter:card\" content=\"summary_large_image\" \/>\n<meta name=\"twitter:label1\" content=\"Ber\u00e4knad l\u00e4stid\" \/>\n\t<meta name=\"twitter:data1\" content=\"1 minut\" \/>\n<!-- \/ Yoast SEO plugin. -->","yoast_head_json":{"title":"TRUUSK Avkopplingsstol med Fotst\u00f6d - Liggstol - Roterbar - Upp till 150 kg - St\u00e5lram - M\u00f6rkbl\u00e5 - 88x96x108cm - TRUUSK - Hem, Tr\u00e4dg\u00e5rd &amp; Fritid","robots":{"index":"index","follow":"follow","max-snippet":"max-snippet:-1","max-image-preview":"max-image-preview:large","max-video-preview":"max-video-preview:-1"},"canonical":"https:\/\/truusk.store\/sv\/produkt\/truusk-avkopplingsstol-med-fotstod-liggstol-roterbar-upp-till-150-kg-stalram-morkbla-88x96x108cm\/","og_locale":"sv_SE","og_type":"article","og_title":"TRUUSK Avkopplingsstol med Fotst\u00f6d - Liggstol - Roterbar - Upp till 150 kg - St\u00e5lram - M\u00f6rkbl\u00e5 - 88x96x108cm - TRUUSK - Hem, Tr\u00e4dg\u00e5rd &amp; Fritid","og_description":"Luta dig tillbaka i [BRAND NAME] avkopplingsstol, d\u00e4r komfort m\u00f6ter funktionalitet. Med en ryggst\u00f6d som kan lutas upp till 135\u00b0,...","og_url":"https:\/\/truusk.store\/sv\/produkt\/truusk-avkopplingsstol-med-fotstod-liggstol-roterbar-upp-till-150-kg-stalram-morkbla-88x96x108cm\/","og_site_name":"TRUUSK - Hem, Tr\u00e4dg\u00e5rd &amp; Fritid","article_modified_time":"2026-03-09T11:43:13+00:00","og_image":[{"width":2000,"height":2000,"url":"https:\/\/i0.wp.com\/truusk.se\/wp-content\/uploads\/2026\/03\/avkopplingsstol-med-fotstod-liggstol-roterbar-upp-till-150-kg-stalram-88x96x108cm-morkbla-1.webp?fit=2000%2C2000&ssl=1","type":"image\/webp"}],"twitter_card":"summary_large_image","twitter_misc":{"Ber\u00e4knad l\u00e4stid":"1 minut"},"schema":{"@context":"https:\/\/schema.org","@graph":[{"@type":"WebPage","@id":"https:\/\/truusk.store\/sv\/produkt\/truusk-avkopplingsstol-med-fotstod-liggstol-roterbar-upp-till-150-kg-stalram-morkbla-88x96x108cm\/","url":"https:\/\/truusk.store\/sv\/produkt\/truusk-avkopplingsstol-med-fotstod-liggstol-roterbar-upp-till-150-kg-stalram-morkbla-88x96x108cm\/","name":"TRUUSK Avkopplingsstol med Fotst\u00f6d - Liggstol - Roterbar - Upp till 150 kg - St\u00e5lram - M\u00f6rkbl\u00e5 - 88x96x108cm - TRUUSK - Hem, Tr\u00e4dg\u00e5rd &amp; Fritid","isPartOf":{"@id":"https:\/\/truusk.store\/sv\/#website"},"primaryImageOfPage":{"@id":"https:\/\/truusk.store\/sv\/produkt\/truusk-avkopplingsstol-med-fotstod-liggstol-roterbar-upp-till-150-kg-stalram-morkbla-88x96x108cm\/#primaryimage"},"image":{"@id":"https:\/\/truusk.store\/sv\/produkt\/truusk-avkopplingsstol-med-fotstod-liggstol-roterbar-upp-till-150-kg-stalram-morkbla-88x96x108cm\/#primaryimage"},"thumbnailUrl":"https:\/\/i0.wp.com\/truusk.store\/wp-content\/uploads\/2026\/03\/avkopplingsstol-med-fotstod-liggstol-roterbar-upp-till-150-kg-stalram-88x96x108cm-morkbla-1.webp?fit=2000%2C2000&ssl=1","datePublished":"2026-03-09T11:42:56+00:00","dateModified":"2026-03-09T11:43:13+00:00","breadcrumb":{"@id":"https:\/\/truusk.store\/sv\/produkt\/truusk-avkopplingsstol-med-fotstod-liggstol-roterbar-upp-till-150-kg-stalram-morkbla-88x96x108cm\/#breadcrumb"},"inLanguage":"sv-SE","potentialAction":[{"@type":"ReadAction","target":["https:\/\/truusk.store\/sv\/produkt\/truusk-avkopplingsstol-med-fotstod-liggstol-roterbar-upp-till-150-kg-stalram-morkbla-88x96x108cm\/"]}]},{"@type":"ImageObject","inLanguage":"sv-SE","@id":"https:\/\/truusk.store\/sv\/produkt\/truusk-avkopplingsstol-med-fotstod-liggstol-roterbar-upp-till-150-kg-stalram-morkbla-88x96x108cm\/#primaryimage","url":"https:\/\/i0.wp.com\/truusk.store\/wp-content\/uploads\/2026\/03\/avkopplingsstol-med-fotstod-liggstol-roterbar-upp-till-150-kg-stalram-88x96x108cm-morkbla-1.webp?fit=2000%2C2000&ssl=1","contentUrl":"https:\/\/i0.wp.com\/truusk.store\/wp-content\/uploads\/2026\/03\/avkopplingsstol-med-fotstod-liggstol-roterbar-upp-till-150-kg-stalram-88x96x108cm-morkbla-1.webp?fit=2000%2C2000&ssl=1","width":2000,"height":2000},{"@type":"BreadcrumbList","@id":"https:\/\/truusk.store\/sv\/produkt\/truusk-avkopplingsstol-med-fotstod-liggstol-roterbar-upp-till-150-kg-stalram-morkbla-88x96x108cm\/#breadcrumb","itemListElement":[{"@type":"ListItem","position":1,"name":"Home","item":"https:\/\/truusk.store\/sv\/"},{"@type":"ListItem","position":2,"name":"Shop","item":"https:\/\/truusk.store\/shop\/"},{"@type":"ListItem","position":3,"name":"TRUUSK Avkopplingsstol med Fotst\u00f6d &#8211; Liggstol &#8211; Roterbar &#8211; Upp till 150 kg &#8211; St\u00e5lram &#8211; M\u00f6rkbl\u00e5 &#8211; 88x96x108cm"}]},{"@type":"WebSite","@id":"https:\/\/truusk.store\/sv\/#website","url":"https:\/\/truusk.store\/sv\/","name":"TRUUSK - Hem, Tr\u00e4dg\u00e5rd & Fritid","description":"","publisher":{"@id":"https:\/\/truusk.store\/sv\/#organization"},"potentialAction":[{"@type":"SearchAction","target":{"@type":"EntryPoint","urlTemplate":"https:\/\/truusk.store\/sv\/?s={search_term_string}"},"query-input":{"@type":"PropertyValueSpecification","valueRequired":true,"valueName":"search_term_string"}}],"inLanguage":"sv-SE"},{"@type":"Organization","@id":"https:\/\/truusk.store\/sv\/#organization","name":"TRUUSK - Hem, Tr\u00e4dg\u00e5rd & Fritid","url":"https:\/\/truusk.store\/sv\/","logo":{"@type":"ImageObject","inLanguage":"sv-SE","@id":"https:\/\/truusk.store\/sv\/#\/schema\/logo\/image\/","url":"https:\/\/i0.wp.com\/truusk.store\/wp-content\/uploads\/2026\/03\/cropped-TRUUSK.png?fit=2032%2C917&ssl=1","contentUrl":"https:\/\/i0.wp.com\/truusk.store\/wp-content\/uploads\/2026\/03\/cropped-TRUUSK.png?fit=2032%2C917&ssl=1","width":2032,"height":917,"caption":"TRUUSK - Hem, Tr\u00e4dg\u00e5rd & Fritid"},"image":{"@id":"https:\/\/truusk.store\/sv\/#\/schema\/logo\/image\/"}}]}},"jetpack_sharing_enabled":true,"_links":{"self":[{"href":"https:\/\/truusk.store\/sv\/wp-json\/wp\/v2\/product\/107630","targetHints":{"allow":["GET"]}}],"collection":[{"href":"https:\/\/truusk.store\/sv\/wp-json\/wp\/v2\/product"}],"about":[{"href":"https:\/\/truusk.store\/sv\/wp-json\/wp\/v2\/types\/product"}],"wp:featuredmedia":[{"embeddable":true,"href":"https:\/\/truusk.store\/sv\/wp-json\/wp\/v2\/media\/107614"}],"wp:attachment":[{"href":"https:\/\/truusk.store\/sv\/wp-json\/wp\/v2\/media?parent=107630"}],"wp:term":[{"taxonomy":"product_brand","embeddable":true,"href":"https:\/\/truusk.store\/sv\/wp-json\/wp\/v2\/product_brand?post=107630"},{"taxonomy":"product_cat","embeddable":true,"href":"https:\/\/truusk.store\/sv\/wp-json\/wp\/v2\/product_cat?post=107630"},{"taxonomy":"product_tag","embeddable":true,"href":"https:\/\/truusk.store\/sv\/wp-json\/wp\/v2\/product_tag?post=107630"}],"curies":[{"name":"wp","href":"https:\/\/api.w.org\/{rel}","templated":true}]}}