{"id":107641,"date":"2026-03-09T20:29:29","date_gmt":"2026-03-09T19:29:29","guid":{"rendered":"https:\/\/truusk.store\/product\/parasoll-200-x-150-x-235-cm-justerbar-tradgardsparasoll-3-stegs-installbar-rektangular-strandparasoll-vattenavvisande-och-uv-resistent-for-strand-balkong-terrass-tradgard-gron\/"},"modified":"2026-03-12T08:57:43","modified_gmt":"2026-03-12T07:57:43","slug":"truusk-justerbar-tradgardsparasoll-200-x-150-x-235-cm-3-stegs-installbar-vattenavvisande-och-uv-resistent-for-strand","status":"publish","type":"product","link":"https:\/\/truusk.store\/sv\/produkt\/truusk-justerbar-tradgardsparasoll-200-x-150-x-235-cm-3-stegs-installbar-vattenavvisande-och-uv-resistent-for-strand\/","title":{"rendered":"TRUUSK Justerbar Tr\u00e4dg\u00e5rdsparasoll 200 x 150 x 235 cm &#8211; 3-stegs Inst\u00e4llbar &#8211; Vattenavvisande och UV-resistent &#8211; F\u00f6r Strand,"},"content":{"rendered":"<p>Den rektangul\u00e4ra parasollen fr\u00e5n [BRAND NAME] \u00e4r idealisk f\u00f6r din balkong, tr\u00e4dg\u00e5rd, terrass eller strand. Mittenst\u00e5ngen \u00e4r gjord av stabilt grantr\u00e4 och har en lutningsanordning. P\u00e5 s\u00e5 s\u00e4tt kan du alltid justera parasollen efter solens position och dina behov. Med denna praktiska och vackra parasoll kan du njuta av den varma s\u00e4songen till fullo.<\/p>\n<p>Beskrivning:<\/p>\n<ul>\n<li> Parasoll med lutningsanordning f\u00f6r balkong, tr\u00e4dg\u00e5rd och terrass<\/li>\n<li> Parasollstolpe av grantr\u00e4, extremt robust<\/li>\n<li> 6 bambuspj\u00e4ser f\u00f6r h\u00f6g stabilitet<\/li>\n<li> Parasoll\u00f6verdrag av polyester, vattenavvisande och UV-resistent<\/li>\n<li> Repdragningssystem f\u00f6r enkel \u00f6ppning och st\u00e4ngning<\/li>\n<li> Ytterligare stabilitet kan uppn\u00e5s till exempel genom att anv\u00e4nda ett bord med parasollf\u00e4ste, en bas eller en parasollst\u00e4llning.<\/li>\n<\/ul>\n<p> Tekniska data:<\/p>\n<ul>\n<li> Material: Grantr\u00e4 (parasollstolpe), bambu (pj\u00e4ser), polyester (180 g\/m\u00b2)<\/li>\n<li> Storlek: L200 x B150 x H235 cm<\/li>\n<li> R\u00f6rdiameter: 38 mm<\/li>\n<li> Antal pj\u00e4ser: 6<\/li>\n<li> Vikt: ca 4,5 kg<\/li>\n<li> F\u00e4rg: Gr\u00f6n<\/li>\n<li> Obs: Endast parasoll. F\u00f6r optimal stabilitet rekommenderas en 15 kg tung parasollst\u00e4llning<\/li>\n<\/ul>\n<p>Leveransinneh\u00e5ll:<\/p>\n<ul>\n<li> 1 x Parasoll<\/li>\n<li> Observera: Parasollst\u00e4llning ing\u00e5r inte i leveransen<\/li>\n<\/ul>\n","protected":false},"excerpt":{"rendered":"<p>Den rektangul\u00e4ra parasollen fr\u00e5n [BRAND NAME] \u00e4r idealisk f\u00f6r din balkong, tr\u00e4dg\u00e5rd, terrass eller strand. Mittenst\u00e5ngen \u00e4r gjord av stabilt&#8230;<\/p>\n","protected":false},"featured_media":107632,"template":"","meta":[],"product_brand":[],"product_cat":[472,862,858],"product_tag":[],"class_list":{"0":"post-107641","1":"product","2":"type-product","3":"status-publish","4":"has-post-thumbnail","6":"product_cat-parasoller","7":"product_cat-sol-insynsskydd","8":"product_cat-tradgard-terrass","10":"first","11":"instock","12":"sale","13":"taxable","14":"shipping-taxable","15":"purchasable","16":"product-type-simple"},"yoast_head":"<!-- This site is optimized with the Yoast SEO plugin v25.4 - https:\/\/yoast.com\/wordpress\/plugins\/seo\/ -->\n<title>TRUUSK Justerbar Tr\u00e4dg\u00e5rdsparasoll 200 x 150 x 235 cm - 3-stegs Inst\u00e4llbar - Vattenavvisande och UV-resistent - F\u00f6r Strand, - TRUUSK - Hem, Tr\u00e4dg\u00e5rd &amp; Fritid<\/title>\n<meta name=\"robots\" content=\"index, follow, max-snippet:-1, max-image-preview:large, max-video-preview:-1\" \/>\n<link rel=\"canonical\" href=\"https:\/\/truusk.store\/sv\/produkt\/truusk-justerbar-tradgardsparasoll-200-x-150-x-235-cm-3-stegs-installbar-vattenavvisande-och-uv-resistent-for-strand\/\" \/>\n<meta property=\"og:locale\" content=\"sv_SE\" \/>\n<meta property=\"og:type\" content=\"article\" \/>\n<meta property=\"og:title\" content=\"TRUUSK Justerbar Tr\u00e4dg\u00e5rdsparasoll 200 x 150 x 235 cm - 3-stegs Inst\u00e4llbar - Vattenavvisande och UV-resistent - F\u00f6r Strand, - TRUUSK - Hem, Tr\u00e4dg\u00e5rd &amp; Fritid\" \/>\n<meta property=\"og:description\" content=\"Den rektangul\u00e4ra parasollen fr\u00e5n [BRAND NAME] \u00e4r idealisk f\u00f6r din balkong, tr\u00e4dg\u00e5rd, terrass eller strand. Mittenst\u00e5ngen \u00e4r gjord av stabilt...\" \/>\n<meta property=\"og:url\" content=\"https:\/\/truusk.store\/sv\/produkt\/truusk-justerbar-tradgardsparasoll-200-x-150-x-235-cm-3-stegs-installbar-vattenavvisande-och-uv-resistent-for-strand\/\" \/>\n<meta property=\"og:site_name\" content=\"TRUUSK - Hem, Tr\u00e4dg\u00e5rd &amp; Fritid\" \/>\n<meta property=\"article:modified_time\" content=\"2026-03-12T07:57:43+00:00\" \/>\n<meta property=\"og:image\" content=\"https:\/\/i0.wp.com\/truusk.se\/wp-content\/uploads\/2026\/03\/parasoll-200-x-150-x-235-cm-justerbar-tradgardsparasoll-3-stegs-installbar-rektangular-strandparasoll-vattenavvisande-och-uv-resistent-for-strand-balkong-terrass-tradgard-gron-1.webp?fit=2000%2C2000&ssl=1\" \/>\n\t<meta property=\"og:image:width\" content=\"2000\" \/>\n\t<meta property=\"og:image:height\" content=\"2000\" \/>\n\t<meta property=\"og:image:type\" content=\"image\/webp\" \/>\n<meta name=\"twitter:card\" content=\"summary_large_image\" \/>\n<meta name=\"twitter:label1\" content=\"Ber\u00e4knad l\u00e4stid\" \/>\n\t<meta name=\"twitter:data1\" content=\"1 minut\" \/>\n<!-- \/ Yoast SEO plugin. -->","yoast_head_json":{"title":"TRUUSK Justerbar Tr\u00e4dg\u00e5rdsparasoll 200 x 150 x 235 cm - 3-stegs Inst\u00e4llbar - Vattenavvisande och UV-resistent - F\u00f6r Strand, - TRUUSK - Hem, Tr\u00e4dg\u00e5rd &amp; Fritid","robots":{"index":"index","follow":"follow","max-snippet":"max-snippet:-1","max-image-preview":"max-image-preview:large","max-video-preview":"max-video-preview:-1"},"canonical":"https:\/\/truusk.store\/sv\/produkt\/truusk-justerbar-tradgardsparasoll-200-x-150-x-235-cm-3-stegs-installbar-vattenavvisande-och-uv-resistent-for-strand\/","og_locale":"sv_SE","og_type":"article","og_title":"TRUUSK Justerbar Tr\u00e4dg\u00e5rdsparasoll 200 x 150 x 235 cm - 3-stegs Inst\u00e4llbar - Vattenavvisande och UV-resistent - F\u00f6r Strand, - TRUUSK - Hem, Tr\u00e4dg\u00e5rd &amp; Fritid","og_description":"Den rektangul\u00e4ra parasollen fr\u00e5n [BRAND NAME] \u00e4r idealisk f\u00f6r din balkong, tr\u00e4dg\u00e5rd, terrass eller strand. Mittenst\u00e5ngen \u00e4r gjord av stabilt...","og_url":"https:\/\/truusk.store\/sv\/produkt\/truusk-justerbar-tradgardsparasoll-200-x-150-x-235-cm-3-stegs-installbar-vattenavvisande-och-uv-resistent-for-strand\/","og_site_name":"TRUUSK - Hem, Tr\u00e4dg\u00e5rd &amp; Fritid","article_modified_time":"2026-03-12T07:57:43+00:00","og_image":[{"width":2000,"height":2000,"url":"https:\/\/i0.wp.com\/truusk.se\/wp-content\/uploads\/2026\/03\/parasoll-200-x-150-x-235-cm-justerbar-tradgardsparasoll-3-stegs-installbar-rektangular-strandparasoll-vattenavvisande-och-uv-resistent-for-strand-balkong-terrass-tradgard-gron-1.webp?fit=2000%2C2000&ssl=1","type":"image\/webp"}],"twitter_card":"summary_large_image","twitter_misc":{"Ber\u00e4knad l\u00e4stid":"1 minut"},"schema":{"@context":"https:\/\/schema.org","@graph":[{"@type":"WebPage","@id":"https:\/\/truusk.store\/sv\/produkt\/truusk-justerbar-tradgardsparasoll-200-x-150-x-235-cm-3-stegs-installbar-vattenavvisande-och-uv-resistent-for-strand\/","url":"https:\/\/truusk.store\/sv\/produkt\/truusk-justerbar-tradgardsparasoll-200-x-150-x-235-cm-3-stegs-installbar-vattenavvisande-och-uv-resistent-for-strand\/","name":"TRUUSK Justerbar Tr\u00e4dg\u00e5rdsparasoll 200 x 150 x 235 cm - 3-stegs Inst\u00e4llbar - Vattenavvisande och UV-resistent - F\u00f6r Strand, - TRUUSK - Hem, Tr\u00e4dg\u00e5rd &amp; Fritid","isPartOf":{"@id":"https:\/\/truusk.store\/sv\/#website"},"primaryImageOfPage":{"@id":"https:\/\/truusk.store\/sv\/produkt\/truusk-justerbar-tradgardsparasoll-200-x-150-x-235-cm-3-stegs-installbar-vattenavvisande-och-uv-resistent-for-strand\/#primaryimage"},"image":{"@id":"https:\/\/truusk.store\/sv\/produkt\/truusk-justerbar-tradgardsparasoll-200-x-150-x-235-cm-3-stegs-installbar-vattenavvisande-och-uv-resistent-for-strand\/#primaryimage"},"thumbnailUrl":"https:\/\/i0.wp.com\/truusk.store\/wp-content\/uploads\/2026\/03\/parasoll-200-x-150-x-235-cm-justerbar-tradgardsparasoll-3-stegs-installbar-rektangular-strandparasoll-vattenavvisande-och-uv-resistent-for-strand-balkong-terrass-tradgard-gron-1.webp?fit=2000%2C2000&ssl=1","datePublished":"2026-03-09T19:29:29+00:00","dateModified":"2026-03-12T07:57:43+00:00","breadcrumb":{"@id":"https:\/\/truusk.store\/sv\/produkt\/truusk-justerbar-tradgardsparasoll-200-x-150-x-235-cm-3-stegs-installbar-vattenavvisande-och-uv-resistent-for-strand\/#breadcrumb"},"inLanguage":"sv-SE","potentialAction":[{"@type":"ReadAction","target":["https:\/\/truusk.store\/sv\/produkt\/truusk-justerbar-tradgardsparasoll-200-x-150-x-235-cm-3-stegs-installbar-vattenavvisande-och-uv-resistent-for-strand\/"]}]},{"@type":"ImageObject","inLanguage":"sv-SE","@id":"https:\/\/truusk.store\/sv\/produkt\/truusk-justerbar-tradgardsparasoll-200-x-150-x-235-cm-3-stegs-installbar-vattenavvisande-och-uv-resistent-for-strand\/#primaryimage","url":"https:\/\/i0.wp.com\/truusk.store\/wp-content\/uploads\/2026\/03\/parasoll-200-x-150-x-235-cm-justerbar-tradgardsparasoll-3-stegs-installbar-rektangular-strandparasoll-vattenavvisande-och-uv-resistent-for-strand-balkong-terrass-tradgard-gron-1.webp?fit=2000%2C2000&ssl=1","contentUrl":"https:\/\/i0.wp.com\/truusk.store\/wp-content\/uploads\/2026\/03\/parasoll-200-x-150-x-235-cm-justerbar-tradgardsparasoll-3-stegs-installbar-rektangular-strandparasoll-vattenavvisande-och-uv-resistent-for-strand-balkong-terrass-tradgard-gron-1.webp?fit=2000%2C2000&ssl=1","width":2000,"height":2000},{"@type":"BreadcrumbList","@id":"https:\/\/truusk.store\/sv\/produkt\/truusk-justerbar-tradgardsparasoll-200-x-150-x-235-cm-3-stegs-installbar-vattenavvisande-och-uv-resistent-for-strand\/#breadcrumb","itemListElement":[{"@type":"ListItem","position":1,"name":"Home","item":"https:\/\/truusk.store\/sv\/"},{"@type":"ListItem","position":2,"name":"Shop","item":"https:\/\/truusk.store\/shop\/"},{"@type":"ListItem","position":3,"name":"TRUUSK Justerbar Tr\u00e4dg\u00e5rdsparasoll 200 x 150 x 235 cm &#8211; 3-stegs Inst\u00e4llbar &#8211; Vattenavvisande och UV-resistent &#8211; F\u00f6r Strand,"}]},{"@type":"WebSite","@id":"https:\/\/truusk.store\/sv\/#website","url":"https:\/\/truusk.store\/sv\/","name":"TRUUSK - Hem, Tr\u00e4dg\u00e5rd & Fritid","description":"","publisher":{"@id":"https:\/\/truusk.store\/sv\/#organization"},"potentialAction":[{"@type":"SearchAction","target":{"@type":"EntryPoint","urlTemplate":"https:\/\/truusk.store\/sv\/?s={search_term_string}"},"query-input":{"@type":"PropertyValueSpecification","valueRequired":true,"valueName":"search_term_string"}}],"inLanguage":"sv-SE"},{"@type":"Organization","@id":"https:\/\/truusk.store\/sv\/#organization","name":"TRUUSK - Hem, Tr\u00e4dg\u00e5rd & Fritid","url":"https:\/\/truusk.store\/sv\/","logo":{"@type":"ImageObject","inLanguage":"sv-SE","@id":"https:\/\/truusk.store\/sv\/#\/schema\/logo\/image\/","url":"https:\/\/i0.wp.com\/truusk.store\/wp-content\/uploads\/2026\/03\/cropped-TRUUSK.png?fit=2032%2C917&ssl=1","contentUrl":"https:\/\/i0.wp.com\/truusk.store\/wp-content\/uploads\/2026\/03\/cropped-TRUUSK.png?fit=2032%2C917&ssl=1","width":2032,"height":917,"caption":"TRUUSK - Hem, Tr\u00e4dg\u00e5rd & Fritid"},"image":{"@id":"https:\/\/truusk.store\/sv\/#\/schema\/logo\/image\/"}}]}},"jetpack_sharing_enabled":true,"_links":{"self":[{"href":"https:\/\/truusk.store\/sv\/wp-json\/wp\/v2\/product\/107641","targetHints":{"allow":["GET"]}}],"collection":[{"href":"https:\/\/truusk.store\/sv\/wp-json\/wp\/v2\/product"}],"about":[{"href":"https:\/\/truusk.store\/sv\/wp-json\/wp\/v2\/types\/product"}],"wp:featuredmedia":[{"embeddable":true,"href":"https:\/\/truusk.store\/sv\/wp-json\/wp\/v2\/media\/107632"}],"wp:attachment":[{"href":"https:\/\/truusk.store\/sv\/wp-json\/wp\/v2\/media?parent=107641"}],"wp:term":[{"taxonomy":"product_brand","embeddable":true,"href":"https:\/\/truusk.store\/sv\/wp-json\/wp\/v2\/product_brand?post=107641"},{"taxonomy":"product_cat","embeddable":true,"href":"https:\/\/truusk.store\/sv\/wp-json\/wp\/v2\/product_cat?post=107641"},{"taxonomy":"product_tag","embeddable":true,"href":"https:\/\/truusk.store\/sv\/wp-json\/wp\/v2\/product_tag?post=107641"}],"curies":[{"name":"wp","href":"https:\/\/api.w.org\/{rel}","templated":true}]}}