{"id":107654,"date":"2026-03-11T12:17:32","date_gmt":"2026-03-11T11:17:32","guid":{"rendered":"https:\/\/truusk.store\/product\/verktygsskap-verktygslada-5-lador-rullbar-stal-bla\/"},"modified":"2026-03-12T09:05:12","modified_gmt":"2026-03-12T08:05:12","slug":"truusk-verktygsskap-5-lador-rullbar-stal-bla","status":"publish","type":"product","link":"https:\/\/truusk.store\/sv\/produkt\/truusk-verktygsskap-5-lador-rullbar-stal-bla\/","title":{"rendered":"TRUUSK Verktygssk\u00e5p &#8211; 5 L\u00e5dor &#8211; Rullbar &#8211; St\u00e5l &#8211; Bl\u00e5"},"content":{"rendered":"<p>Uppt\u00e4ck denna [BRAND NAME] verktygsvagn f\u00f6r s\u00e4ker f\u00f6rvaring av din professionella utrustning. Med en femstegsdesign erbjuder den tre sm\u00e5 och tv\u00e5 stora l\u00e5dor, vilket ger gott om utrymme f\u00f6r att organisera dina verktyg. I varje l\u00e5da finns en EVA-matta som absorberar \u00f6verfl\u00f6dig olja och v\u00e4tskor, vilket f\u00f6rl\u00e4nger verktygsvagnens livsl\u00e4ngd. Utrustad med fyra hjul och ett sidohandtag, kan den enkelt man\u00f6vreras.<\/p>\n<p>Beskrivning:<\/p>\n<ul>\n<li> Idealisk f\u00f6r att s\u00e4kert f\u00f6rvara dina verktyg och utrustning i garaget eller verkstaden<\/li>\n<li> Har tre sm\u00e5 och tv\u00e5 stora l\u00e5dor<\/li>\n<li> Verktygsvagnens robusta och stabila st\u00e5lkropp \u00e4r h\u00e5llbar och garanterar en p\u00e5litlig anv\u00e4ndning i vardagen<\/li>\n<li> Sidohandtag och fyra hjul p\u00e5 verktygsvagnen f\u00f6r enkel f\u00f6rflyttning av enheten<\/li>\n<li> EVA-matta i varje l\u00e5da p\u00e5 verktygsvagnen absorberar olja och v\u00e4tskor f\u00f6r att h\u00e5lla insidan ren<\/li>\n<li> Kan l\u00e5sas, levereras med tv\u00e5 nycklar<\/li>\n<li> Montering kr\u00e4vs<\/li>\n<\/ul>\n<p> Tekniska specifikationer:<\/p>\n<ul>\n<li> F\u00e4rg: Bl\u00e5<\/li>\n<li> Material: St\u00e5l<\/li>\n<li> M\u00e5tt: 61,5L x 33B x 82,5H cm (utan handtag)<\/li>\n<li> Liten l\u00e5da: 51L x 27,5B x 8,5H cm<\/li>\n<li> Stor l\u00e5da: 51L x 27,5B x 17H cm<\/li>\n<li> Arbetsplatsstorlek: (med handtag) 68L x 33B cm<\/li>\n<li> B\u00e4rkapacitet: (Liten l\u00e5da) 10 kg, (Stor l\u00e5da) 20 kg<\/li>\n<\/ul>\n<p>Leveransinneh\u00e5ll:<\/p>\n<ul>\n<li> 1 x Verktygsvagn<\/li>\n<li> 2 x Nycklar<\/li>\n<li> 1 x Handbok<\/li>\n<\/ul>\n","protected":false},"excerpt":{"rendered":"<p>Uppt\u00e4ck denna [BRAND NAME] verktygsvagn f\u00f6r s\u00e4ker f\u00f6rvaring av din professionella utrustning. Med en femstegsdesign erbjuder den tre sm\u00e5 och&#8230;<\/p>\n","protected":false},"featured_media":107642,"template":"","meta":[],"product_brand":[],"product_cat":[867,898,899],"product_tag":[],"class_list":{"0":"post-107654","1":"product","2":"type-product","3":"status-publish","4":"has-post-thumbnail","6":"product_cat-byggmarknad","7":"product_cat-gor-det-sjalv","8":"product_cat-organiseringssystemer","10":"first","11":"instock","12":"sale","13":"taxable","14":"shipping-taxable","15":"purchasable","16":"product-type-simple"},"yoast_head":"<!-- This site is optimized with the Yoast SEO plugin v25.4 - https:\/\/yoast.com\/wordpress\/plugins\/seo\/ -->\n<title>TRUUSK Verktygssk\u00e5p - 5 L\u00e5dor - Rullbar - St\u00e5l - Bl\u00e5 - TRUUSK - Hem, Tr\u00e4dg\u00e5rd &amp; Fritid<\/title>\n<meta name=\"robots\" content=\"index, follow, max-snippet:-1, max-image-preview:large, max-video-preview:-1\" \/>\n<link rel=\"canonical\" href=\"https:\/\/truusk.store\/sv\/produkt\/truusk-verktygsskap-5-lador-rullbar-stal-bla\/\" \/>\n<meta property=\"og:locale\" content=\"sv_SE\" \/>\n<meta property=\"og:type\" content=\"article\" \/>\n<meta property=\"og:title\" content=\"TRUUSK Verktygssk\u00e5p - 5 L\u00e5dor - Rullbar - St\u00e5l - Bl\u00e5 - TRUUSK - Hem, Tr\u00e4dg\u00e5rd &amp; Fritid\" \/>\n<meta property=\"og:description\" content=\"Uppt\u00e4ck denna [BRAND NAME] verktygsvagn f\u00f6r s\u00e4ker f\u00f6rvaring av din professionella utrustning. Med en femstegsdesign erbjuder den tre sm\u00e5 och...\" \/>\n<meta property=\"og:url\" content=\"https:\/\/truusk.store\/sv\/produkt\/truusk-verktygsskap-5-lador-rullbar-stal-bla\/\" \/>\n<meta property=\"og:site_name\" content=\"TRUUSK - Hem, Tr\u00e4dg\u00e5rd &amp; Fritid\" \/>\n<meta property=\"article:modified_time\" content=\"2026-03-12T08:05:12+00:00\" \/>\n<meta property=\"og:image\" content=\"https:\/\/i0.wp.com\/truusk.se\/wp-content\/uploads\/2026\/03\/verktygsskap-verktygslada-5-lador-rullbar-stal-bla-1.webp?fit=2000%2C2000&ssl=1\" \/>\n\t<meta property=\"og:image:width\" content=\"2000\" \/>\n\t<meta property=\"og:image:height\" content=\"2000\" \/>\n\t<meta property=\"og:image:type\" content=\"image\/webp\" \/>\n<meta name=\"twitter:card\" content=\"summary_large_image\" \/>\n<meta name=\"twitter:label1\" content=\"Ber\u00e4knad l\u00e4stid\" \/>\n\t<meta name=\"twitter:data1\" content=\"1 minut\" \/>\n<!-- \/ Yoast SEO plugin. -->","yoast_head_json":{"title":"TRUUSK Verktygssk\u00e5p - 5 L\u00e5dor - Rullbar - St\u00e5l - Bl\u00e5 - TRUUSK - Hem, Tr\u00e4dg\u00e5rd &amp; Fritid","robots":{"index":"index","follow":"follow","max-snippet":"max-snippet:-1","max-image-preview":"max-image-preview:large","max-video-preview":"max-video-preview:-1"},"canonical":"https:\/\/truusk.store\/sv\/produkt\/truusk-verktygsskap-5-lador-rullbar-stal-bla\/","og_locale":"sv_SE","og_type":"article","og_title":"TRUUSK Verktygssk\u00e5p - 5 L\u00e5dor - Rullbar - St\u00e5l - Bl\u00e5 - TRUUSK - Hem, Tr\u00e4dg\u00e5rd &amp; Fritid","og_description":"Uppt\u00e4ck denna [BRAND NAME] verktygsvagn f\u00f6r s\u00e4ker f\u00f6rvaring av din professionella utrustning. Med en femstegsdesign erbjuder den tre sm\u00e5 och...","og_url":"https:\/\/truusk.store\/sv\/produkt\/truusk-verktygsskap-5-lador-rullbar-stal-bla\/","og_site_name":"TRUUSK - Hem, Tr\u00e4dg\u00e5rd &amp; Fritid","article_modified_time":"2026-03-12T08:05:12+00:00","og_image":[{"width":2000,"height":2000,"url":"https:\/\/i0.wp.com\/truusk.se\/wp-content\/uploads\/2026\/03\/verktygsskap-verktygslada-5-lador-rullbar-stal-bla-1.webp?fit=2000%2C2000&ssl=1","type":"image\/webp"}],"twitter_card":"summary_large_image","twitter_misc":{"Ber\u00e4knad l\u00e4stid":"1 minut"},"schema":{"@context":"https:\/\/schema.org","@graph":[{"@type":"WebPage","@id":"https:\/\/truusk.store\/sv\/produkt\/truusk-verktygsskap-5-lador-rullbar-stal-bla\/","url":"https:\/\/truusk.store\/sv\/produkt\/truusk-verktygsskap-5-lador-rullbar-stal-bla\/","name":"TRUUSK Verktygssk\u00e5p - 5 L\u00e5dor - Rullbar - St\u00e5l - Bl\u00e5 - TRUUSK - Hem, Tr\u00e4dg\u00e5rd &amp; Fritid","isPartOf":{"@id":"https:\/\/truusk.store\/sv\/#website"},"primaryImageOfPage":{"@id":"https:\/\/truusk.store\/sv\/produkt\/truusk-verktygsskap-5-lador-rullbar-stal-bla\/#primaryimage"},"image":{"@id":"https:\/\/truusk.store\/sv\/produkt\/truusk-verktygsskap-5-lador-rullbar-stal-bla\/#primaryimage"},"thumbnailUrl":"https:\/\/i0.wp.com\/truusk.store\/wp-content\/uploads\/2026\/03\/verktygsskap-verktygslada-5-lador-rullbar-stal-bla-1.webp?fit=2000%2C2000&ssl=1","datePublished":"2026-03-11T11:17:32+00:00","dateModified":"2026-03-12T08:05:12+00:00","breadcrumb":{"@id":"https:\/\/truusk.store\/sv\/produkt\/truusk-verktygsskap-5-lador-rullbar-stal-bla\/#breadcrumb"},"inLanguage":"sv-SE","potentialAction":[{"@type":"ReadAction","target":["https:\/\/truusk.store\/sv\/produkt\/truusk-verktygsskap-5-lador-rullbar-stal-bla\/"]}]},{"@type":"ImageObject","inLanguage":"sv-SE","@id":"https:\/\/truusk.store\/sv\/produkt\/truusk-verktygsskap-5-lador-rullbar-stal-bla\/#primaryimage","url":"https:\/\/i0.wp.com\/truusk.store\/wp-content\/uploads\/2026\/03\/verktygsskap-verktygslada-5-lador-rullbar-stal-bla-1.webp?fit=2000%2C2000&ssl=1","contentUrl":"https:\/\/i0.wp.com\/truusk.store\/wp-content\/uploads\/2026\/03\/verktygsskap-verktygslada-5-lador-rullbar-stal-bla-1.webp?fit=2000%2C2000&ssl=1","width":2000,"height":2000},{"@type":"BreadcrumbList","@id":"https:\/\/truusk.store\/sv\/produkt\/truusk-verktygsskap-5-lador-rullbar-stal-bla\/#breadcrumb","itemListElement":[{"@type":"ListItem","position":1,"name":"Home","item":"https:\/\/truusk.store\/sv\/"},{"@type":"ListItem","position":2,"name":"Shop","item":"https:\/\/truusk.store\/shop\/"},{"@type":"ListItem","position":3,"name":"TRUUSK Verktygssk\u00e5p &#8211; 5 L\u00e5dor &#8211; Rullbar &#8211; St\u00e5l &#8211; Bl\u00e5"}]},{"@type":"WebSite","@id":"https:\/\/truusk.store\/sv\/#website","url":"https:\/\/truusk.store\/sv\/","name":"TRUUSK - Hem, Tr\u00e4dg\u00e5rd & Fritid","description":"","publisher":{"@id":"https:\/\/truusk.store\/sv\/#organization"},"potentialAction":[{"@type":"SearchAction","target":{"@type":"EntryPoint","urlTemplate":"https:\/\/truusk.store\/sv\/?s={search_term_string}"},"query-input":{"@type":"PropertyValueSpecification","valueRequired":true,"valueName":"search_term_string"}}],"inLanguage":"sv-SE"},{"@type":"Organization","@id":"https:\/\/truusk.store\/sv\/#organization","name":"TRUUSK - Hem, Tr\u00e4dg\u00e5rd & Fritid","url":"https:\/\/truusk.store\/sv\/","logo":{"@type":"ImageObject","inLanguage":"sv-SE","@id":"https:\/\/truusk.store\/sv\/#\/schema\/logo\/image\/","url":"https:\/\/i0.wp.com\/truusk.store\/wp-content\/uploads\/2026\/03\/cropped-TRUUSK.png?fit=2032%2C917&ssl=1","contentUrl":"https:\/\/i0.wp.com\/truusk.store\/wp-content\/uploads\/2026\/03\/cropped-TRUUSK.png?fit=2032%2C917&ssl=1","width":2032,"height":917,"caption":"TRUUSK - Hem, Tr\u00e4dg\u00e5rd & Fritid"},"image":{"@id":"https:\/\/truusk.store\/sv\/#\/schema\/logo\/image\/"}}]}},"jetpack_sharing_enabled":true,"_links":{"self":[{"href":"https:\/\/truusk.store\/sv\/wp-json\/wp\/v2\/product\/107654","targetHints":{"allow":["GET"]}}],"collection":[{"href":"https:\/\/truusk.store\/sv\/wp-json\/wp\/v2\/product"}],"about":[{"href":"https:\/\/truusk.store\/sv\/wp-json\/wp\/v2\/types\/product"}],"wp:featuredmedia":[{"embeddable":true,"href":"https:\/\/truusk.store\/sv\/wp-json\/wp\/v2\/media\/107642"}],"wp:attachment":[{"href":"https:\/\/truusk.store\/sv\/wp-json\/wp\/v2\/media?parent=107654"}],"wp:term":[{"taxonomy":"product_brand","embeddable":true,"href":"https:\/\/truusk.store\/sv\/wp-json\/wp\/v2\/product_brand?post=107654"},{"taxonomy":"product_cat","embeddable":true,"href":"https:\/\/truusk.store\/sv\/wp-json\/wp\/v2\/product_cat?post=107654"},{"taxonomy":"product_tag","embeddable":true,"href":"https:\/\/truusk.store\/sv\/wp-json\/wp\/v2\/product_tag?post=107654"}],"curies":[{"name":"wp","href":"https:\/\/api.w.org\/{rel}","templated":true}]}}