{"id":107661,"date":"2026-03-11T12:18:26","date_gmt":"2026-03-11T11:18:26","guid":{"rendered":"https:\/\/truusk.store\/product\/parasollfot-av-cement-14kg-rund-parasollfot-med-rattanlook-for-solparasoll-35mm-38mm-48mm-rordiameter\/"},"modified":"2026-03-12T09:06:06","modified_gmt":"2026-03-12T08:06:06","slug":"truusk-parasollfot-av-cement-14kg-rund-parasollfot-med-rattanlook-for-solparasoll-35mm-38mm-48mm-rordiameter-stabil-och","status":"publish","type":"product","link":"https:\/\/truusk.store\/sv\/produkt\/truusk-parasollfot-av-cement-14kg-rund-parasollfot-med-rattanlook-for-solparasoll-35mm-38mm-48mm-rordiameter-stabil-och\/","title":{"rendered":"TRUUSK Parasollfot av Cement 14kg &#8211; Rund Parasollfot med Rattanlook &#8211; F\u00f6r Solparasoll 35mm\/38mm\/48mm &#8211; R\u00f6rdiameter &#8211; Stabil och"},"content":{"rendered":"<p>Njut av utomhuslivet med denna balkongparasollfot i antik brons. Rottningliknande m\u00f6nstret passar perfekt till tr\u00e4dg\u00e5rd eller terrass. Parasollfoten fixerar s\u00e4kert, ger skugga och skapar en avslappnad oas f\u00f6r bekymmersfria dagar utomhus.<\/p>\n<p>Beskrivning:<\/p>\n<ul>\n<li> Robust konstruktion av HDPE, cement och metall f\u00f6r m\u00e5nga \u00e5rs anv\u00e4ndning<\/li>\n<li> En anv\u00e4ndbar till\u00e4gg till tr\u00e4dg\u00e5rd, terrass eller andra utomhusomr\u00e5den<\/li>\n<li> Med en egen vikt p\u00e5 14 kg f\u00f6rhindrar balkongparasollfoten att parasollet v\u00e4lter<\/li>\n<li> Ingen fyllning med sand eller vatten beh\u00f6vs<\/li>\n<li> Vacker dekorativ rottningliknande yta<\/li>\n<li> Passar f\u00f6r parasollst\u00e4nger med en diameter p\u00e5 35 mm, 38 mm och 48 mm, enkelt justerbar med l\u00e5sknapp<\/li>\n<li> Enkel att montera<\/li>\n<\/ul>\n<p> Tekniska data:<\/p>\n<ul>\n<li> F\u00e4rg: Brons<\/li>\n<li> Material: Cement, HDPE<\/li>\n<li> Totala dimensioner: \u00d848 x 34H cm<\/li>\n<li> Basdimensioner: \u00d848 x 7,5H cm<\/li>\n<li> R\u00f6rdimensioner: \u00d85,8 x 25H cm<\/li>\n<li> L\u00e4mplig f\u00f6r st\u00e4nger: \u00d835 mm, \u00d838 mm, \u00d848 mm<\/li>\n<li> Netto vikt: 14 kg<\/li>\n<\/ul>\n<p>Leveransinneh\u00e5ll:<\/p>\n<ul>\n<li> 1 x Parasollfot<\/li>\n<li> 1 x Instruktion<\/li>\n<\/ul>\n","protected":false},"excerpt":{"rendered":"<p>Njut av utomhuslivet med denna balkongparasollfot i antik brons. Rottningliknande m\u00f6nstret passar perfekt till tr\u00e4dg\u00e5rd eller terrass. Parasollfoten fixerar s\u00e4kert,&#8230;<\/p>\n","protected":false},"featured_media":107649,"template":"","meta":[],"product_brand":[],"product_cat":[886,862,885,858],"product_tag":[],"class_list":{"0":"post-107661","1":"product","2":"type-product","3":"status-publish","4":"has-post-thumbnail","6":"product_cat-schirmstander","7":"product_cat-sol-insynsskydd","8":"product_cat-tillbehor-till-parasoller","9":"product_cat-tradgard-terrass","11":"first","12":"instock","13":"sale","14":"taxable","15":"shipping-taxable","16":"purchasable","17":"product-type-simple"},"yoast_head":"<!-- This site is optimized with the Yoast SEO plugin v25.4 - https:\/\/yoast.com\/wordpress\/plugins\/seo\/ -->\n<title>TRUUSK Parasollfot av Cement 14kg - Rund Parasollfot med Rattanlook - F\u00f6r Solparasoll 35mm\/38mm\/48mm - R\u00f6rdiameter - Stabil och - TRUUSK - Hem, Tr\u00e4dg\u00e5rd &amp; Fritid<\/title>\n<meta name=\"robots\" content=\"index, follow, max-snippet:-1, max-image-preview:large, max-video-preview:-1\" \/>\n<link rel=\"canonical\" href=\"https:\/\/truusk.store\/sv\/produkt\/truusk-parasollfot-av-cement-14kg-rund-parasollfot-med-rattanlook-for-solparasoll-35mm-38mm-48mm-rordiameter-stabil-och\/\" \/>\n<meta property=\"og:locale\" content=\"sv_SE\" \/>\n<meta property=\"og:type\" content=\"article\" \/>\n<meta property=\"og:title\" content=\"TRUUSK Parasollfot av Cement 14kg - Rund Parasollfot med Rattanlook - F\u00f6r Solparasoll 35mm\/38mm\/48mm - R\u00f6rdiameter - Stabil och - TRUUSK - Hem, Tr\u00e4dg\u00e5rd &amp; Fritid\" \/>\n<meta property=\"og:description\" content=\"Njut av utomhuslivet med denna balkongparasollfot i antik brons. Rottningliknande m\u00f6nstret passar perfekt till tr\u00e4dg\u00e5rd eller terrass. Parasollfoten fixerar s\u00e4kert,...\" \/>\n<meta property=\"og:url\" content=\"https:\/\/truusk.store\/sv\/produkt\/truusk-parasollfot-av-cement-14kg-rund-parasollfot-med-rattanlook-for-solparasoll-35mm-38mm-48mm-rordiameter-stabil-och\/\" \/>\n<meta property=\"og:site_name\" content=\"TRUUSK - Hem, Tr\u00e4dg\u00e5rd &amp; Fritid\" \/>\n<meta property=\"article:modified_time\" content=\"2026-03-12T08:06:06+00:00\" \/>\n<meta property=\"og:image\" content=\"https:\/\/i0.wp.com\/truusk.se\/wp-content\/uploads\/2026\/03\/parasollfot-av-cement-14kg-rund-parasollfot-med-rattanlook-for-solparasoll-35mm-38mm-48mm-rordiameter-1.webp?fit=2000%2C2000&ssl=1\" \/>\n\t<meta property=\"og:image:width\" content=\"2000\" \/>\n\t<meta property=\"og:image:height\" content=\"2000\" \/>\n\t<meta property=\"og:image:type\" content=\"image\/webp\" \/>\n<meta name=\"twitter:card\" content=\"summary_large_image\" \/>\n<meta name=\"twitter:label1\" content=\"Ber\u00e4knad l\u00e4stid\" \/>\n\t<meta name=\"twitter:data1\" content=\"1 minut\" \/>\n<!-- \/ Yoast SEO plugin. -->","yoast_head_json":{"title":"TRUUSK Parasollfot av Cement 14kg - Rund Parasollfot med Rattanlook - F\u00f6r Solparasoll 35mm\/38mm\/48mm - R\u00f6rdiameter - Stabil och - TRUUSK - Hem, Tr\u00e4dg\u00e5rd &amp; Fritid","robots":{"index":"index","follow":"follow","max-snippet":"max-snippet:-1","max-image-preview":"max-image-preview:large","max-video-preview":"max-video-preview:-1"},"canonical":"https:\/\/truusk.store\/sv\/produkt\/truusk-parasollfot-av-cement-14kg-rund-parasollfot-med-rattanlook-for-solparasoll-35mm-38mm-48mm-rordiameter-stabil-och\/","og_locale":"sv_SE","og_type":"article","og_title":"TRUUSK Parasollfot av Cement 14kg - Rund Parasollfot med Rattanlook - F\u00f6r Solparasoll 35mm\/38mm\/48mm - R\u00f6rdiameter - Stabil och - TRUUSK - Hem, Tr\u00e4dg\u00e5rd &amp; Fritid","og_description":"Njut av utomhuslivet med denna balkongparasollfot i antik brons. Rottningliknande m\u00f6nstret passar perfekt till tr\u00e4dg\u00e5rd eller terrass. Parasollfoten fixerar s\u00e4kert,...","og_url":"https:\/\/truusk.store\/sv\/produkt\/truusk-parasollfot-av-cement-14kg-rund-parasollfot-med-rattanlook-for-solparasoll-35mm-38mm-48mm-rordiameter-stabil-och\/","og_site_name":"TRUUSK - Hem, Tr\u00e4dg\u00e5rd &amp; Fritid","article_modified_time":"2026-03-12T08:06:06+00:00","og_image":[{"width":2000,"height":2000,"url":"https:\/\/i0.wp.com\/truusk.se\/wp-content\/uploads\/2026\/03\/parasollfot-av-cement-14kg-rund-parasollfot-med-rattanlook-for-solparasoll-35mm-38mm-48mm-rordiameter-1.webp?fit=2000%2C2000&ssl=1","type":"image\/webp"}],"twitter_card":"summary_large_image","twitter_misc":{"Ber\u00e4knad l\u00e4stid":"1 minut"},"schema":{"@context":"https:\/\/schema.org","@graph":[{"@type":"WebPage","@id":"https:\/\/truusk.store\/sv\/produkt\/truusk-parasollfot-av-cement-14kg-rund-parasollfot-med-rattanlook-for-solparasoll-35mm-38mm-48mm-rordiameter-stabil-och\/","url":"https:\/\/truusk.store\/sv\/produkt\/truusk-parasollfot-av-cement-14kg-rund-parasollfot-med-rattanlook-for-solparasoll-35mm-38mm-48mm-rordiameter-stabil-och\/","name":"TRUUSK Parasollfot av Cement 14kg - Rund Parasollfot med Rattanlook - F\u00f6r Solparasoll 35mm\/38mm\/48mm - R\u00f6rdiameter - Stabil och - TRUUSK - Hem, Tr\u00e4dg\u00e5rd &amp; Fritid","isPartOf":{"@id":"https:\/\/truusk.store\/sv\/#website"},"primaryImageOfPage":{"@id":"https:\/\/truusk.store\/sv\/produkt\/truusk-parasollfot-av-cement-14kg-rund-parasollfot-med-rattanlook-for-solparasoll-35mm-38mm-48mm-rordiameter-stabil-och\/#primaryimage"},"image":{"@id":"https:\/\/truusk.store\/sv\/produkt\/truusk-parasollfot-av-cement-14kg-rund-parasollfot-med-rattanlook-for-solparasoll-35mm-38mm-48mm-rordiameter-stabil-och\/#primaryimage"},"thumbnailUrl":"https:\/\/i0.wp.com\/truusk.store\/wp-content\/uploads\/2026\/03\/parasollfot-av-cement-14kg-rund-parasollfot-med-rattanlook-for-solparasoll-35mm-38mm-48mm-rordiameter-1.webp?fit=2000%2C2000&ssl=1","datePublished":"2026-03-11T11:18:26+00:00","dateModified":"2026-03-12T08:06:06+00:00","breadcrumb":{"@id":"https:\/\/truusk.store\/sv\/produkt\/truusk-parasollfot-av-cement-14kg-rund-parasollfot-med-rattanlook-for-solparasoll-35mm-38mm-48mm-rordiameter-stabil-och\/#breadcrumb"},"inLanguage":"sv-SE","potentialAction":[{"@type":"ReadAction","target":["https:\/\/truusk.store\/sv\/produkt\/truusk-parasollfot-av-cement-14kg-rund-parasollfot-med-rattanlook-for-solparasoll-35mm-38mm-48mm-rordiameter-stabil-och\/"]}]},{"@type":"ImageObject","inLanguage":"sv-SE","@id":"https:\/\/truusk.store\/sv\/produkt\/truusk-parasollfot-av-cement-14kg-rund-parasollfot-med-rattanlook-for-solparasoll-35mm-38mm-48mm-rordiameter-stabil-och\/#primaryimage","url":"https:\/\/i0.wp.com\/truusk.store\/wp-content\/uploads\/2026\/03\/parasollfot-av-cement-14kg-rund-parasollfot-med-rattanlook-for-solparasoll-35mm-38mm-48mm-rordiameter-1.webp?fit=2000%2C2000&ssl=1","contentUrl":"https:\/\/i0.wp.com\/truusk.store\/wp-content\/uploads\/2026\/03\/parasollfot-av-cement-14kg-rund-parasollfot-med-rattanlook-for-solparasoll-35mm-38mm-48mm-rordiameter-1.webp?fit=2000%2C2000&ssl=1","width":2000,"height":2000},{"@type":"BreadcrumbList","@id":"https:\/\/truusk.store\/sv\/produkt\/truusk-parasollfot-av-cement-14kg-rund-parasollfot-med-rattanlook-for-solparasoll-35mm-38mm-48mm-rordiameter-stabil-och\/#breadcrumb","itemListElement":[{"@type":"ListItem","position":1,"name":"Home","item":"https:\/\/truusk.store\/sv\/"},{"@type":"ListItem","position":2,"name":"Shop","item":"https:\/\/truusk.store\/shop\/"},{"@type":"ListItem","position":3,"name":"TRUUSK Parasollfot av Cement 14kg &#8211; Rund Parasollfot med Rattanlook &#8211; F\u00f6r Solparasoll 35mm\/38mm\/48mm &#8211; R\u00f6rdiameter &#8211; Stabil och"}]},{"@type":"WebSite","@id":"https:\/\/truusk.store\/sv\/#website","url":"https:\/\/truusk.store\/sv\/","name":"TRUUSK - Hem, Tr\u00e4dg\u00e5rd & Fritid","description":"","publisher":{"@id":"https:\/\/truusk.store\/sv\/#organization"},"potentialAction":[{"@type":"SearchAction","target":{"@type":"EntryPoint","urlTemplate":"https:\/\/truusk.store\/sv\/?s={search_term_string}"},"query-input":{"@type":"PropertyValueSpecification","valueRequired":true,"valueName":"search_term_string"}}],"inLanguage":"sv-SE"},{"@type":"Organization","@id":"https:\/\/truusk.store\/sv\/#organization","name":"TRUUSK - Hem, Tr\u00e4dg\u00e5rd & Fritid","url":"https:\/\/truusk.store\/sv\/","logo":{"@type":"ImageObject","inLanguage":"sv-SE","@id":"https:\/\/truusk.store\/sv\/#\/schema\/logo\/image\/","url":"https:\/\/i0.wp.com\/truusk.store\/wp-content\/uploads\/2026\/03\/cropped-TRUUSK.png?fit=2032%2C917&ssl=1","contentUrl":"https:\/\/i0.wp.com\/truusk.store\/wp-content\/uploads\/2026\/03\/cropped-TRUUSK.png?fit=2032%2C917&ssl=1","width":2032,"height":917,"caption":"TRUUSK - Hem, Tr\u00e4dg\u00e5rd & Fritid"},"image":{"@id":"https:\/\/truusk.store\/sv\/#\/schema\/logo\/image\/"}}]}},"jetpack_sharing_enabled":true,"_links":{"self":[{"href":"https:\/\/truusk.store\/sv\/wp-json\/wp\/v2\/product\/107661","targetHints":{"allow":["GET"]}}],"collection":[{"href":"https:\/\/truusk.store\/sv\/wp-json\/wp\/v2\/product"}],"about":[{"href":"https:\/\/truusk.store\/sv\/wp-json\/wp\/v2\/types\/product"}],"wp:featuredmedia":[{"embeddable":true,"href":"https:\/\/truusk.store\/sv\/wp-json\/wp\/v2\/media\/107649"}],"wp:attachment":[{"href":"https:\/\/truusk.store\/sv\/wp-json\/wp\/v2\/media?parent=107661"}],"wp:term":[{"taxonomy":"product_brand","embeddable":true,"href":"https:\/\/truusk.store\/sv\/wp-json\/wp\/v2\/product_brand?post=107661"},{"taxonomy":"product_cat","embeddable":true,"href":"https:\/\/truusk.store\/sv\/wp-json\/wp\/v2\/product_cat?post=107661"},{"taxonomy":"product_tag","embeddable":true,"href":"https:\/\/truusk.store\/sv\/wp-json\/wp\/v2\/product_tag?post=107661"}],"curies":[{"name":"wp","href":"https:\/\/api.w.org\/{rel}","templated":true}]}}