{"id":107677,"date":"2026-03-11T12:24:57","date_gmt":"2026-03-11T11:24:57","guid":{"rendered":"https:\/\/truusk.store\/product\/luftkonditionering-med-vattenkylning-fjarrkontroll-3-lagen-3-hastigheter-12-timmars-timer-led-display-38x35x81-cm-vit\/"},"modified":"2026-03-12T09:10:40","modified_gmt":"2026-03-12T08:10:40","slug":"truusk-luftkonditionering-med-vattenkylning-fjarrkontroll-3-hastigheter-12-timmars-timer-led-display-vit","status":"publish","type":"product","link":"https:\/\/truusk.store\/sv\/produkt\/truusk-luftkonditionering-med-vattenkylning-fjarrkontroll-3-hastigheter-12-timmars-timer-led-display-vit\/","title":{"rendered":"TRUUSK Luftkonditionering Med Vattenkylning &#8211; Fj\u00e4rrkontroll &#8211; 3 Hastigheter &#8211; 12 Timmars Timer &#8211; LED-display &#8211; Vit"},"content":{"rendered":"<p>H\u00e5ll dig sval denna sommar med den b\u00e4rbara luftkonditioneringen fr\u00e5n [BRAND NAME]. Med isboxarna blir luften \u00e4nnu kallare och mer uppfriskande. V\u00e4lj mellan tre hastigheter och l\u00e4gen: normalt, naturligt eller s\u00f6mnl\u00e4ge. Timern \u00e4r perfekt f\u00f6r natten. Fl\u00e4kten med kylning sv\u00e4nger \u00e5t sidorna och kyler st\u00f6rre omr\u00e5den. Skaffa v\u00e5ra b\u00e4rbara kylare och njut av friskheten!<\/p>\n<p>Beskrivning:<\/p>\n<ul>\n<li> 4 funktioner: ventilerar, kyler med is, fuktar och anjoner, och fuktighetsfunktionen kan anv\u00e4ndas oberoende<\/li>\n<li> Unik kylteknik med isboxar f\u00f6r kallare luft<\/li>\n<li> Anjonfunktionen ger frisk inomhusluft<\/li>\n<li> 3 l\u00e4gen: normalt, naturligt och s\u00f6mn. 3 hastigheter: l\u00e5g, medium och h\u00f6g<\/li>\n<li> 60\u00b0-oscillationsfunktion t\u00e4cker ett stort omr\u00e5de, den vertikala riktningen av luftfl\u00f6det kan manuellt justeras genom att justera utloppslamellerna upp och ner<\/li>\n<li> 12-timmars timer fungerar i 1-timmars intervaller, perfekt f\u00f6r nattvila<\/li>\n<li> LED-display, kontrollpanel styr p\u00e5\/av, hastighet, l\u00e4gen, sv\u00e4ngfunktion, timer, iskylning, anjoner<\/li>\n<li> 2 styrningsalternativ: manuellt eller med fj\u00e4rrkontroll<\/li>\n<li> Sv\u00e4ngbara hjul med fyra l\u00e5sbromsar g\u00f6r det enkelt att flytta och omplacera<\/li>\n<li> Stor vattentank f\u00f6rhindrar st\u00e4ndig p\u00e5fyllning av vatten<\/li>\n<li> Synlig vattentank, praktisk f\u00f6r p\u00e5fyllning<\/li>\n<li> Montering kr\u00e4vs<\/li>\n<\/ul>\n<p> Tekniska data:<\/p>\n<ul>\n<li> F\u00e4rg: Vit<\/li>\n<li> Material: ABS<\/li>\n<li> Totala dimensioner: 38B x 35T x 81H cm<\/li>\n<li> Vattentank: 12 l<\/li>\n<li> L\u00e4ngd p\u00e5 n\u00e4tkabel: 1,45 m<\/li>\n<li> R\u00e4ckvidd f\u00f6r fj\u00e4rrkontroll: 5 m<\/li>\n<li> L\u00e4mplig f\u00f6r rum: 25-35\u33a1<\/li>\n<li> Sp\u00e4nning: 220-240V\/50HZ<\/li>\n<li> Effekt: 80W<\/li>\n<li> Batteri: (Fj\u00e4rrkontroll) CR2025-knappcell, en ing\u00e5r<\/li>\n<\/ul>\n<p>Leveransinneh\u00e5ll:<\/p>\n<ul>\n<li> 1 x Luftkylare<\/li>\n<li> 2 x Isbox<\/li>\n<li> 1 x Bruksanvisning<\/li>\n<li> 1 x Fj\u00e4rrkontroll<\/li>\n<\/ul>\n","protected":false},"excerpt":{"rendered":"<p>H\u00e5ll dig sval denna sommar med den b\u00e4rbara luftkonditioneringen fr\u00e5n [BRAND NAME]. Med isboxarna blir luften \u00e4nnu kallare och mer&#8230;<\/p>\n","protected":false},"featured_media":107662,"template":"","meta":[],"product_brand":[],"product_cat":[867,906,905],"product_tag":[],"class_list":{"0":"post-107677","1":"product","2":"type-product","3":"status-publish","4":"has-post-thumbnail","6":"product_cat-byggmarknad","7":"product_cat-flaktar-luftkonditionering","8":"product_cat-klimatkontroll-flaktar","10":"first","11":"instock","12":"sale","13":"taxable","14":"shipping-taxable","15":"purchasable","16":"product-type-simple"},"yoast_head":"<!-- This site is optimized with the Yoast SEO plugin v25.4 - https:\/\/yoast.com\/wordpress\/plugins\/seo\/ -->\n<title>TRUUSK Luftkonditionering Med Vattenkylning - Fj\u00e4rrkontroll - 3 Hastigheter - 12 Timmars Timer - LED-display - Vit - TRUUSK - Hem, Tr\u00e4dg\u00e5rd &amp; Fritid<\/title>\n<meta name=\"robots\" content=\"index, follow, max-snippet:-1, max-image-preview:large, max-video-preview:-1\" \/>\n<link rel=\"canonical\" href=\"https:\/\/truusk.store\/sv\/produkt\/truusk-luftkonditionering-med-vattenkylning-fjarrkontroll-3-hastigheter-12-timmars-timer-led-display-vit\/\" \/>\n<meta property=\"og:locale\" content=\"sv_SE\" \/>\n<meta property=\"og:type\" content=\"article\" \/>\n<meta property=\"og:title\" content=\"TRUUSK Luftkonditionering Med Vattenkylning - Fj\u00e4rrkontroll - 3 Hastigheter - 12 Timmars Timer - LED-display - Vit - TRUUSK - Hem, Tr\u00e4dg\u00e5rd &amp; Fritid\" \/>\n<meta property=\"og:description\" content=\"H\u00e5ll dig sval denna sommar med den b\u00e4rbara luftkonditioneringen fr\u00e5n [BRAND NAME]. Med isboxarna blir luften \u00e4nnu kallare och mer...\" \/>\n<meta property=\"og:url\" content=\"https:\/\/truusk.store\/sv\/produkt\/truusk-luftkonditionering-med-vattenkylning-fjarrkontroll-3-hastigheter-12-timmars-timer-led-display-vit\/\" \/>\n<meta property=\"og:site_name\" content=\"TRUUSK - Hem, Tr\u00e4dg\u00e5rd &amp; Fritid\" \/>\n<meta property=\"article:modified_time\" content=\"2026-03-12T08:10:40+00:00\" \/>\n<meta property=\"og:image\" content=\"https:\/\/i0.wp.com\/truusk.se\/wp-content\/uploads\/2026\/03\/luftkonditionering-med-vattenkylning-fjarrkontroll-3-lagen-3-hastigheter-12-timmars-timer-led-display-38x35x81-cm-vit-1.webp?fit=2000%2C2000&ssl=1\" \/>\n\t<meta property=\"og:image:width\" content=\"2000\" \/>\n\t<meta property=\"og:image:height\" content=\"2000\" \/>\n\t<meta property=\"og:image:type\" content=\"image\/webp\" \/>\n<meta name=\"twitter:card\" content=\"summary_large_image\" \/>\n<meta name=\"twitter:label1\" content=\"Ber\u00e4knad l\u00e4stid\" \/>\n\t<meta name=\"twitter:data1\" content=\"1 minut\" \/>\n<!-- \/ Yoast SEO plugin. -->","yoast_head_json":{"title":"TRUUSK Luftkonditionering Med Vattenkylning - Fj\u00e4rrkontroll - 3 Hastigheter - 12 Timmars Timer - LED-display - Vit - TRUUSK - Hem, Tr\u00e4dg\u00e5rd &amp; Fritid","robots":{"index":"index","follow":"follow","max-snippet":"max-snippet:-1","max-image-preview":"max-image-preview:large","max-video-preview":"max-video-preview:-1"},"canonical":"https:\/\/truusk.store\/sv\/produkt\/truusk-luftkonditionering-med-vattenkylning-fjarrkontroll-3-hastigheter-12-timmars-timer-led-display-vit\/","og_locale":"sv_SE","og_type":"article","og_title":"TRUUSK Luftkonditionering Med Vattenkylning - Fj\u00e4rrkontroll - 3 Hastigheter - 12 Timmars Timer - LED-display - Vit - TRUUSK - Hem, Tr\u00e4dg\u00e5rd &amp; Fritid","og_description":"H\u00e5ll dig sval denna sommar med den b\u00e4rbara luftkonditioneringen fr\u00e5n [BRAND NAME]. Med isboxarna blir luften \u00e4nnu kallare och mer...","og_url":"https:\/\/truusk.store\/sv\/produkt\/truusk-luftkonditionering-med-vattenkylning-fjarrkontroll-3-hastigheter-12-timmars-timer-led-display-vit\/","og_site_name":"TRUUSK - Hem, Tr\u00e4dg\u00e5rd &amp; Fritid","article_modified_time":"2026-03-12T08:10:40+00:00","og_image":[{"width":2000,"height":2000,"url":"https:\/\/i0.wp.com\/truusk.se\/wp-content\/uploads\/2026\/03\/luftkonditionering-med-vattenkylning-fjarrkontroll-3-lagen-3-hastigheter-12-timmars-timer-led-display-38x35x81-cm-vit-1.webp?fit=2000%2C2000&ssl=1","type":"image\/webp"}],"twitter_card":"summary_large_image","twitter_misc":{"Ber\u00e4knad l\u00e4stid":"1 minut"},"schema":{"@context":"https:\/\/schema.org","@graph":[{"@type":"WebPage","@id":"https:\/\/truusk.store\/sv\/produkt\/truusk-luftkonditionering-med-vattenkylning-fjarrkontroll-3-hastigheter-12-timmars-timer-led-display-vit\/","url":"https:\/\/truusk.store\/sv\/produkt\/truusk-luftkonditionering-med-vattenkylning-fjarrkontroll-3-hastigheter-12-timmars-timer-led-display-vit\/","name":"TRUUSK Luftkonditionering Med Vattenkylning - Fj\u00e4rrkontroll - 3 Hastigheter - 12 Timmars Timer - LED-display - Vit - TRUUSK - Hem, Tr\u00e4dg\u00e5rd &amp; Fritid","isPartOf":{"@id":"https:\/\/truusk.store\/sv\/#website"},"primaryImageOfPage":{"@id":"https:\/\/truusk.store\/sv\/produkt\/truusk-luftkonditionering-med-vattenkylning-fjarrkontroll-3-hastigheter-12-timmars-timer-led-display-vit\/#primaryimage"},"image":{"@id":"https:\/\/truusk.store\/sv\/produkt\/truusk-luftkonditionering-med-vattenkylning-fjarrkontroll-3-hastigheter-12-timmars-timer-led-display-vit\/#primaryimage"},"thumbnailUrl":"https:\/\/i0.wp.com\/truusk.store\/wp-content\/uploads\/2026\/03\/luftkonditionering-med-vattenkylning-fjarrkontroll-3-lagen-3-hastigheter-12-timmars-timer-led-display-38x35x81-cm-vit-1.webp?fit=2000%2C2000&ssl=1","datePublished":"2026-03-11T11:24:57+00:00","dateModified":"2026-03-12T08:10:40+00:00","breadcrumb":{"@id":"https:\/\/truusk.store\/sv\/produkt\/truusk-luftkonditionering-med-vattenkylning-fjarrkontroll-3-hastigheter-12-timmars-timer-led-display-vit\/#breadcrumb"},"inLanguage":"sv-SE","potentialAction":[{"@type":"ReadAction","target":["https:\/\/truusk.store\/sv\/produkt\/truusk-luftkonditionering-med-vattenkylning-fjarrkontroll-3-hastigheter-12-timmars-timer-led-display-vit\/"]}]},{"@type":"ImageObject","inLanguage":"sv-SE","@id":"https:\/\/truusk.store\/sv\/produkt\/truusk-luftkonditionering-med-vattenkylning-fjarrkontroll-3-hastigheter-12-timmars-timer-led-display-vit\/#primaryimage","url":"https:\/\/i0.wp.com\/truusk.store\/wp-content\/uploads\/2026\/03\/luftkonditionering-med-vattenkylning-fjarrkontroll-3-lagen-3-hastigheter-12-timmars-timer-led-display-38x35x81-cm-vit-1.webp?fit=2000%2C2000&ssl=1","contentUrl":"https:\/\/i0.wp.com\/truusk.store\/wp-content\/uploads\/2026\/03\/luftkonditionering-med-vattenkylning-fjarrkontroll-3-lagen-3-hastigheter-12-timmars-timer-led-display-38x35x81-cm-vit-1.webp?fit=2000%2C2000&ssl=1","width":2000,"height":2000},{"@type":"BreadcrumbList","@id":"https:\/\/truusk.store\/sv\/produkt\/truusk-luftkonditionering-med-vattenkylning-fjarrkontroll-3-hastigheter-12-timmars-timer-led-display-vit\/#breadcrumb","itemListElement":[{"@type":"ListItem","position":1,"name":"Home","item":"https:\/\/truusk.store\/sv\/"},{"@type":"ListItem","position":2,"name":"Shop","item":"https:\/\/truusk.store\/shop\/"},{"@type":"ListItem","position":3,"name":"TRUUSK Luftkonditionering Med Vattenkylning &#8211; Fj\u00e4rrkontroll &#8211; 3 Hastigheter &#8211; 12 Timmars Timer &#8211; LED-display &#8211; Vit"}]},{"@type":"WebSite","@id":"https:\/\/truusk.store\/sv\/#website","url":"https:\/\/truusk.store\/sv\/","name":"TRUUSK - Hem, Tr\u00e4dg\u00e5rd & Fritid","description":"","publisher":{"@id":"https:\/\/truusk.store\/sv\/#organization"},"potentialAction":[{"@type":"SearchAction","target":{"@type":"EntryPoint","urlTemplate":"https:\/\/truusk.store\/sv\/?s={search_term_string}"},"query-input":{"@type":"PropertyValueSpecification","valueRequired":true,"valueName":"search_term_string"}}],"inLanguage":"sv-SE"},{"@type":"Organization","@id":"https:\/\/truusk.store\/sv\/#organization","name":"TRUUSK - Hem, Tr\u00e4dg\u00e5rd & Fritid","url":"https:\/\/truusk.store\/sv\/","logo":{"@type":"ImageObject","inLanguage":"sv-SE","@id":"https:\/\/truusk.store\/sv\/#\/schema\/logo\/image\/","url":"https:\/\/i0.wp.com\/truusk.store\/wp-content\/uploads\/2026\/03\/cropped-TRUUSK.png?fit=2032%2C917&ssl=1","contentUrl":"https:\/\/i0.wp.com\/truusk.store\/wp-content\/uploads\/2026\/03\/cropped-TRUUSK.png?fit=2032%2C917&ssl=1","width":2032,"height":917,"caption":"TRUUSK - Hem, Tr\u00e4dg\u00e5rd & Fritid"},"image":{"@id":"https:\/\/truusk.store\/sv\/#\/schema\/logo\/image\/"}}]}},"jetpack_sharing_enabled":true,"_links":{"self":[{"href":"https:\/\/truusk.store\/sv\/wp-json\/wp\/v2\/product\/107677","targetHints":{"allow":["GET"]}}],"collection":[{"href":"https:\/\/truusk.store\/sv\/wp-json\/wp\/v2\/product"}],"about":[{"href":"https:\/\/truusk.store\/sv\/wp-json\/wp\/v2\/types\/product"}],"wp:featuredmedia":[{"embeddable":true,"href":"https:\/\/truusk.store\/sv\/wp-json\/wp\/v2\/media\/107662"}],"wp:attachment":[{"href":"https:\/\/truusk.store\/sv\/wp-json\/wp\/v2\/media?parent=107677"}],"wp:term":[{"taxonomy":"product_brand","embeddable":true,"href":"https:\/\/truusk.store\/sv\/wp-json\/wp\/v2\/product_brand?post=107677"},{"taxonomy":"product_cat","embeddable":true,"href":"https:\/\/truusk.store\/sv\/wp-json\/wp\/v2\/product_cat?post=107677"},{"taxonomy":"product_tag","embeddable":true,"href":"https:\/\/truusk.store\/sv\/wp-json\/wp\/v2\/product_tag?post=107677"}],"curies":[{"name":"wp","href":"https:\/\/api.w.org\/{rel}","templated":true}]}}