{"id":107691,"date":"2026-03-11T12:28:05","date_gmt":"2026-03-11T11:28:05","guid":{"rendered":"https:\/\/truusk.store\/product\/halvrund-parasoll-19-x-2-m-dubbel-parasoll-med-handvevad-stativ-i-kramvit\/"},"modified":"2026-03-12T09:13:07","modified_gmt":"2026-03-12T08:13:07","slug":"truusk-halvrund-parasoll-19-x-2-m-dubbel-parasoll-med-handvevad-stativ-kramvit","status":"publish","type":"product","link":"https:\/\/truusk.store\/sv\/produkt\/truusk-halvrund-parasoll-19-x-2-m-dubbel-parasoll-med-handvevad-stativ-kramvit\/","title":{"rendered":"TRUUSK Halvrund Parasoll 1,9 X 2 M &#8211; Dubbel Parasoll med Handvevad Stativ &#8211; Kr\u00e4mvit"},"content":{"rendered":"<p> Denna originella halvrunda parasoll fr\u00e5n [BRAND NAME] \u00e4r idealisk f\u00f6r tr\u00e4dg\u00e5rdar och terrasser med begr\u00e4nsat utrymme. Denna dubbla parasoll utm\u00e4rker sig genom att den kan st\u00e4llas upp t\u00e4tt mot platta v\u00e4ggar utan att det uppst\u00e5r luckor. Den robusta parasolltyget skyddar dig mot direkt solljus och ger rikligt med skugga. Utrustad med en praktisk ventilations\u00f6ppning, st\u00e5r balkongparasollen stabilt och s\u00e4kert \u00e4ven i vind. <\/p>\n<p> Beskrivning: <\/p>\n<ul>\n<li> Modern dubbel parasoll med unik design <\/li>\n<li> St\u00e4ll den mot en v\u00e4gg eller andra st\u00f6djande ytor f\u00f6r att undvika att den v\u00e4lter <\/li>\n<li> Praktisk handvev g\u00f6r det enkelt att \u00f6ppna och st\u00e4nga <\/li>\n<li> St\u00e5lmasten kan skruvas is\u00e4r i mitten och lagras utrymmeseffektivt <\/li>\n<li> Stor parasollyta ger mycket skydd mot solen och praktiska ventilations\u00f6ppningar f\u00f6rhindrar att den v\u00e4lter i bl\u00e5sigt v\u00e4der <\/li>\n<li> Sju metallribbor ger h\u00f6gre stabilitet till parasollen <\/li>\n<li> Levereras med fot, men vikter ing\u00e5r inte <\/li>\n<li> Montering kr\u00e4vs <\/li>\n<\/ul>\n<p> Tekniska data: <\/p>\n<ul>\n<li> F\u00e4rg: Kr\u00e4mvit <\/li>\n<li> Material: Polyester, St\u00e5l <\/li>\n<li> Totala m\u00e5tt: 190L x 200B x 240H cm <\/li>\n<li> M\u00e5tt p\u00e5 foten: 80L x 36B x 2,5H cm <\/li>\n<li> Obs: 1, En fot ing\u00e5r i leveransen, ytterligare vikter kr\u00e4vs men ING\u00c5R INTE. 2, Rekommenderas inte f\u00f6r anv\u00e4ndning i kraftigt regn eller andra tuffa v\u00e4derf\u00f6rh\u00e5llanden <\/li>\n<\/ul>\n<p> Leveransinneh\u00e5ll: <\/p>\n<ul>\n<li> 1 x Halvparasoll <\/li>\n<li> 1 x Bruksanvisning <\/li>\n<\/ul>\n","protected":false},"excerpt":{"rendered":"<p>Denna originella halvrunda parasoll fr\u00e5n [BRAND NAME] \u00e4r idealisk f\u00f6r tr\u00e4dg\u00e5rdar och terrasser med begr\u00e4nsat utrymme. Denna dubbla parasoll utm\u00e4rker&#8230;<\/p>\n","protected":false},"featured_media":107682,"template":"","meta":[],"product_brand":[],"product_cat":[472,862,858],"product_tag":[],"class_list":{"0":"post-107691","1":"product","2":"type-product","3":"status-publish","4":"has-post-thumbnail","6":"product_cat-parasoller","7":"product_cat-sol-insynsskydd","8":"product_cat-tradgard-terrass","10":"first","11":"instock","12":"sale","13":"taxable","14":"shipping-taxable","15":"purchasable","16":"product-type-simple"},"yoast_head":"<!-- This site is optimized with the Yoast SEO plugin v25.4 - https:\/\/yoast.com\/wordpress\/plugins\/seo\/ -->\n<title>TRUUSK Halvrund Parasoll 1,9 X 2 M - Dubbel Parasoll med Handvevad Stativ - Kr\u00e4mvit - TRUUSK - Hem, Tr\u00e4dg\u00e5rd &amp; Fritid<\/title>\n<meta name=\"robots\" content=\"index, follow, max-snippet:-1, max-image-preview:large, max-video-preview:-1\" \/>\n<link rel=\"canonical\" href=\"https:\/\/truusk.store\/sv\/produkt\/truusk-halvrund-parasoll-19-x-2-m-dubbel-parasoll-med-handvevad-stativ-kramvit\/\" \/>\n<meta property=\"og:locale\" content=\"sv_SE\" \/>\n<meta property=\"og:type\" content=\"article\" \/>\n<meta property=\"og:title\" content=\"TRUUSK Halvrund Parasoll 1,9 X 2 M - Dubbel Parasoll med Handvevad Stativ - Kr\u00e4mvit - TRUUSK - Hem, Tr\u00e4dg\u00e5rd &amp; Fritid\" \/>\n<meta property=\"og:description\" content=\"Denna originella halvrunda parasoll fr\u00e5n [BRAND NAME] \u00e4r idealisk f\u00f6r tr\u00e4dg\u00e5rdar och terrasser med begr\u00e4nsat utrymme. Denna dubbla parasoll utm\u00e4rker...\" \/>\n<meta property=\"og:url\" content=\"https:\/\/truusk.store\/sv\/produkt\/truusk-halvrund-parasoll-19-x-2-m-dubbel-parasoll-med-handvevad-stativ-kramvit\/\" \/>\n<meta property=\"og:site_name\" content=\"TRUUSK - Hem, Tr\u00e4dg\u00e5rd &amp; Fritid\" \/>\n<meta property=\"article:modified_time\" content=\"2026-03-12T08:13:07+00:00\" \/>\n<meta property=\"og:image\" content=\"https:\/\/i0.wp.com\/truusk.se\/wp-content\/uploads\/2026\/03\/halvrund-parasoll-19-x-2-m-dubbel-parasoll-med-handvevad-stativ-i-kramvit-1.webp?fit=2000%2C2000&ssl=1\" \/>\n\t<meta property=\"og:image:width\" content=\"2000\" \/>\n\t<meta property=\"og:image:height\" content=\"2000\" \/>\n\t<meta property=\"og:image:type\" content=\"image\/webp\" \/>\n<meta name=\"twitter:card\" content=\"summary_large_image\" \/>\n<meta name=\"twitter:label1\" content=\"Ber\u00e4knad l\u00e4stid\" \/>\n\t<meta name=\"twitter:data1\" content=\"1 minut\" \/>\n<!-- \/ Yoast SEO plugin. -->","yoast_head_json":{"title":"TRUUSK Halvrund Parasoll 1,9 X 2 M - Dubbel Parasoll med Handvevad Stativ - Kr\u00e4mvit - TRUUSK - Hem, Tr\u00e4dg\u00e5rd &amp; Fritid","robots":{"index":"index","follow":"follow","max-snippet":"max-snippet:-1","max-image-preview":"max-image-preview:large","max-video-preview":"max-video-preview:-1"},"canonical":"https:\/\/truusk.store\/sv\/produkt\/truusk-halvrund-parasoll-19-x-2-m-dubbel-parasoll-med-handvevad-stativ-kramvit\/","og_locale":"sv_SE","og_type":"article","og_title":"TRUUSK Halvrund Parasoll 1,9 X 2 M - Dubbel Parasoll med Handvevad Stativ - Kr\u00e4mvit - TRUUSK - Hem, Tr\u00e4dg\u00e5rd &amp; Fritid","og_description":"Denna originella halvrunda parasoll fr\u00e5n [BRAND NAME] \u00e4r idealisk f\u00f6r tr\u00e4dg\u00e5rdar och terrasser med begr\u00e4nsat utrymme. Denna dubbla parasoll utm\u00e4rker...","og_url":"https:\/\/truusk.store\/sv\/produkt\/truusk-halvrund-parasoll-19-x-2-m-dubbel-parasoll-med-handvevad-stativ-kramvit\/","og_site_name":"TRUUSK - Hem, Tr\u00e4dg\u00e5rd &amp; Fritid","article_modified_time":"2026-03-12T08:13:07+00:00","og_image":[{"width":2000,"height":2000,"url":"https:\/\/i0.wp.com\/truusk.se\/wp-content\/uploads\/2026\/03\/halvrund-parasoll-19-x-2-m-dubbel-parasoll-med-handvevad-stativ-i-kramvit-1.webp?fit=2000%2C2000&ssl=1","type":"image\/webp"}],"twitter_card":"summary_large_image","twitter_misc":{"Ber\u00e4knad l\u00e4stid":"1 minut"},"schema":{"@context":"https:\/\/schema.org","@graph":[{"@type":"WebPage","@id":"https:\/\/truusk.store\/sv\/produkt\/truusk-halvrund-parasoll-19-x-2-m-dubbel-parasoll-med-handvevad-stativ-kramvit\/","url":"https:\/\/truusk.store\/sv\/produkt\/truusk-halvrund-parasoll-19-x-2-m-dubbel-parasoll-med-handvevad-stativ-kramvit\/","name":"TRUUSK Halvrund Parasoll 1,9 X 2 M - Dubbel Parasoll med Handvevad Stativ - Kr\u00e4mvit - TRUUSK - Hem, Tr\u00e4dg\u00e5rd &amp; Fritid","isPartOf":{"@id":"https:\/\/truusk.store\/sv\/#website"},"primaryImageOfPage":{"@id":"https:\/\/truusk.store\/sv\/produkt\/truusk-halvrund-parasoll-19-x-2-m-dubbel-parasoll-med-handvevad-stativ-kramvit\/#primaryimage"},"image":{"@id":"https:\/\/truusk.store\/sv\/produkt\/truusk-halvrund-parasoll-19-x-2-m-dubbel-parasoll-med-handvevad-stativ-kramvit\/#primaryimage"},"thumbnailUrl":"https:\/\/i0.wp.com\/truusk.store\/wp-content\/uploads\/2026\/03\/halvrund-parasoll-19-x-2-m-dubbel-parasoll-med-handvevad-stativ-i-kramvit-1.webp?fit=2000%2C2000&ssl=1","datePublished":"2026-03-11T11:28:05+00:00","dateModified":"2026-03-12T08:13:07+00:00","breadcrumb":{"@id":"https:\/\/truusk.store\/sv\/produkt\/truusk-halvrund-parasoll-19-x-2-m-dubbel-parasoll-med-handvevad-stativ-kramvit\/#breadcrumb"},"inLanguage":"sv-SE","potentialAction":[{"@type":"ReadAction","target":["https:\/\/truusk.store\/sv\/produkt\/truusk-halvrund-parasoll-19-x-2-m-dubbel-parasoll-med-handvevad-stativ-kramvit\/"]}]},{"@type":"ImageObject","inLanguage":"sv-SE","@id":"https:\/\/truusk.store\/sv\/produkt\/truusk-halvrund-parasoll-19-x-2-m-dubbel-parasoll-med-handvevad-stativ-kramvit\/#primaryimage","url":"https:\/\/i0.wp.com\/truusk.store\/wp-content\/uploads\/2026\/03\/halvrund-parasoll-19-x-2-m-dubbel-parasoll-med-handvevad-stativ-i-kramvit-1.webp?fit=2000%2C2000&ssl=1","contentUrl":"https:\/\/i0.wp.com\/truusk.store\/wp-content\/uploads\/2026\/03\/halvrund-parasoll-19-x-2-m-dubbel-parasoll-med-handvevad-stativ-i-kramvit-1.webp?fit=2000%2C2000&ssl=1","width":2000,"height":2000},{"@type":"BreadcrumbList","@id":"https:\/\/truusk.store\/sv\/produkt\/truusk-halvrund-parasoll-19-x-2-m-dubbel-parasoll-med-handvevad-stativ-kramvit\/#breadcrumb","itemListElement":[{"@type":"ListItem","position":1,"name":"Home","item":"https:\/\/truusk.store\/sv\/"},{"@type":"ListItem","position":2,"name":"Shop","item":"https:\/\/truusk.store\/shop\/"},{"@type":"ListItem","position":3,"name":"TRUUSK Halvrund Parasoll 1,9 X 2 M &#8211; Dubbel Parasoll med Handvevad Stativ &#8211; Kr\u00e4mvit"}]},{"@type":"WebSite","@id":"https:\/\/truusk.store\/sv\/#website","url":"https:\/\/truusk.store\/sv\/","name":"TRUUSK - Hem, Tr\u00e4dg\u00e5rd & Fritid","description":"","publisher":{"@id":"https:\/\/truusk.store\/sv\/#organization"},"potentialAction":[{"@type":"SearchAction","target":{"@type":"EntryPoint","urlTemplate":"https:\/\/truusk.store\/sv\/?s={search_term_string}"},"query-input":{"@type":"PropertyValueSpecification","valueRequired":true,"valueName":"search_term_string"}}],"inLanguage":"sv-SE"},{"@type":"Organization","@id":"https:\/\/truusk.store\/sv\/#organization","name":"TRUUSK - Hem, Tr\u00e4dg\u00e5rd & Fritid","url":"https:\/\/truusk.store\/sv\/","logo":{"@type":"ImageObject","inLanguage":"sv-SE","@id":"https:\/\/truusk.store\/sv\/#\/schema\/logo\/image\/","url":"https:\/\/i0.wp.com\/truusk.store\/wp-content\/uploads\/2026\/03\/cropped-TRUUSK.png?fit=2032%2C917&ssl=1","contentUrl":"https:\/\/i0.wp.com\/truusk.store\/wp-content\/uploads\/2026\/03\/cropped-TRUUSK.png?fit=2032%2C917&ssl=1","width":2032,"height":917,"caption":"TRUUSK - Hem, Tr\u00e4dg\u00e5rd & Fritid"},"image":{"@id":"https:\/\/truusk.store\/sv\/#\/schema\/logo\/image\/"}}]}},"jetpack_sharing_enabled":true,"_links":{"self":[{"href":"https:\/\/truusk.store\/sv\/wp-json\/wp\/v2\/product\/107691","targetHints":{"allow":["GET"]}}],"collection":[{"href":"https:\/\/truusk.store\/sv\/wp-json\/wp\/v2\/product"}],"about":[{"href":"https:\/\/truusk.store\/sv\/wp-json\/wp\/v2\/types\/product"}],"wp:featuredmedia":[{"embeddable":true,"href":"https:\/\/truusk.store\/sv\/wp-json\/wp\/v2\/media\/107682"}],"wp:attachment":[{"href":"https:\/\/truusk.store\/sv\/wp-json\/wp\/v2\/media?parent=107691"}],"wp:term":[{"taxonomy":"product_brand","embeddable":true,"href":"https:\/\/truusk.store\/sv\/wp-json\/wp\/v2\/product_brand?post=107691"},{"taxonomy":"product_cat","embeddable":true,"href":"https:\/\/truusk.store\/sv\/wp-json\/wp\/v2\/product_cat?post=107691"},{"taxonomy":"product_tag","embeddable":true,"href":"https:\/\/truusk.store\/sv\/wp-json\/wp\/v2\/product_tag?post=107691"}],"curies":[{"name":"wp","href":"https:\/\/api.w.org\/{rel}","templated":true}]}}