{"id":107707,"date":"2026-03-11T12:35:00","date_gmt":"2026-03-11T11:35:00","guid":{"rendered":"https:\/\/truusk.store\/product\/parasoll-o293cm-solskydd-med-sidospak-korsbas-vindskydd-vattentalig-morkgra\/"},"modified":"2026-03-12T09:21:27","modified_gmt":"2026-03-12T08:21:27","slug":"truusk-parasoll-o293cm-solskydd-med-sidospak-korsbas-vindskydd-vattentalig-morkgra","status":"publish","type":"product","link":"https:\/\/truusk.store\/sv\/produkt\/truusk-parasoll-o293cm-solskydd-med-sidospak-korsbas-vindskydd-vattentalig-morkgra\/","title":{"rendered":"TRUUSK Parasoll \u00d8293cm &#8211; Solskydd Med Sidospak &#8211; Korsbas &#8211; Vindskydd &#8211; Vattent\u00e5lig &#8211; M\u00f6rkgr\u00e5"},"content":{"rendered":"<p>Skydd f\u00f6r soliga dagar &#8211; denna stora parasoll med stativ fr\u00e5n [BRAND NAME] \u00e4r perfekt f\u00f6r tr\u00e4dg\u00e5rden. Med en stabil metallmast f\u00f6r fast grepp och ett polyestert\u00e4cke som ger skugga. Enkelt att \u00f6ppna och st\u00e4nga med handtaget, s\u00e5 att parasollet snabbt \u00e4r redo att anv\u00e4ndas. Korsbas ing\u00e5r, vikter ing\u00e5r inte i leveransen (minst 60 kg vikt kr\u00e4vs).<\/p>\n<p>Beskrivning:<\/p>\n<ul>\n<li> Enkelt och snabbt att \u00f6ppna och st\u00e4nga parasollet med sidospaken<\/li>\n<li> V\u00e4derbest\u00e4ndigt polyestertyg (UV30+) f\u00f6r l\u00e4tt vattenskydd och en pulverlackerad st\u00e5lram f\u00f6r stabilitet<\/li>\n<li> \u00d6vre ventilations\u00f6ppning f\u00f6r ventilation och 6 metallribbor f\u00f6r extra stabilitet<\/li>\n<li> L\u00e4mplig f\u00f6r park, tr\u00e4dg\u00e5rd, terrass, bakg\u00e5rd, strand, pool<\/li>\n<li> Korsbas ing\u00e5r, vikter ing\u00e5r inte i leveransen<\/li>\n<li> Montering kr\u00e4vs<\/li>\n<\/ul>\n<p> Tekniska data:<\/p>\n<ul>\n<li> F\u00e4rg: M\u00f6rkgr\u00e5<\/li>\n<li> Material: Metall, Polyester (100 % Polyester)<\/li>\n<li> Parasollstorlek: \u00d8293 x 243H cm<\/li>\n<li> H\u00f6jd under parasollet: 200 cm<\/li>\n<li> Basstorlek: 98L x 98B x 4,5H cm<\/li>\n<li> Obs: 1, Kr\u00e4ver minst 60 kg vikt (ing\u00e5r ej). 2, Passande [BRAND NAME]-viktartikelnummer 01-0221, 84D-061, 84D-021, v\u00e4nligen kontakta kundtj\u00e4nst om du beh\u00f6ver hj\u00e4lp med denna produkt. 3, Anv\u00e4nd inte vid extremt v\u00e4der (stark vind, kraftigt regn, sn\u00f6).<\/li>\n<\/ul>\n<p>Leveransinneh\u00e5ll:<\/p>\n<ul>\n<li> 1 x H\u00e4ngande terrassparasoll<\/li>\n<li> 1 x Instruktioner<\/li>\n<\/ul>\n","protected":false},"excerpt":{"rendered":"<p>Skydd f\u00f6r soliga dagar &#8211; denna stora parasoll med stativ fr\u00e5n [BRAND NAME] \u00e4r perfekt f\u00f6r tr\u00e4dg\u00e5rden. Med en stabil&#8230;<\/p>\n","protected":false},"featured_media":107692,"template":"","meta":[],"product_brand":[],"product_cat":[472,862,858],"product_tag":[],"class_list":{"0":"post-107707","1":"product","2":"type-product","3":"status-publish","4":"has-post-thumbnail","6":"product_cat-parasoller","7":"product_cat-sol-insynsskydd","8":"product_cat-tradgard-terrass","10":"first","11":"instock","12":"sale","13":"taxable","14":"shipping-taxable","15":"purchasable","16":"product-type-simple"},"yoast_head":"<!-- This site is optimized with the Yoast SEO plugin v25.4 - https:\/\/yoast.com\/wordpress\/plugins\/seo\/ -->\n<title>TRUUSK Parasoll \u00d8293cm - Solskydd Med Sidospak - Korsbas - Vindskydd - Vattent\u00e5lig - M\u00f6rkgr\u00e5 - TRUUSK - Hem, Tr\u00e4dg\u00e5rd &amp; Fritid<\/title>\n<meta name=\"robots\" content=\"index, follow, max-snippet:-1, max-image-preview:large, max-video-preview:-1\" \/>\n<link rel=\"canonical\" href=\"https:\/\/truusk.store\/sv\/produkt\/truusk-parasoll-o293cm-solskydd-med-sidospak-korsbas-vindskydd-vattentalig-morkgra\/\" \/>\n<meta property=\"og:locale\" content=\"sv_SE\" \/>\n<meta property=\"og:type\" content=\"article\" \/>\n<meta property=\"og:title\" content=\"TRUUSK Parasoll \u00d8293cm - Solskydd Med Sidospak - Korsbas - Vindskydd - Vattent\u00e5lig - M\u00f6rkgr\u00e5 - TRUUSK - Hem, Tr\u00e4dg\u00e5rd &amp; Fritid\" \/>\n<meta property=\"og:description\" content=\"Skydd f\u00f6r soliga dagar &#8211; denna stora parasoll med stativ fr\u00e5n [BRAND NAME] \u00e4r perfekt f\u00f6r tr\u00e4dg\u00e5rden. Med en stabil...\" \/>\n<meta property=\"og:url\" content=\"https:\/\/truusk.store\/sv\/produkt\/truusk-parasoll-o293cm-solskydd-med-sidospak-korsbas-vindskydd-vattentalig-morkgra\/\" \/>\n<meta property=\"og:site_name\" content=\"TRUUSK - Hem, Tr\u00e4dg\u00e5rd &amp; Fritid\" \/>\n<meta property=\"article:modified_time\" content=\"2026-03-12T08:21:27+00:00\" \/>\n<meta property=\"og:image\" content=\"https:\/\/i0.wp.com\/truusk.se\/wp-content\/uploads\/2026\/03\/parasoll-o293cm-solskydd-med-sidospak-korsbas-vindskydd-vattentalig-morkgra-1.webp?fit=2000%2C2000&ssl=1\" \/>\n\t<meta property=\"og:image:width\" content=\"2000\" \/>\n\t<meta property=\"og:image:height\" content=\"2000\" \/>\n\t<meta property=\"og:image:type\" content=\"image\/webp\" \/>\n<meta name=\"twitter:card\" content=\"summary_large_image\" \/>\n<meta name=\"twitter:label1\" content=\"Ber\u00e4knad l\u00e4stid\" \/>\n\t<meta name=\"twitter:data1\" content=\"1 minut\" \/>\n<!-- \/ Yoast SEO plugin. -->","yoast_head_json":{"title":"TRUUSK Parasoll \u00d8293cm - Solskydd Med Sidospak - Korsbas - Vindskydd - Vattent\u00e5lig - M\u00f6rkgr\u00e5 - TRUUSK - Hem, Tr\u00e4dg\u00e5rd &amp; Fritid","robots":{"index":"index","follow":"follow","max-snippet":"max-snippet:-1","max-image-preview":"max-image-preview:large","max-video-preview":"max-video-preview:-1"},"canonical":"https:\/\/truusk.store\/sv\/produkt\/truusk-parasoll-o293cm-solskydd-med-sidospak-korsbas-vindskydd-vattentalig-morkgra\/","og_locale":"sv_SE","og_type":"article","og_title":"TRUUSK Parasoll \u00d8293cm - Solskydd Med Sidospak - Korsbas - Vindskydd - Vattent\u00e5lig - M\u00f6rkgr\u00e5 - TRUUSK - Hem, Tr\u00e4dg\u00e5rd &amp; Fritid","og_description":"Skydd f\u00f6r soliga dagar &#8211; denna stora parasoll med stativ fr\u00e5n [BRAND NAME] \u00e4r perfekt f\u00f6r tr\u00e4dg\u00e5rden. Med en stabil...","og_url":"https:\/\/truusk.store\/sv\/produkt\/truusk-parasoll-o293cm-solskydd-med-sidospak-korsbas-vindskydd-vattentalig-morkgra\/","og_site_name":"TRUUSK - Hem, Tr\u00e4dg\u00e5rd &amp; Fritid","article_modified_time":"2026-03-12T08:21:27+00:00","og_image":[{"width":2000,"height":2000,"url":"https:\/\/i0.wp.com\/truusk.se\/wp-content\/uploads\/2026\/03\/parasoll-o293cm-solskydd-med-sidospak-korsbas-vindskydd-vattentalig-morkgra-1.webp?fit=2000%2C2000&ssl=1","type":"image\/webp"}],"twitter_card":"summary_large_image","twitter_misc":{"Ber\u00e4knad l\u00e4stid":"1 minut"},"schema":{"@context":"https:\/\/schema.org","@graph":[{"@type":"WebPage","@id":"https:\/\/truusk.store\/sv\/produkt\/truusk-parasoll-o293cm-solskydd-med-sidospak-korsbas-vindskydd-vattentalig-morkgra\/","url":"https:\/\/truusk.store\/sv\/produkt\/truusk-parasoll-o293cm-solskydd-med-sidospak-korsbas-vindskydd-vattentalig-morkgra\/","name":"TRUUSK Parasoll \u00d8293cm - Solskydd Med Sidospak - Korsbas - Vindskydd - Vattent\u00e5lig - M\u00f6rkgr\u00e5 - TRUUSK - Hem, Tr\u00e4dg\u00e5rd &amp; Fritid","isPartOf":{"@id":"https:\/\/truusk.store\/sv\/#website"},"primaryImageOfPage":{"@id":"https:\/\/truusk.store\/sv\/produkt\/truusk-parasoll-o293cm-solskydd-med-sidospak-korsbas-vindskydd-vattentalig-morkgra\/#primaryimage"},"image":{"@id":"https:\/\/truusk.store\/sv\/produkt\/truusk-parasoll-o293cm-solskydd-med-sidospak-korsbas-vindskydd-vattentalig-morkgra\/#primaryimage"},"thumbnailUrl":"https:\/\/i0.wp.com\/truusk.store\/wp-content\/uploads\/2026\/03\/parasoll-o293cm-solskydd-med-sidospak-korsbas-vindskydd-vattentalig-morkgra-1.webp?fit=2000%2C2000&ssl=1","datePublished":"2026-03-11T11:35:00+00:00","dateModified":"2026-03-12T08:21:27+00:00","breadcrumb":{"@id":"https:\/\/truusk.store\/sv\/produkt\/truusk-parasoll-o293cm-solskydd-med-sidospak-korsbas-vindskydd-vattentalig-morkgra\/#breadcrumb"},"inLanguage":"sv-SE","potentialAction":[{"@type":"ReadAction","target":["https:\/\/truusk.store\/sv\/produkt\/truusk-parasoll-o293cm-solskydd-med-sidospak-korsbas-vindskydd-vattentalig-morkgra\/"]}]},{"@type":"ImageObject","inLanguage":"sv-SE","@id":"https:\/\/truusk.store\/sv\/produkt\/truusk-parasoll-o293cm-solskydd-med-sidospak-korsbas-vindskydd-vattentalig-morkgra\/#primaryimage","url":"https:\/\/i0.wp.com\/truusk.store\/wp-content\/uploads\/2026\/03\/parasoll-o293cm-solskydd-med-sidospak-korsbas-vindskydd-vattentalig-morkgra-1.webp?fit=2000%2C2000&ssl=1","contentUrl":"https:\/\/i0.wp.com\/truusk.store\/wp-content\/uploads\/2026\/03\/parasoll-o293cm-solskydd-med-sidospak-korsbas-vindskydd-vattentalig-morkgra-1.webp?fit=2000%2C2000&ssl=1","width":2000,"height":2000},{"@type":"BreadcrumbList","@id":"https:\/\/truusk.store\/sv\/produkt\/truusk-parasoll-o293cm-solskydd-med-sidospak-korsbas-vindskydd-vattentalig-morkgra\/#breadcrumb","itemListElement":[{"@type":"ListItem","position":1,"name":"Home","item":"https:\/\/truusk.store\/sv\/"},{"@type":"ListItem","position":2,"name":"Shop","item":"https:\/\/truusk.store\/shop\/"},{"@type":"ListItem","position":3,"name":"TRUUSK Parasoll \u00d8293cm &#8211; Solskydd Med Sidospak &#8211; Korsbas &#8211; Vindskydd &#8211; Vattent\u00e5lig &#8211; M\u00f6rkgr\u00e5"}]},{"@type":"WebSite","@id":"https:\/\/truusk.store\/sv\/#website","url":"https:\/\/truusk.store\/sv\/","name":"TRUUSK - Hem, Tr\u00e4dg\u00e5rd & Fritid","description":"","publisher":{"@id":"https:\/\/truusk.store\/sv\/#organization"},"potentialAction":[{"@type":"SearchAction","target":{"@type":"EntryPoint","urlTemplate":"https:\/\/truusk.store\/sv\/?s={search_term_string}"},"query-input":{"@type":"PropertyValueSpecification","valueRequired":true,"valueName":"search_term_string"}}],"inLanguage":"sv-SE"},{"@type":"Organization","@id":"https:\/\/truusk.store\/sv\/#organization","name":"TRUUSK - Hem, Tr\u00e4dg\u00e5rd & Fritid","url":"https:\/\/truusk.store\/sv\/","logo":{"@type":"ImageObject","inLanguage":"sv-SE","@id":"https:\/\/truusk.store\/sv\/#\/schema\/logo\/image\/","url":"https:\/\/i0.wp.com\/truusk.store\/wp-content\/uploads\/2026\/03\/cropped-TRUUSK.png?fit=2032%2C917&ssl=1","contentUrl":"https:\/\/i0.wp.com\/truusk.store\/wp-content\/uploads\/2026\/03\/cropped-TRUUSK.png?fit=2032%2C917&ssl=1","width":2032,"height":917,"caption":"TRUUSK - Hem, Tr\u00e4dg\u00e5rd & Fritid"},"image":{"@id":"https:\/\/truusk.store\/sv\/#\/schema\/logo\/image\/"}}]}},"jetpack_sharing_enabled":true,"_links":{"self":[{"href":"https:\/\/truusk.store\/sv\/wp-json\/wp\/v2\/product\/107707","targetHints":{"allow":["GET"]}}],"collection":[{"href":"https:\/\/truusk.store\/sv\/wp-json\/wp\/v2\/product"}],"about":[{"href":"https:\/\/truusk.store\/sv\/wp-json\/wp\/v2\/types\/product"}],"wp:featuredmedia":[{"embeddable":true,"href":"https:\/\/truusk.store\/sv\/wp-json\/wp\/v2\/media\/107692"}],"wp:attachment":[{"href":"https:\/\/truusk.store\/sv\/wp-json\/wp\/v2\/media?parent=107707"}],"wp:term":[{"taxonomy":"product_brand","embeddable":true,"href":"https:\/\/truusk.store\/sv\/wp-json\/wp\/v2\/product_brand?post=107707"},{"taxonomy":"product_cat","embeddable":true,"href":"https:\/\/truusk.store\/sv\/wp-json\/wp\/v2\/product_cat?post=107707"},{"taxonomy":"product_tag","embeddable":true,"href":"https:\/\/truusk.store\/sv\/wp-json\/wp\/v2\/product_tag?post=107707"}],"curies":[{"name":"wp","href":"https:\/\/api.w.org\/{rel}","templated":true}]}}