{"id":107724,"date":"2026-03-11T12:37:49","date_gmt":"2026-03-11T11:37:49","guid":{"rendered":"https:\/\/truusk.store\/product\/kompostbehallare-130-liter-67-x-60-x-77cm-snabbkompostbehallare-i-plast-med-ventilationssystem-for-tradgard-kok\/"},"modified":"2026-03-12T09:24:25","modified_gmt":"2026-03-12T08:24:25","slug":"truusk-kompostbehallare-130-liter-snabbkompostbehallare-i-plast-ventilationssystem-for-tradgard-och-kok-67-x-60-x-77cm","status":"publish","type":"product","link":"https:\/\/truusk.store\/sv\/produkt\/truusk-kompostbehallare-130-liter-snabbkompostbehallare-i-plast-ventilationssystem-for-tradgard-och-kok-67-x-60-x-77cm\/","title":{"rendered":"TRUUSK Kompostbeh\u00e5llare 130 Liter &#8211; Snabbkompostbeh\u00e5llare i Plast &#8211; Ventilationssystem &#8211; F\u00f6r Tr\u00e4dg\u00e5rd och K\u00f6k &#8211; 67 x 60 x 77cm &#8211;"},"content":{"rendered":"<p>F\u00f6rvandla oanv\u00e4nda avfall till v\u00e4rdefulla resurser med en kompost \u2013 som denna modell fr\u00e5n [BRAND NAME]. Anv\u00e4nd f\u00f6rd\u00e4rvlig mat p\u00e5 ett meningsfullt s\u00e4tt och f\u00f6rse dina v\u00e4xter med n\u00e4ringsrik kompost f\u00f6r optimal tillv\u00e4xt. Den 130L komposten har tv\u00e5 kammare f\u00f6r dubbel effektivitet och 24 ventilationsh\u00e5l. Vrid bara f\u00f6r att blanda inneh\u00e5llet \u2013 utan direkt kontakt!<\/p>\n<p>Beskrivning:<\/p>\n<ul>\n<li> Tv\u00e5 kammare med gener\u00f6s kapacitet p\u00e5 130 liter: ger gott om kompost<\/li>\n<li> 360\u00b0-trumdesign: en handsfree k\u00f6kskompost<\/li>\n<li> 24 ventilationsh\u00e5l i termokomposten f\u00f6r optimal ventilation och effektiv nedbrytning av matrester<\/li>\n<li> St\u00e5lram ger mycket stabilitet<\/li>\n<li> Montering kr\u00e4vs<\/li>\n<\/ul>\n<p> Tekniska data:<\/p>\n<ul>\n<li> F\u00e4rg: Gr\u00f6n+Svart<\/li>\n<li> Material: St\u00e5l, Plast<\/li>\n<li> Totala dimensioner: 67L x 60B x 77H cm<\/li>\n<li> Kammerd\u00f6rrstorlek: 18,5B x 23,5H cm<\/li>\n<li> Kapacitet: 130 L<\/li>\n<\/ul>\n<p>Ing\u00e5r:<\/p>\n<ul>\n<li> 1 x Kompostbeh\u00e5llare<\/li>\n<li> 1 x Bruksanvisning<\/li>\n<\/ul>\n","protected":false},"excerpt":{"rendered":"<p>F\u00f6rvandla oanv\u00e4nda avfall till v\u00e4rdefulla resurser med en kompost \u2013 som denna modell fr\u00e5n [BRAND NAME]. Anv\u00e4nd f\u00f6rd\u00e4rvlig mat p\u00e5&#8230;<\/p>\n","protected":false},"featured_media":107712,"template":"","meta":[],"product_brand":[],"product_cat":[858,1073,443],"product_tag":[],"class_list":{"0":"post-107724","1":"product","2":"type-product","3":"status-publish","4":"has-post-thumbnail","6":"product_cat-tradgard-terrass","7":"product_cat-tradgardsvard","8":"product_cat-vaxthus-tradgardsskotsel","10":"first","11":"instock","12":"sale","13":"taxable","14":"shipping-taxable","15":"purchasable","16":"product-type-simple"},"yoast_head":"<!-- This site is optimized with the Yoast SEO plugin v25.4 - https:\/\/yoast.com\/wordpress\/plugins\/seo\/ -->\n<title>TRUUSK Kompostbeh\u00e5llare 130 Liter - Snabbkompostbeh\u00e5llare i Plast - Ventilationssystem - F\u00f6r Tr\u00e4dg\u00e5rd och K\u00f6k - 67 x 60 x 77cm - TRUUSK - Hem, Tr\u00e4dg\u00e5rd &amp; Fritid<\/title>\n<meta name=\"robots\" content=\"index, follow, max-snippet:-1, max-image-preview:large, max-video-preview:-1\" \/>\n<link rel=\"canonical\" href=\"https:\/\/truusk.store\/sv\/produkt\/truusk-kompostbehallare-130-liter-snabbkompostbehallare-i-plast-ventilationssystem-for-tradgard-och-kok-67-x-60-x-77cm\/\" \/>\n<meta property=\"og:locale\" content=\"sv_SE\" \/>\n<meta property=\"og:type\" content=\"article\" \/>\n<meta property=\"og:title\" content=\"TRUUSK Kompostbeh\u00e5llare 130 Liter - Snabbkompostbeh\u00e5llare i Plast - Ventilationssystem - F\u00f6r Tr\u00e4dg\u00e5rd och K\u00f6k - 67 x 60 x 77cm - TRUUSK - Hem, Tr\u00e4dg\u00e5rd &amp; Fritid\" \/>\n<meta property=\"og:description\" content=\"F\u00f6rvandla oanv\u00e4nda avfall till v\u00e4rdefulla resurser med en kompost \u2013 som denna modell fr\u00e5n [BRAND NAME]. Anv\u00e4nd f\u00f6rd\u00e4rvlig mat p\u00e5...\" \/>\n<meta property=\"og:url\" content=\"https:\/\/truusk.store\/sv\/produkt\/truusk-kompostbehallare-130-liter-snabbkompostbehallare-i-plast-ventilationssystem-for-tradgard-och-kok-67-x-60-x-77cm\/\" \/>\n<meta property=\"og:site_name\" content=\"TRUUSK - Hem, Tr\u00e4dg\u00e5rd &amp; Fritid\" \/>\n<meta property=\"article:modified_time\" content=\"2026-03-12T08:24:25+00:00\" \/>\n<meta property=\"og:image\" content=\"https:\/\/i0.wp.com\/truusk.se\/wp-content\/uploads\/2026\/03\/kompostbehallare-130-liter-67-x-60-x-77cm-snabbkompostbehallare-i-plast-med-ventilationssystem-for-tradgard-kok-1.webp?fit=2000%2C2000&ssl=1\" \/>\n\t<meta property=\"og:image:width\" content=\"2000\" \/>\n\t<meta property=\"og:image:height\" content=\"2000\" \/>\n\t<meta property=\"og:image:type\" content=\"image\/webp\" \/>\n<meta name=\"twitter:card\" content=\"summary_large_image\" \/>\n<meta name=\"twitter:label1\" content=\"Ber\u00e4knad l\u00e4stid\" \/>\n\t<meta name=\"twitter:data1\" content=\"1 minut\" \/>\n<!-- \/ Yoast SEO plugin. -->","yoast_head_json":{"title":"TRUUSK Kompostbeh\u00e5llare 130 Liter - Snabbkompostbeh\u00e5llare i Plast - Ventilationssystem - F\u00f6r Tr\u00e4dg\u00e5rd och K\u00f6k - 67 x 60 x 77cm - TRUUSK - Hem, Tr\u00e4dg\u00e5rd &amp; Fritid","robots":{"index":"index","follow":"follow","max-snippet":"max-snippet:-1","max-image-preview":"max-image-preview:large","max-video-preview":"max-video-preview:-1"},"canonical":"https:\/\/truusk.store\/sv\/produkt\/truusk-kompostbehallare-130-liter-snabbkompostbehallare-i-plast-ventilationssystem-for-tradgard-och-kok-67-x-60-x-77cm\/","og_locale":"sv_SE","og_type":"article","og_title":"TRUUSK Kompostbeh\u00e5llare 130 Liter - Snabbkompostbeh\u00e5llare i Plast - Ventilationssystem - F\u00f6r Tr\u00e4dg\u00e5rd och K\u00f6k - 67 x 60 x 77cm - TRUUSK - Hem, Tr\u00e4dg\u00e5rd &amp; Fritid","og_description":"F\u00f6rvandla oanv\u00e4nda avfall till v\u00e4rdefulla resurser med en kompost \u2013 som denna modell fr\u00e5n [BRAND NAME]. Anv\u00e4nd f\u00f6rd\u00e4rvlig mat p\u00e5...","og_url":"https:\/\/truusk.store\/sv\/produkt\/truusk-kompostbehallare-130-liter-snabbkompostbehallare-i-plast-ventilationssystem-for-tradgard-och-kok-67-x-60-x-77cm\/","og_site_name":"TRUUSK - Hem, Tr\u00e4dg\u00e5rd &amp; Fritid","article_modified_time":"2026-03-12T08:24:25+00:00","og_image":[{"width":2000,"height":2000,"url":"https:\/\/i0.wp.com\/truusk.se\/wp-content\/uploads\/2026\/03\/kompostbehallare-130-liter-67-x-60-x-77cm-snabbkompostbehallare-i-plast-med-ventilationssystem-for-tradgard-kok-1.webp?fit=2000%2C2000&ssl=1","type":"image\/webp"}],"twitter_card":"summary_large_image","twitter_misc":{"Ber\u00e4knad l\u00e4stid":"1 minut"},"schema":{"@context":"https:\/\/schema.org","@graph":[{"@type":"WebPage","@id":"https:\/\/truusk.store\/sv\/produkt\/truusk-kompostbehallare-130-liter-snabbkompostbehallare-i-plast-ventilationssystem-for-tradgard-och-kok-67-x-60-x-77cm\/","url":"https:\/\/truusk.store\/sv\/produkt\/truusk-kompostbehallare-130-liter-snabbkompostbehallare-i-plast-ventilationssystem-for-tradgard-och-kok-67-x-60-x-77cm\/","name":"TRUUSK Kompostbeh\u00e5llare 130 Liter - Snabbkompostbeh\u00e5llare i Plast - Ventilationssystem - F\u00f6r Tr\u00e4dg\u00e5rd och K\u00f6k - 67 x 60 x 77cm - TRUUSK - Hem, Tr\u00e4dg\u00e5rd &amp; Fritid","isPartOf":{"@id":"https:\/\/truusk.store\/sv\/#website"},"primaryImageOfPage":{"@id":"https:\/\/truusk.store\/sv\/produkt\/truusk-kompostbehallare-130-liter-snabbkompostbehallare-i-plast-ventilationssystem-for-tradgard-och-kok-67-x-60-x-77cm\/#primaryimage"},"image":{"@id":"https:\/\/truusk.store\/sv\/produkt\/truusk-kompostbehallare-130-liter-snabbkompostbehallare-i-plast-ventilationssystem-for-tradgard-och-kok-67-x-60-x-77cm\/#primaryimage"},"thumbnailUrl":"https:\/\/i0.wp.com\/truusk.store\/wp-content\/uploads\/2026\/03\/kompostbehallare-130-liter-67-x-60-x-77cm-snabbkompostbehallare-i-plast-med-ventilationssystem-for-tradgard-kok-1.webp?fit=2000%2C2000&ssl=1","datePublished":"2026-03-11T11:37:49+00:00","dateModified":"2026-03-12T08:24:25+00:00","breadcrumb":{"@id":"https:\/\/truusk.store\/sv\/produkt\/truusk-kompostbehallare-130-liter-snabbkompostbehallare-i-plast-ventilationssystem-for-tradgard-och-kok-67-x-60-x-77cm\/#breadcrumb"},"inLanguage":"sv-SE","potentialAction":[{"@type":"ReadAction","target":["https:\/\/truusk.store\/sv\/produkt\/truusk-kompostbehallare-130-liter-snabbkompostbehallare-i-plast-ventilationssystem-for-tradgard-och-kok-67-x-60-x-77cm\/"]}]},{"@type":"ImageObject","inLanguage":"sv-SE","@id":"https:\/\/truusk.store\/sv\/produkt\/truusk-kompostbehallare-130-liter-snabbkompostbehallare-i-plast-ventilationssystem-for-tradgard-och-kok-67-x-60-x-77cm\/#primaryimage","url":"https:\/\/i0.wp.com\/truusk.store\/wp-content\/uploads\/2026\/03\/kompostbehallare-130-liter-67-x-60-x-77cm-snabbkompostbehallare-i-plast-med-ventilationssystem-for-tradgard-kok-1.webp?fit=2000%2C2000&ssl=1","contentUrl":"https:\/\/i0.wp.com\/truusk.store\/wp-content\/uploads\/2026\/03\/kompostbehallare-130-liter-67-x-60-x-77cm-snabbkompostbehallare-i-plast-med-ventilationssystem-for-tradgard-kok-1.webp?fit=2000%2C2000&ssl=1","width":2000,"height":2000},{"@type":"BreadcrumbList","@id":"https:\/\/truusk.store\/sv\/produkt\/truusk-kompostbehallare-130-liter-snabbkompostbehallare-i-plast-ventilationssystem-for-tradgard-och-kok-67-x-60-x-77cm\/#breadcrumb","itemListElement":[{"@type":"ListItem","position":1,"name":"Home","item":"https:\/\/truusk.store\/sv\/"},{"@type":"ListItem","position":2,"name":"Shop","item":"https:\/\/truusk.store\/shop\/"},{"@type":"ListItem","position":3,"name":"TRUUSK Kompostbeh\u00e5llare 130 Liter &#8211; Snabbkompostbeh\u00e5llare i Plast &#8211; Ventilationssystem &#8211; F\u00f6r Tr\u00e4dg\u00e5rd och K\u00f6k &#8211; 67 x 60 x 77cm &#8211;"}]},{"@type":"WebSite","@id":"https:\/\/truusk.store\/sv\/#website","url":"https:\/\/truusk.store\/sv\/","name":"TRUUSK - Hem, Tr\u00e4dg\u00e5rd & Fritid","description":"","publisher":{"@id":"https:\/\/truusk.store\/sv\/#organization"},"potentialAction":[{"@type":"SearchAction","target":{"@type":"EntryPoint","urlTemplate":"https:\/\/truusk.store\/sv\/?s={search_term_string}"},"query-input":{"@type":"PropertyValueSpecification","valueRequired":true,"valueName":"search_term_string"}}],"inLanguage":"sv-SE"},{"@type":"Organization","@id":"https:\/\/truusk.store\/sv\/#organization","name":"TRUUSK - Hem, Tr\u00e4dg\u00e5rd & Fritid","url":"https:\/\/truusk.store\/sv\/","logo":{"@type":"ImageObject","inLanguage":"sv-SE","@id":"https:\/\/truusk.store\/sv\/#\/schema\/logo\/image\/","url":"https:\/\/i0.wp.com\/truusk.store\/wp-content\/uploads\/2026\/03\/cropped-TRUUSK.png?fit=2032%2C917&ssl=1","contentUrl":"https:\/\/i0.wp.com\/truusk.store\/wp-content\/uploads\/2026\/03\/cropped-TRUUSK.png?fit=2032%2C917&ssl=1","width":2032,"height":917,"caption":"TRUUSK - Hem, Tr\u00e4dg\u00e5rd & Fritid"},"image":{"@id":"https:\/\/truusk.store\/sv\/#\/schema\/logo\/image\/"}}]}},"jetpack_sharing_enabled":true,"_links":{"self":[{"href":"https:\/\/truusk.store\/sv\/wp-json\/wp\/v2\/product\/107724","targetHints":{"allow":["GET"]}}],"collection":[{"href":"https:\/\/truusk.store\/sv\/wp-json\/wp\/v2\/product"}],"about":[{"href":"https:\/\/truusk.store\/sv\/wp-json\/wp\/v2\/types\/product"}],"wp:featuredmedia":[{"embeddable":true,"href":"https:\/\/truusk.store\/sv\/wp-json\/wp\/v2\/media\/107712"}],"wp:attachment":[{"href":"https:\/\/truusk.store\/sv\/wp-json\/wp\/v2\/media?parent=107724"}],"wp:term":[{"taxonomy":"product_brand","embeddable":true,"href":"https:\/\/truusk.store\/sv\/wp-json\/wp\/v2\/product_brand?post=107724"},{"taxonomy":"product_cat","embeddable":true,"href":"https:\/\/truusk.store\/sv\/wp-json\/wp\/v2\/product_cat?post=107724"},{"taxonomy":"product_tag","embeddable":true,"href":"https:\/\/truusk.store\/sv\/wp-json\/wp\/v2\/product_tag?post=107724"}],"curies":[{"name":"wp","href":"https:\/\/api.w.org\/{rel}","templated":true}]}}