{"id":107751,"date":"2026-03-11T12:42:51","date_gmt":"2026-03-11T11:42:51","guid":{"rendered":"https:\/\/truusk.store\/product\/rankstod-i-stal-2-pack-att-sticka-in-rostfritt-klatterstod-med-blad-50-x-181-cm-svart\/"},"modified":"2026-03-12T09:34:26","modified_gmt":"2026-03-12T08:34:26","slug":"truusk-rankstod-i-stal-2-pack-rostfritt-klatterstod-med-blad-50-x-181-cm-svart","status":"publish","type":"product","link":"https:\/\/truusk.store\/sv\/produkt\/truusk-rankstod-i-stal-2-pack-rostfritt-klatterstod-med-blad-50-x-181-cm-svart\/","title":{"rendered":"TRUUSK Rankst\u00f6d i St\u00e5l 2-pack &#8211; Rostfritt &#8211; Kl\u00e4tterst\u00f6d med Blad 50 x 181 cm &#8211; Svart"},"content":{"rendered":"<p>F\u00f6rvandla din tr\u00e4dg\u00e5rd med [BRAND NAME] kl\u00e4tterst\u00f6d! Detta set inneh\u00e5ller tv\u00e5 metallkl\u00e4tterst\u00f6d med ett charmigt m\u00f6nster av blad och sv\u00e4ngda linjer, perfekt f\u00f6r att st\u00f6dja kl\u00e4tterv\u00e4xter och rankor. Tillverkade av pulverlackerat st\u00e5l \u00e4r de rostbest\u00e4ndiga och utrustade med markankare f\u00f6r enkel installation. L\u00e4gg till struktur och sk\u00f6nhet i ditt utomhusomr\u00e5de!<\/p>\n<p>Beskrivning:<\/p>\n<ul>\n<li> Tv\u00e5 kl\u00e4tterst\u00f6d f\u00f6r att st\u00f6dja kl\u00e4tterv\u00e4xter<\/li>\n<li> M\u00f6nster av blad och sv\u00e4ngda linjer f\u00f6rb\u00e4ttrar tr\u00e4dg\u00e5rdsestetiken med filigrana designs<\/li>\n<li> Pulverlackerat st\u00e5l skyddar mot rost och garanterar l\u00e5ng livsl\u00e4ngd<\/li>\n<li> Markankarspetsarna p\u00e5 kl\u00e4tterst\u00f6den f\u00f6r inomhusv\u00e4xter m\u00f6jligg\u00f6r enkel fasts\u00e4ttning i marken<\/li>\n<li> Montering kr\u00e4vs<\/li>\n<\/ul>\n<p> Tekniska data:<\/p>\n<ul>\n<li> F\u00e4rg: Svart<\/li>\n<li> Material: St\u00e5l<\/li>\n<li> Totala m\u00e5tt: 50B x 181H cm (enskilt)<\/li>\n<li> L\u00e4ngd p\u00e5 markankare: 27 cm<\/li>\n<\/ul>\n<p>Leveransinneh\u00e5ll:<\/p>\n<ul>\n<li> 2 x V\u00e4xtst\u00f6d<\/li>\n<li> 1 x Instruktioner<\/li>\n<\/ul>\n","protected":false},"excerpt":{"rendered":"<p>F\u00f6rvandla din tr\u00e4dg\u00e5rd med [BRAND NAME] kl\u00e4tterst\u00f6d! Detta set inneh\u00e5ller tv\u00e5 metallkl\u00e4tterst\u00f6d med ett charmigt m\u00f6nster av blad och sv\u00e4ngda&#8230;<\/p>\n","protected":false},"featured_media":107740,"template":"","meta":[],"product_brand":[],"product_cat":[924,858,443],"product_tag":[],"class_list":{"0":"post-107751","1":"product","2":"type-product","3":"status-publish","4":"has-post-thumbnail","6":"product_cat-plantkarl","7":"product_cat-tradgard-terrass","8":"product_cat-vaxthus-tradgardsskotsel","10":"first","11":"instock","12":"sale","13":"taxable","14":"shipping-taxable","15":"purchasable","16":"product-type-simple"},"yoast_head":"<!-- This site is optimized with the Yoast SEO plugin v25.4 - https:\/\/yoast.com\/wordpress\/plugins\/seo\/ -->\n<title>TRUUSK Rankst\u00f6d i St\u00e5l 2-pack - Rostfritt - Kl\u00e4tterst\u00f6d med Blad 50 x 181 cm - Svart - TRUUSK - Hem, Tr\u00e4dg\u00e5rd &amp; Fritid<\/title>\n<meta name=\"robots\" content=\"index, follow, max-snippet:-1, max-image-preview:large, max-video-preview:-1\" \/>\n<link rel=\"canonical\" href=\"https:\/\/truusk.store\/sv\/produkt\/truusk-rankstod-i-stal-2-pack-rostfritt-klatterstod-med-blad-50-x-181-cm-svart\/\" \/>\n<meta property=\"og:locale\" content=\"sv_SE\" \/>\n<meta property=\"og:type\" content=\"article\" \/>\n<meta property=\"og:title\" content=\"TRUUSK Rankst\u00f6d i St\u00e5l 2-pack - Rostfritt - Kl\u00e4tterst\u00f6d med Blad 50 x 181 cm - Svart - TRUUSK - Hem, Tr\u00e4dg\u00e5rd &amp; Fritid\" \/>\n<meta property=\"og:description\" content=\"F\u00f6rvandla din tr\u00e4dg\u00e5rd med [BRAND NAME] kl\u00e4tterst\u00f6d! Detta set inneh\u00e5ller tv\u00e5 metallkl\u00e4tterst\u00f6d med ett charmigt m\u00f6nster av blad och sv\u00e4ngda...\" \/>\n<meta property=\"og:url\" content=\"https:\/\/truusk.store\/sv\/produkt\/truusk-rankstod-i-stal-2-pack-rostfritt-klatterstod-med-blad-50-x-181-cm-svart\/\" \/>\n<meta property=\"og:site_name\" content=\"TRUUSK - Hem, Tr\u00e4dg\u00e5rd &amp; Fritid\" \/>\n<meta property=\"article:modified_time\" content=\"2026-03-12T08:34:26+00:00\" \/>\n<meta property=\"og:image\" content=\"https:\/\/i0.wp.com\/truusk.se\/wp-content\/uploads\/2026\/03\/rankstod-i-stal-2-pack-att-sticka-in-rostfritt-klatterstod-med-blad-50-x-181-cm-svart-1.webp?fit=2000%2C2000&ssl=1\" \/>\n\t<meta property=\"og:image:width\" content=\"2000\" \/>\n\t<meta property=\"og:image:height\" content=\"2000\" \/>\n\t<meta property=\"og:image:type\" content=\"image\/webp\" \/>\n<meta name=\"twitter:card\" content=\"summary_large_image\" \/>\n<meta name=\"twitter:label1\" content=\"Ber\u00e4knad l\u00e4stid\" \/>\n\t<meta name=\"twitter:data1\" content=\"1 minut\" \/>\n<!-- \/ Yoast SEO plugin. -->","yoast_head_json":{"title":"TRUUSK Rankst\u00f6d i St\u00e5l 2-pack - Rostfritt - Kl\u00e4tterst\u00f6d med Blad 50 x 181 cm - Svart - TRUUSK - Hem, Tr\u00e4dg\u00e5rd &amp; Fritid","robots":{"index":"index","follow":"follow","max-snippet":"max-snippet:-1","max-image-preview":"max-image-preview:large","max-video-preview":"max-video-preview:-1"},"canonical":"https:\/\/truusk.store\/sv\/produkt\/truusk-rankstod-i-stal-2-pack-rostfritt-klatterstod-med-blad-50-x-181-cm-svart\/","og_locale":"sv_SE","og_type":"article","og_title":"TRUUSK Rankst\u00f6d i St\u00e5l 2-pack - Rostfritt - Kl\u00e4tterst\u00f6d med Blad 50 x 181 cm - Svart - TRUUSK - Hem, Tr\u00e4dg\u00e5rd &amp; Fritid","og_description":"F\u00f6rvandla din tr\u00e4dg\u00e5rd med [BRAND NAME] kl\u00e4tterst\u00f6d! Detta set inneh\u00e5ller tv\u00e5 metallkl\u00e4tterst\u00f6d med ett charmigt m\u00f6nster av blad och sv\u00e4ngda...","og_url":"https:\/\/truusk.store\/sv\/produkt\/truusk-rankstod-i-stal-2-pack-rostfritt-klatterstod-med-blad-50-x-181-cm-svart\/","og_site_name":"TRUUSK - Hem, Tr\u00e4dg\u00e5rd &amp; Fritid","article_modified_time":"2026-03-12T08:34:26+00:00","og_image":[{"width":2000,"height":2000,"url":"https:\/\/i0.wp.com\/truusk.se\/wp-content\/uploads\/2026\/03\/rankstod-i-stal-2-pack-att-sticka-in-rostfritt-klatterstod-med-blad-50-x-181-cm-svart-1.webp?fit=2000%2C2000&ssl=1","type":"image\/webp"}],"twitter_card":"summary_large_image","twitter_misc":{"Ber\u00e4knad l\u00e4stid":"1 minut"},"schema":{"@context":"https:\/\/schema.org","@graph":[{"@type":"WebPage","@id":"https:\/\/truusk.store\/sv\/produkt\/truusk-rankstod-i-stal-2-pack-rostfritt-klatterstod-med-blad-50-x-181-cm-svart\/","url":"https:\/\/truusk.store\/sv\/produkt\/truusk-rankstod-i-stal-2-pack-rostfritt-klatterstod-med-blad-50-x-181-cm-svart\/","name":"TRUUSK Rankst\u00f6d i St\u00e5l 2-pack - Rostfritt - Kl\u00e4tterst\u00f6d med Blad 50 x 181 cm - Svart - TRUUSK - Hem, Tr\u00e4dg\u00e5rd &amp; Fritid","isPartOf":{"@id":"https:\/\/truusk.store\/sv\/#website"},"primaryImageOfPage":{"@id":"https:\/\/truusk.store\/sv\/produkt\/truusk-rankstod-i-stal-2-pack-rostfritt-klatterstod-med-blad-50-x-181-cm-svart\/#primaryimage"},"image":{"@id":"https:\/\/truusk.store\/sv\/produkt\/truusk-rankstod-i-stal-2-pack-rostfritt-klatterstod-med-blad-50-x-181-cm-svart\/#primaryimage"},"thumbnailUrl":"https:\/\/i0.wp.com\/truusk.store\/wp-content\/uploads\/2026\/03\/rankstod-i-stal-2-pack-att-sticka-in-rostfritt-klatterstod-med-blad-50-x-181-cm-svart-1.webp?fit=2000%2C2000&ssl=1","datePublished":"2026-03-11T11:42:51+00:00","dateModified":"2026-03-12T08:34:26+00:00","breadcrumb":{"@id":"https:\/\/truusk.store\/sv\/produkt\/truusk-rankstod-i-stal-2-pack-rostfritt-klatterstod-med-blad-50-x-181-cm-svart\/#breadcrumb"},"inLanguage":"sv-SE","potentialAction":[{"@type":"ReadAction","target":["https:\/\/truusk.store\/sv\/produkt\/truusk-rankstod-i-stal-2-pack-rostfritt-klatterstod-med-blad-50-x-181-cm-svart\/"]}]},{"@type":"ImageObject","inLanguage":"sv-SE","@id":"https:\/\/truusk.store\/sv\/produkt\/truusk-rankstod-i-stal-2-pack-rostfritt-klatterstod-med-blad-50-x-181-cm-svart\/#primaryimage","url":"https:\/\/i0.wp.com\/truusk.store\/wp-content\/uploads\/2026\/03\/rankstod-i-stal-2-pack-att-sticka-in-rostfritt-klatterstod-med-blad-50-x-181-cm-svart-1.webp?fit=2000%2C2000&ssl=1","contentUrl":"https:\/\/i0.wp.com\/truusk.store\/wp-content\/uploads\/2026\/03\/rankstod-i-stal-2-pack-att-sticka-in-rostfritt-klatterstod-med-blad-50-x-181-cm-svart-1.webp?fit=2000%2C2000&ssl=1","width":2000,"height":2000},{"@type":"BreadcrumbList","@id":"https:\/\/truusk.store\/sv\/produkt\/truusk-rankstod-i-stal-2-pack-rostfritt-klatterstod-med-blad-50-x-181-cm-svart\/#breadcrumb","itemListElement":[{"@type":"ListItem","position":1,"name":"Home","item":"https:\/\/truusk.store\/sv\/"},{"@type":"ListItem","position":2,"name":"Shop","item":"https:\/\/truusk.store\/shop\/"},{"@type":"ListItem","position":3,"name":"TRUUSK Rankst\u00f6d i St\u00e5l 2-pack &#8211; Rostfritt &#8211; Kl\u00e4tterst\u00f6d med Blad 50 x 181 cm &#8211; Svart"}]},{"@type":"WebSite","@id":"https:\/\/truusk.store\/sv\/#website","url":"https:\/\/truusk.store\/sv\/","name":"TRUUSK - Hem, Tr\u00e4dg\u00e5rd & Fritid","description":"","publisher":{"@id":"https:\/\/truusk.store\/sv\/#organization"},"potentialAction":[{"@type":"SearchAction","target":{"@type":"EntryPoint","urlTemplate":"https:\/\/truusk.store\/sv\/?s={search_term_string}"},"query-input":{"@type":"PropertyValueSpecification","valueRequired":true,"valueName":"search_term_string"}}],"inLanguage":"sv-SE"},{"@type":"Organization","@id":"https:\/\/truusk.store\/sv\/#organization","name":"TRUUSK - Hem, Tr\u00e4dg\u00e5rd & Fritid","url":"https:\/\/truusk.store\/sv\/","logo":{"@type":"ImageObject","inLanguage":"sv-SE","@id":"https:\/\/truusk.store\/sv\/#\/schema\/logo\/image\/","url":"https:\/\/i0.wp.com\/truusk.store\/wp-content\/uploads\/2026\/03\/cropped-TRUUSK.png?fit=2032%2C917&ssl=1","contentUrl":"https:\/\/i0.wp.com\/truusk.store\/wp-content\/uploads\/2026\/03\/cropped-TRUUSK.png?fit=2032%2C917&ssl=1","width":2032,"height":917,"caption":"TRUUSK - Hem, Tr\u00e4dg\u00e5rd & Fritid"},"image":{"@id":"https:\/\/truusk.store\/sv\/#\/schema\/logo\/image\/"}}]}},"jetpack_sharing_enabled":true,"_links":{"self":[{"href":"https:\/\/truusk.store\/sv\/wp-json\/wp\/v2\/product\/107751","targetHints":{"allow":["GET"]}}],"collection":[{"href":"https:\/\/truusk.store\/sv\/wp-json\/wp\/v2\/product"}],"about":[{"href":"https:\/\/truusk.store\/sv\/wp-json\/wp\/v2\/types\/product"}],"wp:featuredmedia":[{"embeddable":true,"href":"https:\/\/truusk.store\/sv\/wp-json\/wp\/v2\/media\/107740"}],"wp:attachment":[{"href":"https:\/\/truusk.store\/sv\/wp-json\/wp\/v2\/media?parent=107751"}],"wp:term":[{"taxonomy":"product_brand","embeddable":true,"href":"https:\/\/truusk.store\/sv\/wp-json\/wp\/v2\/product_brand?post=107751"},{"taxonomy":"product_cat","embeddable":true,"href":"https:\/\/truusk.store\/sv\/wp-json\/wp\/v2\/product_cat?post=107751"},{"taxonomy":"product_tag","embeddable":true,"href":"https:\/\/truusk.store\/sv\/wp-json\/wp\/v2\/product_tag?post=107751"}],"curies":[{"name":"wp","href":"https:\/\/api.w.org\/{rel}","templated":true}]}}