{"id":107765,"date":"2026-03-11T12:44:27","date_gmt":"2026-03-11T11:44:27","guid":{"rendered":"https:\/\/truusk.store\/product\/parasollfot-av-betong-18-kg-rund-parasollhallare-for-solparasoll-32-38-48mm-svart\/"},"modified":"2026-03-12T09:34:27","modified_gmt":"2026-03-12T08:34:27","slug":"truusk-parasollfot-av-betong-18-kg-rund-parasollhallare-for-solparasoll-32-38-48mm-svart","status":"publish","type":"product","link":"https:\/\/truusk.store\/sv\/produkt\/truusk-parasollfot-av-betong-18-kg-rund-parasollhallare-for-solparasoll-32-38-48mm-svart\/","title":{"rendered":"TRUUSK Parasollfot Av Betong 18 Kg &#8211; Rund Parasollh\u00e5llare &#8211; F\u00f6r Solparasoll 32\/38\/48mm &#8211; Svart"},"content":{"rendered":"<p> [BRAND NAME] parasollst\u00e4ll med vikt h\u00e5ller ditt parasoll s\u00e4kert och stabilt p\u00e5 plats, s\u00e5 att det kan ge den mycket beh\u00f6vda skuggan. H\u00f6ljet av robust HDPE-plast \u00e4r fyllt med betong f\u00f6r att ge extra vikt. Den pulverlackerade metallst\u00e5ngen h\u00e5ller parasollet s\u00e4kert, och en l\u00e5sknapp ger extra s\u00e4kerhet. <\/p>\n<p> Beskrivning: <\/p>\n<ul>\n<li> L\u00e4mplig f\u00f6r parasoll med en maximal h\u00f6jd p\u00e5 2,5 m och en st\u00e5ngdiameter p\u00e5 32 mm, 38 mm eller 48 mm <\/li>\n<li> HDPE-h\u00f6lje med betongfyllning f\u00f6r h\u00f6g stabilitet och robusthet <\/li>\n<li> Med en vikt p\u00e5 18 kg ger detta parasollst\u00e4ll s\u00e4kert st\u00f6d \u00e4ven vid kraftigt regn och vind <\/li>\n<li> L\u00e5sknapp f\u00f6r s\u00e4ker fixering av st\u00e5ngen <\/li>\n<li> Diskret och stilfull fl\u00e4tad design upptill <\/li>\n<li> Montering kr\u00e4vs <\/li>\n<\/ul>\n<p> Tekniska data: <\/p>\n<ul>\n<li> F\u00e4rg: Svart <\/li>\n<li> Material: HDPE, betong <\/li>\n<li> Totala m\u00e5tt: \u00d845 x 36H cm <\/li>\n<li> Storlek p\u00e5 nedre bas: \u00d845 x 11H cm <\/li>\n<li> St\u00e5ngstorlek: \u00d85,6 x 24,5H cm <\/li>\n<li> Passar f\u00f6r st\u00e4nger med \u00d83,2 cm, \u00d83,8 cm och \u00d84,8 cm <\/li>\n<li> Obs: V\u00e4nligen m\u00e4t diametern p\u00e5 ditt parasollst\u00e5ng i f\u00f6rv\u00e4g f\u00f6r att s\u00e4kerst\u00e4lla att v\u00e5r bas passar bra. <\/li>\n<\/ul>\n<p> Leverans inneh\u00e5ller: <\/p>\n<ul>\n<li> 1 x parasollst\u00e4ll <\/li>\n<li> 1 x instruktioner <\/li>\n<\/ul>\n","protected":false},"excerpt":{"rendered":"<p>[BRAND NAME] parasollst\u00e4ll med vikt h\u00e5ller ditt parasoll s\u00e4kert och stabilt p\u00e5 plats, s\u00e5 att det kan ge den mycket&#8230;<\/p>\n","protected":false},"featured_media":107752,"template":"","meta":[],"product_brand":[],"product_cat":[886,862,1036,858],"product_tag":[],"class_list":{"0":"post-107765","1":"product","2":"type-product","3":"status-publish","4":"has-post-thumbnail","6":"product_cat-schirmstander","7":"product_cat-sol-insynsskydd","8":"product_cat-tillbehor-for-solparaplyer","9":"product_cat-tradgard-terrass","11":"first","12":"instock","13":"sale","14":"taxable","15":"shipping-taxable","16":"purchasable","17":"product-type-simple"},"yoast_head":"<!-- This site is optimized with the Yoast SEO plugin v25.4 - https:\/\/yoast.com\/wordpress\/plugins\/seo\/ -->\n<title>TRUUSK Parasollfot Av Betong 18 Kg - Rund Parasollh\u00e5llare - F\u00f6r Solparasoll 32\/38\/48mm - Svart - TRUUSK - Hem, Tr\u00e4dg\u00e5rd &amp; Fritid<\/title>\n<meta name=\"robots\" content=\"index, follow, max-snippet:-1, max-image-preview:large, max-video-preview:-1\" \/>\n<link rel=\"canonical\" href=\"https:\/\/truusk.store\/sv\/produkt\/truusk-parasollfot-av-betong-18-kg-rund-parasollhallare-for-solparasoll-32-38-48mm-svart\/\" \/>\n<meta property=\"og:locale\" content=\"sv_SE\" \/>\n<meta property=\"og:type\" content=\"article\" \/>\n<meta property=\"og:title\" content=\"TRUUSK Parasollfot Av Betong 18 Kg - Rund Parasollh\u00e5llare - F\u00f6r Solparasoll 32\/38\/48mm - Svart - TRUUSK - Hem, Tr\u00e4dg\u00e5rd &amp; Fritid\" \/>\n<meta property=\"og:description\" content=\"[BRAND NAME] parasollst\u00e4ll med vikt h\u00e5ller ditt parasoll s\u00e4kert och stabilt p\u00e5 plats, s\u00e5 att det kan ge den mycket...\" \/>\n<meta property=\"og:url\" content=\"https:\/\/truusk.store\/sv\/produkt\/truusk-parasollfot-av-betong-18-kg-rund-parasollhallare-for-solparasoll-32-38-48mm-svart\/\" \/>\n<meta property=\"og:site_name\" content=\"TRUUSK - Hem, Tr\u00e4dg\u00e5rd &amp; Fritid\" \/>\n<meta property=\"article:modified_time\" content=\"2026-03-12T08:34:27+00:00\" \/>\n<meta property=\"og:image\" content=\"https:\/\/i0.wp.com\/truusk.se\/wp-content\/uploads\/2026\/03\/parasollfot-av-betong-18-kg-rund-parasollhallare-for-solparasoll-32-38-48mm-svart-1.webp?fit=2000%2C2000&ssl=1\" \/>\n\t<meta property=\"og:image:width\" content=\"2000\" \/>\n\t<meta property=\"og:image:height\" content=\"2000\" \/>\n\t<meta property=\"og:image:type\" content=\"image\/webp\" \/>\n<meta name=\"twitter:card\" content=\"summary_large_image\" \/>\n<meta name=\"twitter:label1\" content=\"Ber\u00e4knad l\u00e4stid\" \/>\n\t<meta name=\"twitter:data1\" content=\"1 minut\" \/>\n<!-- \/ Yoast SEO plugin. -->","yoast_head_json":{"title":"TRUUSK Parasollfot Av Betong 18 Kg - Rund Parasollh\u00e5llare - F\u00f6r Solparasoll 32\/38\/48mm - Svart - TRUUSK - Hem, Tr\u00e4dg\u00e5rd &amp; Fritid","robots":{"index":"index","follow":"follow","max-snippet":"max-snippet:-1","max-image-preview":"max-image-preview:large","max-video-preview":"max-video-preview:-1"},"canonical":"https:\/\/truusk.store\/sv\/produkt\/truusk-parasollfot-av-betong-18-kg-rund-parasollhallare-for-solparasoll-32-38-48mm-svart\/","og_locale":"sv_SE","og_type":"article","og_title":"TRUUSK Parasollfot Av Betong 18 Kg - Rund Parasollh\u00e5llare - F\u00f6r Solparasoll 32\/38\/48mm - Svart - TRUUSK - Hem, Tr\u00e4dg\u00e5rd &amp; Fritid","og_description":"[BRAND NAME] parasollst\u00e4ll med vikt h\u00e5ller ditt parasoll s\u00e4kert och stabilt p\u00e5 plats, s\u00e5 att det kan ge den mycket...","og_url":"https:\/\/truusk.store\/sv\/produkt\/truusk-parasollfot-av-betong-18-kg-rund-parasollhallare-for-solparasoll-32-38-48mm-svart\/","og_site_name":"TRUUSK - Hem, Tr\u00e4dg\u00e5rd &amp; Fritid","article_modified_time":"2026-03-12T08:34:27+00:00","og_image":[{"width":2000,"height":2000,"url":"https:\/\/i0.wp.com\/truusk.se\/wp-content\/uploads\/2026\/03\/parasollfot-av-betong-18-kg-rund-parasollhallare-for-solparasoll-32-38-48mm-svart-1.webp?fit=2000%2C2000&ssl=1","type":"image\/webp"}],"twitter_card":"summary_large_image","twitter_misc":{"Ber\u00e4knad l\u00e4stid":"1 minut"},"schema":{"@context":"https:\/\/schema.org","@graph":[{"@type":"WebPage","@id":"https:\/\/truusk.store\/sv\/produkt\/truusk-parasollfot-av-betong-18-kg-rund-parasollhallare-for-solparasoll-32-38-48mm-svart\/","url":"https:\/\/truusk.store\/sv\/produkt\/truusk-parasollfot-av-betong-18-kg-rund-parasollhallare-for-solparasoll-32-38-48mm-svart\/","name":"TRUUSK Parasollfot Av Betong 18 Kg - Rund Parasollh\u00e5llare - F\u00f6r Solparasoll 32\/38\/48mm - Svart - TRUUSK - Hem, Tr\u00e4dg\u00e5rd &amp; Fritid","isPartOf":{"@id":"https:\/\/truusk.store\/sv\/#website"},"primaryImageOfPage":{"@id":"https:\/\/truusk.store\/sv\/produkt\/truusk-parasollfot-av-betong-18-kg-rund-parasollhallare-for-solparasoll-32-38-48mm-svart\/#primaryimage"},"image":{"@id":"https:\/\/truusk.store\/sv\/produkt\/truusk-parasollfot-av-betong-18-kg-rund-parasollhallare-for-solparasoll-32-38-48mm-svart\/#primaryimage"},"thumbnailUrl":"https:\/\/i0.wp.com\/truusk.store\/wp-content\/uploads\/2026\/03\/parasollfot-av-betong-18-kg-rund-parasollhallare-for-solparasoll-32-38-48mm-svart-1.webp?fit=2000%2C2000&ssl=1","datePublished":"2026-03-11T11:44:27+00:00","dateModified":"2026-03-12T08:34:27+00:00","breadcrumb":{"@id":"https:\/\/truusk.store\/sv\/produkt\/truusk-parasollfot-av-betong-18-kg-rund-parasollhallare-for-solparasoll-32-38-48mm-svart\/#breadcrumb"},"inLanguage":"sv-SE","potentialAction":[{"@type":"ReadAction","target":["https:\/\/truusk.store\/sv\/produkt\/truusk-parasollfot-av-betong-18-kg-rund-parasollhallare-for-solparasoll-32-38-48mm-svart\/"]}]},{"@type":"ImageObject","inLanguage":"sv-SE","@id":"https:\/\/truusk.store\/sv\/produkt\/truusk-parasollfot-av-betong-18-kg-rund-parasollhallare-for-solparasoll-32-38-48mm-svart\/#primaryimage","url":"https:\/\/i0.wp.com\/truusk.store\/wp-content\/uploads\/2026\/03\/parasollfot-av-betong-18-kg-rund-parasollhallare-for-solparasoll-32-38-48mm-svart-1.webp?fit=2000%2C2000&ssl=1","contentUrl":"https:\/\/i0.wp.com\/truusk.store\/wp-content\/uploads\/2026\/03\/parasollfot-av-betong-18-kg-rund-parasollhallare-for-solparasoll-32-38-48mm-svart-1.webp?fit=2000%2C2000&ssl=1","width":2000,"height":2000},{"@type":"BreadcrumbList","@id":"https:\/\/truusk.store\/sv\/produkt\/truusk-parasollfot-av-betong-18-kg-rund-parasollhallare-for-solparasoll-32-38-48mm-svart\/#breadcrumb","itemListElement":[{"@type":"ListItem","position":1,"name":"Home","item":"https:\/\/truusk.store\/sv\/"},{"@type":"ListItem","position":2,"name":"Shop","item":"https:\/\/truusk.store\/shop\/"},{"@type":"ListItem","position":3,"name":"TRUUSK Parasollfot Av Betong 18 Kg &#8211; Rund Parasollh\u00e5llare &#8211; F\u00f6r Solparasoll 32\/38\/48mm &#8211; Svart"}]},{"@type":"WebSite","@id":"https:\/\/truusk.store\/sv\/#website","url":"https:\/\/truusk.store\/sv\/","name":"TRUUSK - Hem, Tr\u00e4dg\u00e5rd & Fritid","description":"","publisher":{"@id":"https:\/\/truusk.store\/sv\/#organization"},"potentialAction":[{"@type":"SearchAction","target":{"@type":"EntryPoint","urlTemplate":"https:\/\/truusk.store\/sv\/?s={search_term_string}"},"query-input":{"@type":"PropertyValueSpecification","valueRequired":true,"valueName":"search_term_string"}}],"inLanguage":"sv-SE"},{"@type":"Organization","@id":"https:\/\/truusk.store\/sv\/#organization","name":"TRUUSK - Hem, Tr\u00e4dg\u00e5rd & Fritid","url":"https:\/\/truusk.store\/sv\/","logo":{"@type":"ImageObject","inLanguage":"sv-SE","@id":"https:\/\/truusk.store\/sv\/#\/schema\/logo\/image\/","url":"https:\/\/i0.wp.com\/truusk.store\/wp-content\/uploads\/2026\/03\/cropped-TRUUSK.png?fit=2032%2C917&ssl=1","contentUrl":"https:\/\/i0.wp.com\/truusk.store\/wp-content\/uploads\/2026\/03\/cropped-TRUUSK.png?fit=2032%2C917&ssl=1","width":2032,"height":917,"caption":"TRUUSK - Hem, Tr\u00e4dg\u00e5rd & Fritid"},"image":{"@id":"https:\/\/truusk.store\/sv\/#\/schema\/logo\/image\/"}}]}},"jetpack_sharing_enabled":true,"_links":{"self":[{"href":"https:\/\/truusk.store\/sv\/wp-json\/wp\/v2\/product\/107765","targetHints":{"allow":["GET"]}}],"collection":[{"href":"https:\/\/truusk.store\/sv\/wp-json\/wp\/v2\/product"}],"about":[{"href":"https:\/\/truusk.store\/sv\/wp-json\/wp\/v2\/types\/product"}],"wp:featuredmedia":[{"embeddable":true,"href":"https:\/\/truusk.store\/sv\/wp-json\/wp\/v2\/media\/107752"}],"wp:attachment":[{"href":"https:\/\/truusk.store\/sv\/wp-json\/wp\/v2\/media?parent=107765"}],"wp:term":[{"taxonomy":"product_brand","embeddable":true,"href":"https:\/\/truusk.store\/sv\/wp-json\/wp\/v2\/product_brand?post=107765"},{"taxonomy":"product_cat","embeddable":true,"href":"https:\/\/truusk.store\/sv\/wp-json\/wp\/v2\/product_cat?post=107765"},{"taxonomy":"product_tag","embeddable":true,"href":"https:\/\/truusk.store\/sv\/wp-json\/wp\/v2\/product_tag?post=107765"}],"curies":[{"name":"wp","href":"https:\/\/api.w.org\/{rel}","templated":true}]}}