{"id":107771,"date":"2026-03-11T12:45:13","date_gmt":"2026-03-11T11:45:13","guid":{"rendered":"https:\/\/truusk.store\/product\/paviljong-med-dubbel-tak-3x3-m-vattenavvisande-stabil-vinterfast-tradgardspaviljong-med-myggnat-ljusgra\/"},"modified":"2026-03-12T09:35:23","modified_gmt":"2026-03-12T08:35:23","slug":"truusk-paviljong-med-dubbel-tak-3x3-m-vattenavvisande-stabil-vinterfast-tradgardspaviljong-med-myggnat-ljusgra","status":"publish","type":"product","link":"https:\/\/truusk.store\/sv\/produkt\/truusk-paviljong-med-dubbel-tak-3x3-m-vattenavvisande-stabil-vinterfast-tradgardspaviljong-med-myggnat-ljusgra\/","title":{"rendered":"TRUUSK Paviljong Med Dubbel Tak &#8211; 3&#215;3 M &#8211; Vattenavvisande &#8211; Stabil &#8211; Vinterfast &#8211; Tr\u00e4dg\u00e5rdspaviljong Med Myggn\u00e4t &#8211; Ljusgr\u00e5"},"content":{"rendered":"<p>Skaffa dig en bit av tr\u00e4dg\u00e5rdsromantik hemma. Med v\u00e5r mysiga dubbel tak paviljong var det aldrig sk\u00f6nare att luta sig tillbaka. Den 3&#215;3 paviljongen kommer med ett vattenavvisande tak, som \u00e4r tillverkat av h\u00f6gkvalitativt polyester med PA-bel\u00e4ggning. Taket tronar p\u00e5 en v\u00e4rdefull grundram av svartlackerat metall. Det anv\u00e4nda materialet \u00f6vertygar med v\u00e4derbest\u00e4ndighet och \u00e4r dekorerat med elegant dr\u00f6mmande l\u00f6vm\u00f6nster.<\/p>\n<p>Beskrivning:<\/p>\n<ul>\n<li> H\u00f6gkvalitativ paviljong i elegant design<\/li>\n<li> Vattenavvisande tak av v\u00e4derbest\u00e4ndigt polyester<\/li>\n<li> Stabil, fast installerad dubbel tak f\u00f6r god luftcirkulation<\/li>\n<li> Sm\u00e5 f\u00f6rst\u00e4rkta h\u00e5l vid takkanten l\u00e5ter vattnet rinna av vid regn<\/li>\n<li> Sidov\u00e4ggar med myggn\u00e4t kan \u00f6ppnas och st\u00e4ngas efter behag och erbjuder ett idealiskt skydd mot myggor och insekter<\/li>\n<li> S\u00f6mmen p\u00e5 taket \u00e4r f\u00f6rsedd med ett vattenavvisande skikt f\u00f6r extra skydd mot vind och regn<\/li>\n<\/ul>\n<p> Tekniska data:<\/p>\n<ul>\n<li> F\u00e4rg: Ljusgr\u00e5+Svart<\/li>\n<li> Material: St\u00e5l, Polyester<\/li>\n<li> Totala m\u00e5tt: 300L x 300B x 272H cm<\/li>\n<li> Inre m\u00e5tt: 192L x 192B cm<\/li>\n<li> Genomg\u00e5ngsh\u00f6jd: 187 cm<\/li>\n<\/ul>\n<p>Leveransinneh\u00e5ll:<\/p>\n<ul>\n<li> Paviljong med dubbel tak<\/li>\n<li> 8 x Vattenavlopp av plast<\/li>\n<li> 8 x T\u00e4ltspikar<\/li>\n<li> Monteringsanvisningar, inklusive alla n\u00f6dv\u00e4ndiga skruvar och passande verktyg<\/li>\n<\/ul>\n","protected":false},"excerpt":{"rendered":"<p>Skaffa dig en bit av tr\u00e4dg\u00e5rdsromantik hemma. Med v\u00e5r mysiga dubbel tak paviljong var det aldrig sk\u00f6nare att luta sig&#8230;<\/p>\n","protected":false},"featured_media":107758,"template":"","meta":[],"product_brand":[],"product_cat":[477,858,476],"product_tag":[],"class_list":{"0":"post-107771","1":"product","2":"type-product","3":"status-publish","4":"has-post-thumbnail","6":"product_cat-paviljonger-partytalt","7":"product_cat-tradgard-terrass","8":"product_cat-tradgardspaviljonger","10":"first","11":"instock","12":"sale","13":"taxable","14":"shipping-taxable","15":"purchasable","16":"product-type-simple"},"yoast_head":"<!-- This site is optimized with the Yoast SEO plugin v25.4 - https:\/\/yoast.com\/wordpress\/plugins\/seo\/ -->\n<title>TRUUSK Paviljong Med Dubbel Tak - 3x3 M - Vattenavvisande - Stabil - Vinterfast - Tr\u00e4dg\u00e5rdspaviljong Med Myggn\u00e4t - Ljusgr\u00e5 - TRUUSK - Hem, Tr\u00e4dg\u00e5rd &amp; Fritid<\/title>\n<meta name=\"robots\" content=\"index, follow, max-snippet:-1, max-image-preview:large, max-video-preview:-1\" \/>\n<link rel=\"canonical\" href=\"https:\/\/truusk.store\/sv\/produkt\/truusk-paviljong-med-dubbel-tak-3x3-m-vattenavvisande-stabil-vinterfast-tradgardspaviljong-med-myggnat-ljusgra\/\" \/>\n<meta property=\"og:locale\" content=\"sv_SE\" \/>\n<meta property=\"og:type\" content=\"article\" \/>\n<meta property=\"og:title\" content=\"TRUUSK Paviljong Med Dubbel Tak - 3x3 M - Vattenavvisande - Stabil - Vinterfast - Tr\u00e4dg\u00e5rdspaviljong Med Myggn\u00e4t - Ljusgr\u00e5 - TRUUSK - Hem, Tr\u00e4dg\u00e5rd &amp; Fritid\" \/>\n<meta property=\"og:description\" content=\"Skaffa dig en bit av tr\u00e4dg\u00e5rdsromantik hemma. Med v\u00e5r mysiga dubbel tak paviljong var det aldrig sk\u00f6nare att luta sig...\" \/>\n<meta property=\"og:url\" content=\"https:\/\/truusk.store\/sv\/produkt\/truusk-paviljong-med-dubbel-tak-3x3-m-vattenavvisande-stabil-vinterfast-tradgardspaviljong-med-myggnat-ljusgra\/\" \/>\n<meta property=\"og:site_name\" content=\"TRUUSK - Hem, Tr\u00e4dg\u00e5rd &amp; Fritid\" \/>\n<meta property=\"article:modified_time\" content=\"2026-03-12T08:35:23+00:00\" \/>\n<meta property=\"og:image\" content=\"https:\/\/i0.wp.com\/truusk.se\/wp-content\/uploads\/2026\/03\/paviljong-med-dubbel-tak-3x3-m-vattenavvisande-stabil-vinterfast-tradgardspaviljong-med-myggnat-ljusgra-1.webp?fit=2000%2C2000&ssl=1\" \/>\n\t<meta property=\"og:image:width\" content=\"2000\" \/>\n\t<meta property=\"og:image:height\" content=\"2000\" \/>\n\t<meta property=\"og:image:type\" content=\"image\/webp\" \/>\n<meta name=\"twitter:card\" content=\"summary_large_image\" \/>\n<meta name=\"twitter:label1\" content=\"Ber\u00e4knad l\u00e4stid\" \/>\n\t<meta name=\"twitter:data1\" content=\"1 minut\" \/>\n<!-- \/ Yoast SEO plugin. -->","yoast_head_json":{"title":"TRUUSK Paviljong Med Dubbel Tak - 3x3 M - Vattenavvisande - Stabil - Vinterfast - Tr\u00e4dg\u00e5rdspaviljong Med Myggn\u00e4t - Ljusgr\u00e5 - TRUUSK - Hem, Tr\u00e4dg\u00e5rd &amp; Fritid","robots":{"index":"index","follow":"follow","max-snippet":"max-snippet:-1","max-image-preview":"max-image-preview:large","max-video-preview":"max-video-preview:-1"},"canonical":"https:\/\/truusk.store\/sv\/produkt\/truusk-paviljong-med-dubbel-tak-3x3-m-vattenavvisande-stabil-vinterfast-tradgardspaviljong-med-myggnat-ljusgra\/","og_locale":"sv_SE","og_type":"article","og_title":"TRUUSK Paviljong Med Dubbel Tak - 3x3 M - Vattenavvisande - Stabil - Vinterfast - Tr\u00e4dg\u00e5rdspaviljong Med Myggn\u00e4t - Ljusgr\u00e5 - TRUUSK - Hem, Tr\u00e4dg\u00e5rd &amp; Fritid","og_description":"Skaffa dig en bit av tr\u00e4dg\u00e5rdsromantik hemma. Med v\u00e5r mysiga dubbel tak paviljong var det aldrig sk\u00f6nare att luta sig...","og_url":"https:\/\/truusk.store\/sv\/produkt\/truusk-paviljong-med-dubbel-tak-3x3-m-vattenavvisande-stabil-vinterfast-tradgardspaviljong-med-myggnat-ljusgra\/","og_site_name":"TRUUSK - Hem, Tr\u00e4dg\u00e5rd &amp; Fritid","article_modified_time":"2026-03-12T08:35:23+00:00","og_image":[{"width":2000,"height":2000,"url":"https:\/\/i0.wp.com\/truusk.se\/wp-content\/uploads\/2026\/03\/paviljong-med-dubbel-tak-3x3-m-vattenavvisande-stabil-vinterfast-tradgardspaviljong-med-myggnat-ljusgra-1.webp?fit=2000%2C2000&ssl=1","type":"image\/webp"}],"twitter_card":"summary_large_image","twitter_misc":{"Ber\u00e4knad l\u00e4stid":"1 minut"},"schema":{"@context":"https:\/\/schema.org","@graph":[{"@type":"WebPage","@id":"https:\/\/truusk.store\/sv\/produkt\/truusk-paviljong-med-dubbel-tak-3x3-m-vattenavvisande-stabil-vinterfast-tradgardspaviljong-med-myggnat-ljusgra\/","url":"https:\/\/truusk.store\/sv\/produkt\/truusk-paviljong-med-dubbel-tak-3x3-m-vattenavvisande-stabil-vinterfast-tradgardspaviljong-med-myggnat-ljusgra\/","name":"TRUUSK Paviljong Med Dubbel Tak - 3x3 M - Vattenavvisande - Stabil - Vinterfast - Tr\u00e4dg\u00e5rdspaviljong Med Myggn\u00e4t - Ljusgr\u00e5 - TRUUSK - Hem, Tr\u00e4dg\u00e5rd &amp; Fritid","isPartOf":{"@id":"https:\/\/truusk.store\/sv\/#website"},"primaryImageOfPage":{"@id":"https:\/\/truusk.store\/sv\/produkt\/truusk-paviljong-med-dubbel-tak-3x3-m-vattenavvisande-stabil-vinterfast-tradgardspaviljong-med-myggnat-ljusgra\/#primaryimage"},"image":{"@id":"https:\/\/truusk.store\/sv\/produkt\/truusk-paviljong-med-dubbel-tak-3x3-m-vattenavvisande-stabil-vinterfast-tradgardspaviljong-med-myggnat-ljusgra\/#primaryimage"},"thumbnailUrl":"https:\/\/i0.wp.com\/truusk.store\/wp-content\/uploads\/2026\/03\/paviljong-med-dubbel-tak-3x3-m-vattenavvisande-stabil-vinterfast-tradgardspaviljong-med-myggnat-ljusgra-1.webp?fit=2000%2C2000&ssl=1","datePublished":"2026-03-11T11:45:13+00:00","dateModified":"2026-03-12T08:35:23+00:00","breadcrumb":{"@id":"https:\/\/truusk.store\/sv\/produkt\/truusk-paviljong-med-dubbel-tak-3x3-m-vattenavvisande-stabil-vinterfast-tradgardspaviljong-med-myggnat-ljusgra\/#breadcrumb"},"inLanguage":"sv-SE","potentialAction":[{"@type":"ReadAction","target":["https:\/\/truusk.store\/sv\/produkt\/truusk-paviljong-med-dubbel-tak-3x3-m-vattenavvisande-stabil-vinterfast-tradgardspaviljong-med-myggnat-ljusgra\/"]}]},{"@type":"ImageObject","inLanguage":"sv-SE","@id":"https:\/\/truusk.store\/sv\/produkt\/truusk-paviljong-med-dubbel-tak-3x3-m-vattenavvisande-stabil-vinterfast-tradgardspaviljong-med-myggnat-ljusgra\/#primaryimage","url":"https:\/\/i0.wp.com\/truusk.store\/wp-content\/uploads\/2026\/03\/paviljong-med-dubbel-tak-3x3-m-vattenavvisande-stabil-vinterfast-tradgardspaviljong-med-myggnat-ljusgra-1.webp?fit=2000%2C2000&ssl=1","contentUrl":"https:\/\/i0.wp.com\/truusk.store\/wp-content\/uploads\/2026\/03\/paviljong-med-dubbel-tak-3x3-m-vattenavvisande-stabil-vinterfast-tradgardspaviljong-med-myggnat-ljusgra-1.webp?fit=2000%2C2000&ssl=1","width":2000,"height":2000},{"@type":"BreadcrumbList","@id":"https:\/\/truusk.store\/sv\/produkt\/truusk-paviljong-med-dubbel-tak-3x3-m-vattenavvisande-stabil-vinterfast-tradgardspaviljong-med-myggnat-ljusgra\/#breadcrumb","itemListElement":[{"@type":"ListItem","position":1,"name":"Home","item":"https:\/\/truusk.store\/sv\/"},{"@type":"ListItem","position":2,"name":"Shop","item":"https:\/\/truusk.store\/shop\/"},{"@type":"ListItem","position":3,"name":"TRUUSK Paviljong Med Dubbel Tak &#8211; 3&#215;3 M &#8211; Vattenavvisande &#8211; Stabil &#8211; Vinterfast &#8211; Tr\u00e4dg\u00e5rdspaviljong Med Myggn\u00e4t &#8211; Ljusgr\u00e5"}]},{"@type":"WebSite","@id":"https:\/\/truusk.store\/sv\/#website","url":"https:\/\/truusk.store\/sv\/","name":"TRUUSK - Hem, Tr\u00e4dg\u00e5rd & Fritid","description":"","publisher":{"@id":"https:\/\/truusk.store\/sv\/#organization"},"potentialAction":[{"@type":"SearchAction","target":{"@type":"EntryPoint","urlTemplate":"https:\/\/truusk.store\/sv\/?s={search_term_string}"},"query-input":{"@type":"PropertyValueSpecification","valueRequired":true,"valueName":"search_term_string"}}],"inLanguage":"sv-SE"},{"@type":"Organization","@id":"https:\/\/truusk.store\/sv\/#organization","name":"TRUUSK - Hem, Tr\u00e4dg\u00e5rd & Fritid","url":"https:\/\/truusk.store\/sv\/","logo":{"@type":"ImageObject","inLanguage":"sv-SE","@id":"https:\/\/truusk.store\/sv\/#\/schema\/logo\/image\/","url":"https:\/\/i0.wp.com\/truusk.store\/wp-content\/uploads\/2026\/03\/cropped-TRUUSK.png?fit=2032%2C917&ssl=1","contentUrl":"https:\/\/i0.wp.com\/truusk.store\/wp-content\/uploads\/2026\/03\/cropped-TRUUSK.png?fit=2032%2C917&ssl=1","width":2032,"height":917,"caption":"TRUUSK - Hem, Tr\u00e4dg\u00e5rd & Fritid"},"image":{"@id":"https:\/\/truusk.store\/sv\/#\/schema\/logo\/image\/"}}]}},"jetpack_sharing_enabled":true,"_links":{"self":[{"href":"https:\/\/truusk.store\/sv\/wp-json\/wp\/v2\/product\/107771","targetHints":{"allow":["GET"]}}],"collection":[{"href":"https:\/\/truusk.store\/sv\/wp-json\/wp\/v2\/product"}],"about":[{"href":"https:\/\/truusk.store\/sv\/wp-json\/wp\/v2\/types\/product"}],"wp:featuredmedia":[{"embeddable":true,"href":"https:\/\/truusk.store\/sv\/wp-json\/wp\/v2\/media\/107758"}],"wp:attachment":[{"href":"https:\/\/truusk.store\/sv\/wp-json\/wp\/v2\/media?parent=107771"}],"wp:term":[{"taxonomy":"product_brand","embeddable":true,"href":"https:\/\/truusk.store\/sv\/wp-json\/wp\/v2\/product_brand?post=107771"},{"taxonomy":"product_cat","embeddable":true,"href":"https:\/\/truusk.store\/sv\/wp-json\/wp\/v2\/product_cat?post=107771"},{"taxonomy":"product_tag","embeddable":true,"href":"https:\/\/truusk.store\/sv\/wp-json\/wp\/v2\/product_tag?post=107771"}],"curies":[{"name":"wp","href":"https:\/\/api.w.org\/{rel}","templated":true}]}}