{"id":107803,"date":"2026-03-11T12:49:27","date_gmt":"2026-03-11T11:49:27","guid":{"rendered":"https:\/\/truusk.store\/product\/tradgardsmobeloverdrag-skyddsholje-for-utemobler-215-cm-x-155-cm-x-150-cm-svart\/"},"modified":"2026-03-12T09:37:29","modified_gmt":"2026-03-12T08:37:29","slug":"truusk-tradgardsmobeloverdrag-svart-215x155x150-cm-vattentatt-uv-skydd-for-utemobler","status":"publish","type":"product","link":"https:\/\/truusk.store\/sv\/produkt\/truusk-tradgardsmobeloverdrag-svart-215x155x150-cm-vattentatt-uv-skydd-for-utemobler\/","title":{"rendered":"TRUUSK Tr\u00e4dg\u00e5rdsm\u00f6bel\u00f6verdrag &#8211; Svart &#8211; 215x155x150 cm &#8211; Vattent\u00e4tt &#8211; UV-skydd &#8211; F\u00f6r Utem\u00f6bler"},"content":{"rendered":"<p>En praktisk till\u00e4gg till dina utem\u00f6bler \u00e4r detta m\u00f6belskydd fr\u00e5n [BRAND NAME]. Praktisk och elegant, den erbjuder det ultimata skyddet mot smuts och v\u00e4derp\u00e5verkan f\u00f6r dina utem\u00f6bler. Den \u00e4r gjord av polyeten med en vattent\u00e4t bel\u00e4ggning. Den \u00e4r v\u00e4derbest\u00e4ndig och UV-resistent. Med detta m\u00f6belskydd kan du snabbt och enkelt t\u00e4cka dina m\u00f6bler. De fyra \u00f6glorna i h\u00f6rnen och dragsn\u00f6ret s\u00e4kerst\u00e4ller enkel fasts\u00e4ttning och h\u00e5ller \u00e4ven p\u00e5 bl\u00e5siga dagar.<\/p>\n<p>Beskrivning:<\/p>\n<ul>\n<li> Smutsavvisande, v\u00e4der- och UV-resistent Hollywood-sv\u00e4ngskydd av PE med bel\u00e4ggning<\/li>\n<li> S\u00e4rskilt l\u00e4mplig f\u00f6r stora, rektangul\u00e4ra m\u00f6bler<\/li>\n<li> Utrustad med dragsn\u00f6re inkl. sp\u00e4nne och 4 f\u00e4st\u00f6glor<\/li>\n<li> Dragkedja p\u00e5 framsidan f\u00f6r bekv\u00e4m avtagning<\/li>\n<li> Snabb och platsbesparande f\u00f6rvaring<\/li>\n<li> L\u00e4tt att reng\u00f6ra<\/li>\n<\/ul>\n<p> Tekniska data:<\/p>\n<ul>\n<li> F\u00e4rg: Svart<\/li>\n<li> Material: PE<\/li>\n<li> Totala m\u00e5tt: 215L x 155B x 150H cm<\/li>\n<li> Diameter p\u00e5 \u00f6glorna: \u00d80,8 cm<\/li>\n<\/ul>\n<p>Leveransinneh\u00e5ll:<\/p>\n<ul>\n<li> 1 x M\u00f6belskydd (inkl. 1 st\u00e4ngningsband);<\/li>\n<\/ul>\n","protected":false},"excerpt":{"rendered":"<p>En praktisk till\u00e4gg till dina utem\u00f6bler \u00e4r detta m\u00f6belskydd fr\u00e5n [BRAND NAME]. Praktisk och elegant, den erbjuder det ultimata skyddet&#8230;<\/p>\n","protected":false},"featured_media":107785,"template":"","meta":[],"product_brand":[],"product_cat":[1034,453,858,450],"product_tag":[],"class_list":{"0":"post-107803","1":"product","2":"type-product","3":"status-publish","4":"has-post-thumbnail","6":"product_cat-abdeckung","7":"product_cat-hollywood-gungor","8":"product_cat-tradgard-terrass","9":"product_cat-tradgardsmobler","11":"first","12":"instock","13":"sale","14":"taxable","15":"shipping-taxable","16":"purchasable","17":"product-type-simple"},"yoast_head":"<!-- This site is optimized with the Yoast SEO plugin v25.4 - https:\/\/yoast.com\/wordpress\/plugins\/seo\/ -->\n<title>TRUUSK Tr\u00e4dg\u00e5rdsm\u00f6bel\u00f6verdrag - Svart - 215x155x150 cm - Vattent\u00e4tt - UV-skydd - F\u00f6r Utem\u00f6bler - TRUUSK - Hem, Tr\u00e4dg\u00e5rd &amp; Fritid<\/title>\n<meta name=\"robots\" content=\"index, follow, max-snippet:-1, max-image-preview:large, max-video-preview:-1\" \/>\n<link rel=\"canonical\" href=\"https:\/\/truusk.store\/sv\/produkt\/truusk-tradgardsmobeloverdrag-svart-215x155x150-cm-vattentatt-uv-skydd-for-utemobler\/\" \/>\n<meta property=\"og:locale\" content=\"sv_SE\" \/>\n<meta property=\"og:type\" content=\"article\" \/>\n<meta property=\"og:title\" content=\"TRUUSK Tr\u00e4dg\u00e5rdsm\u00f6bel\u00f6verdrag - Svart - 215x155x150 cm - Vattent\u00e4tt - UV-skydd - F\u00f6r Utem\u00f6bler - TRUUSK - Hem, Tr\u00e4dg\u00e5rd &amp; Fritid\" \/>\n<meta property=\"og:description\" content=\"En praktisk till\u00e4gg till dina utem\u00f6bler \u00e4r detta m\u00f6belskydd fr\u00e5n [BRAND NAME]. Praktisk och elegant, den erbjuder det ultimata skyddet...\" \/>\n<meta property=\"og:url\" content=\"https:\/\/truusk.store\/sv\/produkt\/truusk-tradgardsmobeloverdrag-svart-215x155x150-cm-vattentatt-uv-skydd-for-utemobler\/\" \/>\n<meta property=\"og:site_name\" content=\"TRUUSK - Hem, Tr\u00e4dg\u00e5rd &amp; Fritid\" \/>\n<meta property=\"article:modified_time\" content=\"2026-03-12T08:37:29+00:00\" \/>\n<meta property=\"og:image\" content=\"https:\/\/i0.wp.com\/truusk.se\/wp-content\/uploads\/2026\/03\/tradgardsmobeloverdrag-skyddsholje-for-utemobler-215-cm-x-155-cm-x-150-cm-svart-1.webp?fit=2000%2C2000&ssl=1\" \/>\n\t<meta property=\"og:image:width\" content=\"2000\" \/>\n\t<meta property=\"og:image:height\" content=\"2000\" \/>\n\t<meta property=\"og:image:type\" content=\"image\/webp\" \/>\n<meta name=\"twitter:card\" content=\"summary_large_image\" \/>\n<meta name=\"twitter:label1\" content=\"Ber\u00e4knad l\u00e4stid\" \/>\n\t<meta name=\"twitter:data1\" content=\"1 minut\" \/>\n<!-- \/ Yoast SEO plugin. -->","yoast_head_json":{"title":"TRUUSK Tr\u00e4dg\u00e5rdsm\u00f6bel\u00f6verdrag - Svart - 215x155x150 cm - Vattent\u00e4tt - UV-skydd - F\u00f6r Utem\u00f6bler - TRUUSK - Hem, Tr\u00e4dg\u00e5rd &amp; Fritid","robots":{"index":"index","follow":"follow","max-snippet":"max-snippet:-1","max-image-preview":"max-image-preview:large","max-video-preview":"max-video-preview:-1"},"canonical":"https:\/\/truusk.store\/sv\/produkt\/truusk-tradgardsmobeloverdrag-svart-215x155x150-cm-vattentatt-uv-skydd-for-utemobler\/","og_locale":"sv_SE","og_type":"article","og_title":"TRUUSK Tr\u00e4dg\u00e5rdsm\u00f6bel\u00f6verdrag - Svart - 215x155x150 cm - Vattent\u00e4tt - UV-skydd - F\u00f6r Utem\u00f6bler - TRUUSK - Hem, Tr\u00e4dg\u00e5rd &amp; Fritid","og_description":"En praktisk till\u00e4gg till dina utem\u00f6bler \u00e4r detta m\u00f6belskydd fr\u00e5n [BRAND NAME]. Praktisk och elegant, den erbjuder det ultimata skyddet...","og_url":"https:\/\/truusk.store\/sv\/produkt\/truusk-tradgardsmobeloverdrag-svart-215x155x150-cm-vattentatt-uv-skydd-for-utemobler\/","og_site_name":"TRUUSK - Hem, Tr\u00e4dg\u00e5rd &amp; Fritid","article_modified_time":"2026-03-12T08:37:29+00:00","og_image":[{"width":2000,"height":2000,"url":"https:\/\/i0.wp.com\/truusk.se\/wp-content\/uploads\/2026\/03\/tradgardsmobeloverdrag-skyddsholje-for-utemobler-215-cm-x-155-cm-x-150-cm-svart-1.webp?fit=2000%2C2000&ssl=1","type":"image\/webp"}],"twitter_card":"summary_large_image","twitter_misc":{"Ber\u00e4knad l\u00e4stid":"1 minut"},"schema":{"@context":"https:\/\/schema.org","@graph":[{"@type":"WebPage","@id":"https:\/\/truusk.store\/sv\/produkt\/truusk-tradgardsmobeloverdrag-svart-215x155x150-cm-vattentatt-uv-skydd-for-utemobler\/","url":"https:\/\/truusk.store\/sv\/produkt\/truusk-tradgardsmobeloverdrag-svart-215x155x150-cm-vattentatt-uv-skydd-for-utemobler\/","name":"TRUUSK Tr\u00e4dg\u00e5rdsm\u00f6bel\u00f6verdrag - Svart - 215x155x150 cm - Vattent\u00e4tt - UV-skydd - F\u00f6r Utem\u00f6bler - TRUUSK - Hem, Tr\u00e4dg\u00e5rd &amp; Fritid","isPartOf":{"@id":"https:\/\/truusk.store\/sv\/#website"},"primaryImageOfPage":{"@id":"https:\/\/truusk.store\/sv\/produkt\/truusk-tradgardsmobeloverdrag-svart-215x155x150-cm-vattentatt-uv-skydd-for-utemobler\/#primaryimage"},"image":{"@id":"https:\/\/truusk.store\/sv\/produkt\/truusk-tradgardsmobeloverdrag-svart-215x155x150-cm-vattentatt-uv-skydd-for-utemobler\/#primaryimage"},"thumbnailUrl":"https:\/\/i0.wp.com\/truusk.store\/wp-content\/uploads\/2026\/03\/tradgardsmobeloverdrag-skyddsholje-for-utemobler-215-cm-x-155-cm-x-150-cm-svart-1.webp?fit=2000%2C2000&ssl=1","datePublished":"2026-03-11T11:49:27+00:00","dateModified":"2026-03-12T08:37:29+00:00","breadcrumb":{"@id":"https:\/\/truusk.store\/sv\/produkt\/truusk-tradgardsmobeloverdrag-svart-215x155x150-cm-vattentatt-uv-skydd-for-utemobler\/#breadcrumb"},"inLanguage":"sv-SE","potentialAction":[{"@type":"ReadAction","target":["https:\/\/truusk.store\/sv\/produkt\/truusk-tradgardsmobeloverdrag-svart-215x155x150-cm-vattentatt-uv-skydd-for-utemobler\/"]}]},{"@type":"ImageObject","inLanguage":"sv-SE","@id":"https:\/\/truusk.store\/sv\/produkt\/truusk-tradgardsmobeloverdrag-svart-215x155x150-cm-vattentatt-uv-skydd-for-utemobler\/#primaryimage","url":"https:\/\/i0.wp.com\/truusk.store\/wp-content\/uploads\/2026\/03\/tradgardsmobeloverdrag-skyddsholje-for-utemobler-215-cm-x-155-cm-x-150-cm-svart-1.webp?fit=2000%2C2000&ssl=1","contentUrl":"https:\/\/i0.wp.com\/truusk.store\/wp-content\/uploads\/2026\/03\/tradgardsmobeloverdrag-skyddsholje-for-utemobler-215-cm-x-155-cm-x-150-cm-svart-1.webp?fit=2000%2C2000&ssl=1","width":2000,"height":2000},{"@type":"BreadcrumbList","@id":"https:\/\/truusk.store\/sv\/produkt\/truusk-tradgardsmobeloverdrag-svart-215x155x150-cm-vattentatt-uv-skydd-for-utemobler\/#breadcrumb","itemListElement":[{"@type":"ListItem","position":1,"name":"Home","item":"https:\/\/truusk.store\/sv\/"},{"@type":"ListItem","position":2,"name":"Shop","item":"https:\/\/truusk.store\/shop\/"},{"@type":"ListItem","position":3,"name":"TRUUSK Tr\u00e4dg\u00e5rdsm\u00f6bel\u00f6verdrag &#8211; Svart &#8211; 215x155x150 cm &#8211; Vattent\u00e4tt &#8211; UV-skydd &#8211; F\u00f6r Utem\u00f6bler"}]},{"@type":"WebSite","@id":"https:\/\/truusk.store\/sv\/#website","url":"https:\/\/truusk.store\/sv\/","name":"TRUUSK - Hem, Tr\u00e4dg\u00e5rd & Fritid","description":"","publisher":{"@id":"https:\/\/truusk.store\/sv\/#organization"},"potentialAction":[{"@type":"SearchAction","target":{"@type":"EntryPoint","urlTemplate":"https:\/\/truusk.store\/sv\/?s={search_term_string}"},"query-input":{"@type":"PropertyValueSpecification","valueRequired":true,"valueName":"search_term_string"}}],"inLanguage":"sv-SE"},{"@type":"Organization","@id":"https:\/\/truusk.store\/sv\/#organization","name":"TRUUSK - Hem, Tr\u00e4dg\u00e5rd & Fritid","url":"https:\/\/truusk.store\/sv\/","logo":{"@type":"ImageObject","inLanguage":"sv-SE","@id":"https:\/\/truusk.store\/sv\/#\/schema\/logo\/image\/","url":"https:\/\/i0.wp.com\/truusk.store\/wp-content\/uploads\/2026\/03\/cropped-TRUUSK.png?fit=2032%2C917&ssl=1","contentUrl":"https:\/\/i0.wp.com\/truusk.store\/wp-content\/uploads\/2026\/03\/cropped-TRUUSK.png?fit=2032%2C917&ssl=1","width":2032,"height":917,"caption":"TRUUSK - Hem, Tr\u00e4dg\u00e5rd & Fritid"},"image":{"@id":"https:\/\/truusk.store\/sv\/#\/schema\/logo\/image\/"}}]}},"jetpack_sharing_enabled":true,"_links":{"self":[{"href":"https:\/\/truusk.store\/sv\/wp-json\/wp\/v2\/product\/107803","targetHints":{"allow":["GET"]}}],"collection":[{"href":"https:\/\/truusk.store\/sv\/wp-json\/wp\/v2\/product"}],"about":[{"href":"https:\/\/truusk.store\/sv\/wp-json\/wp\/v2\/types\/product"}],"wp:featuredmedia":[{"embeddable":true,"href":"https:\/\/truusk.store\/sv\/wp-json\/wp\/v2\/media\/107785"}],"wp:attachment":[{"href":"https:\/\/truusk.store\/sv\/wp-json\/wp\/v2\/media?parent=107803"}],"wp:term":[{"taxonomy":"product_brand","embeddable":true,"href":"https:\/\/truusk.store\/sv\/wp-json\/wp\/v2\/product_brand?post=107803"},{"taxonomy":"product_cat","embeddable":true,"href":"https:\/\/truusk.store\/sv\/wp-json\/wp\/v2\/product_cat?post=107803"},{"taxonomy":"product_tag","embeddable":true,"href":"https:\/\/truusk.store\/sv\/wp-json\/wp\/v2\/product_tag?post=107803"}],"curies":[{"name":"wp","href":"https:\/\/api.w.org\/{rel}","templated":true}]}}