{"id":10784,"date":"2024-02-13T10:24:41","date_gmt":"2024-02-13T09:24:41","guid":{"rendered":"https:\/\/truusk.store\/product\/uppblasbar-hoppborg-med-rutschkana-for-3-barn-slott-med-flakt-for-3-8-ar-rod-bla-gron-280-x-260-x-210-cm\/"},"modified":"2026-03-12T08:57:19","modified_gmt":"2026-03-12T07:57:19","slug":"truusk-uppblasbar-hoppborg-med-rutschkana-slott-for-3-barn-inklusive-flakt-for-3-8-ar-rod-bla-gron-280-x-260-x-210","status":"publish","type":"product","link":"https:\/\/truusk.store\/sv\/produkt\/truusk-uppblasbar-hoppborg-med-rutschkana-slott-for-3-barn-inklusive-flakt-for-3-8-ar-rod-bla-gron-280-x-260-x-210\/","title":{"rendered":"TRUUSK Uppbl\u00e5sbar Hoppborg Med Rutschkana &#8211; Slott f\u00f6r 3 Barn &#8211; Inklusive Fl\u00e4kt &#8211; F\u00f6r 3-8 \u00e5r &#8211; R\u00f6d + Bl\u00e5 + Gr\u00f6n &#8211; 280 x 260 x 210"},"content":{"rendered":"<p>Med sitt sagoslottsutseende och i\u00f6gonfallande f\u00e4rg kan detta uppbl\u00e5sbara hoppslott dra till sig dina barns uppm\u00e4rksamhet fullt ut. Den erbjuder upp till 3 barn en s\u00e4ker plats att sl\u00e4ppa ut \u00e5nga och br\u00e4nna bort \u00f6verfl\u00f6dig energi. Best\u00e4ll detta sagolika hoppborg och ge dina barn och dig sj\u00e4lv l\u00e5ngvarigt roligt och of\u00f6rgl\u00f6mligt hoppkul!<\/p>\n<h3>Beskrivning:<\/h3>\n<ul>\n<li>Slottsdesign och rika f\u00e4rger tilltalar ditt barn<\/li>\n<li>Snabb uppbl\u00e5sning och erektion tack vare den elektriska pumpen<\/li>\n<li>Kompletta tillbeh\u00f6r garanterar en varierad spelupplevelse<\/li>\n<li>Hpfburg kan s\u00e4kert b\u00e4ra upp till 3 barn<\/li>\n<li>Basketkorg l\u00e5ter dina barn spela boll och br\u00e4nna bort \u00f6verfl\u00f6dig energi<\/li>\n<li>Praktisk b\u00e4rv\u00e4ska m\u00f6jligg\u00f6r enkel transport<\/li>\n<li>H\u00f6g kvalitet garanterar s\u00e4kert spel och l\u00e5ng livsl\u00e4ngd<\/li>\n<li>Anm\u00e4rkning 1: Endast f\u00f6r hemmabruk<\/li>\n<li>Anm\u00e4rkning 2: Rekommenderas inte f\u00f6r anv\u00e4ndning i d\u00e5ligt v\u00e4der<\/li>\n<\/ul>\n<h3>Teknisk data:<\/h3>\n<ul>\n<li>F\u00e4rg: R\u00f6d+Bl\u00e5+Gr\u00f6n<\/li>\n<li>Material: Oxfordtyg, polyestertyg<\/li>\n<li>Totala m\u00e5tt: 280L x 260W x 210H cm<\/li>\n<li>Studsmattas m\u00e5tt: 144L x 140W cm<\/li>\n<li>Poolm\u00e5tt: 130L x 90W cm<\/li>\n<li>M\u00e5tt p\u00e5 rutschkanan: 85L x 40W cm<\/li>\n<li>M\u00e5tt p\u00e5 korgen: 20cm<\/li>\n<li>Certifierad \u00e5lder: 3-12 \u00e5r. Rekommenderad \u00e5lder: 3-8 \u00e5r<\/li>\n<li>Max belastning: 90 kg<\/li>\n<li>Uppbl\u00e5sningseffekt: 350 W<\/li>\n<li>Obs: Endast f\u00f6r hush\u00e5llsbruk<\/li>\n<\/ul>\n<h3>Leveransens omfattning:<\/h3>\n<ul>\n<li>1 x uppbl\u00e5sare<\/li>\n<li>1 x handv\u00e4ska<\/li>\n<li>10 x Pl\u00e5ster<\/li>\n<li>6 x pinnar<\/li>\n<li>1 x Uppbl\u00e5sbart slott<\/li>\n<li>1 x Instruktioner<\/li>\n<\/ul>\n","protected":false},"excerpt":{"rendered":"<p>Med sitt sagoslottsutseende och i\u00f6gonfallande f\u00e4rg kan detta uppbl\u00e5sbara hoppslott dra till sig dina barns uppm\u00e4rksamhet fullt ut. Den erbjuder&#8230;<\/p>\n","protected":false},"featured_media":10785,"template":"","meta":[],"product_brand":[],"product_cat":[609,618,616],"product_tag":[],"class_list":{"0":"post-10784","1":"product","2":"type-product","3":"status-publish","4":"has-post-thumbnail","6":"product_cat-baby-barn","7":"product_cat-hopp-och-vattenslott","8":"product_cat-utomhusleksaker","10":"first","11":"instock","12":"sale","13":"taxable","14":"shipping-taxable","15":"purchasable","16":"product-type-simple"},"yoast_head":"<!-- This site is optimized with the Yoast SEO plugin v25.4 - https:\/\/yoast.com\/wordpress\/plugins\/seo\/ -->\n<title>TRUUSK Uppbl\u00e5sbar Hoppborg Med Rutschkana - Slott f\u00f6r 3 Barn - Inklusive Fl\u00e4kt - F\u00f6r 3-8 \u00e5r - R\u00f6d + Bl\u00e5 + Gr\u00f6n - 280 x 260 x 210 - TRUUSK - Hem, Tr\u00e4dg\u00e5rd &amp; Fritid<\/title>\n<meta name=\"robots\" content=\"index, follow, max-snippet:-1, max-image-preview:large, max-video-preview:-1\" \/>\n<link rel=\"canonical\" href=\"https:\/\/truusk.store\/sv\/produkt\/truusk-uppblasbar-hoppborg-med-rutschkana-slott-for-3-barn-inklusive-flakt-for-3-8-ar-rod-bla-gron-280-x-260-x-210\/\" \/>\n<meta property=\"og:locale\" content=\"sv_SE\" \/>\n<meta property=\"og:type\" content=\"article\" \/>\n<meta property=\"og:title\" content=\"TRUUSK Uppbl\u00e5sbar Hoppborg Med Rutschkana - Slott f\u00f6r 3 Barn - Inklusive Fl\u00e4kt - F\u00f6r 3-8 \u00e5r - R\u00f6d + Bl\u00e5 + Gr\u00f6n - 280 x 260 x 210 - TRUUSK - Hem, Tr\u00e4dg\u00e5rd &amp; Fritid\" \/>\n<meta property=\"og:description\" content=\"Med sitt sagoslottsutseende och i\u00f6gonfallande f\u00e4rg kan detta uppbl\u00e5sbara hoppslott dra till sig dina barns uppm\u00e4rksamhet fullt ut. Den erbjuder...\" \/>\n<meta property=\"og:url\" content=\"https:\/\/truusk.store\/sv\/produkt\/truusk-uppblasbar-hoppborg-med-rutschkana-slott-for-3-barn-inklusive-flakt-for-3-8-ar-rod-bla-gron-280-x-260-x-210\/\" \/>\n<meta property=\"og:site_name\" content=\"TRUUSK - Hem, Tr\u00e4dg\u00e5rd &amp; Fritid\" \/>\n<meta property=\"article:modified_time\" content=\"2026-03-12T07:57:19+00:00\" \/>\n<meta property=\"og:image\" content=\"https:\/\/i0.wp.com\/truusk.se\/wp-content\/uploads\/2024\/02\/uppblasbar-hoppborg-med-rutschkana-for-3-barn-slott-med-flakt-for-3-8-ar-rod-bla-gron-280-x-260-x-210-cm.webp?fit=800%2C800&ssl=1\" \/>\n\t<meta property=\"og:image:width\" content=\"800\" \/>\n\t<meta property=\"og:image:height\" content=\"800\" \/>\n\t<meta property=\"og:image:type\" content=\"image\/webp\" \/>\n<meta name=\"twitter:card\" content=\"summary_large_image\" \/>\n<meta name=\"twitter:label1\" content=\"Ber\u00e4knad l\u00e4stid\" \/>\n\t<meta name=\"twitter:data1\" content=\"1 minut\" \/>\n<!-- \/ Yoast SEO plugin. -->","yoast_head_json":{"title":"TRUUSK Uppbl\u00e5sbar Hoppborg Med Rutschkana - Slott f\u00f6r 3 Barn - Inklusive Fl\u00e4kt - F\u00f6r 3-8 \u00e5r - R\u00f6d + Bl\u00e5 + Gr\u00f6n - 280 x 260 x 210 - TRUUSK - Hem, Tr\u00e4dg\u00e5rd &amp; Fritid","robots":{"index":"index","follow":"follow","max-snippet":"max-snippet:-1","max-image-preview":"max-image-preview:large","max-video-preview":"max-video-preview:-1"},"canonical":"https:\/\/truusk.store\/sv\/produkt\/truusk-uppblasbar-hoppborg-med-rutschkana-slott-for-3-barn-inklusive-flakt-for-3-8-ar-rod-bla-gron-280-x-260-x-210\/","og_locale":"sv_SE","og_type":"article","og_title":"TRUUSK Uppbl\u00e5sbar Hoppborg Med Rutschkana - Slott f\u00f6r 3 Barn - Inklusive Fl\u00e4kt - F\u00f6r 3-8 \u00e5r - R\u00f6d + Bl\u00e5 + Gr\u00f6n - 280 x 260 x 210 - TRUUSK - Hem, Tr\u00e4dg\u00e5rd &amp; Fritid","og_description":"Med sitt sagoslottsutseende och i\u00f6gonfallande f\u00e4rg kan detta uppbl\u00e5sbara hoppslott dra till sig dina barns uppm\u00e4rksamhet fullt ut. Den erbjuder...","og_url":"https:\/\/truusk.store\/sv\/produkt\/truusk-uppblasbar-hoppborg-med-rutschkana-slott-for-3-barn-inklusive-flakt-for-3-8-ar-rod-bla-gron-280-x-260-x-210\/","og_site_name":"TRUUSK - Hem, Tr\u00e4dg\u00e5rd &amp; Fritid","article_modified_time":"2026-03-12T07:57:19+00:00","og_image":[{"width":800,"height":800,"url":"https:\/\/i0.wp.com\/truusk.se\/wp-content\/uploads\/2024\/02\/uppblasbar-hoppborg-med-rutschkana-for-3-barn-slott-med-flakt-for-3-8-ar-rod-bla-gron-280-x-260-x-210-cm.webp?fit=800%2C800&ssl=1","type":"image\/webp"}],"twitter_card":"summary_large_image","twitter_misc":{"Ber\u00e4knad l\u00e4stid":"1 minut"},"schema":{"@context":"https:\/\/schema.org","@graph":[{"@type":"WebPage","@id":"https:\/\/truusk.store\/sv\/produkt\/truusk-uppblasbar-hoppborg-med-rutschkana-slott-for-3-barn-inklusive-flakt-for-3-8-ar-rod-bla-gron-280-x-260-x-210\/","url":"https:\/\/truusk.store\/sv\/produkt\/truusk-uppblasbar-hoppborg-med-rutschkana-slott-for-3-barn-inklusive-flakt-for-3-8-ar-rod-bla-gron-280-x-260-x-210\/","name":"TRUUSK Uppbl\u00e5sbar Hoppborg Med Rutschkana - Slott f\u00f6r 3 Barn - Inklusive Fl\u00e4kt - F\u00f6r 3-8 \u00e5r - R\u00f6d + Bl\u00e5 + Gr\u00f6n - 280 x 260 x 210 - TRUUSK - Hem, Tr\u00e4dg\u00e5rd &amp; Fritid","isPartOf":{"@id":"https:\/\/truusk.store\/sv\/#website"},"primaryImageOfPage":{"@id":"https:\/\/truusk.store\/sv\/produkt\/truusk-uppblasbar-hoppborg-med-rutschkana-slott-for-3-barn-inklusive-flakt-for-3-8-ar-rod-bla-gron-280-x-260-x-210\/#primaryimage"},"image":{"@id":"https:\/\/truusk.store\/sv\/produkt\/truusk-uppblasbar-hoppborg-med-rutschkana-slott-for-3-barn-inklusive-flakt-for-3-8-ar-rod-bla-gron-280-x-260-x-210\/#primaryimage"},"thumbnailUrl":"https:\/\/i0.wp.com\/truusk.store\/wp-content\/uploads\/2024\/02\/uppblasbar-hoppborg-med-rutschkana-for-3-barn-slott-med-flakt-for-3-8-ar-rod-bla-gron-280-x-260-x-210-cm.webp?fit=800%2C800&ssl=1","datePublished":"2024-02-13T09:24:41+00:00","dateModified":"2026-03-12T07:57:19+00:00","breadcrumb":{"@id":"https:\/\/truusk.store\/sv\/produkt\/truusk-uppblasbar-hoppborg-med-rutschkana-slott-for-3-barn-inklusive-flakt-for-3-8-ar-rod-bla-gron-280-x-260-x-210\/#breadcrumb"},"inLanguage":"sv-SE","potentialAction":[{"@type":"ReadAction","target":["https:\/\/truusk.store\/sv\/produkt\/truusk-uppblasbar-hoppborg-med-rutschkana-slott-for-3-barn-inklusive-flakt-for-3-8-ar-rod-bla-gron-280-x-260-x-210\/"]}]},{"@type":"ImageObject","inLanguage":"sv-SE","@id":"https:\/\/truusk.store\/sv\/produkt\/truusk-uppblasbar-hoppborg-med-rutschkana-slott-for-3-barn-inklusive-flakt-for-3-8-ar-rod-bla-gron-280-x-260-x-210\/#primaryimage","url":"https:\/\/i0.wp.com\/truusk.store\/wp-content\/uploads\/2024\/02\/uppblasbar-hoppborg-med-rutschkana-for-3-barn-slott-med-flakt-for-3-8-ar-rod-bla-gron-280-x-260-x-210-cm.webp?fit=800%2C800&ssl=1","contentUrl":"https:\/\/i0.wp.com\/truusk.store\/wp-content\/uploads\/2024\/02\/uppblasbar-hoppborg-med-rutschkana-for-3-barn-slott-med-flakt-for-3-8-ar-rod-bla-gron-280-x-260-x-210-cm.webp?fit=800%2C800&ssl=1","width":800,"height":800,"caption":"Uppbl\u00e5sbar Hoppborg Med Rutschkana F\u00f6r 3 Barn Slott Med Fl\u00e4kt F\u00f6r 3-8 \u00e5r R\u00f6d + Bl\u00e5 + Gr\u00f6n 280 X 260 X 210 Cm 1"},{"@type":"BreadcrumbList","@id":"https:\/\/truusk.store\/sv\/produkt\/truusk-uppblasbar-hoppborg-med-rutschkana-slott-for-3-barn-inklusive-flakt-for-3-8-ar-rod-bla-gron-280-x-260-x-210\/#breadcrumb","itemListElement":[{"@type":"ListItem","position":1,"name":"Home","item":"https:\/\/truusk.store\/sv\/"},{"@type":"ListItem","position":2,"name":"Shop","item":"https:\/\/truusk.store\/shop\/"},{"@type":"ListItem","position":3,"name":"TRUUSK Uppbl\u00e5sbar Hoppborg Med Rutschkana &#8211; Slott f\u00f6r 3 Barn &#8211; Inklusive Fl\u00e4kt &#8211; F\u00f6r 3-8 \u00e5r &#8211; R\u00f6d + Bl\u00e5 + Gr\u00f6n &#8211; 280 x 260 x 210"}]},{"@type":"WebSite","@id":"https:\/\/truusk.store\/sv\/#website","url":"https:\/\/truusk.store\/sv\/","name":"TRUUSK - Hem, Tr\u00e4dg\u00e5rd & Fritid","description":"","publisher":{"@id":"https:\/\/truusk.store\/sv\/#organization"},"potentialAction":[{"@type":"SearchAction","target":{"@type":"EntryPoint","urlTemplate":"https:\/\/truusk.store\/sv\/?s={search_term_string}"},"query-input":{"@type":"PropertyValueSpecification","valueRequired":true,"valueName":"search_term_string"}}],"inLanguage":"sv-SE"},{"@type":"Organization","@id":"https:\/\/truusk.store\/sv\/#organization","name":"TRUUSK - Hem, Tr\u00e4dg\u00e5rd & Fritid","url":"https:\/\/truusk.store\/sv\/","logo":{"@type":"ImageObject","inLanguage":"sv-SE","@id":"https:\/\/truusk.store\/sv\/#\/schema\/logo\/image\/","url":"https:\/\/i0.wp.com\/truusk.store\/wp-content\/uploads\/2026\/03\/cropped-TRUUSK.png?fit=2032%2C917&ssl=1","contentUrl":"https:\/\/i0.wp.com\/truusk.store\/wp-content\/uploads\/2026\/03\/cropped-TRUUSK.png?fit=2032%2C917&ssl=1","width":2032,"height":917,"caption":"TRUUSK - Hem, Tr\u00e4dg\u00e5rd & Fritid"},"image":{"@id":"https:\/\/truusk.store\/sv\/#\/schema\/logo\/image\/"}}]}},"jetpack_sharing_enabled":true,"_links":{"self":[{"href":"https:\/\/truusk.store\/sv\/wp-json\/wp\/v2\/product\/10784","targetHints":{"allow":["GET"]}}],"collection":[{"href":"https:\/\/truusk.store\/sv\/wp-json\/wp\/v2\/product"}],"about":[{"href":"https:\/\/truusk.store\/sv\/wp-json\/wp\/v2\/types\/product"}],"wp:featuredmedia":[{"embeddable":true,"href":"https:\/\/truusk.store\/sv\/wp-json\/wp\/v2\/media\/10785"}],"wp:attachment":[{"href":"https:\/\/truusk.store\/sv\/wp-json\/wp\/v2\/media?parent=10784"}],"wp:term":[{"taxonomy":"product_brand","embeddable":true,"href":"https:\/\/truusk.store\/sv\/wp-json\/wp\/v2\/product_brand?post=10784"},{"taxonomy":"product_cat","embeddable":true,"href":"https:\/\/truusk.store\/sv\/wp-json\/wp\/v2\/product_cat?post=10784"},{"taxonomy":"product_tag","embeddable":true,"href":"https:\/\/truusk.store\/sv\/wp-json\/wp\/v2\/product_tag?post=10784"}],"curies":[{"name":"wp","href":"https:\/\/api.w.org\/{rel}","templated":true}]}}