{"id":107881,"date":"2026-03-11T13:00:54","date_gmt":"2026-03-11T12:00:54","guid":{"rendered":"https:\/\/truusk.store\/product\/sopkorg-med-2x30l-fack-mjukstangande-lock-fingeravtryckssaker-rostfritt-stal-svart\/"},"modified":"2026-03-12T09:42:16","modified_gmt":"2026-03-12T08:42:16","slug":"truusk-sopkorg-med-2x30l-fack-mjukstangande-lock-fingeravtryckssaker-rostfritt-stal-svart","status":"publish","type":"product","link":"https:\/\/truusk.store\/sv\/produkt\/truusk-sopkorg-med-2x30l-fack-mjukstangande-lock-fingeravtryckssaker-rostfritt-stal-svart\/","title":{"rendered":"TRUUSK Sopkorg med 2x30L Fack &#8211; Mjukst\u00e4ngande Lock &#8211; Fingeravtryckss\u00e4ker &#8211; Rostfritt St\u00e5l &#8211; Svart"},"content":{"rendered":"<p>H\u00e5ll ditt k\u00f6k rent och luktfritt med [BRAND NAME] soptunna! Denna eleganta soptunna har tv\u00e5 30L fack f\u00f6r enkel avfallssortering. Soft-Close-locket och luktt\u00e4ta insatserna i pedalhinken garanterar fr\u00e4schhet. Tillverkad av fingeravtryckss\u00e4ker rostfritt st\u00e5l, ger den stil och kvalitet till ditt k\u00f6k. Tack vare det praktiska fotpedalen och de l\u00f6stagbara innerbeh\u00e5llarna \u00e4r anv\u00e4ndning och reng\u00f6ring en lek. Ge ditt k\u00f6k organisation och elegans!<\/p>\n<p>Beskrivning:<\/p>\n<ul>\n<li> Tv\u00e5 30L-fack f\u00f6r separat avfallssortering<\/li>\n<li> Soft-Close- och Stay-Open-lock p\u00e5 soptunnan med fack f\u00f6r deodoriserare f\u00f6r luktkontroll<\/li>\n<li> Fingeravtryckss\u00e4ker 410 rostfritt st\u00e5l med polerad och oljeseglade yta<\/li>\n<li> Stilfull och elegant design av pedalhinken f\u00f6r k\u00f6k, studierum eller kontor<\/li>\n<li> Tv\u00e5 l\u00f6stagbara innerbeh\u00e5llare i soptunnan f\u00f6r enkel reng\u00f6ring<\/li>\n<li> Fotpedal f\u00f6r handsfree drift<\/li>\n<li> Sidohandtag p\u00e5 pedalhinken f\u00f6r enkel transport<\/li>\n<li> Ingen montering kr\u00e4vs<\/li>\n<\/ul>\n<p> Tekniska data:<\/p>\n<ul>\n<li> F\u00e4rg: Gl\u00e4nsande Svart<\/li>\n<li> Material: Rostfritt st\u00e5l, plast<\/li>\n<li> Totala m\u00e5tt: 47,7L x 37,5B x 66,8H cm<\/li>\n<li> Volym: 60L<\/li>\n<\/ul>\n<p>Leveransinneh\u00e5ll:<\/p>\n<ul>\n<li> 1 x k\u00f6kssopbeh\u00e5llare<\/li>\n<li> 1 x instruktioner<\/li>\n<\/ul>\n","protected":false},"excerpt":{"rendered":"<p>H\u00e5ll ditt k\u00f6k rent och luktfritt med [BRAND NAME] soptunna! Denna eleganta soptunna har tv\u00e5 30L fack f\u00f6r enkel avfallssortering&#8230;.<\/p>\n","protected":false},"featured_media":107869,"template":"","meta":[],"product_brand":[],"product_cat":[867,869,870],"product_tag":[],"class_list":{"0":"post-107881","1":"product","2":"type-product","3":"status-publish","4":"has-post-thumbnail","6":"product_cat-byggmarknad","7":"product_cat-rengoring-ordning","8":"product_cat-sopkorgar","10":"first","11":"instock","12":"sale","13":"taxable","14":"shipping-taxable","15":"purchasable","16":"product-type-simple"},"yoast_head":"<!-- This site is optimized with the Yoast SEO plugin v25.4 - https:\/\/yoast.com\/wordpress\/plugins\/seo\/ -->\n<title>TRUUSK Sopkorg med 2x30L Fack - Mjukst\u00e4ngande Lock - Fingeravtryckss\u00e4ker - Rostfritt St\u00e5l - Svart - TRUUSK - Hem, Tr\u00e4dg\u00e5rd &amp; Fritid<\/title>\n<meta name=\"robots\" content=\"index, follow, max-snippet:-1, max-image-preview:large, max-video-preview:-1\" \/>\n<link rel=\"canonical\" href=\"https:\/\/truusk.store\/sv\/produkt\/truusk-sopkorg-med-2x30l-fack-mjukstangande-lock-fingeravtryckssaker-rostfritt-stal-svart\/\" \/>\n<meta property=\"og:locale\" content=\"sv_SE\" \/>\n<meta property=\"og:type\" content=\"article\" \/>\n<meta property=\"og:title\" content=\"TRUUSK Sopkorg med 2x30L Fack - Mjukst\u00e4ngande Lock - Fingeravtryckss\u00e4ker - Rostfritt St\u00e5l - Svart - TRUUSK - Hem, Tr\u00e4dg\u00e5rd &amp; Fritid\" \/>\n<meta property=\"og:description\" content=\"H\u00e5ll ditt k\u00f6k rent och luktfritt med [BRAND NAME] soptunna! Denna eleganta soptunna har tv\u00e5 30L fack f\u00f6r enkel avfallssortering....\" \/>\n<meta property=\"og:url\" content=\"https:\/\/truusk.store\/sv\/produkt\/truusk-sopkorg-med-2x30l-fack-mjukstangande-lock-fingeravtryckssaker-rostfritt-stal-svart\/\" \/>\n<meta property=\"og:site_name\" content=\"TRUUSK - Hem, Tr\u00e4dg\u00e5rd &amp; Fritid\" \/>\n<meta property=\"article:modified_time\" content=\"2026-03-12T08:42:16+00:00\" \/>\n<meta property=\"og:image\" content=\"https:\/\/i0.wp.com\/truusk.se\/wp-content\/uploads\/2026\/03\/sopkorg-med-2x30l-fack-mjukstangande-lock-fingeravtryckssaker-rostfritt-stal-svart-1.webp?fit=2000%2C2000&ssl=1\" \/>\n\t<meta property=\"og:image:width\" content=\"2000\" \/>\n\t<meta property=\"og:image:height\" content=\"2000\" \/>\n\t<meta property=\"og:image:type\" content=\"image\/webp\" \/>\n<meta name=\"twitter:card\" content=\"summary_large_image\" \/>\n<meta name=\"twitter:label1\" content=\"Ber\u00e4knad l\u00e4stid\" \/>\n\t<meta name=\"twitter:data1\" content=\"1 minut\" \/>\n<!-- \/ Yoast SEO plugin. -->","yoast_head_json":{"title":"TRUUSK Sopkorg med 2x30L Fack - Mjukst\u00e4ngande Lock - Fingeravtryckss\u00e4ker - Rostfritt St\u00e5l - Svart - TRUUSK - Hem, Tr\u00e4dg\u00e5rd &amp; Fritid","robots":{"index":"index","follow":"follow","max-snippet":"max-snippet:-1","max-image-preview":"max-image-preview:large","max-video-preview":"max-video-preview:-1"},"canonical":"https:\/\/truusk.store\/sv\/produkt\/truusk-sopkorg-med-2x30l-fack-mjukstangande-lock-fingeravtryckssaker-rostfritt-stal-svart\/","og_locale":"sv_SE","og_type":"article","og_title":"TRUUSK Sopkorg med 2x30L Fack - Mjukst\u00e4ngande Lock - Fingeravtryckss\u00e4ker - Rostfritt St\u00e5l - Svart - TRUUSK - Hem, Tr\u00e4dg\u00e5rd &amp; Fritid","og_description":"H\u00e5ll ditt k\u00f6k rent och luktfritt med [BRAND NAME] soptunna! Denna eleganta soptunna har tv\u00e5 30L fack f\u00f6r enkel avfallssortering....","og_url":"https:\/\/truusk.store\/sv\/produkt\/truusk-sopkorg-med-2x30l-fack-mjukstangande-lock-fingeravtryckssaker-rostfritt-stal-svart\/","og_site_name":"TRUUSK - Hem, Tr\u00e4dg\u00e5rd &amp; Fritid","article_modified_time":"2026-03-12T08:42:16+00:00","og_image":[{"width":2000,"height":2000,"url":"https:\/\/i0.wp.com\/truusk.se\/wp-content\/uploads\/2026\/03\/sopkorg-med-2x30l-fack-mjukstangande-lock-fingeravtryckssaker-rostfritt-stal-svart-1.webp?fit=2000%2C2000&ssl=1","type":"image\/webp"}],"twitter_card":"summary_large_image","twitter_misc":{"Ber\u00e4knad l\u00e4stid":"1 minut"},"schema":{"@context":"https:\/\/schema.org","@graph":[{"@type":"WebPage","@id":"https:\/\/truusk.store\/sv\/produkt\/truusk-sopkorg-med-2x30l-fack-mjukstangande-lock-fingeravtryckssaker-rostfritt-stal-svart\/","url":"https:\/\/truusk.store\/sv\/produkt\/truusk-sopkorg-med-2x30l-fack-mjukstangande-lock-fingeravtryckssaker-rostfritt-stal-svart\/","name":"TRUUSK Sopkorg med 2x30L Fack - Mjukst\u00e4ngande Lock - Fingeravtryckss\u00e4ker - Rostfritt St\u00e5l - Svart - TRUUSK - Hem, Tr\u00e4dg\u00e5rd &amp; Fritid","isPartOf":{"@id":"https:\/\/truusk.store\/sv\/#website"},"primaryImageOfPage":{"@id":"https:\/\/truusk.store\/sv\/produkt\/truusk-sopkorg-med-2x30l-fack-mjukstangande-lock-fingeravtryckssaker-rostfritt-stal-svart\/#primaryimage"},"image":{"@id":"https:\/\/truusk.store\/sv\/produkt\/truusk-sopkorg-med-2x30l-fack-mjukstangande-lock-fingeravtryckssaker-rostfritt-stal-svart\/#primaryimage"},"thumbnailUrl":"https:\/\/i0.wp.com\/truusk.store\/wp-content\/uploads\/2026\/03\/sopkorg-med-2x30l-fack-mjukstangande-lock-fingeravtryckssaker-rostfritt-stal-svart-1.webp?fit=2000%2C2000&ssl=1","datePublished":"2026-03-11T12:00:54+00:00","dateModified":"2026-03-12T08:42:16+00:00","breadcrumb":{"@id":"https:\/\/truusk.store\/sv\/produkt\/truusk-sopkorg-med-2x30l-fack-mjukstangande-lock-fingeravtryckssaker-rostfritt-stal-svart\/#breadcrumb"},"inLanguage":"sv-SE","potentialAction":[{"@type":"ReadAction","target":["https:\/\/truusk.store\/sv\/produkt\/truusk-sopkorg-med-2x30l-fack-mjukstangande-lock-fingeravtryckssaker-rostfritt-stal-svart\/"]}]},{"@type":"ImageObject","inLanguage":"sv-SE","@id":"https:\/\/truusk.store\/sv\/produkt\/truusk-sopkorg-med-2x30l-fack-mjukstangande-lock-fingeravtryckssaker-rostfritt-stal-svart\/#primaryimage","url":"https:\/\/i0.wp.com\/truusk.store\/wp-content\/uploads\/2026\/03\/sopkorg-med-2x30l-fack-mjukstangande-lock-fingeravtryckssaker-rostfritt-stal-svart-1.webp?fit=2000%2C2000&ssl=1","contentUrl":"https:\/\/i0.wp.com\/truusk.store\/wp-content\/uploads\/2026\/03\/sopkorg-med-2x30l-fack-mjukstangande-lock-fingeravtryckssaker-rostfritt-stal-svart-1.webp?fit=2000%2C2000&ssl=1","width":2000,"height":2000},{"@type":"BreadcrumbList","@id":"https:\/\/truusk.store\/sv\/produkt\/truusk-sopkorg-med-2x30l-fack-mjukstangande-lock-fingeravtryckssaker-rostfritt-stal-svart\/#breadcrumb","itemListElement":[{"@type":"ListItem","position":1,"name":"Home","item":"https:\/\/truusk.store\/sv\/"},{"@type":"ListItem","position":2,"name":"Shop","item":"https:\/\/truusk.store\/shop\/"},{"@type":"ListItem","position":3,"name":"TRUUSK Sopkorg med 2x30L Fack &#8211; Mjukst\u00e4ngande Lock &#8211; Fingeravtryckss\u00e4ker &#8211; Rostfritt St\u00e5l &#8211; Svart"}]},{"@type":"WebSite","@id":"https:\/\/truusk.store\/sv\/#website","url":"https:\/\/truusk.store\/sv\/","name":"TRUUSK - Hem, Tr\u00e4dg\u00e5rd & Fritid","description":"","publisher":{"@id":"https:\/\/truusk.store\/sv\/#organization"},"potentialAction":[{"@type":"SearchAction","target":{"@type":"EntryPoint","urlTemplate":"https:\/\/truusk.store\/sv\/?s={search_term_string}"},"query-input":{"@type":"PropertyValueSpecification","valueRequired":true,"valueName":"search_term_string"}}],"inLanguage":"sv-SE"},{"@type":"Organization","@id":"https:\/\/truusk.store\/sv\/#organization","name":"TRUUSK - Hem, Tr\u00e4dg\u00e5rd & Fritid","url":"https:\/\/truusk.store\/sv\/","logo":{"@type":"ImageObject","inLanguage":"sv-SE","@id":"https:\/\/truusk.store\/sv\/#\/schema\/logo\/image\/","url":"https:\/\/i0.wp.com\/truusk.store\/wp-content\/uploads\/2026\/03\/cropped-TRUUSK.png?fit=2032%2C917&ssl=1","contentUrl":"https:\/\/i0.wp.com\/truusk.store\/wp-content\/uploads\/2026\/03\/cropped-TRUUSK.png?fit=2032%2C917&ssl=1","width":2032,"height":917,"caption":"TRUUSK - Hem, Tr\u00e4dg\u00e5rd & Fritid"},"image":{"@id":"https:\/\/truusk.store\/sv\/#\/schema\/logo\/image\/"}}]}},"jetpack_sharing_enabled":true,"_links":{"self":[{"href":"https:\/\/truusk.store\/sv\/wp-json\/wp\/v2\/product\/107881","targetHints":{"allow":["GET"]}}],"collection":[{"href":"https:\/\/truusk.store\/sv\/wp-json\/wp\/v2\/product"}],"about":[{"href":"https:\/\/truusk.store\/sv\/wp-json\/wp\/v2\/types\/product"}],"wp:featuredmedia":[{"embeddable":true,"href":"https:\/\/truusk.store\/sv\/wp-json\/wp\/v2\/media\/107869"}],"wp:attachment":[{"href":"https:\/\/truusk.store\/sv\/wp-json\/wp\/v2\/media?parent=107881"}],"wp:term":[{"taxonomy":"product_brand","embeddable":true,"href":"https:\/\/truusk.store\/sv\/wp-json\/wp\/v2\/product_brand?post=107881"},{"taxonomy":"product_cat","embeddable":true,"href":"https:\/\/truusk.store\/sv\/wp-json\/wp\/v2\/product_cat?post=107881"},{"taxonomy":"product_tag","embeddable":true,"href":"https:\/\/truusk.store\/sv\/wp-json\/wp\/v2\/product_tag?post=107881"}],"curies":[{"name":"wp","href":"https:\/\/api.w.org\/{rel}","templated":true}]}}