{"id":107901,"date":"2026-03-11T13:02:56","date_gmt":"2026-03-11T12:02:56","guid":{"rendered":"https:\/\/truusk.store\/product\/2-x-20-l-dubbel-soptunna-pedaloppning-latt-att-rengora-rostfritt-stal-plast-svart\/"},"modified":"2026-03-12T09:42:18","modified_gmt":"2026-03-12T08:42:18","slug":"truusk-dubbla-20-l-sopkorgar-pedaloppning-latt-att-rengora-rostfritt-stal-plast-svart","status":"publish","type":"product","link":"https:\/\/truusk.store\/sv\/produkt\/truusk-dubbla-20-l-sopkorgar-pedaloppning-latt-att-rengora-rostfritt-stal-plast-svart\/","title":{"rendered":"TRUUSK Dubbla 20 L Sopkorgar &#8211; Pedal\u00f6ppning &#8211; L\u00e4tt att Reng\u00f6ra &#8211; Rostfritt St\u00e5l &#8211; Plast &#8211; Svart"},"content":{"rendered":"<p>H\u00e5ll ditt k\u00f6k elegant och fritt fr\u00e5n lukter med [BRAND NAME] soptunna. Den erbjuder tv\u00e5 20L-kammare och inbyggda deodoranth\u00e5llare (utan deodoranter) f\u00f6r att neutralisera lukter. Den snygga, fingeravtryckss\u00e4kra rostfria st\u00e5let f\u00f6rblir alltid fl\u00e4ckfritt. Dessutom underl\u00e4ttar de ljudl\u00f6sa, mjukt st\u00e4ngande locken med pedaler och de avtagbara hinkarna avfallshanteringen. Idealisk f\u00f6r alla mycket anv\u00e4nda k\u00f6k!<\/p>\n<p>Beskrivning:<\/p>\n<ul>\n<li> 2 x 20 liters kapacitet: Dubbelbeh\u00e5llaren erbjuder gott om utrymme och m\u00f6jligg\u00f6r flexibel separation av inneh\u00e5ll<\/li>\n<li> Pedalhinkens rostfria st\u00e5lkonstruktion g\u00f6r dubbelbeh\u00e5llaren robust. Den eleganta, polerade ytan motst\u00e5r fingeravtryck<\/li>\n<li> Avtagbara inre hinkar, med en \u00f6ppning f\u00f6r att f\u00e4sta en sopp\u00e5se f\u00f6r enkel reng\u00f6ring<\/li>\n<li> Pedaldriften av k\u00f6kssopbeh\u00e5llaren \u00f6ppnar locket l\u00e4tt. Locket kan vid behov ocks\u00e5 f\u00f6rbli \u00f6ppet<\/li>\n<li> Ingen montering kr\u00e4vs<\/li>\n<\/ul>\n<p> Tekniska data:<\/p>\n<ul>\n<li> F\u00e4rg: Svart<\/li>\n<li> Material: 410 rostfritt st\u00e5l, plast<\/li>\n<li> Totala dimensioner: 45,8B x 36T x 51,6H cm<\/li>\n<li> Volym: 2 x 20 L<\/li>\n<\/ul>\n<p>Ing\u00e5r:<\/p>\n<ul>\n<li> 1 x soptunna<\/li>\n<li> 1 x handbok<\/li>\n<\/ul>\n","protected":false},"excerpt":{"rendered":"<p>H\u00e5ll ditt k\u00f6k elegant och fritt fr\u00e5n lukter med [BRAND NAME] soptunna. Den erbjuder tv\u00e5 20L-kammare och inbyggda deodoranth\u00e5llare (utan&#8230;<\/p>\n","protected":false},"featured_media":107889,"template":"","meta":[],"product_brand":[],"product_cat":[867,869,870],"product_tag":[],"class_list":{"0":"post-107901","1":"product","2":"type-product","3":"status-publish","4":"has-post-thumbnail","6":"product_cat-byggmarknad","7":"product_cat-rengoring-ordning","8":"product_cat-sopkorgar","10":"first","11":"instock","12":"sale","13":"taxable","14":"shipping-taxable","15":"purchasable","16":"product-type-simple"},"yoast_head":"<!-- This site is optimized with the Yoast SEO plugin v25.4 - https:\/\/yoast.com\/wordpress\/plugins\/seo\/ -->\n<title>TRUUSK Dubbla 20 L Sopkorgar - Pedal\u00f6ppning - L\u00e4tt att Reng\u00f6ra - Rostfritt St\u00e5l - Plast - Svart - TRUUSK - Hem, Tr\u00e4dg\u00e5rd &amp; Fritid<\/title>\n<meta name=\"robots\" content=\"index, follow, max-snippet:-1, max-image-preview:large, max-video-preview:-1\" \/>\n<link rel=\"canonical\" href=\"https:\/\/truusk.store\/sv\/produkt\/truusk-dubbla-20-l-sopkorgar-pedaloppning-latt-att-rengora-rostfritt-stal-plast-svart\/\" \/>\n<meta property=\"og:locale\" content=\"sv_SE\" \/>\n<meta property=\"og:type\" content=\"article\" \/>\n<meta property=\"og:title\" content=\"TRUUSK Dubbla 20 L Sopkorgar - Pedal\u00f6ppning - L\u00e4tt att Reng\u00f6ra - Rostfritt St\u00e5l - Plast - Svart - TRUUSK - Hem, Tr\u00e4dg\u00e5rd &amp; Fritid\" \/>\n<meta property=\"og:description\" content=\"H\u00e5ll ditt k\u00f6k elegant och fritt fr\u00e5n lukter med [BRAND NAME] soptunna. Den erbjuder tv\u00e5 20L-kammare och inbyggda deodoranth\u00e5llare (utan...\" \/>\n<meta property=\"og:url\" content=\"https:\/\/truusk.store\/sv\/produkt\/truusk-dubbla-20-l-sopkorgar-pedaloppning-latt-att-rengora-rostfritt-stal-plast-svart\/\" \/>\n<meta property=\"og:site_name\" content=\"TRUUSK - Hem, Tr\u00e4dg\u00e5rd &amp; Fritid\" \/>\n<meta property=\"article:modified_time\" content=\"2026-03-12T08:42:18+00:00\" \/>\n<meta property=\"og:image\" content=\"https:\/\/i0.wp.com\/truusk.se\/wp-content\/uploads\/2026\/03\/2-x-20-l-dubbel-soptunna-pedaloppning-latt-att-rengora-rostfritt-stal-plast-svart-1.webp?fit=2000%2C2000&ssl=1\" \/>\n\t<meta property=\"og:image:width\" content=\"2000\" \/>\n\t<meta property=\"og:image:height\" content=\"2000\" \/>\n\t<meta property=\"og:image:type\" content=\"image\/webp\" \/>\n<meta name=\"twitter:card\" content=\"summary_large_image\" \/>\n<meta name=\"twitter:label1\" content=\"Ber\u00e4knad l\u00e4stid\" \/>\n\t<meta name=\"twitter:data1\" content=\"1 minut\" \/>\n<!-- \/ Yoast SEO plugin. -->","yoast_head_json":{"title":"TRUUSK Dubbla 20 L Sopkorgar - Pedal\u00f6ppning - L\u00e4tt att Reng\u00f6ra - Rostfritt St\u00e5l - Plast - Svart - TRUUSK - Hem, Tr\u00e4dg\u00e5rd &amp; Fritid","robots":{"index":"index","follow":"follow","max-snippet":"max-snippet:-1","max-image-preview":"max-image-preview:large","max-video-preview":"max-video-preview:-1"},"canonical":"https:\/\/truusk.store\/sv\/produkt\/truusk-dubbla-20-l-sopkorgar-pedaloppning-latt-att-rengora-rostfritt-stal-plast-svart\/","og_locale":"sv_SE","og_type":"article","og_title":"TRUUSK Dubbla 20 L Sopkorgar - Pedal\u00f6ppning - L\u00e4tt att Reng\u00f6ra - Rostfritt St\u00e5l - Plast - Svart - TRUUSK - Hem, Tr\u00e4dg\u00e5rd &amp; Fritid","og_description":"H\u00e5ll ditt k\u00f6k elegant och fritt fr\u00e5n lukter med [BRAND NAME] soptunna. Den erbjuder tv\u00e5 20L-kammare och inbyggda deodoranth\u00e5llare (utan...","og_url":"https:\/\/truusk.store\/sv\/produkt\/truusk-dubbla-20-l-sopkorgar-pedaloppning-latt-att-rengora-rostfritt-stal-plast-svart\/","og_site_name":"TRUUSK - Hem, Tr\u00e4dg\u00e5rd &amp; Fritid","article_modified_time":"2026-03-12T08:42:18+00:00","og_image":[{"width":2000,"height":2000,"url":"https:\/\/i0.wp.com\/truusk.se\/wp-content\/uploads\/2026\/03\/2-x-20-l-dubbel-soptunna-pedaloppning-latt-att-rengora-rostfritt-stal-plast-svart-1.webp?fit=2000%2C2000&ssl=1","type":"image\/webp"}],"twitter_card":"summary_large_image","twitter_misc":{"Ber\u00e4knad l\u00e4stid":"1 minut"},"schema":{"@context":"https:\/\/schema.org","@graph":[{"@type":"WebPage","@id":"https:\/\/truusk.store\/sv\/produkt\/truusk-dubbla-20-l-sopkorgar-pedaloppning-latt-att-rengora-rostfritt-stal-plast-svart\/","url":"https:\/\/truusk.store\/sv\/produkt\/truusk-dubbla-20-l-sopkorgar-pedaloppning-latt-att-rengora-rostfritt-stal-plast-svart\/","name":"TRUUSK Dubbla 20 L Sopkorgar - Pedal\u00f6ppning - L\u00e4tt att Reng\u00f6ra - Rostfritt St\u00e5l - Plast - Svart - TRUUSK - Hem, Tr\u00e4dg\u00e5rd &amp; Fritid","isPartOf":{"@id":"https:\/\/truusk.store\/sv\/#website"},"primaryImageOfPage":{"@id":"https:\/\/truusk.store\/sv\/produkt\/truusk-dubbla-20-l-sopkorgar-pedaloppning-latt-att-rengora-rostfritt-stal-plast-svart\/#primaryimage"},"image":{"@id":"https:\/\/truusk.store\/sv\/produkt\/truusk-dubbla-20-l-sopkorgar-pedaloppning-latt-att-rengora-rostfritt-stal-plast-svart\/#primaryimage"},"thumbnailUrl":"https:\/\/i0.wp.com\/truusk.store\/wp-content\/uploads\/2026\/03\/2-x-20-l-dubbel-soptunna-pedaloppning-latt-att-rengora-rostfritt-stal-plast-svart-1.webp?fit=2000%2C2000&ssl=1","datePublished":"2026-03-11T12:02:56+00:00","dateModified":"2026-03-12T08:42:18+00:00","breadcrumb":{"@id":"https:\/\/truusk.store\/sv\/produkt\/truusk-dubbla-20-l-sopkorgar-pedaloppning-latt-att-rengora-rostfritt-stal-plast-svart\/#breadcrumb"},"inLanguage":"sv-SE","potentialAction":[{"@type":"ReadAction","target":["https:\/\/truusk.store\/sv\/produkt\/truusk-dubbla-20-l-sopkorgar-pedaloppning-latt-att-rengora-rostfritt-stal-plast-svart\/"]}]},{"@type":"ImageObject","inLanguage":"sv-SE","@id":"https:\/\/truusk.store\/sv\/produkt\/truusk-dubbla-20-l-sopkorgar-pedaloppning-latt-att-rengora-rostfritt-stal-plast-svart\/#primaryimage","url":"https:\/\/i0.wp.com\/truusk.store\/wp-content\/uploads\/2026\/03\/2-x-20-l-dubbel-soptunna-pedaloppning-latt-att-rengora-rostfritt-stal-plast-svart-1.webp?fit=2000%2C2000&ssl=1","contentUrl":"https:\/\/i0.wp.com\/truusk.store\/wp-content\/uploads\/2026\/03\/2-x-20-l-dubbel-soptunna-pedaloppning-latt-att-rengora-rostfritt-stal-plast-svart-1.webp?fit=2000%2C2000&ssl=1","width":2000,"height":2000},{"@type":"BreadcrumbList","@id":"https:\/\/truusk.store\/sv\/produkt\/truusk-dubbla-20-l-sopkorgar-pedaloppning-latt-att-rengora-rostfritt-stal-plast-svart\/#breadcrumb","itemListElement":[{"@type":"ListItem","position":1,"name":"Home","item":"https:\/\/truusk.store\/sv\/"},{"@type":"ListItem","position":2,"name":"Shop","item":"https:\/\/truusk.store\/shop\/"},{"@type":"ListItem","position":3,"name":"TRUUSK Dubbla 20 L Sopkorgar &#8211; Pedal\u00f6ppning &#8211; L\u00e4tt att Reng\u00f6ra &#8211; Rostfritt St\u00e5l &#8211; Plast &#8211; Svart"}]},{"@type":"WebSite","@id":"https:\/\/truusk.store\/sv\/#website","url":"https:\/\/truusk.store\/sv\/","name":"TRUUSK - Hem, Tr\u00e4dg\u00e5rd & Fritid","description":"","publisher":{"@id":"https:\/\/truusk.store\/sv\/#organization"},"potentialAction":[{"@type":"SearchAction","target":{"@type":"EntryPoint","urlTemplate":"https:\/\/truusk.store\/sv\/?s={search_term_string}"},"query-input":{"@type":"PropertyValueSpecification","valueRequired":true,"valueName":"search_term_string"}}],"inLanguage":"sv-SE"},{"@type":"Organization","@id":"https:\/\/truusk.store\/sv\/#organization","name":"TRUUSK - Hem, Tr\u00e4dg\u00e5rd & Fritid","url":"https:\/\/truusk.store\/sv\/","logo":{"@type":"ImageObject","inLanguage":"sv-SE","@id":"https:\/\/truusk.store\/sv\/#\/schema\/logo\/image\/","url":"https:\/\/i0.wp.com\/truusk.store\/wp-content\/uploads\/2026\/03\/cropped-TRUUSK.png?fit=2032%2C917&ssl=1","contentUrl":"https:\/\/i0.wp.com\/truusk.store\/wp-content\/uploads\/2026\/03\/cropped-TRUUSK.png?fit=2032%2C917&ssl=1","width":2032,"height":917,"caption":"TRUUSK - Hem, Tr\u00e4dg\u00e5rd & Fritid"},"image":{"@id":"https:\/\/truusk.store\/sv\/#\/schema\/logo\/image\/"}}]}},"jetpack_sharing_enabled":true,"_links":{"self":[{"href":"https:\/\/truusk.store\/sv\/wp-json\/wp\/v2\/product\/107901","targetHints":{"allow":["GET"]}}],"collection":[{"href":"https:\/\/truusk.store\/sv\/wp-json\/wp\/v2\/product"}],"about":[{"href":"https:\/\/truusk.store\/sv\/wp-json\/wp\/v2\/types\/product"}],"wp:featuredmedia":[{"embeddable":true,"href":"https:\/\/truusk.store\/sv\/wp-json\/wp\/v2\/media\/107889"}],"wp:attachment":[{"href":"https:\/\/truusk.store\/sv\/wp-json\/wp\/v2\/media?parent=107901"}],"wp:term":[{"taxonomy":"product_brand","embeddable":true,"href":"https:\/\/truusk.store\/sv\/wp-json\/wp\/v2\/product_brand?post=107901"},{"taxonomy":"product_cat","embeddable":true,"href":"https:\/\/truusk.store\/sv\/wp-json\/wp\/v2\/product_cat?post=107901"},{"taxonomy":"product_tag","embeddable":true,"href":"https:\/\/truusk.store\/sv\/wp-json\/wp\/v2\/product_tag?post=107901"}],"curies":[{"name":"wp","href":"https:\/\/api.w.org\/{rel}","templated":true}]}}