{"id":107928,"date":"2026-03-11T13:13:14","date_gmt":"2026-03-11T12:13:14","guid":{"rendered":"https:\/\/truusk.store\/product\/parasollfot-av-hdpe-fyllbar-parasollfot-18kg-20kg-med-sandvatten-rund-svart\/"},"modified":"2026-03-12T08:41:03","modified_gmt":"2026-03-12T07:41:03","slug":"truusk-parasollfot-av-hdpe-fyllbar-med-sandvatten-rund-svart-for-parasoller-upp-till-18kg-20kg","status":"publish","type":"product","link":"https:\/\/truusk.store\/sv\/produkt\/truusk-parasollfot-av-hdpe-fyllbar-med-sandvatten-rund-svart-for-parasoller-upp-till-18kg-20kg\/","title":{"rendered":"TRUUSK Parasollfot av HDPE &#8211; Fyllbar med sandvatten &#8211; Rund svart &#8211; F\u00f6r parasoller upp till 18kg\/20kg"},"content":{"rendered":"<p>Se till att din parasoll alltid st\u00e5r s\u00e4kert &#8211; med [BRAND NAME] parasollst\u00e4ll. Tillverkad av h\u00e5llbar, \u00e5ldersbest\u00e4ndig HDPE-plast, fylls den med sand eller vatten f\u00f6r att s\u00e4kerst\u00e4lla stabilitet utomhus. Tack vare skruvst\u00e5ngsdesignen \u00e4r den enkel att montera. Kombinera det tunga parasollst\u00e4llet med en parasoll och njut av din personliga skuggoas.<\/p>\n<p>Beskrivning:<\/p>\n<ul>\n<li> Balkongparasollst\u00e4ll l\u00e4mpligt f\u00f6r tr\u00e4dg\u00e5rdsparasoller med en diameter under 2,8 m och en st\u00e5ngstorlek p\u00e5 38 mm, 48 mm<\/li>\n<li> V\u00e4ger upp till 20 kg n\u00e4r den \u00e4r fylld med sand, 18 kg n\u00e4r den \u00e4r fylld med vatten<\/li>\n<li> Tillverkad av v\u00e4derbest\u00e4ndig och \u00e5ldersbest\u00e4ndig HDPE-plast f\u00f6r utomhusbruk<\/li>\n<li> Med en handvriden l\u00e5sskruv f\u00f6r att s\u00e4kra ditt parasoll<\/li>\n<li> Tv\u00e5 inbyggda handtag f\u00f6r enkel f\u00f6rflyttning<\/li>\n<li> L\u00e4mplig f\u00f6r anv\u00e4ndning i din tr\u00e4dg\u00e5rd, p\u00e5 din terrass, vid poolen eller andra utomhusomr\u00e5den<\/li>\n<li> Enkel montering kr\u00e4vs<\/li>\n<\/ul>\n<p> Tekniska data:<\/p>\n<ul>\n<li> F\u00e4rg: Svart<\/li>\n<li> Material: HDPE, Metall<\/li>\n<li> Totala dimensioner: \u00d845 x 32,5H cm<\/li>\n<li> Nedre basstorlek: \u00d845 x 15H cm<\/li>\n<li> St\u00e5ngstorlek: \u00d86 x 31,5H cm<\/li>\n<li> Vikt efter fyllning: Sand 20 kg, Vatten 18 kg<\/li>\n<li> Passar f\u00f6r parasollst\u00e5ng: \u00d838 mm, \u00d848 mm<\/li>\n<li> Passar f\u00f6r parasolldiameter: Under 2,8 m<\/li>\n<li> Notera: Passar f\u00f6r [BRAND NAME] parasoll-SKUs X-84D-018, v\u00e4nligen kontakta oss f\u00f6r produktl\u00e4nkar om det beh\u00f6vs<\/li>\n<\/ul>\n<p>Leveransinneh\u00e5ll:<\/p>\n<ul>\n<li> 1 x Parasollst\u00e4ll<\/li>\n<li> 1 x Instruktioner<\/li>\n<\/ul>\n","protected":false},"excerpt":{"rendered":"<p>Se till att din parasoll alltid st\u00e5r s\u00e4kert &#8211; med [BRAND NAME] parasollst\u00e4ll. Tillverkad av h\u00e5llbar, \u00e5ldersbest\u00e4ndig HDPE-plast, fylls den&#8230;<\/p>\n","protected":false},"featured_media":107912,"template":"","meta":[],"product_brand":[],"product_cat":[886,862,1036,858],"product_tag":[],"class_list":{"0":"post-107928","1":"product","2":"type-product","3":"status-publish","4":"has-post-thumbnail","6":"product_cat-schirmstander","7":"product_cat-sol-insynsskydd","8":"product_cat-tillbehor-for-solparaplyer","9":"product_cat-tradgard-terrass","11":"first","12":"instock","13":"sale","14":"taxable","15":"shipping-taxable","16":"purchasable","17":"product-type-simple"},"yoast_head":"<!-- This site is optimized with the Yoast SEO plugin v25.4 - https:\/\/yoast.com\/wordpress\/plugins\/seo\/ -->\n<title>TRUUSK Parasollfot av HDPE - Fyllbar med sandvatten - Rund svart - F\u00f6r parasoller upp till 18kg\/20kg - TRUUSK - Hem, Tr\u00e4dg\u00e5rd &amp; Fritid<\/title>\n<meta name=\"robots\" content=\"index, follow, max-snippet:-1, max-image-preview:large, max-video-preview:-1\" \/>\n<link rel=\"canonical\" href=\"https:\/\/truusk.store\/sv\/produkt\/truusk-parasollfot-av-hdpe-fyllbar-med-sandvatten-rund-svart-for-parasoller-upp-till-18kg-20kg\/\" \/>\n<meta property=\"og:locale\" content=\"sv_SE\" \/>\n<meta property=\"og:type\" content=\"article\" \/>\n<meta property=\"og:title\" content=\"TRUUSK Parasollfot av HDPE - Fyllbar med sandvatten - Rund svart - F\u00f6r parasoller upp till 18kg\/20kg - TRUUSK - Hem, Tr\u00e4dg\u00e5rd &amp; Fritid\" \/>\n<meta property=\"og:description\" content=\"Se till att din parasoll alltid st\u00e5r s\u00e4kert &#8211; med [BRAND NAME] parasollst\u00e4ll. Tillverkad av h\u00e5llbar, \u00e5ldersbest\u00e4ndig HDPE-plast, fylls den...\" \/>\n<meta property=\"og:url\" content=\"https:\/\/truusk.store\/sv\/produkt\/truusk-parasollfot-av-hdpe-fyllbar-med-sandvatten-rund-svart-for-parasoller-upp-till-18kg-20kg\/\" \/>\n<meta property=\"og:site_name\" content=\"TRUUSK - Hem, Tr\u00e4dg\u00e5rd &amp; Fritid\" \/>\n<meta property=\"article:modified_time\" content=\"2026-03-12T07:41:03+00:00\" \/>\n<meta property=\"og:image\" content=\"https:\/\/i0.wp.com\/truusk.se\/wp-content\/uploads\/2026\/03\/parasollfot-av-hdpe-fyllbar-parasollfot-18kg-20kg-med-sandvatten-rund-svart-1.webp?fit=2000%2C2000&ssl=1\" \/>\n\t<meta property=\"og:image:width\" content=\"2000\" \/>\n\t<meta property=\"og:image:height\" content=\"2000\" \/>\n\t<meta property=\"og:image:type\" content=\"image\/webp\" \/>\n<meta name=\"twitter:card\" content=\"summary_large_image\" \/>\n<meta name=\"twitter:label1\" content=\"Ber\u00e4knad l\u00e4stid\" \/>\n\t<meta name=\"twitter:data1\" content=\"1 minut\" \/>\n<!-- \/ Yoast SEO plugin. -->","yoast_head_json":{"title":"TRUUSK Parasollfot av HDPE - Fyllbar med sandvatten - Rund svart - F\u00f6r parasoller upp till 18kg\/20kg - TRUUSK - Hem, Tr\u00e4dg\u00e5rd &amp; Fritid","robots":{"index":"index","follow":"follow","max-snippet":"max-snippet:-1","max-image-preview":"max-image-preview:large","max-video-preview":"max-video-preview:-1"},"canonical":"https:\/\/truusk.store\/sv\/produkt\/truusk-parasollfot-av-hdpe-fyllbar-med-sandvatten-rund-svart-for-parasoller-upp-till-18kg-20kg\/","og_locale":"sv_SE","og_type":"article","og_title":"TRUUSK Parasollfot av HDPE - Fyllbar med sandvatten - Rund svart - F\u00f6r parasoller upp till 18kg\/20kg - TRUUSK - Hem, Tr\u00e4dg\u00e5rd &amp; Fritid","og_description":"Se till att din parasoll alltid st\u00e5r s\u00e4kert &#8211; med [BRAND NAME] parasollst\u00e4ll. Tillverkad av h\u00e5llbar, \u00e5ldersbest\u00e4ndig HDPE-plast, fylls den...","og_url":"https:\/\/truusk.store\/sv\/produkt\/truusk-parasollfot-av-hdpe-fyllbar-med-sandvatten-rund-svart-for-parasoller-upp-till-18kg-20kg\/","og_site_name":"TRUUSK - Hem, Tr\u00e4dg\u00e5rd &amp; Fritid","article_modified_time":"2026-03-12T07:41:03+00:00","og_image":[{"width":2000,"height":2000,"url":"https:\/\/i0.wp.com\/truusk.se\/wp-content\/uploads\/2026\/03\/parasollfot-av-hdpe-fyllbar-parasollfot-18kg-20kg-med-sandvatten-rund-svart-1.webp?fit=2000%2C2000&ssl=1","type":"image\/webp"}],"twitter_card":"summary_large_image","twitter_misc":{"Ber\u00e4knad l\u00e4stid":"1 minut"},"schema":{"@context":"https:\/\/schema.org","@graph":[{"@type":"WebPage","@id":"https:\/\/truusk.store\/sv\/produkt\/truusk-parasollfot-av-hdpe-fyllbar-med-sandvatten-rund-svart-for-parasoller-upp-till-18kg-20kg\/","url":"https:\/\/truusk.store\/sv\/produkt\/truusk-parasollfot-av-hdpe-fyllbar-med-sandvatten-rund-svart-for-parasoller-upp-till-18kg-20kg\/","name":"TRUUSK Parasollfot av HDPE - Fyllbar med sandvatten - Rund svart - F\u00f6r parasoller upp till 18kg\/20kg - TRUUSK - Hem, Tr\u00e4dg\u00e5rd &amp; Fritid","isPartOf":{"@id":"https:\/\/truusk.store\/sv\/#website"},"primaryImageOfPage":{"@id":"https:\/\/truusk.store\/sv\/produkt\/truusk-parasollfot-av-hdpe-fyllbar-med-sandvatten-rund-svart-for-parasoller-upp-till-18kg-20kg\/#primaryimage"},"image":{"@id":"https:\/\/truusk.store\/sv\/produkt\/truusk-parasollfot-av-hdpe-fyllbar-med-sandvatten-rund-svart-for-parasoller-upp-till-18kg-20kg\/#primaryimage"},"thumbnailUrl":"https:\/\/i0.wp.com\/truusk.store\/wp-content\/uploads\/2026\/03\/parasollfot-av-hdpe-fyllbar-parasollfot-18kg-20kg-med-sandvatten-rund-svart-1.webp?fit=2000%2C2000&ssl=1","datePublished":"2026-03-11T12:13:14+00:00","dateModified":"2026-03-12T07:41:03+00:00","breadcrumb":{"@id":"https:\/\/truusk.store\/sv\/produkt\/truusk-parasollfot-av-hdpe-fyllbar-med-sandvatten-rund-svart-for-parasoller-upp-till-18kg-20kg\/#breadcrumb"},"inLanguage":"sv-SE","potentialAction":[{"@type":"ReadAction","target":["https:\/\/truusk.store\/sv\/produkt\/truusk-parasollfot-av-hdpe-fyllbar-med-sandvatten-rund-svart-for-parasoller-upp-till-18kg-20kg\/"]}]},{"@type":"ImageObject","inLanguage":"sv-SE","@id":"https:\/\/truusk.store\/sv\/produkt\/truusk-parasollfot-av-hdpe-fyllbar-med-sandvatten-rund-svart-for-parasoller-upp-till-18kg-20kg\/#primaryimage","url":"https:\/\/i0.wp.com\/truusk.store\/wp-content\/uploads\/2026\/03\/parasollfot-av-hdpe-fyllbar-parasollfot-18kg-20kg-med-sandvatten-rund-svart-1.webp?fit=2000%2C2000&ssl=1","contentUrl":"https:\/\/i0.wp.com\/truusk.store\/wp-content\/uploads\/2026\/03\/parasollfot-av-hdpe-fyllbar-parasollfot-18kg-20kg-med-sandvatten-rund-svart-1.webp?fit=2000%2C2000&ssl=1","width":2000,"height":2000},{"@type":"BreadcrumbList","@id":"https:\/\/truusk.store\/sv\/produkt\/truusk-parasollfot-av-hdpe-fyllbar-med-sandvatten-rund-svart-for-parasoller-upp-till-18kg-20kg\/#breadcrumb","itemListElement":[{"@type":"ListItem","position":1,"name":"Home","item":"https:\/\/truusk.store\/sv\/"},{"@type":"ListItem","position":2,"name":"Shop","item":"https:\/\/truusk.store\/shop\/"},{"@type":"ListItem","position":3,"name":"TRUUSK Parasollfot av HDPE &#8211; Fyllbar med sandvatten &#8211; Rund svart &#8211; F\u00f6r parasoller upp till 18kg\/20kg"}]},{"@type":"WebSite","@id":"https:\/\/truusk.store\/sv\/#website","url":"https:\/\/truusk.store\/sv\/","name":"TRUUSK - Hem, Tr\u00e4dg\u00e5rd & Fritid","description":"","publisher":{"@id":"https:\/\/truusk.store\/sv\/#organization"},"potentialAction":[{"@type":"SearchAction","target":{"@type":"EntryPoint","urlTemplate":"https:\/\/truusk.store\/sv\/?s={search_term_string}"},"query-input":{"@type":"PropertyValueSpecification","valueRequired":true,"valueName":"search_term_string"}}],"inLanguage":"sv-SE"},{"@type":"Organization","@id":"https:\/\/truusk.store\/sv\/#organization","name":"TRUUSK - Hem, Tr\u00e4dg\u00e5rd & Fritid","url":"https:\/\/truusk.store\/sv\/","logo":{"@type":"ImageObject","inLanguage":"sv-SE","@id":"https:\/\/truusk.store\/sv\/#\/schema\/logo\/image\/","url":"https:\/\/i0.wp.com\/truusk.store\/wp-content\/uploads\/2026\/03\/cropped-TRUUSK.png?fit=2032%2C917&ssl=1","contentUrl":"https:\/\/i0.wp.com\/truusk.store\/wp-content\/uploads\/2026\/03\/cropped-TRUUSK.png?fit=2032%2C917&ssl=1","width":2032,"height":917,"caption":"TRUUSK - Hem, Tr\u00e4dg\u00e5rd & Fritid"},"image":{"@id":"https:\/\/truusk.store\/sv\/#\/schema\/logo\/image\/"}}]}},"jetpack_sharing_enabled":true,"_links":{"self":[{"href":"https:\/\/truusk.store\/sv\/wp-json\/wp\/v2\/product\/107928","targetHints":{"allow":["GET"]}}],"collection":[{"href":"https:\/\/truusk.store\/sv\/wp-json\/wp\/v2\/product"}],"about":[{"href":"https:\/\/truusk.store\/sv\/wp-json\/wp\/v2\/types\/product"}],"wp:featuredmedia":[{"embeddable":true,"href":"https:\/\/truusk.store\/sv\/wp-json\/wp\/v2\/media\/107912"}],"wp:attachment":[{"href":"https:\/\/truusk.store\/sv\/wp-json\/wp\/v2\/media?parent=107928"}],"wp:term":[{"taxonomy":"product_brand","embeddable":true,"href":"https:\/\/truusk.store\/sv\/wp-json\/wp\/v2\/product_brand?post=107928"},{"taxonomy":"product_cat","embeddable":true,"href":"https:\/\/truusk.store\/sv\/wp-json\/wp\/v2\/product_cat?post=107928"},{"taxonomy":"product_tag","embeddable":true,"href":"https:\/\/truusk.store\/sv\/wp-json\/wp\/v2\/product_tag?post=107928"}],"curies":[{"name":"wp","href":"https:\/\/api.w.org\/{rel}","templated":true}]}}