{"id":107938,"date":"2026-03-11T13:14:14","date_gmt":"2026-03-11T12:14:14","guid":{"rendered":"https:\/\/truusk.store\/product\/liten-rund-sidobord-tradgardsbord-med-blom-och-bladmonster-av-stal-o-40-x-50-cm-gron\/"},"modified":"2026-03-12T08:41:09","modified_gmt":"2026-03-12T07:41:09","slug":"truusk-liten-rund-sidobord-tradgardsbord-med-blom-och-bladmonster-stal-o-40-x-50-cm-gron","status":"publish","type":"product","link":"https:\/\/truusk.store\/sv\/produkt\/truusk-liten-rund-sidobord-tradgardsbord-med-blom-och-bladmonster-stal-o-40-x-50-cm-gron\/","title":{"rendered":"TRUUSK Liten Rund Sidobord &#8211; Tr\u00e4dg\u00e5rdsbord med Blom- och Bladm\u00f6nster &#8211; St\u00e5l &#8211; \u00d8 40 x 50 cm &#8211; Gr\u00f6n"},"content":{"rendered":"<p>F\u00f6rvandla alla utomhusomr\u00e5den med utomhussoffbordet fr\u00e5n [BRAND NAME], dekorerat med ett blomm- och bladm\u00f6nster. Tillverkad av pulverlackerat st\u00e5l med X-formade st\u00f6d och justerbara kuddar f\u00f6r stabilitet p\u00e5 oj\u00e4mn terr\u00e4ng, \u00e4r den utm\u00e4rkt som tr\u00e4dg\u00e5rdsbord, terrassbord eller bistrobord.<\/p>\n<p>Beskrivning:<\/p>\n<ul>\n<li> Central blomform med blad dekorerar tr\u00e4dg\u00e5rdsutrymmen<\/li>\n<li> Pulverlackerat st\u00e5l \u00e4r v\u00e4derbest\u00e4ndigt f\u00f6r h\u00e5llbarhet utomhus<\/li>\n<li> X-formade st\u00f6dr\u00f6r f\u00f6r \u00f6kad stabilitet<\/li>\n<li> Justerbara skyddsk\u00e5por stabiliserar p\u00e5 oj\u00e4mna ytor<\/li>\n<li> M\u00e5ngsidig f\u00f6r inomhus- och utomhusbruk, detta balkongbord kan fungera som soffbord eller v\u00e4xtst\u00e4ll<\/li>\n<li> Montering kr\u00e4vs<\/li>\n<\/ul>\n<p> Tekniska specifikationer:<\/p>\n<ul>\n<li> F\u00e4rg: Gr\u00f6n<\/li>\n<li> Material: St\u00e5l<\/li>\n<li> Totala dimensioner: \u00d8 40 x 50H cm<\/li>\n<li> Max. rekommenderad belastning: 30 kg<\/li>\n<li> Ref: 84G-697V00GN<\/li>\n<\/ul>\n<p>Leveransinneh\u00e5ll:<\/p>\n<ul>\n<li> 1 x Liten tr\u00e4dg\u00e5rdsbord<\/li>\n<li> 1 x Monteringsanvisning<\/li>\n<\/ul>\n","protected":false},"excerpt":{"rendered":"<p>F\u00f6rvandla alla utomhusomr\u00e5den med utomhussoffbordet fr\u00e5n [BRAND NAME], dekorerat med ett blomm- och bladm\u00f6nster. Tillverkad av pulverlackerat st\u00e5l med X-formade&#8230;<\/p>\n","protected":false},"featured_media":107931,"template":"","meta":[],"product_brand":[],"product_cat":[858,457,450],"product_tag":[],"class_list":{"0":"post-107938","1":"product","2":"type-product","3":"status-publish","4":"has-post-thumbnail","6":"product_cat-tradgard-terrass","7":"product_cat-tradgardsbord","8":"product_cat-tradgardsmobler","10":"first","11":"instock","12":"sale","13":"taxable","14":"shipping-taxable","15":"purchasable","16":"product-type-simple"},"yoast_head":"<!-- This site is optimized with the Yoast SEO plugin v25.4 - https:\/\/yoast.com\/wordpress\/plugins\/seo\/ -->\n<title>TRUUSK Liten Rund Sidobord - Tr\u00e4dg\u00e5rdsbord med Blom- och Bladm\u00f6nster - St\u00e5l - \u00d8 40 x 50 cm - Gr\u00f6n - TRUUSK - Hem, Tr\u00e4dg\u00e5rd &amp; Fritid<\/title>\n<meta name=\"robots\" content=\"index, follow, max-snippet:-1, max-image-preview:large, max-video-preview:-1\" \/>\n<link rel=\"canonical\" href=\"https:\/\/truusk.store\/sv\/produkt\/truusk-liten-rund-sidobord-tradgardsbord-med-blom-och-bladmonster-stal-o-40-x-50-cm-gron\/\" \/>\n<meta property=\"og:locale\" content=\"sv_SE\" \/>\n<meta property=\"og:type\" content=\"article\" \/>\n<meta property=\"og:title\" content=\"TRUUSK Liten Rund Sidobord - Tr\u00e4dg\u00e5rdsbord med Blom- och Bladm\u00f6nster - St\u00e5l - \u00d8 40 x 50 cm - Gr\u00f6n - TRUUSK - Hem, Tr\u00e4dg\u00e5rd &amp; Fritid\" \/>\n<meta property=\"og:description\" content=\"F\u00f6rvandla alla utomhusomr\u00e5den med utomhussoffbordet fr\u00e5n [BRAND NAME], dekorerat med ett blomm- och bladm\u00f6nster. Tillverkad av pulverlackerat st\u00e5l med X-formade...\" \/>\n<meta property=\"og:url\" content=\"https:\/\/truusk.store\/sv\/produkt\/truusk-liten-rund-sidobord-tradgardsbord-med-blom-och-bladmonster-stal-o-40-x-50-cm-gron\/\" \/>\n<meta property=\"og:site_name\" content=\"TRUUSK - Hem, Tr\u00e4dg\u00e5rd &amp; Fritid\" \/>\n<meta property=\"article:modified_time\" content=\"2026-03-12T07:41:09+00:00\" \/>\n<meta property=\"og:image\" content=\"https:\/\/i0.wp.com\/truusk.se\/wp-content\/uploads\/2026\/03\/liten-rund-sidobord-tradgardsbord-med-blom-och-bladmonster-av-stal-o-40-x-50-cm-gron-1.webp?fit=2000%2C2000&ssl=1\" \/>\n\t<meta property=\"og:image:width\" content=\"2000\" \/>\n\t<meta property=\"og:image:height\" content=\"2000\" \/>\n\t<meta property=\"og:image:type\" content=\"image\/webp\" \/>\n<meta name=\"twitter:card\" content=\"summary_large_image\" \/>\n<meta name=\"twitter:label1\" content=\"Ber\u00e4knad l\u00e4stid\" \/>\n\t<meta name=\"twitter:data1\" content=\"1 minut\" \/>\n<!-- \/ Yoast SEO plugin. -->","yoast_head_json":{"title":"TRUUSK Liten Rund Sidobord - Tr\u00e4dg\u00e5rdsbord med Blom- och Bladm\u00f6nster - St\u00e5l - \u00d8 40 x 50 cm - Gr\u00f6n - TRUUSK - Hem, Tr\u00e4dg\u00e5rd &amp; Fritid","robots":{"index":"index","follow":"follow","max-snippet":"max-snippet:-1","max-image-preview":"max-image-preview:large","max-video-preview":"max-video-preview:-1"},"canonical":"https:\/\/truusk.store\/sv\/produkt\/truusk-liten-rund-sidobord-tradgardsbord-med-blom-och-bladmonster-stal-o-40-x-50-cm-gron\/","og_locale":"sv_SE","og_type":"article","og_title":"TRUUSK Liten Rund Sidobord - Tr\u00e4dg\u00e5rdsbord med Blom- och Bladm\u00f6nster - St\u00e5l - \u00d8 40 x 50 cm - Gr\u00f6n - TRUUSK - Hem, Tr\u00e4dg\u00e5rd &amp; Fritid","og_description":"F\u00f6rvandla alla utomhusomr\u00e5den med utomhussoffbordet fr\u00e5n [BRAND NAME], dekorerat med ett blomm- och bladm\u00f6nster. Tillverkad av pulverlackerat st\u00e5l med X-formade...","og_url":"https:\/\/truusk.store\/sv\/produkt\/truusk-liten-rund-sidobord-tradgardsbord-med-blom-och-bladmonster-stal-o-40-x-50-cm-gron\/","og_site_name":"TRUUSK - Hem, Tr\u00e4dg\u00e5rd &amp; Fritid","article_modified_time":"2026-03-12T07:41:09+00:00","og_image":[{"width":2000,"height":2000,"url":"https:\/\/i0.wp.com\/truusk.se\/wp-content\/uploads\/2026\/03\/liten-rund-sidobord-tradgardsbord-med-blom-och-bladmonster-av-stal-o-40-x-50-cm-gron-1.webp?fit=2000%2C2000&ssl=1","type":"image\/webp"}],"twitter_card":"summary_large_image","twitter_misc":{"Ber\u00e4knad l\u00e4stid":"1 minut"},"schema":{"@context":"https:\/\/schema.org","@graph":[{"@type":"WebPage","@id":"https:\/\/truusk.store\/sv\/produkt\/truusk-liten-rund-sidobord-tradgardsbord-med-blom-och-bladmonster-stal-o-40-x-50-cm-gron\/","url":"https:\/\/truusk.store\/sv\/produkt\/truusk-liten-rund-sidobord-tradgardsbord-med-blom-och-bladmonster-stal-o-40-x-50-cm-gron\/","name":"TRUUSK Liten Rund Sidobord - Tr\u00e4dg\u00e5rdsbord med Blom- och Bladm\u00f6nster - St\u00e5l - \u00d8 40 x 50 cm - Gr\u00f6n - TRUUSK - Hem, Tr\u00e4dg\u00e5rd &amp; Fritid","isPartOf":{"@id":"https:\/\/truusk.store\/sv\/#website"},"primaryImageOfPage":{"@id":"https:\/\/truusk.store\/sv\/produkt\/truusk-liten-rund-sidobord-tradgardsbord-med-blom-och-bladmonster-stal-o-40-x-50-cm-gron\/#primaryimage"},"image":{"@id":"https:\/\/truusk.store\/sv\/produkt\/truusk-liten-rund-sidobord-tradgardsbord-med-blom-och-bladmonster-stal-o-40-x-50-cm-gron\/#primaryimage"},"thumbnailUrl":"https:\/\/i0.wp.com\/truusk.store\/wp-content\/uploads\/2026\/03\/liten-rund-sidobord-tradgardsbord-med-blom-och-bladmonster-av-stal-o-40-x-50-cm-gron-1.webp?fit=2000%2C2000&ssl=1","datePublished":"2026-03-11T12:14:14+00:00","dateModified":"2026-03-12T07:41:09+00:00","breadcrumb":{"@id":"https:\/\/truusk.store\/sv\/produkt\/truusk-liten-rund-sidobord-tradgardsbord-med-blom-och-bladmonster-stal-o-40-x-50-cm-gron\/#breadcrumb"},"inLanguage":"sv-SE","potentialAction":[{"@type":"ReadAction","target":["https:\/\/truusk.store\/sv\/produkt\/truusk-liten-rund-sidobord-tradgardsbord-med-blom-och-bladmonster-stal-o-40-x-50-cm-gron\/"]}]},{"@type":"ImageObject","inLanguage":"sv-SE","@id":"https:\/\/truusk.store\/sv\/produkt\/truusk-liten-rund-sidobord-tradgardsbord-med-blom-och-bladmonster-stal-o-40-x-50-cm-gron\/#primaryimage","url":"https:\/\/i0.wp.com\/truusk.store\/wp-content\/uploads\/2026\/03\/liten-rund-sidobord-tradgardsbord-med-blom-och-bladmonster-av-stal-o-40-x-50-cm-gron-1.webp?fit=2000%2C2000&ssl=1","contentUrl":"https:\/\/i0.wp.com\/truusk.store\/wp-content\/uploads\/2026\/03\/liten-rund-sidobord-tradgardsbord-med-blom-och-bladmonster-av-stal-o-40-x-50-cm-gron-1.webp?fit=2000%2C2000&ssl=1","width":2000,"height":2000},{"@type":"BreadcrumbList","@id":"https:\/\/truusk.store\/sv\/produkt\/truusk-liten-rund-sidobord-tradgardsbord-med-blom-och-bladmonster-stal-o-40-x-50-cm-gron\/#breadcrumb","itemListElement":[{"@type":"ListItem","position":1,"name":"Home","item":"https:\/\/truusk.store\/sv\/"},{"@type":"ListItem","position":2,"name":"Shop","item":"https:\/\/truusk.store\/shop\/"},{"@type":"ListItem","position":3,"name":"TRUUSK Liten Rund Sidobord &#8211; Tr\u00e4dg\u00e5rdsbord med Blom- och Bladm\u00f6nster &#8211; St\u00e5l &#8211; \u00d8 40 x 50 cm &#8211; Gr\u00f6n"}]},{"@type":"WebSite","@id":"https:\/\/truusk.store\/sv\/#website","url":"https:\/\/truusk.store\/sv\/","name":"TRUUSK - Hem, Tr\u00e4dg\u00e5rd & Fritid","description":"","publisher":{"@id":"https:\/\/truusk.store\/sv\/#organization"},"potentialAction":[{"@type":"SearchAction","target":{"@type":"EntryPoint","urlTemplate":"https:\/\/truusk.store\/sv\/?s={search_term_string}"},"query-input":{"@type":"PropertyValueSpecification","valueRequired":true,"valueName":"search_term_string"}}],"inLanguage":"sv-SE"},{"@type":"Organization","@id":"https:\/\/truusk.store\/sv\/#organization","name":"TRUUSK - Hem, Tr\u00e4dg\u00e5rd & Fritid","url":"https:\/\/truusk.store\/sv\/","logo":{"@type":"ImageObject","inLanguage":"sv-SE","@id":"https:\/\/truusk.store\/sv\/#\/schema\/logo\/image\/","url":"https:\/\/i0.wp.com\/truusk.store\/wp-content\/uploads\/2026\/03\/cropped-TRUUSK.png?fit=2032%2C917&ssl=1","contentUrl":"https:\/\/i0.wp.com\/truusk.store\/wp-content\/uploads\/2026\/03\/cropped-TRUUSK.png?fit=2032%2C917&ssl=1","width":2032,"height":917,"caption":"TRUUSK - Hem, Tr\u00e4dg\u00e5rd & Fritid"},"image":{"@id":"https:\/\/truusk.store\/sv\/#\/schema\/logo\/image\/"}}]}},"jetpack_sharing_enabled":true,"_links":{"self":[{"href":"https:\/\/truusk.store\/sv\/wp-json\/wp\/v2\/product\/107938","targetHints":{"allow":["GET"]}}],"collection":[{"href":"https:\/\/truusk.store\/sv\/wp-json\/wp\/v2\/product"}],"about":[{"href":"https:\/\/truusk.store\/sv\/wp-json\/wp\/v2\/types\/product"}],"wp:featuredmedia":[{"embeddable":true,"href":"https:\/\/truusk.store\/sv\/wp-json\/wp\/v2\/media\/107931"}],"wp:attachment":[{"href":"https:\/\/truusk.store\/sv\/wp-json\/wp\/v2\/media?parent=107938"}],"wp:term":[{"taxonomy":"product_brand","embeddable":true,"href":"https:\/\/truusk.store\/sv\/wp-json\/wp\/v2\/product_brand?post=107938"},{"taxonomy":"product_cat","embeddable":true,"href":"https:\/\/truusk.store\/sv\/wp-json\/wp\/v2\/product_cat?post=107938"},{"taxonomy":"product_tag","embeddable":true,"href":"https:\/\/truusk.store\/sv\/wp-json\/wp\/v2\/product_tag?post=107938"}],"curies":[{"name":"wp","href":"https:\/\/api.w.org\/{rel}","templated":true}]}}