{"id":10794,"date":"2024-02-13T10:24:57","date_gmt":"2024-02-13T09:24:57","guid":{"rendered":"https:\/\/truusk.store\/product\/sopkarl-med-sensor-72-l-avfallssepareringssystem-3-fack-rostfritt-stal-silver-42-x-30-x-81-cm\/"},"modified":"2026-03-12T08:57:20","modified_gmt":"2026-03-12T07:57:20","slug":"truusk-avfallssepareringssystem-3-fack-rostfritt-stal-sensor-72-l-silver-42-x-30-x-81-cm","status":"publish","type":"product","link":"https:\/\/truusk.store\/sv\/produkt\/truusk-avfallssepareringssystem-3-fack-rostfritt-stal-sensor-72-l-silver-42-x-30-x-81-cm\/","title":{"rendered":"TRUUSK Avfallssepareringssystem 3 Fack Rostfritt St\u00e5l &#8211; Sensor &#8211; 72 L &#8211; Silver &#8211; 42 X 30 X 81 Cm"},"content":{"rendered":"<p>Mer hygien tack vare automatisk \u00f6ppning: papperskorgen \u00e4r det rena alternativet f\u00f6r ditt k\u00f6k. S\u00e5 fort din hand kommer n\u00e4ra sensorn (15 cm) \u00f6ppnas sopkorgen f\u00f6r ditt restavfall helt av sig sj\u00e4lv. I det nedre omr\u00e5det finns ytterligare tv\u00e5 fack, till exempel f\u00f6r organiskt avfall och l\u00e4tta f\u00f6rpackningar som ska \u00e5tervinnas. Papperskorgen av rostfritt st\u00e5l och slitstark ABS-plast \u00e4r 81 centimeter h\u00f6g och har en total volym p\u00e5 72 liter.<\/p>\n<h3>Beskrivning:<\/h3>\n<ul>\n<li>\u00d6ppnas och st\u00e4nger automatiskt tack vare den infrar\u00f6da sensorn<\/li>\n<li>Sensorn reagerar inom ett omr\u00e5de p\u00e5 15 cm<\/li>\n<li>Alternativt kan den \u00f6ppnas och st\u00e4ngas med knappkontroller<\/li>\n<li>3 fack f\u00f6r olika avfall med en total volym p\u00e5 72 l<\/li>\n<li>Tillverkad av rostfritt st\u00e5l och slitstark ABS-plast<\/li>\n<li>L\u00e4tt avtagbart lock<\/li>\n<li>Drivs med 6 AA-batterier (ing\u00e5r ej)<\/li>\n<\/ul>\n<h3>Teknisk data:<\/h3>\n<ul>\n<li>Material: rostfritt st\u00e5l, ABS-plast<\/li>\n<li>silver<\/li>\n<li>\u00d6vergripande m\u00e5tt: L42 x B30 x H81 cm<\/li>\n<li>Lockets m\u00e5tt: L42 x B30 x H9 cm<\/li>\n<li>Sensorns r\u00e4ckvidd: 15 cm<\/li>\n<li>Svarstid: 0,5 sekunder<\/li>\n<li>\u00d6vre beh\u00e5llarestorlek: L39 x B29 x H37 cm<\/li>\n<li>Storlek p\u00e5 nedre sopk\u00e4rl: L 23,5 x B17 x H32 cm styck<\/li>\n<li>Avfallskapacitet: 72 L<\/li>\n<li>Batteri: 6 x AA-batterier (ing\u00e5r ej)<\/li>\n<li>Nettovikt: 10 kg<\/li>\n<li>Certifiering: CE, RoHS<\/li>\n<\/ul>\n<h3>Leveransens omfattning:<\/h3>\n<ul>\n<li>1 x avfallsk\u00e4rl<\/li>\n<li>1 x bruksanvisning<\/li>\n<\/ul>\n","protected":false},"excerpt":{"rendered":"<p>Mer hygien tack vare automatisk \u00f6ppning: papperskorgen \u00e4r det rena alternativet f\u00f6r ditt k\u00f6k. S\u00e5 fort din hand kommer n\u00e4ra&#8230;<\/p>\n","protected":false},"featured_media":10795,"template":"","meta":[],"product_brand":[],"product_cat":[671,686,685],"product_tag":[],"class_list":{"0":"post-10794","1":"product","2":"type-product","3":"status-publish","4":"has-post-thumbnail","6":"product_cat-jarnaffar","7":"product_cat-papperskorg","8":"product_cat-stadning-bestallning","10":"first","11":"instock","12":"sale","13":"taxable","14":"shipping-taxable","15":"purchasable","16":"product-type-simple"},"yoast_head":"<!-- This site is optimized with the Yoast SEO plugin v25.4 - https:\/\/yoast.com\/wordpress\/plugins\/seo\/ -->\n<title>TRUUSK Avfallssepareringssystem 3 Fack Rostfritt St\u00e5l - Sensor - 72 L - Silver - 42 X 30 X 81 Cm - TRUUSK - Hem, Tr\u00e4dg\u00e5rd &amp; Fritid<\/title>\n<meta name=\"robots\" content=\"index, follow, max-snippet:-1, max-image-preview:large, max-video-preview:-1\" \/>\n<link rel=\"canonical\" href=\"https:\/\/truusk.store\/sv\/produkt\/truusk-avfallssepareringssystem-3-fack-rostfritt-stal-sensor-72-l-silver-42-x-30-x-81-cm\/\" \/>\n<meta property=\"og:locale\" content=\"sv_SE\" \/>\n<meta property=\"og:type\" content=\"article\" \/>\n<meta property=\"og:title\" content=\"TRUUSK Avfallssepareringssystem 3 Fack Rostfritt St\u00e5l - Sensor - 72 L - Silver - 42 X 30 X 81 Cm - TRUUSK - Hem, Tr\u00e4dg\u00e5rd &amp; Fritid\" \/>\n<meta property=\"og:description\" content=\"Mer hygien tack vare automatisk \u00f6ppning: papperskorgen \u00e4r det rena alternativet f\u00f6r ditt k\u00f6k. S\u00e5 fort din hand kommer n\u00e4ra...\" \/>\n<meta property=\"og:url\" content=\"https:\/\/truusk.store\/sv\/produkt\/truusk-avfallssepareringssystem-3-fack-rostfritt-stal-sensor-72-l-silver-42-x-30-x-81-cm\/\" \/>\n<meta property=\"og:site_name\" content=\"TRUUSK - Hem, Tr\u00e4dg\u00e5rd &amp; Fritid\" \/>\n<meta property=\"article:modified_time\" content=\"2026-03-12T07:57:20+00:00\" \/>\n<meta property=\"og:image\" content=\"https:\/\/i0.wp.com\/truusk.se\/wp-content\/uploads\/2024\/02\/sopkarl-med-sensor-72-l-avfallssepareringssystem-3-fack-rostfritt-stal-silver-42-x-30-x-81-cm.webp?fit=800%2C800&ssl=1\" \/>\n\t<meta property=\"og:image:width\" content=\"800\" \/>\n\t<meta property=\"og:image:height\" content=\"800\" \/>\n\t<meta property=\"og:image:type\" content=\"image\/webp\" \/>\n<meta name=\"twitter:card\" content=\"summary_large_image\" \/>\n<meta name=\"twitter:label1\" content=\"Ber\u00e4knad l\u00e4stid\" \/>\n\t<meta name=\"twitter:data1\" content=\"1 minut\" \/>\n<!-- \/ Yoast SEO plugin. -->","yoast_head_json":{"title":"TRUUSK Avfallssepareringssystem 3 Fack Rostfritt St\u00e5l - Sensor - 72 L - Silver - 42 X 30 X 81 Cm - TRUUSK - Hem, Tr\u00e4dg\u00e5rd &amp; Fritid","robots":{"index":"index","follow":"follow","max-snippet":"max-snippet:-1","max-image-preview":"max-image-preview:large","max-video-preview":"max-video-preview:-1"},"canonical":"https:\/\/truusk.store\/sv\/produkt\/truusk-avfallssepareringssystem-3-fack-rostfritt-stal-sensor-72-l-silver-42-x-30-x-81-cm\/","og_locale":"sv_SE","og_type":"article","og_title":"TRUUSK Avfallssepareringssystem 3 Fack Rostfritt St\u00e5l - Sensor - 72 L - Silver - 42 X 30 X 81 Cm - TRUUSK - Hem, Tr\u00e4dg\u00e5rd &amp; Fritid","og_description":"Mer hygien tack vare automatisk \u00f6ppning: papperskorgen \u00e4r det rena alternativet f\u00f6r ditt k\u00f6k. S\u00e5 fort din hand kommer n\u00e4ra...","og_url":"https:\/\/truusk.store\/sv\/produkt\/truusk-avfallssepareringssystem-3-fack-rostfritt-stal-sensor-72-l-silver-42-x-30-x-81-cm\/","og_site_name":"TRUUSK - Hem, Tr\u00e4dg\u00e5rd &amp; Fritid","article_modified_time":"2026-03-12T07:57:20+00:00","og_image":[{"width":800,"height":800,"url":"https:\/\/i0.wp.com\/truusk.se\/wp-content\/uploads\/2024\/02\/sopkarl-med-sensor-72-l-avfallssepareringssystem-3-fack-rostfritt-stal-silver-42-x-30-x-81-cm.webp?fit=800%2C800&ssl=1","type":"image\/webp"}],"twitter_card":"summary_large_image","twitter_misc":{"Ber\u00e4knad l\u00e4stid":"1 minut"},"schema":{"@context":"https:\/\/schema.org","@graph":[{"@type":"WebPage","@id":"https:\/\/truusk.store\/sv\/produkt\/truusk-avfallssepareringssystem-3-fack-rostfritt-stal-sensor-72-l-silver-42-x-30-x-81-cm\/","url":"https:\/\/truusk.store\/sv\/produkt\/truusk-avfallssepareringssystem-3-fack-rostfritt-stal-sensor-72-l-silver-42-x-30-x-81-cm\/","name":"TRUUSK Avfallssepareringssystem 3 Fack Rostfritt St\u00e5l - Sensor - 72 L - Silver - 42 X 30 X 81 Cm - TRUUSK - Hem, Tr\u00e4dg\u00e5rd &amp; Fritid","isPartOf":{"@id":"https:\/\/truusk.store\/sv\/#website"},"primaryImageOfPage":{"@id":"https:\/\/truusk.store\/sv\/produkt\/truusk-avfallssepareringssystem-3-fack-rostfritt-stal-sensor-72-l-silver-42-x-30-x-81-cm\/#primaryimage"},"image":{"@id":"https:\/\/truusk.store\/sv\/produkt\/truusk-avfallssepareringssystem-3-fack-rostfritt-stal-sensor-72-l-silver-42-x-30-x-81-cm\/#primaryimage"},"thumbnailUrl":"https:\/\/i0.wp.com\/truusk.store\/wp-content\/uploads\/2024\/02\/sopkarl-med-sensor-72-l-avfallssepareringssystem-3-fack-rostfritt-stal-silver-42-x-30-x-81-cm.webp?fit=800%2C800&ssl=1","datePublished":"2024-02-13T09:24:57+00:00","dateModified":"2026-03-12T07:57:20+00:00","breadcrumb":{"@id":"https:\/\/truusk.store\/sv\/produkt\/truusk-avfallssepareringssystem-3-fack-rostfritt-stal-sensor-72-l-silver-42-x-30-x-81-cm\/#breadcrumb"},"inLanguage":"sv-SE","potentialAction":[{"@type":"ReadAction","target":["https:\/\/truusk.store\/sv\/produkt\/truusk-avfallssepareringssystem-3-fack-rostfritt-stal-sensor-72-l-silver-42-x-30-x-81-cm\/"]}]},{"@type":"ImageObject","inLanguage":"sv-SE","@id":"https:\/\/truusk.store\/sv\/produkt\/truusk-avfallssepareringssystem-3-fack-rostfritt-stal-sensor-72-l-silver-42-x-30-x-81-cm\/#primaryimage","url":"https:\/\/i0.wp.com\/truusk.store\/wp-content\/uploads\/2024\/02\/sopkarl-med-sensor-72-l-avfallssepareringssystem-3-fack-rostfritt-stal-silver-42-x-30-x-81-cm.webp?fit=800%2C800&ssl=1","contentUrl":"https:\/\/i0.wp.com\/truusk.store\/wp-content\/uploads\/2024\/02\/sopkarl-med-sensor-72-l-avfallssepareringssystem-3-fack-rostfritt-stal-silver-42-x-30-x-81-cm.webp?fit=800%2C800&ssl=1","width":800,"height":800,"caption":"Sopk\u00e4rl Med Sensor 72 L Avfallssepareringssystem 3 Fack Rostfritt St\u00e5l Silver 42 X 30 X 81 Cm 1"},{"@type":"BreadcrumbList","@id":"https:\/\/truusk.store\/sv\/produkt\/truusk-avfallssepareringssystem-3-fack-rostfritt-stal-sensor-72-l-silver-42-x-30-x-81-cm\/#breadcrumb","itemListElement":[{"@type":"ListItem","position":1,"name":"Home","item":"https:\/\/truusk.store\/sv\/"},{"@type":"ListItem","position":2,"name":"Shop","item":"https:\/\/truusk.store\/shop\/"},{"@type":"ListItem","position":3,"name":"TRUUSK Avfallssepareringssystem 3 Fack Rostfritt St\u00e5l &#8211; Sensor &#8211; 72 L &#8211; Silver &#8211; 42 X 30 X 81 Cm"}]},{"@type":"WebSite","@id":"https:\/\/truusk.store\/sv\/#website","url":"https:\/\/truusk.store\/sv\/","name":"TRUUSK - Hem, Tr\u00e4dg\u00e5rd & Fritid","description":"","publisher":{"@id":"https:\/\/truusk.store\/sv\/#organization"},"potentialAction":[{"@type":"SearchAction","target":{"@type":"EntryPoint","urlTemplate":"https:\/\/truusk.store\/sv\/?s={search_term_string}"},"query-input":{"@type":"PropertyValueSpecification","valueRequired":true,"valueName":"search_term_string"}}],"inLanguage":"sv-SE"},{"@type":"Organization","@id":"https:\/\/truusk.store\/sv\/#organization","name":"TRUUSK - Hem, Tr\u00e4dg\u00e5rd & Fritid","url":"https:\/\/truusk.store\/sv\/","logo":{"@type":"ImageObject","inLanguage":"sv-SE","@id":"https:\/\/truusk.store\/sv\/#\/schema\/logo\/image\/","url":"https:\/\/i0.wp.com\/truusk.store\/wp-content\/uploads\/2026\/03\/cropped-TRUUSK.png?fit=2032%2C917&ssl=1","contentUrl":"https:\/\/i0.wp.com\/truusk.store\/wp-content\/uploads\/2026\/03\/cropped-TRUUSK.png?fit=2032%2C917&ssl=1","width":2032,"height":917,"caption":"TRUUSK - Hem, Tr\u00e4dg\u00e5rd & Fritid"},"image":{"@id":"https:\/\/truusk.store\/sv\/#\/schema\/logo\/image\/"}}]}},"jetpack_sharing_enabled":true,"_links":{"self":[{"href":"https:\/\/truusk.store\/sv\/wp-json\/wp\/v2\/product\/10794","targetHints":{"allow":["GET"]}}],"collection":[{"href":"https:\/\/truusk.store\/sv\/wp-json\/wp\/v2\/product"}],"about":[{"href":"https:\/\/truusk.store\/sv\/wp-json\/wp\/v2\/types\/product"}],"wp:featuredmedia":[{"embeddable":true,"href":"https:\/\/truusk.store\/sv\/wp-json\/wp\/v2\/media\/10795"}],"wp:attachment":[{"href":"https:\/\/truusk.store\/sv\/wp-json\/wp\/v2\/media?parent=10794"}],"wp:term":[{"taxonomy":"product_brand","embeddable":true,"href":"https:\/\/truusk.store\/sv\/wp-json\/wp\/v2\/product_brand?post=10794"},{"taxonomy":"product_cat","embeddable":true,"href":"https:\/\/truusk.store\/sv\/wp-json\/wp\/v2\/product_cat?post=10794"},{"taxonomy":"product_tag","embeddable":true,"href":"https:\/\/truusk.store\/sv\/wp-json\/wp\/v2\/product_tag?post=10794"}],"curies":[{"name":"wp","href":"https:\/\/api.w.org\/{rel}","templated":true}]}}