{"id":107960,"date":"2026-03-11T13:16:26","date_gmt":"2026-03-11T12:16:26","guid":{"rendered":"https:\/\/truusk.store\/product\/hund-agility-steg-med-sakerhetsstang-halkfri-yta-vaderbestandig-agility-utrustning-upp-till-40-kg-325x55x69-cm-gra\/"},"modified":"2026-03-12T08:41:21","modified_gmt":"2026-03-12T07:41:21","slug":"truusk-hund-agility-steg-sakerhetsstang-halkfri-yta-vaderbestandig-upp-till-40-kg-gra","status":"publish","type":"product","link":"https:\/\/truusk.store\/sv\/produkt\/truusk-hund-agility-steg-sakerhetsstang-halkfri-yta-vaderbestandig-upp-till-40-kg-gra\/","title":{"rendered":"TRUUSK Hund Agility Steg &#8211; S\u00e4kerhetsst\u00e5ng &#8211; Halkfri Yta &#8211; V\u00e4derbest\u00e4ndig &#8211; Upp Till 40 Kg &#8211; Gr\u00e5"},"content":{"rendered":"<p>St\u00f6dja din hund i att bygga sj\u00e4lvf\u00f6rtroende och smidighet med denna h\u00f6gkvalitativa tr\u00e4ningsramp. Den milda 35\u00b0 lutningen och tv\u00e5f\u00e4rgade ytor underl\u00e4ttar orienteringen, perfekt f\u00f6r hundar p\u00e5 alla erfarenhetsniv\u00e5er. S\u00e4kerhetsst\u00e4nger, halkfri yta och stabil ram p\u00e5 hundens smidighetsramp garanterar s\u00e4ker tr\u00e4ning f\u00f6r hundar upp till 40 kg. Tillverkad av v\u00e4derbest\u00e4ndigt grantr\u00e4, perfekt f\u00f6r l\u00e5ngvarig utomhusanv\u00e4ndning utan frekvent omplacering.<\/p>\n<p>Beskrivning:<\/p>\n<ul>\n<li> Hundens smidighetsramp f\u00f6rb\u00e4ttrar ditt husdjurs sj\u00e4lvf\u00f6rtroende, balans och smidighet<\/li>\n<li> Tv\u00e5 kombinerade f\u00e4rger hj\u00e4lper hundar att k\u00e4nna igen smidighetsutrustningen<\/li>\n<li> S\u00e4kerhetsst\u00e4nger och halkfri yta ger ett s\u00e4kert grepp<\/li>\n<li> 35\u00b0 lutning erbjuder en utmanande men s\u00e4ker lutning<\/li>\n<li> Tillverkad av grantr\u00e4, l\u00e4mplig f\u00f6r utomhusbruk<\/li>\n<li> Hundens smidighetsramp st\u00f6der hundar upp till 40 kg<\/li>\n<li> Montering slutf\u00f6rd inom 20-40 minuter<\/li>\n<\/ul>\n<p> Tekniska data:<\/p>\n<ul>\n<li> F\u00e4rger: Gr\u00e5+Brun+Svart<\/li>\n<li> Material: Grantr\u00e4<\/li>\n<li> Totala dimensioner: 325L x 55B x 69H cm<\/li>\n<li> Enkelpanel: 120L x 30B cm<\/li>\n<li> Sidolutningsvinkel: 35\u00b0<\/li>\n<li> Benbredd: 55 cm<\/li>\n<li> Maximal rekommenderad belastning: 40 kg<\/li>\n<\/ul>\n<p>Leveransinneh\u00e5ll:<\/p>\n<ul>\n<li> 1 x Hundsportramp<\/li>\n<li> 1 x Instruktioner<\/li>\n<\/ul>\n","protected":false},"excerpt":{"rendered":"<p>St\u00f6dja din hund i att bygga sj\u00e4lvf\u00f6rtroende och smidighet med denna h\u00f6gkvalitativa tr\u00e4ningsramp. Den milda 35\u00b0 lutningen och tv\u00e5f\u00e4rgade ytor&#8230;<\/p>\n","protected":false},"featured_media":107945,"template":"","meta":[],"product_brand":[],"product_cat":[578,878,574],"product_tag":[],"class_list":{"0":"post-107960","1":"product","2":"type-product","3":"status-publish","4":"has-post-thumbnail","6":"product_cat-agility-set","7":"product_cat-djurbehov","8":"product_cat-hundtillbehor","10":"first","11":"instock","12":"sale","13":"taxable","14":"shipping-taxable","15":"purchasable","16":"product-type-simple"},"yoast_head":"<!-- This site is optimized with the Yoast SEO plugin v25.4 - https:\/\/yoast.com\/wordpress\/plugins\/seo\/ -->\n<title>TRUUSK Hund Agility Steg - S\u00e4kerhetsst\u00e5ng - Halkfri Yta - V\u00e4derbest\u00e4ndig - Upp Till 40 Kg - Gr\u00e5 - TRUUSK - Hem, Tr\u00e4dg\u00e5rd &amp; Fritid<\/title>\n<meta name=\"robots\" content=\"index, follow, max-snippet:-1, max-image-preview:large, max-video-preview:-1\" \/>\n<link rel=\"canonical\" href=\"https:\/\/truusk.store\/sv\/produkt\/truusk-hund-agility-steg-sakerhetsstang-halkfri-yta-vaderbestandig-upp-till-40-kg-gra\/\" \/>\n<meta property=\"og:locale\" content=\"sv_SE\" \/>\n<meta property=\"og:type\" content=\"article\" \/>\n<meta property=\"og:title\" content=\"TRUUSK Hund Agility Steg - S\u00e4kerhetsst\u00e5ng - Halkfri Yta - V\u00e4derbest\u00e4ndig - Upp Till 40 Kg - Gr\u00e5 - TRUUSK - Hem, Tr\u00e4dg\u00e5rd &amp; Fritid\" \/>\n<meta property=\"og:description\" content=\"St\u00f6dja din hund i att bygga sj\u00e4lvf\u00f6rtroende och smidighet med denna h\u00f6gkvalitativa tr\u00e4ningsramp. Den milda 35\u00b0 lutningen och tv\u00e5f\u00e4rgade ytor...\" \/>\n<meta property=\"og:url\" content=\"https:\/\/truusk.store\/sv\/produkt\/truusk-hund-agility-steg-sakerhetsstang-halkfri-yta-vaderbestandig-upp-till-40-kg-gra\/\" \/>\n<meta property=\"og:site_name\" content=\"TRUUSK - Hem, Tr\u00e4dg\u00e5rd &amp; Fritid\" \/>\n<meta property=\"article:modified_time\" content=\"2026-03-12T07:41:21+00:00\" \/>\n<meta property=\"og:image\" content=\"https:\/\/i0.wp.com\/truusk.se\/wp-content\/uploads\/2026\/03\/hund-agility-steg-med-sakerhetsstang-halkfri-yta-vaderbestandig-agility-utrustning-upp-till-40-kg-325x55x69-cm-gra-1.webp?fit=2000%2C2000&ssl=1\" \/>\n\t<meta property=\"og:image:width\" content=\"2000\" \/>\n\t<meta property=\"og:image:height\" content=\"2000\" \/>\n\t<meta property=\"og:image:type\" content=\"image\/webp\" \/>\n<meta name=\"twitter:card\" content=\"summary_large_image\" \/>\n<meta name=\"twitter:label1\" content=\"Ber\u00e4knad l\u00e4stid\" \/>\n\t<meta name=\"twitter:data1\" content=\"1 minut\" \/>\n<!-- \/ Yoast SEO plugin. -->","yoast_head_json":{"title":"TRUUSK Hund Agility Steg - S\u00e4kerhetsst\u00e5ng - Halkfri Yta - V\u00e4derbest\u00e4ndig - Upp Till 40 Kg - Gr\u00e5 - TRUUSK - Hem, Tr\u00e4dg\u00e5rd &amp; Fritid","robots":{"index":"index","follow":"follow","max-snippet":"max-snippet:-1","max-image-preview":"max-image-preview:large","max-video-preview":"max-video-preview:-1"},"canonical":"https:\/\/truusk.store\/sv\/produkt\/truusk-hund-agility-steg-sakerhetsstang-halkfri-yta-vaderbestandig-upp-till-40-kg-gra\/","og_locale":"sv_SE","og_type":"article","og_title":"TRUUSK Hund Agility Steg - S\u00e4kerhetsst\u00e5ng - Halkfri Yta - V\u00e4derbest\u00e4ndig - Upp Till 40 Kg - Gr\u00e5 - TRUUSK - Hem, Tr\u00e4dg\u00e5rd &amp; Fritid","og_description":"St\u00f6dja din hund i att bygga sj\u00e4lvf\u00f6rtroende och smidighet med denna h\u00f6gkvalitativa tr\u00e4ningsramp. Den milda 35\u00b0 lutningen och tv\u00e5f\u00e4rgade ytor...","og_url":"https:\/\/truusk.store\/sv\/produkt\/truusk-hund-agility-steg-sakerhetsstang-halkfri-yta-vaderbestandig-upp-till-40-kg-gra\/","og_site_name":"TRUUSK - Hem, Tr\u00e4dg\u00e5rd &amp; Fritid","article_modified_time":"2026-03-12T07:41:21+00:00","og_image":[{"width":2000,"height":2000,"url":"https:\/\/i0.wp.com\/truusk.se\/wp-content\/uploads\/2026\/03\/hund-agility-steg-med-sakerhetsstang-halkfri-yta-vaderbestandig-agility-utrustning-upp-till-40-kg-325x55x69-cm-gra-1.webp?fit=2000%2C2000&ssl=1","type":"image\/webp"}],"twitter_card":"summary_large_image","twitter_misc":{"Ber\u00e4knad l\u00e4stid":"1 minut"},"schema":{"@context":"https:\/\/schema.org","@graph":[{"@type":"WebPage","@id":"https:\/\/truusk.store\/sv\/produkt\/truusk-hund-agility-steg-sakerhetsstang-halkfri-yta-vaderbestandig-upp-till-40-kg-gra\/","url":"https:\/\/truusk.store\/sv\/produkt\/truusk-hund-agility-steg-sakerhetsstang-halkfri-yta-vaderbestandig-upp-till-40-kg-gra\/","name":"TRUUSK Hund Agility Steg - S\u00e4kerhetsst\u00e5ng - Halkfri Yta - V\u00e4derbest\u00e4ndig - Upp Till 40 Kg - Gr\u00e5 - TRUUSK - Hem, Tr\u00e4dg\u00e5rd &amp; Fritid","isPartOf":{"@id":"https:\/\/truusk.store\/sv\/#website"},"primaryImageOfPage":{"@id":"https:\/\/truusk.store\/sv\/produkt\/truusk-hund-agility-steg-sakerhetsstang-halkfri-yta-vaderbestandig-upp-till-40-kg-gra\/#primaryimage"},"image":{"@id":"https:\/\/truusk.store\/sv\/produkt\/truusk-hund-agility-steg-sakerhetsstang-halkfri-yta-vaderbestandig-upp-till-40-kg-gra\/#primaryimage"},"thumbnailUrl":"https:\/\/i0.wp.com\/truusk.store\/wp-content\/uploads\/2026\/03\/hund-agility-steg-med-sakerhetsstang-halkfri-yta-vaderbestandig-agility-utrustning-upp-till-40-kg-325x55x69-cm-gra-1.webp?fit=2000%2C2000&ssl=1","datePublished":"2026-03-11T12:16:26+00:00","dateModified":"2026-03-12T07:41:21+00:00","breadcrumb":{"@id":"https:\/\/truusk.store\/sv\/produkt\/truusk-hund-agility-steg-sakerhetsstang-halkfri-yta-vaderbestandig-upp-till-40-kg-gra\/#breadcrumb"},"inLanguage":"sv-SE","potentialAction":[{"@type":"ReadAction","target":["https:\/\/truusk.store\/sv\/produkt\/truusk-hund-agility-steg-sakerhetsstang-halkfri-yta-vaderbestandig-upp-till-40-kg-gra\/"]}]},{"@type":"ImageObject","inLanguage":"sv-SE","@id":"https:\/\/truusk.store\/sv\/produkt\/truusk-hund-agility-steg-sakerhetsstang-halkfri-yta-vaderbestandig-upp-till-40-kg-gra\/#primaryimage","url":"https:\/\/i0.wp.com\/truusk.store\/wp-content\/uploads\/2026\/03\/hund-agility-steg-med-sakerhetsstang-halkfri-yta-vaderbestandig-agility-utrustning-upp-till-40-kg-325x55x69-cm-gra-1.webp?fit=2000%2C2000&ssl=1","contentUrl":"https:\/\/i0.wp.com\/truusk.store\/wp-content\/uploads\/2026\/03\/hund-agility-steg-med-sakerhetsstang-halkfri-yta-vaderbestandig-agility-utrustning-upp-till-40-kg-325x55x69-cm-gra-1.webp?fit=2000%2C2000&ssl=1","width":2000,"height":2000},{"@type":"BreadcrumbList","@id":"https:\/\/truusk.store\/sv\/produkt\/truusk-hund-agility-steg-sakerhetsstang-halkfri-yta-vaderbestandig-upp-till-40-kg-gra\/#breadcrumb","itemListElement":[{"@type":"ListItem","position":1,"name":"Home","item":"https:\/\/truusk.store\/sv\/"},{"@type":"ListItem","position":2,"name":"Shop","item":"https:\/\/truusk.store\/shop\/"},{"@type":"ListItem","position":3,"name":"TRUUSK Hund Agility Steg &#8211; S\u00e4kerhetsst\u00e5ng &#8211; Halkfri Yta &#8211; V\u00e4derbest\u00e4ndig &#8211; Upp Till 40 Kg &#8211; Gr\u00e5"}]},{"@type":"WebSite","@id":"https:\/\/truusk.store\/sv\/#website","url":"https:\/\/truusk.store\/sv\/","name":"TRUUSK - Hem, Tr\u00e4dg\u00e5rd & Fritid","description":"","publisher":{"@id":"https:\/\/truusk.store\/sv\/#organization"},"potentialAction":[{"@type":"SearchAction","target":{"@type":"EntryPoint","urlTemplate":"https:\/\/truusk.store\/sv\/?s={search_term_string}"},"query-input":{"@type":"PropertyValueSpecification","valueRequired":true,"valueName":"search_term_string"}}],"inLanguage":"sv-SE"},{"@type":"Organization","@id":"https:\/\/truusk.store\/sv\/#organization","name":"TRUUSK - Hem, Tr\u00e4dg\u00e5rd & Fritid","url":"https:\/\/truusk.store\/sv\/","logo":{"@type":"ImageObject","inLanguage":"sv-SE","@id":"https:\/\/truusk.store\/sv\/#\/schema\/logo\/image\/","url":"https:\/\/i0.wp.com\/truusk.store\/wp-content\/uploads\/2026\/03\/cropped-TRUUSK.png?fit=2032%2C917&ssl=1","contentUrl":"https:\/\/i0.wp.com\/truusk.store\/wp-content\/uploads\/2026\/03\/cropped-TRUUSK.png?fit=2032%2C917&ssl=1","width":2032,"height":917,"caption":"TRUUSK - Hem, Tr\u00e4dg\u00e5rd & Fritid"},"image":{"@id":"https:\/\/truusk.store\/sv\/#\/schema\/logo\/image\/"}}]}},"jetpack_sharing_enabled":true,"_links":{"self":[{"href":"https:\/\/truusk.store\/sv\/wp-json\/wp\/v2\/product\/107960","targetHints":{"allow":["GET"]}}],"collection":[{"href":"https:\/\/truusk.store\/sv\/wp-json\/wp\/v2\/product"}],"about":[{"href":"https:\/\/truusk.store\/sv\/wp-json\/wp\/v2\/types\/product"}],"wp:featuredmedia":[{"embeddable":true,"href":"https:\/\/truusk.store\/sv\/wp-json\/wp\/v2\/media\/107945"}],"wp:attachment":[{"href":"https:\/\/truusk.store\/sv\/wp-json\/wp\/v2\/media?parent=107960"}],"wp:term":[{"taxonomy":"product_brand","embeddable":true,"href":"https:\/\/truusk.store\/sv\/wp-json\/wp\/v2\/product_brand?post=107960"},{"taxonomy":"product_cat","embeddable":true,"href":"https:\/\/truusk.store\/sv\/wp-json\/wp\/v2\/product_cat?post=107960"},{"taxonomy":"product_tag","embeddable":true,"href":"https:\/\/truusk.store\/sv\/wp-json\/wp\/v2\/product_tag?post=107960"}],"curies":[{"name":"wp","href":"https:\/\/api.w.org\/{rel}","templated":true}]}}