{"id":107978,"date":"2026-03-11T13:18:14","date_gmt":"2026-03-11T12:18:14","guid":{"rendered":"https:\/\/truusk.store\/product\/skyddsholje-for-tradgardsmobler-vinterbestandig-vattentat-tackning-anti-uv-tackduk-235-x-190-x-90cm-svart\/"},"modified":"2026-03-12T08:42:20","modified_gmt":"2026-03-12T07:42:20","slug":"truusk-vinterbestandig-skyddsholje-for-tradgardsmobler-vattentat-tackning-anti-uv-235-x-190-x-90cm-svart","status":"publish","type":"product","link":"https:\/\/truusk.store\/sv\/produkt\/truusk-vinterbestandig-skyddsholje-for-tradgardsmobler-vattentat-tackning-anti-uv-235-x-190-x-90cm-svart\/","title":{"rendered":"TRUUSK Vinterbest\u00e4ndig Skyddsh\u00f6lje f\u00f6r Tr\u00e4dg\u00e5rdsm\u00f6bler &#8211; Vattent\u00e4t T\u00e4ckning &#8211; Anti-UV &#8211; 235 x 190 x 90cm &#8211; Svart"},"content":{"rendered":"<p>Skydda dina utem\u00f6bler i alla v\u00e4der med detta [BRAND NAME] tr\u00e4dg\u00e5rdsm\u00f6belskydd. Tillverkad av slitstark plast, med precisa s\u00f6mmar som f\u00f6rhindrar att vatten och smuts tr\u00e4nger in. Dragsko och en dragskostopp p\u00e5 tr\u00e4dg\u00e5rdsm\u00f6belskyddet s\u00e4kerst\u00e4ller ett s\u00e4kert grepp i vinden. UV-resistent bel\u00e4ggning skyddar p\u00e5 sommaren. M\u00e5tt: 235 x 190 cm, passar f\u00f6r kvadratiska, rektangul\u00e4ra och ovala m\u00f6bler.<\/p>\n<p>Beskrivning:<\/p>\n<ul>\n<li> Smutsavvisande, v\u00e4derbest\u00e4ndigt, UV-resistent tr\u00e4dg\u00e5rdsm\u00f6belskydd i PE med bel\u00e4ggning<\/li>\n<li> S\u00e4rskilt l\u00e4mplig f\u00f6r stora, rektangul\u00e4ra m\u00f6bler<\/li>\n<li> Dragsko och dragskostopp f\u00f6r s\u00e4kert grepp<\/li>\n<li> Snabbt och utrymmesbesparande att f\u00f6rvara<\/li>\n<li> L\u00e4tt att reng\u00f6ra<\/li>\n<\/ul>\n<p> Tekniska data:<\/p>\n<ul>\n<li> F\u00e4rg: Svart<\/li>\n<li> Material: PE<\/li>\n<li> Totala m\u00e5tt: 235L x 190B x 90H cm<\/li>\n<\/ul>\n<p>Leveransinneh\u00e5ll:<\/p>\n<ul>\n<li> 1 x M\u00f6belskydd (inkl. 1 st\u00e4ngningsband);<\/li>\n<\/ul>\n","protected":false},"excerpt":{"rendered":"<p>Skydda dina utem\u00f6bler i alla v\u00e4der med detta [BRAND NAME] tr\u00e4dg\u00e5rdsm\u00f6belskydd. Tillverkad av slitstark plast, med precisa s\u00f6mmar som f\u00f6rhindrar&#8230;<\/p>\n","protected":false},"featured_media":107966,"template":"","meta":[],"product_brand":[],"product_cat":[1106,1035,858,450],"product_tag":[],"class_list":{"0":"post-107978","1":"product","2":"type-product","3":"status-publish","4":"has-post-thumbnail","6":"product_cat-abdeckplanen","7":"product_cat-polyrattan-tradgardsmobler","8":"product_cat-tradgard-terrass","9":"product_cat-tradgardsmobler","11":"first","12":"instock","13":"sale","14":"taxable","15":"shipping-taxable","16":"purchasable","17":"product-type-simple"},"yoast_head":"<!-- This site is optimized with the Yoast SEO plugin v25.4 - https:\/\/yoast.com\/wordpress\/plugins\/seo\/ -->\n<title>TRUUSK Vinterbest\u00e4ndig Skyddsh\u00f6lje f\u00f6r Tr\u00e4dg\u00e5rdsm\u00f6bler - Vattent\u00e4t T\u00e4ckning - Anti-UV - 235 x 190 x 90cm - Svart - TRUUSK - Hem, Tr\u00e4dg\u00e5rd &amp; Fritid<\/title>\n<meta name=\"robots\" content=\"index, follow, max-snippet:-1, max-image-preview:large, max-video-preview:-1\" \/>\n<link rel=\"canonical\" href=\"https:\/\/truusk.store\/sv\/produkt\/truusk-vinterbestandig-skyddsholje-for-tradgardsmobler-vattentat-tackning-anti-uv-235-x-190-x-90cm-svart\/\" \/>\n<meta property=\"og:locale\" content=\"sv_SE\" \/>\n<meta property=\"og:type\" content=\"article\" \/>\n<meta property=\"og:title\" content=\"TRUUSK Vinterbest\u00e4ndig Skyddsh\u00f6lje f\u00f6r Tr\u00e4dg\u00e5rdsm\u00f6bler - Vattent\u00e4t T\u00e4ckning - Anti-UV - 235 x 190 x 90cm - Svart - TRUUSK - Hem, Tr\u00e4dg\u00e5rd &amp; Fritid\" \/>\n<meta property=\"og:description\" content=\"Skydda dina utem\u00f6bler i alla v\u00e4der med detta [BRAND NAME] tr\u00e4dg\u00e5rdsm\u00f6belskydd. Tillverkad av slitstark plast, med precisa s\u00f6mmar som f\u00f6rhindrar...\" \/>\n<meta property=\"og:url\" content=\"https:\/\/truusk.store\/sv\/produkt\/truusk-vinterbestandig-skyddsholje-for-tradgardsmobler-vattentat-tackning-anti-uv-235-x-190-x-90cm-svart\/\" \/>\n<meta property=\"og:site_name\" content=\"TRUUSK - Hem, Tr\u00e4dg\u00e5rd &amp; Fritid\" \/>\n<meta property=\"article:modified_time\" content=\"2026-03-12T07:42:20+00:00\" \/>\n<meta property=\"og:image\" content=\"https:\/\/i0.wp.com\/truusk.se\/wp-content\/uploads\/2026\/03\/skyddsholje-for-tradgardsmobler-vinterbestandig-vattentat-tackning-anti-uv-tackduk-235-x-190-x-90cm-svart-1.webp?fit=2000%2C2000&ssl=1\" \/>\n\t<meta property=\"og:image:width\" content=\"2000\" \/>\n\t<meta property=\"og:image:height\" content=\"2000\" \/>\n\t<meta property=\"og:image:type\" content=\"image\/webp\" \/>\n<meta name=\"twitter:card\" content=\"summary_large_image\" \/>\n<meta name=\"twitter:label1\" content=\"Ber\u00e4knad l\u00e4stid\" \/>\n\t<meta name=\"twitter:data1\" content=\"1 minut\" \/>\n<!-- \/ Yoast SEO plugin. -->","yoast_head_json":{"title":"TRUUSK Vinterbest\u00e4ndig Skyddsh\u00f6lje f\u00f6r Tr\u00e4dg\u00e5rdsm\u00f6bler - Vattent\u00e4t T\u00e4ckning - Anti-UV - 235 x 190 x 90cm - Svart - TRUUSK - Hem, Tr\u00e4dg\u00e5rd &amp; Fritid","robots":{"index":"index","follow":"follow","max-snippet":"max-snippet:-1","max-image-preview":"max-image-preview:large","max-video-preview":"max-video-preview:-1"},"canonical":"https:\/\/truusk.store\/sv\/produkt\/truusk-vinterbestandig-skyddsholje-for-tradgardsmobler-vattentat-tackning-anti-uv-235-x-190-x-90cm-svart\/","og_locale":"sv_SE","og_type":"article","og_title":"TRUUSK Vinterbest\u00e4ndig Skyddsh\u00f6lje f\u00f6r Tr\u00e4dg\u00e5rdsm\u00f6bler - Vattent\u00e4t T\u00e4ckning - Anti-UV - 235 x 190 x 90cm - Svart - TRUUSK - Hem, Tr\u00e4dg\u00e5rd &amp; Fritid","og_description":"Skydda dina utem\u00f6bler i alla v\u00e4der med detta [BRAND NAME] tr\u00e4dg\u00e5rdsm\u00f6belskydd. Tillverkad av slitstark plast, med precisa s\u00f6mmar som f\u00f6rhindrar...","og_url":"https:\/\/truusk.store\/sv\/produkt\/truusk-vinterbestandig-skyddsholje-for-tradgardsmobler-vattentat-tackning-anti-uv-235-x-190-x-90cm-svart\/","og_site_name":"TRUUSK - Hem, Tr\u00e4dg\u00e5rd &amp; Fritid","article_modified_time":"2026-03-12T07:42:20+00:00","og_image":[{"width":2000,"height":2000,"url":"https:\/\/i0.wp.com\/truusk.se\/wp-content\/uploads\/2026\/03\/skyddsholje-for-tradgardsmobler-vinterbestandig-vattentat-tackning-anti-uv-tackduk-235-x-190-x-90cm-svart-1.webp?fit=2000%2C2000&ssl=1","type":"image\/webp"}],"twitter_card":"summary_large_image","twitter_misc":{"Ber\u00e4knad l\u00e4stid":"1 minut"},"schema":{"@context":"https:\/\/schema.org","@graph":[{"@type":"WebPage","@id":"https:\/\/truusk.store\/sv\/produkt\/truusk-vinterbestandig-skyddsholje-for-tradgardsmobler-vattentat-tackning-anti-uv-235-x-190-x-90cm-svart\/","url":"https:\/\/truusk.store\/sv\/produkt\/truusk-vinterbestandig-skyddsholje-for-tradgardsmobler-vattentat-tackning-anti-uv-235-x-190-x-90cm-svart\/","name":"TRUUSK Vinterbest\u00e4ndig Skyddsh\u00f6lje f\u00f6r Tr\u00e4dg\u00e5rdsm\u00f6bler - Vattent\u00e4t T\u00e4ckning - Anti-UV - 235 x 190 x 90cm - Svart - TRUUSK - Hem, Tr\u00e4dg\u00e5rd &amp; Fritid","isPartOf":{"@id":"https:\/\/truusk.store\/sv\/#website"},"primaryImageOfPage":{"@id":"https:\/\/truusk.store\/sv\/produkt\/truusk-vinterbestandig-skyddsholje-for-tradgardsmobler-vattentat-tackning-anti-uv-235-x-190-x-90cm-svart\/#primaryimage"},"image":{"@id":"https:\/\/truusk.store\/sv\/produkt\/truusk-vinterbestandig-skyddsholje-for-tradgardsmobler-vattentat-tackning-anti-uv-235-x-190-x-90cm-svart\/#primaryimage"},"thumbnailUrl":"https:\/\/i0.wp.com\/truusk.store\/wp-content\/uploads\/2026\/03\/skyddsholje-for-tradgardsmobler-vinterbestandig-vattentat-tackning-anti-uv-tackduk-235-x-190-x-90cm-svart-1.webp?fit=2000%2C2000&ssl=1","datePublished":"2026-03-11T12:18:14+00:00","dateModified":"2026-03-12T07:42:20+00:00","breadcrumb":{"@id":"https:\/\/truusk.store\/sv\/produkt\/truusk-vinterbestandig-skyddsholje-for-tradgardsmobler-vattentat-tackning-anti-uv-235-x-190-x-90cm-svart\/#breadcrumb"},"inLanguage":"sv-SE","potentialAction":[{"@type":"ReadAction","target":["https:\/\/truusk.store\/sv\/produkt\/truusk-vinterbestandig-skyddsholje-for-tradgardsmobler-vattentat-tackning-anti-uv-235-x-190-x-90cm-svart\/"]}]},{"@type":"ImageObject","inLanguage":"sv-SE","@id":"https:\/\/truusk.store\/sv\/produkt\/truusk-vinterbestandig-skyddsholje-for-tradgardsmobler-vattentat-tackning-anti-uv-235-x-190-x-90cm-svart\/#primaryimage","url":"https:\/\/i0.wp.com\/truusk.store\/wp-content\/uploads\/2026\/03\/skyddsholje-for-tradgardsmobler-vinterbestandig-vattentat-tackning-anti-uv-tackduk-235-x-190-x-90cm-svart-1.webp?fit=2000%2C2000&ssl=1","contentUrl":"https:\/\/i0.wp.com\/truusk.store\/wp-content\/uploads\/2026\/03\/skyddsholje-for-tradgardsmobler-vinterbestandig-vattentat-tackning-anti-uv-tackduk-235-x-190-x-90cm-svart-1.webp?fit=2000%2C2000&ssl=1","width":2000,"height":2000},{"@type":"BreadcrumbList","@id":"https:\/\/truusk.store\/sv\/produkt\/truusk-vinterbestandig-skyddsholje-for-tradgardsmobler-vattentat-tackning-anti-uv-235-x-190-x-90cm-svart\/#breadcrumb","itemListElement":[{"@type":"ListItem","position":1,"name":"Home","item":"https:\/\/truusk.store\/sv\/"},{"@type":"ListItem","position":2,"name":"Shop","item":"https:\/\/truusk.store\/shop\/"},{"@type":"ListItem","position":3,"name":"TRUUSK Vinterbest\u00e4ndig Skyddsh\u00f6lje f\u00f6r Tr\u00e4dg\u00e5rdsm\u00f6bler &#8211; Vattent\u00e4t T\u00e4ckning &#8211; Anti-UV &#8211; 235 x 190 x 90cm &#8211; Svart"}]},{"@type":"WebSite","@id":"https:\/\/truusk.store\/sv\/#website","url":"https:\/\/truusk.store\/sv\/","name":"TRUUSK - Hem, Tr\u00e4dg\u00e5rd & Fritid","description":"","publisher":{"@id":"https:\/\/truusk.store\/sv\/#organization"},"potentialAction":[{"@type":"SearchAction","target":{"@type":"EntryPoint","urlTemplate":"https:\/\/truusk.store\/sv\/?s={search_term_string}"},"query-input":{"@type":"PropertyValueSpecification","valueRequired":true,"valueName":"search_term_string"}}],"inLanguage":"sv-SE"},{"@type":"Organization","@id":"https:\/\/truusk.store\/sv\/#organization","name":"TRUUSK - Hem, Tr\u00e4dg\u00e5rd & Fritid","url":"https:\/\/truusk.store\/sv\/","logo":{"@type":"ImageObject","inLanguage":"sv-SE","@id":"https:\/\/truusk.store\/sv\/#\/schema\/logo\/image\/","url":"https:\/\/i0.wp.com\/truusk.store\/wp-content\/uploads\/2026\/03\/cropped-TRUUSK.png?fit=2032%2C917&ssl=1","contentUrl":"https:\/\/i0.wp.com\/truusk.store\/wp-content\/uploads\/2026\/03\/cropped-TRUUSK.png?fit=2032%2C917&ssl=1","width":2032,"height":917,"caption":"TRUUSK - Hem, Tr\u00e4dg\u00e5rd & Fritid"},"image":{"@id":"https:\/\/truusk.store\/sv\/#\/schema\/logo\/image\/"}}]}},"jetpack_sharing_enabled":true,"_links":{"self":[{"href":"https:\/\/truusk.store\/sv\/wp-json\/wp\/v2\/product\/107978","targetHints":{"allow":["GET"]}}],"collection":[{"href":"https:\/\/truusk.store\/sv\/wp-json\/wp\/v2\/product"}],"about":[{"href":"https:\/\/truusk.store\/sv\/wp-json\/wp\/v2\/types\/product"}],"wp:featuredmedia":[{"embeddable":true,"href":"https:\/\/truusk.store\/sv\/wp-json\/wp\/v2\/media\/107966"}],"wp:attachment":[{"href":"https:\/\/truusk.store\/sv\/wp-json\/wp\/v2\/media?parent=107978"}],"wp:term":[{"taxonomy":"product_brand","embeddable":true,"href":"https:\/\/truusk.store\/sv\/wp-json\/wp\/v2\/product_brand?post=107978"},{"taxonomy":"product_cat","embeddable":true,"href":"https:\/\/truusk.store\/sv\/wp-json\/wp\/v2\/product_cat?post=107978"},{"taxonomy":"product_tag","embeddable":true,"href":"https:\/\/truusk.store\/sv\/wp-json\/wp\/v2\/product_tag?post=107978"}],"curies":[{"name":"wp","href":"https:\/\/api.w.org\/{rel}","templated":true}]}}