{"id":107995,"date":"2026-03-11T13:19:42","date_gmt":"2026-03-11T12:19:42","guid":{"rendered":"https:\/\/truusk.store\/product\/runt-tradgardsbord-o-118-cm-med-aluminiumram-for-balkong-veranda-terrass-svart\/"},"modified":"2026-03-12T08:42:27","modified_gmt":"2026-03-12T07:42:27","slug":"truusk-runt-tradgardsbord-o-118-cm-aluminiumram-for-balkong-veranda-terrass-svart","status":"publish","type":"product","link":"https:\/\/truusk.store\/sv\/produkt\/truusk-runt-tradgardsbord-o-118-cm-aluminiumram-for-balkong-veranda-terrass-svart\/","title":{"rendered":"TRUUSK Runt Tr\u00e4dg\u00e5rdsbord \u00d8 118 cm &#8211; Aluminiumram &#8211; F\u00f6r Balkong, Veranda, Terrass &#8211; Svart"},"content":{"rendered":"<p>Uppt\u00e4ck [BRAND NAME] tr\u00e4dg\u00e5rdsbord, perfekt f\u00f6r sex personer. Elegant design med lameller f\u00f6r snabb torkning, rostbest\u00e4ndig och l\u00e4tt aluminiumram. Justerbara fotkuddar f\u00f6r stabilitet. Perfekt f\u00f6r eleganta utomhusm\u00e5ltider som kombinerar funktionalitet och modern design. Njut stilfullt utomhus!<\/p>\n<p>Beskrivning:<\/p>\n<ul>\n<li> Den enkla designen p\u00e5 uteplatsens matbord ger utomhusomr\u00e5den en industriell charm<\/li>\n<li> De korsade benen f\u00f6rst\u00e4rker bordets robusta attraktion<\/li>\n<li> Det rymliga utrymmet ger plats f\u00f6r bestick, v\u00e4xter och desserter<\/li>\n<li> Rundade kanter ger s\u00e4kerhet och lugn<\/li>\n<li> Designen med \u00f6ppna lameller m\u00f6jligg\u00f6r snabb dr\u00e4nering<\/li>\n<li> Utomhus tr\u00e4dg\u00e5rdsbord av tr\u00e4-plastkomposit f\u00f6r h\u00e5llbarhet och estetik<\/li>\n<li> L\u00e4tt aluminiumram f\u00f6r tr\u00e4dg\u00e5rdsm\u00f6bler \u00e4r rostbest\u00e4ndig och garanterar stabilitet<\/li>\n<li> Justerbara fotkuddar ger balans till tr\u00e4dg\u00e5rdsbordet och skyddar dina golv<\/li>\n<li> Montering kr\u00e4vs<\/li>\n<\/ul>\n<p> Tekniska specifikationer:<\/p>\n<ul>\n<li> F\u00e4rg: Svart<\/li>\n<li> Material: Aluminium, tr\u00e4-plastkomposit<\/li>\n<li> Totala dimensioner: \u00d8 118 x 74H cm<\/li>\n<li> Tjocklek p\u00e5 bordsskivan: 1,3 cm<\/li>\n<li> Max. rekommenderad belastning: 70 kg<\/li>\n<li> Ref .: 84G-742V00BK<\/li>\n<\/ul>\n<p>Leverans inneh\u00e5ller:<\/p>\n<ul>\n<li> 1 x tr\u00e4dg\u00e5rdsbord<\/li>\n<li> 1 x instruktioner<\/li>\n<\/ul>\n","protected":false},"excerpt":{"rendered":"<p>Uppt\u00e4ck [BRAND NAME] tr\u00e4dg\u00e5rdsbord, perfekt f\u00f6r sex personer. Elegant design med lameller f\u00f6r snabb torkning, rostbest\u00e4ndig och l\u00e4tt aluminiumram. Justerbara&#8230;<\/p>\n","protected":false},"featured_media":107984,"template":"","meta":[],"product_brand":[],"product_cat":[858,457,450],"product_tag":[],"class_list":{"0":"post-107995","1":"product","2":"type-product","3":"status-publish","4":"has-post-thumbnail","6":"product_cat-tradgard-terrass","7":"product_cat-tradgardsbord","8":"product_cat-tradgardsmobler","10":"first","11":"instock","12":"sale","13":"taxable","14":"shipping-taxable","15":"purchasable","16":"product-type-simple"},"yoast_head":"<!-- This site is optimized with the Yoast SEO plugin v25.4 - https:\/\/yoast.com\/wordpress\/plugins\/seo\/ -->\n<title>TRUUSK Runt Tr\u00e4dg\u00e5rdsbord \u00d8 118 cm - Aluminiumram - F\u00f6r Balkong, Veranda, Terrass - Svart - TRUUSK - Hem, Tr\u00e4dg\u00e5rd &amp; Fritid<\/title>\n<meta name=\"robots\" content=\"index, follow, max-snippet:-1, max-image-preview:large, max-video-preview:-1\" \/>\n<link rel=\"canonical\" href=\"https:\/\/truusk.store\/sv\/produkt\/truusk-runt-tradgardsbord-o-118-cm-aluminiumram-for-balkong-veranda-terrass-svart\/\" \/>\n<meta property=\"og:locale\" content=\"sv_SE\" \/>\n<meta property=\"og:type\" content=\"article\" \/>\n<meta property=\"og:title\" content=\"TRUUSK Runt Tr\u00e4dg\u00e5rdsbord \u00d8 118 cm - Aluminiumram - F\u00f6r Balkong, Veranda, Terrass - Svart - TRUUSK - Hem, Tr\u00e4dg\u00e5rd &amp; Fritid\" \/>\n<meta property=\"og:description\" content=\"Uppt\u00e4ck [BRAND NAME] tr\u00e4dg\u00e5rdsbord, perfekt f\u00f6r sex personer. Elegant design med lameller f\u00f6r snabb torkning, rostbest\u00e4ndig och l\u00e4tt aluminiumram. Justerbara...\" \/>\n<meta property=\"og:url\" content=\"https:\/\/truusk.store\/sv\/produkt\/truusk-runt-tradgardsbord-o-118-cm-aluminiumram-for-balkong-veranda-terrass-svart\/\" \/>\n<meta property=\"og:site_name\" content=\"TRUUSK - Hem, Tr\u00e4dg\u00e5rd &amp; Fritid\" \/>\n<meta property=\"article:modified_time\" content=\"2026-03-12T07:42:27+00:00\" \/>\n<meta property=\"og:image\" content=\"https:\/\/i0.wp.com\/truusk.se\/wp-content\/uploads\/2026\/03\/runt-tradgardsbord-o-118-cm-med-aluminiumram-for-balkong-veranda-terrass-svart-1.webp?fit=2000%2C2000&ssl=1\" \/>\n\t<meta property=\"og:image:width\" content=\"2000\" \/>\n\t<meta property=\"og:image:height\" content=\"2000\" \/>\n\t<meta property=\"og:image:type\" content=\"image\/webp\" \/>\n<meta name=\"twitter:card\" content=\"summary_large_image\" \/>\n<meta name=\"twitter:label1\" content=\"Ber\u00e4knad l\u00e4stid\" \/>\n\t<meta name=\"twitter:data1\" content=\"1 minut\" \/>\n<!-- \/ Yoast SEO plugin. -->","yoast_head_json":{"title":"TRUUSK Runt Tr\u00e4dg\u00e5rdsbord \u00d8 118 cm - Aluminiumram - F\u00f6r Balkong, Veranda, Terrass - Svart - TRUUSK - Hem, Tr\u00e4dg\u00e5rd &amp; Fritid","robots":{"index":"index","follow":"follow","max-snippet":"max-snippet:-1","max-image-preview":"max-image-preview:large","max-video-preview":"max-video-preview:-1"},"canonical":"https:\/\/truusk.store\/sv\/produkt\/truusk-runt-tradgardsbord-o-118-cm-aluminiumram-for-balkong-veranda-terrass-svart\/","og_locale":"sv_SE","og_type":"article","og_title":"TRUUSK Runt Tr\u00e4dg\u00e5rdsbord \u00d8 118 cm - Aluminiumram - F\u00f6r Balkong, Veranda, Terrass - Svart - TRUUSK - Hem, Tr\u00e4dg\u00e5rd &amp; Fritid","og_description":"Uppt\u00e4ck [BRAND NAME] tr\u00e4dg\u00e5rdsbord, perfekt f\u00f6r sex personer. Elegant design med lameller f\u00f6r snabb torkning, rostbest\u00e4ndig och l\u00e4tt aluminiumram. Justerbara...","og_url":"https:\/\/truusk.store\/sv\/produkt\/truusk-runt-tradgardsbord-o-118-cm-aluminiumram-for-balkong-veranda-terrass-svart\/","og_site_name":"TRUUSK - Hem, Tr\u00e4dg\u00e5rd &amp; Fritid","article_modified_time":"2026-03-12T07:42:27+00:00","og_image":[{"width":2000,"height":2000,"url":"https:\/\/i0.wp.com\/truusk.se\/wp-content\/uploads\/2026\/03\/runt-tradgardsbord-o-118-cm-med-aluminiumram-for-balkong-veranda-terrass-svart-1.webp?fit=2000%2C2000&ssl=1","type":"image\/webp"}],"twitter_card":"summary_large_image","twitter_misc":{"Ber\u00e4knad l\u00e4stid":"1 minut"},"schema":{"@context":"https:\/\/schema.org","@graph":[{"@type":"WebPage","@id":"https:\/\/truusk.store\/sv\/produkt\/truusk-runt-tradgardsbord-o-118-cm-aluminiumram-for-balkong-veranda-terrass-svart\/","url":"https:\/\/truusk.store\/sv\/produkt\/truusk-runt-tradgardsbord-o-118-cm-aluminiumram-for-balkong-veranda-terrass-svart\/","name":"TRUUSK Runt Tr\u00e4dg\u00e5rdsbord \u00d8 118 cm - Aluminiumram - F\u00f6r Balkong, Veranda, Terrass - Svart - TRUUSK - Hem, Tr\u00e4dg\u00e5rd &amp; Fritid","isPartOf":{"@id":"https:\/\/truusk.store\/sv\/#website"},"primaryImageOfPage":{"@id":"https:\/\/truusk.store\/sv\/produkt\/truusk-runt-tradgardsbord-o-118-cm-aluminiumram-for-balkong-veranda-terrass-svart\/#primaryimage"},"image":{"@id":"https:\/\/truusk.store\/sv\/produkt\/truusk-runt-tradgardsbord-o-118-cm-aluminiumram-for-balkong-veranda-terrass-svart\/#primaryimage"},"thumbnailUrl":"https:\/\/i0.wp.com\/truusk.store\/wp-content\/uploads\/2026\/03\/runt-tradgardsbord-o-118-cm-med-aluminiumram-for-balkong-veranda-terrass-svart-1.webp?fit=2000%2C2000&ssl=1","datePublished":"2026-03-11T12:19:42+00:00","dateModified":"2026-03-12T07:42:27+00:00","breadcrumb":{"@id":"https:\/\/truusk.store\/sv\/produkt\/truusk-runt-tradgardsbord-o-118-cm-aluminiumram-for-balkong-veranda-terrass-svart\/#breadcrumb"},"inLanguage":"sv-SE","potentialAction":[{"@type":"ReadAction","target":["https:\/\/truusk.store\/sv\/produkt\/truusk-runt-tradgardsbord-o-118-cm-aluminiumram-for-balkong-veranda-terrass-svart\/"]}]},{"@type":"ImageObject","inLanguage":"sv-SE","@id":"https:\/\/truusk.store\/sv\/produkt\/truusk-runt-tradgardsbord-o-118-cm-aluminiumram-for-balkong-veranda-terrass-svart\/#primaryimage","url":"https:\/\/i0.wp.com\/truusk.store\/wp-content\/uploads\/2026\/03\/runt-tradgardsbord-o-118-cm-med-aluminiumram-for-balkong-veranda-terrass-svart-1.webp?fit=2000%2C2000&ssl=1","contentUrl":"https:\/\/i0.wp.com\/truusk.store\/wp-content\/uploads\/2026\/03\/runt-tradgardsbord-o-118-cm-med-aluminiumram-for-balkong-veranda-terrass-svart-1.webp?fit=2000%2C2000&ssl=1","width":2000,"height":2000},{"@type":"BreadcrumbList","@id":"https:\/\/truusk.store\/sv\/produkt\/truusk-runt-tradgardsbord-o-118-cm-aluminiumram-for-balkong-veranda-terrass-svart\/#breadcrumb","itemListElement":[{"@type":"ListItem","position":1,"name":"Home","item":"https:\/\/truusk.store\/sv\/"},{"@type":"ListItem","position":2,"name":"Shop","item":"https:\/\/truusk.store\/shop\/"},{"@type":"ListItem","position":3,"name":"TRUUSK Runt Tr\u00e4dg\u00e5rdsbord \u00d8 118 cm &#8211; Aluminiumram &#8211; F\u00f6r Balkong, Veranda, Terrass &#8211; Svart"}]},{"@type":"WebSite","@id":"https:\/\/truusk.store\/sv\/#website","url":"https:\/\/truusk.store\/sv\/","name":"TRUUSK - Hem, Tr\u00e4dg\u00e5rd & Fritid","description":"","publisher":{"@id":"https:\/\/truusk.store\/sv\/#organization"},"potentialAction":[{"@type":"SearchAction","target":{"@type":"EntryPoint","urlTemplate":"https:\/\/truusk.store\/sv\/?s={search_term_string}"},"query-input":{"@type":"PropertyValueSpecification","valueRequired":true,"valueName":"search_term_string"}}],"inLanguage":"sv-SE"},{"@type":"Organization","@id":"https:\/\/truusk.store\/sv\/#organization","name":"TRUUSK - Hem, Tr\u00e4dg\u00e5rd & Fritid","url":"https:\/\/truusk.store\/sv\/","logo":{"@type":"ImageObject","inLanguage":"sv-SE","@id":"https:\/\/truusk.store\/sv\/#\/schema\/logo\/image\/","url":"https:\/\/i0.wp.com\/truusk.store\/wp-content\/uploads\/2026\/03\/cropped-TRUUSK.png?fit=2032%2C917&ssl=1","contentUrl":"https:\/\/i0.wp.com\/truusk.store\/wp-content\/uploads\/2026\/03\/cropped-TRUUSK.png?fit=2032%2C917&ssl=1","width":2032,"height":917,"caption":"TRUUSK - Hem, Tr\u00e4dg\u00e5rd & Fritid"},"image":{"@id":"https:\/\/truusk.store\/sv\/#\/schema\/logo\/image\/"}}]}},"jetpack_sharing_enabled":true,"_links":{"self":[{"href":"https:\/\/truusk.store\/sv\/wp-json\/wp\/v2\/product\/107995","targetHints":{"allow":["GET"]}}],"collection":[{"href":"https:\/\/truusk.store\/sv\/wp-json\/wp\/v2\/product"}],"about":[{"href":"https:\/\/truusk.store\/sv\/wp-json\/wp\/v2\/types\/product"}],"wp:featuredmedia":[{"embeddable":true,"href":"https:\/\/truusk.store\/sv\/wp-json\/wp\/v2\/media\/107984"}],"wp:attachment":[{"href":"https:\/\/truusk.store\/sv\/wp-json\/wp\/v2\/media?parent=107995"}],"wp:term":[{"taxonomy":"product_brand","embeddable":true,"href":"https:\/\/truusk.store\/sv\/wp-json\/wp\/v2\/product_brand?post=107995"},{"taxonomy":"product_cat","embeddable":true,"href":"https:\/\/truusk.store\/sv\/wp-json\/wp\/v2\/product_cat?post=107995"},{"taxonomy":"product_tag","embeddable":true,"href":"https:\/\/truusk.store\/sv\/wp-json\/wp\/v2\/product_tag?post=107995"}],"curies":[{"name":"wp","href":"https:\/\/api.w.org\/{rel}","templated":true}]}}