{"id":108025,"date":"2026-03-11T13:23:05","date_gmt":"2026-03-11T12:23:05","guid":{"rendered":"https:\/\/truusk.store\/product\/solparaply-ersattningsoverdrag-2-x-3-m-6-ribbor-uv50-vattentat-terrassparaply-kladsel\/"},"modified":"2026-03-12T08:42:39","modified_gmt":"2026-03-12T07:42:39","slug":"truusk-uv50-och-vattentat-terrassparaply-overdrag-2x3m-6-ribbor-solparaply-ersattning-skydd-for-tradgardsmobler-gra","status":"publish","type":"product","link":"https:\/\/truusk.store\/sv\/produkt\/truusk-uv50-och-vattentat-terrassparaply-overdrag-2x3m-6-ribbor-solparaply-ersattning-skydd-for-tradgardsmobler-gra\/","title":{"rendered":"TRUUSK UV50+ och vattent\u00e4t Terrassparaply \u00d6verdrag &#8211; 2x3m, 6 Ribbor &#8211; Solparaply Ers\u00e4ttning &#8211; Skydd f\u00f6r Tr\u00e4dg\u00e5rdsm\u00f6bler &#8211; Gr\u00e5"},"content":{"rendered":"<p>Ge nytt liv till din tr\u00e4dg\u00e5rd med [BRAND NAME] parasoll\u00f6verdrag! Passar f\u00f6r ramar p\u00e5 200 x 300 cm med ribbor \u2264 18 mm, erbjuder den optimal passform. Skydda dig sj\u00e4lv fr\u00e5n UV-str\u00e5lar och st\u00e4nkvatten genom den droppfria designen. Ventilationen p\u00e5 toppen ger behaglig friskhet \u00e4ven p\u00e5 heta dagar.<\/p>\n<p>Beskrivning:<\/p>\n<ul>\n<li> Ers\u00e4ttnings\u00f6verdrag passar f\u00f6r ramar 200 x 300 cm och ribbor \u2264 18 mm<\/li>\n<li> UV 50+, f\u00e4rgbest\u00e4ndig och st\u00e4nkvattent\u00e4t, h\u00e5ller sig fr\u00e4sch och torr<\/li>\n<li> Ers\u00e4ttnings baldakin med ventilerad topp f\u00f6r luftcirkulation och f\u00f6r att minska vindbelastningen<\/li>\n<li> Parasoll\u00f6verdrag f\u00f6r parasoller, kompatibelt med ramar av tr\u00e4, bambu, st\u00e5l och aluminium<\/li>\n<li> Enkel att montera, inga verktyg beh\u00f6vs, sparar tid och anstr\u00e4ngning<\/li>\n<\/ul>\n<p> Tekniska data:<\/p>\n<ul>\n<li> F\u00e4rg: M\u00f6rkgr\u00e5<\/li>\n<li> Material: Polyester<\/li>\n<li> Totala dimensioner: 300L x 200B cm<\/li>\n<li> Passande parasoll: 300L x 200B cm<\/li>\n<li> Passar f\u00f6r ribbor: \u2264 18 mm<\/li>\n<\/ul>\n<p>Leveransinneh\u00e5ll:<\/p>\n<ul>\n<li> 1 x Ers\u00e4ttnings\u00f6verdrag f\u00f6r parasoll;<\/li>\n<\/ul>\n","protected":false},"excerpt":{"rendered":"<p>Ge nytt liv till din tr\u00e4dg\u00e5rd med [BRAND NAME] parasoll\u00f6verdrag! Passar f\u00f6r ramar p\u00e5 200 x 300 cm med ribbor&#8230;<\/p>\n","protected":false},"featured_media":108015,"template":"","meta":[],"product_brand":[],"product_cat":[908,862,885,858],"product_tag":[],"class_list":{"0":"post-108025","1":"product","2":"type-product","3":"status-publish","4":"has-post-thumbnail","6":"product_cat-abdeckplanen-fur-sonnenschirme","7":"product_cat-sol-insynsskydd","8":"product_cat-tillbehor-till-parasoller","9":"product_cat-tradgard-terrass","11":"first","12":"instock","13":"sale","14":"taxable","15":"shipping-taxable","16":"purchasable","17":"product-type-simple"},"yoast_head":"<!-- This site is optimized with the Yoast SEO plugin v25.4 - https:\/\/yoast.com\/wordpress\/plugins\/seo\/ -->\n<title>TRUUSK UV50+ och vattent\u00e4t Terrassparaply \u00d6verdrag - 2x3m, 6 Ribbor - Solparaply Ers\u00e4ttning - Skydd f\u00f6r Tr\u00e4dg\u00e5rdsm\u00f6bler - Gr\u00e5 - TRUUSK - Hem, Tr\u00e4dg\u00e5rd &amp; Fritid<\/title>\n<meta name=\"robots\" content=\"index, follow, max-snippet:-1, max-image-preview:large, max-video-preview:-1\" \/>\n<link rel=\"canonical\" href=\"https:\/\/truusk.store\/sv\/produkt\/truusk-uv50-och-vattentat-terrassparaply-overdrag-2x3m-6-ribbor-solparaply-ersattning-skydd-for-tradgardsmobler-gra\/\" \/>\n<meta property=\"og:locale\" content=\"sv_SE\" \/>\n<meta property=\"og:type\" content=\"article\" \/>\n<meta property=\"og:title\" content=\"TRUUSK UV50+ och vattent\u00e4t Terrassparaply \u00d6verdrag - 2x3m, 6 Ribbor - Solparaply Ers\u00e4ttning - Skydd f\u00f6r Tr\u00e4dg\u00e5rdsm\u00f6bler - Gr\u00e5 - TRUUSK - Hem, Tr\u00e4dg\u00e5rd &amp; Fritid\" \/>\n<meta property=\"og:description\" content=\"Ge nytt liv till din tr\u00e4dg\u00e5rd med [BRAND NAME] parasoll\u00f6verdrag! Passar f\u00f6r ramar p\u00e5 200 x 300 cm med ribbor...\" \/>\n<meta property=\"og:url\" content=\"https:\/\/truusk.store\/sv\/produkt\/truusk-uv50-och-vattentat-terrassparaply-overdrag-2x3m-6-ribbor-solparaply-ersattning-skydd-for-tradgardsmobler-gra\/\" \/>\n<meta property=\"og:site_name\" content=\"TRUUSK - Hem, Tr\u00e4dg\u00e5rd &amp; Fritid\" \/>\n<meta property=\"article:modified_time\" content=\"2026-03-12T07:42:39+00:00\" \/>\n<meta property=\"og:image\" content=\"https:\/\/i0.wp.com\/truusk.se\/wp-content\/uploads\/2026\/03\/solparaply-ersattningsoverdrag-2-x-3-m-6-ribbor-uv50-vattentat-terrassparaply-kladsel-1.webp?fit=2000%2C2000&ssl=1\" \/>\n\t<meta property=\"og:image:width\" content=\"2000\" \/>\n\t<meta property=\"og:image:height\" content=\"2000\" \/>\n\t<meta property=\"og:image:type\" content=\"image\/webp\" \/>\n<meta name=\"twitter:card\" content=\"summary_large_image\" \/>\n<meta name=\"twitter:label1\" content=\"Ber\u00e4knad l\u00e4stid\" \/>\n\t<meta name=\"twitter:data1\" content=\"1 minut\" \/>\n<!-- \/ Yoast SEO plugin. -->","yoast_head_json":{"title":"TRUUSK UV50+ och vattent\u00e4t Terrassparaply \u00d6verdrag - 2x3m, 6 Ribbor - Solparaply Ers\u00e4ttning - Skydd f\u00f6r Tr\u00e4dg\u00e5rdsm\u00f6bler - Gr\u00e5 - TRUUSK - Hem, Tr\u00e4dg\u00e5rd &amp; Fritid","robots":{"index":"index","follow":"follow","max-snippet":"max-snippet:-1","max-image-preview":"max-image-preview:large","max-video-preview":"max-video-preview:-1"},"canonical":"https:\/\/truusk.store\/sv\/produkt\/truusk-uv50-och-vattentat-terrassparaply-overdrag-2x3m-6-ribbor-solparaply-ersattning-skydd-for-tradgardsmobler-gra\/","og_locale":"sv_SE","og_type":"article","og_title":"TRUUSK UV50+ och vattent\u00e4t Terrassparaply \u00d6verdrag - 2x3m, 6 Ribbor - Solparaply Ers\u00e4ttning - Skydd f\u00f6r Tr\u00e4dg\u00e5rdsm\u00f6bler - Gr\u00e5 - TRUUSK - Hem, Tr\u00e4dg\u00e5rd &amp; Fritid","og_description":"Ge nytt liv till din tr\u00e4dg\u00e5rd med [BRAND NAME] parasoll\u00f6verdrag! Passar f\u00f6r ramar p\u00e5 200 x 300 cm med ribbor...","og_url":"https:\/\/truusk.store\/sv\/produkt\/truusk-uv50-och-vattentat-terrassparaply-overdrag-2x3m-6-ribbor-solparaply-ersattning-skydd-for-tradgardsmobler-gra\/","og_site_name":"TRUUSK - Hem, Tr\u00e4dg\u00e5rd &amp; Fritid","article_modified_time":"2026-03-12T07:42:39+00:00","og_image":[{"width":2000,"height":2000,"url":"https:\/\/i0.wp.com\/truusk.se\/wp-content\/uploads\/2026\/03\/solparaply-ersattningsoverdrag-2-x-3-m-6-ribbor-uv50-vattentat-terrassparaply-kladsel-1.webp?fit=2000%2C2000&ssl=1","type":"image\/webp"}],"twitter_card":"summary_large_image","twitter_misc":{"Ber\u00e4knad l\u00e4stid":"1 minut"},"schema":{"@context":"https:\/\/schema.org","@graph":[{"@type":"WebPage","@id":"https:\/\/truusk.store\/sv\/produkt\/truusk-uv50-och-vattentat-terrassparaply-overdrag-2x3m-6-ribbor-solparaply-ersattning-skydd-for-tradgardsmobler-gra\/","url":"https:\/\/truusk.store\/sv\/produkt\/truusk-uv50-och-vattentat-terrassparaply-overdrag-2x3m-6-ribbor-solparaply-ersattning-skydd-for-tradgardsmobler-gra\/","name":"TRUUSK UV50+ och vattent\u00e4t Terrassparaply \u00d6verdrag - 2x3m, 6 Ribbor - Solparaply Ers\u00e4ttning - Skydd f\u00f6r Tr\u00e4dg\u00e5rdsm\u00f6bler - Gr\u00e5 - TRUUSK - Hem, Tr\u00e4dg\u00e5rd &amp; Fritid","isPartOf":{"@id":"https:\/\/truusk.store\/sv\/#website"},"primaryImageOfPage":{"@id":"https:\/\/truusk.store\/sv\/produkt\/truusk-uv50-och-vattentat-terrassparaply-overdrag-2x3m-6-ribbor-solparaply-ersattning-skydd-for-tradgardsmobler-gra\/#primaryimage"},"image":{"@id":"https:\/\/truusk.store\/sv\/produkt\/truusk-uv50-och-vattentat-terrassparaply-overdrag-2x3m-6-ribbor-solparaply-ersattning-skydd-for-tradgardsmobler-gra\/#primaryimage"},"thumbnailUrl":"https:\/\/i0.wp.com\/truusk.store\/wp-content\/uploads\/2026\/03\/solparaply-ersattningsoverdrag-2-x-3-m-6-ribbor-uv50-vattentat-terrassparaply-kladsel-1.webp?fit=2000%2C2000&ssl=1","datePublished":"2026-03-11T12:23:05+00:00","dateModified":"2026-03-12T07:42:39+00:00","breadcrumb":{"@id":"https:\/\/truusk.store\/sv\/produkt\/truusk-uv50-och-vattentat-terrassparaply-overdrag-2x3m-6-ribbor-solparaply-ersattning-skydd-for-tradgardsmobler-gra\/#breadcrumb"},"inLanguage":"sv-SE","potentialAction":[{"@type":"ReadAction","target":["https:\/\/truusk.store\/sv\/produkt\/truusk-uv50-och-vattentat-terrassparaply-overdrag-2x3m-6-ribbor-solparaply-ersattning-skydd-for-tradgardsmobler-gra\/"]}]},{"@type":"ImageObject","inLanguage":"sv-SE","@id":"https:\/\/truusk.store\/sv\/produkt\/truusk-uv50-och-vattentat-terrassparaply-overdrag-2x3m-6-ribbor-solparaply-ersattning-skydd-for-tradgardsmobler-gra\/#primaryimage","url":"https:\/\/i0.wp.com\/truusk.store\/wp-content\/uploads\/2026\/03\/solparaply-ersattningsoverdrag-2-x-3-m-6-ribbor-uv50-vattentat-terrassparaply-kladsel-1.webp?fit=2000%2C2000&ssl=1","contentUrl":"https:\/\/i0.wp.com\/truusk.store\/wp-content\/uploads\/2026\/03\/solparaply-ersattningsoverdrag-2-x-3-m-6-ribbor-uv50-vattentat-terrassparaply-kladsel-1.webp?fit=2000%2C2000&ssl=1","width":2000,"height":2000},{"@type":"BreadcrumbList","@id":"https:\/\/truusk.store\/sv\/produkt\/truusk-uv50-och-vattentat-terrassparaply-overdrag-2x3m-6-ribbor-solparaply-ersattning-skydd-for-tradgardsmobler-gra\/#breadcrumb","itemListElement":[{"@type":"ListItem","position":1,"name":"Home","item":"https:\/\/truusk.store\/sv\/"},{"@type":"ListItem","position":2,"name":"Shop","item":"https:\/\/truusk.store\/shop\/"},{"@type":"ListItem","position":3,"name":"TRUUSK UV50+ och vattent\u00e4t Terrassparaply \u00d6verdrag &#8211; 2x3m, 6 Ribbor &#8211; Solparaply Ers\u00e4ttning &#8211; Skydd f\u00f6r Tr\u00e4dg\u00e5rdsm\u00f6bler &#8211; Gr\u00e5"}]},{"@type":"WebSite","@id":"https:\/\/truusk.store\/sv\/#website","url":"https:\/\/truusk.store\/sv\/","name":"TRUUSK - Hem, Tr\u00e4dg\u00e5rd & Fritid","description":"","publisher":{"@id":"https:\/\/truusk.store\/sv\/#organization"},"potentialAction":[{"@type":"SearchAction","target":{"@type":"EntryPoint","urlTemplate":"https:\/\/truusk.store\/sv\/?s={search_term_string}"},"query-input":{"@type":"PropertyValueSpecification","valueRequired":true,"valueName":"search_term_string"}}],"inLanguage":"sv-SE"},{"@type":"Organization","@id":"https:\/\/truusk.store\/sv\/#organization","name":"TRUUSK - Hem, Tr\u00e4dg\u00e5rd & Fritid","url":"https:\/\/truusk.store\/sv\/","logo":{"@type":"ImageObject","inLanguage":"sv-SE","@id":"https:\/\/truusk.store\/sv\/#\/schema\/logo\/image\/","url":"https:\/\/i0.wp.com\/truusk.store\/wp-content\/uploads\/2026\/03\/cropped-TRUUSK.png?fit=2032%2C917&ssl=1","contentUrl":"https:\/\/i0.wp.com\/truusk.store\/wp-content\/uploads\/2026\/03\/cropped-TRUUSK.png?fit=2032%2C917&ssl=1","width":2032,"height":917,"caption":"TRUUSK - Hem, Tr\u00e4dg\u00e5rd & Fritid"},"image":{"@id":"https:\/\/truusk.store\/sv\/#\/schema\/logo\/image\/"}}]}},"jetpack_sharing_enabled":true,"_links":{"self":[{"href":"https:\/\/truusk.store\/sv\/wp-json\/wp\/v2\/product\/108025","targetHints":{"allow":["GET"]}}],"collection":[{"href":"https:\/\/truusk.store\/sv\/wp-json\/wp\/v2\/product"}],"about":[{"href":"https:\/\/truusk.store\/sv\/wp-json\/wp\/v2\/types\/product"}],"wp:featuredmedia":[{"embeddable":true,"href":"https:\/\/truusk.store\/sv\/wp-json\/wp\/v2\/media\/108015"}],"wp:attachment":[{"href":"https:\/\/truusk.store\/sv\/wp-json\/wp\/v2\/media?parent=108025"}],"wp:term":[{"taxonomy":"product_brand","embeddable":true,"href":"https:\/\/truusk.store\/sv\/wp-json\/wp\/v2\/product_brand?post=108025"},{"taxonomy":"product_cat","embeddable":true,"href":"https:\/\/truusk.store\/sv\/wp-json\/wp\/v2\/product_cat?post=108025"},{"taxonomy":"product_tag","embeddable":true,"href":"https:\/\/truusk.store\/sv\/wp-json\/wp\/v2\/product_tag?post=108025"}],"curies":[{"name":"wp","href":"https:\/\/api.w.org\/{rel}","templated":true}]}}