{"id":10804,"date":"2024-02-13T10:25:20","date_gmt":"2024-02-13T09:25:20","guid":{"rendered":"https:\/\/truusk.store\/product\/relaxstol-med-pall-och-forvaringsutrymme-tv-stol-med-liggfunktion-360-snurrstol-pu-traram-brun-80-x-86-x-99cm\/"},"modified":"2026-03-12T08:57:20","modified_gmt":"2026-03-12T07:57:20","slug":"truusk-relaxstol-med-pall-och-forvaringsutrymme-tv-stol-med-liggfunktion-360-snurrstol-pu-material-traram-brun-80-x","status":"publish","type":"product","link":"https:\/\/truusk.store\/sv\/produkt\/truusk-relaxstol-med-pall-och-forvaringsutrymme-tv-stol-med-liggfunktion-360-snurrstol-pu-material-traram-brun-80-x\/","title":{"rendered":"TRUUSK Relaxstol med Pall och F\u00f6rvaringsutrymme &#8211; TV-stol med Liggfunktion &#8211; 360 Snurrstol &#8211; PU Material &#8211; Tr\u00e4ram &#8211; Brun &#8211; 80 x"},"content":{"rendered":"<p>Denna avslappningsstol inbjuder dig att koppla av och dr\u00f6ja kvar. Ultramjuk stoppning och ergonomisk design ger h\u00f6gsta komfort. Ryggst\u00f6dets vinkel \u00e4r individuellt justerbar och sitsen kan vridas 360 grader. Tack vare den mysiga fotpallen kan du s\u00e4tta upp f\u00f6tterna och slappna av helt. Den speciella h\u00f6jdpunkten &#8211; under kudden finns ett extra f\u00f6rvaringsfack f\u00f6r tidningar, fj\u00e4rrkontroller och b\u00f6cker.<\/p>\n<h3>Beskrivning:<\/h3>\n<ul>\n<li>2-delat set best\u00e5ende av en relaxstol med fotpall<\/li>\n<li>Ryggst\u00f6det kan lutas upp till 145\u00b0<\/li>\n<li>Mjukt vadderad sits, ryggst\u00f6d och armst\u00f6d ger h\u00f6g komfort<\/li>\n<li>Det konstl\u00e4dertyg \u00e4r mjukt och l\u00e4ttsk\u00f6tt<\/li>\n<li>Den kn\u00e4ppta designen ger en charmig stil<\/li>\n<li>En pall med dolt fack erbjuder en fantastisk f\u00f6rvaringsl\u00f6sning<\/li>\n<li>Solid konstruktion av kraftigt tr\u00e4<\/li>\n<li>Roterar 360 grader f\u00f6r mer flexibilitet<\/li>\n<li>Montering kr\u00e4vs<\/li>\n<\/ul>\n<h3>Teknisk data:<\/h3>\n<ul>\n<li>F\u00e4rg brun<\/li>\n<li>Material: tr\u00e4, PU, \u200b\u200bskum<\/li>\n<li>M\u00e5tt p\u00e5 stolen i sittande l\u00e4ge: B80 x D86 x H99cm<\/li>\n<li>M\u00e5tt p\u00e5 stolen i liggl\u00e4ge: B80 x D107 x H96cm<\/li>\n<li>Ryggst\u00f6dsm\u00e5tt: 50W x 71H cm<\/li>\n<li>M\u00e5tt p\u00e5 pall: L47 x B42 x H45cm<\/li>\n<li>Sittyta: B50 x D52cm<\/li>\n<li>Sitth\u00f6jd: 47 cm<\/li>\n<li>F\u00f6rvaringsyta: L40 x B34 x H6cm<\/li>\n<li>Nettovikt: ca 21kg<\/li>\n<li>Max lastkapacitet: 120 kg (f\u00e5t\u00f6lj), 100 kg (pall)<\/li>\n<\/ul>\n<h3>Leveransens omfattning:<\/h3>\n<ul>\n<li>1 x Relaxstol<\/li>\n<li>1 x pall<\/li>\n<li>1 x Monteringsanvisning<\/li>\n<\/ul>\n","protected":false},"excerpt":{"rendered":"<p>Denna avslappningsstol inbjuder dig att koppla av och dr\u00f6ja kvar. Ultramjuk stoppning och ergonomisk design ger h\u00f6gsta komfort. Ryggst\u00f6dets vinkel&#8230;<\/p>\n","protected":false},"featured_media":10805,"template":"","meta":[],"product_brand":[],"product_cat":[521,485,524],"product_tag":[],"class_list":{"0":"post-10804","1":"product","2":"type-product","3":"status-publish","4":"has-post-thumbnail","6":"product_cat-fatolj","7":"product_cat-hus-bo","8":"product_cat-relaxstol-med-pall","10":"first","11":"instock","12":"sale","13":"taxable","14":"shipping-taxable","15":"purchasable","16":"product-type-simple"},"yoast_head":"<!-- This site is optimized with the Yoast SEO plugin v25.4 - https:\/\/yoast.com\/wordpress\/plugins\/seo\/ -->\n<title>TRUUSK Relaxstol med Pall och F\u00f6rvaringsutrymme - TV-stol med Liggfunktion - 360 Snurrstol - PU Material - Tr\u00e4ram - Brun - 80 x - TRUUSK - Hem, Tr\u00e4dg\u00e5rd &amp; Fritid<\/title>\n<meta name=\"robots\" content=\"index, follow, max-snippet:-1, max-image-preview:large, max-video-preview:-1\" \/>\n<link rel=\"canonical\" href=\"https:\/\/truusk.store\/sv\/produkt\/truusk-relaxstol-med-pall-och-forvaringsutrymme-tv-stol-med-liggfunktion-360-snurrstol-pu-material-traram-brun-80-x\/\" \/>\n<meta property=\"og:locale\" content=\"sv_SE\" \/>\n<meta property=\"og:type\" content=\"article\" \/>\n<meta property=\"og:title\" content=\"TRUUSK Relaxstol med Pall och F\u00f6rvaringsutrymme - TV-stol med Liggfunktion - 360 Snurrstol - PU Material - Tr\u00e4ram - Brun - 80 x - TRUUSK - Hem, Tr\u00e4dg\u00e5rd &amp; Fritid\" \/>\n<meta property=\"og:description\" content=\"Denna avslappningsstol inbjuder dig att koppla av och dr\u00f6ja kvar. Ultramjuk stoppning och ergonomisk design ger h\u00f6gsta komfort. Ryggst\u00f6dets vinkel...\" \/>\n<meta property=\"og:url\" content=\"https:\/\/truusk.store\/sv\/produkt\/truusk-relaxstol-med-pall-och-forvaringsutrymme-tv-stol-med-liggfunktion-360-snurrstol-pu-material-traram-brun-80-x\/\" \/>\n<meta property=\"og:site_name\" content=\"TRUUSK - Hem, Tr\u00e4dg\u00e5rd &amp; Fritid\" \/>\n<meta property=\"article:modified_time\" content=\"2026-03-12T07:57:20+00:00\" \/>\n<meta property=\"og:image\" content=\"https:\/\/i0.wp.com\/truusk.se\/wp-content\/uploads\/2024\/02\/relaxstol-med-pall-och-forvaringsutrymme-tv-stol-med-liggfunktion-360-snurrstol-pu-traram-brun-80-x-86-x-99cm.webp?fit=800%2C800&ssl=1\" \/>\n\t<meta property=\"og:image:width\" content=\"800\" \/>\n\t<meta property=\"og:image:height\" content=\"800\" \/>\n\t<meta property=\"og:image:type\" content=\"image\/webp\" \/>\n<meta name=\"twitter:card\" content=\"summary_large_image\" \/>\n<meta name=\"twitter:label1\" content=\"Ber\u00e4knad l\u00e4stid\" \/>\n\t<meta name=\"twitter:data1\" content=\"1 minut\" \/>\n<!-- \/ Yoast SEO plugin. -->","yoast_head_json":{"title":"TRUUSK Relaxstol med Pall och F\u00f6rvaringsutrymme - TV-stol med Liggfunktion - 360 Snurrstol - PU Material - Tr\u00e4ram - Brun - 80 x - TRUUSK - Hem, Tr\u00e4dg\u00e5rd &amp; Fritid","robots":{"index":"index","follow":"follow","max-snippet":"max-snippet:-1","max-image-preview":"max-image-preview:large","max-video-preview":"max-video-preview:-1"},"canonical":"https:\/\/truusk.store\/sv\/produkt\/truusk-relaxstol-med-pall-och-forvaringsutrymme-tv-stol-med-liggfunktion-360-snurrstol-pu-material-traram-brun-80-x\/","og_locale":"sv_SE","og_type":"article","og_title":"TRUUSK Relaxstol med Pall och F\u00f6rvaringsutrymme - TV-stol med Liggfunktion - 360 Snurrstol - PU Material - Tr\u00e4ram - Brun - 80 x - TRUUSK - Hem, Tr\u00e4dg\u00e5rd &amp; Fritid","og_description":"Denna avslappningsstol inbjuder dig att koppla av och dr\u00f6ja kvar. Ultramjuk stoppning och ergonomisk design ger h\u00f6gsta komfort. Ryggst\u00f6dets vinkel...","og_url":"https:\/\/truusk.store\/sv\/produkt\/truusk-relaxstol-med-pall-och-forvaringsutrymme-tv-stol-med-liggfunktion-360-snurrstol-pu-material-traram-brun-80-x\/","og_site_name":"TRUUSK - Hem, Tr\u00e4dg\u00e5rd &amp; Fritid","article_modified_time":"2026-03-12T07:57:20+00:00","og_image":[{"width":800,"height":800,"url":"https:\/\/i0.wp.com\/truusk.se\/wp-content\/uploads\/2024\/02\/relaxstol-med-pall-och-forvaringsutrymme-tv-stol-med-liggfunktion-360-snurrstol-pu-traram-brun-80-x-86-x-99cm.webp?fit=800%2C800&ssl=1","type":"image\/webp"}],"twitter_card":"summary_large_image","twitter_misc":{"Ber\u00e4knad l\u00e4stid":"1 minut"},"schema":{"@context":"https:\/\/schema.org","@graph":[{"@type":"WebPage","@id":"https:\/\/truusk.store\/sv\/produkt\/truusk-relaxstol-med-pall-och-forvaringsutrymme-tv-stol-med-liggfunktion-360-snurrstol-pu-material-traram-brun-80-x\/","url":"https:\/\/truusk.store\/sv\/produkt\/truusk-relaxstol-med-pall-och-forvaringsutrymme-tv-stol-med-liggfunktion-360-snurrstol-pu-material-traram-brun-80-x\/","name":"TRUUSK Relaxstol med Pall och F\u00f6rvaringsutrymme - TV-stol med Liggfunktion - 360 Snurrstol - PU Material - Tr\u00e4ram - Brun - 80 x - TRUUSK - Hem, Tr\u00e4dg\u00e5rd &amp; Fritid","isPartOf":{"@id":"https:\/\/truusk.store\/sv\/#website"},"primaryImageOfPage":{"@id":"https:\/\/truusk.store\/sv\/produkt\/truusk-relaxstol-med-pall-och-forvaringsutrymme-tv-stol-med-liggfunktion-360-snurrstol-pu-material-traram-brun-80-x\/#primaryimage"},"image":{"@id":"https:\/\/truusk.store\/sv\/produkt\/truusk-relaxstol-med-pall-och-forvaringsutrymme-tv-stol-med-liggfunktion-360-snurrstol-pu-material-traram-brun-80-x\/#primaryimage"},"thumbnailUrl":"https:\/\/i0.wp.com\/truusk.store\/wp-content\/uploads\/2024\/02\/relaxstol-med-pall-och-forvaringsutrymme-tv-stol-med-liggfunktion-360-snurrstol-pu-traram-brun-80-x-86-x-99cm.webp?fit=800%2C800&ssl=1","datePublished":"2024-02-13T09:25:20+00:00","dateModified":"2026-03-12T07:57:20+00:00","breadcrumb":{"@id":"https:\/\/truusk.store\/sv\/produkt\/truusk-relaxstol-med-pall-och-forvaringsutrymme-tv-stol-med-liggfunktion-360-snurrstol-pu-material-traram-brun-80-x\/#breadcrumb"},"inLanguage":"sv-SE","potentialAction":[{"@type":"ReadAction","target":["https:\/\/truusk.store\/sv\/produkt\/truusk-relaxstol-med-pall-och-forvaringsutrymme-tv-stol-med-liggfunktion-360-snurrstol-pu-material-traram-brun-80-x\/"]}]},{"@type":"ImageObject","inLanguage":"sv-SE","@id":"https:\/\/truusk.store\/sv\/produkt\/truusk-relaxstol-med-pall-och-forvaringsutrymme-tv-stol-med-liggfunktion-360-snurrstol-pu-material-traram-brun-80-x\/#primaryimage","url":"https:\/\/i0.wp.com\/truusk.store\/wp-content\/uploads\/2024\/02\/relaxstol-med-pall-och-forvaringsutrymme-tv-stol-med-liggfunktion-360-snurrstol-pu-traram-brun-80-x-86-x-99cm.webp?fit=800%2C800&ssl=1","contentUrl":"https:\/\/i0.wp.com\/truusk.store\/wp-content\/uploads\/2024\/02\/relaxstol-med-pall-och-forvaringsutrymme-tv-stol-med-liggfunktion-360-snurrstol-pu-traram-brun-80-x-86-x-99cm.webp?fit=800%2C800&ssl=1","width":800,"height":800,"caption":"Relaxstol Med Pall Och F\u00f6rvaringsutrymme TV-stol Med Liggfunktion 360 Snurrstol PU Tr\u00e4ram Brun 80 X 86 X 99cm 1"},{"@type":"BreadcrumbList","@id":"https:\/\/truusk.store\/sv\/produkt\/truusk-relaxstol-med-pall-och-forvaringsutrymme-tv-stol-med-liggfunktion-360-snurrstol-pu-material-traram-brun-80-x\/#breadcrumb","itemListElement":[{"@type":"ListItem","position":1,"name":"Home","item":"https:\/\/truusk.store\/sv\/"},{"@type":"ListItem","position":2,"name":"Shop","item":"https:\/\/truusk.store\/shop\/"},{"@type":"ListItem","position":3,"name":"TRUUSK Relaxstol med Pall och F\u00f6rvaringsutrymme &#8211; TV-stol med Liggfunktion &#8211; 360 Snurrstol &#8211; PU Material &#8211; Tr\u00e4ram &#8211; Brun &#8211; 80 x"}]},{"@type":"WebSite","@id":"https:\/\/truusk.store\/sv\/#website","url":"https:\/\/truusk.store\/sv\/","name":"TRUUSK - Hem, Tr\u00e4dg\u00e5rd & Fritid","description":"","publisher":{"@id":"https:\/\/truusk.store\/sv\/#organization"},"potentialAction":[{"@type":"SearchAction","target":{"@type":"EntryPoint","urlTemplate":"https:\/\/truusk.store\/sv\/?s={search_term_string}"},"query-input":{"@type":"PropertyValueSpecification","valueRequired":true,"valueName":"search_term_string"}}],"inLanguage":"sv-SE"},{"@type":"Organization","@id":"https:\/\/truusk.store\/sv\/#organization","name":"TRUUSK - Hem, Tr\u00e4dg\u00e5rd & Fritid","url":"https:\/\/truusk.store\/sv\/","logo":{"@type":"ImageObject","inLanguage":"sv-SE","@id":"https:\/\/truusk.store\/sv\/#\/schema\/logo\/image\/","url":"https:\/\/i0.wp.com\/truusk.store\/wp-content\/uploads\/2026\/03\/cropped-TRUUSK.png?fit=2032%2C917&ssl=1","contentUrl":"https:\/\/i0.wp.com\/truusk.store\/wp-content\/uploads\/2026\/03\/cropped-TRUUSK.png?fit=2032%2C917&ssl=1","width":2032,"height":917,"caption":"TRUUSK - Hem, Tr\u00e4dg\u00e5rd & Fritid"},"image":{"@id":"https:\/\/truusk.store\/sv\/#\/schema\/logo\/image\/"}}]}},"jetpack_sharing_enabled":true,"_links":{"self":[{"href":"https:\/\/truusk.store\/sv\/wp-json\/wp\/v2\/product\/10804","targetHints":{"allow":["GET"]}}],"collection":[{"href":"https:\/\/truusk.store\/sv\/wp-json\/wp\/v2\/product"}],"about":[{"href":"https:\/\/truusk.store\/sv\/wp-json\/wp\/v2\/types\/product"}],"wp:featuredmedia":[{"embeddable":true,"href":"https:\/\/truusk.store\/sv\/wp-json\/wp\/v2\/media\/10805"}],"wp:attachment":[{"href":"https:\/\/truusk.store\/sv\/wp-json\/wp\/v2\/media?parent=10804"}],"wp:term":[{"taxonomy":"product_brand","embeddable":true,"href":"https:\/\/truusk.store\/sv\/wp-json\/wp\/v2\/product_brand?post=10804"},{"taxonomy":"product_cat","embeddable":true,"href":"https:\/\/truusk.store\/sv\/wp-json\/wp\/v2\/product_cat?post=10804"},{"taxonomy":"product_tag","embeddable":true,"href":"https:\/\/truusk.store\/sv\/wp-json\/wp\/v2\/product_tag?post=10804"}],"curies":[{"name":"wp","href":"https:\/\/api.w.org\/{rel}","templated":true}]}}