{"id":108065,"date":"2026-03-11T13:27:13","date_gmt":"2026-03-11T12:27:13","guid":{"rendered":"https:\/\/truusk.store\/product\/4-pack-vadderade-hopfallbara-stolar-hopfallbara-stolar-med-snoreoverdrag-ryggstod-metallram-gron\/"},"modified":"2026-03-12T08:44:12","modified_gmt":"2026-03-12T07:44:12","slug":"truusk-4-pack-hopfallbara-stolar-vadderade-med-snoreoverdrag-ryggstod-metallram-gron","status":"publish","type":"product","link":"https:\/\/truusk.store\/sv\/produkt\/truusk-4-pack-hopfallbara-stolar-vadderade-med-snoreoverdrag-ryggstod-metallram-gron\/","title":{"rendered":"TRUUSK 4-pack Hopf\u00e4llbara Stolar &#8211; Vadderade &#8211; Med Sn\u00f6re\u00f6verdrag &#8211; Ryggst\u00f6d &#8211; Metallram &#8211; Gr\u00f6n"},"content":{"rendered":"<p>Uppt\u00e4ck [BRAND NAME]-setet med fyra hopf\u00e4llbara stolar &#8211; h\u00e4r m\u00f6ter modern stil vardagskomfort i diskreta f\u00e4rger. Kl\u00e4dda med mjuk manchester och v\u00e4l stoppade, erbjuder dessa hopf\u00e4llbara stolar idealisk sittkomfort, perfekt f\u00f6r en middag med v\u00e4nner, arbetstimmar vid skrivbordet eller som extra sittplats f\u00f6r alla tillf\u00e4llen. Den stabila st\u00e5lramen p\u00e5 hopf\u00e4llbara stolar b\u00e4r upp till 120 kg och kan enkelt f\u00e4llas ihop f\u00f6r f\u00f6rvaring, helt utan anv\u00e4ndning av verktyg.<\/p>\n<p>Beskrivning:<\/p>\n<ul>\n<li> 4-delat set med hopf\u00e4llbara stolar, idealiskt f\u00f6r middagar, m\u00f6ten eller extra sittplatser<\/li>\n<li> Manchester\u00f6verdraget p\u00e5 de hopf\u00e4llbara stolarna ger en bekv\u00e4m sittplats<\/li>\n<li> Den tjocka skumstoppningen p\u00e5 g\u00e4ststolarna ger extra komfort<\/li>\n<li> Kan f\u00e4llas platt f\u00f6r enkel f\u00f6rvaring i tr\u00e5nga utrymmen<\/li>\n<li> Metallramen b\u00e4r upp till 120 kg<\/li>\n<li> Fotdynor skyddar golvet mot skador<\/li>\n<li> Samtida stil kompletterar modern inredning<\/li>\n<li> Ingen montering kr\u00e4vs, redo att anv\u00e4ndas direkt<\/li>\n<\/ul>\n<p> Tekniska data:<\/p>\n<ul>\n<li> F\u00e4rg: Gr\u00f6n<\/li>\n<li> Material: Manchester (100 % polyester), st\u00e5l, skum<\/li>\n<li> Stolm\u00e5tt: 45L x 48,5B x 82H cm<\/li>\n<li> Sitsstorlek: 40B x 40T x 46H cm<\/li>\n<li> Ryggst\u00f6dsm\u00e5tt: 42B x 39H cm<\/li>\n<li> Hopf\u00e4lld storlek: 45L x 97B x 7,5H cm<\/li>\n<li> B\u00e4rkapacitet: 120 kg<\/li>\n<\/ul>\n<p>Leveransinneh\u00e5ll:<\/p>\n<ul>\n<li> 4 x hopf\u00e4llbar stol<\/li>\n<li> 1 x bruksanvisning<\/li>\n<\/ul>\n","protected":false},"excerpt":{"rendered":"<p>Uppt\u00e4ck [BRAND NAME]-setet med fyra hopf\u00e4llbara stolar &#8211; h\u00e4r m\u00f6ter modern stil vardagskomfort i diskreta f\u00e4rger. Kl\u00e4dda med mjuk manchester&#8230;<\/p>\n","protected":false},"featured_media":108052,"template":"","meta":[],"product_brand":[],"product_cat":[451,858,450],"product_tag":[],"class_list":{"0":"post-108065","1":"product","2":"type-product","3":"status-publish","4":"has-post-thumbnail","6":"product_cat-solstolar","7":"product_cat-tradgard-terrass","8":"product_cat-tradgardsmobler","10":"first","11":"instock","12":"sale","13":"taxable","14":"shipping-taxable","15":"purchasable","16":"product-type-simple"},"yoast_head":"<!-- This site is optimized with the Yoast SEO plugin v25.4 - https:\/\/yoast.com\/wordpress\/plugins\/seo\/ -->\n<title>TRUUSK 4-pack Hopf\u00e4llbara Stolar - Vadderade - Med Sn\u00f6re\u00f6verdrag - Ryggst\u00f6d - Metallram - Gr\u00f6n - TRUUSK - Hem, Tr\u00e4dg\u00e5rd &amp; Fritid<\/title>\n<meta name=\"robots\" content=\"index, follow, max-snippet:-1, max-image-preview:large, max-video-preview:-1\" \/>\n<link rel=\"canonical\" href=\"https:\/\/truusk.store\/sv\/produkt\/truusk-4-pack-hopfallbara-stolar-vadderade-med-snoreoverdrag-ryggstod-metallram-gron\/\" \/>\n<meta property=\"og:locale\" content=\"sv_SE\" \/>\n<meta property=\"og:type\" content=\"article\" \/>\n<meta property=\"og:title\" content=\"TRUUSK 4-pack Hopf\u00e4llbara Stolar - Vadderade - Med Sn\u00f6re\u00f6verdrag - Ryggst\u00f6d - Metallram - Gr\u00f6n - TRUUSK - Hem, Tr\u00e4dg\u00e5rd &amp; Fritid\" \/>\n<meta property=\"og:description\" content=\"Uppt\u00e4ck [BRAND NAME]-setet med fyra hopf\u00e4llbara stolar &#8211; h\u00e4r m\u00f6ter modern stil vardagskomfort i diskreta f\u00e4rger. Kl\u00e4dda med mjuk manchester...\" \/>\n<meta property=\"og:url\" content=\"https:\/\/truusk.store\/sv\/produkt\/truusk-4-pack-hopfallbara-stolar-vadderade-med-snoreoverdrag-ryggstod-metallram-gron\/\" \/>\n<meta property=\"og:site_name\" content=\"TRUUSK - Hem, Tr\u00e4dg\u00e5rd &amp; Fritid\" \/>\n<meta property=\"article:modified_time\" content=\"2026-03-12T07:44:12+00:00\" \/>\n<meta property=\"og:image\" content=\"https:\/\/i0.wp.com\/truusk.se\/wp-content\/uploads\/2026\/03\/4-pack-vadderade-hopfallbara-stolar-hopfallbara-stolar-med-snoreoverdrag-ryggstod-metallram-gron-1.webp?fit=2000%2C2000&ssl=1\" \/>\n\t<meta property=\"og:image:width\" content=\"2000\" \/>\n\t<meta property=\"og:image:height\" content=\"2000\" \/>\n\t<meta property=\"og:image:type\" content=\"image\/webp\" \/>\n<meta name=\"twitter:card\" content=\"summary_large_image\" \/>\n<meta name=\"twitter:label1\" content=\"Ber\u00e4knad l\u00e4stid\" \/>\n\t<meta name=\"twitter:data1\" content=\"1 minut\" \/>\n<!-- \/ Yoast SEO plugin. -->","yoast_head_json":{"title":"TRUUSK 4-pack Hopf\u00e4llbara Stolar - Vadderade - Med Sn\u00f6re\u00f6verdrag - Ryggst\u00f6d - Metallram - Gr\u00f6n - TRUUSK - Hem, Tr\u00e4dg\u00e5rd &amp; Fritid","robots":{"index":"index","follow":"follow","max-snippet":"max-snippet:-1","max-image-preview":"max-image-preview:large","max-video-preview":"max-video-preview:-1"},"canonical":"https:\/\/truusk.store\/sv\/produkt\/truusk-4-pack-hopfallbara-stolar-vadderade-med-snoreoverdrag-ryggstod-metallram-gron\/","og_locale":"sv_SE","og_type":"article","og_title":"TRUUSK 4-pack Hopf\u00e4llbara Stolar - Vadderade - Med Sn\u00f6re\u00f6verdrag - Ryggst\u00f6d - Metallram - Gr\u00f6n - TRUUSK - Hem, Tr\u00e4dg\u00e5rd &amp; Fritid","og_description":"Uppt\u00e4ck [BRAND NAME]-setet med fyra hopf\u00e4llbara stolar &#8211; h\u00e4r m\u00f6ter modern stil vardagskomfort i diskreta f\u00e4rger. Kl\u00e4dda med mjuk manchester...","og_url":"https:\/\/truusk.store\/sv\/produkt\/truusk-4-pack-hopfallbara-stolar-vadderade-med-snoreoverdrag-ryggstod-metallram-gron\/","og_site_name":"TRUUSK - Hem, Tr\u00e4dg\u00e5rd &amp; Fritid","article_modified_time":"2026-03-12T07:44:12+00:00","og_image":[{"width":2000,"height":2000,"url":"https:\/\/i0.wp.com\/truusk.se\/wp-content\/uploads\/2026\/03\/4-pack-vadderade-hopfallbara-stolar-hopfallbara-stolar-med-snoreoverdrag-ryggstod-metallram-gron-1.webp?fit=2000%2C2000&ssl=1","type":"image\/webp"}],"twitter_card":"summary_large_image","twitter_misc":{"Ber\u00e4knad l\u00e4stid":"1 minut"},"schema":{"@context":"https:\/\/schema.org","@graph":[{"@type":"WebPage","@id":"https:\/\/truusk.store\/sv\/produkt\/truusk-4-pack-hopfallbara-stolar-vadderade-med-snoreoverdrag-ryggstod-metallram-gron\/","url":"https:\/\/truusk.store\/sv\/produkt\/truusk-4-pack-hopfallbara-stolar-vadderade-med-snoreoverdrag-ryggstod-metallram-gron\/","name":"TRUUSK 4-pack Hopf\u00e4llbara Stolar - Vadderade - Med Sn\u00f6re\u00f6verdrag - Ryggst\u00f6d - Metallram - Gr\u00f6n - TRUUSK - Hem, Tr\u00e4dg\u00e5rd &amp; Fritid","isPartOf":{"@id":"https:\/\/truusk.store\/sv\/#website"},"primaryImageOfPage":{"@id":"https:\/\/truusk.store\/sv\/produkt\/truusk-4-pack-hopfallbara-stolar-vadderade-med-snoreoverdrag-ryggstod-metallram-gron\/#primaryimage"},"image":{"@id":"https:\/\/truusk.store\/sv\/produkt\/truusk-4-pack-hopfallbara-stolar-vadderade-med-snoreoverdrag-ryggstod-metallram-gron\/#primaryimage"},"thumbnailUrl":"https:\/\/i0.wp.com\/truusk.store\/wp-content\/uploads\/2026\/03\/4-pack-vadderade-hopfallbara-stolar-hopfallbara-stolar-med-snoreoverdrag-ryggstod-metallram-gron-1.webp?fit=2000%2C2000&ssl=1","datePublished":"2026-03-11T12:27:13+00:00","dateModified":"2026-03-12T07:44:12+00:00","breadcrumb":{"@id":"https:\/\/truusk.store\/sv\/produkt\/truusk-4-pack-hopfallbara-stolar-vadderade-med-snoreoverdrag-ryggstod-metallram-gron\/#breadcrumb"},"inLanguage":"sv-SE","potentialAction":[{"@type":"ReadAction","target":["https:\/\/truusk.store\/sv\/produkt\/truusk-4-pack-hopfallbara-stolar-vadderade-med-snoreoverdrag-ryggstod-metallram-gron\/"]}]},{"@type":"ImageObject","inLanguage":"sv-SE","@id":"https:\/\/truusk.store\/sv\/produkt\/truusk-4-pack-hopfallbara-stolar-vadderade-med-snoreoverdrag-ryggstod-metallram-gron\/#primaryimage","url":"https:\/\/i0.wp.com\/truusk.store\/wp-content\/uploads\/2026\/03\/4-pack-vadderade-hopfallbara-stolar-hopfallbara-stolar-med-snoreoverdrag-ryggstod-metallram-gron-1.webp?fit=2000%2C2000&ssl=1","contentUrl":"https:\/\/i0.wp.com\/truusk.store\/wp-content\/uploads\/2026\/03\/4-pack-vadderade-hopfallbara-stolar-hopfallbara-stolar-med-snoreoverdrag-ryggstod-metallram-gron-1.webp?fit=2000%2C2000&ssl=1","width":2000,"height":2000},{"@type":"BreadcrumbList","@id":"https:\/\/truusk.store\/sv\/produkt\/truusk-4-pack-hopfallbara-stolar-vadderade-med-snoreoverdrag-ryggstod-metallram-gron\/#breadcrumb","itemListElement":[{"@type":"ListItem","position":1,"name":"Home","item":"https:\/\/truusk.store\/sv\/"},{"@type":"ListItem","position":2,"name":"Shop","item":"https:\/\/truusk.store\/shop\/"},{"@type":"ListItem","position":3,"name":"TRUUSK 4-pack Hopf\u00e4llbara Stolar &#8211; Vadderade &#8211; Med Sn\u00f6re\u00f6verdrag &#8211; Ryggst\u00f6d &#8211; Metallram &#8211; Gr\u00f6n"}]},{"@type":"WebSite","@id":"https:\/\/truusk.store\/sv\/#website","url":"https:\/\/truusk.store\/sv\/","name":"TRUUSK - Hem, Tr\u00e4dg\u00e5rd & Fritid","description":"","publisher":{"@id":"https:\/\/truusk.store\/sv\/#organization"},"potentialAction":[{"@type":"SearchAction","target":{"@type":"EntryPoint","urlTemplate":"https:\/\/truusk.store\/sv\/?s={search_term_string}"},"query-input":{"@type":"PropertyValueSpecification","valueRequired":true,"valueName":"search_term_string"}}],"inLanguage":"sv-SE"},{"@type":"Organization","@id":"https:\/\/truusk.store\/sv\/#organization","name":"TRUUSK - Hem, Tr\u00e4dg\u00e5rd & Fritid","url":"https:\/\/truusk.store\/sv\/","logo":{"@type":"ImageObject","inLanguage":"sv-SE","@id":"https:\/\/truusk.store\/sv\/#\/schema\/logo\/image\/","url":"https:\/\/i0.wp.com\/truusk.store\/wp-content\/uploads\/2026\/03\/cropped-TRUUSK.png?fit=2032%2C917&ssl=1","contentUrl":"https:\/\/i0.wp.com\/truusk.store\/wp-content\/uploads\/2026\/03\/cropped-TRUUSK.png?fit=2032%2C917&ssl=1","width":2032,"height":917,"caption":"TRUUSK - Hem, Tr\u00e4dg\u00e5rd & Fritid"},"image":{"@id":"https:\/\/truusk.store\/sv\/#\/schema\/logo\/image\/"}}]}},"jetpack_sharing_enabled":true,"_links":{"self":[{"href":"https:\/\/truusk.store\/sv\/wp-json\/wp\/v2\/product\/108065","targetHints":{"allow":["GET"]}}],"collection":[{"href":"https:\/\/truusk.store\/sv\/wp-json\/wp\/v2\/product"}],"about":[{"href":"https:\/\/truusk.store\/sv\/wp-json\/wp\/v2\/types\/product"}],"wp:featuredmedia":[{"embeddable":true,"href":"https:\/\/truusk.store\/sv\/wp-json\/wp\/v2\/media\/108052"}],"wp:attachment":[{"href":"https:\/\/truusk.store\/sv\/wp-json\/wp\/v2\/media?parent=108065"}],"wp:term":[{"taxonomy":"product_brand","embeddable":true,"href":"https:\/\/truusk.store\/sv\/wp-json\/wp\/v2\/product_brand?post=108065"},{"taxonomy":"product_cat","embeddable":true,"href":"https:\/\/truusk.store\/sv\/wp-json\/wp\/v2\/product_cat?post=108065"},{"taxonomy":"product_tag","embeddable":true,"href":"https:\/\/truusk.store\/sv\/wp-json\/wp\/v2\/product_tag?post=108065"}],"curies":[{"name":"wp","href":"https:\/\/api.w.org\/{rel}","templated":true}]}}