{"id":108085,"date":"2026-03-11T13:29:12","date_gmt":"2026-03-11T12:29:12","guid":{"rendered":"https:\/\/truusk.store\/product\/utomhus-hundbadd-med-tak-hojt-hundbadd-for-medelstora-hundar-med-stalram-76x61x70cm-ljusgra\/"},"modified":"2026-03-12T08:44:31","modified_gmt":"2026-03-12T07:44:31","slug":"truusk-utomhus-hundbadd-med-tak-for-medelstora-hundar-stalram-76x61x70cm-ljusgra","status":"publish","type":"product","link":"https:\/\/truusk.store\/sv\/produkt\/truusk-utomhus-hundbadd-med-tak-for-medelstora-hundar-stalram-76x61x70cm-ljusgra\/","title":{"rendered":"TRUUSK Utomhus Hundb\u00e4dd Med Tak &#8211; F\u00f6r Medelstora Hundar &#8211; St\u00e5lram &#8211; 76x61x70cm &#8211; Ljusgr\u00e5"},"content":{"rendered":"<p>Unna din fyrbenta v\u00e4n [BRAND NAME] H\u00f6jt hundb\u00e4dd med ett tredelat soltak. Med andningsbart n\u00e4t och h\u00f6jt ram garanterar utomhushundb\u00e4dden att din hund f\u00f6rblir sval, torr och bekv\u00e4m \u00f6verallt. Perfekt f\u00f6r inomhus och utomhus, erbjuder denna utomhushundb\u00e4dd med tak optimal komfort och den medf\u00f6ljande v\u00e4skan underl\u00e4ttar transporten.<\/p>\n<p>Beskrivning:<\/p>\n<ul>\n<li> Den tredelade baldakinen p\u00e5 hundb\u00e4dden skyddar mot solen och \u00f6kar hundens komfort<\/li>\n<li> Avtagbar baldakin anpassar sig till inomhus- eller utomhusbehov<\/li>\n<li> 18 cm \u00f6ver marken f\u00f6r att f\u00f6rhindra fukt och s\u00e4kerst\u00e4lla stabilitet<\/li>\n<li> Texteline-tyget p\u00e5 hundb\u00e4dden med soltak fr\u00e4mjar luftcirkulation och h\u00e5ller hundar svala<\/li>\n<li> N\u00e4t f\u00f6nstren p\u00e5 hundb\u00e4dden med tak bibeh\u00e5ller andningsf\u00f6rm\u00e5ga och komfort<\/li>\n<li> Inkluderar f\u00f6rvaringsv\u00e4ska f\u00f6r bekv\u00e4m b\u00e4rbarhet och lagring<\/li>\n<li> Enkel montering och minimalt underh\u00e5ll kr\u00e4vs<\/li>\n<li> Utomhushundb\u00e4dden \u00e4r l\u00e4mplig f\u00f6r sm\u00e5 till medelstora hundar upp till 20 kg och 50 cm kroppsl\u00e4ngd<\/li>\n<\/ul>\n<p> Tekniska data:<\/p>\n<ul>\n<li> F\u00e4rg: Ljusgr\u00e5 + Svart<\/li>\n<li> Material: Oxford-tyg, Texteline, Polyester, St\u00e5l<\/li>\n<li> Totala dimensioner: 76L x 61B x 70H cm<\/li>\n<li> B\u00e4ddstorlek: 76L x 61B cm<\/li>\n<li> Textilene-n\u00e4t: 46L x 32B cm<\/li>\n<li> B\u00e4ddh\u00f6jd: 18H cm<\/li>\n<li> N\u00e4t f\u00f6nster: 14H cm<\/li>\n<li> Bredden p\u00e5 baldakinspetsen: 58 cm<\/li>\n<li> F\u00f6rvaringsv\u00e4ska: 78L x 15B cm<\/li>\n<\/ul>\n<p>Leveransinneh\u00e5ll:<\/p>\n<ul>\n<li> 1 x h\u00f6jd hundb\u00e4dd<\/li>\n<li> 1 x baldakin<\/li>\n<li> 1 x f\u00f6rvaringsv\u00e4ska<\/li>\n<li> 1 x bruksanvisning<\/li>\n<\/ul>\n","protected":false},"excerpt":{"rendered":"<p>Unna din fyrbenta v\u00e4n [BRAND NAME] H\u00f6jt hundb\u00e4dd med ett tredelat soltak. Med andningsbart n\u00e4t och h\u00f6jt ram garanterar utomhushundb\u00e4dden&#8230;<\/p>\n","protected":false},"featured_media":108072,"template":"","meta":[],"product_brand":[],"product_cat":[878,576,574],"product_tag":[],"class_list":{"0":"post-108085","1":"product","2":"type-product","3":"status-publish","4":"has-post-thumbnail","6":"product_cat-djurbehov","7":"product_cat-hundsangar-hundsoffor","8":"product_cat-hundtillbehor","10":"first","11":"instock","12":"sale","13":"taxable","14":"shipping-taxable","15":"purchasable","16":"product-type-simple"},"yoast_head":"<!-- This site is optimized with the Yoast SEO plugin v25.4 - https:\/\/yoast.com\/wordpress\/plugins\/seo\/ -->\n<title>TRUUSK Utomhus Hundb\u00e4dd Med Tak - F\u00f6r Medelstora Hundar - St\u00e5lram - 76x61x70cm - Ljusgr\u00e5 - TRUUSK - Hem, Tr\u00e4dg\u00e5rd &amp; Fritid<\/title>\n<meta name=\"robots\" content=\"index, follow, max-snippet:-1, max-image-preview:large, max-video-preview:-1\" \/>\n<link rel=\"canonical\" href=\"https:\/\/truusk.store\/sv\/produkt\/truusk-utomhus-hundbadd-med-tak-for-medelstora-hundar-stalram-76x61x70cm-ljusgra\/\" \/>\n<meta property=\"og:locale\" content=\"sv_SE\" \/>\n<meta property=\"og:type\" content=\"article\" \/>\n<meta property=\"og:title\" content=\"TRUUSK Utomhus Hundb\u00e4dd Med Tak - F\u00f6r Medelstora Hundar - St\u00e5lram - 76x61x70cm - Ljusgr\u00e5 - TRUUSK - Hem, Tr\u00e4dg\u00e5rd &amp; Fritid\" \/>\n<meta property=\"og:description\" content=\"Unna din fyrbenta v\u00e4n [BRAND NAME] H\u00f6jt hundb\u00e4dd med ett tredelat soltak. Med andningsbart n\u00e4t och h\u00f6jt ram garanterar utomhushundb\u00e4dden...\" \/>\n<meta property=\"og:url\" content=\"https:\/\/truusk.store\/sv\/produkt\/truusk-utomhus-hundbadd-med-tak-for-medelstora-hundar-stalram-76x61x70cm-ljusgra\/\" \/>\n<meta property=\"og:site_name\" content=\"TRUUSK - Hem, Tr\u00e4dg\u00e5rd &amp; Fritid\" \/>\n<meta property=\"article:modified_time\" content=\"2026-03-12T07:44:31+00:00\" \/>\n<meta property=\"og:image\" content=\"https:\/\/i0.wp.com\/truusk.se\/wp-content\/uploads\/2026\/03\/utomhus-hundbadd-med-tak-hojt-hundbadd-for-medelstora-hundar-med-stalram-76x61x70cm-ljusgra-1.webp?fit=2000%2C2000&ssl=1\" \/>\n\t<meta property=\"og:image:width\" content=\"2000\" \/>\n\t<meta property=\"og:image:height\" content=\"2000\" \/>\n\t<meta property=\"og:image:type\" content=\"image\/webp\" \/>\n<meta name=\"twitter:card\" content=\"summary_large_image\" \/>\n<meta name=\"twitter:label1\" content=\"Ber\u00e4knad l\u00e4stid\" \/>\n\t<meta name=\"twitter:data1\" content=\"1 minut\" \/>\n<!-- \/ Yoast SEO plugin. -->","yoast_head_json":{"title":"TRUUSK Utomhus Hundb\u00e4dd Med Tak - F\u00f6r Medelstora Hundar - St\u00e5lram - 76x61x70cm - Ljusgr\u00e5 - TRUUSK - Hem, Tr\u00e4dg\u00e5rd &amp; Fritid","robots":{"index":"index","follow":"follow","max-snippet":"max-snippet:-1","max-image-preview":"max-image-preview:large","max-video-preview":"max-video-preview:-1"},"canonical":"https:\/\/truusk.store\/sv\/produkt\/truusk-utomhus-hundbadd-med-tak-for-medelstora-hundar-stalram-76x61x70cm-ljusgra\/","og_locale":"sv_SE","og_type":"article","og_title":"TRUUSK Utomhus Hundb\u00e4dd Med Tak - F\u00f6r Medelstora Hundar - St\u00e5lram - 76x61x70cm - Ljusgr\u00e5 - TRUUSK - Hem, Tr\u00e4dg\u00e5rd &amp; Fritid","og_description":"Unna din fyrbenta v\u00e4n [BRAND NAME] H\u00f6jt hundb\u00e4dd med ett tredelat soltak. Med andningsbart n\u00e4t och h\u00f6jt ram garanterar utomhushundb\u00e4dden...","og_url":"https:\/\/truusk.store\/sv\/produkt\/truusk-utomhus-hundbadd-med-tak-for-medelstora-hundar-stalram-76x61x70cm-ljusgra\/","og_site_name":"TRUUSK - Hem, Tr\u00e4dg\u00e5rd &amp; Fritid","article_modified_time":"2026-03-12T07:44:31+00:00","og_image":[{"width":2000,"height":2000,"url":"https:\/\/i0.wp.com\/truusk.se\/wp-content\/uploads\/2026\/03\/utomhus-hundbadd-med-tak-hojt-hundbadd-for-medelstora-hundar-med-stalram-76x61x70cm-ljusgra-1.webp?fit=2000%2C2000&ssl=1","type":"image\/webp"}],"twitter_card":"summary_large_image","twitter_misc":{"Ber\u00e4knad l\u00e4stid":"1 minut"},"schema":{"@context":"https:\/\/schema.org","@graph":[{"@type":"WebPage","@id":"https:\/\/truusk.store\/sv\/produkt\/truusk-utomhus-hundbadd-med-tak-for-medelstora-hundar-stalram-76x61x70cm-ljusgra\/","url":"https:\/\/truusk.store\/sv\/produkt\/truusk-utomhus-hundbadd-med-tak-for-medelstora-hundar-stalram-76x61x70cm-ljusgra\/","name":"TRUUSK Utomhus Hundb\u00e4dd Med Tak - F\u00f6r Medelstora Hundar - St\u00e5lram - 76x61x70cm - Ljusgr\u00e5 - TRUUSK - Hem, Tr\u00e4dg\u00e5rd &amp; Fritid","isPartOf":{"@id":"https:\/\/truusk.store\/sv\/#website"},"primaryImageOfPage":{"@id":"https:\/\/truusk.store\/sv\/produkt\/truusk-utomhus-hundbadd-med-tak-for-medelstora-hundar-stalram-76x61x70cm-ljusgra\/#primaryimage"},"image":{"@id":"https:\/\/truusk.store\/sv\/produkt\/truusk-utomhus-hundbadd-med-tak-for-medelstora-hundar-stalram-76x61x70cm-ljusgra\/#primaryimage"},"thumbnailUrl":"https:\/\/i0.wp.com\/truusk.store\/wp-content\/uploads\/2026\/03\/utomhus-hundbadd-med-tak-hojt-hundbadd-for-medelstora-hundar-med-stalram-76x61x70cm-ljusgra-1.webp?fit=2000%2C2000&ssl=1","datePublished":"2026-03-11T12:29:12+00:00","dateModified":"2026-03-12T07:44:31+00:00","breadcrumb":{"@id":"https:\/\/truusk.store\/sv\/produkt\/truusk-utomhus-hundbadd-med-tak-for-medelstora-hundar-stalram-76x61x70cm-ljusgra\/#breadcrumb"},"inLanguage":"sv-SE","potentialAction":[{"@type":"ReadAction","target":["https:\/\/truusk.store\/sv\/produkt\/truusk-utomhus-hundbadd-med-tak-for-medelstora-hundar-stalram-76x61x70cm-ljusgra\/"]}]},{"@type":"ImageObject","inLanguage":"sv-SE","@id":"https:\/\/truusk.store\/sv\/produkt\/truusk-utomhus-hundbadd-med-tak-for-medelstora-hundar-stalram-76x61x70cm-ljusgra\/#primaryimage","url":"https:\/\/i0.wp.com\/truusk.store\/wp-content\/uploads\/2026\/03\/utomhus-hundbadd-med-tak-hojt-hundbadd-for-medelstora-hundar-med-stalram-76x61x70cm-ljusgra-1.webp?fit=2000%2C2000&ssl=1","contentUrl":"https:\/\/i0.wp.com\/truusk.store\/wp-content\/uploads\/2026\/03\/utomhus-hundbadd-med-tak-hojt-hundbadd-for-medelstora-hundar-med-stalram-76x61x70cm-ljusgra-1.webp?fit=2000%2C2000&ssl=1","width":2000,"height":2000},{"@type":"BreadcrumbList","@id":"https:\/\/truusk.store\/sv\/produkt\/truusk-utomhus-hundbadd-med-tak-for-medelstora-hundar-stalram-76x61x70cm-ljusgra\/#breadcrumb","itemListElement":[{"@type":"ListItem","position":1,"name":"Home","item":"https:\/\/truusk.store\/sv\/"},{"@type":"ListItem","position":2,"name":"Shop","item":"https:\/\/truusk.store\/shop\/"},{"@type":"ListItem","position":3,"name":"TRUUSK Utomhus Hundb\u00e4dd Med Tak &#8211; F\u00f6r Medelstora Hundar &#8211; St\u00e5lram &#8211; 76x61x70cm &#8211; Ljusgr\u00e5"}]},{"@type":"WebSite","@id":"https:\/\/truusk.store\/sv\/#website","url":"https:\/\/truusk.store\/sv\/","name":"TRUUSK - Hem, Tr\u00e4dg\u00e5rd & Fritid","description":"","publisher":{"@id":"https:\/\/truusk.store\/sv\/#organization"},"potentialAction":[{"@type":"SearchAction","target":{"@type":"EntryPoint","urlTemplate":"https:\/\/truusk.store\/sv\/?s={search_term_string}"},"query-input":{"@type":"PropertyValueSpecification","valueRequired":true,"valueName":"search_term_string"}}],"inLanguage":"sv-SE"},{"@type":"Organization","@id":"https:\/\/truusk.store\/sv\/#organization","name":"TRUUSK - Hem, Tr\u00e4dg\u00e5rd & Fritid","url":"https:\/\/truusk.store\/sv\/","logo":{"@type":"ImageObject","inLanguage":"sv-SE","@id":"https:\/\/truusk.store\/sv\/#\/schema\/logo\/image\/","url":"https:\/\/i0.wp.com\/truusk.store\/wp-content\/uploads\/2026\/03\/cropped-TRUUSK.png?fit=2032%2C917&ssl=1","contentUrl":"https:\/\/i0.wp.com\/truusk.store\/wp-content\/uploads\/2026\/03\/cropped-TRUUSK.png?fit=2032%2C917&ssl=1","width":2032,"height":917,"caption":"TRUUSK - Hem, Tr\u00e4dg\u00e5rd & Fritid"},"image":{"@id":"https:\/\/truusk.store\/sv\/#\/schema\/logo\/image\/"}}]}},"jetpack_sharing_enabled":true,"_links":{"self":[{"href":"https:\/\/truusk.store\/sv\/wp-json\/wp\/v2\/product\/108085","targetHints":{"allow":["GET"]}}],"collection":[{"href":"https:\/\/truusk.store\/sv\/wp-json\/wp\/v2\/product"}],"about":[{"href":"https:\/\/truusk.store\/sv\/wp-json\/wp\/v2\/types\/product"}],"wp:featuredmedia":[{"embeddable":true,"href":"https:\/\/truusk.store\/sv\/wp-json\/wp\/v2\/media\/108072"}],"wp:attachment":[{"href":"https:\/\/truusk.store\/sv\/wp-json\/wp\/v2\/media?parent=108085"}],"wp:term":[{"taxonomy":"product_brand","embeddable":true,"href":"https:\/\/truusk.store\/sv\/wp-json\/wp\/v2\/product_brand?post=108085"},{"taxonomy":"product_cat","embeddable":true,"href":"https:\/\/truusk.store\/sv\/wp-json\/wp\/v2\/product_cat?post=108085"},{"taxonomy":"product_tag","embeddable":true,"href":"https:\/\/truusk.store\/sv\/wp-json\/wp\/v2\/product_tag?post=108085"}],"curies":[{"name":"wp","href":"https:\/\/api.w.org\/{rel}","templated":true}]}}