{"id":108105,"date":"2026-03-11T13:34:44","date_gmt":"2026-03-11T12:34:44","guid":{"rendered":"https:\/\/truusk.store\/product\/baglampa-golvlampa-hojdjusterbar-fotomkopplare-marmormonstrad-bas-170-180cm-guld-svart\/"},"modified":"2026-03-12T08:47:16","modified_gmt":"2026-03-12T07:47:16","slug":"truusk-baglampa-golvlampa-hojdjusterbar-fotomkopplare-marmormonstrad-bas-170-180cm-guld-svart","status":"publish","type":"product","link":"https:\/\/truusk.store\/sv\/produkt\/truusk-baglampa-golvlampa-hojdjusterbar-fotomkopplare-marmormonstrad-bas-170-180cm-guld-svart\/","title":{"rendered":"TRUUSK B\u00e5glampa &#8211; Golvlampa &#8211; H\u00f6jdjusterbar &#8211; Fotomkopplare &#8211; Marmorm\u00f6nstrad Bas &#8211; 170-180cm &#8211; Guld\/Svart"},"content":{"rendered":"<p>Ge ditt hem en touch av modernitet med [BRAND NAME] b\u00e5glampa. Dess kurviga form g\u00f6r den till det perfekta blickf\u00e5nget f\u00f6r varje vardags- eller arbetsvr\u00e5. Tack vare den justerbara stativet kan h\u00f6jd och vinkel enkelt justeras. Tillverkad av metall med en stabil bas i marmorutseende, erbjuder denna lampa inte bara utm\u00e4rkt stabilitet, utan ocks\u00e5 en stilfull elegans som f\u00f6r med sig en mysig v\u00e4rme till ditt interi\u00f6r.<\/p>\n<p>Beskrivning:<\/p>\n<ul>\n<li> Modernt b\u00e5gdesign med f\u00f6rgylld klotformad metallsk\u00e4rm och en bas i marmorutseende f\u00f6r en modern look<\/li>\n<li> Flexibla belysningsinst\u00e4llningar genom justerbart stativ f\u00f6r optimal ljusposition<\/li>\n<li> Erbjuder belysning uppifr\u00e5n f\u00f6r konversationsomr\u00e5den eller dekorativ, st\u00e4mningsfull sidobelysning<\/li>\n<li> Fotbrytare m\u00f6jligg\u00f6r enkel p\u00e5- och avst\u00e4ngning, \u00e4ven n\u00e4r h\u00e4nderna inte \u00e4r fria<\/li>\n<li> L\u00e5ng str\u00f6mkabel \u00f6kar flexibiliteten vid placering av lampan<\/li>\n<li> Stabil bas f\u00f6rhindrar att lampan oavsiktligt v\u00e4lter<\/li>\n<li> Kompatibel med olika typer av ljusk\u00e4llor som LED, halogen och gl\u00f6dlampor (ljusk\u00e4lla ing\u00e5r inte)<\/li>\n<li> Enkel montering kr\u00e4vs<\/li>\n<\/ul>\n<p> Tekniska data:<\/p>\n<ul>\n<li> F\u00e4rg: Guld<\/li>\n<li> Material: Metall, Marmor<\/li>\n<li> Totala m\u00e5tt: 100-115B x 30D x 170-180H cm<\/li>\n<li> Sk\u00e4rmens dimensioner: \u00d8 28 x 18,8H cm<\/li>\n<li> Basdimensioner: \u00d8 35 x 3,5H cm<\/li>\n<li> Kabell\u00e4ngd: 1,8 m<\/li>\n<li> E27 sockel (gl\u00f6dlampa ing\u00e5r inte)<\/li>\n<li> Gl\u00f6dlampans effekt: 40W<\/li>\n<li> Sp\u00e4nning: 220-240V\/50Hz<\/li>\n<\/ul>\n<p>Leveransinneh\u00e5ll:<\/p>\n<ul>\n<li> 1 x Golvlampa<\/li>\n<li> 1 x Bruksanvisning<\/li>\n<\/ul>\n","protected":false},"excerpt":{"rendered":"<p>Ge ditt hem en touch av modernitet med [BRAND NAME] b\u00e5glampa. Dess kurviga form g\u00f6r den till det perfekta blickf\u00e5nget&#8230;<\/p>\n","protected":false},"featured_media":108096,"template":"","meta":[],"product_brand":[],"product_cat":[486,907,871],"product_tag":[],"class_list":{"0":"post-108105","1":"product","2":"type-product","3":"status-publish","4":"has-post-thumbnail","6":"product_cat-belysning","7":"product_cat-golvlampor","8":"product_cat-hus-hem","10":"first","11":"instock","12":"sale","13":"taxable","14":"shipping-taxable","15":"purchasable","16":"product-type-simple"},"yoast_head":"<!-- This site is optimized with the Yoast SEO plugin v25.4 - https:\/\/yoast.com\/wordpress\/plugins\/seo\/ -->\n<title>TRUUSK B\u00e5glampa - Golvlampa - H\u00f6jdjusterbar - Fotomkopplare - Marmorm\u00f6nstrad Bas - 170-180cm - Guld\/Svart - TRUUSK - Hem, Tr\u00e4dg\u00e5rd &amp; Fritid<\/title>\n<meta name=\"robots\" content=\"index, follow, max-snippet:-1, max-image-preview:large, max-video-preview:-1\" \/>\n<link rel=\"canonical\" href=\"https:\/\/truusk.store\/sv\/produkt\/truusk-baglampa-golvlampa-hojdjusterbar-fotomkopplare-marmormonstrad-bas-170-180cm-guld-svart\/\" \/>\n<meta property=\"og:locale\" content=\"sv_SE\" \/>\n<meta property=\"og:type\" content=\"article\" \/>\n<meta property=\"og:title\" content=\"TRUUSK B\u00e5glampa - Golvlampa - H\u00f6jdjusterbar - Fotomkopplare - Marmorm\u00f6nstrad Bas - 170-180cm - Guld\/Svart - TRUUSK - Hem, Tr\u00e4dg\u00e5rd &amp; Fritid\" \/>\n<meta property=\"og:description\" content=\"Ge ditt hem en touch av modernitet med [BRAND NAME] b\u00e5glampa. Dess kurviga form g\u00f6r den till det perfekta blickf\u00e5nget...\" \/>\n<meta property=\"og:url\" content=\"https:\/\/truusk.store\/sv\/produkt\/truusk-baglampa-golvlampa-hojdjusterbar-fotomkopplare-marmormonstrad-bas-170-180cm-guld-svart\/\" \/>\n<meta property=\"og:site_name\" content=\"TRUUSK - Hem, Tr\u00e4dg\u00e5rd &amp; Fritid\" \/>\n<meta property=\"article:modified_time\" content=\"2026-03-12T07:47:16+00:00\" \/>\n<meta property=\"og:image\" content=\"https:\/\/i0.wp.com\/truusk.se\/wp-content\/uploads\/2026\/03\/baglampa-golvlampa-hojdjusterbar-fotomkopplare-marmormonstrad-bas-170-180cm-guld-svart-1.webp?fit=2000%2C2000&ssl=1\" \/>\n\t<meta property=\"og:image:width\" content=\"2000\" \/>\n\t<meta property=\"og:image:height\" content=\"2000\" \/>\n\t<meta property=\"og:image:type\" content=\"image\/webp\" \/>\n<meta name=\"twitter:card\" content=\"summary_large_image\" \/>\n<meta name=\"twitter:label1\" content=\"Ber\u00e4knad l\u00e4stid\" \/>\n\t<meta name=\"twitter:data1\" content=\"1 minut\" \/>\n<!-- \/ Yoast SEO plugin. -->","yoast_head_json":{"title":"TRUUSK B\u00e5glampa - Golvlampa - H\u00f6jdjusterbar - Fotomkopplare - Marmorm\u00f6nstrad Bas - 170-180cm - Guld\/Svart - TRUUSK - Hem, Tr\u00e4dg\u00e5rd &amp; Fritid","robots":{"index":"index","follow":"follow","max-snippet":"max-snippet:-1","max-image-preview":"max-image-preview:large","max-video-preview":"max-video-preview:-1"},"canonical":"https:\/\/truusk.store\/sv\/produkt\/truusk-baglampa-golvlampa-hojdjusterbar-fotomkopplare-marmormonstrad-bas-170-180cm-guld-svart\/","og_locale":"sv_SE","og_type":"article","og_title":"TRUUSK B\u00e5glampa - Golvlampa - H\u00f6jdjusterbar - Fotomkopplare - Marmorm\u00f6nstrad Bas - 170-180cm - Guld\/Svart - TRUUSK - Hem, Tr\u00e4dg\u00e5rd &amp; Fritid","og_description":"Ge ditt hem en touch av modernitet med [BRAND NAME] b\u00e5glampa. Dess kurviga form g\u00f6r den till det perfekta blickf\u00e5nget...","og_url":"https:\/\/truusk.store\/sv\/produkt\/truusk-baglampa-golvlampa-hojdjusterbar-fotomkopplare-marmormonstrad-bas-170-180cm-guld-svart\/","og_site_name":"TRUUSK - Hem, Tr\u00e4dg\u00e5rd &amp; Fritid","article_modified_time":"2026-03-12T07:47:16+00:00","og_image":[{"width":2000,"height":2000,"url":"https:\/\/i0.wp.com\/truusk.se\/wp-content\/uploads\/2026\/03\/baglampa-golvlampa-hojdjusterbar-fotomkopplare-marmormonstrad-bas-170-180cm-guld-svart-1.webp?fit=2000%2C2000&ssl=1","type":"image\/webp"}],"twitter_card":"summary_large_image","twitter_misc":{"Ber\u00e4knad l\u00e4stid":"1 minut"},"schema":{"@context":"https:\/\/schema.org","@graph":[{"@type":"WebPage","@id":"https:\/\/truusk.store\/sv\/produkt\/truusk-baglampa-golvlampa-hojdjusterbar-fotomkopplare-marmormonstrad-bas-170-180cm-guld-svart\/","url":"https:\/\/truusk.store\/sv\/produkt\/truusk-baglampa-golvlampa-hojdjusterbar-fotomkopplare-marmormonstrad-bas-170-180cm-guld-svart\/","name":"TRUUSK B\u00e5glampa - Golvlampa - H\u00f6jdjusterbar - Fotomkopplare - Marmorm\u00f6nstrad Bas - 170-180cm - Guld\/Svart - TRUUSK - Hem, Tr\u00e4dg\u00e5rd &amp; Fritid","isPartOf":{"@id":"https:\/\/truusk.store\/sv\/#website"},"primaryImageOfPage":{"@id":"https:\/\/truusk.store\/sv\/produkt\/truusk-baglampa-golvlampa-hojdjusterbar-fotomkopplare-marmormonstrad-bas-170-180cm-guld-svart\/#primaryimage"},"image":{"@id":"https:\/\/truusk.store\/sv\/produkt\/truusk-baglampa-golvlampa-hojdjusterbar-fotomkopplare-marmormonstrad-bas-170-180cm-guld-svart\/#primaryimage"},"thumbnailUrl":"https:\/\/i0.wp.com\/truusk.store\/wp-content\/uploads\/2026\/03\/baglampa-golvlampa-hojdjusterbar-fotomkopplare-marmormonstrad-bas-170-180cm-guld-svart-1.webp?fit=2000%2C2000&ssl=1","datePublished":"2026-03-11T12:34:44+00:00","dateModified":"2026-03-12T07:47:16+00:00","breadcrumb":{"@id":"https:\/\/truusk.store\/sv\/produkt\/truusk-baglampa-golvlampa-hojdjusterbar-fotomkopplare-marmormonstrad-bas-170-180cm-guld-svart\/#breadcrumb"},"inLanguage":"sv-SE","potentialAction":[{"@type":"ReadAction","target":["https:\/\/truusk.store\/sv\/produkt\/truusk-baglampa-golvlampa-hojdjusterbar-fotomkopplare-marmormonstrad-bas-170-180cm-guld-svart\/"]}]},{"@type":"ImageObject","inLanguage":"sv-SE","@id":"https:\/\/truusk.store\/sv\/produkt\/truusk-baglampa-golvlampa-hojdjusterbar-fotomkopplare-marmormonstrad-bas-170-180cm-guld-svart\/#primaryimage","url":"https:\/\/i0.wp.com\/truusk.store\/wp-content\/uploads\/2026\/03\/baglampa-golvlampa-hojdjusterbar-fotomkopplare-marmormonstrad-bas-170-180cm-guld-svart-1.webp?fit=2000%2C2000&ssl=1","contentUrl":"https:\/\/i0.wp.com\/truusk.store\/wp-content\/uploads\/2026\/03\/baglampa-golvlampa-hojdjusterbar-fotomkopplare-marmormonstrad-bas-170-180cm-guld-svart-1.webp?fit=2000%2C2000&ssl=1","width":2000,"height":2000},{"@type":"BreadcrumbList","@id":"https:\/\/truusk.store\/sv\/produkt\/truusk-baglampa-golvlampa-hojdjusterbar-fotomkopplare-marmormonstrad-bas-170-180cm-guld-svart\/#breadcrumb","itemListElement":[{"@type":"ListItem","position":1,"name":"Home","item":"https:\/\/truusk.store\/sv\/"},{"@type":"ListItem","position":2,"name":"Shop","item":"https:\/\/truusk.store\/shop\/"},{"@type":"ListItem","position":3,"name":"TRUUSK B\u00e5glampa &#8211; Golvlampa &#8211; H\u00f6jdjusterbar &#8211; Fotomkopplare &#8211; Marmorm\u00f6nstrad Bas &#8211; 170-180cm &#8211; Guld\/Svart"}]},{"@type":"WebSite","@id":"https:\/\/truusk.store\/sv\/#website","url":"https:\/\/truusk.store\/sv\/","name":"TRUUSK - Hem, Tr\u00e4dg\u00e5rd & Fritid","description":"","publisher":{"@id":"https:\/\/truusk.store\/sv\/#organization"},"potentialAction":[{"@type":"SearchAction","target":{"@type":"EntryPoint","urlTemplate":"https:\/\/truusk.store\/sv\/?s={search_term_string}"},"query-input":{"@type":"PropertyValueSpecification","valueRequired":true,"valueName":"search_term_string"}}],"inLanguage":"sv-SE"},{"@type":"Organization","@id":"https:\/\/truusk.store\/sv\/#organization","name":"TRUUSK - Hem, Tr\u00e4dg\u00e5rd & Fritid","url":"https:\/\/truusk.store\/sv\/","logo":{"@type":"ImageObject","inLanguage":"sv-SE","@id":"https:\/\/truusk.store\/sv\/#\/schema\/logo\/image\/","url":"https:\/\/i0.wp.com\/truusk.store\/wp-content\/uploads\/2026\/03\/cropped-TRUUSK.png?fit=2032%2C917&ssl=1","contentUrl":"https:\/\/i0.wp.com\/truusk.store\/wp-content\/uploads\/2026\/03\/cropped-TRUUSK.png?fit=2032%2C917&ssl=1","width":2032,"height":917,"caption":"TRUUSK - Hem, Tr\u00e4dg\u00e5rd & Fritid"},"image":{"@id":"https:\/\/truusk.store\/sv\/#\/schema\/logo\/image\/"}}]}},"jetpack_sharing_enabled":true,"_links":{"self":[{"href":"https:\/\/truusk.store\/sv\/wp-json\/wp\/v2\/product\/108105","targetHints":{"allow":["GET"]}}],"collection":[{"href":"https:\/\/truusk.store\/sv\/wp-json\/wp\/v2\/product"}],"about":[{"href":"https:\/\/truusk.store\/sv\/wp-json\/wp\/v2\/types\/product"}],"wp:featuredmedia":[{"embeddable":true,"href":"https:\/\/truusk.store\/sv\/wp-json\/wp\/v2\/media\/108096"}],"wp:attachment":[{"href":"https:\/\/truusk.store\/sv\/wp-json\/wp\/v2\/media?parent=108105"}],"wp:term":[{"taxonomy":"product_brand","embeddable":true,"href":"https:\/\/truusk.store\/sv\/wp-json\/wp\/v2\/product_brand?post=108105"},{"taxonomy":"product_cat","embeddable":true,"href":"https:\/\/truusk.store\/sv\/wp-json\/wp\/v2\/product_cat?post=108105"},{"taxonomy":"product_tag","embeddable":true,"href":"https:\/\/truusk.store\/sv\/wp-json\/wp\/v2\/product_tag?post=108105"}],"curies":[{"name":"wp","href":"https:\/\/api.w.org\/{rel}","templated":true}]}}