{"id":108115,"date":"2026-03-11T13:35:54","date_gmt":"2026-03-11T12:35:54","guid":{"rendered":"https:\/\/truusk.store\/product\/elektrisk-barnfyrhjuling-3-8-km-h-45-min-drifttid-led-stralkastare-musikspelare-med-usb-for-barn-3-till-5-ar\/"},"modified":"2026-03-12T08:48:18","modified_gmt":"2026-03-12T07:48:18","slug":"truusk-elektrisk-barnfyrhjuling-3-8-km-h-45-min-drifttid-led-stralkastare-musikspelare-med-usb-for-barn-3-till-5-ar","status":"publish","type":"product","link":"https:\/\/truusk.store\/sv\/produkt\/truusk-elektrisk-barnfyrhjuling-3-8-km-h-45-min-drifttid-led-stralkastare-musikspelare-med-usb-for-barn-3-till-5-ar\/","title":{"rendered":"TRUUSK Elektrisk Barnfyrhjuling &#8211; 3-8 Km\/h &#8211; 45 Min Drifttid &#8211; LED-str\u00e5lkastare &#8211; Musikspelare Med USB &#8211; F\u00f6r Barn 3 Till 5 \u00e5r"},"content":{"rendered":"<p>Med den elektriska barnfyrhjulingen kan dina barn uppleva sp\u00e4nnande \u00e4ventyr! Den sportiga designen och de ljusa f\u00e4rgerna g\u00f6r den till en riktig blickf\u00e5ngare. De fyra robusta, stora hjulen p\u00e5 fyrhjulingen f\u00f6r barn ger s\u00e4kert grepp p\u00e5 n\u00e4stan alla underlag. Med en barnv\u00e4nlig hastighet p\u00e5 3 till 8 km\/h kan du lugnt g\u00e5 bredvid, cykla eller jogga och samtidigt njuta av v\u00e4rdefull tid med din lilla f\u00f6rare.<\/p>\n<p>Beskrivning:<\/p>\n<ul>\n<li> Drivs av ett 12V \/10Ah-batteri, det varar i 45 minuter vid full laddning<\/li>\n<li> Pedaldriven barns elektriska fordon med hastigheter p\u00e5 3-8 km\/h<\/li>\n<li> H\u00f6gkvalitativt, uppladdningsbart batteri och laddare ing\u00e5r<\/li>\n<li> Rekommenderas f\u00f6r barn fr\u00e5n 3 till 5 \u00e5r (under \u00f6vervakning av en vuxen)<\/li>\n<li> Flera musikalternativ tack vare inbyggd MP3-musikspelare i barnfyrhjulingen med USB-gr\u00e4nssnitt<\/li>\n<li> Montering kr\u00e4vs<\/li>\n<\/ul>\n<p> Tekniska data:<\/p>\n<ul>\n<li> F\u00e4rg: Vit<\/li>\n<li> Material: Metall, plast<\/li>\n<li> Totala m\u00e5tt: 100L x 65B x 73H cm<\/li>\n<li> Sitsyta: 37L x 17B cm<\/li>\n<li> Hjuldimensioner: \u00d836 x 15B cm<\/li>\n<li> Laddningstid: 8-12 timmar<\/li>\n<li> Drifttid: 45 minuter (beroende p\u00e5 anv\u00e4ndningsintensitet)<\/li>\n<li> Batteri: 12 V, 10 AH<\/li>\n<li> Hastighet: 3-8 km\/h<\/li>\n<li> \u00c5ldersrekommendation: 3-5 \u00e5r<\/li>\n<li> Belastningskapacitet: 30 kg<\/li>\n<\/ul>\n<p>Leveransinneh\u00e5ll:<\/p>\n<ul>\n<li> 1 x Elektrisk barnfyrhjuling<\/li>\n<li> 1 x Instruktioner<\/li>\n<\/ul>\n","protected":false},"excerpt":{"rendered":"<p>Med den elektriska barnfyrhjulingen kan dina barn uppleva sp\u00e4nnande \u00e4ventyr! Den sportiga designen och de ljusa f\u00e4rgerna g\u00f6r den till&#8230;<\/p>\n","protected":false},"featured_media":108106,"template":"","meta":[],"product_brand":[],"product_cat":[880,610,1066],"product_tag":[],"class_list":{"0":"post-108115","1":"product","2":"type-product","3":"status-publish","4":"has-post-thumbnail","6":"product_cat-baby-barn-2","7":"product_cat-barnfordon","8":"product_cat-barns-elbilar","10":"first","11":"instock","12":"sale","13":"taxable","14":"shipping-taxable","15":"purchasable","16":"product-type-simple"},"yoast_head":"<!-- This site is optimized with the Yoast SEO plugin v25.4 - https:\/\/yoast.com\/wordpress\/plugins\/seo\/ -->\n<title>TRUUSK Elektrisk Barnfyrhjuling - 3-8 Km\/h - 45 Min Drifttid - LED-str\u00e5lkastare - Musikspelare Med USB - F\u00f6r Barn 3 Till 5 \u00e5r - TRUUSK - Hem, Tr\u00e4dg\u00e5rd &amp; Fritid<\/title>\n<meta name=\"robots\" content=\"index, follow, max-snippet:-1, max-image-preview:large, max-video-preview:-1\" \/>\n<link rel=\"canonical\" href=\"https:\/\/truusk.store\/sv\/produkt\/truusk-elektrisk-barnfyrhjuling-3-8-km-h-45-min-drifttid-led-stralkastare-musikspelare-med-usb-for-barn-3-till-5-ar\/\" \/>\n<meta property=\"og:locale\" content=\"sv_SE\" \/>\n<meta property=\"og:type\" content=\"article\" \/>\n<meta property=\"og:title\" content=\"TRUUSK Elektrisk Barnfyrhjuling - 3-8 Km\/h - 45 Min Drifttid - LED-str\u00e5lkastare - Musikspelare Med USB - F\u00f6r Barn 3 Till 5 \u00e5r - TRUUSK - Hem, Tr\u00e4dg\u00e5rd &amp; Fritid\" \/>\n<meta property=\"og:description\" content=\"Med den elektriska barnfyrhjulingen kan dina barn uppleva sp\u00e4nnande \u00e4ventyr! Den sportiga designen och de ljusa f\u00e4rgerna g\u00f6r den till...\" \/>\n<meta property=\"og:url\" content=\"https:\/\/truusk.store\/sv\/produkt\/truusk-elektrisk-barnfyrhjuling-3-8-km-h-45-min-drifttid-led-stralkastare-musikspelare-med-usb-for-barn-3-till-5-ar\/\" \/>\n<meta property=\"og:site_name\" content=\"TRUUSK - Hem, Tr\u00e4dg\u00e5rd &amp; Fritid\" \/>\n<meta property=\"article:modified_time\" content=\"2026-03-12T07:48:18+00:00\" \/>\n<meta property=\"og:image\" content=\"https:\/\/i0.wp.com\/truusk.se\/wp-content\/uploads\/2026\/03\/elektrisk-barnfyrhjuling-3-8-km-h-45-min-drifttid-led-stralkastare-musikspelare-med-usb-for-barn-3-till-5-ar-1.webp?fit=2000%2C2000&ssl=1\" \/>\n\t<meta property=\"og:image:width\" content=\"2000\" \/>\n\t<meta property=\"og:image:height\" content=\"2000\" \/>\n\t<meta property=\"og:image:type\" content=\"image\/webp\" \/>\n<meta name=\"twitter:card\" content=\"summary_large_image\" \/>\n<meta name=\"twitter:label1\" content=\"Ber\u00e4knad l\u00e4stid\" \/>\n\t<meta name=\"twitter:data1\" content=\"1 minut\" \/>\n<!-- \/ Yoast SEO plugin. -->","yoast_head_json":{"title":"TRUUSK Elektrisk Barnfyrhjuling - 3-8 Km\/h - 45 Min Drifttid - LED-str\u00e5lkastare - Musikspelare Med USB - F\u00f6r Barn 3 Till 5 \u00e5r - TRUUSK - Hem, Tr\u00e4dg\u00e5rd &amp; Fritid","robots":{"index":"index","follow":"follow","max-snippet":"max-snippet:-1","max-image-preview":"max-image-preview:large","max-video-preview":"max-video-preview:-1"},"canonical":"https:\/\/truusk.store\/sv\/produkt\/truusk-elektrisk-barnfyrhjuling-3-8-km-h-45-min-drifttid-led-stralkastare-musikspelare-med-usb-for-barn-3-till-5-ar\/","og_locale":"sv_SE","og_type":"article","og_title":"TRUUSK Elektrisk Barnfyrhjuling - 3-8 Km\/h - 45 Min Drifttid - LED-str\u00e5lkastare - Musikspelare Med USB - F\u00f6r Barn 3 Till 5 \u00e5r - TRUUSK - Hem, Tr\u00e4dg\u00e5rd &amp; Fritid","og_description":"Med den elektriska barnfyrhjulingen kan dina barn uppleva sp\u00e4nnande \u00e4ventyr! Den sportiga designen och de ljusa f\u00e4rgerna g\u00f6r den till...","og_url":"https:\/\/truusk.store\/sv\/produkt\/truusk-elektrisk-barnfyrhjuling-3-8-km-h-45-min-drifttid-led-stralkastare-musikspelare-med-usb-for-barn-3-till-5-ar\/","og_site_name":"TRUUSK - Hem, Tr\u00e4dg\u00e5rd &amp; Fritid","article_modified_time":"2026-03-12T07:48:18+00:00","og_image":[{"width":2000,"height":2000,"url":"https:\/\/i0.wp.com\/truusk.se\/wp-content\/uploads\/2026\/03\/elektrisk-barnfyrhjuling-3-8-km-h-45-min-drifttid-led-stralkastare-musikspelare-med-usb-for-barn-3-till-5-ar-1.webp?fit=2000%2C2000&ssl=1","type":"image\/webp"}],"twitter_card":"summary_large_image","twitter_misc":{"Ber\u00e4knad l\u00e4stid":"1 minut"},"schema":{"@context":"https:\/\/schema.org","@graph":[{"@type":"WebPage","@id":"https:\/\/truusk.store\/sv\/produkt\/truusk-elektrisk-barnfyrhjuling-3-8-km-h-45-min-drifttid-led-stralkastare-musikspelare-med-usb-for-barn-3-till-5-ar\/","url":"https:\/\/truusk.store\/sv\/produkt\/truusk-elektrisk-barnfyrhjuling-3-8-km-h-45-min-drifttid-led-stralkastare-musikspelare-med-usb-for-barn-3-till-5-ar\/","name":"TRUUSK Elektrisk Barnfyrhjuling - 3-8 Km\/h - 45 Min Drifttid - LED-str\u00e5lkastare - Musikspelare Med USB - F\u00f6r Barn 3 Till 5 \u00e5r - TRUUSK - Hem, Tr\u00e4dg\u00e5rd &amp; Fritid","isPartOf":{"@id":"https:\/\/truusk.store\/sv\/#website"},"primaryImageOfPage":{"@id":"https:\/\/truusk.store\/sv\/produkt\/truusk-elektrisk-barnfyrhjuling-3-8-km-h-45-min-drifttid-led-stralkastare-musikspelare-med-usb-for-barn-3-till-5-ar\/#primaryimage"},"image":{"@id":"https:\/\/truusk.store\/sv\/produkt\/truusk-elektrisk-barnfyrhjuling-3-8-km-h-45-min-drifttid-led-stralkastare-musikspelare-med-usb-for-barn-3-till-5-ar\/#primaryimage"},"thumbnailUrl":"https:\/\/i0.wp.com\/truusk.store\/wp-content\/uploads\/2026\/03\/elektrisk-barnfyrhjuling-3-8-km-h-45-min-drifttid-led-stralkastare-musikspelare-med-usb-for-barn-3-till-5-ar-1.webp?fit=2000%2C2000&ssl=1","datePublished":"2026-03-11T12:35:54+00:00","dateModified":"2026-03-12T07:48:18+00:00","breadcrumb":{"@id":"https:\/\/truusk.store\/sv\/produkt\/truusk-elektrisk-barnfyrhjuling-3-8-km-h-45-min-drifttid-led-stralkastare-musikspelare-med-usb-for-barn-3-till-5-ar\/#breadcrumb"},"inLanguage":"sv-SE","potentialAction":[{"@type":"ReadAction","target":["https:\/\/truusk.store\/sv\/produkt\/truusk-elektrisk-barnfyrhjuling-3-8-km-h-45-min-drifttid-led-stralkastare-musikspelare-med-usb-for-barn-3-till-5-ar\/"]}]},{"@type":"ImageObject","inLanguage":"sv-SE","@id":"https:\/\/truusk.store\/sv\/produkt\/truusk-elektrisk-barnfyrhjuling-3-8-km-h-45-min-drifttid-led-stralkastare-musikspelare-med-usb-for-barn-3-till-5-ar\/#primaryimage","url":"https:\/\/i0.wp.com\/truusk.store\/wp-content\/uploads\/2026\/03\/elektrisk-barnfyrhjuling-3-8-km-h-45-min-drifttid-led-stralkastare-musikspelare-med-usb-for-barn-3-till-5-ar-1.webp?fit=2000%2C2000&ssl=1","contentUrl":"https:\/\/i0.wp.com\/truusk.store\/wp-content\/uploads\/2026\/03\/elektrisk-barnfyrhjuling-3-8-km-h-45-min-drifttid-led-stralkastare-musikspelare-med-usb-for-barn-3-till-5-ar-1.webp?fit=2000%2C2000&ssl=1","width":2000,"height":2000},{"@type":"BreadcrumbList","@id":"https:\/\/truusk.store\/sv\/produkt\/truusk-elektrisk-barnfyrhjuling-3-8-km-h-45-min-drifttid-led-stralkastare-musikspelare-med-usb-for-barn-3-till-5-ar\/#breadcrumb","itemListElement":[{"@type":"ListItem","position":1,"name":"Home","item":"https:\/\/truusk.store\/sv\/"},{"@type":"ListItem","position":2,"name":"Shop","item":"https:\/\/truusk.store\/shop\/"},{"@type":"ListItem","position":3,"name":"TRUUSK Elektrisk Barnfyrhjuling &#8211; 3-8 Km\/h &#8211; 45 Min Drifttid &#8211; LED-str\u00e5lkastare &#8211; Musikspelare Med USB &#8211; F\u00f6r Barn 3 Till 5 \u00e5r"}]},{"@type":"WebSite","@id":"https:\/\/truusk.store\/sv\/#website","url":"https:\/\/truusk.store\/sv\/","name":"TRUUSK - Hem, Tr\u00e4dg\u00e5rd & Fritid","description":"","publisher":{"@id":"https:\/\/truusk.store\/sv\/#organization"},"potentialAction":[{"@type":"SearchAction","target":{"@type":"EntryPoint","urlTemplate":"https:\/\/truusk.store\/sv\/?s={search_term_string}"},"query-input":{"@type":"PropertyValueSpecification","valueRequired":true,"valueName":"search_term_string"}}],"inLanguage":"sv-SE"},{"@type":"Organization","@id":"https:\/\/truusk.store\/sv\/#organization","name":"TRUUSK - Hem, Tr\u00e4dg\u00e5rd & Fritid","url":"https:\/\/truusk.store\/sv\/","logo":{"@type":"ImageObject","inLanguage":"sv-SE","@id":"https:\/\/truusk.store\/sv\/#\/schema\/logo\/image\/","url":"https:\/\/i0.wp.com\/truusk.store\/wp-content\/uploads\/2026\/03\/cropped-TRUUSK.png?fit=2032%2C917&ssl=1","contentUrl":"https:\/\/i0.wp.com\/truusk.store\/wp-content\/uploads\/2026\/03\/cropped-TRUUSK.png?fit=2032%2C917&ssl=1","width":2032,"height":917,"caption":"TRUUSK - Hem, Tr\u00e4dg\u00e5rd & Fritid"},"image":{"@id":"https:\/\/truusk.store\/sv\/#\/schema\/logo\/image\/"}}]}},"jetpack_sharing_enabled":true,"_links":{"self":[{"href":"https:\/\/truusk.store\/sv\/wp-json\/wp\/v2\/product\/108115","targetHints":{"allow":["GET"]}}],"collection":[{"href":"https:\/\/truusk.store\/sv\/wp-json\/wp\/v2\/product"}],"about":[{"href":"https:\/\/truusk.store\/sv\/wp-json\/wp\/v2\/types\/product"}],"wp:featuredmedia":[{"embeddable":true,"href":"https:\/\/truusk.store\/sv\/wp-json\/wp\/v2\/media\/108106"}],"wp:attachment":[{"href":"https:\/\/truusk.store\/sv\/wp-json\/wp\/v2\/media?parent=108115"}],"wp:term":[{"taxonomy":"product_brand","embeddable":true,"href":"https:\/\/truusk.store\/sv\/wp-json\/wp\/v2\/product_brand?post=108115"},{"taxonomy":"product_cat","embeddable":true,"href":"https:\/\/truusk.store\/sv\/wp-json\/wp\/v2\/product_cat?post=108115"},{"taxonomy":"product_tag","embeddable":true,"href":"https:\/\/truusk.store\/sv\/wp-json\/wp\/v2\/product_tag?post=108115"}],"curies":[{"name":"wp","href":"https:\/\/api.w.org\/{rel}","templated":true}]}}