{"id":108127,"date":"2026-03-11T13:37:13","date_gmt":"2026-03-11T12:37:13","guid":{"rendered":"https:\/\/truusk.store\/product\/50-l-sensor-soptunna-automatiskt-lock-rostfritt-stal-mangsidig-anvandning-silverfargad\/"},"modified":"2026-03-12T08:48:28","modified_gmt":"2026-03-12T07:48:28","slug":"truusk-sensor-soptunna-50-l-automatiskt-lock-rostfritt-stal-mangsidig-anvandning-silverfargad","status":"publish","type":"product","link":"https:\/\/truusk.store\/sv\/produkt\/truusk-sensor-soptunna-50-l-automatiskt-lock-rostfritt-stal-mangsidig-anvandning-silverfargad\/","title":{"rendered":"TRUUSK Sensor-soptunna 50 L &#8211; Automatiskt Lock &#8211; Rostfritt St\u00e5l &#8211; M\u00e5ngsidig Anv\u00e4ndning &#8211; Silverf\u00e4rgad"},"content":{"rendered":"<p>St\u00f6rd av smutsiga h\u00e4nder och d\u00e5lig lukt, s\u00e4rskilt n\u00e4r g\u00e4ster f\u00f6rv\u00e4ntas? [BRAND NAME] sensor-soptunna \u00f6ppnas utan ber\u00f6ring och s\u00e4kerst\u00e4ller renlighet. Ett lager av aktivt kol fiber binder lukter och ger fr\u00e4schhet. Den borstade rostfria st\u00e5let p\u00e5 kosmetikpapperskorgen \u00e4r fingeravtrycksresistent och l\u00e4tt att reng\u00f6ra. Tack vare enkel, modul\u00e4r konstruktion kan du njuta av ett ordnat och hygieniskt k\u00f6k varje dag.<\/p>\n<p>Beskrivning:<\/p>\n<ul>\n<li> Avancerad sensor \u00f6ppnar locket p\u00e5 0,5 sekunder f\u00f6r en ber\u00f6ringsfri, hygienisk upplevelse<\/li>\n<li> Extra stor kapacitet p\u00e5 50 liter rymmer mer avfall, med en ring f\u00f6r att s\u00e4kra sopp\u00e5sar<\/li>\n<li> Aktivt kol fiber absorberar lukter och h\u00e5ller ditt k\u00f6k fr\u00e4scht<\/li>\n<li> Unik modul\u00e4r design f\u00f6rhindrar transportskador och m\u00f6jligg\u00f6r snabb, enkel montering<\/li>\n<li> Tillverkad av borstat rostfritt st\u00e5l, det motst\u00e5r fingeravtryck och fl\u00e4ckar utm\u00e4rkt<\/li>\n<li> Tv\u00e5 l\u00e4gen och ett mjukt st\u00e4ngande lock p\u00e5 sensor-soptunnan erbjuder flexibel och tyst, lugn drift<\/li>\n<li> Slimmad soptunna, l\u00e4mplig f\u00f6r k\u00f6k, gym, kontor, studentbost\u00e4der och tr\u00e5nga utrymmen<\/li>\n<\/ul>\n<p> Tekniska data:<\/p>\n<ul>\n<li> F\u00e4rg: Silverton<\/li>\n<li> Material: Rostfritt st\u00e5l<\/li>\n<li> Totala dimensioner: 39L x 27B x 54H cm<\/li>\n<li> Lock\u00f6ppningsstorlek: 34,8L x 17,7B cm<\/li>\n<li> Kapacitet: 50 L<\/li>\n<li> Sensoravst\u00e5nd: 15-20 cm<\/li>\n<li> Sensortid: 0,5 s<\/li>\n<li> Batteri: 4 x AA (ing\u00e5r ej)<\/li>\n<\/ul>\n<p>Leverans inneh\u00e5ller:<\/p>\n<ul>\n<li> 1 x Sensor-soptunna<\/li>\n<li> 1 x Bruksanvisning<\/li>\n<\/ul>\n","protected":false},"excerpt":{"rendered":"<p>St\u00f6rd av smutsiga h\u00e4nder och d\u00e5lig lukt, s\u00e4rskilt n\u00e4r g\u00e4ster f\u00f6rv\u00e4ntas? [BRAND NAME] sensor-soptunna \u00f6ppnas utan ber\u00f6ring och s\u00e4kerst\u00e4ller renlighet&#8230;.<\/p>\n","protected":false},"featured_media":108116,"template":"","meta":[],"product_brand":[],"product_cat":[867,869,870],"product_tag":[],"class_list":{"0":"post-108127","1":"product","2":"type-product","3":"status-publish","4":"has-post-thumbnail","6":"product_cat-byggmarknad","7":"product_cat-rengoring-ordning","8":"product_cat-sopkorgar","10":"first","11":"instock","12":"sale","13":"taxable","14":"shipping-taxable","15":"purchasable","16":"product-type-simple"},"yoast_head":"<!-- This site is optimized with the Yoast SEO plugin v25.4 - https:\/\/yoast.com\/wordpress\/plugins\/seo\/ -->\n<title>TRUUSK Sensor-soptunna 50 L - Automatiskt Lock - Rostfritt St\u00e5l - M\u00e5ngsidig Anv\u00e4ndning - Silverf\u00e4rgad - TRUUSK - Hem, Tr\u00e4dg\u00e5rd &amp; Fritid<\/title>\n<meta name=\"robots\" content=\"index, follow, max-snippet:-1, max-image-preview:large, max-video-preview:-1\" \/>\n<link rel=\"canonical\" href=\"https:\/\/truusk.store\/sv\/produkt\/truusk-sensor-soptunna-50-l-automatiskt-lock-rostfritt-stal-mangsidig-anvandning-silverfargad\/\" \/>\n<meta property=\"og:locale\" content=\"sv_SE\" \/>\n<meta property=\"og:type\" content=\"article\" \/>\n<meta property=\"og:title\" content=\"TRUUSK Sensor-soptunna 50 L - Automatiskt Lock - Rostfritt St\u00e5l - M\u00e5ngsidig Anv\u00e4ndning - Silverf\u00e4rgad - TRUUSK - Hem, Tr\u00e4dg\u00e5rd &amp; Fritid\" \/>\n<meta property=\"og:description\" content=\"St\u00f6rd av smutsiga h\u00e4nder och d\u00e5lig lukt, s\u00e4rskilt n\u00e4r g\u00e4ster f\u00f6rv\u00e4ntas? [BRAND NAME] sensor-soptunna \u00f6ppnas utan ber\u00f6ring och s\u00e4kerst\u00e4ller renlighet....\" \/>\n<meta property=\"og:url\" content=\"https:\/\/truusk.store\/sv\/produkt\/truusk-sensor-soptunna-50-l-automatiskt-lock-rostfritt-stal-mangsidig-anvandning-silverfargad\/\" \/>\n<meta property=\"og:site_name\" content=\"TRUUSK - Hem, Tr\u00e4dg\u00e5rd &amp; Fritid\" \/>\n<meta property=\"article:modified_time\" content=\"2026-03-12T07:48:28+00:00\" \/>\n<meta property=\"og:image\" content=\"https:\/\/i0.wp.com\/truusk.se\/wp-content\/uploads\/2026\/03\/50-l-sensor-soptunna-automatiskt-lock-rostfritt-stal-mangsidig-anvandning-silverfargad-1.webp?fit=2000%2C2000&ssl=1\" \/>\n\t<meta property=\"og:image:width\" content=\"2000\" \/>\n\t<meta property=\"og:image:height\" content=\"2000\" \/>\n\t<meta property=\"og:image:type\" content=\"image\/webp\" \/>\n<meta name=\"twitter:card\" content=\"summary_large_image\" \/>\n<meta name=\"twitter:label1\" content=\"Ber\u00e4knad l\u00e4stid\" \/>\n\t<meta name=\"twitter:data1\" content=\"1 minut\" \/>\n<!-- \/ Yoast SEO plugin. -->","yoast_head_json":{"title":"TRUUSK Sensor-soptunna 50 L - Automatiskt Lock - Rostfritt St\u00e5l - M\u00e5ngsidig Anv\u00e4ndning - Silverf\u00e4rgad - TRUUSK - Hem, Tr\u00e4dg\u00e5rd &amp; Fritid","robots":{"index":"index","follow":"follow","max-snippet":"max-snippet:-1","max-image-preview":"max-image-preview:large","max-video-preview":"max-video-preview:-1"},"canonical":"https:\/\/truusk.store\/sv\/produkt\/truusk-sensor-soptunna-50-l-automatiskt-lock-rostfritt-stal-mangsidig-anvandning-silverfargad\/","og_locale":"sv_SE","og_type":"article","og_title":"TRUUSK Sensor-soptunna 50 L - Automatiskt Lock - Rostfritt St\u00e5l - M\u00e5ngsidig Anv\u00e4ndning - Silverf\u00e4rgad - TRUUSK - Hem, Tr\u00e4dg\u00e5rd &amp; Fritid","og_description":"St\u00f6rd av smutsiga h\u00e4nder och d\u00e5lig lukt, s\u00e4rskilt n\u00e4r g\u00e4ster f\u00f6rv\u00e4ntas? [BRAND NAME] sensor-soptunna \u00f6ppnas utan ber\u00f6ring och s\u00e4kerst\u00e4ller renlighet....","og_url":"https:\/\/truusk.store\/sv\/produkt\/truusk-sensor-soptunna-50-l-automatiskt-lock-rostfritt-stal-mangsidig-anvandning-silverfargad\/","og_site_name":"TRUUSK - Hem, Tr\u00e4dg\u00e5rd &amp; Fritid","article_modified_time":"2026-03-12T07:48:28+00:00","og_image":[{"width":2000,"height":2000,"url":"https:\/\/i0.wp.com\/truusk.se\/wp-content\/uploads\/2026\/03\/50-l-sensor-soptunna-automatiskt-lock-rostfritt-stal-mangsidig-anvandning-silverfargad-1.webp?fit=2000%2C2000&ssl=1","type":"image\/webp"}],"twitter_card":"summary_large_image","twitter_misc":{"Ber\u00e4knad l\u00e4stid":"1 minut"},"schema":{"@context":"https:\/\/schema.org","@graph":[{"@type":"WebPage","@id":"https:\/\/truusk.store\/sv\/produkt\/truusk-sensor-soptunna-50-l-automatiskt-lock-rostfritt-stal-mangsidig-anvandning-silverfargad\/","url":"https:\/\/truusk.store\/sv\/produkt\/truusk-sensor-soptunna-50-l-automatiskt-lock-rostfritt-stal-mangsidig-anvandning-silverfargad\/","name":"TRUUSK Sensor-soptunna 50 L - Automatiskt Lock - Rostfritt St\u00e5l - M\u00e5ngsidig Anv\u00e4ndning - Silverf\u00e4rgad - TRUUSK - Hem, Tr\u00e4dg\u00e5rd &amp; Fritid","isPartOf":{"@id":"https:\/\/truusk.store\/sv\/#website"},"primaryImageOfPage":{"@id":"https:\/\/truusk.store\/sv\/produkt\/truusk-sensor-soptunna-50-l-automatiskt-lock-rostfritt-stal-mangsidig-anvandning-silverfargad\/#primaryimage"},"image":{"@id":"https:\/\/truusk.store\/sv\/produkt\/truusk-sensor-soptunna-50-l-automatiskt-lock-rostfritt-stal-mangsidig-anvandning-silverfargad\/#primaryimage"},"thumbnailUrl":"https:\/\/i0.wp.com\/truusk.store\/wp-content\/uploads\/2026\/03\/50-l-sensor-soptunna-automatiskt-lock-rostfritt-stal-mangsidig-anvandning-silverfargad-1.webp?fit=2000%2C2000&ssl=1","datePublished":"2026-03-11T12:37:13+00:00","dateModified":"2026-03-12T07:48:28+00:00","breadcrumb":{"@id":"https:\/\/truusk.store\/sv\/produkt\/truusk-sensor-soptunna-50-l-automatiskt-lock-rostfritt-stal-mangsidig-anvandning-silverfargad\/#breadcrumb"},"inLanguage":"sv-SE","potentialAction":[{"@type":"ReadAction","target":["https:\/\/truusk.store\/sv\/produkt\/truusk-sensor-soptunna-50-l-automatiskt-lock-rostfritt-stal-mangsidig-anvandning-silverfargad\/"]}]},{"@type":"ImageObject","inLanguage":"sv-SE","@id":"https:\/\/truusk.store\/sv\/produkt\/truusk-sensor-soptunna-50-l-automatiskt-lock-rostfritt-stal-mangsidig-anvandning-silverfargad\/#primaryimage","url":"https:\/\/i0.wp.com\/truusk.store\/wp-content\/uploads\/2026\/03\/50-l-sensor-soptunna-automatiskt-lock-rostfritt-stal-mangsidig-anvandning-silverfargad-1.webp?fit=2000%2C2000&ssl=1","contentUrl":"https:\/\/i0.wp.com\/truusk.store\/wp-content\/uploads\/2026\/03\/50-l-sensor-soptunna-automatiskt-lock-rostfritt-stal-mangsidig-anvandning-silverfargad-1.webp?fit=2000%2C2000&ssl=1","width":2000,"height":2000},{"@type":"BreadcrumbList","@id":"https:\/\/truusk.store\/sv\/produkt\/truusk-sensor-soptunna-50-l-automatiskt-lock-rostfritt-stal-mangsidig-anvandning-silverfargad\/#breadcrumb","itemListElement":[{"@type":"ListItem","position":1,"name":"Home","item":"https:\/\/truusk.store\/sv\/"},{"@type":"ListItem","position":2,"name":"Shop","item":"https:\/\/truusk.store\/shop\/"},{"@type":"ListItem","position":3,"name":"TRUUSK Sensor-soptunna 50 L &#8211; Automatiskt Lock &#8211; Rostfritt St\u00e5l &#8211; M\u00e5ngsidig Anv\u00e4ndning &#8211; Silverf\u00e4rgad"}]},{"@type":"WebSite","@id":"https:\/\/truusk.store\/sv\/#website","url":"https:\/\/truusk.store\/sv\/","name":"TRUUSK - Hem, Tr\u00e4dg\u00e5rd & Fritid","description":"","publisher":{"@id":"https:\/\/truusk.store\/sv\/#organization"},"potentialAction":[{"@type":"SearchAction","target":{"@type":"EntryPoint","urlTemplate":"https:\/\/truusk.store\/sv\/?s={search_term_string}"},"query-input":{"@type":"PropertyValueSpecification","valueRequired":true,"valueName":"search_term_string"}}],"inLanguage":"sv-SE"},{"@type":"Organization","@id":"https:\/\/truusk.store\/sv\/#organization","name":"TRUUSK - Hem, Tr\u00e4dg\u00e5rd & Fritid","url":"https:\/\/truusk.store\/sv\/","logo":{"@type":"ImageObject","inLanguage":"sv-SE","@id":"https:\/\/truusk.store\/sv\/#\/schema\/logo\/image\/","url":"https:\/\/i0.wp.com\/truusk.store\/wp-content\/uploads\/2026\/03\/cropped-TRUUSK.png?fit=2032%2C917&ssl=1","contentUrl":"https:\/\/i0.wp.com\/truusk.store\/wp-content\/uploads\/2026\/03\/cropped-TRUUSK.png?fit=2032%2C917&ssl=1","width":2032,"height":917,"caption":"TRUUSK - Hem, Tr\u00e4dg\u00e5rd & Fritid"},"image":{"@id":"https:\/\/truusk.store\/sv\/#\/schema\/logo\/image\/"}}]}},"jetpack_sharing_enabled":true,"_links":{"self":[{"href":"https:\/\/truusk.store\/sv\/wp-json\/wp\/v2\/product\/108127","targetHints":{"allow":["GET"]}}],"collection":[{"href":"https:\/\/truusk.store\/sv\/wp-json\/wp\/v2\/product"}],"about":[{"href":"https:\/\/truusk.store\/sv\/wp-json\/wp\/v2\/types\/product"}],"wp:featuredmedia":[{"embeddable":true,"href":"https:\/\/truusk.store\/sv\/wp-json\/wp\/v2\/media\/108116"}],"wp:attachment":[{"href":"https:\/\/truusk.store\/sv\/wp-json\/wp\/v2\/media?parent=108127"}],"wp:term":[{"taxonomy":"product_brand","embeddable":true,"href":"https:\/\/truusk.store\/sv\/wp-json\/wp\/v2\/product_brand?post=108127"},{"taxonomy":"product_cat","embeddable":true,"href":"https:\/\/truusk.store\/sv\/wp-json\/wp\/v2\/product_cat?post=108127"},{"taxonomy":"product_tag","embeddable":true,"href":"https:\/\/truusk.store\/sv\/wp-json\/wp\/v2\/product_tag?post=108127"}],"curies":[{"name":"wp","href":"https:\/\/api.w.org\/{rel}","templated":true}]}}