{"id":108155,"date":"2026-03-11T13:39:55","date_gmt":"2026-03-11T12:39:55","guid":{"rendered":"https:\/\/truusk.store\/product\/elektrisk-kamin-2-varmelagen-6-lagans-farger-termostat-fjarrkontroll-vit\/"},"modified":"2026-03-12T08:48:34","modified_gmt":"2026-03-12T07:48:34","slug":"truusk-elektrisk-kamin-2-varmelagen-6-lagans-farger-termostat-fjarrkontroll-vit","status":"publish","type":"product","link":"https:\/\/truusk.store\/sv\/produkt\/truusk-elektrisk-kamin-2-varmelagen-6-lagans-farger-termostat-fjarrkontroll-vit\/","title":{"rendered":"TRUUSK Elektrisk Kamin &#8211; 2 V\u00e4rmel\u00e4gen &#8211; 6 L\u00e5gans F\u00e4rger &#8211; Termostat &#8211; Fj\u00e4rrkontroll &#8211; Vit"},"content":{"rendered":"<p>K\u00e4nner du dig ofta kall och inst\u00e4ngd i ditt lilla utrymme? Denna [BRAND NAME] v erbjuder l\u00f6sningen med intelligent, j\u00e4mn v\u00e4rme och en imponerande elektrisk panoramakamin med justerbara l\u00e5gor f\u00f6r r\u00e4tt atmosf\u00e4r. Den utrymmesbesparande designen p\u00e5 den elektriska kaminen fungerar ocks\u00e5 som en hylla f\u00f6r dina favoritartiklar, kombinerar praktisk anv\u00e4ndning med estetisk flair och g\u00f6r ditt hem till en mysig, stilfull oas.<\/p>\n<p>Beskrivning:<\/p>\n<ul>\n<li> Tv\u00e5 v\u00e4rmel\u00e4gen (1000\/2000W) p\u00e5 den elektriska kaminen v\u00e4rmer upp rum upp till 30 m\u00b2 effektivt<\/li>\n<li> Den elektriska kaminen erbjuder sex flaml\u00e4gen och fem ljusstyrkor f\u00f6r en mysig atmosf\u00e4r<\/li>\n<li> L\u00e5gan kan anv\u00e4ndas oberoende, erbjuder atmosf\u00e4r \u00e5ret runt utan v\u00e4rme<\/li>\n<li> Den elektriska kaminens intelligenta termostat h\u00e5ller en inst\u00e4lld temperatur p\u00e5 15-35\u2103 f\u00f6r konstant komfort<\/li>\n<li> Inkluderar en s\u00e4kerhetsavst\u00e4ngning och barnl\u00e5s f\u00f6r garanterad s\u00e4kerhet<\/li>\n<li> En fj\u00e4rrkontroll m\u00f6jligg\u00f6r justering av alla inst\u00e4llningar utan att beh\u00f6va l\u00e4mna din sittplats<\/li>\n<li> Fungerar under 55dB och skapar s\u00e5ledes ett lugnt och fridfullt utrymme f\u00f6r avkoppling<\/li>\n<li> Montering kr\u00e4vs<\/li>\n<\/ul>\n<p> Tekniska data:<\/p>\n<ul>\n<li> F\u00e4rg: Vit+Transparent<\/li>\n<li> Material: MDF, St\u00e5l, H\u00e4rdat glas<\/li>\n<li> Totala dimensioner: 48L x 22B x 75H cm<\/li>\n<li> Kamineldk\u00e4rnstorlek: 44B x 19,5T x 38,5H cm<\/li>\n<li> Framf\u00f6nsterstorlek: 42B x 22,5H cm<\/li>\n<li> Sidof\u00f6nsterstorlek: 5B x 22,5H cm<\/li>\n<li> Effekt: 1000W\/2000W<\/li>\n<li> Sp\u00e4nning: AC 220-240V, 50Hz<\/li>\n<li> Uppv\u00e4rmningsyta: 15-30 m\u00b2<\/li>\n<li> Ljudniv\u00e5:<br \/>\n","protected":false},"excerpt":{"rendered":"<p>K\u00e4nner du dig ofta kall och inst\u00e4ngd i ditt lilla utrymme? Denna [BRAND NAME] v erbjuder l\u00f6sningen med intelligent, j\u00e4mn&#8230;<\/p>\n","protected":false},"featured_media":108143,"template":"","meta":[],"product_brand":[],"product_cat":[867,877,876],"product_tag":[],"class_list":{"0":"post-108155","1":"product","2":"type-product","3":"status-publish","4":"has-post-thumbnail","6":"product_cat-byggmarknad","7":"product_cat-elektriska-kaminer","8":"product_cat-kaminer-ugnar","10":"first","11":"instock","12":"sale","13":"taxable","14":"shipping-taxable","15":"purchasable","16":"product-type-simple"},"yoast_head":"<!-- This site is optimized with the Yoast SEO plugin v25.4 - https:\/\/yoast.com\/wordpress\/plugins\/seo\/ -->\n<title>TRUUSK Elektrisk Kamin - 2 V\u00e4rmel\u00e4gen - 6 L\u00e5gans F\u00e4rger - Termostat - Fj\u00e4rrkontroll - Vit - TRUUSK - Hem, Tr\u00e4dg\u00e5rd &amp; Fritid<\/title>\n<meta name=\"robots\" content=\"index, follow, max-snippet:-1, max-image-preview:large, max-video-preview:-1\" \/>\n<link rel=\"canonical\" href=\"https:\/\/truusk.store\/sv\/produkt\/truusk-elektrisk-kamin-2-varmelagen-6-lagans-farger-termostat-fjarrkontroll-vit\/\" \/>\n<meta property=\"og:locale\" content=\"sv_SE\" \/>\n<meta property=\"og:type\" content=\"article\" \/>\n<meta property=\"og:title\" content=\"TRUUSK Elektrisk Kamin - 2 V\u00e4rmel\u00e4gen - 6 L\u00e5gans F\u00e4rger - Termostat - Fj\u00e4rrkontroll - Vit - TRUUSK - Hem, Tr\u00e4dg\u00e5rd &amp; Fritid\" \/>\n<meta property=\"og:description\" content=\"K\u00e4nner du dig ofta kall och inst\u00e4ngd i ditt lilla utrymme? Denna [BRAND NAME] v erbjuder l\u00f6sningen med intelligent, j\u00e4mn...\" \/>\n<meta property=\"og:url\" content=\"https:\/\/truusk.store\/sv\/produkt\/truusk-elektrisk-kamin-2-varmelagen-6-lagans-farger-termostat-fjarrkontroll-vit\/\" \/>\n<meta property=\"og:site_name\" content=\"TRUUSK - Hem, Tr\u00e4dg\u00e5rd &amp; Fritid\" \/>\n<meta property=\"article:modified_time\" content=\"2026-03-12T07:48:34+00:00\" \/>\n<meta property=\"og:image\" content=\"https:\/\/i0.wp.com\/truusk.se\/wp-content\/uploads\/2026\/03\/elektrisk-kamin-2-varmelagen-6-lagans-farger-termostat-fjarrkontroll-vit-1.webp?fit=2000%2C2000&ssl=1\" \/>\n\t<meta property=\"og:image:width\" content=\"2000\" \/>\n\t<meta property=\"og:image:height\" content=\"2000\" \/>\n\t<meta property=\"og:image:type\" content=\"image\/webp\" \/>\n<meta name=\"twitter:card\" content=\"summary_large_image\" \/>\n<meta name=\"twitter:label1\" content=\"Ber\u00e4knad l\u00e4stid\" \/>\n\t<meta name=\"twitter:data1\" content=\"1 minut\" \/>\n<!-- \/ Yoast SEO plugin. -->","yoast_head_json":{"title":"TRUUSK Elektrisk Kamin - 2 V\u00e4rmel\u00e4gen - 6 L\u00e5gans F\u00e4rger - Termostat - Fj\u00e4rrkontroll - Vit - TRUUSK - Hem, Tr\u00e4dg\u00e5rd &amp; Fritid","robots":{"index":"index","follow":"follow","max-snippet":"max-snippet:-1","max-image-preview":"max-image-preview:large","max-video-preview":"max-video-preview:-1"},"canonical":"https:\/\/truusk.store\/sv\/produkt\/truusk-elektrisk-kamin-2-varmelagen-6-lagans-farger-termostat-fjarrkontroll-vit\/","og_locale":"sv_SE","og_type":"article","og_title":"TRUUSK Elektrisk Kamin - 2 V\u00e4rmel\u00e4gen - 6 L\u00e5gans F\u00e4rger - Termostat - Fj\u00e4rrkontroll - Vit - TRUUSK - Hem, Tr\u00e4dg\u00e5rd &amp; Fritid","og_description":"K\u00e4nner du dig ofta kall och inst\u00e4ngd i ditt lilla utrymme? Denna [BRAND NAME] v erbjuder l\u00f6sningen med intelligent, j\u00e4mn...","og_url":"https:\/\/truusk.store\/sv\/produkt\/truusk-elektrisk-kamin-2-varmelagen-6-lagans-farger-termostat-fjarrkontroll-vit\/","og_site_name":"TRUUSK - Hem, Tr\u00e4dg\u00e5rd &amp; Fritid","article_modified_time":"2026-03-12T07:48:34+00:00","og_image":[{"width":2000,"height":2000,"url":"https:\/\/i0.wp.com\/truusk.se\/wp-content\/uploads\/2026\/03\/elektrisk-kamin-2-varmelagen-6-lagans-farger-termostat-fjarrkontroll-vit-1.webp?fit=2000%2C2000&ssl=1","type":"image\/webp"}],"twitter_card":"summary_large_image","twitter_misc":{"Ber\u00e4knad l\u00e4stid":"1 minut"},"schema":{"@context":"https:\/\/schema.org","@graph":[{"@type":"WebPage","@id":"https:\/\/truusk.store\/sv\/produkt\/truusk-elektrisk-kamin-2-varmelagen-6-lagans-farger-termostat-fjarrkontroll-vit\/","url":"https:\/\/truusk.store\/sv\/produkt\/truusk-elektrisk-kamin-2-varmelagen-6-lagans-farger-termostat-fjarrkontroll-vit\/","name":"TRUUSK Elektrisk Kamin - 2 V\u00e4rmel\u00e4gen - 6 L\u00e5gans F\u00e4rger - Termostat - Fj\u00e4rrkontroll - Vit - TRUUSK - Hem, Tr\u00e4dg\u00e5rd &amp; Fritid","isPartOf":{"@id":"https:\/\/truusk.store\/sv\/#website"},"primaryImageOfPage":{"@id":"https:\/\/truusk.store\/sv\/produkt\/truusk-elektrisk-kamin-2-varmelagen-6-lagans-farger-termostat-fjarrkontroll-vit\/#primaryimage"},"image":{"@id":"https:\/\/truusk.store\/sv\/produkt\/truusk-elektrisk-kamin-2-varmelagen-6-lagans-farger-termostat-fjarrkontroll-vit\/#primaryimage"},"thumbnailUrl":"https:\/\/i0.wp.com\/truusk.store\/wp-content\/uploads\/2026\/03\/elektrisk-kamin-2-varmelagen-6-lagans-farger-termostat-fjarrkontroll-vit-1.webp?fit=2000%2C2000&ssl=1","datePublished":"2026-03-11T12:39:55+00:00","dateModified":"2026-03-12T07:48:34+00:00","breadcrumb":{"@id":"https:\/\/truusk.store\/sv\/produkt\/truusk-elektrisk-kamin-2-varmelagen-6-lagans-farger-termostat-fjarrkontroll-vit\/#breadcrumb"},"inLanguage":"sv-SE","potentialAction":[{"@type":"ReadAction","target":["https:\/\/truusk.store\/sv\/produkt\/truusk-elektrisk-kamin-2-varmelagen-6-lagans-farger-termostat-fjarrkontroll-vit\/"]}]},{"@type":"ImageObject","inLanguage":"sv-SE","@id":"https:\/\/truusk.store\/sv\/produkt\/truusk-elektrisk-kamin-2-varmelagen-6-lagans-farger-termostat-fjarrkontroll-vit\/#primaryimage","url":"https:\/\/i0.wp.com\/truusk.store\/wp-content\/uploads\/2026\/03\/elektrisk-kamin-2-varmelagen-6-lagans-farger-termostat-fjarrkontroll-vit-1.webp?fit=2000%2C2000&ssl=1","contentUrl":"https:\/\/i0.wp.com\/truusk.store\/wp-content\/uploads\/2026\/03\/elektrisk-kamin-2-varmelagen-6-lagans-farger-termostat-fjarrkontroll-vit-1.webp?fit=2000%2C2000&ssl=1","width":2000,"height":2000},{"@type":"BreadcrumbList","@id":"https:\/\/truusk.store\/sv\/produkt\/truusk-elektrisk-kamin-2-varmelagen-6-lagans-farger-termostat-fjarrkontroll-vit\/#breadcrumb","itemListElement":[{"@type":"ListItem","position":1,"name":"Home","item":"https:\/\/truusk.store\/sv\/"},{"@type":"ListItem","position":2,"name":"Shop","item":"https:\/\/truusk.store\/shop\/"},{"@type":"ListItem","position":3,"name":"TRUUSK Elektrisk Kamin &#8211; 2 V\u00e4rmel\u00e4gen &#8211; 6 L\u00e5gans F\u00e4rger &#8211; Termostat &#8211; Fj\u00e4rrkontroll &#8211; Vit"}]},{"@type":"WebSite","@id":"https:\/\/truusk.store\/sv\/#website","url":"https:\/\/truusk.store\/sv\/","name":"TRUUSK - Hem, Tr\u00e4dg\u00e5rd & Fritid","description":"","publisher":{"@id":"https:\/\/truusk.store\/sv\/#organization"},"potentialAction":[{"@type":"SearchAction","target":{"@type":"EntryPoint","urlTemplate":"https:\/\/truusk.store\/sv\/?s={search_term_string}"},"query-input":{"@type":"PropertyValueSpecification","valueRequired":true,"valueName":"search_term_string"}}],"inLanguage":"sv-SE"},{"@type":"Organization","@id":"https:\/\/truusk.store\/sv\/#organization","name":"TRUUSK - Hem, Tr\u00e4dg\u00e5rd & Fritid","url":"https:\/\/truusk.store\/sv\/","logo":{"@type":"ImageObject","inLanguage":"sv-SE","@id":"https:\/\/truusk.store\/sv\/#\/schema\/logo\/image\/","url":"https:\/\/i0.wp.com\/truusk.store\/wp-content\/uploads\/2026\/03\/cropped-TRUUSK.png?fit=2032%2C917&ssl=1","contentUrl":"https:\/\/i0.wp.com\/truusk.store\/wp-content\/uploads\/2026\/03\/cropped-TRUUSK.png?fit=2032%2C917&ssl=1","width":2032,"height":917,"caption":"TRUUSK - Hem, Tr\u00e4dg\u00e5rd & Fritid"},"image":{"@id":"https:\/\/truusk.store\/sv\/#\/schema\/logo\/image\/"}}]}},"jetpack_sharing_enabled":true,"_links":{"self":[{"href":"https:\/\/truusk.store\/sv\/wp-json\/wp\/v2\/product\/108155","targetHints":{"allow":["GET"]}}],"collection":[{"href":"https:\/\/truusk.store\/sv\/wp-json\/wp\/v2\/product"}],"about":[{"href":"https:\/\/truusk.store\/sv\/wp-json\/wp\/v2\/types\/product"}],"wp:featuredmedia":[{"embeddable":true,"href":"https:\/\/truusk.store\/sv\/wp-json\/wp\/v2\/media\/108143"}],"wp:attachment":[{"href":"https:\/\/truusk.store\/sv\/wp-json\/wp\/v2\/media?parent=108155"}],"wp:term":[{"taxonomy":"product_brand","embeddable":true,"href":"https:\/\/truusk.store\/sv\/wp-json\/wp\/v2\/product_brand?post=108155"},{"taxonomy":"product_cat","embeddable":true,"href":"https:\/\/truusk.store\/sv\/wp-json\/wp\/v2\/product_cat?post=108155"},{"taxonomy":"product_tag","embeddable":true,"href":"https:\/\/truusk.store\/sv\/wp-json\/wp\/v2\/product_tag?post=108155"}],"curies":[{"name":"wp","href":"https:\/\/api.w.org\/{rel}","templated":true}]}}