{"id":108165,"date":"2026-03-11T13:40:59","date_gmt":"2026-03-11T12:40:59","guid":{"rendered":"https:\/\/truusk.store\/product\/universal-takracke-med-vindskydd-upp-till-150-kg-116-x-92-x-115-cm-for-suv-lastbilar-svart\/"},"modified":"2026-03-12T08:48:43","modified_gmt":"2026-03-12T07:48:43","slug":"truusk-universal-takracke-med-vindskydd-max-150-kg-116-x-92-x-115-cm-for-suv-lastbilar-svart","status":"publish","type":"product","link":"https:\/\/truusk.store\/sv\/produkt\/truusk-universal-takracke-med-vindskydd-max-150-kg-116-x-92-x-115-cm-for-suv-lastbilar-svart\/","title":{"rendered":"TRUUSK Universal Takr\u00e4cke Med Vindskydd &#8211; Max 150 Kg &#8211; 116 x 92 x 11,5 cm &#8211; F\u00f6r SUV-lastbilar &#8211; Svart"},"content":{"rendered":"<p>F\u00f6rvandla dina resor med [BRAND NAME] taklastkorgen, som erbjuder extra f\u00f6rvaringsutrymme och \u00e4ventyrsanpassad bekv\u00e4mlighet f\u00f6r ditt fordon. Oavsett om du k\u00f6r en pickup, en sedan, en SUV eller ett offroad-fordon &#8211; denna l\u00e4ttmonterade lastkorg \u00e4r den perfekta f\u00f6ljeslagaren f\u00f6r dina roadtrips, familjesemestrar eller utomhus\u00e4ventyr. Det \u00e4r mer \u00e4n bara en takkorg &#8211; det \u00e4r din port till o\u00e4ndliga \u00e4ventyr.<\/p>\n<p>Beskrivning:<\/p>\n<ul>\n<li> Extra stor plattform med m\u00e5tten 116 x 92 cm erbjuder gener\u00f6st f\u00f6rvaringsutrymme f\u00f6r oregelbundet formade f\u00f6rem\u00e5l<\/li>\n<li> B\u00e4r upp till 150 kg last, idealiskt f\u00f6r tung utrustning och utrustning<\/li>\n<li> M\u00e5lad st\u00e5lkonstruktion garanterar motst\u00e5ndskraft mot rost och tuffa v\u00e4derf\u00f6rh\u00e5llanden<\/li>\n<li> Aerodynamisk design med inbyggd vindavvisare minskar buller<\/li>\n<li> Enkel installation med U-bultar, kompatibel med de flesta fyrkantiga och runda takr\u00e4cken<\/li>\n<li> Ingen borrning kr\u00e4vs<\/li>\n<li>s\u00e4ker montering p\u00e5 n\u00e5gra minuter f\u00f6r en problemfri installation<\/li>\n<li> Passar p\u00e5 en m\u00e4ngd olika fordon, inklusive pickups, sedaner, SUV:er och terr\u00e4ngfordon<\/li>\n<li> Kompakt och l\u00e4tt, utan att p\u00e5verka ditt fordons prestanda eller hantering.<\/li>\n<\/ul>\n<p> Tekniska specifikationer:<\/p>\n<ul>\n<li> F\u00e4rg: Svart<\/li>\n<li> Material: Metall<\/li>\n<li> Totala dimensioner: 116L x 92B x 11,5H cm<\/li>\n<li> B\u00e4rkapacitet: 150 kg<\/li>\n<\/ul>\n<p>Leveransinneh\u00e5ll:<\/p>\n<ul>\n<li> 1 x Taklastkorg<\/li>\n<li> 1 x Handbok<\/li>\n<\/ul>\n","protected":false},"excerpt":{"rendered":"<p>F\u00f6rvandla dina resor med [BRAND NAME] taklastkorgen, som erbjuder extra f\u00f6rvaringsutrymme och \u00e4ventyrsanpassad bekv\u00e4mlighet f\u00f6r ditt fordon. Oavsett om du&#8230;<\/p>\n","protected":false},"featured_media":108156,"template":"","meta":[],"product_brand":[],"product_cat":[684,867],"product_tag":[],"class_list":{"0":"post-108165","1":"product","2":"type-product","3":"status-publish","4":"has-post-thumbnail","6":"product_cat-biltillbehor","7":"product_cat-byggmarknad","9":"first","10":"instock","11":"sale","12":"taxable","13":"shipping-taxable","14":"purchasable","15":"product-type-simple"},"yoast_head":"<!-- This site is optimized with the Yoast SEO plugin v25.4 - https:\/\/yoast.com\/wordpress\/plugins\/seo\/ -->\n<title>TRUUSK Universal Takr\u00e4cke Med Vindskydd - Max 150 Kg - 116 x 92 x 11,5 cm - F\u00f6r SUV-lastbilar - Svart - TRUUSK - Hem, Tr\u00e4dg\u00e5rd &amp; Fritid<\/title>\n<meta name=\"robots\" content=\"index, follow, max-snippet:-1, max-image-preview:large, max-video-preview:-1\" \/>\n<link rel=\"canonical\" href=\"https:\/\/truusk.store\/sv\/produkt\/truusk-universal-takracke-med-vindskydd-max-150-kg-116-x-92-x-115-cm-for-suv-lastbilar-svart\/\" \/>\n<meta property=\"og:locale\" content=\"sv_SE\" \/>\n<meta property=\"og:type\" content=\"article\" \/>\n<meta property=\"og:title\" content=\"TRUUSK Universal Takr\u00e4cke Med Vindskydd - Max 150 Kg - 116 x 92 x 11,5 cm - F\u00f6r SUV-lastbilar - Svart - TRUUSK - Hem, Tr\u00e4dg\u00e5rd &amp; Fritid\" \/>\n<meta property=\"og:description\" content=\"F\u00f6rvandla dina resor med [BRAND NAME] taklastkorgen, som erbjuder extra f\u00f6rvaringsutrymme och \u00e4ventyrsanpassad bekv\u00e4mlighet f\u00f6r ditt fordon. Oavsett om du...\" \/>\n<meta property=\"og:url\" content=\"https:\/\/truusk.store\/sv\/produkt\/truusk-universal-takracke-med-vindskydd-max-150-kg-116-x-92-x-115-cm-for-suv-lastbilar-svart\/\" \/>\n<meta property=\"og:site_name\" content=\"TRUUSK - Hem, Tr\u00e4dg\u00e5rd &amp; Fritid\" \/>\n<meta property=\"article:modified_time\" content=\"2026-03-12T07:48:43+00:00\" \/>\n<meta property=\"og:image\" content=\"https:\/\/i0.wp.com\/truusk.se\/wp-content\/uploads\/2026\/03\/universal-takracke-med-vindskydd-upp-till-150-kg-116-x-92-x-115-cm-for-suv-lastbilar-svart-1.webp?fit=2000%2C2000&ssl=1\" \/>\n\t<meta property=\"og:image:width\" content=\"2000\" \/>\n\t<meta property=\"og:image:height\" content=\"2000\" \/>\n\t<meta property=\"og:image:type\" content=\"image\/webp\" \/>\n<meta name=\"twitter:card\" content=\"summary_large_image\" \/>\n<meta name=\"twitter:label1\" content=\"Ber\u00e4knad l\u00e4stid\" \/>\n\t<meta name=\"twitter:data1\" content=\"1 minut\" \/>\n<!-- \/ Yoast SEO plugin. -->","yoast_head_json":{"title":"TRUUSK Universal Takr\u00e4cke Med Vindskydd - Max 150 Kg - 116 x 92 x 11,5 cm - F\u00f6r SUV-lastbilar - Svart - TRUUSK - Hem, Tr\u00e4dg\u00e5rd &amp; Fritid","robots":{"index":"index","follow":"follow","max-snippet":"max-snippet:-1","max-image-preview":"max-image-preview:large","max-video-preview":"max-video-preview:-1"},"canonical":"https:\/\/truusk.store\/sv\/produkt\/truusk-universal-takracke-med-vindskydd-max-150-kg-116-x-92-x-115-cm-for-suv-lastbilar-svart\/","og_locale":"sv_SE","og_type":"article","og_title":"TRUUSK Universal Takr\u00e4cke Med Vindskydd - Max 150 Kg - 116 x 92 x 11,5 cm - F\u00f6r SUV-lastbilar - Svart - TRUUSK - Hem, Tr\u00e4dg\u00e5rd &amp; Fritid","og_description":"F\u00f6rvandla dina resor med [BRAND NAME] taklastkorgen, som erbjuder extra f\u00f6rvaringsutrymme och \u00e4ventyrsanpassad bekv\u00e4mlighet f\u00f6r ditt fordon. Oavsett om du...","og_url":"https:\/\/truusk.store\/sv\/produkt\/truusk-universal-takracke-med-vindskydd-max-150-kg-116-x-92-x-115-cm-for-suv-lastbilar-svart\/","og_site_name":"TRUUSK - Hem, Tr\u00e4dg\u00e5rd &amp; Fritid","article_modified_time":"2026-03-12T07:48:43+00:00","og_image":[{"width":2000,"height":2000,"url":"https:\/\/i0.wp.com\/truusk.se\/wp-content\/uploads\/2026\/03\/universal-takracke-med-vindskydd-upp-till-150-kg-116-x-92-x-115-cm-for-suv-lastbilar-svart-1.webp?fit=2000%2C2000&ssl=1","type":"image\/webp"}],"twitter_card":"summary_large_image","twitter_misc":{"Ber\u00e4knad l\u00e4stid":"1 minut"},"schema":{"@context":"https:\/\/schema.org","@graph":[{"@type":"WebPage","@id":"https:\/\/truusk.store\/sv\/produkt\/truusk-universal-takracke-med-vindskydd-max-150-kg-116-x-92-x-115-cm-for-suv-lastbilar-svart\/","url":"https:\/\/truusk.store\/sv\/produkt\/truusk-universal-takracke-med-vindskydd-max-150-kg-116-x-92-x-115-cm-for-suv-lastbilar-svart\/","name":"TRUUSK Universal Takr\u00e4cke Med Vindskydd - Max 150 Kg - 116 x 92 x 11,5 cm - F\u00f6r SUV-lastbilar - Svart - TRUUSK - Hem, Tr\u00e4dg\u00e5rd &amp; Fritid","isPartOf":{"@id":"https:\/\/truusk.store\/sv\/#website"},"primaryImageOfPage":{"@id":"https:\/\/truusk.store\/sv\/produkt\/truusk-universal-takracke-med-vindskydd-max-150-kg-116-x-92-x-115-cm-for-suv-lastbilar-svart\/#primaryimage"},"image":{"@id":"https:\/\/truusk.store\/sv\/produkt\/truusk-universal-takracke-med-vindskydd-max-150-kg-116-x-92-x-115-cm-for-suv-lastbilar-svart\/#primaryimage"},"thumbnailUrl":"https:\/\/i0.wp.com\/truusk.store\/wp-content\/uploads\/2026\/03\/universal-takracke-med-vindskydd-upp-till-150-kg-116-x-92-x-115-cm-for-suv-lastbilar-svart-1.webp?fit=2000%2C2000&ssl=1","datePublished":"2026-03-11T12:40:59+00:00","dateModified":"2026-03-12T07:48:43+00:00","breadcrumb":{"@id":"https:\/\/truusk.store\/sv\/produkt\/truusk-universal-takracke-med-vindskydd-max-150-kg-116-x-92-x-115-cm-for-suv-lastbilar-svart\/#breadcrumb"},"inLanguage":"sv-SE","potentialAction":[{"@type":"ReadAction","target":["https:\/\/truusk.store\/sv\/produkt\/truusk-universal-takracke-med-vindskydd-max-150-kg-116-x-92-x-115-cm-for-suv-lastbilar-svart\/"]}]},{"@type":"ImageObject","inLanguage":"sv-SE","@id":"https:\/\/truusk.store\/sv\/produkt\/truusk-universal-takracke-med-vindskydd-max-150-kg-116-x-92-x-115-cm-for-suv-lastbilar-svart\/#primaryimage","url":"https:\/\/i0.wp.com\/truusk.store\/wp-content\/uploads\/2026\/03\/universal-takracke-med-vindskydd-upp-till-150-kg-116-x-92-x-115-cm-for-suv-lastbilar-svart-1.webp?fit=2000%2C2000&ssl=1","contentUrl":"https:\/\/i0.wp.com\/truusk.store\/wp-content\/uploads\/2026\/03\/universal-takracke-med-vindskydd-upp-till-150-kg-116-x-92-x-115-cm-for-suv-lastbilar-svart-1.webp?fit=2000%2C2000&ssl=1","width":2000,"height":2000},{"@type":"BreadcrumbList","@id":"https:\/\/truusk.store\/sv\/produkt\/truusk-universal-takracke-med-vindskydd-max-150-kg-116-x-92-x-115-cm-for-suv-lastbilar-svart\/#breadcrumb","itemListElement":[{"@type":"ListItem","position":1,"name":"Home","item":"https:\/\/truusk.store\/sv\/"},{"@type":"ListItem","position":2,"name":"Shop","item":"https:\/\/truusk.store\/shop\/"},{"@type":"ListItem","position":3,"name":"TRUUSK Universal Takr\u00e4cke Med Vindskydd &#8211; Max 150 Kg &#8211; 116 x 92 x 11,5 cm &#8211; F\u00f6r SUV-lastbilar &#8211; Svart"}]},{"@type":"WebSite","@id":"https:\/\/truusk.store\/sv\/#website","url":"https:\/\/truusk.store\/sv\/","name":"TRUUSK - Hem, Tr\u00e4dg\u00e5rd & Fritid","description":"","publisher":{"@id":"https:\/\/truusk.store\/sv\/#organization"},"potentialAction":[{"@type":"SearchAction","target":{"@type":"EntryPoint","urlTemplate":"https:\/\/truusk.store\/sv\/?s={search_term_string}"},"query-input":{"@type":"PropertyValueSpecification","valueRequired":true,"valueName":"search_term_string"}}],"inLanguage":"sv-SE"},{"@type":"Organization","@id":"https:\/\/truusk.store\/sv\/#organization","name":"TRUUSK - Hem, Tr\u00e4dg\u00e5rd & Fritid","url":"https:\/\/truusk.store\/sv\/","logo":{"@type":"ImageObject","inLanguage":"sv-SE","@id":"https:\/\/truusk.store\/sv\/#\/schema\/logo\/image\/","url":"https:\/\/i0.wp.com\/truusk.store\/wp-content\/uploads\/2026\/03\/cropped-TRUUSK.png?fit=2032%2C917&ssl=1","contentUrl":"https:\/\/i0.wp.com\/truusk.store\/wp-content\/uploads\/2026\/03\/cropped-TRUUSK.png?fit=2032%2C917&ssl=1","width":2032,"height":917,"caption":"TRUUSK - Hem, Tr\u00e4dg\u00e5rd & Fritid"},"image":{"@id":"https:\/\/truusk.store\/sv\/#\/schema\/logo\/image\/"}}]}},"jetpack_sharing_enabled":true,"_links":{"self":[{"href":"https:\/\/truusk.store\/sv\/wp-json\/wp\/v2\/product\/108165","targetHints":{"allow":["GET"]}}],"collection":[{"href":"https:\/\/truusk.store\/sv\/wp-json\/wp\/v2\/product"}],"about":[{"href":"https:\/\/truusk.store\/sv\/wp-json\/wp\/v2\/types\/product"}],"wp:featuredmedia":[{"embeddable":true,"href":"https:\/\/truusk.store\/sv\/wp-json\/wp\/v2\/media\/108156"}],"wp:attachment":[{"href":"https:\/\/truusk.store\/sv\/wp-json\/wp\/v2\/media?parent=108165"}],"wp:term":[{"taxonomy":"product_brand","embeddable":true,"href":"https:\/\/truusk.store\/sv\/wp-json\/wp\/v2\/product_brand?post=108165"},{"taxonomy":"product_cat","embeddable":true,"href":"https:\/\/truusk.store\/sv\/wp-json\/wp\/v2\/product_cat?post=108165"},{"taxonomy":"product_tag","embeddable":true,"href":"https:\/\/truusk.store\/sv\/wp-json\/wp\/v2\/product_tag?post=108165"}],"curies":[{"name":"wp","href":"https:\/\/api.w.org\/{rel}","templated":true}]}}